{"id":8593,"date":"2025-09-12T18:31:55","date_gmt":"2025-09-12T18:31:55","guid":{"rendered":"https:\/\/sitio.aladi.org\/?page_id=8593"},"modified":"2025-09-12T18:44:24","modified_gmt":"2025-09-12T18:44:24","slug":"bancos-centrales","status":"publish","type":"page","link":"https:\/\/www.aladi.org\/pt\/facilitacao-de-comercio\/cooperacao-financeira-e-monetaria-na-aladi\/convenio-de-pagamentos-e-creditos-reciprocos\/perguntas-frequentes-sobre-convenio-de-pagamentos\/bancos-centrais\/","title":{"rendered":"Bancos Centrais"},"content":{"rendered":"<div>Preguntas frecuentes sobre Convenio de Pagos<\/div>\n<h1><strong>Bancos Centrales<\/strong><\/h1>\n<div>\n<div><a href=\"http:\/\/www.bcra.gov.ar\/\" target=\"_blank\" rel=\"noopener\">Banco Central de la Rep\u00fablica Argentina<\/a><\/div>\n<\/div>\n<div>\n<div><a href=\"http:\/\/www.bcb.gob.bo\/\" target=\"_blank\" rel=\"noopener\">Banco Central de Bolivia<\/a><\/div>\n<\/div>\n<div>\n<div><a href=\"http:\/\/www.bcb.gov.br\/\" target=\"_blank\" rel=\"noopener\">Banco Central do Brasil<\/a><\/div>\n<\/div>\n<div>\n<div><a href=\"http:\/\/www.bcentral.cl\/\" target=\"_blank\" rel=\"noopener\">Banco Central de Chile<\/a><\/div>\n<\/div>\n<div>\n<div><a href=\"http:\/\/www.banrep.gov.co\/\" target=\"_blank\" rel=\"noopener\">Banco de la Rep\u00fablica de Colombia<\/a><\/div>\n<\/div>\n<div>\n<div><a href=\"http:\/\/www.bce.fin.ec\/\" target=\"_blank\" rel=\"noopener\">Banco Central del Ecuador<\/a><\/div>\n<\/div>\n<div>\n<div><a href=\"http:\/\/www.banxico.org.mx\/\" target=\"_blank\" rel=\"noopener\">Banco de M\u00e9xico<\/a><\/div>\n<\/div>\n<div>\n<div><a href=\"http:\/\/www.bcp.gov.py\/\" target=\"_blank\" rel=\"noopener\">Banco Central del Paraguay<\/a><\/div>\n<\/div>\n<div>\n<div><a href=\"http:\/\/www.bcrp.gob.pe\/\" target=\"_blank\" rel=\"noopener\">Banco Central de Reserva del Per\u00fa<\/a><\/div>\n<\/div>\n<div>\n<div><a href=\"http:\/\/www.bcu.gub.uy\/\" target=\"_blank\" rel=\"noopener\">Banco Central del Uruguay<\/a><\/div>\n<\/div>\n<div>\n<div><a href=\"http:\/\/www.bcv.org.ve\/\" target=\"_blank\" rel=\"noopener\">Banco Central de Venezuela<\/a><\/div>\n<\/div>\n<div>\n<div><a href=\"http:\/\/www.bancentral.gov.do\/\" target=\"_blank\" rel=\"noopener\">Banco Central de la Rep\u00fablica Dominicana<\/a><\/div>\n<\/div>\n<p><!--more--><br \/>\n<!-- {\"type\":\"layout\",\"children\":[{\"type\":\"section\",\"props\":{\"image_loading\":true,\"image_position\":\"top-center\",\"media_visibility\":\"m\",\"padding\":\"xsmall\",\"padding_remove_horizontal\":false,\"padding_remove_top\":false,\"style\":\"default\",\"title_breakpoint\":\"xl\",\"title_position\":\"top-left\",\"title_rotation\":\"left\",\"vertical_align\":\"\",\"width\":\"xlarge\"},\"children\":[{\"type\":\"row\",\"props\":{\"width\":\"xlarge\"},\"children\":[{\"type\":\"column\",\"props\":{\"image_position\":\"center-center\",\"position_sticky_breakpoint\":\"m\"},\"children\":[{\"type\":\"breadcrumbs\",\"props\":{\"margin\":\"remove-vertical\",\"margin_remove_top\":true,\"show_current\":true,\"show_home\":true}}]}]},{\"type\":\"row\",\"props\":{\"margin_remove_bottom\":false,\"width\":\"xlarge\"},\"children\":[{\"type\":\"column\",\"props\":{\"image_position\":\"center-center\",\"image_size\":\"cover\",\"padding\":\"none\",\"position_sticky_breakpoint\":\"m\",\"vertical_align\":\"middle\"},\"children\":[{\"type\":\"headline\",\"props\":{\"content\":\"Preguntas frecuentes sobre Convenio de Pagos\",\"content_pt_br\":\"\n\n<p class=\\\"entry-title\\\">Perguntas Freq\\u00fcentes sobre Conv\\u00eanio de Pagamentos<\\\/p>\",\"link_style\":false,\"title_color\":\"primary\",\"title_element\":\"div\",\"title_style\":\"h6\"}},{\"type\":\"headline\",\"props\":{\"content\":\"<strong>Bancos Centrales<\\\/strong>\",\"content_pt_br\":\"Bancos Centrais\",\"margin\":\"medium\",\"margin_remove_bottom\":false,\"margin_remove_top\":false,\"maxwidth\":\"xlarge\",\"text_align\":\"left\",\"text_align_fallback\":\"center\",\"title_color\":\"secondary\",\"title_element\":\"h1\",\"title_style\":\"h1\"}}]}]}],\"name\":\"T\\u00edtulos\"},{\"type\":\"section\",\"props\":{\"css\":\".el-section{\\n    margin-bottom: 50px;\\n\\t}\",\"image_position\":\"center-center\",\"padding\":\"small\",\"padding_remove_bottom\":false,\"padding_remove_top\":false,\"style\":\"default\",\"title_breakpoint\":\"xl\",\"title_position\":\"top-left\",\"title_rotation\":\"left\",\"vertical_align\":\"\",\"width\":\"xlarge\"},\"children\":[{\"type\":\"row\",\"props\":{\"column_gap\":\"large\",\"layout\":\"1-4,3-4\",\"margin\":\"large\",\"row_gap\":\"large\"},\"children\":[{\"type\":\"column\",\"props\":{\"image_position\":\"center-center\",\"position_sticky_breakpoint\":\"m\",\"style\":\"tile-muted\",\"width_medium\":\"1-4\"}},{\"type\":\"column\",\"props\":{\"image_position\":\"center-center\",\"position_sticky_breakpoint\":\"m\",\"width_medium\":\"3-4\"},\"children\":[{\"type\":\"list\",\"props\":{\"column_breakpoint\":\"m\",\"image_align\":\"left\",\"image_svg_color\":\"emphasis\",\"image_vertical_align\":true,\"list_element\":\"ul\",\"list_horizontal_separator\":\", \",\"list_type\":\"vertical\",\"show_image\":true,\"show_link\":true},\"children\":[{\"type\":\"list_item\",\"props\":{\"content\":\"<a href=\\\"http:\\\/\\\/www.bcra.gov.ar\\\/\\\" target=\\\"_blank\\\" rel=\\\"noopener\\\">Banco Central de la Rep\\u00fablica Argentina<\\\/a>\",\"content_pt_br\":\"<a href=\\\"http:\\\/\\\/www.bcra.gov.ar\\\/\\\" target=\\\"_blank\\\" rel=\\\"noopener\\\">Banco Central da Rep\\u00fablica de Argentina<\\\/a>\",\"icon\":\"arrow-right\"}}]},{\"type\":\"list\",\"props\":{\"column_breakpoint\":\"m\",\"image_align\":\"left\",\"image_svg_color\":\"emphasis\",\"image_vertical_align\":true,\"list_element\":\"ul\",\"list_horizontal_separator\":\", \",\"list_type\":\"vertical\",\"show_image\":true,\"show_link\":true},\"children\":[{\"type\":\"list_item\",\"props\":{\"content\":\"<a href=\\\"http:\\\/\\\/www.bcb.gob.bo\\\/\\\" target=\\\"_blank\\\" rel=\\\"noopener\\\">Banco Central de Bolivia<\\\/a>\",\"content_pt_br\":\"\n\n<div style=\\\"padding-left: 40px;\\\"><a href=\\\"http:\\\/\\\/www.bcb.gob.bo\\\/\\\" target=\\\"_blank\\\" rel=\\\"noopener\\\">Banco Central de Bol\\u00edvia<\\\/a><\\\/div>\",\"icon\":\"arrow-right\"}}]},{\"type\":\"list\",\"props\":{\"column_breakpoint\":\"m\",\"image_align\":\"left\",\"image_svg_color\":\"emphasis\",\"image_vertical_align\":true,\"list_element\":\"ul\",\"list_horizontal_separator\":\", \",\"list_type\":\"vertical\",\"show_image\":true,\"show_link\":true},\"children\":[{\"type\":\"list_item\",\"props\":{\"content\":\"<a href=\\\"http:\\\/\\\/www.bcb.gov.br\\\/\\\" target=\\\"_blank\\\" rel=\\\"noopener\\\">Banco Central do Brasil<\\\/a>\",\"content_pt_br\":\"<a href=\\\"http:\\\/\\\/www.bcb.gov.br\\\/\\\" target=\\\"_blank\\\" rel=\\\"noopener\\\">Banco Central do Brasil<\\\/a>\",\"icon\":\"arrow-right\"}}]},{\"type\":\"list\",\"props\":{\"column_breakpoint\":\"m\",\"image_align\":\"left\",\"image_svg_color\":\"emphasis\",\"image_vertical_align\":true,\"list_element\":\"ul\",\"list_horizontal_separator\":\", \",\"list_type\":\"vertical\",\"show_image\":true,\"show_link\":true},\"children\":[{\"type\":\"list_item\",\"props\":{\"content\":\"<a href=\\\"http:\\\/\\\/www.bcentral.cl\\\/\\\" target=\\\"_blank\\\" rel=\\\"noopener\\\">Banco Central de Chile<\\\/a>\",\"content_pt_br\":\"<a href=\\\"http:\\\/\\\/www.bcentral.cl\\\/\\\" target=\\\"_blank\\\" rel=\\\"noopener\\\">Banco Central de Chile<\\\/a>\",\"icon\":\"arrow-right\"}}]},{\"type\":\"list\",\"props\":{\"column_breakpoint\":\"m\",\"image_align\":\"left\",\"image_svg_color\":\"emphasis\",\"image_vertical_align\":true,\"list_element\":\"ul\",\"list_horizontal_separator\":\", \",\"list_type\":\"vertical\",\"show_image\":true,\"show_link\":true},\"children\":[{\"type\":\"list_item\",\"props\":{\"content\":\"<a href=\\\"http:\\\/\\\/www.banrep.gov.co\\\/\\\" target=\\\"_blank\\\" rel=\\\"noopener\\\">Banco de la Rep\\u00fablica de Colombia<\\\/a>\",\"content_pt_br\":\"\n\n<p><a href=\\\"http:\\\/\\\/www.banrep.gov.co\\\/\\\" target=\\\"_blank\\\" rel=\\\"noopener\\\">Banco da Rep\\u00fablica de Col\\u00f4mbia<\\\/a><\\\/p>\\n<a href=\\\"http:\\\/\\\/www.banrep.gov.co\\\/\\\"><\\\/a>\",\"icon\":\"arrow-right\"}}]},{\"type\":\"list\",\"props\":{\"column_breakpoint\":\"m\",\"image_align\":\"left\",\"image_svg_color\":\"emphasis\",\"image_vertical_align\":true,\"list_element\":\"ul\",\"list_horizontal_separator\":\", \",\"list_type\":\"vertical\",\"show_image\":true,\"show_link\":true},\"children\":[{\"type\":\"list_item\",\"props\":{\"content\":\"<a href=\\\"http:\\\/\\\/www.bce.fin.ec\\\/\\\" target=\\\"_blank\\\" rel=\\\"noopener\\\">Banco Central del Ecuador<\\\/a>\",\"content_pt_br\":\"<a href=\\\"http:\\\/\\\/www.bce.fin.ec\\\/\\\" target=\\\"_blank\\\" rel=\\\"noopener\\\">Banco Central do Equador<\\\/a>\",\"icon\":\"arrow-right\"}}]},{\"type\":\"list\",\"props\":{\"column_breakpoint\":\"m\",\"image_align\":\"left\",\"image_svg_color\":\"emphasis\",\"image_vertical_align\":true,\"list_element\":\"ul\",\"list_horizontal_separator\":\", \",\"list_type\":\"vertical\",\"show_image\":true,\"show_link\":true},\"children\":[{\"type\":\"list_item\",\"props\":{\"content\":\"<a href=\\\"http:\\\/\\\/www.banxico.org.mx\\\/\\\" target=\\\"_blank\\\" rel=\\\"noopener\\\">Banco de M\\u00e9xico<\\\/a>\",\"content_pt_br\":\"<a href=\\\"http:\\\/\\\/www.banxico.org.mx\\\/\\\" target=\\\"_blank\\\" rel=\\\"noopener\\\">Banco do M\\u00e9xico<\\\/a>\",\"icon\":\"arrow-right\"}}]},{\"type\":\"list\",\"props\":{\"column_breakpoint\":\"m\",\"image_align\":\"left\",\"image_svg_color\":\"emphasis\",\"image_vertical_align\":true,\"list_element\":\"ul\",\"list_horizontal_separator\":\", \",\"list_type\":\"vertical\",\"show_image\":true,\"show_link\":true},\"children\":[{\"type\":\"list_item\",\"props\":{\"content\":\"<a href=\\\"http:\\\/\\\/www.bcp.gov.py\\\/\\\" target=\\\"_blank\\\" rel=\\\"noopener\\\">Banco Central del Paraguay<\\\/a>\",\"content_pt_br\":\"<a href=\\\"http:\\\/\\\/www.bcp.gov.py\\\/\\\" target=\\\"_blank\\\" rel=\\\"noopener\\\">Banco Central do Paraguai<\\\/a>\",\"icon\":\"arrow-right\"}}]},{\"type\":\"list\",\"props\":{\"column_breakpoint\":\"m\",\"image_align\":\"left\",\"image_svg_color\":\"emphasis\",\"image_vertical_align\":true,\"list_element\":\"ul\",\"list_horizontal_separator\":\", \",\"list_type\":\"vertical\",\"show_image\":true,\"show_link\":true},\"children\":[{\"type\":\"list_item\",\"props\":{\"content\":\"<a href=\\\"http:\\\/\\\/www.bcrp.gob.pe\\\/\\\" target=\\\"_blank\\\" rel=\\\"noopener\\\">Banco Central de Reserva del Per\\u00fa<\\\/a>\",\"content_pt_br\":\"\n\n<p><a href=\\\"http:\\\/\\\/www.bcrp.gob.pe\\\/\\\" target=\\\"_blank\\\" rel=\\\"noopener\\\">Banco Central de Reserva do Per\\u00fa<\\\/a><\\\/p>\",\"icon\":\"arrow-right\"}}]},{\"type\":\"list\",\"props\":{\"column_breakpoint\":\"m\",\"image_align\":\"left\",\"image_svg_color\":\"emphasis\",\"image_vertical_align\":true,\"list_element\":\"ul\",\"list_horizontal_separator\":\", \",\"list_type\":\"vertical\",\"show_image\":true,\"show_link\":true},\"children\":[{\"type\":\"list_item\",\"props\":{\"content\":\"<a href=\\\"http:\\\/\\\/www.bcu.gub.uy\\\/\\\" target=\\\"_blank\\\" rel=\\\"noopener\\\">Banco Central del Uruguay<\\\/a>\",\"content_pt_br\":\"<a href=\\\"http:\\\/\\\/www.bcu.gub.uy\\\/\\\" target=\\\"_blank\\\" rel=\\\"noopener\\\">Banco Central do Uruguai<\\\/a>\",\"icon\":\"arrow-right\"}}]},{\"type\":\"list\",\"props\":{\"column_breakpoint\":\"m\",\"image_align\":\"left\",\"image_svg_color\":\"emphasis\",\"image_vertical_align\":true,\"list_element\":\"ul\",\"list_horizontal_separator\":\", \",\"list_type\":\"vertical\",\"show_image\":true,\"show_link\":true},\"children\":[{\"type\":\"list_item\",\"props\":{\"content\":\"<a href=\\\"http:\\\/\\\/www.bcv.org.ve\\\/\\\" target=\\\"_blank\\\" rel=\\\"noopener\\\">Banco Central de Venezuela<\\\/a>\",\"content_pt_br\":\"<a href=\\\"http:\\\/\\\/www.bcv.org.ve\\\/\\\" target=\\\"_blank\\\" rel=\\\"noopener\\\">Banco Central de Venezuela<\\\/a>\",\"icon\":\"arrow-right\"}}]},{\"type\":\"list\",\"props\":{\"column_breakpoint\":\"m\",\"image_align\":\"left\",\"image_svg_color\":\"emphasis\",\"image_vertical_align\":true,\"list_element\":\"ul\",\"list_horizontal_separator\":\", \",\"list_type\":\"vertical\",\"show_image\":true,\"show_link\":true},\"children\":[{\"type\":\"list_item\",\"props\":{\"content\":\"<a href=\\\"http:\\\/\\\/www.bancentral.gov.do\\\/\\\" target=\\\"_blank\\\" rel=\\\"noopener\\\">Banco Central de la Rep\\u00fablica Dominicana<\\\/a>\",\"content_pt_br\":\"<a href=\\\"http:\\\/\\\/www.bancentral.gov.do\\\/\\\" target=\\\"_blank\\\" rel=\\\"noopener\\\">Banco Central da Rep\\u00fablica Dominicana<\\\/a>\",\"icon\":\"arrow-right\"}}]}]}]}],\"name\":\"Post\"}],\"version\":\"4.4.12\"} --><\/p>\n","protected":false},"excerpt":{"rendered":"<p>Preguntas frecuentes sobre Convenio de Pagos Bancos Centrales Banco Central de la Rep\u00fablica Argentina Banco Central de Bolivia Banco Central do Brasil Banco Central de Chile Banco de la Rep\u00fablica de Colombia Banco Central del Ecuador Banco de M\u00e9xico Banco Central del Paraguay Banco Central de Reserva del Per\u00fa Banco Central del Uruguay Banco Central [&hellip;]<\/p>\n","protected":false},"author":2,"featured_media":0,"parent":8564,"menu_order":0,"comment_status":"closed","ping_status":"closed","template":"","meta":{"_acf_changed":false,"footnotes":""},"class_list":["post-8593","page","type-page","status-publish","hentry"],"acf":[],"yoast_head":"<!-- This site is optimized with the Yoast SEO plugin v26.5 - https:\/\/yoast.com\/wordpress\/plugins\/seo\/ -->\n<title>Bancos Centrais<\/title>\n<meta name=\"robots\" content=\"index, follow, max-snippet:-1, max-image-preview:large, max-video-preview:-1\" \/>\n<meta property=\"og:locale\" content=\"pt_BR\" \/>\n<meta property=\"og:type\" content=\"article\" \/>\n<meta property=\"og:title\" content=\"Bancos Centrais\" \/>\n<meta property=\"og:url\" content=\"https:\/\/www.aladi.org\/pt\/facilitacao-de-comercio\/cooperacao-financeira-e-monetaria-na-aladi\/convenio-de-pagamentos-e-creditos-reciprocos\/perguntas-frequentes-sobre-convenio-de-pagamentos\/bancos-centrais\/\" \/>\n<meta property=\"og:site_name\" content=\"ALADI\" \/>\n<meta property=\"article:publisher\" content=\"https:\/\/es-la.facebook.com\/people\/ALADI\/100064606213084\/\" \/>\n<meta property=\"article:modified_time\" content=\"2025-09-12T18:44:24+00:00\" \/>\n<meta name=\"twitter:card\" content=\"summary_large_image\" \/>\n<meta name=\"twitter:site\" content=\"@ALADI_SG\" \/>\n<script type=\"application\/ld+json\" class=\"yoast-schema-graph\">{\"@context\":\"https:\/\/schema.org\",\"@graph\":[{\"@type\":\"WebPage\",\"@id\":\"https:\/\/www.aladi.org\/pt\/facilitacao-de-comercio\/cooperacao-financeira-e-monetaria-na-aladi\/convenio-de-pagamentos-e-creditos-reciprocos\/perguntas-frequentes-sobre-convenio-de-pagamentos\/bancos-centrais\/\",\"url\":\"https:\/\/www.aladi.org\/pt\/facilitacao-de-comercio\/cooperacao-financeira-e-monetaria-na-aladi\/convenio-de-pagamentos-e-creditos-reciprocos\/perguntas-frequentes-sobre-convenio-de-pagamentos\/bancos-centrais\/\",\"name\":\"Bancos Centrales - ALADI\",\"isPartOf\":{\"@id\":\"https:\/\/www.aladi.org\/#website\"},\"datePublished\":\"2025-09-12T18:31:55+00:00\",\"dateModified\":\"2025-09-12T18:44:24+00:00\",\"breadcrumb\":{\"@id\":\"https:\/\/www.aladi.org\/pt\/facilitacao-de-comercio\/cooperacao-financeira-e-monetaria-na-aladi\/convenio-de-pagamentos-e-creditos-reciprocos\/perguntas-frequentes-sobre-convenio-de-pagamentos\/bancos-centrais\/#breadcrumb\"},\"inLanguage\":\"pt-BR\",\"potentialAction\":[{\"@type\":\"ReadAction\",\"target\":[\"https:\/\/www.aladi.org\/pt\/facilitacao-de-comercio\/cooperacao-financeira-e-monetaria-na-aladi\/convenio-de-pagamentos-e-creditos-reciprocos\/perguntas-frequentes-sobre-convenio-de-pagamentos\/bancos-centrais\/\"]}]},{\"@type\":\"BreadcrumbList\",\"@id\":\"https:\/\/www.aladi.org\/pt\/facilitacao-de-comercio\/cooperacao-financeira-e-monetaria-na-aladi\/convenio-de-pagamentos-e-creditos-reciprocos\/perguntas-frequentes-sobre-convenio-de-pagamentos\/bancos-centrais\/#breadcrumb\",\"itemListElement\":[{\"@type\":\"ListItem\",\"position\":1,\"name\":\"Home\",\"item\":\"https:\/\/www.aladi.org\/\"},{\"@type\":\"ListItem\",\"position\":2,\"name\":\"Facilita\u00e7\u00e3o de com\u00e9rcio\",\"item\":\"https:\/\/www.aladi.org\/facilitacion-del-comercio\/\"},{\"@type\":\"ListItem\",\"position\":3,\"name\":\"Coopera\u00e7\u00e3o Financeira e Monet\u00e1ria na ALADI\",\"item\":\"https:\/\/www.aladi.org\/facilitacion-del-comercio\/cooperacion-financiera-y-monetaria-en-la-aladi\/\"},{\"@type\":\"ListItem\",\"position\":4,\"name\":\"Conv\u00eanio de Pagamentos e Cr\u00e9ditos Rec\u00edprocos\",\"item\":\"https:\/\/www.aladi.org\/facilitacion-del-comercio\/cooperacion-financiera-y-monetaria-en-la-aladi\/convenio-de-pagos-y-creditos-reciprocos\/\"},{\"@type\":\"ListItem\",\"position\":5,\"name\":\"Perguntas Freq\u00fcentes sobre Conv\u00eanio de Pagamentos\",\"item\":\"https:\/\/www.aladi.org\/facilitacion-del-comercio\/cooperacion-financiera-y-monetaria-en-la-aladi\/convenio-de-pagos-y-creditos-reciprocos\/preguntas-frecuentes-sobre-convenio-de-pagos\/\"},{\"@type\":\"ListItem\",\"position\":6,\"name\":\"Bancos Centrais\"}]},{\"@type\":\"WebSite\",\"@id\":\"https:\/\/www.aladi.org\/pt\/#website\",\"url\":\"https:\/\/www.aladi.org\/pt\/\",\"name\":\"ALADI\",\"description\":\"Asociaci\u00f3n Latinoamericana de Integraci\u00f3n\",\"publisher\":{\"@id\":\"https:\/\/www.aladi.org\/pt\/#organization\"},\"potentialAction\":[{\"@type\":\"SearchAction\",\"target\":{\"@type\":\"EntryPoint\",\"urlTemplate\":\"https:\/\/www.aladi.org\/pt\/?s={search_term_string}\"},\"query-input\":{\"@type\":\"PropertyValueSpecification\",\"valueRequired\":true,\"valueName\":\"search_term_string\"}}],\"inLanguage\":\"pt-BR\"},{\"@type\":\"Organization\",\"@id\":\"https:\/\/www.aladi.org\/pt\/#organization\",\"name\":\"ALADI\",\"url\":\"https:\/\/www.aladi.org\/pt\/\",\"logo\":{\"@type\":\"ImageObject\",\"inLanguage\":\"pt-BR\",\"@id\":\"https:\/\/www.aladi.org\/pt\/#\/schema\/logo\/image\/\",\"url\":\"https:\/\/www.aladi.org\/wp-content\/uploads\/2025\/12\/Logo-ALADI.png\",\"contentUrl\":\"https:\/\/www.aladi.org\/wp-content\/uploads\/2025\/12\/Logo-ALADI.png\",\"width\":375,\"height\":235,\"caption\":\"ALADI\"},\"image\":{\"@id\":\"https:\/\/www.aladi.org\/pt\/#\/schema\/logo\/image\/\"},\"sameAs\":[\"https:\/\/es-la.facebook.com\/people\/ALADI\/100064606213084\/\",\"https:\/\/x.com\/ALADI_SG\",\"https:\/\/www.instagram.com\/aladi_sg\/?hl=es\",\"https:\/\/www.linkedin.com\/company\/aladi\/\",\"https:\/\/www.flickr.com\/photos\/aladi\/\",\"https:\/\/www.youtube.com\/channel\/UCrkJWOWHKF6igQmWE8Clnpg\"]}]}<\/script>\n<!-- \/ Yoast SEO plugin. -->","yoast_head_json":{"title":"Bancos Centrais","robots":{"index":"index","follow":"follow","max-snippet":"max-snippet:-1","max-image-preview":"max-image-preview:large","max-video-preview":"max-video-preview:-1"},"og_locale":"pt_BR","og_type":"article","og_title":"Bancos Centrais","og_url":"https:\/\/www.aladi.org\/pt\/facilitacao-de-comercio\/cooperacao-financeira-e-monetaria-na-aladi\/convenio-de-pagamentos-e-creditos-reciprocos\/perguntas-frequentes-sobre-convenio-de-pagamentos\/bancos-centrais\/","og_site_name":"ALADI","article_publisher":"https:\/\/es-la.facebook.com\/people\/ALADI\/100064606213084\/","article_modified_time":"2025-09-12T18:44:24+00:00","twitter_card":"summary_large_image","twitter_site":"@ALADI_SG","schema":{"@context":"https:\/\/schema.org","@graph":[{"@type":"WebPage","@id":"https:\/\/www.aladi.org\/pt\/facilitacao-de-comercio\/cooperacao-financeira-e-monetaria-na-aladi\/convenio-de-pagamentos-e-creditos-reciprocos\/perguntas-frequentes-sobre-convenio-de-pagamentos\/bancos-centrais\/","url":"https:\/\/www.aladi.org\/pt\/facilitacao-de-comercio\/cooperacao-financeira-e-monetaria-na-aladi\/convenio-de-pagamentos-e-creditos-reciprocos\/perguntas-frequentes-sobre-convenio-de-pagamentos\/bancos-centrais\/","name":"Bancos Centrales - ALADI","isPartOf":{"@id":"https:\/\/www.aladi.org\/#website"},"datePublished":"2025-09-12T18:31:55+00:00","dateModified":"2025-09-12T18:44:24+00:00","breadcrumb":{"@id":"https:\/\/www.aladi.org\/pt\/facilitacao-de-comercio\/cooperacao-financeira-e-monetaria-na-aladi\/convenio-de-pagamentos-e-creditos-reciprocos\/perguntas-frequentes-sobre-convenio-de-pagamentos\/bancos-centrais\/#breadcrumb"},"inLanguage":"pt-BR","potentialAction":[{"@type":"ReadAction","target":["https:\/\/www.aladi.org\/pt\/facilitacao-de-comercio\/cooperacao-financeira-e-monetaria-na-aladi\/convenio-de-pagamentos-e-creditos-reciprocos\/perguntas-frequentes-sobre-convenio-de-pagamentos\/bancos-centrais\/"]}]},{"@type":"BreadcrumbList","@id":"https:\/\/www.aladi.org\/pt\/facilitacao-de-comercio\/cooperacao-financeira-e-monetaria-na-aladi\/convenio-de-pagamentos-e-creditos-reciprocos\/perguntas-frequentes-sobre-convenio-de-pagamentos\/bancos-centrais\/#breadcrumb","itemListElement":[{"@type":"ListItem","position":1,"name":"Home","item":"https:\/\/www.aladi.org\/"},{"@type":"ListItem","position":2,"name":"Facilita\u00e7\u00e3o de com\u00e9rcio","item":"https:\/\/www.aladi.org\/facilitacion-del-comercio\/"},{"@type":"ListItem","position":3,"name":"Coopera\u00e7\u00e3o Financeira e Monet\u00e1ria na ALADI","item":"https:\/\/www.aladi.org\/facilitacion-del-comercio\/cooperacion-financiera-y-monetaria-en-la-aladi\/"},{"@type":"ListItem","position":4,"name":"Conv\u00eanio de Pagamentos e Cr\u00e9ditos Rec\u00edprocos","item":"https:\/\/www.aladi.org\/facilitacion-del-comercio\/cooperacion-financiera-y-monetaria-en-la-aladi\/convenio-de-pagos-y-creditos-reciprocos\/"},{"@type":"ListItem","position":5,"name":"Perguntas Freq\u00fcentes sobre Conv\u00eanio de Pagamentos","item":"https:\/\/www.aladi.org\/facilitacion-del-comercio\/cooperacion-financiera-y-monetaria-en-la-aladi\/convenio-de-pagos-y-creditos-reciprocos\/preguntas-frecuentes-sobre-convenio-de-pagos\/"},{"@type":"ListItem","position":6,"name":"Bancos Centrais"}]},{"@type":"WebSite","@id":"https:\/\/www.aladi.org\/pt\/#website","url":"https:\/\/www.aladi.org\/pt\/","name":"ALADI","description":"Asociaci\u00f3n Latinoamericana de Integraci\u00f3n","publisher":{"@id":"https:\/\/www.aladi.org\/pt\/#organization"},"potentialAction":[{"@type":"SearchAction","target":{"@type":"EntryPoint","urlTemplate":"https:\/\/www.aladi.org\/pt\/?s={search_term_string}"},"query-input":{"@type":"PropertyValueSpecification","valueRequired":true,"valueName":"search_term_string"}}],"inLanguage":"pt-BR"},{"@type":"Organization","@id":"https:\/\/www.aladi.org\/pt\/#organization","name":"ALADI","url":"https:\/\/www.aladi.org\/pt\/","logo":{"@type":"ImageObject","inLanguage":"pt-BR","@id":"https:\/\/www.aladi.org\/pt\/#\/schema\/logo\/image\/","url":"https:\/\/www.aladi.org\/wp-content\/uploads\/2025\/12\/Logo-ALADI.png","contentUrl":"https:\/\/www.aladi.org\/wp-content\/uploads\/2025\/12\/Logo-ALADI.png","width":375,"height":235,"caption":"ALADI"},"image":{"@id":"https:\/\/www.aladi.org\/pt\/#\/schema\/logo\/image\/"},"sameAs":["https:\/\/es-la.facebook.com\/people\/ALADI\/100064606213084\/","https:\/\/x.com\/ALADI_SG","https:\/\/www.instagram.com\/aladi_sg\/?hl=es","https:\/\/www.linkedin.com\/company\/aladi\/","https:\/\/www.flickr.com\/photos\/aladi\/","https:\/\/www.youtube.com\/channel\/UCrkJWOWHKF6igQmWE8Clnpg"]}]}},"jetpack_sharing_enabled":true,"_links":{"self":[{"href":"https:\/\/www.aladi.org\/pt\/wp-json\/wp\/v2\/pages\/8593","targetHints":{"allow":["GET"]}}],"collection":[{"href":"https:\/\/www.aladi.org\/pt\/wp-json\/wp\/v2\/pages"}],"about":[{"href":"https:\/\/www.aladi.org\/pt\/wp-json\/wp\/v2\/types\/page"}],"author":[{"embeddable":true,"href":"https:\/\/www.aladi.org\/pt\/wp-json\/wp\/v2\/users\/2"}],"replies":[{"embeddable":true,"href":"https:\/\/www.aladi.org\/pt\/wp-json\/wp\/v2\/comments?post=8593"}],"version-history":[{"count":10,"href":"https:\/\/www.aladi.org\/pt\/wp-json\/wp\/v2\/pages\/8593\/revisions"}],"predecessor-version":[{"id":8609,"href":"https:\/\/www.aladi.org\/pt\/wp-json\/wp\/v2\/pages\/8593\/revisions\/8609"}],"up":[{"embeddable":true,"href":"https:\/\/www.aladi.org\/pt\/wp-json\/wp\/v2\/pages\/8564"}],"wp:attachment":[{"href":"https:\/\/www.aladi.org\/pt\/wp-json\/wp\/v2\/media?parent=8593"}],"curies":[{"name":"wp","href":"https:\/\/api.w.org\/{rel}","templated":true}]}}