{"id":8546,"date":"2025-09-12T17:28:35","date_gmt":"2025-09-12T17:28:35","guid":{"rendered":"https:\/\/sitio.aladi.org\/?page_id=8546"},"modified":"2025-10-03T20:06:34","modified_gmt":"2025-10-03T20:06:34","slug":"convenio-de-pagos-y-creditos-reciprocos","status":"publish","type":"page","link":"https:\/\/www.aladi.org\/pt\/facilitacao-de-comercio\/cooperacao-financeira-e-monetaria-na-aladi\/convenio-de-pagamentos-e-creditos-reciprocos\/","title":{"rendered":"Conv\u00eanio de Pagamentos e Cr\u00e9ditos Rec\u00edprocos"},"content":{"rendered":"<div><span>Cooperaci\u00f3n Financiera y Monetaria<\/span><\/div>\n<h1><strong><span>Convenio de Pagos y Cr\u00e9ditos Rec\u00edprocos<\/span><\/strong><\/h1>\n<div>\n<p>El Convenio es un instrumento suscrito por doce bancos centrales de la regi\u00f3n, a trav\u00e9s del cual se cursan y compensan entre ellos, durante per\u00edodos de cuatro meses, los pagos derivados del comercio de los pa\u00edses miembros, de bienes originarios y de servicios. El uso del mecanismo est\u00e1 regido por las normas generales del Convenio y su Reglamento, as\u00ed como por lo dispuesto en las diferentes Resoluciones.\u00a0 Asimismo, los bancos centrales pueden reglamentar en sus pa\u00edses la operativa interna de los pagos cursables.<\/p>\n<p>Una vez acordada la operaci\u00f3n entre las partes (exportador o importador), se deber\u00e1 dirigir a un banco comercial autorizado por el Banco Central solicitando que la operaci\u00f3n de comercio se curse a trav\u00e9s del Convenio de Pagos de la ALADI.<\/p>\n<\/div>\n<h1>\n<p><strong>Publicaciones<\/strong><\/p>\n<\/h1>\n<div>\n<p><span>La Secretar\u00eda General propone, a trav\u00e9s de los documentos \u201cCooperaci\u00f3n Financiera y Monetaria en la ALADI\u201d y \u201cAspectos b\u00e1sicos\u201d, brindar, en el primero de ellos, informaci\u00f3n sobre la evoluci\u00f3n de los mecanismos financieros en la regi\u00f3n detallando, entre otros temas, el \u201cAcuerdo de M\u00e9xico\u201d, el \u201cAcuerdo de Santo Domingo\u201d y el \u201cConvenio de Pagos y Cr\u00e9ditos Rec\u00edprocos\u201d; mientras que, el segundo documento ilustra sobre los principales aspectos que trata el mecanismo de pagos de la ALADI y, adem\u00e1s, permite dar a conocer de manera simplificada sus principales caracter\u00edsticas.<\/span><\/p>\n<\/div>\n<p><a href=\"https:\/\/www2.aladi.org\/sitioAladi\/documentos\/conveniodepagos\/CooperacionFinancierayMonetaria.pdf\"><img decoding=\"async\" src=\"\/wp-content\/uploads\/2025\/09\/PublicacionConvenio1-1.jpg\" alt=\"\"><\/a><br \/>\n<a href=\"https:\/\/www2.aladi.org\/sitioAladi\/documentos\/conveniodepagos\/Aspectosbasicos.pdf\"><img decoding=\"async\" src=\"\/wp-content\/uploads\/2025\/09\/PublicacionConvenio2-1.jpg\" alt=\"\"><\/a><\/p>\n<hr>\n<p>\n    <a href=\"https:\/\/www2.aladi.org\/nsfaladi\/convenio.nsf\/03C0639E52A2243803256BA600683F95\/$FILE\/ConvenioDePagos.pdf\">Convenio <\/a>\n<\/p>\n<p>\n    <a href=\"https:\/\/www2.aladi.org\/nsfaladi\/convenio.nsf\/B6D8C9F41C76B61B03256BA6006863B1\/$FILE\/Reglamento.pdf\">Reglamento<\/a>\n<\/p>\n<p>\n    <a href=\"https:\/\/www2.aladi.org\/nsfaladi\/convenio.nsf\/F22C82285F460A2603257CB6004A3203\/$FILE\/SolucionDeControversias.pdf\">Protocolo para soluci\u00f3n de controversias entre bancos centrales<\/a>\n<\/p>\n<p>\n    <a href=\"https:\/\/www.aladi.org\/facilitacion-del-comercio\/cooperacion-financiera-y-monetaria-en-la-aladi\/convenio-de-pagos-y-creditos-reciprocos\/preguntas-frecuentes-sobre-convenio-de-pagos\/\">Preguntas frecuentes<\/a>\n<\/p>\n<p><!--more--><br \/>\n<!-- {\"type\":\"layout\",\"children\":[{\"type\":\"section\",\"props\":{\"image_loading\":true,\"image_position\":\"top-center\",\"media_visibility\":\"m\",\"padding\":\"xsmall\",\"padding_remove_horizontal\":false,\"padding_remove_top\":false,\"style\":\"default\",\"title_breakpoint\":\"xl\",\"title_position\":\"top-left\",\"title_rotation\":\"left\",\"vertical_align\":\"\",\"width\":\"xlarge\"},\"children\":[{\"type\":\"row\",\"props\":{\"width\":\"xlarge\"},\"children\":[{\"type\":\"column\",\"props\":{\"image_position\":\"center-center\",\"position_sticky_breakpoint\":\"m\"},\"children\":[{\"type\":\"breadcrumbs\",\"props\":{\"margin\":\"remove-vertical\",\"margin_remove_top\":true,\"show_current\":true,\"show_home\":true}}]}]},{\"type\":\"row\",\"props\":{\"margin_remove_bottom\":false,\"width\":\"xlarge\"},\"children\":[{\"type\":\"column\",\"props\":{\"image_position\":\"center-center\",\"image_size\":\"cover\",\"padding\":\"none\",\"position_sticky_breakpoint\":\"m\",\"vertical_align\":\"middle\"},\"children\":[{\"type\":\"headline\",\"props\":{\"content\":\"<span>Cooperaci\\u00f3n Financiera y Monetaria<\\\/span>\",\"content_pt_br\":\"<span>Coopera\\u00e7\\u00e3o Financeira e Monet\\u00e1ria na ALADI<\\\/span>\",\"link_style\":false,\"title_color\":\"primary\",\"title_element\":\"div\",\"title_style\":\"h6\"}},{\"type\":\"headline\",\"props\":{\"content\":\"<strong><span>Convenio de Pagos y Cr\\u00e9ditos Rec\\u00edprocos<\\\/span><\\\/strong>\",\"content_pt_br\":\"<strong>Conv\\u00eanio de Pagamentos e Cr\\u00e9ditos Rec\\u00edprocos<\\\/strong>\",\"margin\":\"medium\",\"margin_remove_bottom\":false,\"margin_remove_top\":false,\"text_align\":\"left\",\"text_align_fallback\":\"center\",\"title_color\":\"secondary\",\"title_element\":\"h1\",\"title_style\":\"h1\"}}]}]}],\"name\":\"T\\u00edtulos\"},{\"type\":\"section\",\"props\":{\"css\":\".el-section{\\n    margin-bottom: 50px;\\n\\t}\",\"image_position\":\"center-center\",\"padding\":\"small\",\"padding_remove_bottom\":false,\"padding_remove_top\":false,\"style\":\"default\",\"title_breakpoint\":\"xl\",\"title_position\":\"top-left\",\"title_rotation\":\"left\",\"vertical_align\":\"\",\"width\":\"xlarge\"},\"children\":[{\"type\":\"row\",\"props\":{\"column_gap\":\"large\",\"layout\":\"1-4,3-4\",\"margin\":\"large\",\"row_gap\":\"large\"},\"children\":[{\"type\":\"column\",\"props\":{\"image_position\":\"center-center\",\"position_sticky_breakpoint\":\"m\",\"style\":\"tile-muted\",\"width_medium\":\"1-4\"}},{\"type\":\"column\",\"props\":{\"image_position\":\"center-center\",\"position_sticky_breakpoint\":\"m\",\"width_medium\":\"3-4\"},\"children\":[{\"type\":\"text\",\"props\":{\"column_breakpoint\":\"m\",\"content\":\"\n\n<p>El Convenio es un instrumento suscrito por doce bancos centrales de la regi\\u00f3n, a trav\\u00e9s del cual se cursan y compensan entre ellos, durante per\\u00edodos de cuatro meses, los pagos derivados del comercio de los pa\\u00edses miembros, de bienes originarios y de servicios. El uso del mecanismo est\\u00e1 regido por las normas generales del Convenio y su Reglamento, as\\u00ed como por lo dispuesto en las diferentes Resoluciones.\\u00a0 Asimismo, los bancos centrales pueden reglamentar en sus pa\\u00edses la operativa interna de los pagos cursables.<\\\/p>\\n\n\n<p>Una vez acordada la operaci\\u00f3n entre las partes (exportador o importador), se deber\\u00e1 dirigir a un banco comercial autorizado por el Banco Central solicitando que la operaci\\u00f3n de comercio se curse a trav\\u00e9s del Convenio de Pagos de la ALADI.<\\\/p>\",\"content_pt_br\":\"\n\n<p>O Conv\\u00eanio \\u00e9 um instrumento assinado por doze bancos centrais da regi\\u00e3o, mediante o qual s\\u00e3o efetuados e compensados entre eles, durante per\\u00edodos de quatro meses, os pagamentos decorrentes do com\\u00e9rcio dos pa\\u00edses-membros, de bens origin\\u00e1rios e de servi\\u00e7os. O uso do mecanismo est\\u00e1 regido pelas normas gerais do Conv\\u00eanio e seu Regulamento, bem como pelo disposto nas diferentes Resolu\\u00e7\\u00f5es.\\u00a0 Ademais, os bancos centrais podem regulamentar em seus pa\\u00edses as opera\\u00e7\\u00f5es internas dos pagamentos curs\\u00e1veis.<\\\/p>\\n\n\n<p>Uma vez acordada a opera\\u00e7\\u00e3o entre as partes (exportador ou importador), dever\\u00e1 dirigir-se a um banco comercial autorizado pelo Banco Central solicitando que a opera\\u00e7\\u00e3o de com\\u00e9rcio seja efetuada por meio do Conv\\u00eanio de Pagamentos da ALADI.<\\\/p>\",\"dropcap\":false,\"margin\":\"default\"}},{\"type\":\"headline\",\"props\":{\"content\":\"\n\n<p><strong>Publicaciones<\\\/strong><\\\/p>\",\"content_pt_br\":\"\n\n<p class=\\\"entry-title\\\"><strong>Publica\\u00e7\\u00f5es<\\\/strong><\\\/p>\",\"margin_remove_top\":false,\"maxwidth_breakpoint\":\"l\",\"text_align\":\"left\",\"text_align_fallback\":\"center\",\"title_color\":\"primary\",\"title_element\":\"h1\",\"title_style\":\"h3\"}},{\"type\":\"text\",\"props\":{\"column_breakpoint\":\"m\",\"content\":\"\n\n<p><span>La Secretar\\u00eda General propone, a trav\\u00e9s de los documentos \\u201cCooperaci\\u00f3n Financiera y Monetaria en la ALADI\\u201d y \\u201cAspectos b\\u00e1sicos\\u201d, brindar, en el primero de ellos, informaci\\u00f3n sobre la evoluci\\u00f3n de los mecanismos financieros en la regi\\u00f3n detallando, entre otros temas, el \\u201cAcuerdo de M\\u00e9xico\\u201d, el \\u201cAcuerdo de Santo Domingo\\u201d y el \\u201cConvenio de Pagos y Cr\\u00e9ditos Rec\\u00edprocos\\u201d; mientras que, el segundo documento ilustra sobre los principales aspectos que trata el mecanismo de pagos de la ALADI y, adem\\u00e1s, permite dar a conocer de manera simplificada sus principales caracter\\u00edsticas.<\\\/span><\\\/p>\",\"content_pt_br\":\"\n\n<p><span>A Secretaria-Geral prop\\u00f5e, mediante os documentos \\u201cCoopera\\u00e7\\u00e3o Financeira e Monet\\u00e1ria na ALADI\\u201d e \\u201cAspectos b\\u00e1sicos\\u201d, oferecer, no primeiro deles, informa\\u00e7\\u00e3o sobre a evolu\\u00e7\\u00e3o dos mecanismos financeiros na regi\\u00e3o detalhando, entre outros temas, o \\u201cAcordo do M\\u00e9xico\\u201d, o \\u201cAcordo de Santo Domingo\\u201d e o \\u201cConv\\u00eanio de Pagamentos e Cr\\u00e9ditos Rec\\u00edprocos\\u201d; enquanto que o segundo documento ilustra sobre os principais aspectos que trata o mecanismo de pagamentos da ALADI e tamb\\u00e9m permite divulgar de forma simplificada suas principais caracter\\u00edsticas.<\\\/span><\\\/p>\",\"dropcap\":false,\"margin\":\"default\"}},{\"type\":\"fragment\",\"children\":[{\"type\":\"row\",\"props\":{\"layout\":\"1-2,1-2\"},\"children\":[{\"type\":\"column\",\"props\":{\"image_position\":\"center-center\",\"position_sticky_breakpoint\":\"m\",\"width_medium\":\"1-2\"},\"children\":[{\"type\":\"image\",\"props\":{\"image\":\"wp-content\\\/uploads\\\/2025\\\/09\\\/PublicacionConvenio1-1.jpg\",\"image_svg_color\":\"emphasis\",\"link\":\"https:\\\/\\\/www2.aladi.org\\\/sitioAladi\\\/documentos\\\/conveniodepagos\\\/CooperacionFinancierayMonetaria.pdf\",\"link_target\":\"blank\",\"margin\":\"default\"}}]},{\"type\":\"column\",\"props\":{\"image_position\":\"center-center\",\"position_sticky_breakpoint\":\"m\",\"width_medium\":\"1-2\"},\"children\":[{\"type\":\"image\",\"props\":{\"image\":\"wp-content\\\/uploads\\\/2025\\\/09\\\/PublicacionConvenio2-1.jpg\",\"image_svg_color\":\"emphasis\",\"link\":\"https:\\\/\\\/www2.aladi.org\\\/sitioAladi\\\/documentos\\\/conveniodepagos\\\/Aspectosbasicos.pdf\",\"link_target\":\"blank\",\"margin\":\"default\"}}]}]}],\"props\":{\"margin\":\"default\"}},{\"type\":\"divider\",\"props\":{\"divider_align\":\"left\",\"divider_align_breakpoint\":\"m\",\"divider_align_fallback\":\"center\",\"divider_element\":\"hr\",\"divider_style\":\"icon\",\"margin\":\"remove-vertical\"}},{\"type\":\"button\",\"props\":{\"grid_column_gap\":\"medium\",\"grid_row_gap\":\"small\",\"margin\":\"default\"},\"children\":[{\"type\":\"button_item\",\"props\":{\"button_style\":\"default\",\"content\":\"Convenio \",\"content_pt_br\":\"Conv\\u00eanio\",\"icon_align\":\"left\",\"link\":\"https:\\\/\\\/www2.aladi.org\\\/nsfaladi\\\/convenio.nsf\\\/03C0639E52A2243803256BA600683F95\\\/$FILE\\\/ConvenioDePagos.pdf\",\"link_pt_br\":\"https:\\\/\\\/www2.aladi.org\\\/nsfaladi\\\/convenio.nsf\\\/03C0639E52A2243803256BA600683F95\\\/$FILE\\\/ConvenioDePagos.pdf\",\"link_target\":\"blank\"}}]},{\"type\":\"button\",\"props\":{\"grid_column_gap\":\"medium\",\"grid_row_gap\":\"small\",\"margin\":\"default\"},\"children\":[{\"type\":\"button_item\",\"props\":{\"button_style\":\"default\",\"content\":\"Reglamento\",\"content_pt_br\":\"Regulamento\",\"icon_align\":\"left\",\"link\":\"https:\\\/\\\/www2.aladi.org\\\/nsfaladi\\\/convenio.nsf\\\/B6D8C9F41C76B61B03256BA6006863B1\\\/$FILE\\\/Reglamento.pdf\",\"link_pt_br\":\"https:\\\/\\\/www2.aladi.org\\\/nsfaladi\\\/convenio.nsf\\\/03C0639E52A2243803256BA600683F95\\\/$FILE\\\/ConvenioDePagos.pdf\",\"link_target\":\"blank\"}}]},{\"type\":\"button\",\"props\":{\"grid_column_gap\":\"medium\",\"grid_row_gap\":\"small\",\"margin\":\"default\"},\"children\":[{\"type\":\"button_item\",\"props\":{\"button_style\":\"default\",\"content\":\"Protocolo para soluci\\u00f3n de controversias entre bancos centrales\",\"content_pt_br\":\"Protocolo para a solu\\u00e7\\u00e3o de controv\\u00e9rsias entre bancos centrais\",\"icon_align\":\"left\",\"link\":\"https:\\\/\\\/www2.aladi.org\\\/nsfaladi\\\/convenio.nsf\\\/F22C82285F460A2603257CB6004A3203\\\/$FILE\\\/SolucionDeControversias.pdf\",\"link_pt_br\":\"https:\\\/\\\/www2.aladi.org\\\/nsfaladi\\\/convenio.nsf\\\/5819218F26C7025E03257CB6005A59C0\\\/$FILE\\\/SolucionDeControversiasPort.pdf\",\"link_target\":\"blank\"}}]},{\"type\":\"button\",\"props\":{\"grid_column_gap\":\"medium\",\"grid_row_gap\":\"small\",\"margin\":\"default\"},\"children\":[{\"type\":\"button_item\",\"props\":{\"button_style\":\"default\",\"content\":\"Preguntas frecuentes\",\"content_pt_br\":\"Perguntas freq\\u00fcentes \",\"icon_align\":\"left\",\"link\":\"https:\\\/\\\/www.aladi.org\\\/facilitacion-del-comercio\\\/cooperacion-financiera-y-monetaria-en-la-aladi\\\/convenio-de-pagos-y-creditos-reciprocos\\\/preguntas-frecuentes-sobre-convenio-de-pagos\\\/\",\"link_pt_br\":\"https:\\\/\\\/www.aladi.org\\\/pt\\\/facilitacao-de-comercio\\\/cooperacao-financeira-e-monetaria-na-aladi\\\/convenio-de-pagamentos-e-creditos-reciprocos\\\/perguntas-frequentes-sobre-convenio-de-pagamentos\\\/\"}}]}]}]}],\"name\":\"Post\"}],\"version\":\"4.4.12\"} --><\/p>\n","protected":false},"excerpt":{"rendered":"<p>Cooperaci\u00f3n Financiera y Monetaria Convenio de Pagos y Cr\u00e9ditos Rec\u00edprocos El Convenio es un instrumento suscrito por doce bancos centrales de la regi\u00f3n, a trav\u00e9s del cual se cursan y compensan entre ellos, durante per\u00edodos de cuatro meses, los pagos derivados del comercio de los pa\u00edses miembros, de bienes originarios y de servicios. El uso [&hellip;]<\/p>\n","protected":false},"author":2,"featured_media":0,"parent":8544,"menu_order":0,"comment_status":"closed","ping_status":"closed","template":"","meta":{"_acf_changed":false,"footnotes":""},"class_list":["post-8546","page","type-page","status-publish","hentry"],"acf":[],"yoast_head":"<!-- This site is optimized with the Yoast SEO plugin v26.5 - https:\/\/yoast.com\/wordpress\/plugins\/seo\/ -->\n<title>Conv\u00eanio de Pagamentos e Cr\u00e9ditos Rec\u00edprocos<\/title>\n<meta name=\"robots\" content=\"index, follow, max-snippet:-1, max-image-preview:large, max-video-preview:-1\" \/>\n<meta property=\"og:locale\" content=\"pt_BR\" \/>\n<meta property=\"og:type\" content=\"article\" \/>\n<meta property=\"og:title\" content=\"Conv\u00eanio de Pagamentos e Cr\u00e9ditos Rec\u00edprocos\" \/>\n<meta property=\"og:url\" content=\"https:\/\/www.aladi.org\/pt\/facilitacao-de-comercio\/cooperacao-financeira-e-monetaria-na-aladi\/convenio-de-pagamentos-e-creditos-reciprocos\/\" \/>\n<meta property=\"og:site_name\" content=\"ALADI\" \/>\n<meta property=\"article:publisher\" content=\"https:\/\/es-la.facebook.com\/people\/ALADI\/100064606213084\/\" \/>\n<meta property=\"article:modified_time\" content=\"2025-10-03T20:06:34+00:00\" \/>\n<meta name=\"twitter:card\" content=\"summary_large_image\" \/>\n<meta name=\"twitter:site\" content=\"@ALADI_SG\" \/>\n<meta name=\"twitter:label1\" content=\"Est. reading time\" \/>\n\t<meta name=\"twitter:data1\" content=\"1 minute\" \/>\n<script type=\"application\/ld+json\" class=\"yoast-schema-graph\">{\"@context\":\"https:\/\/schema.org\",\"@graph\":[{\"@type\":\"WebPage\",\"@id\":\"https:\/\/www.aladi.org\/pt\/facilitacao-de-comercio\/cooperacao-financeira-e-monetaria-na-aladi\/convenio-de-pagamentos-e-creditos-reciprocos\/\",\"url\":\"https:\/\/www.aladi.org\/pt\/facilitacao-de-comercio\/cooperacao-financeira-e-monetaria-na-aladi\/convenio-de-pagamentos-e-creditos-reciprocos\/\",\"name\":\"Convenio de Pagos y Cr\u00e9ditos Rec\u00edprocos - ALADI\",\"isPartOf\":{\"@id\":\"https:\/\/www.aladi.org\/#website\"},\"datePublished\":\"2025-09-12T17:28:35+00:00\",\"dateModified\":\"2025-10-03T20:06:34+00:00\",\"breadcrumb\":{\"@id\":\"https:\/\/www.aladi.org\/pt\/facilitacao-de-comercio\/cooperacao-financeira-e-monetaria-na-aladi\/convenio-de-pagamentos-e-creditos-reciprocos\/#breadcrumb\"},\"inLanguage\":\"pt-BR\",\"potentialAction\":[{\"@type\":\"ReadAction\",\"target\":[\"https:\/\/www.aladi.org\/pt\/facilitacao-de-comercio\/cooperacao-financeira-e-monetaria-na-aladi\/convenio-de-pagamentos-e-creditos-reciprocos\/\"]}]},{\"@type\":\"BreadcrumbList\",\"@id\":\"https:\/\/www.aladi.org\/pt\/facilitacao-de-comercio\/cooperacao-financeira-e-monetaria-na-aladi\/convenio-de-pagamentos-e-creditos-reciprocos\/#breadcrumb\",\"itemListElement\":[{\"@type\":\"ListItem\",\"position\":1,\"name\":\"Home\",\"item\":\"https:\/\/www.aladi.org\/\"},{\"@type\":\"ListItem\",\"position\":2,\"name\":\"Facilita\u00e7\u00e3o de com\u00e9rcio\",\"item\":\"https:\/\/www.aladi.org\/facilitacion-del-comercio\/\"},{\"@type\":\"ListItem\",\"position\":3,\"name\":\"Coopera\u00e7\u00e3o Financeira e Monet\u00e1ria na ALADI\",\"item\":\"https:\/\/www.aladi.org\/facilitacion-del-comercio\/cooperacion-financiera-y-monetaria-en-la-aladi\/\"},{\"@type\":\"ListItem\",\"position\":4,\"name\":\"Conv\u00eanio de Pagamentos e Cr\u00e9ditos Rec\u00edprocos\"}]},{\"@type\":\"WebSite\",\"@id\":\"https:\/\/www.aladi.org\/pt\/#website\",\"url\":\"https:\/\/www.aladi.org\/pt\/\",\"name\":\"ALADI\",\"description\":\"Asociaci\u00f3n Latinoamericana de Integraci\u00f3n\",\"publisher\":{\"@id\":\"https:\/\/www.aladi.org\/pt\/#organization\"},\"potentialAction\":[{\"@type\":\"SearchAction\",\"target\":{\"@type\":\"EntryPoint\",\"urlTemplate\":\"https:\/\/www.aladi.org\/pt\/?s={search_term_string}\"},\"query-input\":{\"@type\":\"PropertyValueSpecification\",\"valueRequired\":true,\"valueName\":\"search_term_string\"}}],\"inLanguage\":\"pt-BR\"},{\"@type\":\"Organization\",\"@id\":\"https:\/\/www.aladi.org\/pt\/#organization\",\"name\":\"ALADI\",\"url\":\"https:\/\/www.aladi.org\/pt\/\",\"logo\":{\"@type\":\"ImageObject\",\"inLanguage\":\"pt-BR\",\"@id\":\"https:\/\/www.aladi.org\/pt\/#\/schema\/logo\/image\/\",\"url\":\"https:\/\/www.aladi.org\/wp-content\/uploads\/2025\/12\/Logo-ALADI.png\",\"contentUrl\":\"https:\/\/www.aladi.org\/wp-content\/uploads\/2025\/12\/Logo-ALADI.png\",\"width\":375,\"height\":235,\"caption\":\"ALADI\"},\"image\":{\"@id\":\"https:\/\/www.aladi.org\/pt\/#\/schema\/logo\/image\/\"},\"sameAs\":[\"https:\/\/es-la.facebook.com\/people\/ALADI\/100064606213084\/\",\"https:\/\/x.com\/ALADI_SG\",\"https:\/\/www.instagram.com\/aladi_sg\/?hl=es\",\"https:\/\/www.linkedin.com\/company\/aladi\/\",\"https:\/\/www.flickr.com\/photos\/aladi\/\",\"https:\/\/www.youtube.com\/channel\/UCrkJWOWHKF6igQmWE8Clnpg\"]}]}<\/script>\n<!-- \/ Yoast SEO plugin. -->","yoast_head_json":{"title":"Conv\u00eanio de Pagamentos e Cr\u00e9ditos Rec\u00edprocos","robots":{"index":"index","follow":"follow","max-snippet":"max-snippet:-1","max-image-preview":"max-image-preview:large","max-video-preview":"max-video-preview:-1"},"og_locale":"pt_BR","og_type":"article","og_title":"Conv\u00eanio de Pagamentos e Cr\u00e9ditos Rec\u00edprocos","og_url":"https:\/\/www.aladi.org\/pt\/facilitacao-de-comercio\/cooperacao-financeira-e-monetaria-na-aladi\/convenio-de-pagamentos-e-creditos-reciprocos\/","og_site_name":"ALADI","article_publisher":"https:\/\/es-la.facebook.com\/people\/ALADI\/100064606213084\/","article_modified_time":"2025-10-03T20:06:34+00:00","twitter_card":"summary_large_image","twitter_site":"@ALADI_SG","twitter_misc":{"Est. reading time":"1 minute"},"schema":{"@context":"https:\/\/schema.org","@graph":[{"@type":"WebPage","@id":"https:\/\/www.aladi.org\/pt\/facilitacao-de-comercio\/cooperacao-financeira-e-monetaria-na-aladi\/convenio-de-pagamentos-e-creditos-reciprocos\/","url":"https:\/\/www.aladi.org\/pt\/facilitacao-de-comercio\/cooperacao-financeira-e-monetaria-na-aladi\/convenio-de-pagamentos-e-creditos-reciprocos\/","name":"Convenio de Pagos y Cr\u00e9ditos Rec\u00edprocos - ALADI","isPartOf":{"@id":"https:\/\/www.aladi.org\/#website"},"datePublished":"2025-09-12T17:28:35+00:00","dateModified":"2025-10-03T20:06:34+00:00","breadcrumb":{"@id":"https:\/\/www.aladi.org\/pt\/facilitacao-de-comercio\/cooperacao-financeira-e-monetaria-na-aladi\/convenio-de-pagamentos-e-creditos-reciprocos\/#breadcrumb"},"inLanguage":"pt-BR","potentialAction":[{"@type":"ReadAction","target":["https:\/\/www.aladi.org\/pt\/facilitacao-de-comercio\/cooperacao-financeira-e-monetaria-na-aladi\/convenio-de-pagamentos-e-creditos-reciprocos\/"]}]},{"@type":"BreadcrumbList","@id":"https:\/\/www.aladi.org\/pt\/facilitacao-de-comercio\/cooperacao-financeira-e-monetaria-na-aladi\/convenio-de-pagamentos-e-creditos-reciprocos\/#breadcrumb","itemListElement":[{"@type":"ListItem","position":1,"name":"Home","item":"https:\/\/www.aladi.org\/"},{"@type":"ListItem","position":2,"name":"Facilita\u00e7\u00e3o de com\u00e9rcio","item":"https:\/\/www.aladi.org\/facilitacion-del-comercio\/"},{"@type":"ListItem","position":3,"name":"Coopera\u00e7\u00e3o Financeira e Monet\u00e1ria na ALADI","item":"https:\/\/www.aladi.org\/facilitacion-del-comercio\/cooperacion-financiera-y-monetaria-en-la-aladi\/"},{"@type":"ListItem","position":4,"name":"Conv\u00eanio de Pagamentos e Cr\u00e9ditos Rec\u00edprocos"}]},{"@type":"WebSite","@id":"https:\/\/www.aladi.org\/pt\/#website","url":"https:\/\/www.aladi.org\/pt\/","name":"ALADI","description":"Asociaci\u00f3n Latinoamericana de Integraci\u00f3n","publisher":{"@id":"https:\/\/www.aladi.org\/pt\/#organization"},"potentialAction":[{"@type":"SearchAction","target":{"@type":"EntryPoint","urlTemplate":"https:\/\/www.aladi.org\/pt\/?s={search_term_string}"},"query-input":{"@type":"PropertyValueSpecification","valueRequired":true,"valueName":"search_term_string"}}],"inLanguage":"pt-BR"},{"@type":"Organization","@id":"https:\/\/www.aladi.org\/pt\/#organization","name":"ALADI","url":"https:\/\/www.aladi.org\/pt\/","logo":{"@type":"ImageObject","inLanguage":"pt-BR","@id":"https:\/\/www.aladi.org\/pt\/#\/schema\/logo\/image\/","url":"https:\/\/www.aladi.org\/wp-content\/uploads\/2025\/12\/Logo-ALADI.png","contentUrl":"https:\/\/www.aladi.org\/wp-content\/uploads\/2025\/12\/Logo-ALADI.png","width":375,"height":235,"caption":"ALADI"},"image":{"@id":"https:\/\/www.aladi.org\/pt\/#\/schema\/logo\/image\/"},"sameAs":["https:\/\/es-la.facebook.com\/people\/ALADI\/100064606213084\/","https:\/\/x.com\/ALADI_SG","https:\/\/www.instagram.com\/aladi_sg\/?hl=es","https:\/\/www.linkedin.com\/company\/aladi\/","https:\/\/www.flickr.com\/photos\/aladi\/","https:\/\/www.youtube.com\/channel\/UCrkJWOWHKF6igQmWE8Clnpg"]}]}},"jetpack_sharing_enabled":true,"_links":{"self":[{"href":"https:\/\/www.aladi.org\/pt\/wp-json\/wp\/v2\/pages\/8546","targetHints":{"allow":["GET"]}}],"collection":[{"href":"https:\/\/www.aladi.org\/pt\/wp-json\/wp\/v2\/pages"}],"about":[{"href":"https:\/\/www.aladi.org\/pt\/wp-json\/wp\/v2\/types\/page"}],"author":[{"embeddable":true,"href":"https:\/\/www.aladi.org\/pt\/wp-json\/wp\/v2\/users\/2"}],"replies":[{"embeddable":true,"href":"https:\/\/www.aladi.org\/pt\/wp-json\/wp\/v2\/comments?post=8546"}],"version-history":[{"count":17,"href":"https:\/\/www.aladi.org\/pt\/wp-json\/wp\/v2\/pages\/8546\/revisions"}],"predecessor-version":[{"id":9103,"href":"https:\/\/www.aladi.org\/pt\/wp-json\/wp\/v2\/pages\/8546\/revisions\/9103"}],"up":[{"embeddable":true,"href":"https:\/\/www.aladi.org\/pt\/wp-json\/wp\/v2\/pages\/8544"}],"wp:attachment":[{"href":"https:\/\/www.aladi.org\/pt\/wp-json\/wp\/v2\/media?parent=8546"}],"curies":[{"name":"wp","href":"https:\/\/api.w.org\/{rel}","templated":true}]}}