{"id":6838,"date":"2025-07-29T18:33:24","date_gmt":"2025-07-29T18:33:24","guid":{"rendered":"https:\/\/sitio.aladi.org\/?page_id=6838"},"modified":"2025-07-30T12:24:14","modified_gmt":"2025-07-30T12:24:14","slug":"proteccion-al-consumidor-paraguay","status":"publish","type":"page","link":"https:\/\/www.aladi.org\/pt\/agenda-digital\/comercio-eletronico\/proteccion-al-consumidor-paraguay\/","title":{"rendered":"Protecci\u00f3n al Consumidor \/ Paraguay"},"content":{"rendered":"<h1>Protecci\u00f3n al consumidor<\/h1>\n<h1><strong>Paraguay<\/strong><\/h1>\n<p><a href=\"https:\/\/www.argentina.gob.ar\/economia\/comercio\/defensadelconsumidor\"><img decoding=\"async\" src=\"\/wp-content\/uploads\/2024\/06\/Info-II-1.jpg\" alt=\"\"><\/a><\/p>\n<p>\n    <a href=\"https:\/\/www.acraiz.gov.py\/\">Defensa del Consumidor<\/a>\n<\/p>\n<div>\n<p>Direcci\u00f3n General de Comercio Electr\u00f3nico<\/p>\n<\/div>\n<p><a href=\"https:\/\/www.argentina.gob.ar\/economia\/comercio\/defensadelconsumidor\"><img decoding=\"async\" src=\"\/wp-content\/uploads\/2024\/06\/Sello-II-2.jpg\" alt=\"\"><\/a><\/p>\n<p>\n    <a href=\"https:\/\/www.acraiz.gov.py\/\">Normas reguladoras<\/a>\n<\/p>\n<div>\n<p><span>Conoce tus derechos como consumidor y las obligaciones del proveedor del bien o del servicio<\/span><\/p>\n<\/div>\n<p><a href=\"https:\/\/www.argentina.gob.ar\/economia\/comercio\/defensadelconsumidor\"><img decoding=\"async\" src=\"\/wp-content\/uploads\/2024\/06\/Manos-1.png\" alt=\"\"><\/a><\/p>\n<p>\n    <a href=\"https:\/\/www.acraiz.gov.py\/\">Consultas\/Denuncias\/Reclamos\/Quejas<\/a>\n<\/p>\n<div>\n<p><span>Accede a informaci\u00f3n relacionada con eventuales situaciones de conflicto en una relaci\u00f3n de consumo<\/span><\/p>\n<\/div>\n<p><a href=\"https:\/\/www.argentina.gob.ar\/economia\/comercio\/defensadelconsumidor\"><img decoding=\"async\" src=\"\/wp-content\/uploads\/2024\/06\/Conocimiento-2-1.png\" alt=\"\"><\/a><\/p>\n<p>\n    <a href=\"https:\/\/www.acraiz.gov.py\/\">Educaci\u00f3n en consumo<\/a>\n<\/p>\n<div>\n<p><span>Informaci\u00f3n, herramientas, cursos y materiales para capacitar a los consumidores<\/span><\/p>\n<\/div>\n<div>Correo electr\u00f3nico: Info-dgce@mic.gov.py<\/div>\n<p><!--more--><br \/>\n<!-- {\"type\":\"layout\",\"children\":[{\"type\":\"section\",\"props\":{\"image_position\":\"center-center\",\"padding\":\"xsmall\",\"style\":\"default\",\"title_breakpoint\":\"xl\",\"title_position\":\"top-left\",\"title_rotation\":\"left\",\"vertical_align\":\"middle\",\"width\":\"xlarge\"},\"children\":[{\"type\":\"row\",\"children\":[{\"type\":\"column\",\"props\":{\"image_position\":\"center-center\",\"position_sticky_breakpoint\":\"m\"},\"children\":[{\"type\":\"breadcrumbs\",\"props\":{\"show_current\":true,\"show_home\":true}},{\"type\":\"headline\",\"props\":{\"content\":\"Protecci\\u00f3n al consumidor\",\"content_pt_br\":\"Prote\\u00e7\\u00e3o do consumidor\",\"title_color\":\"primary\",\"title_element\":\"h1\",\"title_style\":\"h6\"}},{\"type\":\"headline\",\"props\":{\"content\":\"<strong>Paraguay<\\\/strong>\",\"content_pt_br\":\"<strong>Paraguai<\\\/strong>\",\"margin\":\"medium\",\"title_color\":\"secondary\",\"title_element\":\"h1\",\"title_style\":\"h1\"}}]}]}]},{\"type\":\"section\",\"props\":{\"image_position\":\"center-center\",\"padding_remove_top\":true,\"style\":\"default\",\"title_breakpoint\":\"xl\",\"title_position\":\"top-left\",\"title_rotation\":\"left\",\"vertical_align\":\"middle\",\"width\":\"default\"},\"children\":[{\"type\":\"row\",\"props\":{\"layout\":\"1-6,5-6|1-5,4-5\"},\"children\":[{\"type\":\"column\",\"props\":{\"image_position\":\"center-center\",\"position_sticky_breakpoint\":\"m\",\"width_medium\":\"1-6\",\"width_small\":\"1-5\"},\"children\":[{\"type\":\"image\",\"props\":{\"image\":\"wp-content\\\/uploads\\\/2024\\\/06\\\/Info-II-1.jpg\",\"image_height\":100,\"image_svg_color\":\"emphasis\",\"image_width\":100,\"link\":\"https:\\\/\\\/www.argentina.gob.ar\\\/economia\\\/comercio\\\/defensadelconsumidor\",\"link_target\":\"blank\",\"margin\":\"default\",\"text_align\":\"center\"}}]},{\"type\":\"column\",\"props\":{\"image_position\":\"center-center\",\"position_sticky_breakpoint\":\"m\",\"width_medium\":\"5-6\",\"width_small\":\"4-5\"},\"children\":[{\"type\":\"button\",\"props\":{\"grid_column_gap\":\"small\",\"grid_row_gap\":\"small\",\"margin\":\"default\"},\"children\":[{\"type\":\"button_item\",\"props\":{\"button_style\":\"secondary\",\"content\":\"Defensa del Consumidor\",\"content_pt_br\":\"Defesa do consumidor\",\"icon_align\":\"left\",\"link\":\"https:\\\/\\\/www.acraiz.gov.py\\\/\",\"link_pt_br\":\"https:\\\/\\\/www.acraiz.gov.py\\\/\",\"link_target\":\"blank\",\"link_title\":\"Direcci\\u00f3n General de Comercio Electr\\u00f3nico\"}}]},{\"type\":\"text\",\"props\":{\"column_breakpoint\":\"m\",\"content\":\"\n\n<p>Direcci\\u00f3n General de Comercio Electr\\u00f3nico<\\\/p>\",\"margin\":\"default\"}}]}]}],\"name\":\"Protecci\\u00f3n al consumidor\"},{\"type\":\"section\",\"props\":{\"image_position\":\"center-center\",\"padding_remove_top\":true,\"style\":\"default\",\"title_breakpoint\":\"xl\",\"title_position\":\"top-left\",\"title_rotation\":\"left\",\"vertical_align\":\"middle\",\"width\":\"default\"},\"children\":[{\"type\":\"row\",\"props\":{\"layout\":\"1-6,5-6|1-5,4-5\"},\"children\":[{\"type\":\"column\",\"props\":{\"image_position\":\"center-center\",\"position_sticky_breakpoint\":\"m\",\"width_medium\":\"1-6\",\"width_small\":\"1-5\"},\"children\":[{\"type\":\"image\",\"props\":{\"image\":\"wp-content\\\/uploads\\\/2024\\\/06\\\/Sello-II-2.jpg\",\"image_height\":100,\"image_svg_color\":\"emphasis\",\"image_width\":100,\"link\":\"https:\\\/\\\/www.argentina.gob.ar\\\/economia\\\/comercio\\\/defensadelconsumidor\",\"link_target\":\"blank\",\"margin\":\"default\",\"text_align\":\"center\"}}]},{\"type\":\"column\",\"props\":{\"image_position\":\"center-center\",\"position_sticky_breakpoint\":\"m\",\"width_medium\":\"5-6\",\"width_small\":\"4-5\"},\"children\":[{\"type\":\"button\",\"props\":{\"grid_column_gap\":\"small\",\"grid_row_gap\":\"small\",\"margin\":\"default\"},\"children\":[{\"type\":\"button_item\",\"props\":{\"button_style\":\"secondary\",\"content\":\"Normas reguladoras\",\"content_pt_br\":\"Normas reguladoras\",\"icon_align\":\"left\",\"link\":\"https:\\\/\\\/www.acraiz.gov.py\\\/\",\"link_pt_br\":\"https:\\\/\\\/www.acraiz.gov.py\\\/\",\"link_target\":\"blank\",\"link_title\":\"Direcci\\u00f3n General de Comercio Electr\\u00f3nico\"}}]},{\"type\":\"text\",\"props\":{\"column_breakpoint\":\"m\",\"content\":\"\n\n<p><span>Conoce tus derechos como consumidor y las obligaciones del proveedor del bien o del servicio<\\\/span><\\\/p>\",\"content_pt_br\":\"\n\n<p><span>Conhe\\u00e7a seus direitos como consumidor e as obriga\\u00e7\\u00f5es do fornecedor do bem ou do servi\\u00e7o<\\\/span><\\\/p>\",\"margin\":\"default\"}}]}]}],\"name\":\"Protecci\\u00f3n al consumidor\"},{\"type\":\"section\",\"props\":{\"image_position\":\"center-center\",\"padding_remove_top\":true,\"style\":\"default\",\"title_breakpoint\":\"xl\",\"title_position\":\"top-left\",\"title_rotation\":\"left\",\"vertical_align\":\"middle\",\"width\":\"default\"},\"children\":[{\"type\":\"row\",\"props\":{\"layout\":\"1-6,5-6|1-5,4-5\"},\"children\":[{\"type\":\"column\",\"props\":{\"image_position\":\"center-center\",\"position_sticky_breakpoint\":\"m\",\"width_medium\":\"1-6\",\"width_small\":\"1-5\"},\"children\":[{\"type\":\"image\",\"props\":{\"image\":\"wp-content\\\/uploads\\\/2024\\\/06\\\/Manos-1.png\",\"image_height\":100,\"image_svg_color\":\"emphasis\",\"image_width\":100,\"link\":\"https:\\\/\\\/www.argentina.gob.ar\\\/economia\\\/comercio\\\/defensadelconsumidor\",\"link_target\":\"blank\",\"margin\":\"default\",\"text_align\":\"center\"}}]},{\"type\":\"column\",\"props\":{\"image_position\":\"center-center\",\"position_sticky_breakpoint\":\"m\",\"width_medium\":\"5-6\",\"width_small\":\"4-5\"},\"children\":[{\"type\":\"button\",\"props\":{\"grid_column_gap\":\"small\",\"grid_row_gap\":\"small\",\"margin\":\"default\"},\"children\":[{\"type\":\"button_item\",\"props\":{\"button_style\":\"secondary\",\"content\":\"Consultas\\\/Denuncias\\\/Reclamos\\\/Quejas\",\"content_pt_br\":\"Consultas\\\/Den\\u00fancias\\\/Reclama\\u00e7\\u00f5es\\\/Queixas\",\"icon_align\":\"left\",\"link\":\"https:\\\/\\\/www.acraiz.gov.py\\\/\",\"link_pt_br\":\"https:\\\/\\\/www.acraiz.gov.py\\\/\",\"link_target\":\"blank\"}}]},{\"type\":\"text\",\"props\":{\"column_breakpoint\":\"m\",\"content\":\"\n\n<p><span>Accede a informaci\\u00f3n relacionada con eventuales situaciones de conflicto en una relaci\\u00f3n de consumo<\\\/span><\\\/p>\",\"content_pt_br\":\"Acesse a informa\\u00e7\\u00e3o relacionada a eventuais situa\\u00e7\\u00f5es de conflito em uma rela\\u00e7\\u00e3o de consumo\",\"margin\":\"default\"}}]}]}],\"name\":\"Protecci\\u00f3n al consumidor\"},{\"type\":\"section\",\"props\":{\"image_position\":\"center-center\",\"padding_remove_top\":true,\"style\":\"default\",\"title_breakpoint\":\"xl\",\"title_position\":\"top-left\",\"title_rotation\":\"left\",\"vertical_align\":\"middle\",\"width\":\"default\"},\"children\":[{\"type\":\"row\",\"props\":{\"layout\":\"1-6,5-6|1-5,4-5\"},\"children\":[{\"type\":\"column\",\"props\":{\"image_position\":\"center-center\",\"position_sticky_breakpoint\":\"m\",\"width_medium\":\"1-6\",\"width_small\":\"1-5\"},\"children\":[{\"type\":\"image\",\"props\":{\"image\":\"wp-content\\\/uploads\\\/2024\\\/06\\\/Conocimiento-2-1.png\",\"image_height\":100,\"image_svg_color\":\"emphasis\",\"image_width\":100,\"link\":\"https:\\\/\\\/www.argentina.gob.ar\\\/economia\\\/comercio\\\/defensadelconsumidor\",\"link_target\":\"blank\",\"margin\":\"default\",\"text_align\":\"center\"}}]},{\"type\":\"column\",\"props\":{\"image_position\":\"center-center\",\"position_sticky_breakpoint\":\"m\",\"width_medium\":\"5-6\",\"width_small\":\"4-5\"},\"children\":[{\"type\":\"button\",\"props\":{\"grid_column_gap\":\"small\",\"grid_row_gap\":\"small\",\"margin\":\"default\"},\"children\":[{\"type\":\"button_item\",\"props\":{\"button_style\":\"secondary\",\"content\":\"Educaci\\u00f3n en consumo\",\"content_pt_br\":\"Educa\\u00e7\\u00e3o em consumo\",\"icon_align\":\"left\",\"link\":\"https:\\\/\\\/www.acraiz.gov.py\\\/\",\"link_pt_br\":\"https:\\\/\\\/www.acraiz.gov.py\\\/\",\"link_target\":\"blank\"}}]},{\"type\":\"text\",\"props\":{\"column_breakpoint\":\"m\",\"content\":\"\n\n<p><span>Informaci\\u00f3n, herramientas, cursos y materiales para capacitar a los consumidores<\\\/span><\\\/p>\",\"content_pt_br\":\"Informa\\u00e7\\u00f5es, ferramentas, cursos e materiais para capacitar os consumidores\",\"margin\":\"default\"}},{\"type\":\"text\",\"props\":{\"column_breakpoint\":\"m\",\"content\":\"Correo electr\\u00f3nico: Info-dgce@mic.gov.py\",\"content_pt_br\":\"e-mail: Info-dgce@mic.gov.py\\n\",\"margin\":\"default\"}}]}]}],\"name\":\"Protecci\\u00f3n al consumidor\"}],\"version\":\"4.4.12\"} --><\/p>\n","protected":false},"excerpt":{"rendered":"<p>Protecci\u00f3n al consumidor Paraguay Defensa del Consumidor Direcci\u00f3n General de Comercio Electr\u00f3nico Normas reguladoras Conoce tus derechos como consumidor y las obligaciones del proveedor del bien o del servicio Consultas\/Denuncias\/Reclamos\/Quejas Accede a informaci\u00f3n relacionada con eventuales situaciones de conflicto en una relaci\u00f3n de consumo Educaci\u00f3n en consumo Informaci\u00f3n, herramientas, cursos y materiales para capacitar a [&hellip;]<\/p>\n","protected":false},"author":12,"featured_media":0,"parent":2327,"menu_order":0,"comment_status":"closed","ping_status":"closed","template":"","meta":{"_acf_changed":false,"footnotes":""},"class_list":["post-6838","page","type-page","status-publish","hentry"],"acf":[],"yoast_head":"<!-- This site is optimized with the Yoast SEO plugin v26.5 - https:\/\/yoast.com\/wordpress\/plugins\/seo\/ -->\n<title>Protecci\u00f3n al Consumidor \/ Paraguay<\/title>\n<meta name=\"description\" content=\"Protecci\u00f3n al consumidor Paraguay Defensa del Consumidor Direcci\u00f3n General de Comercio Electr\u00f3nico Normas reguladoras Conoce tus derechos como consumidor y las obligaciones del proveedor del bien o del servicio Consultas\/Denuncias\/Reclamos\/Quejas Accede a informaci\u00f3n relacionada con eventuales situaciones de conflicto en una relaci\u00f3n de consumo Educaci\u00f3n en consumo Informaci\u00f3n, herramientas, cursos y materiales para capacitar a&hellip;\" \/>\n<meta name=\"robots\" content=\"index, follow, max-snippet:-1, max-image-preview:large, max-video-preview:-1\" \/>\n<link rel=\"canonical\" href=\"http:\/\/Protecci\u00f3n%20al%20consumidor%20Paraguay%20Defensa%20del%20Consumidor%20Direcci\u00f3n%20General%20de%20Comercio%20Electr\u00f3nico%20Normas%20reguladoras%20Conoce%20tus%20derechos%20como%20consumidor%20y%20las%20obligaciones%20del%20proveedor%20del%20bien%20o%20del%20servicio%20Consultas\/Denuncias\/Reclamos\/Quejas%20Accede%20a%20informaci\u00f3n%20relacionada%20con%20eventuales%20situaciones%20de%20conflicto%20en%20una%20relaci\u00f3n%20de%20consumo%20Educaci\u00f3n%20en%20consumo%20Informaci\u00f3n,%20herramientas,%20cursos%20y%20materiales%20para%20capacitar%20a&hellip;\" \/>\n<meta property=\"og:locale\" content=\"pt_BR\" \/>\n<meta property=\"og:type\" content=\"article\" \/>\n<meta property=\"og:title\" content=\"Protecci\u00f3n al Consumidor \/ Paraguay\" \/>\n<meta property=\"og:description\" content=\"Protecci\u00f3n al consumidor Paraguay Defensa del Consumidor Direcci\u00f3n General de Comercio Electr\u00f3nico Normas reguladoras Conoce tus derechos como consumidor y las obligaciones del proveedor del bien o del servicio Consultas\/Denuncias\/Reclamos\/Quejas Accede a informaci\u00f3n relacionada con eventuales situaciones de conflicto en una relaci\u00f3n de consumo Educaci\u00f3n en consumo Informaci\u00f3n, herramientas, cursos y materiales para capacitar a&hellip;\" \/>\n<meta property=\"og:url\" content=\"https:\/\/www.aladi.org\/pt\/agenda-digital\/comercio-eletronico\/proteccion-al-consumidor-paraguay\/\" \/>\n<meta property=\"og:site_name\" content=\"ALADI\" \/>\n<meta property=\"article:publisher\" content=\"https:\/\/es-la.facebook.com\/people\/ALADI\/100064606213084\/\" \/>\n<meta property=\"article:modified_time\" content=\"2025-07-30T12:24:14+00:00\" \/>\n<meta name=\"twitter:card\" content=\"summary_large_image\" \/>\n<meta name=\"twitter:site\" content=\"@ALADI_SG\" \/>\n<script type=\"application\/ld+json\" class=\"yoast-schema-graph\">{\"@context\":\"https:\/\/schema.org\",\"@graph\":[{\"@type\":\"WebPage\",\"@id\":\"https:\/\/www.aladi.org\/pt\/agenda-digital\/comercio-eletronico\/proteccion-al-consumidor-paraguay\/\",\"url\":\"https:\/\/www.aladi.org\/pt\/agenda-digital\/comercio-eletronico\/proteccion-al-consumidor-paraguay\/\",\"name\":\"Protecci\u00f3n al Consumidor \/ Paraguay - ALADI\",\"isPartOf\":{\"@id\":\"https:\/\/www.aladi.org\/#website\"},\"datePublished\":\"2025-07-29T18:33:24+00:00\",\"dateModified\":\"2025-07-30T12:24:14+00:00\",\"breadcrumb\":{\"@id\":\"https:\/\/www.aladi.org\/pt\/agenda-digital\/comercio-eletronico\/proteccion-al-consumidor-paraguay\/#breadcrumb\"},\"inLanguage\":\"pt-BR\",\"potentialAction\":[{\"@type\":\"ReadAction\",\"target\":[\"https:\/\/www.aladi.org\/pt\/agenda-digital\/comercio-eletronico\/proteccion-al-consumidor-paraguay\/\"]}]},{\"@type\":\"BreadcrumbList\",\"@id\":\"https:\/\/www.aladi.org\/pt\/agenda-digital\/comercio-eletronico\/proteccion-al-consumidor-paraguay\/#breadcrumb\",\"itemListElement\":[{\"@type\":\"ListItem\",\"position\":1,\"name\":\"Home\",\"item\":\"https:\/\/www.aladi.org\/\"},{\"@type\":\"ListItem\",\"position\":2,\"name\":\"Agenda Digital\",\"item\":\"https:\/\/www.aladi.org\/agenda-digital\/\"},{\"@type\":\"ListItem\",\"position\":3,\"name\":\"Com\u00e9rcio eletr\u00f4nico\",\"item\":\"https:\/\/www.aladi.org\/agenda-digital\/comercio-electronico\/\"},{\"@type\":\"ListItem\",\"position\":4,\"name\":\"Protecci\u00f3n al Consumidor \/ Paraguay\"}]},{\"@type\":\"WebSite\",\"@id\":\"https:\/\/www.aladi.org\/pt\/#website\",\"url\":\"https:\/\/www.aladi.org\/pt\/\",\"name\":\"ALADI\",\"description\":\"Asociaci\u00f3n Latinoamericana de Integraci\u00f3n\",\"publisher\":{\"@id\":\"https:\/\/www.aladi.org\/pt\/#organization\"},\"potentialAction\":[{\"@type\":\"SearchAction\",\"target\":{\"@type\":\"EntryPoint\",\"urlTemplate\":\"https:\/\/www.aladi.org\/pt\/?s={search_term_string}\"},\"query-input\":{\"@type\":\"PropertyValueSpecification\",\"valueRequired\":true,\"valueName\":\"search_term_string\"}}],\"inLanguage\":\"pt-BR\"},{\"@type\":\"Organization\",\"@id\":\"https:\/\/www.aladi.org\/pt\/#organization\",\"name\":\"ALADI\",\"url\":\"https:\/\/www.aladi.org\/pt\/\",\"logo\":{\"@type\":\"ImageObject\",\"inLanguage\":\"pt-BR\",\"@id\":\"https:\/\/www.aladi.org\/pt\/#\/schema\/logo\/image\/\",\"url\":\"https:\/\/www.aladi.org\/wp-content\/uploads\/2025\/12\/Logo-ALADI.png\",\"contentUrl\":\"https:\/\/www.aladi.org\/wp-content\/uploads\/2025\/12\/Logo-ALADI.png\",\"width\":375,\"height\":235,\"caption\":\"ALADI\"},\"image\":{\"@id\":\"https:\/\/www.aladi.org\/pt\/#\/schema\/logo\/image\/\"},\"sameAs\":[\"https:\/\/es-la.facebook.com\/people\/ALADI\/100064606213084\/\",\"https:\/\/x.com\/ALADI_SG\",\"https:\/\/www.instagram.com\/aladi_sg\/?hl=es\",\"https:\/\/www.linkedin.com\/company\/aladi\/\",\"https:\/\/www.flickr.com\/photos\/aladi\/\",\"https:\/\/www.youtube.com\/channel\/UCrkJWOWHKF6igQmWE8Clnpg\"]}]}<\/script>\n<!-- \/ Yoast SEO plugin. -->","yoast_head_json":{"title":"Protecci\u00f3n al Consumidor \/ Paraguay","description":"Protecci\u00f3n al consumidor Paraguay Defensa del Consumidor Direcci\u00f3n General de Comercio Electr\u00f3nico Normas reguladoras Conoce tus derechos como consumidor y las obligaciones del proveedor del bien o del servicio Consultas\/Denuncias\/Reclamos\/Quejas Accede a informaci\u00f3n relacionada con eventuales situaciones de conflicto en una relaci\u00f3n de consumo Educaci\u00f3n en consumo Informaci\u00f3n, herramientas, cursos y materiales para capacitar a&hellip;","robots":{"index":"index","follow":"follow","max-snippet":"max-snippet:-1","max-image-preview":"max-image-preview:large","max-video-preview":"max-video-preview:-1"},"canonical":"Protecci\u00f3n al consumidor Paraguay Defensa del Consumidor Direcci\u00f3n General de Comercio Electr\u00f3nico Normas reguladoras Conoce tus derechos como consumidor y las obligaciones del proveedor del bien o del servicio Consultas\/Denuncias\/Reclamos\/Quejas Accede a informaci\u00f3n relacionada con eventuales situaciones de conflicto en una relaci\u00f3n de consumo Educaci\u00f3n en consumo Informaci\u00f3n, herramientas, cursos y materiales para capacitar a&hellip;","og_locale":"pt_BR","og_type":"article","og_title":"Protecci\u00f3n al Consumidor \/ Paraguay","og_description":"Protecci\u00f3n al consumidor Paraguay Defensa del Consumidor Direcci\u00f3n General de Comercio Electr\u00f3nico Normas reguladoras Conoce tus derechos como consumidor y las obligaciones del proveedor del bien o del servicio Consultas\/Denuncias\/Reclamos\/Quejas Accede a informaci\u00f3n relacionada con eventuales situaciones de conflicto en una relaci\u00f3n de consumo Educaci\u00f3n en consumo Informaci\u00f3n, herramientas, cursos y materiales para capacitar a&hellip;","og_url":"https:\/\/www.aladi.org\/pt\/agenda-digital\/comercio-eletronico\/proteccion-al-consumidor-paraguay\/","og_site_name":"ALADI","article_publisher":"https:\/\/es-la.facebook.com\/people\/ALADI\/100064606213084\/","article_modified_time":"2025-07-30T12:24:14+00:00","twitter_card":"summary_large_image","twitter_site":"@ALADI_SG","schema":{"@context":"https:\/\/schema.org","@graph":[{"@type":"WebPage","@id":"https:\/\/www.aladi.org\/pt\/agenda-digital\/comercio-eletronico\/proteccion-al-consumidor-paraguay\/","url":"https:\/\/www.aladi.org\/pt\/agenda-digital\/comercio-eletronico\/proteccion-al-consumidor-paraguay\/","name":"Protecci\u00f3n al Consumidor \/ Paraguay - ALADI","isPartOf":{"@id":"https:\/\/www.aladi.org\/#website"},"datePublished":"2025-07-29T18:33:24+00:00","dateModified":"2025-07-30T12:24:14+00:00","breadcrumb":{"@id":"https:\/\/www.aladi.org\/pt\/agenda-digital\/comercio-eletronico\/proteccion-al-consumidor-paraguay\/#breadcrumb"},"inLanguage":"pt-BR","potentialAction":[{"@type":"ReadAction","target":["https:\/\/www.aladi.org\/pt\/agenda-digital\/comercio-eletronico\/proteccion-al-consumidor-paraguay\/"]}]},{"@type":"BreadcrumbList","@id":"https:\/\/www.aladi.org\/pt\/agenda-digital\/comercio-eletronico\/proteccion-al-consumidor-paraguay\/#breadcrumb","itemListElement":[{"@type":"ListItem","position":1,"name":"Home","item":"https:\/\/www.aladi.org\/"},{"@type":"ListItem","position":2,"name":"Agenda Digital","item":"https:\/\/www.aladi.org\/agenda-digital\/"},{"@type":"ListItem","position":3,"name":"Com\u00e9rcio eletr\u00f4nico","item":"https:\/\/www.aladi.org\/agenda-digital\/comercio-electronico\/"},{"@type":"ListItem","position":4,"name":"Protecci\u00f3n al Consumidor \/ Paraguay"}]},{"@type":"WebSite","@id":"https:\/\/www.aladi.org\/pt\/#website","url":"https:\/\/www.aladi.org\/pt\/","name":"ALADI","description":"Asociaci\u00f3n Latinoamericana de Integraci\u00f3n","publisher":{"@id":"https:\/\/www.aladi.org\/pt\/#organization"},"potentialAction":[{"@type":"SearchAction","target":{"@type":"EntryPoint","urlTemplate":"https:\/\/www.aladi.org\/pt\/?s={search_term_string}"},"query-input":{"@type":"PropertyValueSpecification","valueRequired":true,"valueName":"search_term_string"}}],"inLanguage":"pt-BR"},{"@type":"Organization","@id":"https:\/\/www.aladi.org\/pt\/#organization","name":"ALADI","url":"https:\/\/www.aladi.org\/pt\/","logo":{"@type":"ImageObject","inLanguage":"pt-BR","@id":"https:\/\/www.aladi.org\/pt\/#\/schema\/logo\/image\/","url":"https:\/\/www.aladi.org\/wp-content\/uploads\/2025\/12\/Logo-ALADI.png","contentUrl":"https:\/\/www.aladi.org\/wp-content\/uploads\/2025\/12\/Logo-ALADI.png","width":375,"height":235,"caption":"ALADI"},"image":{"@id":"https:\/\/www.aladi.org\/pt\/#\/schema\/logo\/image\/"},"sameAs":["https:\/\/es-la.facebook.com\/people\/ALADI\/100064606213084\/","https:\/\/x.com\/ALADI_SG","https:\/\/www.instagram.com\/aladi_sg\/?hl=es","https:\/\/www.linkedin.com\/company\/aladi\/","https:\/\/www.flickr.com\/photos\/aladi\/","https:\/\/www.youtube.com\/channel\/UCrkJWOWHKF6igQmWE8Clnpg"]}]}},"jetpack_sharing_enabled":true,"_links":{"self":[{"href":"https:\/\/www.aladi.org\/pt\/wp-json\/wp\/v2\/pages\/6838","targetHints":{"allow":["GET"]}}],"collection":[{"href":"https:\/\/www.aladi.org\/pt\/wp-json\/wp\/v2\/pages"}],"about":[{"href":"https:\/\/www.aladi.org\/pt\/wp-json\/wp\/v2\/types\/page"}],"author":[{"embeddable":true,"href":"https:\/\/www.aladi.org\/pt\/wp-json\/wp\/v2\/users\/12"}],"replies":[{"embeddable":true,"href":"https:\/\/www.aladi.org\/pt\/wp-json\/wp\/v2\/comments?post=6838"}],"version-history":[{"count":26,"href":"https:\/\/www.aladi.org\/pt\/wp-json\/wp\/v2\/pages\/6838\/revisions"}],"predecessor-version":[{"id":6866,"href":"https:\/\/www.aladi.org\/pt\/wp-json\/wp\/v2\/pages\/6838\/revisions\/6866"}],"up":[{"embeddable":true,"href":"https:\/\/www.aladi.org\/pt\/wp-json\/wp\/v2\/pages\/2327"}],"wp:attachment":[{"href":"https:\/\/www.aladi.org\/pt\/wp-json\/wp\/v2\/media?parent=6838"}],"curies":[{"name":"wp","href":"https:\/\/api.w.org\/{rel}","templated":true}]}}