{"id":5359,"date":"2024-11-18T19:50:25","date_gmt":"2024-11-18T19:50:25","guid":{"rendered":"https:\/\/sitio.aladi.org\/?page_id=5359"},"modified":"2026-01-29T13:59:19","modified_gmt":"2026-01-29T13:59:19","slug":"actas-de-reuniones-bilaterales-chile-uruguay","status":"publish","type":"page","link":"https:\/\/www.aladi.org\/pt\/infraestructura-e-logistica\/transporte\/actas-de-reuniones-bilaterales-del-atit\/atas-de-reunioes-bilaterales-chile-uruguai\/","title":{"rendered":"Atas de Reuni\u00f5es Bilaterales Chile - Uruguai"},"content":{"rendered":"<div>Actas de Reuniones Bilaterales del ATIT<\/div>\n<h1><strong>Actas de Reuniones Bilaterales Chile \u2013 Uruguay<\/strong><\/h1>\n<div>\n<table id=\"tablepress-22\" class=\"tablepress tablepress-id-22\">\n<thead>\n<tr class=\"row-1 odd\">\n<th class=\"column-1\">Lugar\/Sede<\/th>\n<th class=\"column-2\">Fecha<\/th>\n<th class=\"column-3\">Tema<\/th>\n<th class=\"column-4\">Acta<\/th>\n<\/tr>\n<\/thead>\n<tbody class=\"row-hover\">\n<tr class=\"row-2 even\">\n<td class=\"column-1\">Santiago, CL<\/td>\n<td class=\"column-2\">1988, septiembre, 26 y 28<\/td>\n<td class=\"column-3\">I Reuni\u00f3n Bilateral de los Organismos de Aplicaci\u00f3n del CTIT<\/td>\n<td class=\"column-4\"><a href=\"https:\/\/www2.aladi.org\/sitioAladi\/documentos\/facilitacionComercio\/ActasChileUruguay\/1988 I Reunion chileno-uruguaya CTIT.pdf\"><span class=\"el-image uk-icon\" uk-icon=\"icon: file-pdf;\"><\/span><\/a><\/td>\n<\/tr>\n<tr class=\"row-3 odd\">\n<td class=\"column-1\">Montevideo, UY<\/td>\n<td class=\"column-2\">1990, agosto, 20 y 21<\/td>\n<td class=\"column-3\">II Reuni\u00f3n Bilateral de los Organismos de Aplicaci\u00f3n del CTIT<\/td>\n<td class=\"column-4\"><a href=\"https:\/\/www2.aladi.org\/sitioAladi\/documentos\/facilitacionComercio\/ActasChileUruguay\/1990 II Reunion chileno-uruguaya CTIT.pdf\"><span class=\"el-image uk-icon\" uk-icon=\"icon: file-pdf;\"><\/span><\/a><\/td>\n<\/tr>\n<tr class=\"row-4 even\">\n<td class=\"column-1\">Santiago, CL<\/td>\n<td class=\"column-2\">1992, abril, 08 y 09<\/td>\n<td class=\"column-3\">III Reuni\u00f3n Bilateral de los Organismos de Aplicaci\u00f3n del ATIT<\/td>\n<td class=\"column-4\"><a href=\"https:\/\/www2.aladi.org\/sitioAladi\/documentos\/facilitacionComercio\/ActasChileUruguay\/1992 III Reunion chileno-uruguaya ATIT.pdf\"><span class=\"el-image uk-icon\" uk-icon=\"icon: file-pdf;\"><\/span><\/a><\/td>\n<\/tr>\n<\/tbody>\n<\/table>\n<\/div>\n<p><!--more--><br \/>\n<!-- {\"type\":\"layout\",\"children\":[{\"type\":\"section\",\"props\":{\"image_loading\":true,\"image_position\":\"top-center\",\"media_visibility\":\"m\",\"padding\":\"xsmall\",\"padding_remove_horizontal\":false,\"padding_remove_top\":false,\"style\":\"default\",\"title_breakpoint\":\"xl\",\"title_position\":\"top-left\",\"title_rotation\":\"left\",\"vertical_align\":\"\",\"width\":\"xlarge\"},\"children\":[{\"type\":\"row\",\"props\":{\"width\":\"xlarge\"},\"children\":[{\"type\":\"column\",\"props\":{\"image_position\":\"center-center\",\"position_sticky_breakpoint\":\"m\"},\"children\":[{\"type\":\"breadcrumbs\",\"props\":{\"margin\":\"remove-vertical\",\"margin_remove_top\":true,\"show_current\":true,\"show_home\":true}}]}]},{\"type\":\"row\",\"props\":{\"margin_remove_bottom\":false,\"width\":\"xlarge\"},\"children\":[{\"type\":\"column\",\"props\":{\"image_position\":\"center-center\",\"image_size\":\"cover\",\"padding\":\"none\",\"position_sticky_breakpoint\":\"m\",\"vertical_align\":\"middle\"},\"children\":[{\"type\":\"headline\",\"props\":{\"content\":\"Actas de Reuniones Bilaterales del ATIT\",\"content_pt_br\":\"Atas de Reuni\\u00f5es Bilaterales do ATIT\\n\n\n<div class=\\\"entry-content\\\"><\\\/div>\",\"link_style\":false,\"title_color\":\"primary\",\"title_element\":\"div\",\"title_style\":\"h6\"}},{\"type\":\"headline\",\"props\":{\"content\":\"<strong>Actas de Reuniones Bilaterales Chile \\u2013 Uruguay<\\\/strong>\",\"content_pt_br\":\"<strong>Atas de Reuni\\u00f5es Bilaterales Chile - Uruguai<\\\/strong>\",\"margin\":\"medium\",\"margin_remove_bottom\":false,\"margin_remove_top\":false,\"maxwidth\":\"xlarge\",\"text_align\":\"left\",\"text_align_fallback\":\"center\",\"title_color\":\"secondary\",\"title_element\":\"h1\",\"title_style\":\"h1\"}}]}]}],\"name\":\"T\\u00edtulos\"},{\"type\":\"section\",\"props\":{\"image_position\":\"center-center\",\"style\":\"default\",\"title_breakpoint\":\"xl\",\"title_position\":\"top-left\",\"title_rotation\":\"left\",\"vertical_align\":\"middle\",\"width\":\"default\"},\"children\":[{\"type\":\"row\",\"children\":[{\"type\":\"column\",\"props\":{\"image_position\":\"center-center\",\"position_sticky_breakpoint\":\"m\"},\"children\":[{\"type\":\"html\",\"props\":{\"content\":\"\n\n<table id=\\\"tablepress-22\\\" class=\\\"tablepress tablepress-id-22\\\">\\n\n\n<thead>\\n\n\n<tr class=\\\"row-1 odd\\\">\\n\\t\n\n<th class=\\\"column-1\\\">Lugar\\\/Sede<\\\/th>\n\n<th class=\\\"column-2\\\">Fecha<\\\/th>\n\n<th class=\\\"column-3\\\">Tema<\\\/th>\n\n<th class=\\\"column-4\\\">Acta<\\\/th>\\n<\\\/tr>\\n<\\\/thead>\\n\n\n<tbody class=\\\"row-hover\\\">\\n\n\n<tr class=\\\"row-2 even\\\">\\n\\t\n\n<td class=\\\"column-1\\\">Santiago, CL<\\\/td>\n\n<td class=\\\"column-2\\\">1988, septiembre, 26 y 28<\\\/td>\n\n<td class=\\\"column-3\\\">I Reuni\\u00f3n Bilateral de los Organismos de Aplicaci\\u00f3n del CTIT<\\\/td>\n\n<td class=\\\"column-4\\\"><a href=\\\"https:\\\/\\\/www2.aladi.org\\\/sitioAladi\\\/documentos\\\/facilitacionComercio\\\/ActasChileUruguay\\\/1988 I Reunion chileno-uruguaya CTIT.pdf\\\"><span class=\\\"el-image uk-icon\\\" uk-icon=\\\"icon: file-pdf;\\\"><\\\/span><\\\/a><\\\/td>\\n<\\\/tr>\\n\n\n<tr class=\\\"row-3 odd\\\">\\n\\t\n\n<td class=\\\"column-1\\\">Montevideo, UY<\\\/td>\n\n<td class=\\\"column-2\\\">1990, agosto, 20 y 21<\\\/td>\n\n<td class=\\\"column-3\\\">II Reuni\\u00f3n Bilateral de los Organismos de Aplicaci\\u00f3n del CTIT<\\\/td>\n\n<td class=\\\"column-4\\\"><a href=\\\"https:\\\/\\\/www2.aladi.org\\\/sitioAladi\\\/documentos\\\/facilitacionComercio\\\/ActasChileUruguay\\\/1990 II Reunion chileno-uruguaya CTIT.pdf\\\"><span class=\\\"el-image uk-icon\\\" uk-icon=\\\"icon: file-pdf;\\\"><\\\/span><\\\/a><\\\/td>\\n<\\\/tr>\\n\n\n<tr class=\\\"row-4 even\\\">\\n\\t\n\n<td class=\\\"column-1\\\">Santiago, CL<\\\/td>\n\n<td class=\\\"column-2\\\">1992, abril, 08 y 09<\\\/td>\n\n<td class=\\\"column-3\\\">III Reuni\\u00f3n Bilateral de los Organismos de Aplicaci\\u00f3n del ATIT<\\\/td>\n\n<td class=\\\"column-4\\\"><a href=\\\"https:\\\/\\\/www2.aladi.org\\\/sitioAladi\\\/documentos\\\/facilitacionComercio\\\/ActasChileUruguay\\\/1992 III Reunion chileno-uruguaya ATIT.pdf\\\"><span class=\\\"el-image uk-icon\\\" uk-icon=\\\"icon: file-pdf;\\\"><\\\/span><\\\/a><\\\/td>\\n<\\\/tr>\\n<\\\/tbody>\\n<\\\/table>\"}}]}]}]}],\"version\":\"4.4.12\"} --><\/p>\n","protected":false},"excerpt":{"rendered":"<p>Actas de Reuniones Bilaterales del ATIT Actas de Reuniones Bilaterales Chile \u2013 Uruguay Lugar\/Sede Fecha Tema Acta Santiago, CL 1988, septiembre, 26 y 28 I Reuni\u00f3n Bilateral de los Organismos de Aplicaci\u00f3n del CTIT Montevideo, UY 1990, agosto, 20 y 21 II Reuni\u00f3n Bilateral de los Organismos de Aplicaci\u00f3n del CTIT Santiago, CL 1992, abril, [&hellip;]<\/p>\n","protected":false},"author":2,"featured_media":0,"parent":3828,"menu_order":0,"comment_status":"closed","ping_status":"closed","template":"","meta":{"_acf_changed":false,"footnotes":""},"class_list":["post-5359","page","type-page","status-publish","hentry"],"acf":[],"yoast_head":"<!-- This site is optimized with the Yoast SEO plugin v26.5 - https:\/\/yoast.com\/wordpress\/plugins\/seo\/ -->\n<title>Atas de Reuni\u00f5es Bilaterales Chile - Uruguai<\/title>\n<meta name=\"robots\" content=\"index, follow, max-snippet:-1, max-image-preview:large, max-video-preview:-1\" \/>\n<meta property=\"og:locale\" content=\"pt_BR\" \/>\n<meta property=\"og:type\" content=\"article\" \/>\n<meta property=\"og:title\" content=\"Atas de Reuni\u00f5es Bilaterales Chile - Uruguai\" \/>\n<meta property=\"og:url\" content=\"https:\/\/www.aladi.org\/pt\/infraestructura-e-logistica\/transporte\/actas-de-reuniones-bilaterales-del-atit\/atas-de-reunioes-bilaterales-chile-uruguai\/\" \/>\n<meta property=\"og:site_name\" content=\"ALADI\" \/>\n<meta property=\"article:publisher\" content=\"https:\/\/es-la.facebook.com\/people\/ALADI\/100064606213084\/\" \/>\n<meta property=\"article:modified_time\" content=\"2026-01-29T13:59:19+00:00\" \/>\n<meta name=\"twitter:card\" content=\"summary_large_image\" \/>\n<meta name=\"twitter:site\" content=\"@ALADI_SG\" \/>\n<script type=\"application\/ld+json\" class=\"yoast-schema-graph\">{\"@context\":\"https:\/\/schema.org\",\"@graph\":[{\"@type\":\"WebPage\",\"@id\":\"https:\/\/www.aladi.org\/pt\/infraestructura-e-logistica\/transporte\/actas-de-reuniones-bilaterales-del-atit\/atas-de-reunioes-bilaterales-chile-uruguai\/\",\"url\":\"https:\/\/www.aladi.org\/pt\/infraestructura-e-logistica\/transporte\/actas-de-reuniones-bilaterales-del-atit\/atas-de-reunioes-bilaterales-chile-uruguai\/\",\"name\":\"Actas de Reuniones Bilaterales Chile \u2013 Uruguay - ALADI\",\"isPartOf\":{\"@id\":\"https:\/\/www.aladi.org\/#website\"},\"datePublished\":\"2024-11-18T19:50:25+00:00\",\"dateModified\":\"2026-01-29T13:59:19+00:00\",\"breadcrumb\":{\"@id\":\"https:\/\/www.aladi.org\/pt\/infraestructura-e-logistica\/transporte\/actas-de-reuniones-bilaterales-del-atit\/atas-de-reunioes-bilaterales-chile-uruguai\/#breadcrumb\"},\"inLanguage\":\"pt-BR\",\"potentialAction\":[{\"@type\":\"ReadAction\",\"target\":[\"https:\/\/www.aladi.org\/pt\/infraestructura-e-logistica\/transporte\/actas-de-reuniones-bilaterales-del-atit\/atas-de-reunioes-bilaterales-chile-uruguai\/\"]}]},{\"@type\":\"BreadcrumbList\",\"@id\":\"https:\/\/www.aladi.org\/pt\/infraestructura-e-logistica\/transporte\/actas-de-reuniones-bilaterales-del-atit\/atas-de-reunioes-bilaterales-chile-uruguai\/#breadcrumb\",\"itemListElement\":[{\"@type\":\"ListItem\",\"position\":1,\"name\":\"Home\",\"item\":\"https:\/\/www.aladi.org\/\"},{\"@type\":\"ListItem\",\"position\":2,\"name\":\"Infraestructura e log\u00edstica\",\"item\":\"https:\/\/www.aladi.org\/infraestructura-y-logistica\/\"},{\"@type\":\"ListItem\",\"position\":3,\"name\":\"Transporte\",\"item\":\"https:\/\/www.aladi.org\/infraestructura-y-logistica\/transporte\/\"},{\"@type\":\"ListItem\",\"position\":4,\"name\":\"Actas de Reuniones Bilaterales del ATIT\",\"item\":\"https:\/\/www.aladi.org\/infraestructura-y-logistica\/transporte\/actas-de-reuniones-bilaterales-del-atit\/\"},{\"@type\":\"ListItem\",\"position\":5,\"name\":\"Atas de Reuni\u00f5es Bilaterales Chile - Uruguai\"}]},{\"@type\":\"WebSite\",\"@id\":\"https:\/\/www.aladi.org\/pt\/#website\",\"url\":\"https:\/\/www.aladi.org\/pt\/\",\"name\":\"ALADI\",\"description\":\"Asociaci\u00f3n Latinoamericana de Integraci\u00f3n\",\"publisher\":{\"@id\":\"https:\/\/www.aladi.org\/pt\/#organization\"},\"potentialAction\":[{\"@type\":\"SearchAction\",\"target\":{\"@type\":\"EntryPoint\",\"urlTemplate\":\"https:\/\/www.aladi.org\/pt\/?s={search_term_string}\"},\"query-input\":{\"@type\":\"PropertyValueSpecification\",\"valueRequired\":true,\"valueName\":\"search_term_string\"}}],\"inLanguage\":\"pt-BR\"},{\"@type\":\"Organization\",\"@id\":\"https:\/\/www.aladi.org\/pt\/#organization\",\"name\":\"ALADI\",\"url\":\"https:\/\/www.aladi.org\/pt\/\",\"logo\":{\"@type\":\"ImageObject\",\"inLanguage\":\"pt-BR\",\"@id\":\"https:\/\/www.aladi.org\/pt\/#\/schema\/logo\/image\/\",\"url\":\"https:\/\/www.aladi.org\/wp-content\/uploads\/2025\/12\/Logo-ALADI.png\",\"contentUrl\":\"https:\/\/www.aladi.org\/wp-content\/uploads\/2025\/12\/Logo-ALADI.png\",\"width\":375,\"height\":235,\"caption\":\"ALADI\"},\"image\":{\"@id\":\"https:\/\/www.aladi.org\/pt\/#\/schema\/logo\/image\/\"},\"sameAs\":[\"https:\/\/es-la.facebook.com\/people\/ALADI\/100064606213084\/\",\"https:\/\/x.com\/ALADI_SG\",\"https:\/\/www.instagram.com\/aladi_sg\/?hl=es\",\"https:\/\/www.linkedin.com\/company\/aladi\/\",\"https:\/\/www.flickr.com\/photos\/aladi\/\",\"https:\/\/www.youtube.com\/channel\/UCrkJWOWHKF6igQmWE8Clnpg\"]}]}<\/script>\n<!-- \/ Yoast SEO plugin. -->","yoast_head_json":{"title":"Atas de Reuni\u00f5es Bilaterales Chile - Uruguai","robots":{"index":"index","follow":"follow","max-snippet":"max-snippet:-1","max-image-preview":"max-image-preview:large","max-video-preview":"max-video-preview:-1"},"og_locale":"pt_BR","og_type":"article","og_title":"Atas de Reuni\u00f5es Bilaterales Chile - Uruguai","og_url":"https:\/\/www.aladi.org\/pt\/infraestructura-e-logistica\/transporte\/actas-de-reuniones-bilaterales-del-atit\/atas-de-reunioes-bilaterales-chile-uruguai\/","og_site_name":"ALADI","article_publisher":"https:\/\/es-la.facebook.com\/people\/ALADI\/100064606213084\/","article_modified_time":"2026-01-29T13:59:19+00:00","twitter_card":"summary_large_image","twitter_site":"@ALADI_SG","schema":{"@context":"https:\/\/schema.org","@graph":[{"@type":"WebPage","@id":"https:\/\/www.aladi.org\/pt\/infraestructura-e-logistica\/transporte\/actas-de-reuniones-bilaterales-del-atit\/atas-de-reunioes-bilaterales-chile-uruguai\/","url":"https:\/\/www.aladi.org\/pt\/infraestructura-e-logistica\/transporte\/actas-de-reuniones-bilaterales-del-atit\/atas-de-reunioes-bilaterales-chile-uruguai\/","name":"Actas de Reuniones Bilaterales Chile \u2013 Uruguay - ALADI","isPartOf":{"@id":"https:\/\/www.aladi.org\/#website"},"datePublished":"2024-11-18T19:50:25+00:00","dateModified":"2026-01-29T13:59:19+00:00","breadcrumb":{"@id":"https:\/\/www.aladi.org\/pt\/infraestructura-e-logistica\/transporte\/actas-de-reuniones-bilaterales-del-atit\/atas-de-reunioes-bilaterales-chile-uruguai\/#breadcrumb"},"inLanguage":"pt-BR","potentialAction":[{"@type":"ReadAction","target":["https:\/\/www.aladi.org\/pt\/infraestructura-e-logistica\/transporte\/actas-de-reuniones-bilaterales-del-atit\/atas-de-reunioes-bilaterales-chile-uruguai\/"]}]},{"@type":"BreadcrumbList","@id":"https:\/\/www.aladi.org\/pt\/infraestructura-e-logistica\/transporte\/actas-de-reuniones-bilaterales-del-atit\/atas-de-reunioes-bilaterales-chile-uruguai\/#breadcrumb","itemListElement":[{"@type":"ListItem","position":1,"name":"Home","item":"https:\/\/www.aladi.org\/"},{"@type":"ListItem","position":2,"name":"Infraestructura e log\u00edstica","item":"https:\/\/www.aladi.org\/infraestructura-y-logistica\/"},{"@type":"ListItem","position":3,"name":"Transporte","item":"https:\/\/www.aladi.org\/infraestructura-y-logistica\/transporte\/"},{"@type":"ListItem","position":4,"name":"Actas de Reuniones Bilaterales del ATIT","item":"https:\/\/www.aladi.org\/infraestructura-y-logistica\/transporte\/actas-de-reuniones-bilaterales-del-atit\/"},{"@type":"ListItem","position":5,"name":"Atas de Reuni\u00f5es Bilaterales Chile - Uruguai"}]},{"@type":"WebSite","@id":"https:\/\/www.aladi.org\/pt\/#website","url":"https:\/\/www.aladi.org\/pt\/","name":"ALADI","description":"Asociaci\u00f3n Latinoamericana de Integraci\u00f3n","publisher":{"@id":"https:\/\/www.aladi.org\/pt\/#organization"},"potentialAction":[{"@type":"SearchAction","target":{"@type":"EntryPoint","urlTemplate":"https:\/\/www.aladi.org\/pt\/?s={search_term_string}"},"query-input":{"@type":"PropertyValueSpecification","valueRequired":true,"valueName":"search_term_string"}}],"inLanguage":"pt-BR"},{"@type":"Organization","@id":"https:\/\/www.aladi.org\/pt\/#organization","name":"ALADI","url":"https:\/\/www.aladi.org\/pt\/","logo":{"@type":"ImageObject","inLanguage":"pt-BR","@id":"https:\/\/www.aladi.org\/pt\/#\/schema\/logo\/image\/","url":"https:\/\/www.aladi.org\/wp-content\/uploads\/2025\/12\/Logo-ALADI.png","contentUrl":"https:\/\/www.aladi.org\/wp-content\/uploads\/2025\/12\/Logo-ALADI.png","width":375,"height":235,"caption":"ALADI"},"image":{"@id":"https:\/\/www.aladi.org\/pt\/#\/schema\/logo\/image\/"},"sameAs":["https:\/\/es-la.facebook.com\/people\/ALADI\/100064606213084\/","https:\/\/x.com\/ALADI_SG","https:\/\/www.instagram.com\/aladi_sg\/?hl=es","https:\/\/www.linkedin.com\/company\/aladi\/","https:\/\/www.flickr.com\/photos\/aladi\/","https:\/\/www.youtube.com\/channel\/UCrkJWOWHKF6igQmWE8Clnpg"]}]}},"jetpack_sharing_enabled":true,"_links":{"self":[{"href":"https:\/\/www.aladi.org\/pt\/wp-json\/wp\/v2\/pages\/5359","targetHints":{"allow":["GET"]}}],"collection":[{"href":"https:\/\/www.aladi.org\/pt\/wp-json\/wp\/v2\/pages"}],"about":[{"href":"https:\/\/www.aladi.org\/pt\/wp-json\/wp\/v2\/types\/page"}],"author":[{"embeddable":true,"href":"https:\/\/www.aladi.org\/pt\/wp-json\/wp\/v2\/users\/2"}],"replies":[{"embeddable":true,"href":"https:\/\/www.aladi.org\/pt\/wp-json\/wp\/v2\/comments?post=5359"}],"version-history":[{"count":4,"href":"https:\/\/www.aladi.org\/pt\/wp-json\/wp\/v2\/pages\/5359\/revisions"}],"predecessor-version":[{"id":9739,"href":"https:\/\/www.aladi.org\/pt\/wp-json\/wp\/v2\/pages\/5359\/revisions\/9739"}],"up":[{"embeddable":true,"href":"https:\/\/www.aladi.org\/pt\/wp-json\/wp\/v2\/pages\/3828"}],"wp:attachment":[{"href":"https:\/\/www.aladi.org\/pt\/wp-json\/wp\/v2\/media?parent=5359"}],"curies":[{"name":"wp","href":"https:\/\/api.w.org\/{rel}","templated":true}]}}