{"id":5356,"date":"2024-11-18T19:47:00","date_gmt":"2024-11-18T19:47:00","guid":{"rendered":"https:\/\/sitio.aladi.org\/?page_id=5356"},"modified":"2026-01-29T13:57:14","modified_gmt":"2026-01-29T13:57:14","slug":"actas-de-reuniones-bilaterales-chile-peru","status":"publish","type":"page","link":"https:\/\/www.aladi.org\/pt\/infraestructura-e-logistica\/transporte\/actas-de-reuniones-bilaterales-del-atit\/atas-de-reunioes-bilaterales-chile-peru\/","title":{"rendered":"Atas de Reuni\u00f5es Bilaterales Chile - Per\u00fa"},"content":{"rendered":"<div>Actas de Reuniones Bilaterales del ATIT<\/p>\n<div class=\"entry-content\"><\/div>\n<\/div>\n<h1><strong>Actas de Reuniones Bilaterales Chile -Per\u00fa<\/strong><\/h1>\n<div>\n<table id=\"tablepress-21\" class=\"tablepress tablepress-id-21\">\n<thead>\n<tr class=\"row-1 odd\">\n<th class=\"column-1\">Lugar\/Sede<\/th>\n<th class=\"column-2\">Fecha<\/th>\n<th class=\"column-3\">Tema<\/th>\n<th class=\"column-4\">Acta<\/th>\n<\/tr>\n<\/thead>\n<tbody class=\"row-hover\">\n<tr class=\"row-2 even\">\n<td class=\"column-1\">Tacna, PE<\/td>\n<td class=\"column-2\">1990, diciembre, 19 y 20 <\/td>\n<td class=\"column-3\">II Reuni\u00f3n Bilateral de los Organismos de Aplicaci\u00f3n del CTIT<\/td>\n<td class=\"column-4\"><a href=\"https:\/\/www2.aladi.org\/sitioAladi\/documentos\/facilitacionComercio\/ActasChilePeru\/1990 II Reunion peruana-chilena CTIT.pdf\"><span class=\"el-image uk-icon\" uk-icon=\"icon: file-pdf;\"><\/span><\/a><\/td>\n<\/tr>\n<tr class=\"row-3 odd\">\n<td class=\"column-1\">Tacna, PE; y Lima, PE<\/td>\n<td class=\"column-2\">1999, junio 30 y julio 01-02<\/td>\n<td class=\"column-3\">III Reuni\u00f3n Bilateral de los Organismos de Aplicaci\u00f3n del ATIT<\/td>\n<td class=\"column-4\"><a href=\"https:\/\/www2.aladi.org\/sitioAladi\/documentos\/facilitacionComercio\/ActasChilePeru\/1999 III Reunion chileno-peruana CTIT.pdf\"><span class=\"el-image uk-icon\" uk-icon=\"icon: file-pdf;\"><\/span><\/a><\/td>\n<\/tr>\n<tr class=\"row-4 even\">\n<td class=\"column-1\">Santiago, CH<\/td>\n<td class=\"column-2\">2009, agosto, 07<\/td>\n<td class=\"column-3\">IV Reuni\u00f3n Bilateral de los Organismos de Aplicaci\u00f3n del ATIT<\/td>\n<td class=\"column-4\"><a href=\"https:\/\/www2.aladi.org\/sitioAladi\/documentos\/facilitacionComercio\/ActasChilePeru\/2009 IV Reunion chileno-peruana ATIT.pdf\"><span class=\"el-image uk-icon\" uk-icon=\"icon: file-pdf;\"><\/span><\/a><\/td>\n<\/tr>\n<tr class=\"row-5 odd\">\n<td class=\"column-1\">Lima, PE<\/td>\n<td class=\"column-2\">2010, enero, 21<\/td>\n<td class=\"column-3\">V Reuni\u00f3n Bilateral de los Organismos de Aplicaci\u00f3n del ATIT<\/td>\n<td class=\"column-4\"><a href=\"https:\/\/www2.aladi.org\/sitioAladi\/documentos\/facilitacionComercio\/ActasChilePeru\/2010 V Reunion peruano-chilena ATIT.pdf\"><span class=\"el-image uk-icon\" uk-icon=\"icon: file-pdf;\"><\/span><\/a><\/td>\n<\/tr>\n<tr class=\"row-6 even\">\n<td class=\"column-1\">Lima, PE<\/td>\n<td class=\"column-2\">2011, junio, 16 y 17<\/td>\n<td class=\"column-3\">VI Reuni\u00f3n Bilateral de los Organismos de Aplicaci\u00f3n del ATIT<\/td>\n<td class=\"column-4\"><a href=\"https:\/\/www2.aladi.org\/sitioAladi\/documentos\/facilitacionComercio\/ActasChilePeru\/2011 VI Reunion peruano-chilena ATIT.pdf\"><span class=\"el-image uk-icon\" uk-icon=\"icon: file-pdf;\"><\/span><\/a><\/td>\n<\/tr>\n<tr class=\"row-7 odd\">\n<td class=\"column-1\">Lima, PE<\/td>\n<td class=\"column-2\">2012, junio, 21 y 22<\/td>\n<td class=\"column-3\">VII Reuni\u00f3n Bilateral de los Organismos de Aplicaci\u00f3n del ATIT<\/td>\n<td class=\"column-4\"><a href=\"https:\/\/www2.aladi.org\/sitioAladi\/documentos\/facilitacionComercio\/ActasChilePeru\/2012 VII Reunion peruano-chilena ATIT.pdf\"><span class=\"el-image uk-icon\" uk-icon=\"icon: file-pdf;\"><\/span><\/a><\/td>\n<\/tr>\n<tr class=\"row-8 even\">\n<td class=\"column-1\">Reuni\u00f3n Virtual<\/td>\n<td class=\"column-2\">2020, octubre, 14<\/td>\n<td class=\"column-3\">VIII Reuni\u00f3n Bilateral de los Organismos de Aplicaci\u00f3n del ATIT<\/td>\n<td class=\"column-4\"><a href=\"https:\/\/www2.aladi.org\/sitioAladi\/documentos\/facilitacionComercio\/ActasChilePeru\/2020 VIII reunion chileno-peruana ATIT.pdf\"><span class=\"el-image uk-icon\" uk-icon=\"icon: file-pdf;\"><\/span><\/a><\/td>\n<\/tr>\n<tr class=\"row-9 odd\">\n<td class=\"column-1\">Reuni\u00f3n Virtual<\/td>\n<td class=\"column-2\">2022, abril, 29<\/td>\n<td class=\"column-3\">Reuni\u00f3n Bilateral Extraordinaria de los Organismos de Aplicaci\u00f3n del ATIT<\/td>\n<td class=\"column-4\"><a href=\"https:\/\/www2.aladi.org\/sitioAladi\/documentos\/facilitacionComercio\/ActasChilePeru\/2022 Reunion Extraordinaria peruano-chilena ATIT.pdf\"><span class=\"el-image uk-icon\" uk-icon=\"icon: file-pdf;\"><\/span><\/a><\/td>\n<\/tr>\n<tr class=\"row-10 even\">\n<td class=\"column-1\">Lima, PE<\/td>\n<td class=\"column-2\">2024, marzo, 8<\/td>\n<td class=\"column-3\">IX Reuni\u00f3n Bilateral de los Organismos de Aplicaci\u00f3n del ATIT<\/td>\n<td class=\"column-4\"><a href=\"https:\/\/www2.aladi.org\/sitioAladi\/documentos\/facilitacionComercio\/ActasChilePeru\/2024 IX Reunion peruano-chilena ATIT.pdf\"><span class=\"el-image uk-icon\" uk-icon=\"icon: file-pdf;\"><\/span><\/a><\/td>\n<\/tr>\n<\/tbody>\n<\/table>\n<\/div>\n<p><!--more--><br \/>\n<!-- {\"type\":\"layout\",\"children\":[{\"type\":\"section\",\"props\":{\"image_loading\":true,\"image_position\":\"top-center\",\"media_visibility\":\"m\",\"padding\":\"xsmall\",\"padding_remove_horizontal\":false,\"padding_remove_top\":false,\"style\":\"default\",\"title_breakpoint\":\"xl\",\"title_position\":\"top-left\",\"title_rotation\":\"left\",\"vertical_align\":\"\",\"width\":\"xlarge\"},\"children\":[{\"type\":\"row\",\"props\":{\"width\":\"xlarge\"},\"children\":[{\"type\":\"column\",\"props\":{\"image_position\":\"center-center\",\"position_sticky_breakpoint\":\"m\"},\"children\":[{\"type\":\"breadcrumbs\",\"props\":{\"margin\":\"remove-vertical\",\"margin_remove_top\":true,\"show_current\":true,\"show_home\":true}}]}]},{\"type\":\"row\",\"props\":{\"margin_remove_bottom\":false,\"width\":\"xlarge\"},\"children\":[{\"type\":\"column\",\"props\":{\"image_position\":\"center-center\",\"image_size\":\"cover\",\"padding\":\"none\",\"position_sticky_breakpoint\":\"m\",\"vertical_align\":\"middle\"},\"children\":[{\"type\":\"headline\",\"props\":{\"content\":\"Actas de Reuniones Bilaterales del ATIT\\n\n\n<div class=\\\"entry-content\\\"><\\\/div>\",\"content_pt_br\":\"Atas de Reuni\\u00f5es Bilaterales do ATIT\\n\n\n<div class=\\\"entry-content\\\"><\\\/div>\",\"link_style\":false,\"title_color\":\"primary\",\"title_element\":\"div\",\"title_style\":\"h6\"}},{\"type\":\"headline\",\"props\":{\"content\":\"<strong>Actas de Reuniones Bilaterales Chile -Per\\u00fa<\\\/strong>\",\"content_pt_br\":\"<strong>Atas de Reuni\\u00f5es Bilaterales Chile - Per\\u00fa<\\\/strong>\",\"margin\":\"medium\",\"margin_remove_bottom\":false,\"margin_remove_top\":false,\"maxwidth\":\"xlarge\",\"text_align\":\"left\",\"text_align_fallback\":\"center\",\"title_color\":\"secondary\",\"title_element\":\"h1\",\"title_style\":\"h1\"}}]}]}],\"name\":\"T\\u00edtulos\"},{\"type\":\"section\",\"props\":{\"image_position\":\"center-center\",\"style\":\"default\",\"title_breakpoint\":\"xl\",\"title_position\":\"top-left\",\"title_rotation\":\"left\",\"vertical_align\":\"middle\",\"width\":\"default\"},\"children\":[{\"type\":\"row\",\"children\":[{\"type\":\"column\",\"props\":{\"image_position\":\"center-center\",\"position_sticky_breakpoint\":\"m\"},\"children\":[{\"type\":\"html\",\"props\":{\"content\":\"\n\n<table id=\\\"tablepress-21\\\" class=\\\"tablepress tablepress-id-21\\\">\\n\n\n<thead>\\n\n\n<tr class=\\\"row-1 odd\\\">\\n\\t\n\n<th class=\\\"column-1\\\">Lugar\\\/Sede<\\\/th>\n\n<th class=\\\"column-2\\\">Fecha<\\\/th>\n\n<th class=\\\"column-3\\\">Tema<\\\/th>\n\n<th class=\\\"column-4\\\">Acta<\\\/th>\\n<\\\/tr>\\n<\\\/thead>\\n\n\n<tbody class=\\\"row-hover\\\">\\n\n\n<tr class=\\\"row-2 even\\\">\\n\\t\n\n<td class=\\\"column-1\\\">Tacna, PE<\\\/td>\n\n<td class=\\\"column-2\\\">1990, diciembre, 19 y 20 <\\\/td>\n\n<td class=\\\"column-3\\\">II Reuni\\u00f3n Bilateral de los Organismos de Aplicaci\\u00f3n del CTIT<\\\/td>\n\n<td class=\\\"column-4\\\"><a href=\\\"https:\\\/\\\/www2.aladi.org\\\/sitioAladi\\\/documentos\\\/facilitacionComercio\\\/ActasChilePeru\\\/1990 II Reunion peruana-chilena CTIT.pdf\\\"><span class=\\\"el-image uk-icon\\\" uk-icon=\\\"icon: file-pdf;\\\"><\\\/span><\\\/a><\\\/td>\\n<\\\/tr>\\n\n\n<tr class=\\\"row-3 odd\\\">\\n\\t\n\n<td class=\\\"column-1\\\">Tacna, PE; y Lima, PE<\\\/td>\n\n<td class=\\\"column-2\\\">1999, junio 30 y julio 01-02<\\\/td>\n\n<td class=\\\"column-3\\\">III Reuni\\u00f3n Bilateral de los Organismos de Aplicaci\\u00f3n del ATIT<\\\/td>\n\n<td class=\\\"column-4\\\"><a href=\\\"https:\\\/\\\/www2.aladi.org\\\/sitioAladi\\\/documentos\\\/facilitacionComercio\\\/ActasChilePeru\\\/1999 III Reunion chileno-peruana CTIT.pdf\\\"><span class=\\\"el-image uk-icon\\\" uk-icon=\\\"icon: file-pdf;\\\"><\\\/span><\\\/a><\\\/td>\\n<\\\/tr>\\n\n\n<tr class=\\\"row-4 even\\\">\\n\\t\n\n<td class=\\\"column-1\\\">Santiago, CH<\\\/td>\n\n<td class=\\\"column-2\\\">2009, agosto, 07<\\\/td>\n\n<td class=\\\"column-3\\\">IV Reuni\\u00f3n Bilateral de los Organismos de Aplicaci\\u00f3n del ATIT<\\\/td>\n\n<td class=\\\"column-4\\\"><a href=\\\"https:\\\/\\\/www2.aladi.org\\\/sitioAladi\\\/documentos\\\/facilitacionComercio\\\/ActasChilePeru\\\/2009 IV Reunion chileno-peruana ATIT.pdf\\\"><span class=\\\"el-image uk-icon\\\" uk-icon=\\\"icon: file-pdf;\\\"><\\\/span><\\\/a><\\\/td>\\n<\\\/tr>\\n\n\n<tr class=\\\"row-5 odd\\\">\\n\\t\n\n<td class=\\\"column-1\\\">Lima, PE<\\\/td>\n\n<td class=\\\"column-2\\\">2010, enero, 21<\\\/td>\n\n<td class=\\\"column-3\\\">V Reuni\\u00f3n Bilateral de los Organismos de Aplicaci\\u00f3n del ATIT<\\\/td>\n\n<td class=\\\"column-4\\\"><a href=\\\"https:\\\/\\\/www2.aladi.org\\\/sitioAladi\\\/documentos\\\/facilitacionComercio\\\/ActasChilePeru\\\/2010 V Reunion peruano-chilena ATIT.pdf\\\"><span class=\\\"el-image uk-icon\\\" uk-icon=\\\"icon: file-pdf;\\\"><\\\/span><\\\/a><\\\/td>\\n<\\\/tr>\\n\n\n<tr class=\\\"row-6 even\\\">\\n\\t\n\n<td class=\\\"column-1\\\">Lima, PE<\\\/td>\n\n<td class=\\\"column-2\\\">2011, junio, 16 y 17<\\\/td>\n\n<td class=\\\"column-3\\\">VI Reuni\\u00f3n Bilateral de los Organismos de Aplicaci\\u00f3n del ATIT<\\\/td>\n\n<td class=\\\"column-4\\\"><a href=\\\"https:\\\/\\\/www2.aladi.org\\\/sitioAladi\\\/documentos\\\/facilitacionComercio\\\/ActasChilePeru\\\/2011 VI Reunion peruano-chilena ATIT.pdf\\\"><span class=\\\"el-image uk-icon\\\" uk-icon=\\\"icon: file-pdf;\\\"><\\\/span><\\\/a><\\\/td>\\n<\\\/tr>\\n\n\n<tr class=\\\"row-7 odd\\\">\\n\\t\n\n<td class=\\\"column-1\\\">Lima, PE<\\\/td>\n\n<td class=\\\"column-2\\\">2012, junio, 21 y 22<\\\/td>\n\n<td class=\\\"column-3\\\">VII Reuni\\u00f3n Bilateral de los Organismos de Aplicaci\\u00f3n del ATIT<\\\/td>\n\n<td class=\\\"column-4\\\"><a href=\\\"https:\\\/\\\/www2.aladi.org\\\/sitioAladi\\\/documentos\\\/facilitacionComercio\\\/ActasChilePeru\\\/2012 VII Reunion peruano-chilena ATIT.pdf\\\"><span class=\\\"el-image uk-icon\\\" uk-icon=\\\"icon: file-pdf;\\\"><\\\/span><\\\/a><\\\/td>\\n<\\\/tr>\\n\n\n<tr class=\\\"row-8 even\\\">\\n\\t\n\n<td class=\\\"column-1\\\">Reuni\\u00f3n Virtual<\\\/td>\n\n<td class=\\\"column-2\\\">2020, octubre, 14<\\\/td>\n\n<td class=\\\"column-3\\\">VIII Reuni\\u00f3n Bilateral de los Organismos de Aplicaci\\u00f3n del ATIT<\\\/td>\n\n<td class=\\\"column-4\\\"><a href=\\\"https:\\\/\\\/www2.aladi.org\\\/sitioAladi\\\/documentos\\\/facilitacionComercio\\\/ActasChilePeru\\\/2020 VIII reunion chileno-peruana ATIT.pdf\\\"><span class=\\\"el-image uk-icon\\\" uk-icon=\\\"icon: file-pdf;\\\"><\\\/span><\\\/a><\\\/td>\\n<\\\/tr>\\n\n\n<tr class=\\\"row-9 odd\\\">\\n\\t\n\n<td class=\\\"column-1\\\">Reuni\\u00f3n Virtual<\\\/td>\n\n<td class=\\\"column-2\\\">2022, abril, 29<\\\/td>\n\n<td class=\\\"column-3\\\">Reuni\\u00f3n Bilateral Extraordinaria de los Organismos de Aplicaci\\u00f3n del ATIT<\\\/td>\n\n<td class=\\\"column-4\\\"><a href=\\\"https:\\\/\\\/www2.aladi.org\\\/sitioAladi\\\/documentos\\\/facilitacionComercio\\\/ActasChilePeru\\\/2022 Reunion Extraordinaria peruano-chilena ATIT.pdf\\\"><span class=\\\"el-image uk-icon\\\" uk-icon=\\\"icon: file-pdf;\\\"><\\\/span><\\\/a><\\\/td>\\n<\\\/tr>\\n\n\n<tr class=\\\"row-10 even\\\">\\n\\t\n\n<td class=\\\"column-1\\\">Lima, PE<\\\/td>\n\n<td class=\\\"column-2\\\">2024, marzo, 8<\\\/td>\n\n<td class=\\\"column-3\\\">IX Reuni\\u00f3n Bilateral de los Organismos de Aplicaci\\u00f3n del ATIT<\\\/td>\n\n<td class=\\\"column-4\\\"><a href=\\\"https:\\\/\\\/www2.aladi.org\\\/sitioAladi\\\/documentos\\\/facilitacionComercio\\\/ActasChilePeru\\\/2024 IX Reunion peruano-chilena ATIT.pdf\\\"><span class=\\\"el-image uk-icon\\\" uk-icon=\\\"icon: file-pdf;\\\"><\\\/span><\\\/a><\\\/td>\\n<\\\/tr>\\n<\\\/tbody>\\n<\\\/table>\\n\"}}]}]}]}],\"version\":\"4.4.12\"} --><\/p>\n","protected":false},"excerpt":{"rendered":"<p>Actas de Reuniones Bilaterales del ATIT Actas de Reuniones Bilaterales Chile -Per\u00fa Lugar\/Sede Fecha Tema Acta Tacna, PE 1990, diciembre, 19 y 20 II Reuni\u00f3n Bilateral de los Organismos de Aplicaci\u00f3n del CTIT Tacna, PE; y Lima, PE 1999, junio 30 y julio 01-02 III Reuni\u00f3n Bilateral de los Organismos de Aplicaci\u00f3n del ATIT Santiago, [&hellip;]<\/p>\n","protected":false},"author":2,"featured_media":0,"parent":3828,"menu_order":0,"comment_status":"closed","ping_status":"closed","template":"","meta":{"_acf_changed":false,"footnotes":""},"class_list":["post-5356","page","type-page","status-publish","hentry"],"acf":[],"yoast_head":"<!-- This site is optimized with the Yoast SEO plugin v26.5 - https:\/\/yoast.com\/wordpress\/plugins\/seo\/ -->\n<title>Atas de Reuni\u00f5es Bilaterales Chile - Per\u00fa<\/title>\n<meta name=\"robots\" content=\"index, follow, max-snippet:-1, max-image-preview:large, max-video-preview:-1\" \/>\n<meta property=\"og:locale\" content=\"pt_BR\" \/>\n<meta property=\"og:type\" content=\"article\" \/>\n<meta property=\"og:title\" content=\"Atas de Reuni\u00f5es Bilaterales Chile - Per\u00fa\" \/>\n<meta property=\"og:url\" content=\"https:\/\/www.aladi.org\/pt\/infraestructura-e-logistica\/transporte\/actas-de-reuniones-bilaterales-del-atit\/atas-de-reunioes-bilaterales-chile-peru\/\" \/>\n<meta property=\"og:site_name\" content=\"ALADI\" \/>\n<meta property=\"article:publisher\" content=\"https:\/\/es-la.facebook.com\/people\/ALADI\/100064606213084\/\" \/>\n<meta property=\"article:modified_time\" content=\"2026-01-29T13:57:14+00:00\" \/>\n<meta name=\"twitter:card\" content=\"summary_large_image\" \/>\n<meta name=\"twitter:site\" content=\"@ALADI_SG\" \/>\n<meta name=\"twitter:label1\" content=\"Est. reading time\" \/>\n\t<meta name=\"twitter:data1\" content=\"1 minute\" \/>\n<script type=\"application\/ld+json\" class=\"yoast-schema-graph\">{\"@context\":\"https:\/\/schema.org\",\"@graph\":[{\"@type\":\"WebPage\",\"@id\":\"https:\/\/www.aladi.org\/pt\/infraestructura-e-logistica\/transporte\/actas-de-reuniones-bilaterales-del-atit\/atas-de-reunioes-bilaterales-chile-peru\/\",\"url\":\"https:\/\/www.aladi.org\/pt\/infraestructura-e-logistica\/transporte\/actas-de-reuniones-bilaterales-del-atit\/atas-de-reunioes-bilaterales-chile-peru\/\",\"name\":\"Actas de Reuniones Bilaterales Chile -Per\u00fa - ALADI\",\"isPartOf\":{\"@id\":\"https:\/\/www.aladi.org\/#website\"},\"datePublished\":\"2024-11-18T19:47:00+00:00\",\"dateModified\":\"2026-01-29T13:57:14+00:00\",\"breadcrumb\":{\"@id\":\"https:\/\/www.aladi.org\/pt\/infraestructura-e-logistica\/transporte\/actas-de-reuniones-bilaterales-del-atit\/atas-de-reunioes-bilaterales-chile-peru\/#breadcrumb\"},\"inLanguage\":\"pt-BR\",\"potentialAction\":[{\"@type\":\"ReadAction\",\"target\":[\"https:\/\/www.aladi.org\/pt\/infraestructura-e-logistica\/transporte\/actas-de-reuniones-bilaterales-del-atit\/atas-de-reunioes-bilaterales-chile-peru\/\"]}]},{\"@type\":\"BreadcrumbList\",\"@id\":\"https:\/\/www.aladi.org\/pt\/infraestructura-e-logistica\/transporte\/actas-de-reuniones-bilaterales-del-atit\/atas-de-reunioes-bilaterales-chile-peru\/#breadcrumb\",\"itemListElement\":[{\"@type\":\"ListItem\",\"position\":1,\"name\":\"Home\",\"item\":\"https:\/\/www.aladi.org\/\"},{\"@type\":\"ListItem\",\"position\":2,\"name\":\"Infraestructura e log\u00edstica\",\"item\":\"https:\/\/www.aladi.org\/infraestructura-y-logistica\/\"},{\"@type\":\"ListItem\",\"position\":3,\"name\":\"Transporte\",\"item\":\"https:\/\/www.aladi.org\/infraestructura-y-logistica\/transporte\/\"},{\"@type\":\"ListItem\",\"position\":4,\"name\":\"Actas de Reuniones Bilaterales del ATIT\",\"item\":\"https:\/\/www.aladi.org\/infraestructura-y-logistica\/transporte\/actas-de-reuniones-bilaterales-del-atit\/\"},{\"@type\":\"ListItem\",\"position\":5,\"name\":\"Atas de Reuni\u00f5es Bilaterales Chile - Per\u00fa\"}]},{\"@type\":\"WebSite\",\"@id\":\"https:\/\/www.aladi.org\/pt\/#website\",\"url\":\"https:\/\/www.aladi.org\/pt\/\",\"name\":\"ALADI\",\"description\":\"Asociaci\u00f3n Latinoamericana de Integraci\u00f3n\",\"publisher\":{\"@id\":\"https:\/\/www.aladi.org\/pt\/#organization\"},\"potentialAction\":[{\"@type\":\"SearchAction\",\"target\":{\"@type\":\"EntryPoint\",\"urlTemplate\":\"https:\/\/www.aladi.org\/pt\/?s={search_term_string}\"},\"query-input\":{\"@type\":\"PropertyValueSpecification\",\"valueRequired\":true,\"valueName\":\"search_term_string\"}}],\"inLanguage\":\"pt-BR\"},{\"@type\":\"Organization\",\"@id\":\"https:\/\/www.aladi.org\/pt\/#organization\",\"name\":\"ALADI\",\"url\":\"https:\/\/www.aladi.org\/pt\/\",\"logo\":{\"@type\":\"ImageObject\",\"inLanguage\":\"pt-BR\",\"@id\":\"https:\/\/www.aladi.org\/pt\/#\/schema\/logo\/image\/\",\"url\":\"https:\/\/www.aladi.org\/wp-content\/uploads\/2025\/12\/Logo-ALADI.png\",\"contentUrl\":\"https:\/\/www.aladi.org\/wp-content\/uploads\/2025\/12\/Logo-ALADI.png\",\"width\":375,\"height\":235,\"caption\":\"ALADI\"},\"image\":{\"@id\":\"https:\/\/www.aladi.org\/pt\/#\/schema\/logo\/image\/\"},\"sameAs\":[\"https:\/\/es-la.facebook.com\/people\/ALADI\/100064606213084\/\",\"https:\/\/x.com\/ALADI_SG\",\"https:\/\/www.instagram.com\/aladi_sg\/?hl=es\",\"https:\/\/www.linkedin.com\/company\/aladi\/\",\"https:\/\/www.flickr.com\/photos\/aladi\/\",\"https:\/\/www.youtube.com\/channel\/UCrkJWOWHKF6igQmWE8Clnpg\"]}]}<\/script>\n<!-- \/ Yoast SEO plugin. -->","yoast_head_json":{"title":"Atas de Reuni\u00f5es Bilaterales Chile - Per\u00fa","robots":{"index":"index","follow":"follow","max-snippet":"max-snippet:-1","max-image-preview":"max-image-preview:large","max-video-preview":"max-video-preview:-1"},"og_locale":"pt_BR","og_type":"article","og_title":"Atas de Reuni\u00f5es Bilaterales Chile - Per\u00fa","og_url":"https:\/\/www.aladi.org\/pt\/infraestructura-e-logistica\/transporte\/actas-de-reuniones-bilaterales-del-atit\/atas-de-reunioes-bilaterales-chile-peru\/","og_site_name":"ALADI","article_publisher":"https:\/\/es-la.facebook.com\/people\/ALADI\/100064606213084\/","article_modified_time":"2026-01-29T13:57:14+00:00","twitter_card":"summary_large_image","twitter_site":"@ALADI_SG","twitter_misc":{"Est. reading time":"1 minute"},"schema":{"@context":"https:\/\/schema.org","@graph":[{"@type":"WebPage","@id":"https:\/\/www.aladi.org\/pt\/infraestructura-e-logistica\/transporte\/actas-de-reuniones-bilaterales-del-atit\/atas-de-reunioes-bilaterales-chile-peru\/","url":"https:\/\/www.aladi.org\/pt\/infraestructura-e-logistica\/transporte\/actas-de-reuniones-bilaterales-del-atit\/atas-de-reunioes-bilaterales-chile-peru\/","name":"Actas de Reuniones Bilaterales Chile -Per\u00fa - ALADI","isPartOf":{"@id":"https:\/\/www.aladi.org\/#website"},"datePublished":"2024-11-18T19:47:00+00:00","dateModified":"2026-01-29T13:57:14+00:00","breadcrumb":{"@id":"https:\/\/www.aladi.org\/pt\/infraestructura-e-logistica\/transporte\/actas-de-reuniones-bilaterales-del-atit\/atas-de-reunioes-bilaterales-chile-peru\/#breadcrumb"},"inLanguage":"pt-BR","potentialAction":[{"@type":"ReadAction","target":["https:\/\/www.aladi.org\/pt\/infraestructura-e-logistica\/transporte\/actas-de-reuniones-bilaterales-del-atit\/atas-de-reunioes-bilaterales-chile-peru\/"]}]},{"@type":"BreadcrumbList","@id":"https:\/\/www.aladi.org\/pt\/infraestructura-e-logistica\/transporte\/actas-de-reuniones-bilaterales-del-atit\/atas-de-reunioes-bilaterales-chile-peru\/#breadcrumb","itemListElement":[{"@type":"ListItem","position":1,"name":"Home","item":"https:\/\/www.aladi.org\/"},{"@type":"ListItem","position":2,"name":"Infraestructura e log\u00edstica","item":"https:\/\/www.aladi.org\/infraestructura-y-logistica\/"},{"@type":"ListItem","position":3,"name":"Transporte","item":"https:\/\/www.aladi.org\/infraestructura-y-logistica\/transporte\/"},{"@type":"ListItem","position":4,"name":"Actas de Reuniones Bilaterales del ATIT","item":"https:\/\/www.aladi.org\/infraestructura-y-logistica\/transporte\/actas-de-reuniones-bilaterales-del-atit\/"},{"@type":"ListItem","position":5,"name":"Atas de Reuni\u00f5es Bilaterales Chile - Per\u00fa"}]},{"@type":"WebSite","@id":"https:\/\/www.aladi.org\/pt\/#website","url":"https:\/\/www.aladi.org\/pt\/","name":"ALADI","description":"Asociaci\u00f3n Latinoamericana de Integraci\u00f3n","publisher":{"@id":"https:\/\/www.aladi.org\/pt\/#organization"},"potentialAction":[{"@type":"SearchAction","target":{"@type":"EntryPoint","urlTemplate":"https:\/\/www.aladi.org\/pt\/?s={search_term_string}"},"query-input":{"@type":"PropertyValueSpecification","valueRequired":true,"valueName":"search_term_string"}}],"inLanguage":"pt-BR"},{"@type":"Organization","@id":"https:\/\/www.aladi.org\/pt\/#organization","name":"ALADI","url":"https:\/\/www.aladi.org\/pt\/","logo":{"@type":"ImageObject","inLanguage":"pt-BR","@id":"https:\/\/www.aladi.org\/pt\/#\/schema\/logo\/image\/","url":"https:\/\/www.aladi.org\/wp-content\/uploads\/2025\/12\/Logo-ALADI.png","contentUrl":"https:\/\/www.aladi.org\/wp-content\/uploads\/2025\/12\/Logo-ALADI.png","width":375,"height":235,"caption":"ALADI"},"image":{"@id":"https:\/\/www.aladi.org\/pt\/#\/schema\/logo\/image\/"},"sameAs":["https:\/\/es-la.facebook.com\/people\/ALADI\/100064606213084\/","https:\/\/x.com\/ALADI_SG","https:\/\/www.instagram.com\/aladi_sg\/?hl=es","https:\/\/www.linkedin.com\/company\/aladi\/","https:\/\/www.flickr.com\/photos\/aladi\/","https:\/\/www.youtube.com\/channel\/UCrkJWOWHKF6igQmWE8Clnpg"]}]}},"jetpack_sharing_enabled":true,"_links":{"self":[{"href":"https:\/\/www.aladi.org\/pt\/wp-json\/wp\/v2\/pages\/5356","targetHints":{"allow":["GET"]}}],"collection":[{"href":"https:\/\/www.aladi.org\/pt\/wp-json\/wp\/v2\/pages"}],"about":[{"href":"https:\/\/www.aladi.org\/pt\/wp-json\/wp\/v2\/types\/page"}],"author":[{"embeddable":true,"href":"https:\/\/www.aladi.org\/pt\/wp-json\/wp\/v2\/users\/2"}],"replies":[{"embeddable":true,"href":"https:\/\/www.aladi.org\/pt\/wp-json\/wp\/v2\/comments?post=5356"}],"version-history":[{"count":4,"href":"https:\/\/www.aladi.org\/pt\/wp-json\/wp\/v2\/pages\/5356\/revisions"}],"predecessor-version":[{"id":9736,"href":"https:\/\/www.aladi.org\/pt\/wp-json\/wp\/v2\/pages\/5356\/revisions\/9736"}],"up":[{"embeddable":true,"href":"https:\/\/www.aladi.org\/pt\/wp-json\/wp\/v2\/pages\/3828"}],"wp:attachment":[{"href":"https:\/\/www.aladi.org\/pt\/wp-json\/wp\/v2\/media?parent=5356"}],"curies":[{"name":"wp","href":"https:\/\/api.w.org\/{rel}","templated":true}]}}