{"id":4907,"date":"2024-11-11T13:14:30","date_gmt":"2024-11-11T13:14:30","guid":{"rendered":"https:\/\/sitio.aladi.org\/?page_id=4907"},"modified":"2025-09-09T18:33:38","modified_gmt":"2025-09-09T18:33:38","slug":"mas-publicaciones","status":"publish","type":"page","link":"https:\/\/www.aladi.org\/pt\/publicacoes-recentes\/mas-publicaciones\/","title":{"rendered":"M\u00e1s publicaciones"},"content":{"rendered":"<div>Publicaciones recientes<\/div>\n<h1><strong>M\u00e1s Publicaciones<\/strong><\/h1>\n<div>\n<p>Descubre m\u00e1s publicaciones agrupadas por tem\u00e1tica<\/p>\n<\/div>\n<div>\n\n    <form method=\"get\" class=\"aladi-rg-form form__custom-elemnts\">\n        \n        <div class=\"custom-select-wrapper uk-width-1-1\" data-csid=\"cs_6a075b750b960\">\n            <label for=\"filtro\">Tema:<\/label>\n\n                            <select name=\"filtro\" id=\"filtro\" onchange=\"this.form.submit()\">\n                    <option value=\"\">Seleccionar...<\/option>\n                                            <option value=\"Acuerdos\" >\n                            Acuerdos                        <\/option>\n                                            <option value=\"Aspectos Institucionales\" >\n                            Aspectos Institucionales                        <\/option>\n                                            <option value=\"Capacitaci\u00f3n\" >\n                            Capacitaci\u00f3n                        <\/option>\n                                            <option value=\"Comercio de Servicios\" >\n                            Comercio de Servicios                        <\/option>\n                                            <option value=\"Comercio Exterior\" >\n                            Comercio Exterior                        <\/option>\n                                            <option value=\"Comercio Intrarregional\" >\n                            Comercio Intrarregional                        <\/option>\n                                            <option value=\"Comercio y Medio Ambiente\" >\n                            Comercio y Medio Ambiente                        <\/option>\n                                            <option value=\"Comercio y Seguridad Alimentaria\" >\n                            Comercio y Seguridad Alimentaria                        <\/option>\n                                            <option value=\"Facilitaci\u00f3n del Comercio\" >\n                            Facilitaci\u00f3n del Comercio                        <\/option>\n                                            <option value=\"G\u00e9nero y Comercio\" >\n                            G\u00e9nero y Comercio                        <\/option>\n                                            <option value=\"Industrias Culturales e Integraci\u00f3n\" >\n                            Industrias Culturales e Integraci\u00f3n                        <\/option>\n                                            <option value=\"Informes de Consultor\u00eda\" >\n                            Informes de Consultor\u00eda                        <\/option>\n                                            <option value=\"Observatorio Am\u00e9rica Latina \u2013 Asia Pac\u00edfico\" >\n                            Observatorio Am\u00e9rica Latina \u2013 Asia Pac\u00edfico                        <\/option>\n                                            <option value=\"Pa\u00edses de Menor Desarrollo Econ\u00f3mico Relativo\" >\n                            Pa\u00edses de Menor Desarrollo Econ\u00f3mico Relativo                        <\/option>\n                                            <option value=\"Promoci\u00f3n del Comercio\" >\n                            Promoci\u00f3n del Comercio                        <\/option>\n                                    <\/select>\n                    <\/div>\n    <\/form>\n\n    \n    <\/div>\n<p><!--more--><br \/>\n<!-- {\"type\":\"layout\",\"children\":[{\"type\":\"section\",\"props\":{\"image_loading\":true,\"image_position\":\"top-center\",\"media_visibility\":\"m\",\"padding\":\"xsmall\",\"padding_remove_horizontal\":false,\"padding_remove_top\":false,\"style\":\"default\",\"title_breakpoint\":\"xl\",\"title_position\":\"top-left\",\"title_rotation\":\"left\",\"vertical_align\":\"\",\"width\":\"xlarge\"},\"children\":[{\"type\":\"row\",\"props\":{\"width\":\"xlarge\"},\"children\":[{\"type\":\"column\",\"props\":{\"image_position\":\"center-center\",\"position_sticky_breakpoint\":\"m\"},\"children\":[{\"type\":\"breadcrumbs\",\"props\":{\"margin\":\"remove-vertical\",\"margin_remove_top\":true,\"show_current\":true,\"show_home\":true}}]}]},{\"type\":\"row\",\"props\":{\"margin_remove_bottom\":false,\"width\":\"xlarge\"},\"children\":[{\"type\":\"column\",\"props\":{\"image_position\":\"center-center\",\"image_size\":\"cover\",\"padding\":\"none\",\"position_sticky_breakpoint\":\"m\",\"vertical_align\":\"middle\"},\"children\":[{\"type\":\"headline\",\"props\":{\"content\":\"Publicaciones recientes\",\"content_pt_br\":\"Publica\\u00e7\\u00f5es recentes\",\"link_style\":false,\"title_color\":\"primary\",\"title_element\":\"div\",\"title_style\":\"h6\"}},{\"type\":\"headline\",\"props\":{\"content\":\"<strong>M\\u00e1s Publicaciones<\\\/strong>\",\"content_pt_br\":\"Mais publica\\u00e7\\u00f5es\",\"margin\":\"medium\",\"margin_remove_bottom\":false,\"margin_remove_top\":false,\"maxwidth\":\"xlarge\",\"text_align\":\"left\",\"text_align_fallback\":\"center\",\"title_color\":\"secondary\",\"title_element\":\"h1\",\"title_style\":\"h1\"}},{\"type\":\"text\",\"props\":{\"column_breakpoint\":\"m\",\"content\":\"\n\n<p>Descubre m\\u00e1s publicaciones agrupadas por tem\\u00e1tica<\\\/p>\",\"content_pt_br\":\"\n\n<p class=\\\"tw-data-text tw-text-large tw-ta\\\" data-placeholder=\\\"Traducci\\u00f3n\\\" id=\\\"tw-target-text\\\" role=\\\"text\\\" data-ved=\\\"2ahUKEwin2LfZp8yPAxXVqpUCHacREacQ3ewLegQIChAV\\\" dir=\\\"ltr\\\" aria-label=\\\"Texto traducido: Descubra mais publica\\u00e7\\u00f5es agrupadas por t\\u00f3pico\\\" tabindex=\\\"-1\\\"><span class=\\\"Y2IQFc\\\" lang=\\\"pt\\\">Descubra mais publica\\u00e7\\u00f5es agrupadas por t\\u00f3pico<\\\/span><\\\/p>\",\"margin\":\"default\"}}]}]}],\"name\":\"T\\u00edtulos\"},{\"type\":\"section\",\"props\":{\"image_position\":\"center-center\",\"status\":\"disabled\",\"style\":\"default\",\"title_breakpoint\":\"xl\",\"title_position\":\"top-left\",\"title_rotation\":\"left\",\"vertical_align\":\"middle\",\"width\":\"default\"},\"children\":[{\"type\":\"row\",\"children\":[{\"type\":\"column\",\"props\":{\"image_position\":\"center-center\",\"position_sticky_breakpoint\":\"m\"},\"children\":[{\"type\":\"html\",\"props\":{\"content\":\"<iframe  src=\\\"https:\\\/\\\/www2.aladi.org\\\/nsfaladi\\\/estudios.nsf\\\/VwestudiosydocumentosOtroswebactual\\\" width=\\\"100%\\\" height=\\\"400\\\" frameborder=\\\"0\\\" marginwidth=\\\"0\\\" marginheight=\\\"0\\\" scrolling=\\\"si\\\"><\\\/iframe>\\n\"}}]}]}]},{\"type\":\"section\",\"props\":{\"image_position\":\"center-center\",\"style\":\"default\",\"title_breakpoint\":\"xl\",\"title_position\":\"top-left\",\"title_rotation\":\"left\",\"vertical_align\":\"middle\",\"width\":\"default\"},\"children\":[{\"type\":\"row\",\"children\":[{\"type\":\"column\",\"props\":{\"image_position\":\"center-center\",\"position_sticky_breakpoint\":\"m\"},\"children\":[{\"type\":\"html\",\"props\":{\"content\":\"[render_generic endpoint=\\\"VwestudiosAPI\\\" datasource=\\\"estudios\\\" columns=\\\"titulo,fecha,link\\\" headers=\\\"Titulo,Fecha,Link\\\" filter_by=\\\"tema\\\" per_page=\\\"20\\\"]\",\"content_pt_br\":\"[render_generic endpoint=\\\"VwestudiosAPI\\\" datasource=\\\"estudios\\\" columns=\\\"titulop,fecha,link\\\" headers=\\\"Titulo,Fecha,Link\\\" filter_by=\\\"tema\\\" per_page=\\\"20\\\"]\"}}]}]}]}],\"version\":\"4.4.12\"} --><\/p>\n","protected":false},"excerpt":{"rendered":"<p>Publicaciones recientes M\u00e1s Publicaciones Descubre m\u00e1s publicaciones agrupadas por tem\u00e1tica Tema: Seleccionar&#8230; Acuerdos Aspectos Institucionales Capacitaci\u00f3n Comercio de Servicios Comercio Exterior Comercio Intrarregional Comercio y Medio Ambiente Comercio y Seguridad Alimentaria Facilitaci\u00f3n del Comercio G\u00e9nero y Comercio Industrias Culturales e Integraci\u00f3n Informes de Consultor\u00eda Observatorio Am\u00e9rica Latina \u2013 Asia Pac\u00edfico Pa\u00edses de Menor Desarrollo Econ\u00f3mico [&hellip;]<\/p>\n","protected":false},"author":2,"featured_media":0,"parent":2072,"menu_order":0,"comment_status":"closed","ping_status":"closed","template":"","meta":{"_acf_changed":false,"footnotes":""},"class_list":["post-4907","page","type-page","status-publish","hentry"],"acf":[],"yoast_head":"<!-- This site is optimized with the Yoast SEO plugin v26.5 - https:\/\/yoast.com\/wordpress\/plugins\/seo\/ -->\n<title>M\u00e1s publicaciones<\/title>\n<meta name=\"description\" content=\"Publicaciones recientes M\u00e1s Publicaciones Descubre m\u00e1s publicaciones agrupadas por tem\u00e1tica [render_generic endpoint=&quot;VwestudiosAPI&quot; datasource=&quot;estudios&quot; columns=&quot;titulo,fecha,link&quot; headers=&quot;Titulo,Fecha,Link&quot; filter_by=&quot;tema&quot; per_page=&quot;20&quot;]\" \/>\n<meta name=\"robots\" content=\"index, follow, max-snippet:-1, max-image-preview:large, max-video-preview:-1\" \/>\n<link rel=\"canonical\" href=\"http:\/\/Publicaciones%20recientes%20M\u00e1s%20Publicaciones%20Descubre%20m\u00e1s%20publicaciones%20agrupadas%20por%20tem\u00e1tica%20[render_generic%20endpoint=VwestudiosAPI%20datasource=estudios%20columns=titulo,fecha,link%20headers=Titulo,Fecha,Link%20filter_by=tema%20per_page=20]\" \/>\n<meta property=\"og:locale\" content=\"pt_BR\" \/>\n<meta property=\"og:type\" content=\"article\" \/>\n<meta property=\"og:title\" content=\"M\u00e1s publicaciones\" \/>\n<meta property=\"og:description\" content=\"Publicaciones recientes M\u00e1s Publicaciones Descubre m\u00e1s publicaciones agrupadas por tem\u00e1tica [render_generic endpoint=&quot;VwestudiosAPI&quot; datasource=&quot;estudios&quot; columns=&quot;titulo,fecha,link&quot; headers=&quot;Titulo,Fecha,Link&quot; filter_by=&quot;tema&quot; per_page=&quot;20&quot;]\" \/>\n<meta property=\"og:url\" content=\"https:\/\/www.aladi.org\/pt\/publicacoes-recentes\/mas-publicaciones\/\" \/>\n<meta property=\"og:site_name\" content=\"ALADI\" \/>\n<meta property=\"article:publisher\" content=\"https:\/\/es-la.facebook.com\/people\/ALADI\/100064606213084\/\" \/>\n<meta property=\"article:modified_time\" content=\"2025-09-09T18:33:38+00:00\" \/>\n<meta name=\"twitter:card\" content=\"summary_large_image\" \/>\n<meta name=\"twitter:site\" content=\"@ALADI_SG\" \/>\n<script type=\"application\/ld+json\" class=\"yoast-schema-graph\">{\"@context\":\"https:\/\/schema.org\",\"@graph\":[{\"@type\":\"WebPage\",\"@id\":\"https:\/\/www.aladi.org\/pt\/publicacoes-recentes\/mas-publicaciones\/\",\"url\":\"https:\/\/www.aladi.org\/pt\/publicacoes-recentes\/mas-publicaciones\/\",\"name\":\"M\u00e1s publicaciones - ALADI\",\"isPartOf\":{\"@id\":\"https:\/\/www.aladi.org\/#website\"},\"datePublished\":\"2024-11-11T13:14:30+00:00\",\"dateModified\":\"2025-09-09T18:33:38+00:00\",\"breadcrumb\":{\"@id\":\"https:\/\/www.aladi.org\/pt\/publicacoes-recentes\/mas-publicaciones\/#breadcrumb\"},\"inLanguage\":\"pt-BR\",\"potentialAction\":[{\"@type\":\"ReadAction\",\"target\":[\"https:\/\/www.aladi.org\/pt\/publicacoes-recentes\/mas-publicaciones\/\"]}]},{\"@type\":\"BreadcrumbList\",\"@id\":\"https:\/\/www.aladi.org\/pt\/publicacoes-recentes\/mas-publicaciones\/#breadcrumb\",\"itemListElement\":[{\"@type\":\"ListItem\",\"position\":1,\"name\":\"Home\",\"item\":\"https:\/\/www.aladi.org\/\"},{\"@type\":\"ListItem\",\"position\":2,\"name\":\"Publica\u00e7\u00f5es recentes\",\"item\":\"https:\/\/www.aladi.org\/publicaciones-recientes\/\"},{\"@type\":\"ListItem\",\"position\":3,\"name\":\"M\u00e1s publicaciones\"}]},{\"@type\":\"WebSite\",\"@id\":\"https:\/\/www.aladi.org\/pt\/#website\",\"url\":\"https:\/\/www.aladi.org\/pt\/\",\"name\":\"ALADI\",\"description\":\"Asociaci\u00f3n Latinoamericana de Integraci\u00f3n\",\"publisher\":{\"@id\":\"https:\/\/www.aladi.org\/pt\/#organization\"},\"potentialAction\":[{\"@type\":\"SearchAction\",\"target\":{\"@type\":\"EntryPoint\",\"urlTemplate\":\"https:\/\/www.aladi.org\/pt\/?s={search_term_string}\"},\"query-input\":{\"@type\":\"PropertyValueSpecification\",\"valueRequired\":true,\"valueName\":\"search_term_string\"}}],\"inLanguage\":\"pt-BR\"},{\"@type\":\"Organization\",\"@id\":\"https:\/\/www.aladi.org\/pt\/#organization\",\"name\":\"ALADI\",\"url\":\"https:\/\/www.aladi.org\/pt\/\",\"logo\":{\"@type\":\"ImageObject\",\"inLanguage\":\"pt-BR\",\"@id\":\"https:\/\/www.aladi.org\/pt\/#\/schema\/logo\/image\/\",\"url\":\"https:\/\/www.aladi.org\/wp-content\/uploads\/2025\/12\/Logo-ALADI.png\",\"contentUrl\":\"https:\/\/www.aladi.org\/wp-content\/uploads\/2025\/12\/Logo-ALADI.png\",\"width\":375,\"height\":235,\"caption\":\"ALADI\"},\"image\":{\"@id\":\"https:\/\/www.aladi.org\/pt\/#\/schema\/logo\/image\/\"},\"sameAs\":[\"https:\/\/es-la.facebook.com\/people\/ALADI\/100064606213084\/\",\"https:\/\/x.com\/ALADI_SG\",\"https:\/\/www.instagram.com\/aladi_sg\/?hl=es\",\"https:\/\/www.linkedin.com\/company\/aladi\/\",\"https:\/\/www.flickr.com\/photos\/aladi\/\",\"https:\/\/www.youtube.com\/channel\/UCrkJWOWHKF6igQmWE8Clnpg\"]}]}<\/script>\n<!-- \/ Yoast SEO plugin. -->","yoast_head_json":{"title":"M\u00e1s publicaciones","description":"Publicaciones recientes M\u00e1s Publicaciones Descubre m\u00e1s publicaciones agrupadas por tem\u00e1tica [render_generic endpoint=\"VwestudiosAPI\" datasource=\"estudios\" columns=\"titulo,fecha,link\" headers=\"Titulo,Fecha,Link\" filter_by=\"tema\" per_page=\"20\"]","robots":{"index":"index","follow":"follow","max-snippet":"max-snippet:-1","max-image-preview":"max-image-preview:large","max-video-preview":"max-video-preview:-1"},"canonical":"Publicaciones recientes M\u00e1s Publicaciones Descubre m\u00e1s publicaciones agrupadas por tem\u00e1tica [render_generic endpoint=\"VwestudiosAPI\" datasource=\"estudios\" columns=\"titulo,fecha,link\" headers=\"Titulo,Fecha,Link\" filter_by=\"tema\" per_page=\"20\"]","og_locale":"pt_BR","og_type":"article","og_title":"M\u00e1s publicaciones","og_description":"Publicaciones recientes M\u00e1s Publicaciones Descubre m\u00e1s publicaciones agrupadas por tem\u00e1tica [render_generic endpoint=\"VwestudiosAPI\" datasource=\"estudios\" columns=\"titulo,fecha,link\" headers=\"Titulo,Fecha,Link\" filter_by=\"tema\" per_page=\"20\"]","og_url":"https:\/\/www.aladi.org\/pt\/publicacoes-recentes\/mas-publicaciones\/","og_site_name":"ALADI","article_publisher":"https:\/\/es-la.facebook.com\/people\/ALADI\/100064606213084\/","article_modified_time":"2025-09-09T18:33:38+00:00","twitter_card":"summary_large_image","twitter_site":"@ALADI_SG","schema":{"@context":"https:\/\/schema.org","@graph":[{"@type":"WebPage","@id":"https:\/\/www.aladi.org\/pt\/publicacoes-recentes\/mas-publicaciones\/","url":"https:\/\/www.aladi.org\/pt\/publicacoes-recentes\/mas-publicaciones\/","name":"M\u00e1s publicaciones - ALADI","isPartOf":{"@id":"https:\/\/www.aladi.org\/#website"},"datePublished":"2024-11-11T13:14:30+00:00","dateModified":"2025-09-09T18:33:38+00:00","breadcrumb":{"@id":"https:\/\/www.aladi.org\/pt\/publicacoes-recentes\/mas-publicaciones\/#breadcrumb"},"inLanguage":"pt-BR","potentialAction":[{"@type":"ReadAction","target":["https:\/\/www.aladi.org\/pt\/publicacoes-recentes\/mas-publicaciones\/"]}]},{"@type":"BreadcrumbList","@id":"https:\/\/www.aladi.org\/pt\/publicacoes-recentes\/mas-publicaciones\/#breadcrumb","itemListElement":[{"@type":"ListItem","position":1,"name":"Home","item":"https:\/\/www.aladi.org\/"},{"@type":"ListItem","position":2,"name":"Publica\u00e7\u00f5es recentes","item":"https:\/\/www.aladi.org\/publicaciones-recientes\/"},{"@type":"ListItem","position":3,"name":"M\u00e1s publicaciones"}]},{"@type":"WebSite","@id":"https:\/\/www.aladi.org\/pt\/#website","url":"https:\/\/www.aladi.org\/pt\/","name":"ALADI","description":"Asociaci\u00f3n Latinoamericana de Integraci\u00f3n","publisher":{"@id":"https:\/\/www.aladi.org\/pt\/#organization"},"potentialAction":[{"@type":"SearchAction","target":{"@type":"EntryPoint","urlTemplate":"https:\/\/www.aladi.org\/pt\/?s={search_term_string}"},"query-input":{"@type":"PropertyValueSpecification","valueRequired":true,"valueName":"search_term_string"}}],"inLanguage":"pt-BR"},{"@type":"Organization","@id":"https:\/\/www.aladi.org\/pt\/#organization","name":"ALADI","url":"https:\/\/www.aladi.org\/pt\/","logo":{"@type":"ImageObject","inLanguage":"pt-BR","@id":"https:\/\/www.aladi.org\/pt\/#\/schema\/logo\/image\/","url":"https:\/\/www.aladi.org\/wp-content\/uploads\/2025\/12\/Logo-ALADI.png","contentUrl":"https:\/\/www.aladi.org\/wp-content\/uploads\/2025\/12\/Logo-ALADI.png","width":375,"height":235,"caption":"ALADI"},"image":{"@id":"https:\/\/www.aladi.org\/pt\/#\/schema\/logo\/image\/"},"sameAs":["https:\/\/es-la.facebook.com\/people\/ALADI\/100064606213084\/","https:\/\/x.com\/ALADI_SG","https:\/\/www.instagram.com\/aladi_sg\/?hl=es","https:\/\/www.linkedin.com\/company\/aladi\/","https:\/\/www.flickr.com\/photos\/aladi\/","https:\/\/www.youtube.com\/channel\/UCrkJWOWHKF6igQmWE8Clnpg"]}]}},"jetpack_sharing_enabled":true,"_links":{"self":[{"href":"https:\/\/www.aladi.org\/pt\/wp-json\/wp\/v2\/pages\/4907","targetHints":{"allow":["GET"]}}],"collection":[{"href":"https:\/\/www.aladi.org\/pt\/wp-json\/wp\/v2\/pages"}],"about":[{"href":"https:\/\/www.aladi.org\/pt\/wp-json\/wp\/v2\/types\/page"}],"author":[{"embeddable":true,"href":"https:\/\/www.aladi.org\/pt\/wp-json\/wp\/v2\/users\/2"}],"replies":[{"embeddable":true,"href":"https:\/\/www.aladi.org\/pt\/wp-json\/wp\/v2\/comments?post=4907"}],"version-history":[{"count":13,"href":"https:\/\/www.aladi.org\/pt\/wp-json\/wp\/v2\/pages\/4907\/revisions"}],"predecessor-version":[{"id":8407,"href":"https:\/\/www.aladi.org\/pt\/wp-json\/wp\/v2\/pages\/4907\/revisions\/8407"}],"up":[{"embeddable":true,"href":"https:\/\/www.aladi.org\/pt\/wp-json\/wp\/v2\/pages\/2072"}],"wp:attachment":[{"href":"https:\/\/www.aladi.org\/pt\/wp-json\/wp\/v2\/media?parent=4907"}],"curies":[{"name":"wp","href":"https:\/\/api.w.org\/{rel}","templated":true}]}}