{"id":4842,"date":"2024-11-08T15:46:20","date_gmt":"2024-11-08T15:46:20","guid":{"rendered":"https:\/\/sitio.aladi.org\/?page_id=4842"},"modified":"2025-01-15T12:18:48","modified_gmt":"2025-01-15T12:18:48","slug":"bibliografias-a-pedido","status":"publish","type":"page","link":"https:\/\/www.aladi.org\/pt\/biblioteca\/servicios\/bibliografias-a-pedido\/","title":{"rendered":"Bibliograf\u00edas a pedido"},"content":{"rendered":"<div>Servicios<\/div>\n<h1>\n<p><strong>Bibliograf\u00edas a pedido<\/strong><\/p>\n<\/h1>\n<div>\n<p>La biblioteca ofrece la posibilidad de elaborar bibliograf\u00edas a pedido, seg\u00fan los intereses particulares de sus usuarios (ya sea para una investigaci\u00f3n privada, para hacer trabajos de fin de curso, tesis de maestr\u00eda o doctorales).<\/p>\n<p>Los temas deben estar directamente vinculados a los temas centrales que se contemplan en la Biblioteca de la Asociaci\u00f3n: Comercio, econom\u00eda internacional, derecho internacional, pol\u00edtica, diplomacia, relaciones internacionales, seguridad alimentaria, etc.<\/p>\n<p>Los usuarios deber\u00e1n solicitar el tema de la bibliograf\u00eda al correo: <a href=\"mailto:bibliot@aladi.org\">bibliot@aladi.org<\/a><\/p>\n<\/p>\n<\/div>\n<p><img decoding=\"async\" src=\"\/wp-content\/uploads\/2024\/11\/FotoBiblioteca3.jpeg\" alt=\"\"><\/p>\n<p><!--more--><br \/>\n<!-- {\"type\":\"layout\",\"children\":[{\"name\":\"Hero\",\"type\":\"section\",\"props\":{\"animation_delay\":false,\"image_position\":\"center-center\",\"overlap\":false,\"padding_remove_bottom\":true,\"padding_remove_top\":false,\"style\":\"default\",\"title_breakpoint\":\"xl\",\"title_position\":\"top-left\",\"title_rotation\":\"left\",\"vertical_align\":\"\",\"width\":\"\"},\"children\":[{\"type\":\"row\",\"props\":{\"column_gap\":\"large\",\"margin\":\"remove-vertical\",\"margin_remove_bottom\":false,\"margin_remove_top\":false,\"row_gap\":\"large\",\"width\":\"xlarge\"},\"children\":[{\"type\":\"column\",\"props\":{\"image_effect\":\"parallax\",\"image_height\":\"310\",\"image_parallax_bgy\":\"-110,-250\",\"image_parallax_easing\":\"1\",\"image_position\":\"top-left\",\"image_width\":\"260\",\"position_sticky_breakpoint\":\"m\"},\"children\":[{\"type\":\"breadcrumbs\",\"props\":{\"show_current\":true,\"show_home\":true}},{\"type\":\"headline\",\"props\":{\"content\":\"Servicios\",\"content_pt_br\":\"Servi\\u00e7os\",\"margin\":\"medium\",\"margin_remove_bottom\":false,\"title_color\":\"primary\",\"title_element\":\"div\",\"title_style\":\"h6\"}},{\"type\":\"headline\",\"props\":{\"content\":\"\n\n<p><strong>Bibliograf\\u00edas a pedido<\\\/strong><\\\/p>\",\"content_pt_br\":\"Bibliografias sob demanda\",\"margin\":\"large\",\"margin_remove_bottom\":true,\"margin_remove_top\":true,\"title_color\":\"secondary\",\"title_element\":\"h1\",\"title_style\":\"h1\"}}]}]}]},{\"type\":\"section\",\"props\":{\"image_position\":\"center-center\",\"padding_remove_top\":true,\"style\":\"default\",\"title_breakpoint\":\"xl\",\"title_position\":\"top-left\",\"title_rotation\":\"left\",\"vertical_align\":\"middle\",\"width\":\"default\"},\"children\":[{\"type\":\"row\",\"props\":{\"layout\":\"3-5,2-5\",\"margin_remove_top\":false},\"children\":[{\"type\":\"column\",\"props\":{\"image_position\":\"center-center\",\"position_sticky_breakpoint\":\"m\",\"width_medium\":\"3-5\"},\"children\":[{\"type\":\"text\",\"props\":{\"column_breakpoint\":\"l\",\"column_divider\":false,\"content\":\"\n\n<p>La biblioteca ofrece la posibilidad de elaborar bibliograf\\u00edas a pedido, seg\\u00fan los intereses particulares de sus usuarios (ya sea para una investigaci\\u00f3n privada, para hacer trabajos de fin de curso, tesis de maestr\\u00eda o doctorales).<\\\/p>\\n\n\n<p>Los temas deben estar directamente vinculados a los temas centrales que se contemplan en la Biblioteca de la Asociaci\\u00f3n: Comercio, econom\\u00eda internacional, derecho internacional, pol\\u00edtica, diplomacia, relaciones internacionales, seguridad alimentaria, etc.<\\\/p>\\n\n\n<p>Los usuarios deber\\u00e1n solicitar el tema de la bibliograf\\u00eda al correo: <a href=\\\"mailto:bibliot@aladi.org\\\">bibliot@aladi.org<\\\/a><\\\/p>\\n\n\n<p><\\\/p>\",\"content_pt_br\":\"\n\n<p><\\\/p>\\n\n\n<p>A biblioteca oferece a possibilidade de elaborar bibliografias mediante solicita\\u00e7\\u00e3o, segundo os interesses particulares de seus usu\\u00e1rios (seja para pesquisas particulares, trabalhos de conclus\\u00e3o de curso, disserta\\u00e7\\u00f5es de mestrado ou teses de doutorado).<\\\/p>\\n\n\n<p>Os assuntos devem estar diretamente ligados aos temas centrais abordados pela biblioteca da Associa\\u00e7\\u00e3o: com\\u00e9rcio, economia internacional, direito internacional, pol\\u00edtica, diplomacia, rela\\u00e7\\u00f5es internacionais, seguran\\u00e7a alimentar etc.<\\\/p>\\n\n\n<p>Os usu\\u00e1rios devem solicitar o assunto da bibliografia para o seguinte endere\\u00e7o de e-mail: bibliot@aladi.org<\\\/p>\",\"margin\":\"default\",\"maxwidth\":\"2xlarge\",\"text_align_fallback\":\"left\"}}]},{\"type\":\"column\",\"props\":{\"image_position\":\"center-center\",\"position_sticky_breakpoint\":\"m\",\"width_medium\":\"2-5\"},\"children\":[{\"type\":\"image\",\"props\":{\"image\":\"wp-content\\\/uploads\\\/2024\\\/11\\\/FotoBiblioteca3.jpeg\",\"image_svg_color\":\"emphasis\",\"margin\":\"default\",\"margin_remove_bottom\":false,\"margin_remove_top\":true}}]}]}]}],\"version\":\"4.4.12\"} --><\/p>\n","protected":false},"excerpt":{"rendered":"<p>Servicios Bibliograf\u00edas a pedido La biblioteca ofrece la posibilidad de elaborar bibliograf\u00edas a pedido, seg\u00fan los intereses particulares de sus usuarios (ya sea para una investigaci\u00f3n privada, para hacer trabajos de fin de curso, tesis de maestr\u00eda o doctorales). Los temas deben estar directamente vinculados a los temas centrales que se contemplan en la Biblioteca [&hellip;]<\/p>\n","protected":false},"author":2,"featured_media":0,"parent":3538,"menu_order":0,"comment_status":"closed","ping_status":"closed","template":"","meta":{"_acf_changed":false,"footnotes":""},"class_list":["post-4842","page","type-page","status-publish","hentry"],"acf":[],"yoast_head":"<!-- This site is optimized with the Yoast SEO plugin v26.5 - https:\/\/yoast.com\/wordpress\/plugins\/seo\/ -->\n<title>Bibliograf\u00edas a pedido<\/title>\n<meta name=\"description\" content=\"Servicios Bibliograf\u00edas a pedido La biblioteca ofrece la posibilidad de elaborar bibliograf\u00edas a pedido, seg\u00fan los intereses particulares de sus usuarios (ya sea para una investigaci\u00f3n privada, para hacer trabajos de fin de curso, tesis de maestr\u00eda o doctorales). Los temas deben estar directamente vinculados a los temas centrales que se contemplan en la Biblioteca&hellip;\" \/>\n<meta name=\"robots\" content=\"index, follow, max-snippet:-1, max-image-preview:large, max-video-preview:-1\" \/>\n<link rel=\"canonical\" href=\"http:\/\/Servicios%20Bibliograf\u00edas%20a%20pedido%20La%20biblioteca%20ofrece%20la%20posibilidad%20de%20elaborar%20bibliograf\u00edas%20a%20pedido,%20seg\u00fan%20los%20intereses%20particulares%20de%20sus%20usuarios%20(ya%20sea%20para%20una%20investigaci\u00f3n%20privada,%20para%20hacer%20trabajos%20de%20fin%20de%20curso,%20tesis%20de%20maestr\u00eda%20o%20doctorales).%20Los%20temas%20deben%20estar%20directamente%20vinculados%20a%20los%20temas%20centrales%20que%20se%20contemplan%20en%20la%20Biblioteca&hellip;\" \/>\n<meta property=\"og:locale\" content=\"pt_BR\" \/>\n<meta property=\"og:type\" content=\"article\" \/>\n<meta property=\"og:title\" content=\"Bibliograf\u00edas a pedido\" \/>\n<meta property=\"og:description\" content=\"Servicios Bibliograf\u00edas a pedido La biblioteca ofrece la posibilidad de elaborar bibliograf\u00edas a pedido, seg\u00fan los intereses particulares de sus usuarios (ya sea para una investigaci\u00f3n privada, para hacer trabajos de fin de curso, tesis de maestr\u00eda o doctorales). Los temas deben estar directamente vinculados a los temas centrales que se contemplan en la Biblioteca&hellip;\" \/>\n<meta property=\"og:url\" content=\"https:\/\/www.aladi.org\/pt\/biblioteca\/servicios\/bibliografias-a-pedido\/\" \/>\n<meta property=\"og:site_name\" content=\"ALADI\" \/>\n<meta property=\"article:publisher\" content=\"https:\/\/es-la.facebook.com\/people\/ALADI\/100064606213084\/\" \/>\n<meta property=\"article:modified_time\" content=\"2025-01-15T12:18:48+00:00\" \/>\n<meta name=\"twitter:card\" content=\"summary_large_image\" \/>\n<meta name=\"twitter:site\" content=\"@ALADI_SG\" \/>\n<script type=\"application\/ld+json\" class=\"yoast-schema-graph\">{\"@context\":\"https:\/\/schema.org\",\"@graph\":[{\"@type\":\"WebPage\",\"@id\":\"https:\/\/www.aladi.org\/pt\/biblioteca\/servicios\/bibliografias-a-pedido\/\",\"url\":\"https:\/\/www.aladi.org\/pt\/biblioteca\/servicios\/bibliografias-a-pedido\/\",\"name\":\"Bibliograf\u00edas a pedido - ALADI\",\"isPartOf\":{\"@id\":\"https:\/\/www.aladi.org\/#website\"},\"datePublished\":\"2024-11-08T15:46:20+00:00\",\"dateModified\":\"2025-01-15T12:18:48+00:00\",\"breadcrumb\":{\"@id\":\"https:\/\/www.aladi.org\/pt\/biblioteca\/servicios\/bibliografias-a-pedido\/#breadcrumb\"},\"inLanguage\":\"pt-BR\",\"potentialAction\":[{\"@type\":\"ReadAction\",\"target\":[\"https:\/\/www.aladi.org\/pt\/biblioteca\/servicios\/bibliografias-a-pedido\/\"]}]},{\"@type\":\"BreadcrumbList\",\"@id\":\"https:\/\/www.aladi.org\/pt\/biblioteca\/servicios\/bibliografias-a-pedido\/#breadcrumb\",\"itemListElement\":[{\"@type\":\"ListItem\",\"position\":1,\"name\":\"Home\",\"item\":\"https:\/\/www.aladi.org\/\"},{\"@type\":\"ListItem\",\"position\":2,\"name\":\"Biblioteca\",\"item\":\"https:\/\/www.aladi.org\/_biblioteca\/\"},{\"@type\":\"ListItem\",\"position\":3,\"name\":\"Servicios\",\"item\":\"https:\/\/www.aladi.org\/_biblioteca\/servicios\/\"},{\"@type\":\"ListItem\",\"position\":4,\"name\":\"Bibliograf\u00edas a pedido\"}]},{\"@type\":\"WebSite\",\"@id\":\"https:\/\/www.aladi.org\/pt\/#website\",\"url\":\"https:\/\/www.aladi.org\/pt\/\",\"name\":\"ALADI\",\"description\":\"Asociaci\u00f3n Latinoamericana de Integraci\u00f3n\",\"publisher\":{\"@id\":\"https:\/\/www.aladi.org\/pt\/#organization\"},\"potentialAction\":[{\"@type\":\"SearchAction\",\"target\":{\"@type\":\"EntryPoint\",\"urlTemplate\":\"https:\/\/www.aladi.org\/pt\/?s={search_term_string}\"},\"query-input\":{\"@type\":\"PropertyValueSpecification\",\"valueRequired\":true,\"valueName\":\"search_term_string\"}}],\"inLanguage\":\"pt-BR\"},{\"@type\":\"Organization\",\"@id\":\"https:\/\/www.aladi.org\/pt\/#organization\",\"name\":\"ALADI\",\"url\":\"https:\/\/www.aladi.org\/pt\/\",\"logo\":{\"@type\":\"ImageObject\",\"inLanguage\":\"pt-BR\",\"@id\":\"https:\/\/www.aladi.org\/pt\/#\/schema\/logo\/image\/\",\"url\":\"https:\/\/www.aladi.org\/wp-content\/uploads\/2025\/12\/Logo-ALADI.png\",\"contentUrl\":\"https:\/\/www.aladi.org\/wp-content\/uploads\/2025\/12\/Logo-ALADI.png\",\"width\":375,\"height\":235,\"caption\":\"ALADI\"},\"image\":{\"@id\":\"https:\/\/www.aladi.org\/pt\/#\/schema\/logo\/image\/\"},\"sameAs\":[\"https:\/\/es-la.facebook.com\/people\/ALADI\/100064606213084\/\",\"https:\/\/x.com\/ALADI_SG\",\"https:\/\/www.instagram.com\/aladi_sg\/?hl=es\",\"https:\/\/www.linkedin.com\/company\/aladi\/\",\"https:\/\/www.flickr.com\/photos\/aladi\/\",\"https:\/\/www.youtube.com\/channel\/UCrkJWOWHKF6igQmWE8Clnpg\"]}]}<\/script>\n<!-- \/ Yoast SEO plugin. -->","yoast_head_json":{"title":"Bibliograf\u00edas a pedido","description":"Servicios Bibliograf\u00edas a pedido La biblioteca ofrece la posibilidad de elaborar bibliograf\u00edas a pedido, seg\u00fan los intereses particulares de sus usuarios (ya sea para una investigaci\u00f3n privada, para hacer trabajos de fin de curso, tesis de maestr\u00eda o doctorales). Los temas deben estar directamente vinculados a los temas centrales que se contemplan en la Biblioteca&hellip;","robots":{"index":"index","follow":"follow","max-snippet":"max-snippet:-1","max-image-preview":"max-image-preview:large","max-video-preview":"max-video-preview:-1"},"canonical":"Servicios Bibliograf\u00edas a pedido La biblioteca ofrece la posibilidad de elaborar bibliograf\u00edas a pedido, seg\u00fan los intereses particulares de sus usuarios (ya sea para una investigaci\u00f3n privada, para hacer trabajos de fin de curso, tesis de maestr\u00eda o doctorales). Los temas deben estar directamente vinculados a los temas centrales que se contemplan en la Biblioteca&hellip;","og_locale":"pt_BR","og_type":"article","og_title":"Bibliograf\u00edas a pedido","og_description":"Servicios Bibliograf\u00edas a pedido La biblioteca ofrece la posibilidad de elaborar bibliograf\u00edas a pedido, seg\u00fan los intereses particulares de sus usuarios (ya sea para una investigaci\u00f3n privada, para hacer trabajos de fin de curso, tesis de maestr\u00eda o doctorales). Los temas deben estar directamente vinculados a los temas centrales que se contemplan en la Biblioteca&hellip;","og_url":"https:\/\/www.aladi.org\/pt\/biblioteca\/servicios\/bibliografias-a-pedido\/","og_site_name":"ALADI","article_publisher":"https:\/\/es-la.facebook.com\/people\/ALADI\/100064606213084\/","article_modified_time":"2025-01-15T12:18:48+00:00","twitter_card":"summary_large_image","twitter_site":"@ALADI_SG","schema":{"@context":"https:\/\/schema.org","@graph":[{"@type":"WebPage","@id":"https:\/\/www.aladi.org\/pt\/biblioteca\/servicios\/bibliografias-a-pedido\/","url":"https:\/\/www.aladi.org\/pt\/biblioteca\/servicios\/bibliografias-a-pedido\/","name":"Bibliograf\u00edas a pedido - ALADI","isPartOf":{"@id":"https:\/\/www.aladi.org\/#website"},"datePublished":"2024-11-08T15:46:20+00:00","dateModified":"2025-01-15T12:18:48+00:00","breadcrumb":{"@id":"https:\/\/www.aladi.org\/pt\/biblioteca\/servicios\/bibliografias-a-pedido\/#breadcrumb"},"inLanguage":"pt-BR","potentialAction":[{"@type":"ReadAction","target":["https:\/\/www.aladi.org\/pt\/biblioteca\/servicios\/bibliografias-a-pedido\/"]}]},{"@type":"BreadcrumbList","@id":"https:\/\/www.aladi.org\/pt\/biblioteca\/servicios\/bibliografias-a-pedido\/#breadcrumb","itemListElement":[{"@type":"ListItem","position":1,"name":"Home","item":"https:\/\/www.aladi.org\/"},{"@type":"ListItem","position":2,"name":"Biblioteca","item":"https:\/\/www.aladi.org\/_biblioteca\/"},{"@type":"ListItem","position":3,"name":"Servicios","item":"https:\/\/www.aladi.org\/_biblioteca\/servicios\/"},{"@type":"ListItem","position":4,"name":"Bibliograf\u00edas a pedido"}]},{"@type":"WebSite","@id":"https:\/\/www.aladi.org\/pt\/#website","url":"https:\/\/www.aladi.org\/pt\/","name":"ALADI","description":"Asociaci\u00f3n Latinoamericana de Integraci\u00f3n","publisher":{"@id":"https:\/\/www.aladi.org\/pt\/#organization"},"potentialAction":[{"@type":"SearchAction","target":{"@type":"EntryPoint","urlTemplate":"https:\/\/www.aladi.org\/pt\/?s={search_term_string}"},"query-input":{"@type":"PropertyValueSpecification","valueRequired":true,"valueName":"search_term_string"}}],"inLanguage":"pt-BR"},{"@type":"Organization","@id":"https:\/\/www.aladi.org\/pt\/#organization","name":"ALADI","url":"https:\/\/www.aladi.org\/pt\/","logo":{"@type":"ImageObject","inLanguage":"pt-BR","@id":"https:\/\/www.aladi.org\/pt\/#\/schema\/logo\/image\/","url":"https:\/\/www.aladi.org\/wp-content\/uploads\/2025\/12\/Logo-ALADI.png","contentUrl":"https:\/\/www.aladi.org\/wp-content\/uploads\/2025\/12\/Logo-ALADI.png","width":375,"height":235,"caption":"ALADI"},"image":{"@id":"https:\/\/www.aladi.org\/pt\/#\/schema\/logo\/image\/"},"sameAs":["https:\/\/es-la.facebook.com\/people\/ALADI\/100064606213084\/","https:\/\/x.com\/ALADI_SG","https:\/\/www.instagram.com\/aladi_sg\/?hl=es","https:\/\/www.linkedin.com\/company\/aladi\/","https:\/\/www.flickr.com\/photos\/aladi\/","https:\/\/www.youtube.com\/channel\/UCrkJWOWHKF6igQmWE8Clnpg"]}]}},"jetpack_sharing_enabled":true,"_links":{"self":[{"href":"https:\/\/www.aladi.org\/pt\/wp-json\/wp\/v2\/pages\/4842","targetHints":{"allow":["GET"]}}],"collection":[{"href":"https:\/\/www.aladi.org\/pt\/wp-json\/wp\/v2\/pages"}],"about":[{"href":"https:\/\/www.aladi.org\/pt\/wp-json\/wp\/v2\/types\/page"}],"author":[{"embeddable":true,"href":"https:\/\/www.aladi.org\/pt\/wp-json\/wp\/v2\/users\/2"}],"replies":[{"embeddable":true,"href":"https:\/\/www.aladi.org\/pt\/wp-json\/wp\/v2\/comments?post=4842"}],"version-history":[{"count":8,"href":"https:\/\/www.aladi.org\/pt\/wp-json\/wp\/v2\/pages\/4842\/revisions"}],"predecessor-version":[{"id":6238,"href":"https:\/\/www.aladi.org\/pt\/wp-json\/wp\/v2\/pages\/4842\/revisions\/6238"}],"up":[{"embeddable":true,"href":"https:\/\/www.aladi.org\/pt\/wp-json\/wp\/v2\/pages\/3538"}],"wp:attachment":[{"href":"https:\/\/www.aladi.org\/pt\/wp-json\/wp\/v2\/media?parent=4842"}],"curies":[{"name":"wp","href":"https:\/\/api.w.org\/{rel}","templated":true}]}}