{"id":4724,"date":"2024-11-01T19:04:52","date_gmt":"2024-11-01T19:04:52","guid":{"rendered":"https:\/\/sitio.aladi.org\/?page_id=4724"},"modified":"2025-09-18T20:05:31","modified_gmt":"2025-09-18T20:05:31","slug":"bibliografias-por-temas","status":"publish","type":"page","link":"https:\/\/www.aladi.org\/pt\/biblioteca\/bibliografias-por-temas\/","title":{"rendered":"Bibliograf\u00edas por temas"},"content":{"rendered":"<div>Biblioteca<\/div>\n<h1><strong>Bibliograf\u00eda por temas<\/strong><\/h1>\n<p><a href=\"https:\/\/biblio.aladi.org\/cgi-bin\/koha\/opac-search.pl?idx=su%2Cphr&#038;q=cadenas+de+valor&#038;limit=yr%2Cst-numeric%3D2018-2025&#038;sort_by=pubdate_dsc&#038;count=40&#038;addto=Agregar+a...\"><img decoding=\"async\" src=\"\/wp-content\/uploads\/2024\/11\/CadenasDeValor3MarcosTexto-1.png\" alt=\"\"><\/a><br \/>\n<a href=\"https:\/\/biblio.aladi.org\/cgi-bin\/koha\/opac-search.pl?idx=su%2Cphr&#038;q=cambio+clim%C3%A1tico&#038;limit=yr%2Cst-numeric%3D2018-2025&#038;sort_by=pubdate_dsc&#038;count=40&#038;addto=Agregar+a...\"><img decoding=\"async\" src=\"\/wp-content\/uploads\/2024\/11\/CambioClimatica3MarcostEXTO.png\" alt=\"\"><\/a><br \/>\n<a href=\"https:\/\/biblio.aladi.org\/cgi-bin\/koha\/opac-shelves.pl?op=view&#038;shelfnumber=373&#038;sortfield=copyrightdate&#038;direction=desc\"><img decoding=\"async\" src=\"\/wp-content\/uploads\/2024\/11\/GeneroComercio3MarcosTexto.png\" alt=\"\"><\/a><br \/>\n<a href=\"https:\/\/biblio.aladi.org\/cgi-bin\/koha\/opac-search.pl?idx=su%2Cphr&#038;q=inteligencia+artificial&#038;limit=yr%2Cst-numeric%3D2018-2025&#038;sort_by=pubdate_dsc&#038;count=40&#038;addto=Agregar+a...\"><img decoding=\"async\" src=\"\/wp-content\/uploads\/2024\/11\/InteligenciaArtificial3MarcosTexto.png\" alt=\"\"><\/a><br \/>\n<a href=\"https:\/\/biblio.aladi.org\/cgi-bin\/koha\/opac-search.pl?idx=kw&#038;q=nearshoring&#038;sort_by=pubdate_dsc&#038;count=40&#038;addto=Agregar+a...\"><img decoding=\"async\" src=\"\/wp-content\/uploads\/2024\/11\/NEARshoring3MarcosTexto.png\" alt=\"\"><\/a><br \/>\n<a href=\"https:\/\/biblio.aladi.org\/cgi-bin\/koha\/opac-search.pl?idx=su%2Cphr&#038;q=sudeste+asiatico&#038;limit=yr%2Cst-numeric%3D2020-2025&#038;sort_by=pubdate_dsc&#038;count=40&#038;addto=Agregar+a...\"><img decoding=\"async\" src=\"\/wp-content\/uploads\/2024\/11\/ObservatorioAlap3MarcosTexto.jpg\" alt=\"\"><\/a><br \/>\n<a href=\"https:\/\/biblio.aladi.org\/cgi-bin\/koha\/opac-search.pl?idx=su%2Cphr&#038;q=propiedad+intelectual&#038;op=OR&#038;idx=su%2Cphr&#038;q=propiedad+industrial&#038;op=OR&#038;idx=su%2Cphr&#038;q=patentes&#038;limit=mc-itype%2Cphr%3AAREVISTA&#038;limit=mc-itype%2Cphr%3AALIBRO&#038;limit=mc-itype%2Cphr%3ALIBRO&#038;limit=mc-itype%2Cphr%3AVIDEO&#038;limit=mc-itype%2Cphr%3AELIBRO&#038;limit=yr%2Cst-numeric%3D2020-2025&#038;sort_by=pubdate_dsc&#038;count=40&#038;addto=Agregar+a...&#038;tagsel_new\"><img decoding=\"async\" src=\"\/wp-content\/uploads\/2024\/11\/PropiedadIntelectual3Texto2.png\" alt=\"\"><\/a><br \/>\n<a href=\"https:\/\/biblio.aladi.org\/cgi-bin\/koha\/opac-search.pl?advsearch=1&#038;idx=su%2Cphr&#038;q=puertos+digitales&#038;do=Buscar&#038;sort_by=relevance\"><img decoding=\"async\" src=\"\/wp-content\/uploads\/2024\/11\/PuertosDigitales3dIGITALES.png\" alt=\"\"><\/a><br \/>\n<a href=\"https:\/\/biblio.aladi.org\/cgi-bin\/koha\/opac-search.pl?idx=su%2Cphr&#038;q=seguridad+alimentaria&#038;limit=yr%2Cst-numeric%3D2018-2025&#038;sort_by=pubdate_dsc&#038;count=40&#038;addto=Agregar+a...\"><img decoding=\"async\" src=\"\/wp-content\/uploads\/2024\/11\/SeguridadAlimentaria4MarcosTexto.png\" alt=\"\"><\/a><\/p>\n<p><!--more--><br \/>\n<!-- {\"type\":\"layout\",\"children\":[{\"type\":\"section\",\"props\":{\"image_loading\":true,\"image_position\":\"top-center\",\"media_visibility\":\"m\",\"padding\":\"xsmall\",\"padding_remove_horizontal\":false,\"padding_remove_top\":false,\"style\":\"default\",\"title_breakpoint\":\"xl\",\"title_position\":\"top-left\",\"title_rotation\":\"left\",\"vertical_align\":\"\",\"width\":\"xlarge\"},\"children\":[{\"type\":\"row\",\"props\":{\"width\":\"xlarge\"},\"children\":[{\"type\":\"column\",\"props\":{\"image_position\":\"center-center\",\"position_sticky_breakpoint\":\"m\"},\"children\":[{\"type\":\"breadcrumbs\",\"props\":{\"margin\":\"remove-vertical\",\"margin_remove_top\":true,\"show_current\":true,\"show_home\":true}}]}]},{\"type\":\"row\",\"props\":{\"margin_remove_bottom\":false,\"width\":\"xlarge\"},\"children\":[{\"type\":\"column\",\"props\":{\"image_position\":\"center-center\",\"image_size\":\"cover\",\"padding\":\"none\",\"position_sticky_breakpoint\":\"m\",\"vertical_align\":\"middle\"},\"children\":[{\"type\":\"headline\",\"props\":{\"content\":\"Biblioteca\",\"link_style\":false,\"title_color\":\"primary\",\"title_element\":\"div\",\"title_style\":\"h6\"}},{\"type\":\"headline\",\"props\":{\"content\":\"<strong>Bibliograf\\u00eda por temas<\\\/strong>\",\"content_pt_br\":\"<strong>Bibliografia por assuntos<\\\/strong>\",\"margin\":\"medium\",\"margin_remove_bottom\":false,\"margin_remove_top\":false,\"maxwidth\":\"xlarge\",\"text_align\":\"left\",\"text_align_fallback\":\"center\",\"title_color\":\"secondary\",\"title_element\":\"h1\",\"title_style\":\"h1\"}}]}]}],\"name\":\"T\\u00edtulos\"},{\"type\":\"section\",\"props\":{\"image_position\":\"center-center\",\"style\":\"default\",\"title_breakpoint\":\"xl\",\"title_position\":\"top-left\",\"title_rotation\":\"left\",\"vertical_align\":\"middle\",\"width\":\"default\"},\"children\":[{\"type\":\"row\",\"props\":{\"layout\":\"1-3,1-3,1-3\"},\"children\":[{\"type\":\"column\",\"props\":{\"image_position\":\"center-center\",\"position_sticky_breakpoint\":\"m\",\"width_medium\":\"1-3\"},\"children\":[{\"type\":\"image\",\"props\":{\"image\":\"wp-content\\\/uploads\\\/2024\\\/11\\\/CadenasDeValor3MarcosTexto-1.png\",\"image_svg_color\":\"emphasis\",\"link\":\"https:\\\/\\\/biblio.aladi.org\\\/cgi-bin\\\/koha\\\/opac-search.pl?idx=su%2Cphr&q=cadenas+de+valor&limit=yr%2Cst-numeric%3D2018-2025&sort_by=pubdate_dsc&count=40&addto=Agregar+a...\",\"margin\":\"default\"}}]},{\"type\":\"column\",\"props\":{\"image_position\":\"center-center\",\"position_sticky_breakpoint\":\"m\",\"width_medium\":\"1-3\"},\"children\":[{\"type\":\"image\",\"props\":{\"image\":\"wp-content\\\/uploads\\\/2024\\\/11\\\/CambioClimatica3MarcostEXTO.png\",\"image_svg_color\":\"emphasis\",\"link\":\"https:\\\/\\\/biblio.aladi.org\\\/cgi-bin\\\/koha\\\/opac-search.pl?idx=su%2Cphr&q=cambio+clim%C3%A1tico&limit=yr%2Cst-numeric%3D2018-2025&sort_by=pubdate_dsc&count=40&addto=Agregar+a...\",\"margin\":\"default\"}}]},{\"type\":\"column\",\"props\":{\"image_position\":\"center-center\",\"position_sticky_breakpoint\":\"m\",\"width_medium\":\"1-3\"},\"children\":[{\"type\":\"image\",\"props\":{\"image\":\"wp-content\\\/uploads\\\/2024\\\/11\\\/GeneroComercio3MarcosTexto.png\",\"image_svg_color\":\"emphasis\",\"link\":\"https:\\\/\\\/biblio.aladi.org\\\/cgi-bin\\\/koha\\\/opac-shelves.pl?op=view&shelfnumber=373&sortfield=copyrightdate&direction=desc\",\"margin\":\"default\"}}]}]}]},{\"type\":\"section\",\"props\":{\"image_position\":\"center-center\",\"style\":\"default\",\"title_breakpoint\":\"xl\",\"title_position\":\"top-left\",\"title_rotation\":\"left\",\"vertical_align\":\"middle\",\"width\":\"default\"},\"children\":[{\"type\":\"row\",\"props\":{\"layout\":\"1-3,1-3,1-3\"},\"children\":[{\"type\":\"column\",\"props\":{\"image_position\":\"center-center\",\"position_sticky_breakpoint\":\"m\",\"width_medium\":\"1-3\"},\"children\":[{\"type\":\"image\",\"props\":{\"image\":\"wp-content\\\/uploads\\\/2024\\\/11\\\/InteligenciaArtificial3MarcosTexto.png\",\"image_svg_color\":\"emphasis\",\"link\":\"https:\\\/\\\/biblio.aladi.org\\\/cgi-bin\\\/koha\\\/opac-search.pl?idx=su%2Cphr&q=inteligencia+artificial&limit=yr%2Cst-numeric%3D2018-2025&sort_by=pubdate_dsc&count=40&addto=Agregar+a...\",\"margin\":\"default\"}}]},{\"type\":\"column\",\"props\":{\"image_position\":\"center-center\",\"position_sticky_breakpoint\":\"m\",\"width_medium\":\"1-3\"},\"children\":[{\"type\":\"image\",\"props\":{\"image\":\"wp-content\\\/uploads\\\/2024\\\/11\\\/NEARshoring3MarcosTexto.png\",\"image_svg_color\":\"emphasis\",\"link\":\"https:\\\/\\\/biblio.aladi.org\\\/cgi-bin\\\/koha\\\/opac-search.pl?idx=kw&q=nearshoring&sort_by=pubdate_dsc&count=40&addto=Agregar+a...\",\"margin\":\"default\"}}]},{\"type\":\"column\",\"props\":{\"image_position\":\"center-center\",\"position_sticky_breakpoint\":\"m\",\"width_medium\":\"1-3\"},\"children\":[{\"type\":\"image\",\"props\":{\"image\":\"wp-content\\\/uploads\\\/2024\\\/11\\\/ObservatorioAlap3MarcosTexto.jpg\",\"image_svg_color\":\"emphasis\",\"link\":\"https:\\\/\\\/biblio.aladi.org\\\/cgi-bin\\\/koha\\\/opac-search.pl?idx=su%2Cphr&q=sudeste+asiatico&limit=yr%2Cst-numeric%3D2020-2025&sort_by=pubdate_dsc&count=40&addto=Agregar+a...\",\"margin\":\"default\"}}]}]}]},{\"type\":\"section\",\"props\":{\"image_position\":\"center-center\",\"style\":\"default\",\"title_breakpoint\":\"xl\",\"title_position\":\"top-left\",\"title_rotation\":\"left\",\"vertical_align\":\"middle\",\"width\":\"default\"},\"children\":[{\"type\":\"row\",\"props\":{\"layout\":\"1-3,1-3,1-3\"},\"children\":[{\"type\":\"column\",\"props\":{\"image_position\":\"center-center\",\"position_sticky_breakpoint\":\"m\",\"width_medium\":\"1-3\"},\"children\":[{\"type\":\"image\",\"props\":{\"image\":\"wp-content\\\/uploads\\\/2024\\\/11\\\/PropiedadIntelectual3Texto2.png\",\"image_height\":276,\"image_svg_color\":\"emphasis\",\"image_width\":202,\"link\":\"https:\\\/\\\/biblio.aladi.org\\\/cgi-bin\\\/koha\\\/opac-search.pl?idx=su%2Cphr&q=propiedad+intelectual&op=OR&idx=su%2Cphr&q=propiedad+industrial&op=OR&idx=su%2Cphr&q=patentes&limit=mc-itype%2Cphr%3AAREVISTA&limit=mc-itype%2Cphr%3AALIBRO&limit=mc-itype%2Cphr%3ALIBRO&limit=mc-itype%2Cphr%3AVIDEO&limit=mc-itype%2Cphr%3AELIBRO&limit=yr%2Cst-numeric%3D2020-2025&sort_by=pubdate_dsc&count=40&addto=Agregar+a...&tagsel_new\",\"margin\":\"default\"}}]},{\"type\":\"column\",\"props\":{\"image_position\":\"center-center\",\"position_sticky_breakpoint\":\"m\",\"width_medium\":\"1-3\"},\"children\":[{\"type\":\"image\",\"props\":{\"image\":\"wp-content\\\/uploads\\\/2024\\\/11\\\/PuertosDigitales3dIGITALES.png\",\"image_height\":276,\"image_svg_color\":\"emphasis\",\"image_width\":220,\"link\":\"https:\\\/\\\/biblio.aladi.org\\\/cgi-bin\\\/koha\\\/opac-search.pl?advsearch=1&idx=su%2Cphr&q=puertos+digitales&do=Buscar&sort_by=relevance\",\"margin\":\"default\"}}]},{\"type\":\"column\",\"props\":{\"image_position\":\"center-center\",\"position_sticky_breakpoint\":\"m\",\"width_medium\":\"1-3\"},\"children\":[{\"type\":\"image\",\"props\":{\"image\":\"wp-content\\\/uploads\\\/2024\\\/11\\\/SeguridadAlimentaria4MarcosTexto.png\",\"image_height\":276,\"image_svg_color\":\"emphasis\",\"image_width\":202,\"link\":\"https:\\\/\\\/biblio.aladi.org\\\/cgi-bin\\\/koha\\\/opac-search.pl?idx=su%2Cphr&q=seguridad+alimentaria&limit=yr%2Cst-numeric%3D2018-2025&sort_by=pubdate_dsc&count=40&addto=Agregar+a...\",\"margin\":\"default\"}}]}]}]}],\"version\":\"4.4.12\"} --><\/p>\n","protected":false},"excerpt":{"rendered":"<p>Biblioteca Bibliograf\u00eda por temas<\/p>\n","protected":false},"author":2,"featured_media":0,"parent":2080,"menu_order":0,"comment_status":"closed","ping_status":"closed","template":"","meta":{"_acf_changed":false,"footnotes":""},"class_list":["post-4724","page","type-page","status-publish","hentry"],"acf":[],"yoast_head":"<!-- This site is optimized with the Yoast SEO plugin v26.5 - https:\/\/yoast.com\/wordpress\/plugins\/seo\/ -->\n<title>Bibliograf\u00edas por temas<\/title>\n<meta name=\"description\" content=\"Biblioteca Bibliograf\u00eda por temas\" \/>\n<meta name=\"robots\" content=\"index, follow, max-snippet:-1, max-image-preview:large, max-video-preview:-1\" \/>\n<link rel=\"canonical\" href=\"http:\/\/Biblioteca%20Bibliograf\u00eda%20por%20temas\" \/>\n<meta property=\"og:locale\" content=\"pt_BR\" \/>\n<meta property=\"og:type\" content=\"article\" \/>\n<meta property=\"og:title\" content=\"Bibliograf\u00edas por temas\" \/>\n<meta property=\"og:description\" content=\"Biblioteca Bibliograf\u00eda por temas\" \/>\n<meta property=\"og:url\" content=\"https:\/\/www.aladi.org\/pt\/biblioteca\/bibliografias-por-temas\/\" \/>\n<meta property=\"og:site_name\" content=\"ALADI\" \/>\n<meta property=\"article:publisher\" content=\"https:\/\/es-la.facebook.com\/people\/ALADI\/100064606213084\/\" \/>\n<meta property=\"article:modified_time\" content=\"2025-09-18T20:05:31+00:00\" \/>\n<meta name=\"twitter:card\" content=\"summary_large_image\" \/>\n<meta name=\"twitter:site\" content=\"@ALADI_SG\" \/>\n<script type=\"application\/ld+json\" class=\"yoast-schema-graph\">{\"@context\":\"https:\/\/schema.org\",\"@graph\":[{\"@type\":\"WebPage\",\"@id\":\"https:\/\/www.aladi.org\/pt\/biblioteca\/bibliografias-por-temas\/\",\"url\":\"https:\/\/www.aladi.org\/pt\/biblioteca\/bibliografias-por-temas\/\",\"name\":\"Bibliograf\u00edas por temas - ALADI\",\"isPartOf\":{\"@id\":\"https:\/\/www.aladi.org\/#website\"},\"datePublished\":\"2024-11-01T19:04:52+00:00\",\"dateModified\":\"2025-09-18T20:05:31+00:00\",\"breadcrumb\":{\"@id\":\"https:\/\/www.aladi.org\/pt\/biblioteca\/bibliografias-por-temas\/#breadcrumb\"},\"inLanguage\":\"pt-BR\",\"potentialAction\":[{\"@type\":\"ReadAction\",\"target\":[\"https:\/\/www.aladi.org\/pt\/biblioteca\/bibliografias-por-temas\/\"]}]},{\"@type\":\"BreadcrumbList\",\"@id\":\"https:\/\/www.aladi.org\/pt\/biblioteca\/bibliografias-por-temas\/#breadcrumb\",\"itemListElement\":[{\"@type\":\"ListItem\",\"position\":1,\"name\":\"Home\",\"item\":\"https:\/\/www.aladi.org\/\"},{\"@type\":\"ListItem\",\"position\":2,\"name\":\"Biblioteca\",\"item\":\"https:\/\/www.aladi.org\/_biblioteca\/\"},{\"@type\":\"ListItem\",\"position\":3,\"name\":\"Bibliograf\u00edas por temas\"}]},{\"@type\":\"WebSite\",\"@id\":\"https:\/\/www.aladi.org\/pt\/#website\",\"url\":\"https:\/\/www.aladi.org\/pt\/\",\"name\":\"ALADI\",\"description\":\"Asociaci\u00f3n Latinoamericana de Integraci\u00f3n\",\"publisher\":{\"@id\":\"https:\/\/www.aladi.org\/pt\/#organization\"},\"potentialAction\":[{\"@type\":\"SearchAction\",\"target\":{\"@type\":\"EntryPoint\",\"urlTemplate\":\"https:\/\/www.aladi.org\/pt\/?s={search_term_string}\"},\"query-input\":{\"@type\":\"PropertyValueSpecification\",\"valueRequired\":true,\"valueName\":\"search_term_string\"}}],\"inLanguage\":\"pt-BR\"},{\"@type\":\"Organization\",\"@id\":\"https:\/\/www.aladi.org\/pt\/#organization\",\"name\":\"ALADI\",\"url\":\"https:\/\/www.aladi.org\/pt\/\",\"logo\":{\"@type\":\"ImageObject\",\"inLanguage\":\"pt-BR\",\"@id\":\"https:\/\/www.aladi.org\/pt\/#\/schema\/logo\/image\/\",\"url\":\"https:\/\/www.aladi.org\/wp-content\/uploads\/2025\/12\/Logo-ALADI.png\",\"contentUrl\":\"https:\/\/www.aladi.org\/wp-content\/uploads\/2025\/12\/Logo-ALADI.png\",\"width\":375,\"height\":235,\"caption\":\"ALADI\"},\"image\":{\"@id\":\"https:\/\/www.aladi.org\/pt\/#\/schema\/logo\/image\/\"},\"sameAs\":[\"https:\/\/es-la.facebook.com\/people\/ALADI\/100064606213084\/\",\"https:\/\/x.com\/ALADI_SG\",\"https:\/\/www.instagram.com\/aladi_sg\/?hl=es\",\"https:\/\/www.linkedin.com\/company\/aladi\/\",\"https:\/\/www.flickr.com\/photos\/aladi\/\",\"https:\/\/www.youtube.com\/channel\/UCrkJWOWHKF6igQmWE8Clnpg\"]}]}<\/script>\n<!-- \/ Yoast SEO plugin. -->","yoast_head_json":{"title":"Bibliograf\u00edas por temas","description":"Biblioteca Bibliograf\u00eda por temas","robots":{"index":"index","follow":"follow","max-snippet":"max-snippet:-1","max-image-preview":"max-image-preview:large","max-video-preview":"max-video-preview:-1"},"canonical":"Biblioteca Bibliograf\u00eda por temas","og_locale":"pt_BR","og_type":"article","og_title":"Bibliograf\u00edas por temas","og_description":"Biblioteca Bibliograf\u00eda por temas","og_url":"https:\/\/www.aladi.org\/pt\/biblioteca\/bibliografias-por-temas\/","og_site_name":"ALADI","article_publisher":"https:\/\/es-la.facebook.com\/people\/ALADI\/100064606213084\/","article_modified_time":"2025-09-18T20:05:31+00:00","twitter_card":"summary_large_image","twitter_site":"@ALADI_SG","schema":{"@context":"https:\/\/schema.org","@graph":[{"@type":"WebPage","@id":"https:\/\/www.aladi.org\/pt\/biblioteca\/bibliografias-por-temas\/","url":"https:\/\/www.aladi.org\/pt\/biblioteca\/bibliografias-por-temas\/","name":"Bibliograf\u00edas por temas - ALADI","isPartOf":{"@id":"https:\/\/www.aladi.org\/#website"},"datePublished":"2024-11-01T19:04:52+00:00","dateModified":"2025-09-18T20:05:31+00:00","breadcrumb":{"@id":"https:\/\/www.aladi.org\/pt\/biblioteca\/bibliografias-por-temas\/#breadcrumb"},"inLanguage":"pt-BR","potentialAction":[{"@type":"ReadAction","target":["https:\/\/www.aladi.org\/pt\/biblioteca\/bibliografias-por-temas\/"]}]},{"@type":"BreadcrumbList","@id":"https:\/\/www.aladi.org\/pt\/biblioteca\/bibliografias-por-temas\/#breadcrumb","itemListElement":[{"@type":"ListItem","position":1,"name":"Home","item":"https:\/\/www.aladi.org\/"},{"@type":"ListItem","position":2,"name":"Biblioteca","item":"https:\/\/www.aladi.org\/_biblioteca\/"},{"@type":"ListItem","position":3,"name":"Bibliograf\u00edas por temas"}]},{"@type":"WebSite","@id":"https:\/\/www.aladi.org\/pt\/#website","url":"https:\/\/www.aladi.org\/pt\/","name":"ALADI","description":"Asociaci\u00f3n Latinoamericana de Integraci\u00f3n","publisher":{"@id":"https:\/\/www.aladi.org\/pt\/#organization"},"potentialAction":[{"@type":"SearchAction","target":{"@type":"EntryPoint","urlTemplate":"https:\/\/www.aladi.org\/pt\/?s={search_term_string}"},"query-input":{"@type":"PropertyValueSpecification","valueRequired":true,"valueName":"search_term_string"}}],"inLanguage":"pt-BR"},{"@type":"Organization","@id":"https:\/\/www.aladi.org\/pt\/#organization","name":"ALADI","url":"https:\/\/www.aladi.org\/pt\/","logo":{"@type":"ImageObject","inLanguage":"pt-BR","@id":"https:\/\/www.aladi.org\/pt\/#\/schema\/logo\/image\/","url":"https:\/\/www.aladi.org\/wp-content\/uploads\/2025\/12\/Logo-ALADI.png","contentUrl":"https:\/\/www.aladi.org\/wp-content\/uploads\/2025\/12\/Logo-ALADI.png","width":375,"height":235,"caption":"ALADI"},"image":{"@id":"https:\/\/www.aladi.org\/pt\/#\/schema\/logo\/image\/"},"sameAs":["https:\/\/es-la.facebook.com\/people\/ALADI\/100064606213084\/","https:\/\/x.com\/ALADI_SG","https:\/\/www.instagram.com\/aladi_sg\/?hl=es","https:\/\/www.linkedin.com\/company\/aladi\/","https:\/\/www.flickr.com\/photos\/aladi\/","https:\/\/www.youtube.com\/channel\/UCrkJWOWHKF6igQmWE8Clnpg"]}]}},"jetpack_sharing_enabled":true,"_links":{"self":[{"href":"https:\/\/www.aladi.org\/pt\/wp-json\/wp\/v2\/pages\/4724","targetHints":{"allow":["GET"]}}],"collection":[{"href":"https:\/\/www.aladi.org\/pt\/wp-json\/wp\/v2\/pages"}],"about":[{"href":"https:\/\/www.aladi.org\/pt\/wp-json\/wp\/v2\/types\/page"}],"author":[{"embeddable":true,"href":"https:\/\/www.aladi.org\/pt\/wp-json\/wp\/v2\/users\/2"}],"replies":[{"embeddable":true,"href":"https:\/\/www.aladi.org\/pt\/wp-json\/wp\/v2\/comments?post=4724"}],"version-history":[{"count":14,"href":"https:\/\/www.aladi.org\/pt\/wp-json\/wp\/v2\/pages\/4724\/revisions"}],"predecessor-version":[{"id":8816,"href":"https:\/\/www.aladi.org\/pt\/wp-json\/wp\/v2\/pages\/4724\/revisions\/8816"}],"up":[{"embeddable":true,"href":"https:\/\/www.aladi.org\/pt\/wp-json\/wp\/v2\/pages\/2080"}],"wp:attachment":[{"href":"https:\/\/www.aladi.org\/pt\/wp-json\/wp\/v2\/media?parent=4724"}],"curies":[{"name":"wp","href":"https:\/\/api.w.org\/{rel}","templated":true}]}}