{"id":4296,"date":"2024-06-20T18:44:12","date_gmt":"2024-06-20T18:44:12","guid":{"rendered":"https:\/\/sitio.aladi.org\/?page_id=4296"},"modified":"2025-07-22T12:27:15","modified_gmt":"2025-07-22T12:27:15","slug":"proteccion-al-consumidor-mexico","status":"publish","type":"page","link":"https:\/\/www.aladi.org\/pt\/agenda-digital\/comercio-eletronico\/protecao-do-consumidor-mexico\/","title":{"rendered":"Prote\u00e7\u00e3o do consumidor \/ M\u00e9xico"},"content":{"rendered":"<div>Protecci\u00f3n al Consumidor<\/div>\n<h1><strong>M\u00e9xico<\/strong><\/h1>\n<p><a href=\"https:\/\/www.gob.mx\/profeco\"><img decoding=\"async\" src=\"\/wp-content\/uploads\/2024\/06\/Info-II-1.jpg\" alt=\"\"><\/a><\/p>\n<p>\n    <a href=\"https:\/\/www.gob.mx\/profeco\">Defensa del Consumidor<\/a>\n<\/p>\n<div>\n<p><span>Procuradur\u00eda Federal del Consumidor (PROFECO)<\/span><\/p>\n<\/div>\n<p><img decoding=\"async\" src=\"\/wp-content\/uploads\/2024\/06\/Sello-II-2.jpg\" alt=\"\"><\/p>\n<p>\n    <a href=\"https:\/\/www.gob.mx\/profeco\/documentos\/marco-juridico-y-normativo?state=published\">Normas Reguladoras<\/a>\n<\/p>\n<div>\n<p>Conoce tus derechos como consumidor y las obligaciones del proveedor del bien o del servicio<\/p>\n<\/div>\n<p><a href=\"https:\/\/www.gob.mx\/profeco\"><img decoding=\"async\" src=\"\/wp-content\/uploads\/2024\/06\/Manos-1.png\" alt=\"\"><\/a><\/p>\n<p>\n    <a href=\"https:\/\/www.gob.mx\/profeco\/articulos\/proceso-y-requisitos-de-quejas-y-denuncias\">Consultas\/Denuncias\/Reclamos\/Quejas<\/a>\n<\/p>\n<div>\n<p><span>Accede a informaci\u00f3n relacionada con eventuales situaciones de conflicto en una relaci\u00f3n de consumo<\/span><\/p>\n<\/div>\n<ul>\n<li>\n<p><a href=\"http:\/\/telefonodelconsumidor.gob.mx\/\">Servicio de atenci\u00f3n telef\u00f3nica \u2013 Tel\u00e9fono del consumidor<\/a><\/p>\n<\/li>\n<li>\n<p><a href=\"https:\/\/www.gob.mx\/profeco\/documentos\/concilia-desde-el-extranjero\">Concilia desde el extranjero<\/a><\/p>\n<\/li>\n<\/ul>\n<p><a href=\"https:\/\/www.gob.mx\/profeco\/acciones-y-programas\/educacion-y-divulgacion\"><img decoding=\"async\" src=\"\/wp-content\/uploads\/2024\/06\/Conocimiento-2-1.png\" alt=\"\"><\/a><\/p>\n<p>\n    <a href=\"https:\/\/www.gob.mx\/profeco\/acciones-y-programas\/educacion-y-divulgacion\">Educaci\u00f3n en Consumo<\/a>\n<\/p>\n<div>\n<p><span>Informaci\u00f3n, herramientas, cursos y materiales para capacitar a los consumidores<\/span><\/p>\n<\/div>\n<ul>\n<li>\n<p><a href=\"https:\/\/www.gob.mx\/profeco\/articulos\/consejos-y-recomendaciones-para-comprar-en-linea\">Consejos y recomendaciones para comprar en l\u00ednea<\/a><\/p>\n<\/li>\n<li>\n<p><a href=\"https:\/\/www.gob.mx\/profeco\/articulos\/revista-del-consumidor?idiom=eshttps:\/\/www.gob.mx\/profeco#2237\">Revista del consumidor<\/a><\/p>\n<\/li>\n<\/ul>\n<p><!--more--><br \/>\n<!-- {\"type\":\"layout\",\"children\":[{\"type\":\"section\",\"props\":{\"image_loading\":true,\"image_position\":\"top-center\",\"media_visibility\":\"m\",\"padding\":\"xsmall\",\"padding_remove_horizontal\":false,\"padding_remove_top\":false,\"style\":\"default\",\"title_breakpoint\":\"xl\",\"title_position\":\"top-left\",\"title_rotation\":\"left\",\"vertical_align\":\"\",\"width\":\"xlarge\"},\"children\":[{\"type\":\"row\",\"props\":{\"width\":\"xlarge\"},\"children\":[{\"type\":\"column\",\"props\":{\"image_position\":\"center-center\",\"position_sticky_breakpoint\":\"m\"},\"children\":[{\"type\":\"breadcrumbs\",\"props\":{\"margin\":\"remove-vertical\",\"margin_remove_top\":true,\"show_current\":true,\"show_home\":true}}]}]},{\"type\":\"row\",\"props\":{\"margin_remove_bottom\":false,\"width\":\"xlarge\"},\"children\":[{\"type\":\"column\",\"props\":{\"image_position\":\"center-center\",\"image_size\":\"cover\",\"padding\":\"none\",\"position_sticky_breakpoint\":\"m\",\"vertical_align\":\"middle\"},\"children\":[{\"type\":\"headline\",\"props\":{\"content\":\"Protecci\\u00f3n al Consumidor\",\"content_pt_br\":\"Prote\\u00e7\\u00e3o do consumidor\",\"link_style\":false,\"title_color\":\"primary\",\"title_element\":\"div\",\"title_style\":\"h6\"}},{\"type\":\"headline\",\"props\":{\"content\":\"<strong>M\\u00e9xico<\\\/strong>\",\"content_pt_br\":\"<strong>M\\u00e9xico<\\\/strong>\",\"margin\":\"medium\",\"margin_remove_bottom\":false,\"margin_remove_top\":false,\"maxwidth\":\"xlarge\",\"text_align\":\"left\",\"text_align_fallback\":\"center\",\"title_color\":\"secondary\",\"title_element\":\"h1\",\"title_style\":\"h1\"}}]}]}],\"name\":\"T\\u00edtulos\"},{\"type\":\"section\",\"props\":{\"image_position\":\"center-center\",\"padding_remove_top\":true,\"style\":\"default\",\"title_breakpoint\":\"xl\",\"title_position\":\"top-left\",\"title_rotation\":\"left\",\"vertical_align\":\"middle\",\"width\":\"default\"},\"children\":[{\"type\":\"row\",\"props\":{\"layout\":\"1-6,5-6|1-5,4-5\"},\"children\":[{\"type\":\"column\",\"props\":{\"image_position\":\"center-center\",\"position_sticky_breakpoint\":\"m\",\"width_medium\":\"1-6\",\"width_small\":\"1-5\"},\"children\":[{\"type\":\"image\",\"props\":{\"image\":\"wp-content\\\/uploads\\\/2024\\\/06\\\/Info-II-1.jpg\",\"image_height\":100,\"image_svg_color\":\"emphasis\",\"image_width\":100,\"link\":\"https:\\\/\\\/www.gob.mx\\\/profeco\",\"link_target\":\"blank\",\"margin\":\"default\",\"text_align\":\"center\"}}]},{\"type\":\"column\",\"props\":{\"image_position\":\"center-center\",\"position_sticky_breakpoint\":\"m\",\"width_medium\":\"5-6\",\"width_small\":\"4-5\"},\"children\":[{\"type\":\"button\",\"props\":{\"grid_column_gap\":\"small\",\"grid_row_gap\":\"small\",\"margin\":\"default\"},\"children\":[{\"type\":\"button_item\",\"props\":{\"button_style\":\"secondary\",\"content\":\"Defensa del Consumidor\",\"content_pt_br\":\"Defesa do Consumidor\",\"icon_align\":\"left\",\"link\":\"https:\\\/\\\/www.gob.mx\\\/profeco\",\"link_pt_br\":\"https:\\\/\\\/www.gob.mx\\\/profeco\",\"link_target\":\"blank\"}}]},{\"type\":\"text\",\"props\":{\"column_breakpoint\":\"m\",\"content\":\"\n\n<p><span>Procuradur\\u00eda Federal del Consumidor (PROFECO)<\\\/span><\\\/p>\",\"margin\":\"default\"}}]}]}]},{\"type\":\"section\",\"props\":{\"image_position\":\"center-center\",\"padding_remove_top\":true,\"style\":\"default\",\"title_breakpoint\":\"xl\",\"title_position\":\"top-left\",\"title_rotation\":\"left\",\"vertical_align\":\"middle\",\"width\":\"default\"},\"children\":[{\"type\":\"row\",\"props\":{\"layout\":\"1-6,5-6|1-5,4-5\"},\"children\":[{\"type\":\"column\",\"props\":{\"image_position\":\"center-center\",\"position_sticky_breakpoint\":\"m\",\"width_medium\":\"1-6\",\"width_small\":\"1-5\"},\"children\":[{\"type\":\"image\",\"props\":{\"image\":\"wp-content\\\/uploads\\\/2024\\\/06\\\/Sello-II-2.jpg\",\"image_height\":100,\"image_svg_color\":\"emphasis\",\"image_width\":100,\"link_target\":\"blank\",\"margin\":\"default\",\"text_align\":\"center\"}}]},{\"type\":\"column\",\"props\":{\"image_position\":\"center-center\",\"position_sticky_breakpoint\":\"m\",\"width_medium\":\"5-6\",\"width_small\":\"4-5\"},\"children\":[{\"type\":\"button\",\"props\":{\"grid_column_gap\":\"small\",\"grid_row_gap\":\"small\",\"margin\":\"default\"},\"children\":[{\"type\":\"button_item\",\"props\":{\"button_style\":\"secondary\",\"content\":\"Normas Reguladoras\",\"content_pt_br\":\"Normas Reguladoras\",\"icon_align\":\"left\",\"link\":\"https:\\\/\\\/www.gob.mx\\\/profeco\\\/documentos\\\/marco-juridico-y-normativo?state=published\",\"link_pt_br\":\"https:\\\/\\\/www.gob.mx\\\/profeco\\\/documentos\\\/marco-juridico-y-normativo?state=published\",\"link_target\":\"blank\"}}]},{\"type\":\"text\",\"props\":{\"column_breakpoint\":\"m\",\"content\":\"\n\n<p>Conoce tus derechos como consumidor y las obligaciones del proveedor del bien o del servicio<\\\/p>\",\"content_pt_br\":\"\n\n<p><span>Conhe\\u00e7a seus direitos como consumidor e as obriga\\u00e7\\u00f5es do fornecedor do bem ou do servi\\u00e7o<\\\/span><\\\/p>\",\"margin\":\"default\"}}]}]}]},{\"type\":\"section\",\"props\":{\"image_position\":\"center-center\",\"padding_remove_top\":true,\"style\":\"default\",\"title_breakpoint\":\"xl\",\"title_position\":\"top-left\",\"title_rotation\":\"left\",\"vertical_align\":\"middle\",\"width\":\"default\"},\"children\":[{\"type\":\"row\",\"props\":{\"layout\":\"1-6,5-6|1-5,4-5\"},\"children\":[{\"type\":\"column\",\"props\":{\"image_position\":\"center-center\",\"position_sticky_breakpoint\":\"m\",\"width_medium\":\"1-6\",\"width_small\":\"1-5\"},\"children\":[{\"type\":\"image\",\"props\":{\"image\":\"wp-content\\\/uploads\\\/2024\\\/06\\\/Manos-1.png\",\"image_height\":100,\"image_svg_color\":\"emphasis\",\"image_width\":100,\"link\":\"https:\\\/\\\/www.gob.mx\\\/profeco\",\"link_target\":\"blank\",\"margin\":\"default\",\"text_align\":\"center\"}}]},{\"type\":\"column\",\"props\":{\"image_position\":\"center-center\",\"position_sticky_breakpoint\":\"m\",\"width_medium\":\"5-6\",\"width_small\":\"4-5\"},\"children\":[{\"type\":\"button\",\"props\":{\"grid_column_gap\":\"small\",\"grid_row_gap\":\"small\",\"margin\":\"default\"},\"children\":[{\"type\":\"button_item\",\"props\":{\"button_style\":\"secondary\",\"content\":\"Consultas\\\/Denuncias\\\/Reclamos\\\/Quejas\",\"content_pt_br\":\"Consultas\\\/Den\\u00fancias\\\/Reclama\\u00e7\\u00f5es\\\/Queixas\",\"icon_align\":\"left\",\"link\":\"https:\\\/\\\/www.gob.mx\\\/profeco\\\/articulos\\\/proceso-y-requisitos-de-quejas-y-denuncias\",\"link_pt_br\":\"https:\\\/\\\/www.gob.mx\\\/profeco\\\/articulos\\\/proceso-y-requisitos-de-quejas-y-denuncias\",\"link_target\":\"blank\"}}]},{\"type\":\"text\",\"props\":{\"column_breakpoint\":\"m\",\"content\":\"\n\n<p><span>Accede a informaci\\u00f3n relacionada con eventuales situaciones de conflicto en una relaci\\u00f3n de consumo<\\\/span><\\\/p>\",\"content_pt_br\":\"\n\n<p>Acesse a informa\\u00e7\\u00e3o relacionada a eventuais situa\\u00e7\\u00f5es de conflito em uma rela\\u00e7\\u00e3o de consumo<\\\/p>\",\"margin\":\"default\"}},{\"type\":\"list\",\"props\":{\"column_breakpoint\":\"m\",\"image_align\":\"left\",\"image_svg_color\":\"emphasis\",\"image_vertical_align\":true,\"list_element\":\"ul\",\"list_horizontal_separator\":\", \",\"list_type\":\"vertical\",\"margin_remove_top\":true,\"show_image\":true,\"show_link\":true},\"children\":[{\"type\":\"list_item\",\"props\":{\"content\":\"Servicio de atenci\\u00f3n telef\\u00f3nica \\u2013 Tel\\u00e9fono del consumidor\",\"content_pt_br\":\"Servi\\u00e7o de atendimento telef\\u00f4nico \\u2013 Telefone do consumidor\",\"icon\":\"arrow-right\",\"link\":\"http:\\\/\\\/telefonodelconsumidor.gob.mx\\\/\",\"link_pt_br\":\"http:\\\/\\\/telefonodelconsumidor.gob.mx\\\/\",\"link_target\":true}},{\"type\":\"list_item\",\"props\":{\"content\":\"Concilia desde el extranjero\",\"content_pt_br\":\"Concilie no estrangeiro\",\"icon\":\"arrow-right\",\"link\":\"https:\\\/\\\/www.gob.mx\\\/profeco\\\/documentos\\\/concilia-desde-el-extranjero\",\"link_pt_br\":\"https:\\\/\\\/www.gob.mx\\\/profeco\\\/documentos\\\/concilia-desde-el-extranjero\",\"link_target\":true}}]}]}]}]},{\"type\":\"section\",\"props\":{\"image_position\":\"center-center\",\"padding_remove_top\":true,\"style\":\"default\",\"title_breakpoint\":\"xl\",\"title_position\":\"top-left\",\"title_rotation\":\"left\",\"vertical_align\":\"middle\",\"width\":\"default\"},\"children\":[{\"type\":\"row\",\"props\":{\"layout\":\"1-6,5-6|1-5,4-5\"},\"children\":[{\"type\":\"column\",\"props\":{\"image_position\":\"center-center\",\"position_sticky_breakpoint\":\"m\",\"width_medium\":\"1-6\",\"width_small\":\"1-5\"},\"children\":[{\"type\":\"image\",\"props\":{\"image\":\"wp-content\\\/uploads\\\/2024\\\/06\\\/Conocimiento-2-1.png\",\"image_height\":100,\"image_svg_color\":\"emphasis\",\"image_width\":100,\"link\":\"https:\\\/\\\/www.gob.mx\\\/profeco\\\/acciones-y-programas\\\/educacion-y-divulgacion\",\"link_target\":\"blank\",\"margin\":\"default\",\"text_align\":\"center\"}}]},{\"type\":\"column\",\"props\":{\"image_position\":\"center-center\",\"position_sticky_breakpoint\":\"m\",\"width_medium\":\"5-6\",\"width_small\":\"4-5\"},\"children\":[{\"type\":\"button\",\"props\":{\"grid_column_gap\":\"small\",\"grid_row_gap\":\"small\",\"margin\":\"default\"},\"children\":[{\"type\":\"button_item\",\"props\":{\"button_style\":\"secondary\",\"content\":\"Educaci\\u00f3n en Consumo\",\"content_pt_br\":\"Educa\\u00e7\\u00e3o em Consumo\",\"icon_align\":\"left\",\"link\":\"https:\\\/\\\/www.gob.mx\\\/profeco\\\/acciones-y-programas\\\/educacion-y-divulgacion\",\"link_pt_br\":\"https:\\\/\\\/www.gob.mx\\\/profeco\\\/acciones-y-programas\\\/educacion-y-divulgacion\",\"link_target\":\"blank\"}}]},{\"type\":\"text\",\"props\":{\"column_breakpoint\":\"m\",\"content\":\"\n\n<p><span>Informaci\\u00f3n, herramientas, cursos y materiales para capacitar a los consumidores<\\\/span><\\\/p>\",\"content_pt_br\":\"\n\n<p>Informa\\u00e7\\u00f5es, ferramentas, cursos e materiais para capacitar os consumidores<\\\/p>\",\"margin\":\"default\"}},{\"type\":\"list\",\"props\":{\"column_breakpoint\":\"m\",\"image_align\":\"left\",\"image_svg_color\":\"emphasis\",\"image_vertical_align\":true,\"list_element\":\"ul\",\"list_horizontal_separator\":\", \",\"list_type\":\"vertical\",\"margin_remove_top\":true,\"show_image\":true,\"show_link\":true},\"children\":[{\"type\":\"list_item\",\"props\":{\"content\":\"Consejos y recomendaciones para comprar en l\\u00ednea\",\"content_pt_br\":\"Conselhos e recomenda\\u00e7\\u00f5es para comprar<span>\\u00a0<\\\/span>on-line\",\"icon\":\"arrow-right\",\"link\":\"https:\\\/\\\/www.gob.mx\\\/profeco\\\/articulos\\\/consejos-y-recomendaciones-para-comprar-en-linea\",\"link_pt_br\":\"https:\\\/\\\/www.gob.mx\\\/profeco\\\/articulos\\\/consejos-y-recomendaciones-para-comprar-en-linea\",\"link_target\":true}},{\"type\":\"list_item\",\"props\":{\"content\":\"Revista del consumidor\",\"content_pt_br\":\"Revista do consumidor\",\"icon\":\"arrow-right\",\"link\":\"https:\\\/\\\/www.gob.mx\\\/profeco\\\/articulos\\\/revista-del-consumidor?idiom=eshttps:\\\/\\\/www.gob.mx\\\/profeco#2237\",\"link_pt_br\":\"https:\\\/\\\/www.gob.mx\\\/profeco\\\/articulos\\\/revista-del-consumidor?idiom=eshttps:\\\/\\\/www.gob.mx\\\/profeco#2237\",\"link_target\":true}}]}]}]}]}],\"version\":\"4.4.12\"} --><\/p>\n","protected":false},"excerpt":{"rendered":"<p>Protecci\u00f3n al Consumidor M\u00e9xico Defensa del Consumidor Procuradur\u00eda Federal del Consumidor (PROFECO) Normas Reguladoras Conoce tus derechos como consumidor y las obligaciones del proveedor del bien o del servicio Consultas\/Denuncias\/Reclamos\/Quejas Accede a informaci\u00f3n relacionada con eventuales situaciones de conflicto en una relaci\u00f3n de consumo Servicio de atenci\u00f3n telef\u00f3nica \u2013 Tel\u00e9fono del consumidor Concilia desde el [&hellip;]<\/p>\n","protected":false},"author":2,"featured_media":0,"parent":2327,"menu_order":0,"comment_status":"closed","ping_status":"closed","template":"","meta":{"_acf_changed":false,"footnotes":""},"class_list":["post-4296","page","type-page","status-publish","hentry"],"acf":[],"yoast_head":"<!-- This site is optimized with the Yoast SEO plugin v26.5 - https:\/\/yoast.com\/wordpress\/plugins\/seo\/ -->\n<title>Prote\u00e7\u00e3o do consumidor \/ M\u00e9xico<\/title>\n<meta name=\"robots\" content=\"index, follow, max-snippet:-1, max-image-preview:large, max-video-preview:-1\" \/>\n<meta property=\"og:locale\" content=\"pt_BR\" \/>\n<meta property=\"og:type\" content=\"article\" \/>\n<meta property=\"og:title\" content=\"Prote\u00e7\u00e3o do consumidor \/ M\u00e9xico\" \/>\n<meta property=\"og:url\" content=\"https:\/\/www.aladi.org\/pt\/agenda-digital\/comercio-eletronico\/protecao-do-consumidor-mexico\/\" \/>\n<meta property=\"og:site_name\" content=\"ALADI\" \/>\n<meta property=\"article:publisher\" content=\"https:\/\/es-la.facebook.com\/people\/ALADI\/100064606213084\/\" \/>\n<meta property=\"article:modified_time\" content=\"2025-07-22T12:27:15+00:00\" \/>\n<meta name=\"twitter:card\" content=\"summary_large_image\" \/>\n<meta name=\"twitter:site\" content=\"@ALADI_SG\" \/>\n<script type=\"application\/ld+json\" class=\"yoast-schema-graph\">{\"@context\":\"https:\/\/schema.org\",\"@graph\":[{\"@type\":\"WebPage\",\"@id\":\"https:\/\/www.aladi.org\/pt\/agenda-digital\/comercio-eletronico\/protecao-do-consumidor-mexico\/\",\"url\":\"https:\/\/www.aladi.org\/pt\/agenda-digital\/comercio-eletronico\/protecao-do-consumidor-mexico\/\",\"name\":\"Protecci\u00f3n al Consumidor \/ M\u00e9xico - ALADI\",\"isPartOf\":{\"@id\":\"https:\/\/www.aladi.org\/#website\"},\"datePublished\":\"2024-06-20T18:44:12+00:00\",\"dateModified\":\"2025-07-22T12:27:15+00:00\",\"breadcrumb\":{\"@id\":\"https:\/\/www.aladi.org\/pt\/agenda-digital\/comercio-eletronico\/protecao-do-consumidor-mexico\/#breadcrumb\"},\"inLanguage\":\"pt-BR\",\"potentialAction\":[{\"@type\":\"ReadAction\",\"target\":[\"https:\/\/www.aladi.org\/pt\/agenda-digital\/comercio-eletronico\/protecao-do-consumidor-mexico\/\"]}]},{\"@type\":\"BreadcrumbList\",\"@id\":\"https:\/\/www.aladi.org\/pt\/agenda-digital\/comercio-eletronico\/protecao-do-consumidor-mexico\/#breadcrumb\",\"itemListElement\":[{\"@type\":\"ListItem\",\"position\":1,\"name\":\"Home\",\"item\":\"https:\/\/www.aladi.org\/\"},{\"@type\":\"ListItem\",\"position\":2,\"name\":\"Agenda Digital\",\"item\":\"https:\/\/www.aladi.org\/agenda-digital\/\"},{\"@type\":\"ListItem\",\"position\":3,\"name\":\"Com\u00e9rcio eletr\u00f4nico\",\"item\":\"https:\/\/www.aladi.org\/agenda-digital\/comercio-electronico\/\"},{\"@type\":\"ListItem\",\"position\":4,\"name\":\"Prote\u00e7\u00e3o do consumidor \/ M\u00e9xico\"}]},{\"@type\":\"WebSite\",\"@id\":\"https:\/\/www.aladi.org\/pt\/#website\",\"url\":\"https:\/\/www.aladi.org\/pt\/\",\"name\":\"ALADI\",\"description\":\"Asociaci\u00f3n Latinoamericana de Integraci\u00f3n\",\"publisher\":{\"@id\":\"https:\/\/www.aladi.org\/pt\/#organization\"},\"potentialAction\":[{\"@type\":\"SearchAction\",\"target\":{\"@type\":\"EntryPoint\",\"urlTemplate\":\"https:\/\/www.aladi.org\/pt\/?s={search_term_string}\"},\"query-input\":{\"@type\":\"PropertyValueSpecification\",\"valueRequired\":true,\"valueName\":\"search_term_string\"}}],\"inLanguage\":\"pt-BR\"},{\"@type\":\"Organization\",\"@id\":\"https:\/\/www.aladi.org\/pt\/#organization\",\"name\":\"ALADI\",\"url\":\"https:\/\/www.aladi.org\/pt\/\",\"logo\":{\"@type\":\"ImageObject\",\"inLanguage\":\"pt-BR\",\"@id\":\"https:\/\/www.aladi.org\/pt\/#\/schema\/logo\/image\/\",\"url\":\"https:\/\/www.aladi.org\/wp-content\/uploads\/2025\/12\/Logo-ALADI.png\",\"contentUrl\":\"https:\/\/www.aladi.org\/wp-content\/uploads\/2025\/12\/Logo-ALADI.png\",\"width\":375,\"height\":235,\"caption\":\"ALADI\"},\"image\":{\"@id\":\"https:\/\/www.aladi.org\/pt\/#\/schema\/logo\/image\/\"},\"sameAs\":[\"https:\/\/es-la.facebook.com\/people\/ALADI\/100064606213084\/\",\"https:\/\/x.com\/ALADI_SG\",\"https:\/\/www.instagram.com\/aladi_sg\/?hl=es\",\"https:\/\/www.linkedin.com\/company\/aladi\/\",\"https:\/\/www.flickr.com\/photos\/aladi\/\",\"https:\/\/www.youtube.com\/channel\/UCrkJWOWHKF6igQmWE8Clnpg\"]}]}<\/script>\n<!-- \/ Yoast SEO plugin. -->","yoast_head_json":{"title":"Prote\u00e7\u00e3o do consumidor \/ M\u00e9xico","robots":{"index":"index","follow":"follow","max-snippet":"max-snippet:-1","max-image-preview":"max-image-preview:large","max-video-preview":"max-video-preview:-1"},"og_locale":"pt_BR","og_type":"article","og_title":"Prote\u00e7\u00e3o do consumidor \/ M\u00e9xico","og_url":"https:\/\/www.aladi.org\/pt\/agenda-digital\/comercio-eletronico\/protecao-do-consumidor-mexico\/","og_site_name":"ALADI","article_publisher":"https:\/\/es-la.facebook.com\/people\/ALADI\/100064606213084\/","article_modified_time":"2025-07-22T12:27:15+00:00","twitter_card":"summary_large_image","twitter_site":"@ALADI_SG","schema":{"@context":"https:\/\/schema.org","@graph":[{"@type":"WebPage","@id":"https:\/\/www.aladi.org\/pt\/agenda-digital\/comercio-eletronico\/protecao-do-consumidor-mexico\/","url":"https:\/\/www.aladi.org\/pt\/agenda-digital\/comercio-eletronico\/protecao-do-consumidor-mexico\/","name":"Protecci\u00f3n al Consumidor \/ M\u00e9xico - ALADI","isPartOf":{"@id":"https:\/\/www.aladi.org\/#website"},"datePublished":"2024-06-20T18:44:12+00:00","dateModified":"2025-07-22T12:27:15+00:00","breadcrumb":{"@id":"https:\/\/www.aladi.org\/pt\/agenda-digital\/comercio-eletronico\/protecao-do-consumidor-mexico\/#breadcrumb"},"inLanguage":"pt-BR","potentialAction":[{"@type":"ReadAction","target":["https:\/\/www.aladi.org\/pt\/agenda-digital\/comercio-eletronico\/protecao-do-consumidor-mexico\/"]}]},{"@type":"BreadcrumbList","@id":"https:\/\/www.aladi.org\/pt\/agenda-digital\/comercio-eletronico\/protecao-do-consumidor-mexico\/#breadcrumb","itemListElement":[{"@type":"ListItem","position":1,"name":"Home","item":"https:\/\/www.aladi.org\/"},{"@type":"ListItem","position":2,"name":"Agenda Digital","item":"https:\/\/www.aladi.org\/agenda-digital\/"},{"@type":"ListItem","position":3,"name":"Com\u00e9rcio eletr\u00f4nico","item":"https:\/\/www.aladi.org\/agenda-digital\/comercio-electronico\/"},{"@type":"ListItem","position":4,"name":"Prote\u00e7\u00e3o do consumidor \/ M\u00e9xico"}]},{"@type":"WebSite","@id":"https:\/\/www.aladi.org\/pt\/#website","url":"https:\/\/www.aladi.org\/pt\/","name":"ALADI","description":"Asociaci\u00f3n Latinoamericana de Integraci\u00f3n","publisher":{"@id":"https:\/\/www.aladi.org\/pt\/#organization"},"potentialAction":[{"@type":"SearchAction","target":{"@type":"EntryPoint","urlTemplate":"https:\/\/www.aladi.org\/pt\/?s={search_term_string}"},"query-input":{"@type":"PropertyValueSpecification","valueRequired":true,"valueName":"search_term_string"}}],"inLanguage":"pt-BR"},{"@type":"Organization","@id":"https:\/\/www.aladi.org\/pt\/#organization","name":"ALADI","url":"https:\/\/www.aladi.org\/pt\/","logo":{"@type":"ImageObject","inLanguage":"pt-BR","@id":"https:\/\/www.aladi.org\/pt\/#\/schema\/logo\/image\/","url":"https:\/\/www.aladi.org\/wp-content\/uploads\/2025\/12\/Logo-ALADI.png","contentUrl":"https:\/\/www.aladi.org\/wp-content\/uploads\/2025\/12\/Logo-ALADI.png","width":375,"height":235,"caption":"ALADI"},"image":{"@id":"https:\/\/www.aladi.org\/pt\/#\/schema\/logo\/image\/"},"sameAs":["https:\/\/es-la.facebook.com\/people\/ALADI\/100064606213084\/","https:\/\/x.com\/ALADI_SG","https:\/\/www.instagram.com\/aladi_sg\/?hl=es","https:\/\/www.linkedin.com\/company\/aladi\/","https:\/\/www.flickr.com\/photos\/aladi\/","https:\/\/www.youtube.com\/channel\/UCrkJWOWHKF6igQmWE8Clnpg"]}]}},"jetpack_sharing_enabled":true,"_links":{"self":[{"href":"https:\/\/www.aladi.org\/pt\/wp-json\/wp\/v2\/pages\/4296","targetHints":{"allow":["GET"]}}],"collection":[{"href":"https:\/\/www.aladi.org\/pt\/wp-json\/wp\/v2\/pages"}],"about":[{"href":"https:\/\/www.aladi.org\/pt\/wp-json\/wp\/v2\/types\/page"}],"author":[{"embeddable":true,"href":"https:\/\/www.aladi.org\/pt\/wp-json\/wp\/v2\/users\/2"}],"replies":[{"embeddable":true,"href":"https:\/\/www.aladi.org\/pt\/wp-json\/wp\/v2\/comments?post=4296"}],"version-history":[{"count":9,"href":"https:\/\/www.aladi.org\/pt\/wp-json\/wp\/v2\/pages\/4296\/revisions"}],"predecessor-version":[{"id":6735,"href":"https:\/\/www.aladi.org\/pt\/wp-json\/wp\/v2\/pages\/4296\/revisions\/6735"}],"up":[{"embeddable":true,"href":"https:\/\/www.aladi.org\/pt\/wp-json\/wp\/v2\/pages\/2327"}],"wp:attachment":[{"href":"https:\/\/www.aladi.org\/pt\/wp-json\/wp\/v2\/media?parent=4296"}],"curies":[{"name":"wp","href":"https:\/\/api.w.org\/{rel}","templated":true}]}}