{"id":4285,"date":"2024-06-20T15:58:11","date_gmt":"2024-06-20T15:58:11","guid":{"rendered":"https:\/\/sitio.aladi.org\/?page_id=4285"},"modified":"2024-11-07T18:14:29","modified_gmt":"2024-11-07T18:14:29","slug":"proteccion-al-consumidor-colombia","status":"publish","type":"page","link":"https:\/\/www.aladi.org\/pt\/agenda-digital\/comercio-eletronico\/protecao-do-consumidor-colombia\/","title":{"rendered":"Prote\u00e7\u00e3o do consumidor \/ Col\u00f4mbia"},"content":{"rendered":"<div>Protecci\u00f3n al Consumidor<\/div>\n<h1><strong>Colombia<\/strong><\/h1>\n<p><a href=\"https:\/\/www.sic.gov.co\/tema\/proteccion-del-consumidor\"><img decoding=\"async\" src=\"\/wp-content\/uploads\/2024\/06\/Info-II-1.jpg\" alt=\"\"><\/a><\/p>\n<p>\n    <a href=\"https:\/\/www.sic.gov.co\/tema\/proteccion-del-consumidor\">Defensa del Consumidor<\/a>\n<\/p>\n<div>\n<p><span>Superintendencia de Industria y Comercio<\/span><\/p>\n<\/div>\n<p><img decoding=\"async\" src=\"\/wp-content\/uploads\/2024\/06\/Sello-II-2.jpg\" alt=\"\"><\/p>\n<div>\n<p><span>Normas Reguladoras<\/span><\/p>\n<p><span>Conoce tus derechos como consumidor y las obligaciones del proveedor del bien o del servicio<\/span><\/p>\n<\/div>\n<p><a href=\"https:\/\/denuncias.sic.gov.co\/consumidor\/consumidor\/paso0\"><img decoding=\"async\" src=\"\/wp-content\/uploads\/2024\/06\/Sello-II-2.jpg\" alt=\"\"><\/a><\/p>\n<p>\n    <a href=\"https:\/\/denuncias.sic.gov.co\/consumidor\/consumidor\/paso0\">Consultas\/Denuncias\/Reclamos\/Quejas<\/a>\n<\/p>\n<div>\n<p><span>Accede a informaci\u00f3n relacionada con eventuales situaciones de conflicto en una relaci\u00f3n de consumo<\/span><\/p>\n<\/div>\n<div>\n<p><a href=\"https:\/\/sicfacilita.sic.gov.co\/SICFacilita\/index.xhtml\">SICFACILITA \u2013 Herramienta de resoluci\u00f3n de conflictos<\/a><\/p>\n<\/div>\n<p><a href=\"https:\/\/sedeelectronica.sic.gov.co\/transparencia\"><img decoding=\"async\" src=\"\/wp-content\/uploads\/2024\/06\/Conocimiento-2-1.png\" alt=\"\"><\/a><\/p>\n<p>\n    <a href=\"https:\/\/sedeelectronica.sic.gov.co\/transparencia\">Educaci\u00f3n en Consumo<\/a>\n<\/p>\n<div>\n<p><span>Informaci\u00f3n, herramientas, cursos y materiales para capacitar a los consumidores<\/span><\/p>\n<\/div>\n<p><!--more--><br \/>\n<!-- {\"type\":\"layout\",\"children\":[{\"type\":\"section\",\"props\":{\"image_loading\":true,\"image_position\":\"top-center\",\"media_visibility\":\"m\",\"padding\":\"xsmall\",\"padding_remove_horizontal\":false,\"padding_remove_top\":false,\"style\":\"default\",\"title_breakpoint\":\"xl\",\"title_position\":\"top-left\",\"title_rotation\":\"left\",\"vertical_align\":\"\",\"width\":\"xlarge\"},\"children\":[{\"type\":\"row\",\"props\":{\"width\":\"xlarge\"},\"children\":[{\"type\":\"column\",\"props\":{\"image_position\":\"center-center\",\"position_sticky_breakpoint\":\"m\"},\"children\":[{\"type\":\"breadcrumbs\",\"props\":{\"margin\":\"remove-vertical\",\"margin_remove_top\":true,\"show_current\":true,\"show_home\":true}}]}]},{\"type\":\"row\",\"props\":{\"margin_remove_bottom\":false,\"width\":\"xlarge\"},\"children\":[{\"type\":\"column\",\"props\":{\"image_position\":\"center-center\",\"image_size\":\"cover\",\"padding\":\"none\",\"position_sticky_breakpoint\":\"m\",\"vertical_align\":\"middle\"},\"children\":[{\"type\":\"headline\",\"props\":{\"content\":\"Protecci\\u00f3n al Consumidor\",\"content_pt_br\":\"Prote\\u00e7\\u00e3o do consumidor\",\"link_style\":false,\"title_color\":\"primary\",\"title_element\":\"div\",\"title_style\":\"h6\"}},{\"type\":\"headline\",\"props\":{\"content\":\"<strong>Colombia<\\\/strong>\",\"content_pt_br\":\"<strong>Col\\u00f4mbia<\\\/strong>\",\"margin\":\"medium\",\"margin_remove_bottom\":false,\"margin_remove_top\":false,\"maxwidth\":\"xlarge\",\"text_align\":\"left\",\"text_align_fallback\":\"center\",\"title_color\":\"secondary\",\"title_element\":\"h1\",\"title_style\":\"h1\"}}]}]}],\"name\":\"T\\u00edtulos\"},{\"type\":\"section\",\"props\":{\"image_position\":\"center-center\",\"padding_remove_top\":true,\"style\":\"default\",\"title_breakpoint\":\"xl\",\"title_position\":\"top-left\",\"title_rotation\":\"left\",\"vertical_align\":\"middle\",\"width\":\"default\"},\"children\":[{\"type\":\"row\",\"props\":{\"layout\":\"1-6,5-6|1-5,4-5\"},\"children\":[{\"type\":\"column\",\"props\":{\"image_position\":\"center-center\",\"position_sticky_breakpoint\":\"m\",\"width_medium\":\"1-6\",\"width_small\":\"1-5\"},\"children\":[{\"type\":\"image\",\"props\":{\"image\":\"wp-content\\\/uploads\\\/2024\\\/06\\\/Info-II-1.jpg\",\"image_height\":100,\"image_svg_color\":\"emphasis\",\"image_width\":100,\"link\":\"https:\\\/\\\/www.sic.gov.co\\\/tema\\\/proteccion-del-consumidor\",\"link_target\":\"blank\",\"margin\":\"default\",\"text_align\":\"center\"}}]},{\"type\":\"column\",\"props\":{\"image_position\":\"center-center\",\"position_sticky_breakpoint\":\"m\",\"width_medium\":\"5-6\",\"width_small\":\"4-5\"},\"children\":[{\"type\":\"button\",\"props\":{\"grid_column_gap\":\"small\",\"grid_row_gap\":\"small\",\"margin\":\"default\"},\"children\":[{\"type\":\"button_item\",\"props\":{\"button_style\":\"secondary\",\"content\":\"Defensa del Consumidor\",\"content_pt_br\":\"Defesa do Consumidor\",\"icon_align\":\"left\",\"link\":\"https:\\\/\\\/www.sic.gov.co\\\/tema\\\/proteccion-del-consumidor\",\"link_pt_br\":\"https:\\\/\\\/www.sic.gov.co\\\/tema\\\/proteccion-del-consumidor\",\"link_target\":\"blank\"}}]},{\"type\":\"text\",\"props\":{\"column_breakpoint\":\"m\",\"content\":\"\n\n<p><span>Superintendencia de Industria y Comercio<\\\/span><\\\/p>\",\"margin\":\"default\"}}]}]}]},{\"type\":\"section\",\"props\":{\"image_position\":\"center-center\",\"padding_remove_top\":true,\"style\":\"default\",\"title_breakpoint\":\"xl\",\"title_position\":\"top-left\",\"title_rotation\":\"left\",\"vertical_align\":\"middle\",\"width\":\"default\"},\"children\":[{\"type\":\"row\",\"props\":{\"layout\":\"1-6,5-6|1-5,4-5\"},\"children\":[{\"type\":\"column\",\"props\":{\"image_position\":\"center-center\",\"position_sticky_breakpoint\":\"m\",\"width_medium\":\"1-6\",\"width_small\":\"1-5\"},\"children\":[{\"type\":\"image\",\"props\":{\"image\":\"wp-content\\\/uploads\\\/2024\\\/06\\\/Sello-II-2.jpg\",\"image_height\":100,\"image_svg_color\":\"emphasis\",\"image_width\":100,\"link_target\":\"blank\",\"margin\":\"default\",\"text_align\":\"center\"}}]},{\"type\":\"column\",\"props\":{\"image_position\":\"center-center\",\"position_sticky_breakpoint\":\"m\",\"width_medium\":\"5-6\",\"width_small\":\"4-5\"},\"children\":[{\"type\":\"text\",\"props\":{\"column_breakpoint\":\"m\",\"content\":\"\n\n<p><span>Normas Reguladoras<\\\/span><\\\/p>\\n\n\n<p><span>Conoce tus derechos como consumidor y las obligaciones del proveedor del bien o del servicio<\\\/span><\\\/p>\",\"content_pt_br\":\"\n\n<p>Normas Reguladoras<\\\/p>\\n\n\n<div class=\\\"wp-block-columns is-layout-flex wp-container-core-columns-is-layout-2 wp-block-columns-is-layout-flex\\\">\\n\n\n<div class=\\\"wp-block-column is-layout-flow wp-block-column-is-layout-flow\\\">\\n\n\n<p>Conhe\\u00e7a seus direitos como consumidor e as obriga\\u00e7\\u00f5es do fornecedor do bem ou do servi\\u00e7o<\\\/p>\\n<\\\/div>\\n<\\\/div>\",\"margin\":\"default\"}}]}]}]},{\"type\":\"section\",\"props\":{\"image_position\":\"center-center\",\"padding_remove_top\":true,\"style\":\"default\",\"title_breakpoint\":\"xl\",\"title_position\":\"top-left\",\"title_rotation\":\"left\",\"vertical_align\":\"middle\",\"width\":\"default\"},\"children\":[{\"type\":\"row\",\"props\":{\"layout\":\"1-6,5-6|1-5,4-5\"},\"children\":[{\"type\":\"column\",\"props\":{\"image_position\":\"center-center\",\"position_sticky_breakpoint\":\"m\",\"width_medium\":\"1-6\",\"width_small\":\"1-5\"},\"children\":[{\"type\":\"image\",\"props\":{\"image\":\"wp-content\\\/uploads\\\/2024\\\/06\\\/Sello-II-2.jpg\",\"image_height\":100,\"image_svg_color\":\"emphasis\",\"image_width\":100,\"link\":\"https:\\\/\\\/denuncias.sic.gov.co\\\/consumidor\\\/consumidor\\\/paso0\",\"link_target\":\"blank\",\"margin\":\"default\",\"text_align\":\"center\"}}]},{\"type\":\"column\",\"props\":{\"image_position\":\"center-center\",\"position_sticky_breakpoint\":\"m\",\"width_medium\":\"5-6\",\"width_small\":\"4-5\"},\"children\":[{\"type\":\"button\",\"props\":{\"grid_column_gap\":\"small\",\"grid_row_gap\":\"small\",\"margin\":\"default\"},\"children\":[{\"type\":\"button_item\",\"props\":{\"button_style\":\"secondary\",\"content\":\"Consultas\\\/Denuncias\\\/Reclamos\\\/Quejas\",\"content_pt_br\":\"Consultas\\\/Den\\u00fancias\\\/Reclama\\u00e7\\u00f5es\\\/Queixas\",\"icon_align\":\"left\",\"link\":\"https:\\\/\\\/denuncias.sic.gov.co\\\/consumidor\\\/consumidor\\\/paso0\",\"link_pt_br\":\"https:\\\/\\\/denuncias.sic.gov.co\\\/consumidor\\\/consumidor\\\/paso0\",\"link_target\":\"blank\"}}]},{\"type\":\"text\",\"props\":{\"column_breakpoint\":\"m\",\"content\":\"\n\n<p><span>Accede a informaci\\u00f3n relacionada con eventuales situaciones de conflicto en una relaci\\u00f3n de consumo<\\\/span><\\\/p>\",\"content_pt_br\":\"\n\n<p>Acesse a informa\\u00e7\\u00e3o relacionada a eventuais situa\\u00e7\\u00f5es de conflito em uma rela\\u00e7\\u00e3o de consumo<\\\/p>\",\"margin\":\"default\"}},{\"type\":\"list\",\"props\":{\"column_breakpoint\":\"m\",\"image_align\":\"left\",\"image_svg_color\":\"emphasis\",\"image_vertical_align\":true,\"list_element\":\"ul\",\"list_horizontal_separator\":\", \",\"list_type\":\"vertical\",\"margin_remove_top\":true,\"show_image\":true,\"show_link\":true},\"children\":[{\"type\":\"list_item\",\"props\":{\"content\":\"SICFACILITA \\u2013 Herramienta de resoluci\\u00f3n de conflictos\",\"content_pt_br\":\"SICFACILITA \\u2013 Ferramenta de resolu\\u00e7\\u00e3o de conflitos\",\"icon\":\"arrow-right\",\"link\":\"https:\\\/\\\/sicfacilita.sic.gov.co\\\/SICFacilita\\\/index.xhtml\",\"link_pt_br\":\"https:\\\/\\\/sicfacilita.sic.gov.co\\\/SICFacilita\\\/index.xhtml\",\"link_target\":true}}]}]}]}]},{\"type\":\"section\",\"props\":{\"image_position\":\"center-center\",\"padding_remove_top\":true,\"style\":\"default\",\"title_breakpoint\":\"xl\",\"title_position\":\"top-left\",\"title_rotation\":\"left\",\"vertical_align\":\"middle\",\"width\":\"default\"},\"children\":[{\"type\":\"row\",\"props\":{\"layout\":\"1-6,5-6|1-5,4-5\"},\"children\":[{\"type\":\"column\",\"props\":{\"image_position\":\"center-center\",\"position_sticky_breakpoint\":\"m\",\"width_medium\":\"1-6\",\"width_small\":\"1-5\"},\"children\":[{\"type\":\"image\",\"props\":{\"image\":\"wp-content\\\/uploads\\\/2024\\\/06\\\/Conocimiento-2-1.png\",\"image_height\":100,\"image_svg_color\":\"emphasis\",\"image_width\":100,\"link\":\"https:\\\/\\\/sedeelectronica.sic.gov.co\\\/transparencia\",\"link_target\":\"blank\",\"margin\":\"default\",\"text_align\":\"center\"}}]},{\"type\":\"column\",\"props\":{\"image_position\":\"center-center\",\"position_sticky_breakpoint\":\"m\",\"width_medium\":\"5-6\",\"width_small\":\"4-5\"},\"children\":[{\"type\":\"button\",\"props\":{\"grid_column_gap\":\"small\",\"grid_row_gap\":\"small\",\"margin\":\"default\"},\"children\":[{\"type\":\"button_item\",\"props\":{\"button_style\":\"secondary\",\"content\":\"Educaci\\u00f3n en Consumo\",\"content_pt_br\":\"Educa\\u00e7\\u00e3o em Consumo\",\"icon_align\":\"left\",\"link\":\"https:\\\/\\\/sedeelectronica.sic.gov.co\\\/transparencia\",\"link_pt_br\":\"https:\\\/\\\/sedeelectronica.sic.gov.co\\\/transparencia\",\"link_target\":\"blank\"}}]},{\"type\":\"text\",\"props\":{\"column_breakpoint\":\"m\",\"content\":\"\n\n<p><span>Informaci\\u00f3n, herramientas, cursos y materiales para capacitar a los consumidores<\\\/span><\\\/p>\",\"content_pt_br\":\"\n\n<div id=\\\"content\\\" class=\\\"site-content\\\">\\n\n\n<div class=\\\"container\\\">\\n\n\n<div class=\\\"inner-wrapper\\\">\\n\n\n<div id=\\\"primary\\\" class=\\\"content-area\\\"><main id=\\\"main\\\" class=\\\"site-main\\\" role=\\\"main\\\">\\n\n\n<article id=\\\"post-20081\\\" class=\\\"post-20081 page type-page status-publish hentry\\\">\\n\n\n<div class=\\\"entry-content\\\">\\n\n\n<div class=\\\"wp-block-columns is-layout-flex wp-container-core-columns-is-layout-4 wp-block-columns-is-layout-flex\\\">\\n\n\n<div class=\\\"wp-block-column is-layout-flow wp-block-column-is-layout-flow\\\">\\n\n\n<p>Informa\\u00e7\\u00f5es, ferramentas, cursos e materiais para capacitar os consumidores<\\\/p>\\n<\\\/div>\\n<\\\/div>\\n<\\\/div>\\n\n\n<footer class=\\\"entry-footer\\\"><\\\/footer><\\\/article>\\n<\\\/main><\\\/div>\\n<\\\/div>\\n<\\\/div>\\n<\\\/div>\",\"margin\":\"default\"}}]}]}]}],\"version\":\"4.4.7\"} --><\/p>\n","protected":false},"excerpt":{"rendered":"<p>Protecci\u00f3n al Consumidor Colombia Defensa del Consumidor Superintendencia de Industria y Comercio Normas Reguladoras Conoce tus derechos como consumidor y las obligaciones del proveedor del bien o del servicio Consultas\/Denuncias\/Reclamos\/Quejas Accede a informaci\u00f3n relacionada con eventuales situaciones de conflicto en una relaci\u00f3n de consumo SICFACILITA \u2013 Herramienta de resoluci\u00f3n de conflictos Educaci\u00f3n en Consumo Informaci\u00f3n, [&hellip;]<\/p>\n","protected":false},"author":2,"featured_media":0,"parent":2327,"menu_order":0,"comment_status":"closed","ping_status":"closed","template":"","meta":{"_acf_changed":false,"footnotes":""},"class_list":["post-4285","page","type-page","status-publish","hentry"],"acf":[],"yoast_head":"<!-- This site is optimized with the Yoast SEO plugin v26.5 - https:\/\/yoast.com\/wordpress\/plugins\/seo\/ -->\n<title>Prote\u00e7\u00e3o do consumidor \/ Col\u00f4mbia<\/title>\n<meta name=\"robots\" content=\"index, follow, max-snippet:-1, max-image-preview:large, max-video-preview:-1\" \/>\n<meta property=\"og:locale\" content=\"pt_BR\" \/>\n<meta property=\"og:type\" content=\"article\" \/>\n<meta property=\"og:title\" content=\"Prote\u00e7\u00e3o do consumidor \/ Col\u00f4mbia\" \/>\n<meta property=\"og:url\" content=\"https:\/\/www.aladi.org\/pt\/agenda-digital\/comercio-eletronico\/protecao-do-consumidor-colombia\/\" \/>\n<meta property=\"og:site_name\" content=\"ALADI\" \/>\n<meta property=\"article:publisher\" content=\"https:\/\/es-la.facebook.com\/people\/ALADI\/100064606213084\/\" \/>\n<meta property=\"article:modified_time\" content=\"2024-11-07T18:14:29+00:00\" \/>\n<meta name=\"twitter:card\" content=\"summary_large_image\" \/>\n<meta name=\"twitter:site\" content=\"@ALADI_SG\" \/>\n<script type=\"application\/ld+json\" class=\"yoast-schema-graph\">{\"@context\":\"https:\/\/schema.org\",\"@graph\":[{\"@type\":\"WebPage\",\"@id\":\"https:\/\/www.aladi.org\/pt\/agenda-digital\/comercio-eletronico\/protecao-do-consumidor-colombia\/\",\"url\":\"https:\/\/www.aladi.org\/pt\/agenda-digital\/comercio-eletronico\/protecao-do-consumidor-colombia\/\",\"name\":\"Protecci\u00f3n al Consumidor \/Colombia - ALADI\",\"isPartOf\":{\"@id\":\"https:\/\/www.aladi.org\/#website\"},\"datePublished\":\"2024-06-20T15:58:11+00:00\",\"dateModified\":\"2024-11-07T18:14:29+00:00\",\"breadcrumb\":{\"@id\":\"https:\/\/www.aladi.org\/pt\/agenda-digital\/comercio-eletronico\/protecao-do-consumidor-colombia\/#breadcrumb\"},\"inLanguage\":\"pt-BR\",\"potentialAction\":[{\"@type\":\"ReadAction\",\"target\":[\"https:\/\/www.aladi.org\/pt\/agenda-digital\/comercio-eletronico\/protecao-do-consumidor-colombia\/\"]}]},{\"@type\":\"BreadcrumbList\",\"@id\":\"https:\/\/www.aladi.org\/pt\/agenda-digital\/comercio-eletronico\/protecao-do-consumidor-colombia\/#breadcrumb\",\"itemListElement\":[{\"@type\":\"ListItem\",\"position\":1,\"name\":\"Home\",\"item\":\"https:\/\/www.aladi.org\/\"},{\"@type\":\"ListItem\",\"position\":2,\"name\":\"Agenda Digital\",\"item\":\"https:\/\/www.aladi.org\/agenda-digital\/\"},{\"@type\":\"ListItem\",\"position\":3,\"name\":\"Com\u00e9rcio eletr\u00f4nico\",\"item\":\"https:\/\/www.aladi.org\/agenda-digital\/comercio-electronico\/\"},{\"@type\":\"ListItem\",\"position\":4,\"name\":\"Prote\u00e7\u00e3o do consumidor \/ Col\u00f4mbia\"}]},{\"@type\":\"WebSite\",\"@id\":\"https:\/\/www.aladi.org\/pt\/#website\",\"url\":\"https:\/\/www.aladi.org\/pt\/\",\"name\":\"ALADI\",\"description\":\"Asociaci\u00f3n Latinoamericana de Integraci\u00f3n\",\"publisher\":{\"@id\":\"https:\/\/www.aladi.org\/pt\/#organization\"},\"potentialAction\":[{\"@type\":\"SearchAction\",\"target\":{\"@type\":\"EntryPoint\",\"urlTemplate\":\"https:\/\/www.aladi.org\/pt\/?s={search_term_string}\"},\"query-input\":{\"@type\":\"PropertyValueSpecification\",\"valueRequired\":true,\"valueName\":\"search_term_string\"}}],\"inLanguage\":\"pt-BR\"},{\"@type\":\"Organization\",\"@id\":\"https:\/\/www.aladi.org\/pt\/#organization\",\"name\":\"ALADI\",\"url\":\"https:\/\/www.aladi.org\/pt\/\",\"logo\":{\"@type\":\"ImageObject\",\"inLanguage\":\"pt-BR\",\"@id\":\"https:\/\/www.aladi.org\/pt\/#\/schema\/logo\/image\/\",\"url\":\"https:\/\/www.aladi.org\/wp-content\/uploads\/2025\/12\/Logo-ALADI.png\",\"contentUrl\":\"https:\/\/www.aladi.org\/wp-content\/uploads\/2025\/12\/Logo-ALADI.png\",\"width\":375,\"height\":235,\"caption\":\"ALADI\"},\"image\":{\"@id\":\"https:\/\/www.aladi.org\/pt\/#\/schema\/logo\/image\/\"},\"sameAs\":[\"https:\/\/es-la.facebook.com\/people\/ALADI\/100064606213084\/\",\"https:\/\/x.com\/ALADI_SG\",\"https:\/\/www.instagram.com\/aladi_sg\/?hl=es\",\"https:\/\/www.linkedin.com\/company\/aladi\/\",\"https:\/\/www.flickr.com\/photos\/aladi\/\",\"https:\/\/www.youtube.com\/channel\/UCrkJWOWHKF6igQmWE8Clnpg\"]}]}<\/script>\n<!-- \/ Yoast SEO plugin. -->","yoast_head_json":{"title":"Prote\u00e7\u00e3o do consumidor \/ Col\u00f4mbia","robots":{"index":"index","follow":"follow","max-snippet":"max-snippet:-1","max-image-preview":"max-image-preview:large","max-video-preview":"max-video-preview:-1"},"og_locale":"pt_BR","og_type":"article","og_title":"Prote\u00e7\u00e3o do consumidor \/ Col\u00f4mbia","og_url":"https:\/\/www.aladi.org\/pt\/agenda-digital\/comercio-eletronico\/protecao-do-consumidor-colombia\/","og_site_name":"ALADI","article_publisher":"https:\/\/es-la.facebook.com\/people\/ALADI\/100064606213084\/","article_modified_time":"2024-11-07T18:14:29+00:00","twitter_card":"summary_large_image","twitter_site":"@ALADI_SG","schema":{"@context":"https:\/\/schema.org","@graph":[{"@type":"WebPage","@id":"https:\/\/www.aladi.org\/pt\/agenda-digital\/comercio-eletronico\/protecao-do-consumidor-colombia\/","url":"https:\/\/www.aladi.org\/pt\/agenda-digital\/comercio-eletronico\/protecao-do-consumidor-colombia\/","name":"Protecci\u00f3n al Consumidor \/Colombia - ALADI","isPartOf":{"@id":"https:\/\/www.aladi.org\/#website"},"datePublished":"2024-06-20T15:58:11+00:00","dateModified":"2024-11-07T18:14:29+00:00","breadcrumb":{"@id":"https:\/\/www.aladi.org\/pt\/agenda-digital\/comercio-eletronico\/protecao-do-consumidor-colombia\/#breadcrumb"},"inLanguage":"pt-BR","potentialAction":[{"@type":"ReadAction","target":["https:\/\/www.aladi.org\/pt\/agenda-digital\/comercio-eletronico\/protecao-do-consumidor-colombia\/"]}]},{"@type":"BreadcrumbList","@id":"https:\/\/www.aladi.org\/pt\/agenda-digital\/comercio-eletronico\/protecao-do-consumidor-colombia\/#breadcrumb","itemListElement":[{"@type":"ListItem","position":1,"name":"Home","item":"https:\/\/www.aladi.org\/"},{"@type":"ListItem","position":2,"name":"Agenda Digital","item":"https:\/\/www.aladi.org\/agenda-digital\/"},{"@type":"ListItem","position":3,"name":"Com\u00e9rcio eletr\u00f4nico","item":"https:\/\/www.aladi.org\/agenda-digital\/comercio-electronico\/"},{"@type":"ListItem","position":4,"name":"Prote\u00e7\u00e3o do consumidor \/ Col\u00f4mbia"}]},{"@type":"WebSite","@id":"https:\/\/www.aladi.org\/pt\/#website","url":"https:\/\/www.aladi.org\/pt\/","name":"ALADI","description":"Asociaci\u00f3n Latinoamericana de Integraci\u00f3n","publisher":{"@id":"https:\/\/www.aladi.org\/pt\/#organization"},"potentialAction":[{"@type":"SearchAction","target":{"@type":"EntryPoint","urlTemplate":"https:\/\/www.aladi.org\/pt\/?s={search_term_string}"},"query-input":{"@type":"PropertyValueSpecification","valueRequired":true,"valueName":"search_term_string"}}],"inLanguage":"pt-BR"},{"@type":"Organization","@id":"https:\/\/www.aladi.org\/pt\/#organization","name":"ALADI","url":"https:\/\/www.aladi.org\/pt\/","logo":{"@type":"ImageObject","inLanguage":"pt-BR","@id":"https:\/\/www.aladi.org\/pt\/#\/schema\/logo\/image\/","url":"https:\/\/www.aladi.org\/wp-content\/uploads\/2025\/12\/Logo-ALADI.png","contentUrl":"https:\/\/www.aladi.org\/wp-content\/uploads\/2025\/12\/Logo-ALADI.png","width":375,"height":235,"caption":"ALADI"},"image":{"@id":"https:\/\/www.aladi.org\/pt\/#\/schema\/logo\/image\/"},"sameAs":["https:\/\/es-la.facebook.com\/people\/ALADI\/100064606213084\/","https:\/\/x.com\/ALADI_SG","https:\/\/www.instagram.com\/aladi_sg\/?hl=es","https:\/\/www.linkedin.com\/company\/aladi\/","https:\/\/www.flickr.com\/photos\/aladi\/","https:\/\/www.youtube.com\/channel\/UCrkJWOWHKF6igQmWE8Clnpg"]}]}},"jetpack_sharing_enabled":true,"_links":{"self":[{"href":"https:\/\/www.aladi.org\/pt\/wp-json\/wp\/v2\/pages\/4285","targetHints":{"allow":["GET"]}}],"collection":[{"href":"https:\/\/www.aladi.org\/pt\/wp-json\/wp\/v2\/pages"}],"about":[{"href":"https:\/\/www.aladi.org\/pt\/wp-json\/wp\/v2\/types\/page"}],"author":[{"embeddable":true,"href":"https:\/\/www.aladi.org\/pt\/wp-json\/wp\/v2\/users\/2"}],"replies":[{"embeddable":true,"href":"https:\/\/www.aladi.org\/pt\/wp-json\/wp\/v2\/comments?post=4285"}],"version-history":[{"count":5,"href":"https:\/\/www.aladi.org\/pt\/wp-json\/wp\/v2\/pages\/4285\/revisions"}],"predecessor-version":[{"id":4818,"href":"https:\/\/www.aladi.org\/pt\/wp-json\/wp\/v2\/pages\/4285\/revisions\/4818"}],"up":[{"embeddable":true,"href":"https:\/\/www.aladi.org\/pt\/wp-json\/wp\/v2\/pages\/2327"}],"wp:attachment":[{"href":"https:\/\/www.aladi.org\/pt\/wp-json\/wp\/v2\/media?parent=4285"}],"curies":[{"name":"wp","href":"https:\/\/api.w.org\/{rel}","templated":true}]}}