{"id":4242,"date":"2024-06-20T14:16:44","date_gmt":"2024-06-20T14:16:44","guid":{"rendered":"https:\/\/sitio.aladi.org\/?page_id=4242"},"modified":"2025-07-22T12:21:05","modified_gmt":"2025-07-22T12:21:05","slug":"proteccion-al-consumidor-argentina","status":"publish","type":"page","link":"https:\/\/www.aladi.org\/pt\/agenda-digital\/comercio-eletronico\/protecao-do-consumidor-argentina\/","title":{"rendered":"Prote\u00e7\u00e3o do consumidor \/ Argentina"},"content":{"rendered":"<div>Protecci\u00f3n al Consumidor<\/div>\n<h1><strong>Argentina<\/strong><\/h1>\n<p><a href=\"https:\/\/www.argentina.gob.ar\/economia\/comercio\/defensadelconsumidor\"><img decoding=\"async\" src=\"\/wp-content\/uploads\/2024\/06\/Info-II-1.jpg\" alt=\"\"><\/a><\/p>\n<p>\n    <a href=\"https:\/\/www.argentina.gob.ar\/economia\/industria-y-comercio\/defensadelconsumidor\">Defensa del Consumidor<\/a>\n<\/p>\n<div>\n<p>Direcci\u00f3n Nacional de Defensa del Consumidor y Arbitraje del Consumo<\/p>\n<\/div>\n<p><a href=\"https:\/\/www.argentina.gob.ar\/produccion\/defensadelconsumidor\/conoce-tus-derechos\"><img decoding=\"async\" src=\"\/wp-content\/uploads\/2024\/06\/Sello-II-2.jpg\" alt=\"\"><\/a><\/p>\n<p>\n    <a href=\"https:\/\/www.argentina.gob.ar\/produccion\/defensadelconsumidor\/conoce-tus-derechos\">Normas reguladoras<\/a>\n<\/p>\n<div>\n<p>Conoce tus derechos como consumidor y las obligaciones del proveedor del bien o del servicio<\/p>\n<\/div>\n<p><a href=\"https:\/\/www.argentina.gob.ar\/servicio\/iniciar-un-reclamo-ante-la-direccion-nacional-de-defensa-del-consumidor-y-arbitraje-del\"><img decoding=\"async\" src=\"\/wp-content\/uploads\/2024\/06\/Manos-1.png\" alt=\"\"><\/a><\/p>\n<p>\n    <a href=\"https:\/\/www.argentina.gob.ar\/servicio\/iniciar-un-reclamo-ante-la-direccion-nacional-de-defensa-del-consumidor-y-arbitraje-del\">Consultas\/Denuncias\/Reclamos\/Quejas<\/a>\n<\/p>\n<div>\n<p>Accede a informaci\u00f3n relacionada con eventuales situaciones de conflicto en una relaci\u00f3n de consumo<\/p>\n<\/div>\n<p><a href=\"https:\/\/www.argentina.gob.ar\/produccion\/defensadelconsumidor\/escuela-argentina-de-educacion-en-consumo\"><img decoding=\"async\" src=\"\/wp-content\/uploads\/2024\/06\/Conocimiento-2-1.png\" alt=\"\"><\/a><\/p>\n<p>\n    <a href=\"https:\/\/www.argentina.gob.ar\/produccion\/defensadelconsumidor\/escuela-argentina-de-educacion-en-consumo\">Educaci\u00f3n en consumo<\/a>\n<\/p>\n<div>\n<p>Informaci\u00f3n, herramientas, cursos y materiales para capacitar a los consumidores<\/p>\n<\/div>\n<p><!--more--><br \/>\n<!-- {\"type\":\"layout\",\"children\":[{\"type\":\"section\",\"props\":{\"image_loading\":true,\"image_position\":\"top-center\",\"media_visibility\":\"m\",\"padding\":\"xsmall\",\"padding_remove_horizontal\":false,\"padding_remove_top\":false,\"style\":\"default\",\"title_breakpoint\":\"xl\",\"title_position\":\"top-left\",\"title_rotation\":\"left\",\"vertical_align\":\"\",\"width\":\"xlarge\"},\"children\":[{\"type\":\"row\",\"props\":{\"width\":\"xlarge\"},\"children\":[{\"type\":\"column\",\"props\":{\"image_position\":\"center-center\",\"position_sticky_breakpoint\":\"m\"},\"children\":[{\"type\":\"breadcrumbs\",\"props\":{\"margin\":\"remove-vertical\",\"margin_remove_top\":true,\"show_current\":true,\"show_home\":true}}]}]},{\"type\":\"row\",\"props\":{\"margin_remove_bottom\":false,\"width\":\"xlarge\"},\"children\":[{\"type\":\"column\",\"props\":{\"image_position\":\"center-center\",\"image_size\":\"cover\",\"padding\":\"none\",\"position_sticky_breakpoint\":\"m\",\"vertical_align\":\"middle\"},\"children\":[{\"type\":\"headline\",\"props\":{\"content\":\"Protecci\\u00f3n al Consumidor\",\"content_pt_br\":\"Prote\\u00e7\\u00e3o do consumidor\",\"link_style\":false,\"title_color\":\"primary\",\"title_element\":\"div\",\"title_style\":\"h6\"}},{\"type\":\"headline\",\"props\":{\"content\":\"<strong>Argentina<\\\/strong>\",\"content_pt_br\":\"<strong>Argentina<\\\/strong>\",\"margin\":\"medium\",\"margin_remove_bottom\":false,\"margin_remove_top\":false,\"maxwidth\":\"xlarge\",\"text_align\":\"left\",\"text_align_fallback\":\"center\",\"title_color\":\"secondary\",\"title_element\":\"h1\",\"title_style\":\"h1\"}}]}]}],\"name\":\"T\\u00edtulos\"},{\"type\":\"section\",\"props\":{\"image_position\":\"center-center\",\"padding_remove_top\":true,\"style\":\"default\",\"title_breakpoint\":\"xl\",\"title_position\":\"top-left\",\"title_rotation\":\"left\",\"vertical_align\":\"middle\",\"width\":\"default\"},\"children\":[{\"type\":\"row\",\"props\":{\"layout\":\"1-6,5-6|1-5,4-5\"},\"children\":[{\"type\":\"column\",\"props\":{\"image_position\":\"center-center\",\"position_sticky_breakpoint\":\"m\",\"width_medium\":\"1-6\",\"width_small\":\"1-5\"},\"children\":[{\"type\":\"image\",\"props\":{\"image\":\"wp-content\\\/uploads\\\/2024\\\/06\\\/Info-II-1.jpg\",\"image_height\":100,\"image_svg_color\":\"emphasis\",\"image_width\":100,\"link\":\"https:\\\/\\\/www.argentina.gob.ar\\\/economia\\\/comercio\\\/defensadelconsumidor\",\"link_target\":\"blank\",\"margin\":\"default\",\"text_align\":\"center\"}}]},{\"type\":\"column\",\"props\":{\"image_position\":\"center-center\",\"position_sticky_breakpoint\":\"m\",\"width_medium\":\"5-6\",\"width_small\":\"4-5\"},\"children\":[{\"type\":\"button\",\"props\":{\"grid_column_gap\":\"small\",\"grid_row_gap\":\"small\",\"margin\":\"default\"},\"children\":[{\"type\":\"button_item\",\"props\":{\"button_style\":\"secondary\",\"content\":\"Defensa del Consumidor\",\"content_pt_br\":\"Defesa do Consumidor\",\"icon_align\":\"left\",\"link\":\"https:\\\/\\\/www.argentina.gob.ar\\\/economia\\\/industria-y-comercio\\\/defensadelconsumidor\",\"link_pt_br\":\"https:\\\/\\\/www.argentina.gob.ar\\\/economia\\\/industria-y-comercio\\\/defensadelconsumidor\",\"link_target\":\"blank\"}}]},{\"type\":\"text\",\"props\":{\"column_breakpoint\":\"m\",\"content\":\"\n\n<p>Direcci\\u00f3n Nacional de Defensa del Consumidor y Arbitraje del Consumo<\\\/p>\",\"content_pt_br\":\"\n\n<p>Direcci\\u00f3n Nacional de Defensa del Consumidor y Arbitraje del Consumo<\\\/p>\",\"margin\":\"default\"}}]}]}]},{\"type\":\"section\",\"props\":{\"image_position\":\"center-center\",\"padding_remove_top\":true,\"style\":\"default\",\"title_breakpoint\":\"xl\",\"title_position\":\"top-left\",\"title_rotation\":\"left\",\"vertical_align\":\"middle\",\"width\":\"default\"},\"children\":[{\"type\":\"row\",\"props\":{\"layout\":\"1-6,5-6|1-5,4-5\"},\"children\":[{\"type\":\"column\",\"props\":{\"image_position\":\"center-center\",\"position_sticky_breakpoint\":\"m\",\"width_medium\":\"1-6\",\"width_small\":\"1-5\"},\"children\":[{\"type\":\"image\",\"props\":{\"image\":\"wp-content\\\/uploads\\\/2024\\\/06\\\/Sello-II-2.jpg\",\"image_height\":100,\"image_svg_color\":\"emphasis\",\"image_width\":100,\"link\":\"https:\\\/\\\/www.argentina.gob.ar\\\/produccion\\\/defensadelconsumidor\\\/conoce-tus-derechos\",\"link_target\":\"blank\",\"margin\":\"default\",\"text_align\":\"center\"}}]},{\"type\":\"column\",\"props\":{\"image_position\":\"center-center\",\"position_sticky_breakpoint\":\"m\",\"width_medium\":\"5-6\",\"width_small\":\"4-5\"},\"children\":[{\"type\":\"button\",\"props\":{\"grid_column_gap\":\"small\",\"grid_row_gap\":\"small\",\"margin\":\"default\"},\"children\":[{\"type\":\"button_item\",\"props\":{\"button_style\":\"secondary\",\"content\":\"Normas reguladoras\",\"content_pt_br\":\"Normas reguladoras\",\"icon_align\":\"left\",\"link\":\"https:\\\/\\\/www.argentina.gob.ar\\\/produccion\\\/defensadelconsumidor\\\/conoce-tus-derechos\",\"link_pt_br\":\"https:\\\/\\\/www.argentina.gob.ar\\\/produccion\\\/defensadelconsumidor\\\/conoce-tus-derechos\",\"link_target\":\"blank\"}}]},{\"type\":\"text\",\"props\":{\"column_breakpoint\":\"m\",\"content\":\"\n\n<p>Conoce tus derechos como consumidor y las obligaciones del proveedor del bien o del servicio<\\\/p>\",\"content_pt_br\":\"\n\n<p><span>Conhe\\u00e7a seus direitos como consumidor e as obriga\\u00e7\\u00f5es do fornecedor do bem ou do servi\\u00e7o<\\\/span><\\\/p>\",\"margin\":\"default\"}}]}]}]},{\"type\":\"section\",\"props\":{\"image_position\":\"center-center\",\"padding_remove_top\":true,\"style\":\"default\",\"title_breakpoint\":\"xl\",\"title_position\":\"top-left\",\"title_rotation\":\"left\",\"vertical_align\":\"middle\",\"width\":\"default\"},\"children\":[{\"type\":\"row\",\"props\":{\"layout\":\"1-6,5-6|1-5,4-5\"},\"children\":[{\"type\":\"column\",\"props\":{\"image_position\":\"center-center\",\"position_sticky_breakpoint\":\"m\",\"width_medium\":\"1-6\",\"width_small\":\"1-5\"},\"children\":[{\"type\":\"image\",\"props\":{\"image\":\"wp-content\\\/uploads\\\/2024\\\/06\\\/Manos-1.png\",\"image_height\":100,\"image_svg_color\":\"emphasis\",\"image_width\":100,\"link\":\"https:\\\/\\\/www.argentina.gob.ar\\\/servicio\\\/iniciar-un-reclamo-ante-la-direccion-nacional-de-defensa-del-consumidor-y-arbitraje-del\",\"link_target\":\"blank\",\"margin\":\"default\",\"text_align\":\"center\"}}]},{\"type\":\"column\",\"props\":{\"image_position\":\"center-center\",\"position_sticky_breakpoint\":\"m\",\"width_medium\":\"5-6\",\"width_small\":\"4-5\"},\"children\":[{\"type\":\"button\",\"props\":{\"grid_column_gap\":\"small\",\"grid_row_gap\":\"small\",\"margin\":\"default\"},\"children\":[{\"type\":\"button_item\",\"props\":{\"button_style\":\"secondary\",\"content\":\"Consultas\\\/Denuncias\\\/Reclamos\\\/Quejas\",\"content_pt_br\":\"Consultas\\\/Den\\u00fancias\\\/Reclama\\u00e7\\u00f5es\\\/Queixas\",\"icon_align\":\"left\",\"link\":\"https:\\\/\\\/www.argentina.gob.ar\\\/servicio\\\/iniciar-un-reclamo-ante-la-direccion-nacional-de-defensa-del-consumidor-y-arbitraje-del\",\"link_pt_br\":\"https:\\\/\\\/www.argentina.gob.ar\\\/servicio\\\/iniciar-un-reclamo-ante-la-direccion-nacional-de-defensa-del-consumidor-y-arbitraje-del\",\"link_target\":\"blank\"}}]},{\"type\":\"text\",\"props\":{\"column_breakpoint\":\"m\",\"content\":\"\n\n<p>Accede a informaci\\u00f3n relacionada con eventuales situaciones de conflicto en una relaci\\u00f3n de consumo<\\\/p>\",\"content_pt_br\":\"\n\n<div class=\\\"wp-block-columns is-layout-flex wp-container-core-columns-is-layout-3 wp-block-columns-is-layout-flex\\\">\\n\n\n<div class=\\\"wp-block-column is-layout-flow wp-block-column-is-layout-flow\\\">\\n\n\n<p>Acesse a informa\\u00e7\\u00e3o relacionada a eventuais situa\\u00e7\\u00f5es de conflito em uma rela\\u00e7\\u00e3o de consumo<\\\/p>\\n<\\\/div>\\n<\\\/div>\",\"margin\":\"default\"}}]}]}]},{\"type\":\"section\",\"props\":{\"image_position\":\"center-center\",\"padding_remove_top\":true,\"style\":\"default\",\"title_breakpoint\":\"xl\",\"title_position\":\"top-left\",\"title_rotation\":\"left\",\"vertical_align\":\"middle\",\"width\":\"default\"},\"children\":[{\"type\":\"row\",\"props\":{\"layout\":\"1-6,5-6|1-5,4-5\"},\"children\":[{\"type\":\"column\",\"props\":{\"image_position\":\"center-center\",\"position_sticky_breakpoint\":\"m\",\"width_medium\":\"1-6\",\"width_small\":\"1-5\"},\"children\":[{\"type\":\"image\",\"props\":{\"image\":\"wp-content\\\/uploads\\\/2024\\\/06\\\/Conocimiento-2-1.png\",\"image_height\":100,\"image_svg_color\":\"emphasis\",\"image_width\":100,\"link\":\"https:\\\/\\\/www.argentina.gob.ar\\\/produccion\\\/defensadelconsumidor\\\/escuela-argentina-de-educacion-en-consumo\",\"link_target\":\"blank\",\"margin\":\"default\",\"text_align\":\"center\"}}]},{\"type\":\"column\",\"props\":{\"image_position\":\"center-center\",\"position_sticky_breakpoint\":\"m\",\"width_medium\":\"5-6\",\"width_small\":\"4-5\"},\"children\":[{\"type\":\"button\",\"props\":{\"grid_column_gap\":\"small\",\"grid_row_gap\":\"small\",\"margin\":\"default\"},\"children\":[{\"type\":\"button_item\",\"props\":{\"button_style\":\"secondary\",\"content\":\"Educaci\\u00f3n en consumo\",\"content_pt_br\":\"Educa\\u00e7\\u00e3o em consumo\",\"icon_align\":\"left\",\"link\":\"https:\\\/\\\/www.argentina.gob.ar\\\/produccion\\\/defensadelconsumidor\\\/escuela-argentina-de-educacion-en-consumo\",\"link_pt_br\":\"https:\\\/\\\/www.argentina.gob.ar\\\/produccion\\\/defensadelconsumidor\\\/escuela-argentina-de-educacion-en-consumo\",\"link_target\":\"blank\"}}]},{\"type\":\"text\",\"props\":{\"column_breakpoint\":\"m\",\"content\":\"\n\n<p>Informaci\\u00f3n, herramientas, cursos y materiales para capacitar a los consumidores<\\\/p>\",\"content_pt_br\":\"\n\n<div id=\\\"content\\\" class=\\\"site-content\\\">\\n\n\n<div class=\\\"container\\\">\\n\n\n<div class=\\\"inner-wrapper\\\">\\n\n\n<div id=\\\"primary\\\" class=\\\"content-area\\\"><main id=\\\"main\\\" class=\\\"site-main\\\" role=\\\"main\\\">\\n\n\n<article id=\\\"post-20074\\\" class=\\\"post-20074 page type-page status-publish hentry\\\">\\n\n\n<div class=\\\"entry-content\\\">\\n\n\n<div class=\\\"wp-block-columns is-layout-flex wp-container-core-columns-is-layout-4 wp-block-columns-is-layout-flex\\\">\\n\n\n<div class=\\\"wp-block-column is-layout-flow wp-block-column-is-layout-flow\\\">\\n\n\n<p>Informa\\u00e7\\u00f5es, ferramentas, cursos e materiais para capacitar os consumidores<\\\/p>\\n<\\\/div>\\n<\\\/div>\\n<\\\/div>\\n\n\n<footer class=\\\"entry-footer\\\"><\\\/footer><\\\/article>\\n<\\\/main><\\\/div>\\n<\\\/div>\\n<\\\/div>\\n<\\\/div>\",\"margin\":\"default\"}}]}]}]}],\"version\":\"4.4.12\"} --><\/p>\n","protected":false},"excerpt":{"rendered":"<p>Protecci\u00f3n al Consumidor Argentina Defensa del Consumidor Direcci\u00f3n Nacional de Defensa del Consumidor y Arbitraje del Consumo Normas reguladoras Conoce tus derechos como consumidor y las obligaciones del proveedor del bien o del servicio Consultas\/Denuncias\/Reclamos\/Quejas Accede a informaci\u00f3n relacionada con eventuales situaciones de conflicto en una relaci\u00f3n de consumo Educaci\u00f3n en consumo Informaci\u00f3n, herramientas, cursos [&hellip;]<\/p>\n","protected":false},"author":2,"featured_media":0,"parent":2327,"menu_order":0,"comment_status":"closed","ping_status":"closed","template":"","meta":{"_acf_changed":false,"footnotes":""},"class_list":["post-4242","page","type-page","status-publish","hentry"],"acf":[],"yoast_head":"<!-- This site is optimized with the Yoast SEO plugin v26.5 - https:\/\/yoast.com\/wordpress\/plugins\/seo\/ -->\n<title>Prote\u00e7\u00e3o do consumidor \/ Argentina<\/title>\n<meta name=\"robots\" content=\"index, follow, max-snippet:-1, max-image-preview:large, max-video-preview:-1\" \/>\n<meta property=\"og:locale\" content=\"pt_BR\" \/>\n<meta property=\"og:type\" content=\"article\" \/>\n<meta property=\"og:title\" content=\"Prote\u00e7\u00e3o do consumidor \/ Argentina\" \/>\n<meta property=\"og:url\" content=\"https:\/\/www.aladi.org\/pt\/agenda-digital\/comercio-eletronico\/protecao-do-consumidor-argentina\/\" \/>\n<meta property=\"og:site_name\" content=\"ALADI\" \/>\n<meta property=\"article:publisher\" content=\"https:\/\/es-la.facebook.com\/people\/ALADI\/100064606213084\/\" \/>\n<meta property=\"article:modified_time\" content=\"2025-07-22T12:21:05+00:00\" \/>\n<meta name=\"twitter:card\" content=\"summary_large_image\" \/>\n<meta name=\"twitter:site\" content=\"@ALADI_SG\" \/>\n<script type=\"application\/ld+json\" class=\"yoast-schema-graph\">{\"@context\":\"https:\/\/schema.org\",\"@graph\":[{\"@type\":\"WebPage\",\"@id\":\"https:\/\/www.aladi.org\/pt\/agenda-digital\/comercio-eletronico\/protecao-do-consumidor-argentina\/\",\"url\":\"https:\/\/www.aladi.org\/pt\/agenda-digital\/comercio-eletronico\/protecao-do-consumidor-argentina\/\",\"name\":\"Protecci\u00f3n al Consumidor \/ Argentina - ALADI\",\"isPartOf\":{\"@id\":\"https:\/\/www.aladi.org\/#website\"},\"datePublished\":\"2024-06-20T14:16:44+00:00\",\"dateModified\":\"2025-07-22T12:21:05+00:00\",\"breadcrumb\":{\"@id\":\"https:\/\/www.aladi.org\/pt\/agenda-digital\/comercio-eletronico\/protecao-do-consumidor-argentina\/#breadcrumb\"},\"inLanguage\":\"pt-BR\",\"potentialAction\":[{\"@type\":\"ReadAction\",\"target\":[\"https:\/\/www.aladi.org\/pt\/agenda-digital\/comercio-eletronico\/protecao-do-consumidor-argentina\/\"]}]},{\"@type\":\"BreadcrumbList\",\"@id\":\"https:\/\/www.aladi.org\/pt\/agenda-digital\/comercio-eletronico\/protecao-do-consumidor-argentina\/#breadcrumb\",\"itemListElement\":[{\"@type\":\"ListItem\",\"position\":1,\"name\":\"Home\",\"item\":\"https:\/\/www.aladi.org\/\"},{\"@type\":\"ListItem\",\"position\":2,\"name\":\"Agenda Digital\",\"item\":\"https:\/\/www.aladi.org\/agenda-digital\/\"},{\"@type\":\"ListItem\",\"position\":3,\"name\":\"Com\u00e9rcio eletr\u00f4nico\",\"item\":\"https:\/\/www.aladi.org\/agenda-digital\/comercio-electronico\/\"},{\"@type\":\"ListItem\",\"position\":4,\"name\":\"Prote\u00e7\u00e3o do consumidor \/ Argentina\"}]},{\"@type\":\"WebSite\",\"@id\":\"https:\/\/www.aladi.org\/pt\/#website\",\"url\":\"https:\/\/www.aladi.org\/pt\/\",\"name\":\"ALADI\",\"description\":\"Asociaci\u00f3n Latinoamericana de Integraci\u00f3n\",\"publisher\":{\"@id\":\"https:\/\/www.aladi.org\/pt\/#organization\"},\"potentialAction\":[{\"@type\":\"SearchAction\",\"target\":{\"@type\":\"EntryPoint\",\"urlTemplate\":\"https:\/\/www.aladi.org\/pt\/?s={search_term_string}\"},\"query-input\":{\"@type\":\"PropertyValueSpecification\",\"valueRequired\":true,\"valueName\":\"search_term_string\"}}],\"inLanguage\":\"pt-BR\"},{\"@type\":\"Organization\",\"@id\":\"https:\/\/www.aladi.org\/pt\/#organization\",\"name\":\"ALADI\",\"url\":\"https:\/\/www.aladi.org\/pt\/\",\"logo\":{\"@type\":\"ImageObject\",\"inLanguage\":\"pt-BR\",\"@id\":\"https:\/\/www.aladi.org\/pt\/#\/schema\/logo\/image\/\",\"url\":\"https:\/\/www.aladi.org\/wp-content\/uploads\/2025\/12\/Logo-ALADI.png\",\"contentUrl\":\"https:\/\/www.aladi.org\/wp-content\/uploads\/2025\/12\/Logo-ALADI.png\",\"width\":375,\"height\":235,\"caption\":\"ALADI\"},\"image\":{\"@id\":\"https:\/\/www.aladi.org\/pt\/#\/schema\/logo\/image\/\"},\"sameAs\":[\"https:\/\/es-la.facebook.com\/people\/ALADI\/100064606213084\/\",\"https:\/\/x.com\/ALADI_SG\",\"https:\/\/www.instagram.com\/aladi_sg\/?hl=es\",\"https:\/\/www.linkedin.com\/company\/aladi\/\",\"https:\/\/www.flickr.com\/photos\/aladi\/\",\"https:\/\/www.youtube.com\/channel\/UCrkJWOWHKF6igQmWE8Clnpg\"]}]}<\/script>\n<!-- \/ Yoast SEO plugin. -->","yoast_head_json":{"title":"Prote\u00e7\u00e3o do consumidor \/ Argentina","robots":{"index":"index","follow":"follow","max-snippet":"max-snippet:-1","max-image-preview":"max-image-preview:large","max-video-preview":"max-video-preview:-1"},"og_locale":"pt_BR","og_type":"article","og_title":"Prote\u00e7\u00e3o do consumidor \/ Argentina","og_url":"https:\/\/www.aladi.org\/pt\/agenda-digital\/comercio-eletronico\/protecao-do-consumidor-argentina\/","og_site_name":"ALADI","article_publisher":"https:\/\/es-la.facebook.com\/people\/ALADI\/100064606213084\/","article_modified_time":"2025-07-22T12:21:05+00:00","twitter_card":"summary_large_image","twitter_site":"@ALADI_SG","schema":{"@context":"https:\/\/schema.org","@graph":[{"@type":"WebPage","@id":"https:\/\/www.aladi.org\/pt\/agenda-digital\/comercio-eletronico\/protecao-do-consumidor-argentina\/","url":"https:\/\/www.aladi.org\/pt\/agenda-digital\/comercio-eletronico\/protecao-do-consumidor-argentina\/","name":"Protecci\u00f3n al Consumidor \/ Argentina - ALADI","isPartOf":{"@id":"https:\/\/www.aladi.org\/#website"},"datePublished":"2024-06-20T14:16:44+00:00","dateModified":"2025-07-22T12:21:05+00:00","breadcrumb":{"@id":"https:\/\/www.aladi.org\/pt\/agenda-digital\/comercio-eletronico\/protecao-do-consumidor-argentina\/#breadcrumb"},"inLanguage":"pt-BR","potentialAction":[{"@type":"ReadAction","target":["https:\/\/www.aladi.org\/pt\/agenda-digital\/comercio-eletronico\/protecao-do-consumidor-argentina\/"]}]},{"@type":"BreadcrumbList","@id":"https:\/\/www.aladi.org\/pt\/agenda-digital\/comercio-eletronico\/protecao-do-consumidor-argentina\/#breadcrumb","itemListElement":[{"@type":"ListItem","position":1,"name":"Home","item":"https:\/\/www.aladi.org\/"},{"@type":"ListItem","position":2,"name":"Agenda Digital","item":"https:\/\/www.aladi.org\/agenda-digital\/"},{"@type":"ListItem","position":3,"name":"Com\u00e9rcio eletr\u00f4nico","item":"https:\/\/www.aladi.org\/agenda-digital\/comercio-electronico\/"},{"@type":"ListItem","position":4,"name":"Prote\u00e7\u00e3o do consumidor \/ Argentina"}]},{"@type":"WebSite","@id":"https:\/\/www.aladi.org\/pt\/#website","url":"https:\/\/www.aladi.org\/pt\/","name":"ALADI","description":"Asociaci\u00f3n Latinoamericana de Integraci\u00f3n","publisher":{"@id":"https:\/\/www.aladi.org\/pt\/#organization"},"potentialAction":[{"@type":"SearchAction","target":{"@type":"EntryPoint","urlTemplate":"https:\/\/www.aladi.org\/pt\/?s={search_term_string}"},"query-input":{"@type":"PropertyValueSpecification","valueRequired":true,"valueName":"search_term_string"}}],"inLanguage":"pt-BR"},{"@type":"Organization","@id":"https:\/\/www.aladi.org\/pt\/#organization","name":"ALADI","url":"https:\/\/www.aladi.org\/pt\/","logo":{"@type":"ImageObject","inLanguage":"pt-BR","@id":"https:\/\/www.aladi.org\/pt\/#\/schema\/logo\/image\/","url":"https:\/\/www.aladi.org\/wp-content\/uploads\/2025\/12\/Logo-ALADI.png","contentUrl":"https:\/\/www.aladi.org\/wp-content\/uploads\/2025\/12\/Logo-ALADI.png","width":375,"height":235,"caption":"ALADI"},"image":{"@id":"https:\/\/www.aladi.org\/pt\/#\/schema\/logo\/image\/"},"sameAs":["https:\/\/es-la.facebook.com\/people\/ALADI\/100064606213084\/","https:\/\/x.com\/ALADI_SG","https:\/\/www.instagram.com\/aladi_sg\/?hl=es","https:\/\/www.linkedin.com\/company\/aladi\/","https:\/\/www.flickr.com\/photos\/aladi\/","https:\/\/www.youtube.com\/channel\/UCrkJWOWHKF6igQmWE8Clnpg"]}]}},"jetpack_sharing_enabled":true,"_links":{"self":[{"href":"https:\/\/www.aladi.org\/pt\/wp-json\/wp\/v2\/pages\/4242","targetHints":{"allow":["GET"]}}],"collection":[{"href":"https:\/\/www.aladi.org\/pt\/wp-json\/wp\/v2\/pages"}],"about":[{"href":"https:\/\/www.aladi.org\/pt\/wp-json\/wp\/v2\/types\/page"}],"author":[{"embeddable":true,"href":"https:\/\/www.aladi.org\/pt\/wp-json\/wp\/v2\/users\/2"}],"replies":[{"embeddable":true,"href":"https:\/\/www.aladi.org\/pt\/wp-json\/wp\/v2\/comments?post=4242"}],"version-history":[{"count":16,"href":"https:\/\/www.aladi.org\/pt\/wp-json\/wp\/v2\/pages\/4242\/revisions"}],"predecessor-version":[{"id":6734,"href":"https:\/\/www.aladi.org\/pt\/wp-json\/wp\/v2\/pages\/4242\/revisions\/6734"}],"up":[{"embeddable":true,"href":"https:\/\/www.aladi.org\/pt\/wp-json\/wp\/v2\/pages\/2327"}],"wp:attachment":[{"href":"https:\/\/www.aladi.org\/pt\/wp-json\/wp\/v2\/media?parent=4242"}],"curies":[{"name":"wp","href":"https:\/\/api.w.org\/{rel}","templated":true}]}}