{"id":3839,"date":"2024-04-17T14:41:04","date_gmt":"2024-04-17T14:41:04","guid":{"rendered":"https:\/\/sitio.aladi.org\/?page_id=3839"},"modified":"2024-11-12T18:47:22","modified_gmt":"2024-11-12T18:47:22","slug":"actas-reuniones-extraordinarias","status":"publish","type":"page","link":"https:\/\/www.aladi.org\/pt\/infraestructura-e-logistica\/transporte\/actas-reuniones-extraordinarias\/","title":{"rendered":"Actas reuniones extraordinarias"},"content":{"rendered":"<div>Transporte<\/div>\n<h1><strong>Actas Reuniones Extraordinarias<\/strong><\/h1>\n<ul>\n<li>\n<p><a href=\"https:\/\/www2.aladi.org\/sitioaladi\/documentos\/atit\/ActaReunionExtraordinariaATIT_ReconocimientodeProrrogas.pdf\"><\/p>\n<p>Reconocimiento de Pr\u00f3rrogas en lo relacionado con Verificaci\u00f3n T\u00e9cnica Vehicular<\/p>\n<p><\/a><\/p>\n<\/li>\n<li>\n<p><a href=\"https:\/\/www2.aladi.org\/sitioaladi\/documentos\/atit\/ActaExtraordinaria_DeclaracionAdopcionMedidasCOVID19.pdf\"><\/p>\n<p>Par\u00e1metros generales a considerar en la adopci\u00f3n de medidas nacionales relacionadas con la pandemia COVID \u2013 19 que puedan afectar el transporte terrestre<\/p>\n<p><\/a><\/p>\n<\/li>\n<li>\n<p><a href=\"https:\/\/www2.aladi.org\/sitioaladi\/documentos\/atit\/ATIT%20Reunion%20Extraordinaria-Estado%20de%20Calamidad%20Rio%20Grande%20Do%20Sul%20%20(mayo2024).pdf\">Situaci\u00f3n generada como consecuencia de las inundaciones en el Estado de Rio Grande do Sul (Brasil)<\/a><\/p>\n<\/li>\n<li>\n<p><a href=\"https:\/\/www2.aladi.org\/sitioaladi\/documentos\/atit\/ATIT%20Reunion%20Extraordinaria-Anexos%20(mayo2024).pdf\">Anexos<\/a><\/p>\n<\/li>\n<li>\n<div>\n<ul class=\"wp-block-list\">\n<li>Normativa de Pr\u00f3rroga (Brasil)\n<ul class=\"wp-block-list\">\n<li><a href=\"https:\/\/www2.aladi.org\/sitioaladi\/documentos\/atit\/Delibera%C3%A7%C3%A3o-274-SENATRAN.pdf\" target=\"_blank\" rel=\"noopener\">Deliberaci\u00f3n 274 \u2013 CONTRAN (15 de mayo de 2024)<\/a><\/li>\n<li><a href=\"https:\/\/www2.aladi.org\/sitioaladi\/documentos\/atit\/PORTARIA_DG_116_DE_15MAIO2024-DOU-ImprensaNacional.pdf\" target=\"_blank\" rel=\"noopener\">Portar\u00eda DG N\u00ba 116 \u2013 ANTT (15 de mayo de 2024)<\/a><\/li>\n<li><a href=\"https:\/\/www2.aladi.org\/sitioaladi\/documentos\/atit\/PORTARIA_DG_118.pdf\" target=\"_blank\" rel=\"noopener\">Portar\u00eda DG N\u00ba 118 \u2013 ANTT (15 de mayo de 2024)<\/a><\/li>\n<\/ul>\n<\/li>\n<\/ul>\n<\/div>\n<\/li>\n<\/ul>\n<p><!--more--><br \/>\n<!-- {\"type\":\"layout\",\"children\":[{\"type\":\"section\",\"props\":{\"image_loading\":true,\"image_position\":\"top-center\",\"media_visibility\":\"m\",\"padding\":\"xsmall\",\"padding_remove_horizontal\":false,\"padding_remove_top\":false,\"style\":\"default\",\"title_breakpoint\":\"xl\",\"title_position\":\"top-left\",\"title_rotation\":\"left\",\"vertical_align\":\"\",\"width\":\"xlarge\"},\"children\":[{\"type\":\"row\",\"props\":{\"width\":\"xlarge\"},\"children\":[{\"type\":\"column\",\"props\":{\"image_position\":\"center-center\",\"position_sticky_breakpoint\":\"m\"},\"children\":[{\"type\":\"breadcrumbs\",\"props\":{\"margin\":\"remove-vertical\",\"margin_remove_top\":true,\"show_current\":true,\"show_home\":true}}]}]},{\"type\":\"row\",\"props\":{\"margin_remove_bottom\":false,\"width\":\"xlarge\"},\"children\":[{\"type\":\"column\",\"props\":{\"image_position\":\"center-center\",\"image_size\":\"cover\",\"padding\":\"none\",\"position_sticky_breakpoint\":\"m\",\"vertical_align\":\"middle\"},\"children\":[{\"type\":\"headline\",\"props\":{\"content\":\"Transporte\",\"link_style\":false,\"title_color\":\"primary\",\"title_element\":\"div\",\"title_style\":\"h6\"}},{\"type\":\"headline\",\"props\":{\"content\":\"<strong>Actas Reuniones Extraordinarias<\\\/strong>\",\"content_pt_br\":\"<strong>Atas Reuni\\u00f5es Extraordin\\u00e1rias<\\\/strong>\",\"margin\":\"medium\",\"margin_remove_bottom\":false,\"margin_remove_top\":false,\"maxwidth\":\"xlarge\",\"text_align\":\"left\",\"text_align_fallback\":\"center\",\"title_color\":\"secondary\",\"title_element\":\"h1\",\"title_style\":\"h1\"}}]}]}],\"name\":\"T\\u00edtulos\"},{\"type\":\"section\",\"props\":{\"image_position\":\"center-center\",\"style\":\"default\",\"title_breakpoint\":\"xl\",\"title_position\":\"top-left\",\"title_rotation\":\"left\",\"vertical_align\":\"\",\"width\":\"default\"},\"children\":[{\"type\":\"row\",\"children\":[{\"type\":\"column\",\"props\":{\"image_position\":\"center-center\",\"position_sticky_breakpoint\":\"m\"},\"children\":[{\"type\":\"list\",\"props\":{\"column_breakpoint\":\"m\",\"image_align\":\"left\",\"image_svg_color\":\"emphasis\",\"image_vertical_align\":true,\"list_element\":\"ul\",\"list_horizontal_separator\":\", \",\"list_type\":\"vertical\",\"show_image\":true,\"show_link\":true},\"children\":[{\"type\":\"list_item\",\"props\":{\"content\":\"\n\n<p>Reconocimiento de Pr\\u00f3rrogas en lo relacionado con Verificaci\\u00f3n T\\u00e9cnica Vehicular<\\\/p>\",\"content_pt_br\":\"Reconhecimento de Prorroga\\u00e7\\u00f5es no tocante \\u00e0 Verifica\\u00e7\\u00e3o T\\u00e9cnica Veicular\",\"icon\":\"file-pdf\",\"link\":\"https:\\\/\\\/www2.aladi.org\\\/sitioaladi\\\/documentos\\\/atit\\\/ActaReunionExtraordinariaATIT_ReconocimientodeProrrogas.pdf\",\"link_pt_br\":\"https:\\\/\\\/www2.aladi.org\\\/sitioaladi\\\/documentos\\\/atit\\\/ActaReunionExtraordinariaATIT_ReconocimientodeProrrogas.pdf\",\"link_target\":true}},{\"type\":\"list_item\",\"props\":{\"content\":\"\n\n<p>Par\\u00e1metros generales a considerar en la adopci\\u00f3n de medidas nacionales relacionadas con la pandemia COVID \\u2013 19 que puedan afectar el transporte terrestre<\\\/p>\",\"content_pt_br\":\"Par\\u00e2metros gerais a considerar na ado\\u00e7\\u00e3o de medidas nacionais relacionadas \\u00e0 pandemia COVID \\u2013 19 que possam afetar o transporte terrestre\",\"icon\":\"file-pdf\",\"link\":\"https:\\\/\\\/www2.aladi.org\\\/sitioaladi\\\/documentos\\\/atit\\\/ActaExtraordinaria_DeclaracionAdopcionMedidasCOVID19.pdf\",\"link_pt_br\":\"https:\\\/\\\/www2.aladi.org\\\/sitioaladi\\\/documentos\\\/atit\\\/ActaExtraordinaria_DeclaracionAdopcionMedidasCOVID19.pdf\",\"link_target\":true}},{\"type\":\"list_item\",\"props\":{\"content\":\"Situaci\\u00f3n generada como consecuencia de las inundaciones en el Estado de Rio Grande do Sul (Brasil)\",\"content_pt_br\":\"Situa\\u00e7\\u00e3o gerada como consequ\\u00eancia das enchentes no Estado de Rio Grande do Sul (Brasil)\",\"icon\":\"file-pdf\",\"link\":\"https:\\\/\\\/www2.aladi.org\\\/sitioaladi\\\/documentos\\\/atit\\\/ATIT%20Reunion%20Extraordinaria-Estado%20de%20Calamidad%20Rio%20Grande%20Do%20Sul%20%20(mayo2024).pdf\",\"link_pt_br\":\"http:\\\/\\\/www2.aladi.org\\\/sitioaladi\\\/documentos\\\/atit\\\/ATIT%20Reunion%20Extraordinaria-Estado%20de%20Calamidad%20Rio%20Grande%20Do%20Sul%20%20(mayo2024).pdf\",\"link_target\":true}},{\"type\":\"list_item\",\"props\":{\"content\":\"Anexos\",\"link\":\"https:\\\/\\\/www2.aladi.org\\\/sitioaladi\\\/documentos\\\/atit\\\/ATIT%20Reunion%20Extraordinaria-Anexos%20(mayo2024).pdf\",\"link_pt_br\":\"https:\\\/\\\/www2.aladi.org\\\/sitioaladi\\\/documentos\\\/atit\\\/ATIT%20Reunion%20Extraordinaria-Anexos%20(mayo2024).pdf\",\"link_target\":true}},{\"type\":\"list_item\",\"props\":{\"content\":\"\n\n<ul class=\\\"wp-block-list\\\">\\n\n\n<li>Normativa de Pr\\u00f3rroga (Brasil)\\n\n\n<ul class=\\\"wp-block-list\\\">\\n\n\n<li><a href=\\\"https:\\\/\\\/www2.aladi.org\\\/sitioaladi\\\/documentos\\\/atit\\\/Delibera%C3%A7%C3%A3o-274-SENATRAN.pdf\\\" target=\\\"_blank\\\" rel=\\\"noopener\\\">Deliberaci\\u00f3n 274 \\u2013 CONTRAN (15 de mayo de 2024)<\\\/a><\\\/li>\\n\n\n<li><a href=\\\"https:\\\/\\\/www2.aladi.org\\\/sitioaladi\\\/documentos\\\/atit\\\/PORTARIA_DG_116_DE_15MAIO2024-DOU-ImprensaNacional.pdf\\\" target=\\\"_blank\\\" rel=\\\"noopener\\\">Portar\\u00eda DG N\\u00ba 116 \\u2013 ANTT (15 de mayo de 2024)<\\\/a><\\\/li>\\n\n\n<li><a href=\\\"https:\\\/\\\/www2.aladi.org\\\/sitioaladi\\\/documentos\\\/atit\\\/PORTARIA_DG_118.pdf\\\" target=\\\"_blank\\\" rel=\\\"noopener\\\">Portar\\u00eda DG N\\u00ba 118 \\u2013 ANTT (15 de mayo de 2024)<\\\/a><\\\/li>\\n<\\\/ul>\\n<\\\/li>\\n<\\\/ul>\",\"content_pt_br\":\"\n\n<ul class=\\\"wp-block-list\\\">\\n\n\n<li>Normas de Prorroga\\u00e7\\u00e3o (Brasil)\\n\n\n<ul class=\\\"wp-block-list\\\">\\n\n\n<li><a href=\\\"https:\\\/\\\/www2.aladi.org\\\/sitioaladi\\\/documentos\\\/atit\\\/Delibera%C3%A7%C3%A3o-274-SENATRAN.pdf\\\" target=\\\"_blank\\\" rel=\\\"noopener\\\">Delibera\\u00e7\\u00e3o 274 \\u2013 CONTRAN (15 de maio de 2024)<\\\/a><\\\/li>\\n\n\n<li><a href=\\\"https:\\\/\\\/www2.aladi.org\\\/sitioaladi\\\/documentos\\\/atit\\\/PORTARIA_DG_116_DE_15MAIO2024-DOU-ImprensaNacional.pdf\\\" target=\\\"_blank\\\" rel=\\\"noopener\\\">Portaria DG N\\u00b0 116 \\u2013 ANTT (15 de maio de 2024)<\\\/a><\\\/li>\\n\n\n<li><a href=\\\"https:\\\/\\\/www2.aladi.org\\\/sitioaladi\\\/documentos\\\/atit\\\/PORTARIA_DG_118.pdf\\\" target=\\\"_blank\\\" rel=\\\"noopener\\\">Portaria DG N\\u00b0 118 \\u2013 ANTT (15 de maio de 2024)<\\\/a><\\\/li>\\n<\\\/ul>\\n<\\\/li>\\n<\\\/ul>\"}}]}]}]}]}],\"version\":\"4.4.12\"} --><\/p>\n","protected":false},"excerpt":{"rendered":"<p>Transporte Actas Reuniones Extraordinarias Reconocimiento de Pr\u00f3rrogas en lo relacionado con Verificaci\u00f3n T\u00e9cnica Vehicular Par\u00e1metros generales a considerar en la adopci\u00f3n de medidas nacionales relacionadas con la pandemia COVID \u2013 19 que puedan afectar el transporte terrestre Situaci\u00f3n generada como consecuencia de las inundaciones en el Estado de Rio Grande do Sul (Brasil) Anexos Normativa [&hellip;]<\/p>\n","protected":false},"author":2,"featured_media":0,"parent":2453,"menu_order":0,"comment_status":"closed","ping_status":"closed","template":"","meta":{"_acf_changed":false,"footnotes":""},"class_list":["post-3839","page","type-page","status-publish","hentry"],"acf":[],"yoast_head":"<!-- This site is optimized with the Yoast SEO plugin v26.5 - https:\/\/yoast.com\/wordpress\/plugins\/seo\/ -->\n<title>Actas reuniones extraordinarias<\/title>\n<meta name=\"description\" content=\"Transporte Actas Reuniones Extraordinarias Reconocimiento de Pr\u00f3rrogas en lo relacionado con Verificaci\u00f3n T\u00e9cnica Vehicular Par\u00e1metros generales a considerar en la adopci\u00f3n de medidas nacionales relacionadas con la pandemia COVID \u2013 19 que puedan afectar el transporte terrestre Situaci\u00f3n generada como consecuencia de las inundaciones en el Estado de Rio Grande do Sul (Brasil) Anexos Normativa&hellip;\" \/>\n<meta name=\"robots\" content=\"index, follow, max-snippet:-1, max-image-preview:large, max-video-preview:-1\" \/>\n<link rel=\"canonical\" href=\"http:\/\/Transporte%20Actas%20Reuniones%20Extraordinarias%20Reconocimiento%20de%20Pr\u00f3rrogas%20en%20lo%20relacionado%20con%20Verificaci\u00f3n%20T\u00e9cnica%20Vehicular%20Par\u00e1metros%20generales%20a%20considerar%20en%20la%20adopci\u00f3n%20de%20medidas%20nacionales%20relacionadas%20con%20la%20pandemia%20COVID%20\u2013%2019%20que%20puedan%20afectar%20el%20transporte%20terrestre%20Situaci\u00f3n%20generada%20como%20consecuencia%20de%20las%20inundaciones%20en%20el%20Estado%20de%20Rio%20Grande%20do%20Sul%20(Brasil)%20Anexos%20Normativa&hellip;\" \/>\n<meta property=\"og:locale\" content=\"pt_BR\" \/>\n<meta property=\"og:type\" content=\"article\" \/>\n<meta property=\"og:title\" content=\"Actas reuniones extraordinarias\" \/>\n<meta property=\"og:description\" content=\"Transporte Actas Reuniones Extraordinarias Reconocimiento de Pr\u00f3rrogas en lo relacionado con Verificaci\u00f3n T\u00e9cnica Vehicular Par\u00e1metros generales a considerar en la adopci\u00f3n de medidas nacionales relacionadas con la pandemia COVID \u2013 19 que puedan afectar el transporte terrestre Situaci\u00f3n generada como consecuencia de las inundaciones en el Estado de Rio Grande do Sul (Brasil) Anexos Normativa&hellip;\" \/>\n<meta property=\"og:url\" content=\"https:\/\/www.aladi.org\/pt\/infraestructura-e-logistica\/transporte\/actas-reuniones-extraordinarias\/\" \/>\n<meta property=\"og:site_name\" content=\"ALADI\" \/>\n<meta property=\"article:publisher\" content=\"https:\/\/es-la.facebook.com\/people\/ALADI\/100064606213084\/\" \/>\n<meta property=\"article:modified_time\" content=\"2024-11-12T18:47:22+00:00\" \/>\n<meta name=\"twitter:card\" content=\"summary_large_image\" \/>\n<meta name=\"twitter:site\" content=\"@ALADI_SG\" \/>\n<script type=\"application\/ld+json\" class=\"yoast-schema-graph\">{\"@context\":\"https:\/\/schema.org\",\"@graph\":[{\"@type\":\"WebPage\",\"@id\":\"https:\/\/www.aladi.org\/pt\/infraestructura-e-logistica\/transporte\/actas-reuniones-extraordinarias\/\",\"url\":\"https:\/\/www.aladi.org\/pt\/infraestructura-e-logistica\/transporte\/actas-reuniones-extraordinarias\/\",\"name\":\"Actas reuniones extraordinarias - ALADI\",\"isPartOf\":{\"@id\":\"https:\/\/www.aladi.org\/#website\"},\"datePublished\":\"2024-04-17T14:41:04+00:00\",\"dateModified\":\"2024-11-12T18:47:22+00:00\",\"breadcrumb\":{\"@id\":\"https:\/\/www.aladi.org\/pt\/infraestructura-e-logistica\/transporte\/actas-reuniones-extraordinarias\/#breadcrumb\"},\"inLanguage\":\"pt-BR\",\"potentialAction\":[{\"@type\":\"ReadAction\",\"target\":[\"https:\/\/www.aladi.org\/pt\/infraestructura-e-logistica\/transporte\/actas-reuniones-extraordinarias\/\"]}]},{\"@type\":\"BreadcrumbList\",\"@id\":\"https:\/\/www.aladi.org\/pt\/infraestructura-e-logistica\/transporte\/actas-reuniones-extraordinarias\/#breadcrumb\",\"itemListElement\":[{\"@type\":\"ListItem\",\"position\":1,\"name\":\"Home\",\"item\":\"https:\/\/www.aladi.org\/\"},{\"@type\":\"ListItem\",\"position\":2,\"name\":\"Infraestructura e log\u00edstica\",\"item\":\"https:\/\/www.aladi.org\/infraestructura-y-logistica\/\"},{\"@type\":\"ListItem\",\"position\":3,\"name\":\"Transporte\",\"item\":\"https:\/\/www.aladi.org\/infraestructura-y-logistica\/transporte\/\"},{\"@type\":\"ListItem\",\"position\":4,\"name\":\"Actas reuniones extraordinarias\"}]},{\"@type\":\"WebSite\",\"@id\":\"https:\/\/www.aladi.org\/pt\/#website\",\"url\":\"https:\/\/www.aladi.org\/pt\/\",\"name\":\"ALADI\",\"description\":\"Asociaci\u00f3n Latinoamericana de Integraci\u00f3n\",\"publisher\":{\"@id\":\"https:\/\/www.aladi.org\/pt\/#organization\"},\"potentialAction\":[{\"@type\":\"SearchAction\",\"target\":{\"@type\":\"EntryPoint\",\"urlTemplate\":\"https:\/\/www.aladi.org\/pt\/?s={search_term_string}\"},\"query-input\":{\"@type\":\"PropertyValueSpecification\",\"valueRequired\":true,\"valueName\":\"search_term_string\"}}],\"inLanguage\":\"pt-BR\"},{\"@type\":\"Organization\",\"@id\":\"https:\/\/www.aladi.org\/pt\/#organization\",\"name\":\"ALADI\",\"url\":\"https:\/\/www.aladi.org\/pt\/\",\"logo\":{\"@type\":\"ImageObject\",\"inLanguage\":\"pt-BR\",\"@id\":\"https:\/\/www.aladi.org\/pt\/#\/schema\/logo\/image\/\",\"url\":\"https:\/\/www.aladi.org\/wp-content\/uploads\/2025\/12\/Logo-ALADI.png\",\"contentUrl\":\"https:\/\/www.aladi.org\/wp-content\/uploads\/2025\/12\/Logo-ALADI.png\",\"width\":375,\"height\":235,\"caption\":\"ALADI\"},\"image\":{\"@id\":\"https:\/\/www.aladi.org\/pt\/#\/schema\/logo\/image\/\"},\"sameAs\":[\"https:\/\/es-la.facebook.com\/people\/ALADI\/100064606213084\/\",\"https:\/\/x.com\/ALADI_SG\",\"https:\/\/www.instagram.com\/aladi_sg\/?hl=es\",\"https:\/\/www.linkedin.com\/company\/aladi\/\",\"https:\/\/www.flickr.com\/photos\/aladi\/\",\"https:\/\/www.youtube.com\/channel\/UCrkJWOWHKF6igQmWE8Clnpg\"]}]}<\/script>\n<!-- \/ Yoast SEO plugin. -->","yoast_head_json":{"title":"Actas reuniones extraordinarias","description":"Transporte Actas Reuniones Extraordinarias Reconocimiento de Pr\u00f3rrogas en lo relacionado con Verificaci\u00f3n T\u00e9cnica Vehicular Par\u00e1metros generales a considerar en la adopci\u00f3n de medidas nacionales relacionadas con la pandemia COVID \u2013 19 que puedan afectar el transporte terrestre Situaci\u00f3n generada como consecuencia de las inundaciones en el Estado de Rio Grande do Sul (Brasil) Anexos Normativa&hellip;","robots":{"index":"index","follow":"follow","max-snippet":"max-snippet:-1","max-image-preview":"max-image-preview:large","max-video-preview":"max-video-preview:-1"},"canonical":"Transporte Actas Reuniones Extraordinarias Reconocimiento de Pr\u00f3rrogas en lo relacionado con Verificaci\u00f3n T\u00e9cnica Vehicular Par\u00e1metros generales a considerar en la adopci\u00f3n de medidas nacionales relacionadas con la pandemia COVID \u2013 19 que puedan afectar el transporte terrestre Situaci\u00f3n generada como consecuencia de las inundaciones en el Estado de Rio Grande do Sul (Brasil) Anexos Normativa&hellip;","og_locale":"pt_BR","og_type":"article","og_title":"Actas reuniones extraordinarias","og_description":"Transporte Actas Reuniones Extraordinarias Reconocimiento de Pr\u00f3rrogas en lo relacionado con Verificaci\u00f3n T\u00e9cnica Vehicular Par\u00e1metros generales a considerar en la adopci\u00f3n de medidas nacionales relacionadas con la pandemia COVID \u2013 19 que puedan afectar el transporte terrestre Situaci\u00f3n generada como consecuencia de las inundaciones en el Estado de Rio Grande do Sul (Brasil) Anexos Normativa&hellip;","og_url":"https:\/\/www.aladi.org\/pt\/infraestructura-e-logistica\/transporte\/actas-reuniones-extraordinarias\/","og_site_name":"ALADI","article_publisher":"https:\/\/es-la.facebook.com\/people\/ALADI\/100064606213084\/","article_modified_time":"2024-11-12T18:47:22+00:00","twitter_card":"summary_large_image","twitter_site":"@ALADI_SG","schema":{"@context":"https:\/\/schema.org","@graph":[{"@type":"WebPage","@id":"https:\/\/www.aladi.org\/pt\/infraestructura-e-logistica\/transporte\/actas-reuniones-extraordinarias\/","url":"https:\/\/www.aladi.org\/pt\/infraestructura-e-logistica\/transporte\/actas-reuniones-extraordinarias\/","name":"Actas reuniones extraordinarias - ALADI","isPartOf":{"@id":"https:\/\/www.aladi.org\/#website"},"datePublished":"2024-04-17T14:41:04+00:00","dateModified":"2024-11-12T18:47:22+00:00","breadcrumb":{"@id":"https:\/\/www.aladi.org\/pt\/infraestructura-e-logistica\/transporte\/actas-reuniones-extraordinarias\/#breadcrumb"},"inLanguage":"pt-BR","potentialAction":[{"@type":"ReadAction","target":["https:\/\/www.aladi.org\/pt\/infraestructura-e-logistica\/transporte\/actas-reuniones-extraordinarias\/"]}]},{"@type":"BreadcrumbList","@id":"https:\/\/www.aladi.org\/pt\/infraestructura-e-logistica\/transporte\/actas-reuniones-extraordinarias\/#breadcrumb","itemListElement":[{"@type":"ListItem","position":1,"name":"Home","item":"https:\/\/www.aladi.org\/"},{"@type":"ListItem","position":2,"name":"Infraestructura e log\u00edstica","item":"https:\/\/www.aladi.org\/infraestructura-y-logistica\/"},{"@type":"ListItem","position":3,"name":"Transporte","item":"https:\/\/www.aladi.org\/infraestructura-y-logistica\/transporte\/"},{"@type":"ListItem","position":4,"name":"Actas reuniones extraordinarias"}]},{"@type":"WebSite","@id":"https:\/\/www.aladi.org\/pt\/#website","url":"https:\/\/www.aladi.org\/pt\/","name":"ALADI","description":"Asociaci\u00f3n Latinoamericana de Integraci\u00f3n","publisher":{"@id":"https:\/\/www.aladi.org\/pt\/#organization"},"potentialAction":[{"@type":"SearchAction","target":{"@type":"EntryPoint","urlTemplate":"https:\/\/www.aladi.org\/pt\/?s={search_term_string}"},"query-input":{"@type":"PropertyValueSpecification","valueRequired":true,"valueName":"search_term_string"}}],"inLanguage":"pt-BR"},{"@type":"Organization","@id":"https:\/\/www.aladi.org\/pt\/#organization","name":"ALADI","url":"https:\/\/www.aladi.org\/pt\/","logo":{"@type":"ImageObject","inLanguage":"pt-BR","@id":"https:\/\/www.aladi.org\/pt\/#\/schema\/logo\/image\/","url":"https:\/\/www.aladi.org\/wp-content\/uploads\/2025\/12\/Logo-ALADI.png","contentUrl":"https:\/\/www.aladi.org\/wp-content\/uploads\/2025\/12\/Logo-ALADI.png","width":375,"height":235,"caption":"ALADI"},"image":{"@id":"https:\/\/www.aladi.org\/pt\/#\/schema\/logo\/image\/"},"sameAs":["https:\/\/es-la.facebook.com\/people\/ALADI\/100064606213084\/","https:\/\/x.com\/ALADI_SG","https:\/\/www.instagram.com\/aladi_sg\/?hl=es","https:\/\/www.linkedin.com\/company\/aladi\/","https:\/\/www.flickr.com\/photos\/aladi\/","https:\/\/www.youtube.com\/channel\/UCrkJWOWHKF6igQmWE8Clnpg"]}]}},"jetpack_sharing_enabled":true,"_links":{"self":[{"href":"https:\/\/www.aladi.org\/pt\/wp-json\/wp\/v2\/pages\/3839","targetHints":{"allow":["GET"]}}],"collection":[{"href":"https:\/\/www.aladi.org\/pt\/wp-json\/wp\/v2\/pages"}],"about":[{"href":"https:\/\/www.aladi.org\/pt\/wp-json\/wp\/v2\/types\/page"}],"author":[{"embeddable":true,"href":"https:\/\/www.aladi.org\/pt\/wp-json\/wp\/v2\/users\/2"}],"replies":[{"embeddable":true,"href":"https:\/\/www.aladi.org\/pt\/wp-json\/wp\/v2\/comments?post=3839"}],"version-history":[{"count":4,"href":"https:\/\/www.aladi.org\/pt\/wp-json\/wp\/v2\/pages\/3839\/revisions"}],"predecessor-version":[{"id":5040,"href":"https:\/\/www.aladi.org\/pt\/wp-json\/wp\/v2\/pages\/3839\/revisions\/5040"}],"up":[{"embeddable":true,"href":"https:\/\/www.aladi.org\/pt\/wp-json\/wp\/v2\/pages\/2453"}],"wp:attachment":[{"href":"https:\/\/www.aladi.org\/pt\/wp-json\/wp\/v2\/media?parent=3839"}],"curies":[{"name":"wp","href":"https:\/\/api.w.org\/{rel}","templated":true}]}}