{"id":3823,"date":"2024-04-17T14:01:49","date_gmt":"2024-04-17T14:01:49","guid":{"rendered":"https:\/\/sitio.aladi.org\/?page_id=3823"},"modified":"2026-04-13T11:56:07","modified_gmt":"2026-04-13T11:56:07","slug":"actas-de-las-reuniones-plenarias-del-atit","status":"publish","type":"page","link":"https:\/\/www.aladi.org\/pt\/infraestructura-e-logistica\/transporte\/atas-das-reunioes-plenarias-da-atit\/","title":{"rendered":"Atas das reuni\u00f5es plen\u00e1rias da ATIT"},"content":{"rendered":"<h1>\n<p>Actas de las reuniones plenarias del ATIT<\/p>\n<\/h1>\n<div>\n<p><span>Actas de las Reuniones de la Comisi\u00f3n de Seguimiento del Acuerdo de Alcance Parcial sobre Transporte Internacional Terrestre (ATIT) Comisi\u00f3n Art\u00edculo 16.<\/span><\/p>\n<\/div>\n<ul>\n<li>\n<p><a href=\"https:\/\/www2.aladi.org\/sitioAladi\/documentos\/Atit\/ActaXXVII.pdf\"><\/p>\n<p>Reuni\u00f3n XXVII Febrero 2026<\/p>\n<p><\/a><\/p>\n<\/li>\n<li>\n<p><a href=\"https:\/\/www2.aladi.org\/sitioAladi\/documentos\/Atit\/Acta_XXVI.pdf\"><\/p>\n<p>Reuni\u00f3n XXVI Octubre 2025<\/p>\n<p><\/a><\/p>\n<\/li>\n<li>\n<p><a href=\"https:\/\/www2.aladi.org\/sitioAladi\/documentos\/Atit\/ActaXXV.pdf\"><\/p>\n<p>Reuni\u00f3n XXV Noviembre 2024<\/p>\n<p><\/a><\/p>\n<\/li>\n<li>\n<p><a href=\"https:\/\/www2.aladi.org\/sitioAladi\/documentos\/Atit\/ActaXXIV.pdf\"><\/p>\n<p>Reuni\u00f3n XXIV Setiembre 2023<\/p>\n<p><\/a><\/p>\n<\/li>\n<li>\n<p><a href=\"https:\/\/www2.aladi.org\/sitioAladi\/documentos\/Atit\/ActaXXIII.pdf\"><\/p>\n<p>Reuni\u00f3n XXIII Setiembre 2022<\/p>\n<p><\/a><\/p>\n<\/li>\n<li>\n<p><a href=\"https:\/\/www2.aladi.org\/sitioAladi\/documentos\/Atit\/ActaXXII.pdf\"><\/p>\n<p>Reuni\u00f3n XXII Setiembre 2021<\/p>\n<p><\/a><\/p>\n<\/li>\n<li>\n<p><a href=\"https:\/\/www2.aladi.org\/sitioAladi\/documentos\/Atit\/ActaXXI.pdf\"><\/p>\n<p>Reuni\u00f3n XXI Mayo 2019<\/p>\n<p><\/a><\/p>\n<\/li>\n<li>\n<p><a href=\"https:\/\/www2.aladi.org\/sitioAladi\/documentos\/Atit\/ActaXX.pdf\"><\/p>\n<p>Reuni\u00f3n XX Junio 2018<\/p>\n<p><\/a><\/p>\n<\/li>\n<li>\n<p><a href=\"https:\/\/www2.aladi.org\/sitioAladi\/documentos\/Atit\/ActaXIX.pdf\"><\/p>\n<p>Reuni\u00f3n XIX Octubre 2017<\/p>\n<p><\/a><\/p>\n<\/li>\n<li>\n<p><a href=\"https:\/\/www2.aladi.org\/sitioAladi\/documentos\/Atit\/ActaXVIII.pdf\"><\/p>\n<p>Reuni\u00f3n XVIII Junio 2017<\/p>\n<p><\/a><\/p>\n<\/li>\n<li>\n<p><a href=\"https:\/\/www2.aladi.org\/sitioAladi\/documentos\/Atit\/ActaXVII.pdf\"><\/p>\n<p>Reuni\u00f3n XVII Setiembre 2016<\/p>\n<p><\/a><\/p>\n<\/li>\n<li>\n<p><a href=\"https:\/\/www2.aladi.org\/sitioAladi\/documentos\/Atit\/ActaXVI.pdf\"><\/p>\n<p>Reuni\u00f3n XVI Setiembre 2014<\/p>\n<p><\/a><\/p>\n<\/li>\n<li>\n<p><a href=\"https:\/\/www2.aladi.org\/sitioAladi\/documentos\/Atit\/ActaXV.pdf\"><\/p>\n<p>Reuni\u00f3n XV Agosto 2012<\/p>\n<p><\/a><\/p>\n<\/li>\n<li>\n<p><a href=\"https:\/\/www2.aladi.org\/sitioAladi\/documentos\/Atit\/ActaXIV.pdf\"><\/p>\n<p>Reuni\u00f3n XIV Diciembre 2011<\/p>\n<p><\/a><\/p>\n<\/li>\n<li>\n<p><a href=\"https:\/\/www2.aladi.org\/sitioAladi\/documentos\/Atit\/ActaXIII.pdf\"><\/p>\n<p>Reuni\u00f3n XIII Julio 2011<\/p>\n<p><\/a><\/p>\n<\/li>\n<li>\n<p><a href=\"https:\/\/www2.aladi.org\/sitioAladi\/documentos\/Atit\/ActaXII.pdf\"><\/p>\n<p>Reuni\u00f3n XII Diciembre 2010<\/p>\n<p><\/a><\/p>\n<\/li>\n<li>\n<p><a href=\"https:\/\/www2.aladi.org\/sitioAladi\/documentos\/Atit\/Acta_XI.pdf\"><\/p>\n<p>Reuni\u00f3n XI Marzo 2010<\/p>\n<p><\/a><\/p>\n<\/li>\n<li>\n<p><a href=\"https:\/\/www2.aladi.org\/sitioAladi\/documentos\/Atit\/ActaX.pdf\"><\/p>\n<p>Reuni\u00f3n X Octubre 2008<\/p>\n<p><\/a><\/p>\n<\/li>\n<li>\n<p><a href=\"https:\/\/www2.aladi.org\/sitioAladi\/documentos\/Atit\/ActaIX.pdf\"><\/p>\n<p>Reuni\u00f3n IX Octubre 2007<\/p>\n<p><\/a><\/p>\n<\/li>\n<li>\n<p><a href=\"https:\/\/www2.aladi.org\/sitioAladi\/documentos\/Atit\/ActaVIII.pdf\"><\/p>\n<p>Reuni\u00f3n VIII Setiembre 2004<\/p>\n<p><\/a><\/p>\n<\/li>\n<li>\n<p><a href=\"https:\/\/www2.aladi.org\/sitioAladi\/documentos\/Atit\/ActaVII.pdf\"><\/p>\n<p>Reuni\u00f3n VII Noviembre 2003<\/p>\n<p><\/a><\/p>\n<\/li>\n<li>\n<p><a href=\"https:\/\/www2.aladi.org\/sitioAladi\/documentos\/Atit\/ActaVI.pdf\"><\/p>\n<p>Reuni\u00f3n VI Marzo 1997<\/p>\n<p><\/a><\/p>\n<\/li>\n<li>\n<p><a href=\"https:\/\/www2.aladi.org\/sitioAladi\/documentos\/Atit\/ActaV.pdf\"><\/p>\n<p>Reuni\u00f3n V Noviembre 1995<\/p>\n<p><\/a><\/p>\n<\/li>\n<li>\n<p><a href=\"https:\/\/www2.aladi.org\/sitioAladi\/documentos\/Atit\/ActaIV.pdf\"><\/p>\n<p>Reuni\u00f3n IV Setiembre 1991<\/p>\n<p><\/a><\/p>\n<\/li>\n<\/ul>\n<p><!--more--><br \/>\n<!-- {\"type\":\"layout\",\"children\":[{\"name\":\"Pa\\u00edses miembros\",\"type\":\"section\",\"props\":{\"animation\":\"slide-left-small\",\"animation_delay\":false,\"image_position\":\"top-center\",\"padding_remove_bottom\":false,\"padding_remove_top\":false,\"style\":\"default\",\"title_breakpoint\":\"xl\",\"title_position\":\"top-left\",\"title_rotation\":\"left\",\"vertical_align\":\"\",\"width\":\"xlarge\"},\"children\":[{\"type\":\"row\",\"props\":{\"width\":\"xlarge\"},\"children\":[{\"type\":\"column\",\"props\":{\"image_position\":\"center-center\",\"position_sticky_breakpoint\":\"m\"},\"children\":[{\"type\":\"breadcrumbs\",\"props\":{\"margin\":\"large\",\"margin_remove_top\":true,\"show_current\":true,\"show_home\":true}}]}]},{\"type\":\"row\",\"props\":{\"layout\":\"2-5,3-5\",\"width\":\"xlarge\"},\"children\":[{\"type\":\"column\",\"props\":{\"image_position\":\"center-center\",\"position_sticky_breakpoint\":\"m\",\"vertical_align\":\"middle\",\"width_medium\":\"2-5\"},\"children\":[{\"type\":\"headline\",\"props\":{\"content\":\"\n\n<p>Actas de las reuniones plenarias del ATIT<\\\/p>\",\"content_pt_br\":\"Atas das reuni\\u00f5es plen\\u00e1rias do ATIT\",\"margin_remove_top\":true,\"maxwidth\":\"2xlarge\",\"title_color\":\"secondary\",\"title_element\":\"h1\",\"title_style\":\"h1\"}},{\"type\":\"text\",\"props\":{\"column_breakpoint\":\"m\",\"content\":\"\n\n<p><span>Actas de las Reuniones de la Comisi\\u00f3n de Seguimiento del Acuerdo de Alcance Parcial sobre Transporte Internacional Terrestre (ATIT) Comisi\\u00f3n Art\\u00edculo 16.<\\\/span><\\\/p>\",\"content_pt_br\":\"Ata das Reuni\\u00f5es da Comiss\\u00e3o de Acompanhamento da Comiss\\u00e3o do Acordo de Alcance Parcial sobre Transporte Terrestre Internacional (ATIT) Artigo 16.\",\"margin\":\"default\"}}]},{\"type\":\"column\",\"props\":{\"image\":\"wp-content\\\/uploads\\\/2025\\\/07\\\/Actas-de-las-reuniones.png\",\"image_position\":\"center-center\",\"image_size\":\"cover\",\"padding\":\"xlarge\",\"position_sticky_breakpoint\":\"m\",\"width_medium\":\"3-5\"}}]},{\"type\":\"row\",\"props\":{\"margin\":\"large\",\"margin_remove_bottom\":false,\"margin_remove_top\":false,\"width\":\"xlarge\"},\"children\":[{\"type\":\"column\",\"props\":{\"image_position\":\"center-center\",\"position_sticky_breakpoint\":\"m\",\"width_medium\":\"1-1\"},\"children\":[{\"type\":\"list\",\"props\":{\"column_breakpoint\":\"m\",\"image_align\":\"left\",\"image_svg_color\":\"emphasis\",\"image_vertical_align\":true,\"list_element\":\"ul\",\"list_horizontal_separator\":\", \",\"list_type\":\"vertical\",\"show_image\":true,\"show_link\":true},\"children\":[{\"type\":\"list_item\",\"props\":{\"content\":\"\n\n<p>Reuni\\u00f3n XXVII Febrero 2026<\\\/p>\",\"content_pt_br\":\"XXVII Reuni\\u00e3o de fevereiro 2026\",\"icon\":\"file-pdf\",\"link\":\"https:\\\/\\\/www2.aladi.org\\\/sitioAladi\\\/documentos\\\/Atit\\\/ActaXXVII.pdf\",\"link_pt_br\":\"https:\\\/\\\/www2.aladi.org\\\/sitioAladi\\\/documentos\\\/Atit\\\/ActaXXVII.pdf\",\"link_target\":true}},{\"type\":\"list_item\",\"props\":{\"content\":\"\n\n<p>Reuni\\u00f3n XXVI Octubre 2025<\\\/p>\",\"content_pt_br\":\"XXVI Reuni\\u00e3o de outubro 2025\",\"icon\":\"file-pdf\",\"link\":\"https:\\\/\\\/www2.aladi.org\\\/sitioAladi\\\/documentos\\\/Atit\\\/Acta_XXVI.pdf\",\"link_pt_br\":\"https:\\\/\\\/www2.aladi.org\\\/sitioAladi\\\/documentos\\\/Atit\\\/Acta_XXVI.pdf\",\"link_target\":true}},{\"type\":\"list_item\",\"props\":{\"content\":\"\n\n<p>Reuni\\u00f3n XXV Noviembre 2024<\\\/p>\",\"content_pt_br\":\"XXV Reuni\\u00e3o de novembro 2024\",\"icon\":\"file-pdf\",\"link\":\"https:\\\/\\\/www2.aladi.org\\\/sitioAladi\\\/documentos\\\/Atit\\\/ActaXXV.pdf\",\"link_pt_br\":\"https:\\\/\\\/www2.aladi.org\\\/sitioAladi\\\/documentos\\\/Atit\\\/ActaXXV.pdf\",\"link_target\":true}},{\"type\":\"list_item\",\"props\":{\"content\":\"\n\n<p>Reuni\\u00f3n XXIV Setiembre 2023<\\\/p>\",\"content_pt_br\":\"XXIV Reuni\\u00e3o de setembro 2023\",\"icon\":\"file-pdf\",\"link\":\"https:\\\/\\\/www2.aladi.org\\\/sitioAladi\\\/documentos\\\/Atit\\\/ActaXXIV.pdf\",\"link_target\":true}},{\"type\":\"list_item\",\"props\":{\"content\":\"\n\n<p>Reuni\\u00f3n XXIII Setiembre 2022<\\\/p>\",\"content_pt_br\":\"XXIII Reuni\\u00e3o de setembro 2022\",\"icon\":\"file-pdf\",\"link\":\"https:\\\/\\\/www2.aladi.org\\\/sitioAladi\\\/documentos\\\/Atit\\\/ActaXXIII.pdf\",\"link_target\":true}},{\"type\":\"list_item\",\"props\":{\"content\":\"\n\n<p>Reuni\\u00f3n XXII Setiembre 2021<\\\/p>\",\"content_pt_br\":\"XXII Reuni\\u00e3o de setembro 2021\",\"icon\":\"file-pdf\",\"link\":\"https:\\\/\\\/www2.aladi.org\\\/sitioAladi\\\/documentos\\\/Atit\\\/ActaXXII.pdf\"}},{\"type\":\"list_item\",\"props\":{\"content\":\"\n\n<p>Reuni\\u00f3n XXI Mayo 2019<\\\/p>\",\"content_pt_br\":\"XXI Reuni\\u00e3o de maio 2019\",\"icon\":\"file-pdf\",\"link\":\"https:\\\/\\\/www2.aladi.org\\\/sitioAladi\\\/documentos\\\/Atit\\\/ActaXXI.pdf\"}},{\"type\":\"list_item\",\"props\":{\"content\":\"\n\n<p>Reuni\\u00f3n XX Junio 2018<\\\/p>\",\"content_pt_br\":\"XX Reuni\\u00e3o de junho 2018\",\"icon\":\"file-pdf\",\"link\":\"https:\\\/\\\/www2.aladi.org\\\/sitioAladi\\\/documentos\\\/Atit\\\/ActaXX.pdf\"}},{\"type\":\"list_item\",\"props\":{\"content\":\"\n\n<p>Reuni\\u00f3n XIX Octubre 2017<\\\/p>\",\"content_pt_br\":\"XIX Reuni\\u00e3o de outubro 2017\",\"icon\":\"file-pdf\",\"link\":\"https:\\\/\\\/www2.aladi.org\\\/sitioAladi\\\/documentos\\\/Atit\\\/ActaXIX.pdf\",\"link_target\":true}},{\"type\":\"list_item\",\"props\":{\"content\":\"\n\n<p>Reuni\\u00f3n XVIII Junio 2017<\\\/p>\",\"content_pt_br\":\"XVIII Reuni\\u00e3o de junho 2017\",\"icon\":\"file-pdf\",\"link\":\"https:\\\/\\\/www2.aladi.org\\\/sitioAladi\\\/documentos\\\/Atit\\\/ActaXVIII.pdf\",\"link_target\":true}},{\"type\":\"list_item\",\"props\":{\"content\":\"\n\n<p>Reuni\\u00f3n XVII Setiembre 2016<\\\/p>\",\"content_pt_br\":\"XVII Reuni\\u00e3o de setembro 2016\",\"icon\":\"file-pdf\",\"link\":\"https:\\\/\\\/www2.aladi.org\\\/sitioAladi\\\/documentos\\\/Atit\\\/ActaXVII.pdf\",\"link_target\":true}},{\"type\":\"list_item\",\"props\":{\"content\":\"\n\n<p>Reuni\\u00f3n XVI Setiembre 2014<\\\/p>\",\"content_pt_br\":\"XVI Reuni\\u00e3o de setembro 2014\",\"icon\":\"file-pdf\",\"link\":\"https:\\\/\\\/www2.aladi.org\\\/sitioAladi\\\/documentos\\\/Atit\\\/ActaXVI.pdf\",\"link_target\":true}},{\"type\":\"list_item\",\"props\":{\"content\":\"\n\n<p>Reuni\\u00f3n XV Agosto 2012<\\\/p>\",\"content_pt_br\":\"XV Reuni\\u00e3o de agosto 2012\",\"icon\":\"file-pdf\",\"link\":\"https:\\\/\\\/www2.aladi.org\\\/sitioAladi\\\/documentos\\\/Atit\\\/ActaXV.pdf\",\"link_target\":true}},{\"type\":\"list_item\",\"props\":{\"content\":\"\n\n<p>Reuni\\u00f3n XIV Diciembre 2011<\\\/p>\",\"content_pt_br\":\"XIV Reuni\\u00e3o de dezembro 2011\",\"icon\":\"file-pdf\",\"link\":\"https:\\\/\\\/www2.aladi.org\\\/sitioAladi\\\/documentos\\\/Atit\\\/ActaXIV.pdf\",\"link_target\":true}},{\"type\":\"list_item\",\"props\":{\"content\":\"\n\n<p>Reuni\\u00f3n XIII Julio 2011<\\\/p>\",\"content_pt_br\":\"XIII Reuni\\u00e3o de julho 2011\",\"icon\":\"file-pdf\",\"link\":\"https:\\\/\\\/www2.aladi.org\\\/sitioAladi\\\/documentos\\\/Atit\\\/ActaXIII.pdf\",\"link_target\":true}},{\"type\":\"list_item\",\"props\":{\"content\":\"\n\n<p>Reuni\\u00f3n XII Diciembre 2010<\\\/p>\",\"content_pt_br\":\"XII Reuni\\u00e3o de dezembro 2010\",\"icon\":\"file-pdf\",\"link\":\"https:\\\/\\\/www2.aladi.org\\\/sitioAladi\\\/documentos\\\/Atit\\\/ActaXII.pdf\",\"link_target\":true}},{\"type\":\"list_item\",\"props\":{\"content\":\"\n\n<p>Reuni\\u00f3n XI Marzo 2010<\\\/p>\",\"content_pt_br\":\"XI Reuni\\u00e3o de mar\\u00e7o 2010\",\"icon\":\"file-pdf\",\"link\":\"https:\\\/\\\/www2.aladi.org\\\/sitioAladi\\\/documentos\\\/Atit\\\/Acta_XI.pdf\",\"link_target\":true}},{\"type\":\"list_item\",\"props\":{\"content\":\"\n\n<p>Reuni\\u00f3n X Octubre 2008<\\\/p>\",\"content_pt_br\":\"X Reuni\\u00e3o de outubro 2008\",\"icon\":\"file-pdf\",\"link\":\"https:\\\/\\\/www2.aladi.org\\\/sitioAladi\\\/documentos\\\/Atit\\\/ActaX.pdf\",\"link_target\":true}},{\"type\":\"list_item\",\"props\":{\"content\":\"\n\n<p>Reuni\\u00f3n IX Octubre 2007<\\\/p>\",\"content_pt_br\":\"IX\\u00a0Reuni\\u00e3o de outubro 2007\",\"icon\":\"file-pdf\",\"link\":\"https:\\\/\\\/www2.aladi.org\\\/sitioAladi\\\/documentos\\\/Atit\\\/ActaIX.pdf\",\"link_target\":true}},{\"type\":\"list_item\",\"props\":{\"content\":\"\n\n<p>Reuni\\u00f3n VIII Setiembre 2004<\\\/p>\",\"content_pt_br\":\"VIII Reuni\\u00e3o de setembro 2004\",\"icon\":\"file-pdf\",\"link\":\"https:\\\/\\\/www2.aladi.org\\\/sitioAladi\\\/documentos\\\/Atit\\\/ActaVIII.pdf\",\"link_target\":true}},{\"type\":\"list_item\",\"props\":{\"content\":\"\n\n<p>Reuni\\u00f3n VII Noviembre 2003<\\\/p>\",\"content_pt_br\":\"VII\\u00a0Reuni\\u00e3o de novembro 2003\",\"icon\":\"file-pdf\",\"link\":\"https:\\\/\\\/www2.aladi.org\\\/sitioAladi\\\/documentos\\\/Atit\\\/ActaVII.pdf\"}},{\"type\":\"list_item\",\"props\":{\"content\":\"\n\n<p>Reuni\\u00f3n VI Marzo 1997<\\\/p>\",\"content_pt_br\":\"VI Reuni\\u00e3o de mar\\u00e7o 1997\",\"icon\":\"file-pdf\",\"link\":\"https:\\\/\\\/www2.aladi.org\\\/sitioAladi\\\/documentos\\\/Atit\\\/ActaVI.pdf\"}},{\"type\":\"list_item\",\"props\":{\"content\":\"\n\n<p>Reuni\\u00f3n V Noviembre 1995<\\\/p>\",\"content_pt_br\":\"V Reuni\\u00e3o de novembro 1995\",\"icon\":\"file-pdf\",\"link\":\"https:\\\/\\\/www2.aladi.org\\\/sitioAladi\\\/documentos\\\/Atit\\\/ActaV.pdf\"}},{\"type\":\"list_item\",\"props\":{\"content\":\"\n\n<p>Reuni\\u00f3n IV Setiembre 1991<\\\/p>\",\"content_pt_br\":\"IV\\u00a0Reuni\\u00e3o de setembro 1991\",\"icon\":\"file-pdf\",\"link\":\"https:\\\/\\\/www2.aladi.org\\\/sitioAladi\\\/documentos\\\/Atit\\\/ActaIV.pdf\"}}]}]}]}]}],\"version\":\"4.4.12\"} --><\/p>\n","protected":false},"excerpt":{"rendered":"<p>Actas de las reuniones plenarias del ATIT Actas de las Reuniones de la Comisi\u00f3n de Seguimiento del Acuerdo de Alcance Parcial sobre Transporte Internacional Terrestre (ATIT) Comisi\u00f3n Art\u00edculo 16. Reuni\u00f3n XXVII Febrero 2026 Reuni\u00f3n XXVI Octubre 2025 Reuni\u00f3n XXV Noviembre 2024 Reuni\u00f3n XXIV Setiembre 2023 Reuni\u00f3n XXIII Setiembre 2022 Reuni\u00f3n XXII Setiembre 2021 Reuni\u00f3n XXI [&hellip;]<\/p>\n","protected":false},"author":2,"featured_media":0,"parent":2453,"menu_order":0,"comment_status":"closed","ping_status":"closed","template":"","meta":{"_acf_changed":false,"footnotes":""},"class_list":["post-3823","page","type-page","status-publish","hentry"],"acf":[],"yoast_head":"<!-- This site is optimized with the Yoast SEO plugin v26.5 - https:\/\/yoast.com\/wordpress\/plugins\/seo\/ -->\n<title>Atas das reuni\u00f5es plen\u00e1rias da ATIT<\/title>\n<meta name=\"robots\" content=\"index, follow, max-snippet:-1, max-image-preview:large, max-video-preview:-1\" \/>\n<meta property=\"og:locale\" content=\"pt_BR\" \/>\n<meta property=\"og:type\" content=\"article\" \/>\n<meta property=\"og:title\" content=\"Atas das reuni\u00f5es plen\u00e1rias da ATIT\" \/>\n<meta property=\"og:url\" content=\"https:\/\/www.aladi.org\/pt\/infraestructura-e-logistica\/transporte\/atas-das-reunioes-plenarias-da-atit\/\" \/>\n<meta property=\"og:site_name\" content=\"ALADI\" \/>\n<meta property=\"article:publisher\" content=\"https:\/\/es-la.facebook.com\/people\/ALADI\/100064606213084\/\" \/>\n<meta property=\"article:modified_time\" content=\"2026-04-13T11:56:07+00:00\" \/>\n<meta name=\"twitter:card\" content=\"summary_large_image\" \/>\n<meta name=\"twitter:site\" content=\"@ALADI_SG\" \/>\n<meta name=\"twitter:label1\" content=\"Est. reading time\" \/>\n\t<meta name=\"twitter:data1\" content=\"1 minute\" \/>\n<script type=\"application\/ld+json\" class=\"yoast-schema-graph\">{\"@context\":\"https:\/\/schema.org\",\"@graph\":[{\"@type\":\"WebPage\",\"@id\":\"https:\/\/www.aladi.org\/pt\/infraestructura-e-logistica\/transporte\/atas-das-reunioes-plenarias-da-atit\/\",\"url\":\"https:\/\/www.aladi.org\/pt\/infraestructura-e-logistica\/transporte\/atas-das-reunioes-plenarias-da-atit\/\",\"name\":\"Actas de las reuniones plenarias del ATIT - ALADI\",\"isPartOf\":{\"@id\":\"https:\/\/www.aladi.org\/#website\"},\"datePublished\":\"2024-04-17T14:01:49+00:00\",\"dateModified\":\"2026-04-13T11:56:07+00:00\",\"breadcrumb\":{\"@id\":\"https:\/\/www.aladi.org\/pt\/infraestructura-e-logistica\/transporte\/atas-das-reunioes-plenarias-da-atit\/#breadcrumb\"},\"inLanguage\":\"pt-BR\",\"potentialAction\":[{\"@type\":\"ReadAction\",\"target\":[\"https:\/\/www.aladi.org\/pt\/infraestructura-e-logistica\/transporte\/atas-das-reunioes-plenarias-da-atit\/\"]}]},{\"@type\":\"BreadcrumbList\",\"@id\":\"https:\/\/www.aladi.org\/pt\/infraestructura-e-logistica\/transporte\/atas-das-reunioes-plenarias-da-atit\/#breadcrumb\",\"itemListElement\":[{\"@type\":\"ListItem\",\"position\":1,\"name\":\"Home\",\"item\":\"https:\/\/www.aladi.org\/\"},{\"@type\":\"ListItem\",\"position\":2,\"name\":\"Infraestructura e log\u00edstica\",\"item\":\"https:\/\/www.aladi.org\/infraestructura-y-logistica\/\"},{\"@type\":\"ListItem\",\"position\":3,\"name\":\"Transporte\",\"item\":\"https:\/\/www.aladi.org\/infraestructura-y-logistica\/transporte\/\"},{\"@type\":\"ListItem\",\"position\":4,\"name\":\"Atas das reuni\u00f5es plen\u00e1rias da ATIT\"}]},{\"@type\":\"WebSite\",\"@id\":\"https:\/\/www.aladi.org\/pt\/#website\",\"url\":\"https:\/\/www.aladi.org\/pt\/\",\"name\":\"ALADI\",\"description\":\"Asociaci\u00f3n Latinoamericana de Integraci\u00f3n\",\"publisher\":{\"@id\":\"https:\/\/www.aladi.org\/pt\/#organization\"},\"potentialAction\":[{\"@type\":\"SearchAction\",\"target\":{\"@type\":\"EntryPoint\",\"urlTemplate\":\"https:\/\/www.aladi.org\/pt\/?s={search_term_string}\"},\"query-input\":{\"@type\":\"PropertyValueSpecification\",\"valueRequired\":true,\"valueName\":\"search_term_string\"}}],\"inLanguage\":\"pt-BR\"},{\"@type\":\"Organization\",\"@id\":\"https:\/\/www.aladi.org\/pt\/#organization\",\"name\":\"ALADI\",\"url\":\"https:\/\/www.aladi.org\/pt\/\",\"logo\":{\"@type\":\"ImageObject\",\"inLanguage\":\"pt-BR\",\"@id\":\"https:\/\/www.aladi.org\/pt\/#\/schema\/logo\/image\/\",\"url\":\"https:\/\/www.aladi.org\/wp-content\/uploads\/2025\/12\/Logo-ALADI.png\",\"contentUrl\":\"https:\/\/www.aladi.org\/wp-content\/uploads\/2025\/12\/Logo-ALADI.png\",\"width\":375,\"height\":235,\"caption\":\"ALADI\"},\"image\":{\"@id\":\"https:\/\/www.aladi.org\/pt\/#\/schema\/logo\/image\/\"},\"sameAs\":[\"https:\/\/es-la.facebook.com\/people\/ALADI\/100064606213084\/\",\"https:\/\/x.com\/ALADI_SG\",\"https:\/\/www.instagram.com\/aladi_sg\/?hl=es\",\"https:\/\/www.linkedin.com\/company\/aladi\/\",\"https:\/\/www.flickr.com\/photos\/aladi\/\",\"https:\/\/www.youtube.com\/channel\/UCrkJWOWHKF6igQmWE8Clnpg\"]}]}<\/script>\n<!-- \/ Yoast SEO plugin. -->","yoast_head_json":{"title":"Atas das reuni\u00f5es plen\u00e1rias da ATIT","robots":{"index":"index","follow":"follow","max-snippet":"max-snippet:-1","max-image-preview":"max-image-preview:large","max-video-preview":"max-video-preview:-1"},"og_locale":"pt_BR","og_type":"article","og_title":"Atas das reuni\u00f5es plen\u00e1rias da ATIT","og_url":"https:\/\/www.aladi.org\/pt\/infraestructura-e-logistica\/transporte\/atas-das-reunioes-plenarias-da-atit\/","og_site_name":"ALADI","article_publisher":"https:\/\/es-la.facebook.com\/people\/ALADI\/100064606213084\/","article_modified_time":"2026-04-13T11:56:07+00:00","twitter_card":"summary_large_image","twitter_site":"@ALADI_SG","twitter_misc":{"Est. reading time":"1 minute"},"schema":{"@context":"https:\/\/schema.org","@graph":[{"@type":"WebPage","@id":"https:\/\/www.aladi.org\/pt\/infraestructura-e-logistica\/transporte\/atas-das-reunioes-plenarias-da-atit\/","url":"https:\/\/www.aladi.org\/pt\/infraestructura-e-logistica\/transporte\/atas-das-reunioes-plenarias-da-atit\/","name":"Actas de las reuniones plenarias del ATIT - ALADI","isPartOf":{"@id":"https:\/\/www.aladi.org\/#website"},"datePublished":"2024-04-17T14:01:49+00:00","dateModified":"2026-04-13T11:56:07+00:00","breadcrumb":{"@id":"https:\/\/www.aladi.org\/pt\/infraestructura-e-logistica\/transporte\/atas-das-reunioes-plenarias-da-atit\/#breadcrumb"},"inLanguage":"pt-BR","potentialAction":[{"@type":"ReadAction","target":["https:\/\/www.aladi.org\/pt\/infraestructura-e-logistica\/transporte\/atas-das-reunioes-plenarias-da-atit\/"]}]},{"@type":"BreadcrumbList","@id":"https:\/\/www.aladi.org\/pt\/infraestructura-e-logistica\/transporte\/atas-das-reunioes-plenarias-da-atit\/#breadcrumb","itemListElement":[{"@type":"ListItem","position":1,"name":"Home","item":"https:\/\/www.aladi.org\/"},{"@type":"ListItem","position":2,"name":"Infraestructura e log\u00edstica","item":"https:\/\/www.aladi.org\/infraestructura-y-logistica\/"},{"@type":"ListItem","position":3,"name":"Transporte","item":"https:\/\/www.aladi.org\/infraestructura-y-logistica\/transporte\/"},{"@type":"ListItem","position":4,"name":"Atas das reuni\u00f5es plen\u00e1rias da ATIT"}]},{"@type":"WebSite","@id":"https:\/\/www.aladi.org\/pt\/#website","url":"https:\/\/www.aladi.org\/pt\/","name":"ALADI","description":"Asociaci\u00f3n Latinoamericana de Integraci\u00f3n","publisher":{"@id":"https:\/\/www.aladi.org\/pt\/#organization"},"potentialAction":[{"@type":"SearchAction","target":{"@type":"EntryPoint","urlTemplate":"https:\/\/www.aladi.org\/pt\/?s={search_term_string}"},"query-input":{"@type":"PropertyValueSpecification","valueRequired":true,"valueName":"search_term_string"}}],"inLanguage":"pt-BR"},{"@type":"Organization","@id":"https:\/\/www.aladi.org\/pt\/#organization","name":"ALADI","url":"https:\/\/www.aladi.org\/pt\/","logo":{"@type":"ImageObject","inLanguage":"pt-BR","@id":"https:\/\/www.aladi.org\/pt\/#\/schema\/logo\/image\/","url":"https:\/\/www.aladi.org\/wp-content\/uploads\/2025\/12\/Logo-ALADI.png","contentUrl":"https:\/\/www.aladi.org\/wp-content\/uploads\/2025\/12\/Logo-ALADI.png","width":375,"height":235,"caption":"ALADI"},"image":{"@id":"https:\/\/www.aladi.org\/pt\/#\/schema\/logo\/image\/"},"sameAs":["https:\/\/es-la.facebook.com\/people\/ALADI\/100064606213084\/","https:\/\/x.com\/ALADI_SG","https:\/\/www.instagram.com\/aladi_sg\/?hl=es","https:\/\/www.linkedin.com\/company\/aladi\/","https:\/\/www.flickr.com\/photos\/aladi\/","https:\/\/www.youtube.com\/channel\/UCrkJWOWHKF6igQmWE8Clnpg"]}]}},"jetpack_sharing_enabled":true,"_links":{"self":[{"href":"https:\/\/www.aladi.org\/pt\/wp-json\/wp\/v2\/pages\/3823","targetHints":{"allow":["GET"]}}],"collection":[{"href":"https:\/\/www.aladi.org\/pt\/wp-json\/wp\/v2\/pages"}],"about":[{"href":"https:\/\/www.aladi.org\/pt\/wp-json\/wp\/v2\/types\/page"}],"author":[{"embeddable":true,"href":"https:\/\/www.aladi.org\/pt\/wp-json\/wp\/v2\/users\/2"}],"replies":[{"embeddable":true,"href":"https:\/\/www.aladi.org\/pt\/wp-json\/wp\/v2\/comments?post=3823"}],"version-history":[{"count":10,"href":"https:\/\/www.aladi.org\/pt\/wp-json\/wp\/v2\/pages\/3823\/revisions"}],"predecessor-version":[{"id":14727,"href":"https:\/\/www.aladi.org\/pt\/wp-json\/wp\/v2\/pages\/3823\/revisions\/14727"}],"up":[{"embeddable":true,"href":"https:\/\/www.aladi.org\/pt\/wp-json\/wp\/v2\/pages\/2453"}],"wp:attachment":[{"href":"https:\/\/www.aladi.org\/pt\/wp-json\/wp\/v2\/media?parent=3823"}],"curies":[{"name":"wp","href":"https:\/\/api.w.org\/{rel}","templated":true}]}}