{"id":3800,"date":"2024-04-16T12:22:51","date_gmt":"2024-04-16T12:22:51","guid":{"rendered":"https:\/\/sitio.aladi.org\/?page_id=3800"},"modified":"2024-12-06T17:51:41","modified_gmt":"2024-12-06T17:51:41","slug":"departamento-de-la-dimension-social","status":"publish","type":"page","link":"https:\/\/www.aladi.org\/pt\/organizacao-institucional\/secretaria-geral\/subsecretario-de-cooperacao-assistencia-tecnica-e-apoio-aos-pmders\/departamento-de-dimensao-social\/","title":{"rendered":"Departamento de Dimens\u00e3o Social"},"content":{"rendered":"<div>Subsecretar\u00eda de Cooperaci\u00f3n, Asistencia T\u00e9cnica y Apoyo a los PMDER<\/div>\n<h1><strong>Departamento de la Dimensi\u00f3n Social<\/strong><\/h1>\n<h1><span>Funciones del Departamento:<\/span><\/h1>\n<div>\n<p>1. Elaborar informes, estudios y propuestas sobre temas correspondientes a la dimensi\u00f3n social.\u00a0<\/p>\n<p>2. Estimular el intercambio de informaci\u00f3n, la coordinaci\u00f3n y el desarrollo de actividades relacionadas con la tem\u00e1tica social.\u00a0<\/p>\n<p>3. Captar, procesar y elaborar informaci\u00f3n sobre programas y actividades relacionadas con la dimensi\u00f3n social, en el \u00e1mbito de los pa\u00edses miembros.\u00a0<\/p>\n<p>4. Promover y coordinar la realizaci\u00f3n de cursos, seminarios y diversos eventos que contribuyan a fomentar la capacitaci\u00f3n, el mejoramiento y la especializaci\u00f3n de cuadros t\u00e9cnicos en temas relacionados con el \u00e1rea social.\u00a0<\/p>\n<p>5. Hacer registro de trabajos de investigaci\u00f3n y estad\u00edsticas sobre el tema social.\u00a0<\/p>\n<p>6. Actualizar informaci\u00f3n en el \u00e1mbito social a trav\u00e9s de consultas sobre la tem\u00e1tica social a los pa\u00edses miembros y a los organismos regionales e internacionales.\u00a0<\/p>\n<p>7. Fomentar el desarrollo del Pilar Acad\u00e9mico de la Asociaci\u00f3n, estableciendo mecanismos de comunicaci\u00f3n y relacionamiento con centros de educaci\u00f3n superior.\u00a0<\/p>\n<p>8. Otras funciones que le sean asignadas por el Secretario General.<\/p>\n<\/div>\n<p><!--more--><br \/>\n<!-- {\"type\":\"layout\",\"children\":[{\"type\":\"section\",\"props\":{\"image_loading\":true,\"image_position\":\"top-center\",\"media_visibility\":\"m\",\"padding\":\"xsmall\",\"padding_remove_horizontal\":false,\"padding_remove_top\":false,\"style\":\"default\",\"title_breakpoint\":\"xl\",\"title_position\":\"top-left\",\"title_rotation\":\"left\",\"vertical_align\":\"\",\"width\":\"xlarge\"},\"children\":[{\"type\":\"row\",\"props\":{\"width\":\"xlarge\"},\"children\":[{\"type\":\"column\",\"props\":{\"image_position\":\"center-center\",\"position_sticky_breakpoint\":\"m\"},\"children\":[{\"type\":\"breadcrumbs\",\"props\":{\"margin\":\"remove-vertical\",\"margin_remove_top\":true,\"show_current\":true,\"show_home\":true}}]}]},{\"type\":\"row\",\"props\":{\"margin_remove_bottom\":false,\"width\":\"xlarge\"},\"children\":[{\"type\":\"column\",\"props\":{\"image_position\":\"center-center\",\"image_size\":\"cover\",\"padding\":\"none\",\"position_sticky_breakpoint\":\"m\",\"vertical_align\":\"middle\"},\"children\":[{\"type\":\"headline\",\"props\":{\"content\":\"Subsecretar\\u00eda de Cooperaci\\u00f3n, Asistencia T\\u00e9cnica y Apoyo a los PMDER\",\"content_pt_br\":\"Subsecretaria de Coopera\\u00e7\\u00e3o, Assist\\u00eancia T\\u00e9cnica e Apoio a los PMDERs\",\"link_style\":false,\"title_color\":\"primary\",\"title_element\":\"div\",\"title_style\":\"h6\"}},{\"type\":\"headline\",\"props\":{\"content\":\"<strong>Departamento de la Dimensi\\u00f3n Social<\\\/strong>\",\"content_pt_br\":\"<strong>Departamento de Dimens\\u00e3o Social<\\\/strong>\",\"margin\":\"medium\",\"margin_remove_bottom\":false,\"margin_remove_top\":false,\"maxwidth\":\"xlarge\",\"text_align\":\"left\",\"text_align_fallback\":\"center\",\"title_color\":\"secondary\",\"title_element\":\"h1\",\"title_style\":\"h1\"}}]}]}],\"name\":\"T\\u00edtulos\"},{\"type\":\"section\",\"props\":{\"image_position\":\"center-center\",\"padding_remove_top\":true,\"style\":\"default\",\"title_breakpoint\":\"xl\",\"title_position\":\"top-left\",\"title_rotation\":\"left\",\"vertical_align\":\"\",\"width\":\"default\"},\"children\":[{\"type\":\"row\",\"children\":[{\"type\":\"column\",\"props\":{\"image_position\":\"center-center\",\"position_sticky_breakpoint\":\"m\"},\"children\":[{\"type\":\"headline\",\"props\":{\"content\":\"<span>Funciones del Departamento:<\\\/span>\",\"content_pt_br\":\"<span>Fun\\u00e7\\u00f5es do Departamento:<\\\/span>\",\"title_color\":\"secondary\",\"title_decoration\":\"bullet\",\"title_element\":\"h1\",\"title_style\":\"h4\"}},{\"type\":\"text\",\"props\":{\"column_breakpoint\":\"m\",\"content\":\"\n\n<p>1. Elaborar informes, estudios y propuestas sobre temas correspondientes a la dimensi\\u00f3n social.\\u00a0<\\\/p>\\n\n\n<p>2. Estimular el intercambio de informaci\\u00f3n, la coordinaci\\u00f3n y el desarrollo de actividades relacionadas con la tem\\u00e1tica social.\\u00a0<\\\/p>\\n\n\n<p>3. Captar, procesar y elaborar informaci\\u00f3n sobre programas y actividades relacionadas con la dimensi\\u00f3n social, en el \\u00e1mbito de los pa\\u00edses miembros.\\u00a0<\\\/p>\\n\n\n<p>4. Promover y coordinar la realizaci\\u00f3n de cursos, seminarios y diversos eventos que contribuyan a fomentar la capacitaci\\u00f3n, el mejoramiento y la especializaci\\u00f3n de cuadros t\\u00e9cnicos en temas relacionados con el \\u00e1rea social.\\u00a0<\\\/p>\\n\n\n<p>5. Hacer registro de trabajos de investigaci\\u00f3n y estad\\u00edsticas sobre el tema social.\\u00a0<\\\/p>\\n\n\n<p>6. Actualizar informaci\\u00f3n en el \\u00e1mbito social a trav\\u00e9s de consultas sobre la tem\\u00e1tica social a los pa\\u00edses miembros y a los organismos regionales e internacionales.\\u00a0<\\\/p>\\n\n\n<p>7. Fomentar el desarrollo del Pilar Acad\\u00e9mico de la Asociaci\\u00f3n, estableciendo mecanismos de comunicaci\\u00f3n y relacionamiento con centros de educaci\\u00f3n superior.\\u00a0<\\\/p>\\n\n\n<p>8. Otras funciones que le sean asignadas por el Secretario General.<\\\/p>\",\"content_pt_br\":\"\n\n<p>1. Elaborar relat\\u00f3rios, estudos e propostas sobre temas correspondentes \\u00e0 dimens\\u00e3o social.<\\\/p>\\n\n\n<p>2. Estimular o interc\\u00e2mbio de informa\\u00e7\\u00f5es, a coordena\\u00e7\\u00e3o e o desenvolvimento de atividades relacionadas com a tem\\u00e1tica social.<\\\/p>\\n\n\n<p>3. Captar, processar e elaborar informa\\u00e7\\u00f5es sobre programas e atividades relacionadas com a dimens\\u00e3o social, no \\u00e2mbito dos pa\\u00edses-membros.<\\\/p>\\n\n\n<p>4. Promover e coordenar a realiza\\u00e7\\u00e3o de cursos, semin\\u00e1rios e diversos eventos que contribuam para fomentar a capacita\\u00e7\\u00e3o, o melhoramento e a especializa\\u00e7\\u00e3o de quadros t\\u00e9cnicos em temas relacionados com a \\u00e1rea social.<\\\/p>\\n\n\n<p>5. Fazer registro de trabalhos de pesquisa e estat\\u00edsticas sobre o tema social.<\\\/p>\\n\n\n<p>6. Atualizar informa\\u00e7\\u00f5es no \\u00e2mbito social mediante consultas sobre a tem\\u00e1tica social aos pa\\u00edses-membros e aos organismos regionais e internacionais.<\\\/p>\\n\n\n<p>7. Fomentar o desenvolvimento do Pilar Acad\\u00eamico da Associa\\u00e7\\u00e3o, estabelecendo mecanismos de comunica\\u00e7\\u00e3o e relacionamento com centros de educa\\u00e7\\u00e3o superior.<\\\/p>\\n\n\n<p>8. Outras fun\\u00e7\\u00f5es designadas pelo Secret\\u00e1rio-Geral.<\\\/p>\",\"margin\":\"default\"}}]}]}]}],\"version\":\"4.4.12\"} --><\/p>\n","protected":false},"excerpt":{"rendered":"<p>Subsecretar\u00eda de Cooperaci\u00f3n, Asistencia T\u00e9cnica y Apoyo a los PMDER Departamento de la Dimensi\u00f3n Social Funciones del Departamento: 1. Elaborar informes, estudios y propuestas sobre temas correspondientes a la dimensi\u00f3n social.\u00a0 2. Estimular el intercambio de informaci\u00f3n, la coordinaci\u00f3n y el desarrollo de actividades relacionadas con la tem\u00e1tica social.\u00a0 3. Captar, procesar y elaborar informaci\u00f3n [&hellip;]<\/p>\n","protected":false},"author":2,"featured_media":0,"parent":3738,"menu_order":0,"comment_status":"closed","ping_status":"closed","template":"","meta":{"_acf_changed":false,"footnotes":""},"class_list":["post-3800","page","type-page","status-publish","hentry"],"acf":[],"yoast_head":"<!-- This site is optimized with the Yoast SEO plugin v26.5 - https:\/\/yoast.com\/wordpress\/plugins\/seo\/ -->\n<title>Departamento de Dimens\u00e3o Social<\/title>\n<meta name=\"robots\" content=\"index, follow, max-snippet:-1, max-image-preview:large, max-video-preview:-1\" \/>\n<meta property=\"og:locale\" content=\"pt_BR\" \/>\n<meta property=\"og:type\" content=\"article\" \/>\n<meta property=\"og:title\" content=\"Departamento de Dimens\u00e3o Social\" \/>\n<meta property=\"og:url\" content=\"https:\/\/www.aladi.org\/pt\/organizacao-institucional\/secretaria-geral\/subsecretario-de-cooperacao-assistencia-tecnica-e-apoio-aos-pmders\/departamento-de-dimensao-social\/\" \/>\n<meta property=\"og:site_name\" content=\"ALADI\" \/>\n<meta property=\"article:publisher\" content=\"https:\/\/es-la.facebook.com\/people\/ALADI\/100064606213084\/\" \/>\n<meta property=\"article:modified_time\" content=\"2024-12-06T17:51:41+00:00\" \/>\n<meta name=\"twitter:card\" content=\"summary_large_image\" \/>\n<meta name=\"twitter:site\" content=\"@ALADI_SG\" \/>\n<meta name=\"twitter:label1\" content=\"Est. reading time\" \/>\n\t<meta name=\"twitter:data1\" content=\"1 minute\" \/>\n<script type=\"application\/ld+json\" class=\"yoast-schema-graph\">{\"@context\":\"https:\/\/schema.org\",\"@graph\":[{\"@type\":\"WebPage\",\"@id\":\"https:\/\/www.aladi.org\/pt\/organizacao-institucional\/secretaria-geral\/subsecretario-de-cooperacao-assistencia-tecnica-e-apoio-aos-pmders\/departamento-de-dimensao-social\/\",\"url\":\"https:\/\/www.aladi.org\/pt\/organizacao-institucional\/secretaria-geral\/subsecretario-de-cooperacao-assistencia-tecnica-e-apoio-aos-pmders\/departamento-de-dimensao-social\/\",\"name\":\"Departamento de la Dimensi\u00f3n Social - ALADI\",\"isPartOf\":{\"@id\":\"https:\/\/www.aladi.org\/#website\"},\"datePublished\":\"2024-04-16T12:22:51+00:00\",\"dateModified\":\"2024-12-06T17:51:41+00:00\",\"breadcrumb\":{\"@id\":\"https:\/\/www.aladi.org\/pt\/organizacao-institucional\/secretaria-geral\/subsecretario-de-cooperacao-assistencia-tecnica-e-apoio-aos-pmders\/departamento-de-dimensao-social\/#breadcrumb\"},\"inLanguage\":\"pt-BR\",\"potentialAction\":[{\"@type\":\"ReadAction\",\"target\":[\"https:\/\/www.aladi.org\/pt\/organizacao-institucional\/secretaria-geral\/subsecretario-de-cooperacao-assistencia-tecnica-e-apoio-aos-pmders\/departamento-de-dimensao-social\/\"]}]},{\"@type\":\"BreadcrumbList\",\"@id\":\"https:\/\/www.aladi.org\/pt\/organizacao-institucional\/secretaria-geral\/subsecretario-de-cooperacao-assistencia-tecnica-e-apoio-aos-pmders\/departamento-de-dimensao-social\/#breadcrumb\",\"itemListElement\":[{\"@type\":\"ListItem\",\"position\":1,\"name\":\"Home\",\"item\":\"https:\/\/www.aladi.org\/\"},{\"@type\":\"ListItem\",\"position\":2,\"name\":\"Organiza\u00e7\u00e3o Institucional\",\"item\":\"https:\/\/www.aladi.org\/organizacion-institucional\/\"},{\"@type\":\"ListItem\",\"position\":3,\"name\":\"Secretaria-Geral\",\"item\":\"https:\/\/www.aladi.org\/organizacion-institucional\/secretaria-general\/\"},{\"@type\":\"ListItem\",\"position\":4,\"name\":\"Subsecret\u00e1rio de Coopera\u00e7\u00e3o, Assist\u00eancia T\u00e9cnica e Apoio aos PMDERs\",\"item\":\"https:\/\/www.aladi.org\/organizacion-institucional\/secretaria-general\/subsecretario-de-cooperacion-asistencia-tecnica-y-apoyo-a-los-pmder\/\"},{\"@type\":\"ListItem\",\"position\":5,\"name\":\"Departamento de Dimens\u00e3o Social\"}]},{\"@type\":\"WebSite\",\"@id\":\"https:\/\/www.aladi.org\/pt\/#website\",\"url\":\"https:\/\/www.aladi.org\/pt\/\",\"name\":\"ALADI\",\"description\":\"Asociaci\u00f3n Latinoamericana de Integraci\u00f3n\",\"publisher\":{\"@id\":\"https:\/\/www.aladi.org\/pt\/#organization\"},\"potentialAction\":[{\"@type\":\"SearchAction\",\"target\":{\"@type\":\"EntryPoint\",\"urlTemplate\":\"https:\/\/www.aladi.org\/pt\/?s={search_term_string}\"},\"query-input\":{\"@type\":\"PropertyValueSpecification\",\"valueRequired\":true,\"valueName\":\"search_term_string\"}}],\"inLanguage\":\"pt-BR\"},{\"@type\":\"Organization\",\"@id\":\"https:\/\/www.aladi.org\/pt\/#organization\",\"name\":\"ALADI\",\"url\":\"https:\/\/www.aladi.org\/pt\/\",\"logo\":{\"@type\":\"ImageObject\",\"inLanguage\":\"pt-BR\",\"@id\":\"https:\/\/www.aladi.org\/pt\/#\/schema\/logo\/image\/\",\"url\":\"https:\/\/www.aladi.org\/wp-content\/uploads\/2025\/12\/Logo-ALADI.png\",\"contentUrl\":\"https:\/\/www.aladi.org\/wp-content\/uploads\/2025\/12\/Logo-ALADI.png\",\"width\":375,\"height\":235,\"caption\":\"ALADI\"},\"image\":{\"@id\":\"https:\/\/www.aladi.org\/pt\/#\/schema\/logo\/image\/\"},\"sameAs\":[\"https:\/\/es-la.facebook.com\/people\/ALADI\/100064606213084\/\",\"https:\/\/x.com\/ALADI_SG\",\"https:\/\/www.instagram.com\/aladi_sg\/?hl=es\",\"https:\/\/www.linkedin.com\/company\/aladi\/\",\"https:\/\/www.flickr.com\/photos\/aladi\/\",\"https:\/\/www.youtube.com\/channel\/UCrkJWOWHKF6igQmWE8Clnpg\"]}]}<\/script>\n<!-- \/ Yoast SEO plugin. -->","yoast_head_json":{"title":"Departamento de Dimens\u00e3o Social","robots":{"index":"index","follow":"follow","max-snippet":"max-snippet:-1","max-image-preview":"max-image-preview:large","max-video-preview":"max-video-preview:-1"},"og_locale":"pt_BR","og_type":"article","og_title":"Departamento de Dimens\u00e3o Social","og_url":"https:\/\/www.aladi.org\/pt\/organizacao-institucional\/secretaria-geral\/subsecretario-de-cooperacao-assistencia-tecnica-e-apoio-aos-pmders\/departamento-de-dimensao-social\/","og_site_name":"ALADI","article_publisher":"https:\/\/es-la.facebook.com\/people\/ALADI\/100064606213084\/","article_modified_time":"2024-12-06T17:51:41+00:00","twitter_card":"summary_large_image","twitter_site":"@ALADI_SG","twitter_misc":{"Est. reading time":"1 minute"},"schema":{"@context":"https:\/\/schema.org","@graph":[{"@type":"WebPage","@id":"https:\/\/www.aladi.org\/pt\/organizacao-institucional\/secretaria-geral\/subsecretario-de-cooperacao-assistencia-tecnica-e-apoio-aos-pmders\/departamento-de-dimensao-social\/","url":"https:\/\/www.aladi.org\/pt\/organizacao-institucional\/secretaria-geral\/subsecretario-de-cooperacao-assistencia-tecnica-e-apoio-aos-pmders\/departamento-de-dimensao-social\/","name":"Departamento de la Dimensi\u00f3n Social - ALADI","isPartOf":{"@id":"https:\/\/www.aladi.org\/#website"},"datePublished":"2024-04-16T12:22:51+00:00","dateModified":"2024-12-06T17:51:41+00:00","breadcrumb":{"@id":"https:\/\/www.aladi.org\/pt\/organizacao-institucional\/secretaria-geral\/subsecretario-de-cooperacao-assistencia-tecnica-e-apoio-aos-pmders\/departamento-de-dimensao-social\/#breadcrumb"},"inLanguage":"pt-BR","potentialAction":[{"@type":"ReadAction","target":["https:\/\/www.aladi.org\/pt\/organizacao-institucional\/secretaria-geral\/subsecretario-de-cooperacao-assistencia-tecnica-e-apoio-aos-pmders\/departamento-de-dimensao-social\/"]}]},{"@type":"BreadcrumbList","@id":"https:\/\/www.aladi.org\/pt\/organizacao-institucional\/secretaria-geral\/subsecretario-de-cooperacao-assistencia-tecnica-e-apoio-aos-pmders\/departamento-de-dimensao-social\/#breadcrumb","itemListElement":[{"@type":"ListItem","position":1,"name":"Home","item":"https:\/\/www.aladi.org\/"},{"@type":"ListItem","position":2,"name":"Organiza\u00e7\u00e3o Institucional","item":"https:\/\/www.aladi.org\/organizacion-institucional\/"},{"@type":"ListItem","position":3,"name":"Secretaria-Geral","item":"https:\/\/www.aladi.org\/organizacion-institucional\/secretaria-general\/"},{"@type":"ListItem","position":4,"name":"Subsecret\u00e1rio de Coopera\u00e7\u00e3o, Assist\u00eancia T\u00e9cnica e Apoio aos PMDERs","item":"https:\/\/www.aladi.org\/organizacion-institucional\/secretaria-general\/subsecretario-de-cooperacion-asistencia-tecnica-y-apoyo-a-los-pmder\/"},{"@type":"ListItem","position":5,"name":"Departamento de Dimens\u00e3o Social"}]},{"@type":"WebSite","@id":"https:\/\/www.aladi.org\/pt\/#website","url":"https:\/\/www.aladi.org\/pt\/","name":"ALADI","description":"Asociaci\u00f3n Latinoamericana de Integraci\u00f3n","publisher":{"@id":"https:\/\/www.aladi.org\/pt\/#organization"},"potentialAction":[{"@type":"SearchAction","target":{"@type":"EntryPoint","urlTemplate":"https:\/\/www.aladi.org\/pt\/?s={search_term_string}"},"query-input":{"@type":"PropertyValueSpecification","valueRequired":true,"valueName":"search_term_string"}}],"inLanguage":"pt-BR"},{"@type":"Organization","@id":"https:\/\/www.aladi.org\/pt\/#organization","name":"ALADI","url":"https:\/\/www.aladi.org\/pt\/","logo":{"@type":"ImageObject","inLanguage":"pt-BR","@id":"https:\/\/www.aladi.org\/pt\/#\/schema\/logo\/image\/","url":"https:\/\/www.aladi.org\/wp-content\/uploads\/2025\/12\/Logo-ALADI.png","contentUrl":"https:\/\/www.aladi.org\/wp-content\/uploads\/2025\/12\/Logo-ALADI.png","width":375,"height":235,"caption":"ALADI"},"image":{"@id":"https:\/\/www.aladi.org\/pt\/#\/schema\/logo\/image\/"},"sameAs":["https:\/\/es-la.facebook.com\/people\/ALADI\/100064606213084\/","https:\/\/x.com\/ALADI_SG","https:\/\/www.instagram.com\/aladi_sg\/?hl=es","https:\/\/www.linkedin.com\/company\/aladi\/","https:\/\/www.flickr.com\/photos\/aladi\/","https:\/\/www.youtube.com\/channel\/UCrkJWOWHKF6igQmWE8Clnpg"]}]}},"jetpack_sharing_enabled":true,"_links":{"self":[{"href":"https:\/\/www.aladi.org\/pt\/wp-json\/wp\/v2\/pages\/3800","targetHints":{"allow":["GET"]}}],"collection":[{"href":"https:\/\/www.aladi.org\/pt\/wp-json\/wp\/v2\/pages"}],"about":[{"href":"https:\/\/www.aladi.org\/pt\/wp-json\/wp\/v2\/types\/page"}],"author":[{"embeddable":true,"href":"https:\/\/www.aladi.org\/pt\/wp-json\/wp\/v2\/users\/2"}],"replies":[{"embeddable":true,"href":"https:\/\/www.aladi.org\/pt\/wp-json\/wp\/v2\/comments?post=3800"}],"version-history":[{"count":7,"href":"https:\/\/www.aladi.org\/pt\/wp-json\/wp\/v2\/pages\/3800\/revisions"}],"predecessor-version":[{"id":6162,"href":"https:\/\/www.aladi.org\/pt\/wp-json\/wp\/v2\/pages\/3800\/revisions\/6162"}],"up":[{"embeddable":true,"href":"https:\/\/www.aladi.org\/pt\/wp-json\/wp\/v2\/pages\/3738"}],"wp:attachment":[{"href":"https:\/\/www.aladi.org\/pt\/wp-json\/wp\/v2\/media?parent=3800"}],"curies":[{"name":"wp","href":"https:\/\/api.w.org\/{rel}","templated":true}]}}