{"id":3793,"date":"2024-04-15T18:58:05","date_gmt":"2024-04-15T18:58:05","guid":{"rendered":"https:\/\/sitio.aladi.org\/?page_id=3793"},"modified":"2025-08-08T15:42:58","modified_gmt":"2025-08-08T15:42:58","slug":"departamento-de-apoyo-a-los-pmder","status":"publish","type":"page","link":"https:\/\/www.aladi.org\/pt\/organizacao-institucional\/secretaria-geral\/subsecretario-de-cooperacao-assistencia-tecnica-e-apoio-aos-pmders\/departamento-de-apoio-aos-pmder\/","title":{"rendered":"Departamento de Apoio aos PMDER"},"content":{"rendered":"<div>Subsecretar\u00eda de Cooperaci\u00f3n, Asistencia T\u00e9cnica y Apoyo a los PMDER<\/div>\n<h1><strong>Departamento de Apoyo a los PMDER<\/strong><\/h1>\n<h1><span>Funciones del Departamento:<\/span><\/h1>\n<div>\n<p>1. Programar y llevar a cabo estudios, acciones y propuestas de cooperaci\u00f3n t\u00e9cnica que requieran los pa\u00edses de menor desarrollo econ\u00f3mico relativo (PMDER) en el marco del Sistema de Apoyo previsto en el Tratado de Montevideo 1980, as\u00ed como en el marco de las Resoluciones del Consejo de Ministros.\u00a0<\/p>\n<p>2. Realizar el seguimiento y evaluaci\u00f3n de los compromisos asumidos por los pa\u00edses miembros a favor de los PMDER, particularmente en lo establecido en las Resoluciones del Consejo de Ministros.\u00a0<\/p>\n<p>3. Elaborar informes que permitan a los \u00f3rganos pol\u00edticos evaluar peri\u00f3dicamente el Sistema de Apoyo a los PMDER.\u00a0<\/p>\n<p>4. Elaborar informes, estudios y propuestas orientados a ampliar y fortalecer la inserci\u00f3n de los PMDER en la econom\u00eda regional y mundial, poniendo especial \u00e9nfasis en los sectores productivos vinculados con las peque\u00f1as y microempresas.\u00a0<\/p>\n<p>5. Identificar y desarrollar, conjuntamente con las autoridades competentes de cada pa\u00eds, proyectos y acciones que contribuyan a una mayor apertura y conquista de los mercados para un mejor aprovechamiento de los acuerdos comerciales.\u00a0<\/p>\n<p>6. Apoyar a los organismos nacionales competentes y a los operadores econ\u00f3micos de los PMDER en el desarrollo de programas orientados al mejoramiento de su productividad y competitividad.\u00a0<\/p>\n<p>7. Programar y ejecutar acciones necesarias para obtener recursos humanos y financieros en apoyo a las actividades que se desarrollen en el marco del Sistema de Apoyo a los PMDER.\u00a0<\/p>\n<p>8. Brindar apoyo t\u00e9cnico al Grupo de Trabajo de seguimiento del Programa de Apoyo a los PMDER.\u00a0<\/p>\n<p>9. Otras funciones espec\u00edficas que le sean asignadas por el Secretario General.<\/p>\n<\/div>\n<p><!--more--><br \/>\n<!-- {\"type\":\"layout\",\"children\":[{\"type\":\"section\",\"props\":{\"image_loading\":true,\"image_position\":\"top-center\",\"media_visibility\":\"m\",\"padding\":\"xsmall\",\"padding_remove_horizontal\":false,\"padding_remove_top\":false,\"style\":\"default\",\"title_breakpoint\":\"xl\",\"title_position\":\"top-left\",\"title_rotation\":\"left\",\"vertical_align\":\"\",\"width\":\"xlarge\"},\"children\":[{\"type\":\"row\",\"props\":{\"width\":\"xlarge\"},\"children\":[{\"type\":\"column\",\"props\":{\"image_position\":\"center-center\",\"position_sticky_breakpoint\":\"m\"},\"children\":[{\"type\":\"breadcrumbs\",\"props\":{\"margin\":\"remove-vertical\",\"margin_remove_top\":true,\"show_current\":true,\"show_home\":true}}]}]},{\"type\":\"row\",\"props\":{\"margin_remove_bottom\":false,\"width\":\"xlarge\"},\"children\":[{\"type\":\"column\",\"props\":{\"image_position\":\"center-center\",\"image_size\":\"cover\",\"padding\":\"none\",\"position_sticky_breakpoint\":\"m\",\"vertical_align\":\"middle\"},\"children\":[{\"type\":\"headline\",\"props\":{\"content\":\"Subsecretar\\u00eda de Cooperaci\\u00f3n, Asistencia T\\u00e9cnica y Apoyo a los PMDER\",\"content_pt_br\":\"Subsecretaria de Coopera\\u00e7\\u00e3o, Assist\\u00eancia T\\u00e9cnica e Apoio a los PMDERs\",\"link_style\":false,\"title_color\":\"primary\",\"title_element\":\"div\",\"title_style\":\"h6\"}},{\"type\":\"headline\",\"props\":{\"content\":\"<strong>Departamento de Apoyo a los PMDER<\\\/strong>\",\"content_pt_br\":\"<strong>Departamento de Apoio aos PMDERs<\\\/strong>\",\"margin\":\"medium\",\"margin_remove_bottom\":false,\"margin_remove_top\":false,\"maxwidth\":\"xlarge\",\"text_align\":\"left\",\"text_align_fallback\":\"center\",\"title_color\":\"secondary\",\"title_element\":\"h1\",\"title_style\":\"h1\"}}]}]}],\"name\":\"T\\u00edtulos\"},{\"type\":\"section\",\"props\":{\"image_position\":\"center-center\",\"padding_remove_top\":true,\"style\":\"default\",\"title_breakpoint\":\"xl\",\"title_position\":\"top-left\",\"title_rotation\":\"left\",\"vertical_align\":\"\",\"width\":\"default\"},\"children\":[{\"type\":\"row\",\"props\":{\"layout\":\"1-4,3-4\"},\"children\":[{\"type\":\"column\",\"props\":{\"image_position\":\"center-center\",\"position_sticky_breakpoint\":\"m\",\"width_medium\":\"1-4\"},\"children\":[{\"type\":\"image\",\"props\":{\"image\":\"\",\"image_pt_br\":\"wp-content\\\/uploads\\\/2024\\\/04\\\/PMDER_Gonzalez-Roberto.jpg\",\"image_svg_color\":\"emphasis\",\"margin\":\"default\"}}]},{\"type\":\"column\",\"props\":{\"image_position\":\"center-center\",\"position_sticky_breakpoint\":\"m\",\"width_medium\":\"3-4\"},\"children\":[{\"type\":\"text\",\"props\":{\"column_breakpoint\":\"m\",\"content\":\"\",\"margin\":\"default\"}}]}]}]},{\"type\":\"section\",\"props\":{\"image_position\":\"center-center\",\"padding_remove_top\":true,\"style\":\"default\",\"title_breakpoint\":\"xl\",\"title_position\":\"top-left\",\"title_rotation\":\"left\",\"vertical_align\":\"\",\"width\":\"default\"},\"children\":[{\"type\":\"row\",\"children\":[{\"type\":\"column\",\"props\":{\"image_position\":\"center-center\",\"position_sticky_breakpoint\":\"m\"},\"children\":[{\"type\":\"headline\",\"props\":{\"content\":\"<span>Funciones del Departamento:<\\\/span>\",\"content_pt_br\":\"<span>Fun\\u00e7\\u00f5es do Departamento:<\\\/span>\",\"title_color\":\"secondary\",\"title_decoration\":\"bullet\",\"title_element\":\"h1\",\"title_style\":\"h4\"}},{\"type\":\"text\",\"props\":{\"column_breakpoint\":\"m\",\"content\":\"\n\n<p>1. Programar y llevar a cabo estudios, acciones y propuestas de cooperaci\\u00f3n t\\u00e9cnica que requieran los pa\\u00edses de menor desarrollo econ\\u00f3mico relativo (PMDER) en el marco del Sistema de Apoyo previsto en el Tratado de Montevideo 1980, as\\u00ed como en el marco de las Resoluciones del Consejo de Ministros.\\u00a0<\\\/p>\\n\n\n<p>2. Realizar el seguimiento y evaluaci\\u00f3n de los compromisos asumidos por los pa\\u00edses miembros a favor de los PMDER, particularmente en lo establecido en las Resoluciones del Consejo de Ministros.\\u00a0<\\\/p>\\n\n\n<p>3. Elaborar informes que permitan a los \\u00f3rganos pol\\u00edticos evaluar peri\\u00f3dicamente el Sistema de Apoyo a los PMDER.\\u00a0<\\\/p>\\n\n\n<p>4. Elaborar informes, estudios y propuestas orientados a ampliar y fortalecer la inserci\\u00f3n de los PMDER en la econom\\u00eda regional y mundial, poniendo especial \\u00e9nfasis en los sectores productivos vinculados con las peque\\u00f1as y microempresas.\\u00a0<\\\/p>\\n\n\n<p>5. Identificar y desarrollar, conjuntamente con las autoridades competentes de cada pa\\u00eds, proyectos y acciones que contribuyan a una mayor apertura y conquista de los mercados para un mejor aprovechamiento de los acuerdos comerciales.\\u00a0<\\\/p>\\n\n\n<p>6. Apoyar a los organismos nacionales competentes y a los operadores econ\\u00f3micos de los PMDER en el desarrollo de programas orientados al mejoramiento de su productividad y competitividad.\\u00a0<\\\/p>\\n\n\n<p>7. Programar y ejecutar acciones necesarias para obtener recursos humanos y financieros en apoyo a las actividades que se desarrollen en el marco del Sistema de Apoyo a los PMDER.\\u00a0<\\\/p>\\n\n\n<p>8. Brindar apoyo t\\u00e9cnico al Grupo de Trabajo de seguimiento del Programa de Apoyo a los PMDER.\\u00a0<\\\/p>\\n\n\n<p>9. Otras funciones espec\\u00edficas que le sean asignadas por el Secretario General.<\\\/p>\",\"content_pt_br\":\"\n\n<p>1. Programar e realizar estudos, a\\u00e7\\u00f5es e propostas de coopera\\u00e7\\u00e3o t\\u00e9cnica que exigirem os pa\\u00edses de menor desenvolvimento econ\\u00f4mico relativo (PMDERs) no \\u00e2mbito do Sistema de Apoio previsto no Tratado de Montevid\\u00e9u 1980, bem como no \\u00e2mbito das Resolu\\u00e7\\u00f5es do Conselho de Ministros.<\\\/p>\\n\n\n<p>2. Fazer o acompanhamento e a avalia\\u00e7\\u00e3o dos compromissos assumidos pelos pa\\u00edses-membros em favor dos PMDERs, especialmente no que diz respeito ao estabelecido nas Resolu\\u00e7\\u00f5es do Conselho de Ministros.<\\\/p>\\n\n\n<p>3. Elaborar relat\\u00f3rios que permitam aos \\u00f3rg\\u00e3os pol\\u00edticos avaliar periodicamente o Sistema de Apoio aos PMDERs.<\\\/p>\\n\n\n<p>4. Elaborar relat\\u00f3rios, estudos e propostas orientadas a ampliar e a fortalecer a inser\\u00e7\\u00e3o dos PMDERs na economia regional e mundial, com especial \\u00eanfase nos setores produtivos relacionados com as pequenas e as microempresas.<\\\/p>\\n\n\n<p>5. Identificar e desenvolver, junto com as autoridades competentes de cada pa\\u00eds, projetos e a\\u00e7\\u00f5es que contribuam para uma maior abertura e conquista dos mercados visando a um melhor aproveitamento dos acordos comerciais.<\\\/p>\\n\n\n<p>6. Apoiar os organismos nacionais competentes e os operadores econ\\u00f4micos dos PMDERs no desenvolvimento de programas voltados para o melhoramento de sua produtividade e competitividade.<\\\/p>\\n\n\n<p>7. Programar e executar a\\u00e7\\u00f5es necess\\u00e1rias para a obten\\u00e7\\u00e3o de recursos humanos e financeiros em apoio \\u00e0s atividades desenvolvidas no \\u00e2mbito do Sistema de Apoio aos PMDERs.<\\\/p>\\n\n\n<p>8. Prestar apoio t\\u00e9cnico ao Grupo de Trabalho de acompanhamento do Programa de Apoio aos PMDERs.<\\\/p>\\n\n\n<p>9. Outras fun\\u00e7\\u00f5es espec\\u00edficas determinadas pelo Secret\\u00e1rio-Geral.<\\\/p>\",\"margin\":\"default\"}}]}]}]}],\"version\":\"4.4.12\"} --><\/p>\n","protected":false},"excerpt":{"rendered":"<p>Subsecretar\u00eda de Cooperaci\u00f3n, Asistencia T\u00e9cnica y Apoyo a los PMDER Departamento de Apoyo a los PMDER Funciones del Departamento: 1. Programar y llevar a cabo estudios, acciones y propuestas de cooperaci\u00f3n t\u00e9cnica que requieran los pa\u00edses de menor desarrollo econ\u00f3mico relativo (PMDER) en el marco del Sistema de Apoyo previsto en el Tratado de Montevideo [&hellip;]<\/p>\n","protected":false},"author":2,"featured_media":0,"parent":3738,"menu_order":0,"comment_status":"closed","ping_status":"closed","template":"","meta":{"_acf_changed":false,"footnotes":""},"class_list":["post-3793","page","type-page","status-publish","hentry"],"acf":[],"yoast_head":"<!-- This site is optimized with the Yoast SEO plugin v26.5 - https:\/\/yoast.com\/wordpress\/plugins\/seo\/ -->\n<title>Departamento de Apoio aos PMDER<\/title>\n<meta name=\"robots\" content=\"index, follow, max-snippet:-1, max-image-preview:large, max-video-preview:-1\" \/>\n<meta property=\"og:locale\" content=\"pt_BR\" \/>\n<meta property=\"og:type\" content=\"article\" \/>\n<meta property=\"og:title\" content=\"Departamento de Apoio aos PMDER\" \/>\n<meta property=\"og:url\" content=\"https:\/\/www.aladi.org\/pt\/organizacao-institucional\/secretaria-geral\/subsecretario-de-cooperacao-assistencia-tecnica-e-apoio-aos-pmders\/departamento-de-apoio-aos-pmder\/\" \/>\n<meta property=\"og:site_name\" content=\"ALADI\" \/>\n<meta property=\"article:publisher\" content=\"https:\/\/es-la.facebook.com\/people\/ALADI\/100064606213084\/\" \/>\n<meta property=\"article:modified_time\" content=\"2025-08-08T15:42:58+00:00\" \/>\n<meta name=\"twitter:card\" content=\"summary_large_image\" \/>\n<meta name=\"twitter:site\" content=\"@ALADI_SG\" \/>\n<meta name=\"twitter:label1\" content=\"Est. reading time\" \/>\n\t<meta name=\"twitter:data1\" content=\"1 minute\" \/>\n<script type=\"application\/ld+json\" class=\"yoast-schema-graph\">{\"@context\":\"https:\/\/schema.org\",\"@graph\":[{\"@type\":\"WebPage\",\"@id\":\"https:\/\/www.aladi.org\/pt\/organizacao-institucional\/secretaria-geral\/subsecretario-de-cooperacao-assistencia-tecnica-e-apoio-aos-pmders\/departamento-de-apoio-aos-pmder\/\",\"url\":\"https:\/\/www.aladi.org\/pt\/organizacao-institucional\/secretaria-geral\/subsecretario-de-cooperacao-assistencia-tecnica-e-apoio-aos-pmders\/departamento-de-apoio-aos-pmder\/\",\"name\":\"Departamento de Apoyo a los PMDER - ALADI\",\"isPartOf\":{\"@id\":\"https:\/\/www.aladi.org\/#website\"},\"datePublished\":\"2024-04-15T18:58:05+00:00\",\"dateModified\":\"2025-08-08T15:42:58+00:00\",\"breadcrumb\":{\"@id\":\"https:\/\/www.aladi.org\/pt\/organizacao-institucional\/secretaria-geral\/subsecretario-de-cooperacao-assistencia-tecnica-e-apoio-aos-pmders\/departamento-de-apoio-aos-pmder\/#breadcrumb\"},\"inLanguage\":\"pt-BR\",\"potentialAction\":[{\"@type\":\"ReadAction\",\"target\":[\"https:\/\/www.aladi.org\/pt\/organizacao-institucional\/secretaria-geral\/subsecretario-de-cooperacao-assistencia-tecnica-e-apoio-aos-pmders\/departamento-de-apoio-aos-pmder\/\"]}]},{\"@type\":\"BreadcrumbList\",\"@id\":\"https:\/\/www.aladi.org\/pt\/organizacao-institucional\/secretaria-geral\/subsecretario-de-cooperacao-assistencia-tecnica-e-apoio-aos-pmders\/departamento-de-apoio-aos-pmder\/#breadcrumb\",\"itemListElement\":[{\"@type\":\"ListItem\",\"position\":1,\"name\":\"Home\",\"item\":\"https:\/\/www.aladi.org\/\"},{\"@type\":\"ListItem\",\"position\":2,\"name\":\"Organiza\u00e7\u00e3o Institucional\",\"item\":\"https:\/\/www.aladi.org\/organizacion-institucional\/\"},{\"@type\":\"ListItem\",\"position\":3,\"name\":\"Secretaria-Geral\",\"item\":\"https:\/\/www.aladi.org\/organizacion-institucional\/secretaria-general\/\"},{\"@type\":\"ListItem\",\"position\":4,\"name\":\"Subsecret\u00e1rio de Coopera\u00e7\u00e3o, Assist\u00eancia T\u00e9cnica e Apoio aos PMDERs\",\"item\":\"https:\/\/www.aladi.org\/organizacion-institucional\/secretaria-general\/subsecretario-de-cooperacion-asistencia-tecnica-y-apoyo-a-los-pmder\/\"},{\"@type\":\"ListItem\",\"position\":5,\"name\":\"Departamento de Apoio aos PMDER\"}]},{\"@type\":\"WebSite\",\"@id\":\"https:\/\/www.aladi.org\/pt\/#website\",\"url\":\"https:\/\/www.aladi.org\/pt\/\",\"name\":\"ALADI\",\"description\":\"Asociaci\u00f3n Latinoamericana de Integraci\u00f3n\",\"publisher\":{\"@id\":\"https:\/\/www.aladi.org\/pt\/#organization\"},\"potentialAction\":[{\"@type\":\"SearchAction\",\"target\":{\"@type\":\"EntryPoint\",\"urlTemplate\":\"https:\/\/www.aladi.org\/pt\/?s={search_term_string}\"},\"query-input\":{\"@type\":\"PropertyValueSpecification\",\"valueRequired\":true,\"valueName\":\"search_term_string\"}}],\"inLanguage\":\"pt-BR\"},{\"@type\":\"Organization\",\"@id\":\"https:\/\/www.aladi.org\/pt\/#organization\",\"name\":\"ALADI\",\"url\":\"https:\/\/www.aladi.org\/pt\/\",\"logo\":{\"@type\":\"ImageObject\",\"inLanguage\":\"pt-BR\",\"@id\":\"https:\/\/www.aladi.org\/pt\/#\/schema\/logo\/image\/\",\"url\":\"https:\/\/www.aladi.org\/wp-content\/uploads\/2025\/12\/Logo-ALADI.png\",\"contentUrl\":\"https:\/\/www.aladi.org\/wp-content\/uploads\/2025\/12\/Logo-ALADI.png\",\"width\":375,\"height\":235,\"caption\":\"ALADI\"},\"image\":{\"@id\":\"https:\/\/www.aladi.org\/pt\/#\/schema\/logo\/image\/\"},\"sameAs\":[\"https:\/\/es-la.facebook.com\/people\/ALADI\/100064606213084\/\",\"https:\/\/x.com\/ALADI_SG\",\"https:\/\/www.instagram.com\/aladi_sg\/?hl=es\",\"https:\/\/www.linkedin.com\/company\/aladi\/\",\"https:\/\/www.flickr.com\/photos\/aladi\/\",\"https:\/\/www.youtube.com\/channel\/UCrkJWOWHKF6igQmWE8Clnpg\"]}]}<\/script>\n<!-- \/ Yoast SEO plugin. -->","yoast_head_json":{"title":"Departamento de Apoio aos PMDER","robots":{"index":"index","follow":"follow","max-snippet":"max-snippet:-1","max-image-preview":"max-image-preview:large","max-video-preview":"max-video-preview:-1"},"og_locale":"pt_BR","og_type":"article","og_title":"Departamento de Apoio aos PMDER","og_url":"https:\/\/www.aladi.org\/pt\/organizacao-institucional\/secretaria-geral\/subsecretario-de-cooperacao-assistencia-tecnica-e-apoio-aos-pmders\/departamento-de-apoio-aos-pmder\/","og_site_name":"ALADI","article_publisher":"https:\/\/es-la.facebook.com\/people\/ALADI\/100064606213084\/","article_modified_time":"2025-08-08T15:42:58+00:00","twitter_card":"summary_large_image","twitter_site":"@ALADI_SG","twitter_misc":{"Est. reading time":"1 minute"},"schema":{"@context":"https:\/\/schema.org","@graph":[{"@type":"WebPage","@id":"https:\/\/www.aladi.org\/pt\/organizacao-institucional\/secretaria-geral\/subsecretario-de-cooperacao-assistencia-tecnica-e-apoio-aos-pmders\/departamento-de-apoio-aos-pmder\/","url":"https:\/\/www.aladi.org\/pt\/organizacao-institucional\/secretaria-geral\/subsecretario-de-cooperacao-assistencia-tecnica-e-apoio-aos-pmders\/departamento-de-apoio-aos-pmder\/","name":"Departamento de Apoyo a los PMDER - ALADI","isPartOf":{"@id":"https:\/\/www.aladi.org\/#website"},"datePublished":"2024-04-15T18:58:05+00:00","dateModified":"2025-08-08T15:42:58+00:00","breadcrumb":{"@id":"https:\/\/www.aladi.org\/pt\/organizacao-institucional\/secretaria-geral\/subsecretario-de-cooperacao-assistencia-tecnica-e-apoio-aos-pmders\/departamento-de-apoio-aos-pmder\/#breadcrumb"},"inLanguage":"pt-BR","potentialAction":[{"@type":"ReadAction","target":["https:\/\/www.aladi.org\/pt\/organizacao-institucional\/secretaria-geral\/subsecretario-de-cooperacao-assistencia-tecnica-e-apoio-aos-pmders\/departamento-de-apoio-aos-pmder\/"]}]},{"@type":"BreadcrumbList","@id":"https:\/\/www.aladi.org\/pt\/organizacao-institucional\/secretaria-geral\/subsecretario-de-cooperacao-assistencia-tecnica-e-apoio-aos-pmders\/departamento-de-apoio-aos-pmder\/#breadcrumb","itemListElement":[{"@type":"ListItem","position":1,"name":"Home","item":"https:\/\/www.aladi.org\/"},{"@type":"ListItem","position":2,"name":"Organiza\u00e7\u00e3o Institucional","item":"https:\/\/www.aladi.org\/organizacion-institucional\/"},{"@type":"ListItem","position":3,"name":"Secretaria-Geral","item":"https:\/\/www.aladi.org\/organizacion-institucional\/secretaria-general\/"},{"@type":"ListItem","position":4,"name":"Subsecret\u00e1rio de Coopera\u00e7\u00e3o, Assist\u00eancia T\u00e9cnica e Apoio aos PMDERs","item":"https:\/\/www.aladi.org\/organizacion-institucional\/secretaria-general\/subsecretario-de-cooperacion-asistencia-tecnica-y-apoyo-a-los-pmder\/"},{"@type":"ListItem","position":5,"name":"Departamento de Apoio aos PMDER"}]},{"@type":"WebSite","@id":"https:\/\/www.aladi.org\/pt\/#website","url":"https:\/\/www.aladi.org\/pt\/","name":"ALADI","description":"Asociaci\u00f3n Latinoamericana de Integraci\u00f3n","publisher":{"@id":"https:\/\/www.aladi.org\/pt\/#organization"},"potentialAction":[{"@type":"SearchAction","target":{"@type":"EntryPoint","urlTemplate":"https:\/\/www.aladi.org\/pt\/?s={search_term_string}"},"query-input":{"@type":"PropertyValueSpecification","valueRequired":true,"valueName":"search_term_string"}}],"inLanguage":"pt-BR"},{"@type":"Organization","@id":"https:\/\/www.aladi.org\/pt\/#organization","name":"ALADI","url":"https:\/\/www.aladi.org\/pt\/","logo":{"@type":"ImageObject","inLanguage":"pt-BR","@id":"https:\/\/www.aladi.org\/pt\/#\/schema\/logo\/image\/","url":"https:\/\/www.aladi.org\/wp-content\/uploads\/2025\/12\/Logo-ALADI.png","contentUrl":"https:\/\/www.aladi.org\/wp-content\/uploads\/2025\/12\/Logo-ALADI.png","width":375,"height":235,"caption":"ALADI"},"image":{"@id":"https:\/\/www.aladi.org\/pt\/#\/schema\/logo\/image\/"},"sameAs":["https:\/\/es-la.facebook.com\/people\/ALADI\/100064606213084\/","https:\/\/x.com\/ALADI_SG","https:\/\/www.instagram.com\/aladi_sg\/?hl=es","https:\/\/www.linkedin.com\/company\/aladi\/","https:\/\/www.flickr.com\/photos\/aladi\/","https:\/\/www.youtube.com\/channel\/UCrkJWOWHKF6igQmWE8Clnpg"]}]}},"jetpack_sharing_enabled":true,"_links":{"self":[{"href":"https:\/\/www.aladi.org\/pt\/wp-json\/wp\/v2\/pages\/3793","targetHints":{"allow":["GET"]}}],"collection":[{"href":"https:\/\/www.aladi.org\/pt\/wp-json\/wp\/v2\/pages"}],"about":[{"href":"https:\/\/www.aladi.org\/pt\/wp-json\/wp\/v2\/types\/page"}],"author":[{"embeddable":true,"href":"https:\/\/www.aladi.org\/pt\/wp-json\/wp\/v2\/users\/2"}],"replies":[{"embeddable":true,"href":"https:\/\/www.aladi.org\/pt\/wp-json\/wp\/v2\/comments?post=3793"}],"version-history":[{"count":11,"href":"https:\/\/www.aladi.org\/pt\/wp-json\/wp\/v2\/pages\/3793\/revisions"}],"predecessor-version":[{"id":6939,"href":"https:\/\/www.aladi.org\/pt\/wp-json\/wp\/v2\/pages\/3793\/revisions\/6939"}],"up":[{"embeddable":true,"href":"https:\/\/www.aladi.org\/pt\/wp-json\/wp\/v2\/pages\/3738"}],"wp:attachment":[{"href":"https:\/\/www.aladi.org\/pt\/wp-json\/wp\/v2\/media?parent=3793"}],"curies":[{"name":"wp","href":"https:\/\/api.w.org\/{rel}","templated":true}]}}