{"id":3789,"date":"2024-04-15T18:45:53","date_gmt":"2024-04-15T18:45:53","guid":{"rendered":"https:\/\/sitio.aladi.org\/?page_id=3789"},"modified":"2025-10-02T19:10:58","modified_gmt":"2025-10-02T19:10:58","slug":"departamento-de-cooperacion-y-formacion","status":"publish","type":"page","link":"https:\/\/www.aladi.org\/pt\/organizacao-institucional\/secretaria-geral\/subsecretario-de-cooperacao-assistencia-tecnica-e-apoio-aos-pmders\/departamento-de-cooperacao-e-formacao\/","title":{"rendered":"Departamento de Coopera\u00e7\u00e3o e Forma\u00e7\u00e3o"},"content":{"rendered":"<div>Subsecretar\u00eda de Cooperaci\u00f3n, Asistencia T\u00e9cnica y Apoyo a los PMDER<\/div>\n<h1><strong><strong>D<\/strong>epartamento de Cooperaci\u00f3n y Formaci\u00f3n<\/strong><\/h1>\n<p><img decoding=\"async\" src=\"\/wp-content\/uploads\/2025\/10\/Giachetti.jpg\" alt=\"\"><\/p>\n<div>\n<h2 class=\"wp-block-heading\">Pierina Giachetti<br \/>Jefa del Departamento de Cooperaci\u00f3n y Formaci\u00f3n<\/h2>\n<\/div>\n<div>\n<div>\n<p class=\"wp-block-heading\">Nacionalidad: chilena<\/p>\n<\/div>\n<\/div>\n<h1><span>Funciones del Departamento:<\/span><\/h1>\n<div>\n<p>1. Elaborar informes, estudios y propuestas sobre la evoluci\u00f3n del proceso de integraci\u00f3n regional y del comercio intrarregional.<\/p>\n<p>2. Propiciar la realizaci\u00f3n de foros y reuniones de reflexi\u00f3n y consulta con los pa\u00edses miembros, en temas relacionados con la integraci\u00f3n regional, a fin de formular propuestas para su desarrollo.<\/p>\n<p>3. Promover y coordinar la realizaci\u00f3n de cursos, seminarios y otros eventos que contribuyan a fomentar la capacitaci\u00f3n y especializaci\u00f3n de cuadros t\u00e9cnicos de las administraciones nacionales de los pa\u00edses miembros y de los operadores econ\u00f3micos, as\u00ed como de los t\u00e9cnicos de la Secretar\u00eda General, en las \u00e1reas del comercio internacional y la integraci\u00f3n.<\/p>\n<p>4. Apoyar las gestiones de la Secretar\u00eda General para la consecuci\u00f3n de cooperaci\u00f3n t\u00e9cnica, en apoyo a las actividades de la Asociaci\u00f3n, con agencias de cooperaci\u00f3n de pa\u00edses y organismos observadores.<\/p>\n<p>5. Incentivar la cooperaci\u00f3n con centros acad\u00e9micos y de investigaci\u00f3n, as\u00ed como con organizaciones p\u00fablicas y privadas vinculadas al comercio internacional y la integraci\u00f3n, en actividades que coadyuven a lograr los fines y prop\u00f3sitos de la ALADI.<\/p>\n<p>6. Otras funciones espec\u00edficas que le sean asignadas por el Secretario General.<\/p>\n<\/div>\n<p><!--more--><br \/>\n<!-- {\"type\":\"layout\",\"children\":[{\"type\":\"section\",\"props\":{\"image_loading\":true,\"image_position\":\"top-center\",\"media_visibility\":\"m\",\"padding\":\"xsmall\",\"padding_remove_horizontal\":false,\"padding_remove_top\":false,\"style\":\"default\",\"title_breakpoint\":\"xl\",\"title_position\":\"top-left\",\"title_rotation\":\"left\",\"vertical_align\":\"\",\"width\":\"xlarge\"},\"children\":[{\"type\":\"row\",\"props\":{\"width\":\"xlarge\"},\"children\":[{\"type\":\"column\",\"props\":{\"image_position\":\"center-center\",\"position_sticky_breakpoint\":\"m\"},\"children\":[{\"type\":\"breadcrumbs\",\"props\":{\"margin\":\"remove-vertical\",\"margin_remove_top\":true,\"show_current\":true,\"show_home\":true}}]}]},{\"type\":\"row\",\"props\":{\"margin_remove_bottom\":false,\"width\":\"xlarge\"},\"children\":[{\"type\":\"column\",\"props\":{\"image_position\":\"center-center\",\"image_size\":\"cover\",\"padding\":\"none\",\"position_sticky_breakpoint\":\"m\",\"vertical_align\":\"middle\"},\"children\":[{\"type\":\"headline\",\"props\":{\"content\":\"Subsecretar\\u00eda de Cooperaci\\u00f3n, Asistencia T\\u00e9cnica y Apoyo a los PMDER\",\"content_pt_br\":\"Subsecretaria de Coopera\\u00e7\\u00e3o, Assist\\u00eancia T\\u00e9cnica e Apoio a los PMDERs\",\"link_style\":false,\"title_color\":\"primary\",\"title_element\":\"div\",\"title_style\":\"h6\"}},{\"type\":\"headline\",\"props\":{\"content\":\"<strong><strong>D<\\\/strong>epartamento de Cooperaci\\u00f3n y Formaci\\u00f3n<\\\/strong>\",\"content_pt_br\":\"<strong>Departamento de Coopera\\u00e7\\u00e3o e Forma\\u00e7\\u00e3o<\\\/strong>\",\"margin\":\"medium\",\"margin_remove_bottom\":false,\"margin_remove_top\":false,\"maxwidth\":\"xlarge\",\"text_align\":\"left\",\"text_align_fallback\":\"center\",\"title_color\":\"secondary\",\"title_element\":\"h1\",\"title_style\":\"h1\"}}]}]}],\"name\":\"T\\u00edtulos\"},{\"type\":\"section\",\"props\":{\"image_position\":\"center-center\",\"style\":\"default\",\"title_breakpoint\":\"xl\",\"title_position\":\"top-left\",\"title_rotation\":\"left\",\"vertical_align\":\"\",\"width\":\"default\"},\"children\":[{\"type\":\"row\",\"props\":{\"layout\":\"1-4,3-4\"},\"children\":[{\"type\":\"column\",\"props\":{\"image_position\":\"center-center\",\"position_sticky_breakpoint\":\"m\",\"width_medium\":\"1-4\"},\"children\":[{\"type\":\"image\",\"props\":{\"image\":\"wp-content\\\/uploads\\\/2025\\\/10\\\/Giachetti.jpg\",\"image_pt_br\":\"wp-content\\\/uploads\\\/2025\\\/10\\\/Giachetti.jpg\",\"image_svg_color\":\"emphasis\",\"margin\":\"default\"}}]},{\"type\":\"column\",\"props\":{\"image_position\":\"center-center\",\"position_sticky_breakpoint\":\"m\",\"width_medium\":\"3-4\"},\"children\":[{\"type\":\"text\",\"props\":{\"column_breakpoint\":\"m\",\"content\":\"\n\n<h2 class=\\\"wp-block-heading\\\">Pierina Giachetti<br \\\/>Jefa del Departamento de Cooperaci\\u00f3n y Formaci\\u00f3n<\\\/h2>\",\"content_pt_br\":\"\n\n<h2 class=\\\"wp-block-heading\\\">Pierina Giachetti<br \\\/>Chefe do Departamento de Coopera\\u00e7\\u00e3o e Forma\\u00e7\\u00e3o<\\\/h2>\",\"margin\":\"default\"}},{\"type\":\"list\",\"props\":{\"column_breakpoint\":\"m\",\"image_align\":\"left\",\"image_svg_color\":\"emphasis\",\"image_vertical_align\":true,\"list_element\":\"ul\",\"list_horizontal_separator\":\", \",\"list_type\":\"vertical\",\"show_image\":true,\"show_link\":true},\"children\":[{\"type\":\"list_item\",\"props\":{\"content\":\"\n\n<p class=\\\"wp-block-heading\\\">Nacionalidad: chilena<\\\/p>\",\"content_pt_br\":\"Nacionalidade: chilena\",\"icon\":\"location\"}}]}]}]}]},{\"type\":\"section\",\"props\":{\"image_position\":\"center-center\",\"style\":\"default\",\"title_breakpoint\":\"xl\",\"title_position\":\"top-left\",\"title_rotation\":\"left\",\"vertical_align\":\"\",\"width\":\"default\"},\"children\":[{\"type\":\"row\",\"children\":[{\"type\":\"column\",\"props\":{\"image_position\":\"center-center\",\"position_sticky_breakpoint\":\"m\"},\"children\":[{\"type\":\"headline\",\"props\":{\"content\":\"<span>Funciones del Departamento:<\\\/span>\",\"content_pt_br\":\"<span>Fun\\u00e7\\u00f5es do Departamento:<\\\/span>\",\"title_color\":\"secondary\",\"title_decoration\":\"bullet\",\"title_element\":\"h1\",\"title_style\":\"h4\"}},{\"type\":\"text\",\"props\":{\"column_breakpoint\":\"m\",\"content\":\"\n\n<p>1. Elaborar informes, estudios y propuestas sobre la evoluci\\u00f3n del proceso de integraci\\u00f3n regional y del comercio intrarregional.<\\\/p>\\n\n\n<p>2. Propiciar la realizaci\\u00f3n de foros y reuniones de reflexi\\u00f3n y consulta con los pa\\u00edses miembros, en temas relacionados con la integraci\\u00f3n regional, a fin de formular propuestas para su desarrollo.<\\\/p>\\n\n\n<p>3. Promover y coordinar la realizaci\\u00f3n de cursos, seminarios y otros eventos que contribuyan a fomentar la capacitaci\\u00f3n y especializaci\\u00f3n de cuadros t\\u00e9cnicos de las administraciones nacionales de los pa\\u00edses miembros y de los operadores econ\\u00f3micos, as\\u00ed como de los t\\u00e9cnicos de la Secretar\\u00eda General, en las \\u00e1reas del comercio internacional y la integraci\\u00f3n.<\\\/p>\\n\n\n<p>4. Apoyar las gestiones de la Secretar\\u00eda General para la consecuci\\u00f3n de cooperaci\\u00f3n t\\u00e9cnica, en apoyo a las actividades de la Asociaci\\u00f3n, con agencias de cooperaci\\u00f3n de pa\\u00edses y organismos observadores.<\\\/p>\\n\n\n<p>5. Incentivar la cooperaci\\u00f3n con centros acad\\u00e9micos y de investigaci\\u00f3n, as\\u00ed como con organizaciones p\\u00fablicas y privadas vinculadas al comercio internacional y la integraci\\u00f3n, en actividades que coadyuven a lograr los fines y prop\\u00f3sitos de la ALADI.<\\\/p>\\n\n\n<p>6. Otras funciones espec\\u00edficas que le sean asignadas por el Secretario General.<\\\/p>\",\"content_pt_br\":\"\n\n<p>1. Elaborar relat\\u00f3rios, estudos e propostas sobre a evolu\\u00e7\\u00e3o do processo de integra\\u00e7\\u00e3o regional e do com\\u00e9rcio intrarregional.<\\\/p>\\n\n\n<p>2. Propiciar a realiza\\u00e7\\u00e3o de f\\u00f3runs e de reuni\\u00f5es de reflex\\u00e3o e consulta com os pa\\u00edses-membros sobre temas relativos \\u00e0 integra\\u00e7\\u00e3o regional, a fim de formular propostas para seu desenvolvimento.<\\\/p>\\n\n\n<p>3. Promover e coordenar a realiza\\u00e7\\u00e3o de cursos, semin\\u00e1rios e outros eventos que contribuam para o incentivo \\u00e0 capacita\\u00e7\\u00e3o e \\u00e0 especializa\\u00e7\\u00e3o de equipes t\\u00e9cnicas das administra\\u00e7\\u00f5es nacionais dos pa\\u00edses-membros e dos operadores econ\\u00f4micos, bem como dos t\\u00e9cnicos da Secretaria-Geral, nas \\u00e1reas de com\\u00e9rcio internacional e integra\\u00e7\\u00e3o.<\\\/p>\\n\n\n<p>4. Apoiar as gest\\u00f5es da Secretaria-Geral para a consecu\\u00e7\\u00e3o de coopera\\u00e7\\u00e3o t\\u00e9cnica, em apoio \\u00e0s atividades da Associa\\u00e7\\u00e3o, com ag\\u00eancias de coopera\\u00e7\\u00e3o de pa\\u00edses e de organismos observadores.<\\\/p>\\n\n\n<p>5. Incentivar a coopera\\u00e7\\u00e3o com centros acad\\u00eamicos e de pesquisa, bem como com organiza\\u00e7\\u00f5es p\\u00fablicas e particulares vinculadas ao com\\u00e9rcio internacional e \\u00e0 integra\\u00e7\\u00e3o, em atividades que coadjuvem para a consecu\\u00e7\\u00e3o dos objetivos e prop\\u00f3sitos da ALADI.<\\\/p>\\n\n\n<p>6. Outras fun\\u00e7\\u00f5es espec\\u00edficas determinadas pelo Secret\\u00e1rio-Geral.<\\\/p>\",\"margin\":\"default\"}}]}]}]}],\"version\":\"4.4.12\"} --><\/p>\n","protected":false},"excerpt":{"rendered":"<p>Subsecretar\u00eda de Cooperaci\u00f3n, Asistencia T\u00e9cnica y Apoyo a los PMDER Departamento de Cooperaci\u00f3n y Formaci\u00f3n Pierina GiachettiJefa del Departamento de Cooperaci\u00f3n y Formaci\u00f3n Nacionalidad: chilena Funciones del Departamento: 1. Elaborar informes, estudios y propuestas sobre la evoluci\u00f3n del proceso de integraci\u00f3n regional y del comercio intrarregional. 2. Propiciar la realizaci\u00f3n de foros y reuniones de [&hellip;]<\/p>\n","protected":false},"author":2,"featured_media":0,"parent":3738,"menu_order":0,"comment_status":"closed","ping_status":"closed","template":"","meta":{"_acf_changed":false,"footnotes":""},"class_list":["post-3789","page","type-page","status-publish","hentry"],"acf":[],"yoast_head":"<!-- This site is optimized with the Yoast SEO plugin v26.5 - https:\/\/yoast.com\/wordpress\/plugins\/seo\/ -->\n<title>Departamento de Coopera\u00e7\u00e3o e Forma\u00e7\u00e3o<\/title>\n<meta name=\"robots\" content=\"index, follow, max-snippet:-1, max-image-preview:large, max-video-preview:-1\" \/>\n<meta property=\"og:locale\" content=\"pt_BR\" \/>\n<meta property=\"og:type\" content=\"article\" \/>\n<meta property=\"og:title\" content=\"Departamento de Coopera\u00e7\u00e3o e Forma\u00e7\u00e3o\" \/>\n<meta property=\"og:url\" content=\"https:\/\/www.aladi.org\/pt\/organizacao-institucional\/secretaria-geral\/subsecretario-de-cooperacao-assistencia-tecnica-e-apoio-aos-pmders\/departamento-de-cooperacao-e-formacao\/\" \/>\n<meta property=\"og:site_name\" content=\"ALADI\" \/>\n<meta property=\"article:publisher\" content=\"https:\/\/es-la.facebook.com\/people\/ALADI\/100064606213084\/\" \/>\n<meta property=\"article:modified_time\" content=\"2025-10-02T19:10:58+00:00\" \/>\n<meta name=\"twitter:card\" content=\"summary_large_image\" \/>\n<meta name=\"twitter:site\" content=\"@ALADI_SG\" \/>\n<meta name=\"twitter:label1\" content=\"Est. reading time\" \/>\n\t<meta name=\"twitter:data1\" content=\"1 minute\" \/>\n<script type=\"application\/ld+json\" class=\"yoast-schema-graph\">{\"@context\":\"https:\/\/schema.org\",\"@graph\":[{\"@type\":\"WebPage\",\"@id\":\"https:\/\/www.aladi.org\/pt\/organizacao-institucional\/secretaria-geral\/subsecretario-de-cooperacao-assistencia-tecnica-e-apoio-aos-pmders\/departamento-de-cooperacao-e-formacao\/\",\"url\":\"https:\/\/www.aladi.org\/pt\/organizacao-institucional\/secretaria-geral\/subsecretario-de-cooperacao-assistencia-tecnica-e-apoio-aos-pmders\/departamento-de-cooperacao-e-formacao\/\",\"name\":\"Departamento de Cooperaci\u00f3n y Formaci\u00f3n - ALADI\",\"isPartOf\":{\"@id\":\"https:\/\/www.aladi.org\/#website\"},\"datePublished\":\"2024-04-15T18:45:53+00:00\",\"dateModified\":\"2025-10-02T19:10:58+00:00\",\"breadcrumb\":{\"@id\":\"https:\/\/www.aladi.org\/pt\/organizacao-institucional\/secretaria-geral\/subsecretario-de-cooperacao-assistencia-tecnica-e-apoio-aos-pmders\/departamento-de-cooperacao-e-formacao\/#breadcrumb\"},\"inLanguage\":\"pt-BR\",\"potentialAction\":[{\"@type\":\"ReadAction\",\"target\":[\"https:\/\/www.aladi.org\/pt\/organizacao-institucional\/secretaria-geral\/subsecretario-de-cooperacao-assistencia-tecnica-e-apoio-aos-pmders\/departamento-de-cooperacao-e-formacao\/\"]}]},{\"@type\":\"BreadcrumbList\",\"@id\":\"https:\/\/www.aladi.org\/pt\/organizacao-institucional\/secretaria-geral\/subsecretario-de-cooperacao-assistencia-tecnica-e-apoio-aos-pmders\/departamento-de-cooperacao-e-formacao\/#breadcrumb\",\"itemListElement\":[{\"@type\":\"ListItem\",\"position\":1,\"name\":\"Home\",\"item\":\"https:\/\/www.aladi.org\/\"},{\"@type\":\"ListItem\",\"position\":2,\"name\":\"Organiza\u00e7\u00e3o Institucional\",\"item\":\"https:\/\/www.aladi.org\/organizacion-institucional\/\"},{\"@type\":\"ListItem\",\"position\":3,\"name\":\"Secretaria-Geral\",\"item\":\"https:\/\/www.aladi.org\/organizacion-institucional\/secretaria-general\/\"},{\"@type\":\"ListItem\",\"position\":4,\"name\":\"Subsecret\u00e1rio de Coopera\u00e7\u00e3o, Assist\u00eancia T\u00e9cnica e Apoio aos PMDERs\",\"item\":\"https:\/\/www.aladi.org\/organizacion-institucional\/secretaria-general\/subsecretario-de-cooperacion-asistencia-tecnica-y-apoyo-a-los-pmder\/\"},{\"@type\":\"ListItem\",\"position\":5,\"name\":\"Departamento de Coopera\u00e7\u00e3o e Forma\u00e7\u00e3o\"}]},{\"@type\":\"WebSite\",\"@id\":\"https:\/\/www.aladi.org\/pt\/#website\",\"url\":\"https:\/\/www.aladi.org\/pt\/\",\"name\":\"ALADI\",\"description\":\"Asociaci\u00f3n Latinoamericana de Integraci\u00f3n\",\"publisher\":{\"@id\":\"https:\/\/www.aladi.org\/pt\/#organization\"},\"potentialAction\":[{\"@type\":\"SearchAction\",\"target\":{\"@type\":\"EntryPoint\",\"urlTemplate\":\"https:\/\/www.aladi.org\/pt\/?s={search_term_string}\"},\"query-input\":{\"@type\":\"PropertyValueSpecification\",\"valueRequired\":true,\"valueName\":\"search_term_string\"}}],\"inLanguage\":\"pt-BR\"},{\"@type\":\"Organization\",\"@id\":\"https:\/\/www.aladi.org\/pt\/#organization\",\"name\":\"ALADI\",\"url\":\"https:\/\/www.aladi.org\/pt\/\",\"logo\":{\"@type\":\"ImageObject\",\"inLanguage\":\"pt-BR\",\"@id\":\"https:\/\/www.aladi.org\/pt\/#\/schema\/logo\/image\/\",\"url\":\"https:\/\/www.aladi.org\/wp-content\/uploads\/2025\/12\/Logo-ALADI.png\",\"contentUrl\":\"https:\/\/www.aladi.org\/wp-content\/uploads\/2025\/12\/Logo-ALADI.png\",\"width\":375,\"height\":235,\"caption\":\"ALADI\"},\"image\":{\"@id\":\"https:\/\/www.aladi.org\/pt\/#\/schema\/logo\/image\/\"},\"sameAs\":[\"https:\/\/es-la.facebook.com\/people\/ALADI\/100064606213084\/\",\"https:\/\/x.com\/ALADI_SG\",\"https:\/\/www.instagram.com\/aladi_sg\/?hl=es\",\"https:\/\/www.linkedin.com\/company\/aladi\/\",\"https:\/\/www.flickr.com\/photos\/aladi\/\",\"https:\/\/www.youtube.com\/channel\/UCrkJWOWHKF6igQmWE8Clnpg\"]}]}<\/script>\n<!-- \/ Yoast SEO plugin. -->","yoast_head_json":{"title":"Departamento de Coopera\u00e7\u00e3o e Forma\u00e7\u00e3o","robots":{"index":"index","follow":"follow","max-snippet":"max-snippet:-1","max-image-preview":"max-image-preview:large","max-video-preview":"max-video-preview:-1"},"og_locale":"pt_BR","og_type":"article","og_title":"Departamento de Coopera\u00e7\u00e3o e Forma\u00e7\u00e3o","og_url":"https:\/\/www.aladi.org\/pt\/organizacao-institucional\/secretaria-geral\/subsecretario-de-cooperacao-assistencia-tecnica-e-apoio-aos-pmders\/departamento-de-cooperacao-e-formacao\/","og_site_name":"ALADI","article_publisher":"https:\/\/es-la.facebook.com\/people\/ALADI\/100064606213084\/","article_modified_time":"2025-10-02T19:10:58+00:00","twitter_card":"summary_large_image","twitter_site":"@ALADI_SG","twitter_misc":{"Est. reading time":"1 minute"},"schema":{"@context":"https:\/\/schema.org","@graph":[{"@type":"WebPage","@id":"https:\/\/www.aladi.org\/pt\/organizacao-institucional\/secretaria-geral\/subsecretario-de-cooperacao-assistencia-tecnica-e-apoio-aos-pmders\/departamento-de-cooperacao-e-formacao\/","url":"https:\/\/www.aladi.org\/pt\/organizacao-institucional\/secretaria-geral\/subsecretario-de-cooperacao-assistencia-tecnica-e-apoio-aos-pmders\/departamento-de-cooperacao-e-formacao\/","name":"Departamento de Cooperaci\u00f3n y Formaci\u00f3n - ALADI","isPartOf":{"@id":"https:\/\/www.aladi.org\/#website"},"datePublished":"2024-04-15T18:45:53+00:00","dateModified":"2025-10-02T19:10:58+00:00","breadcrumb":{"@id":"https:\/\/www.aladi.org\/pt\/organizacao-institucional\/secretaria-geral\/subsecretario-de-cooperacao-assistencia-tecnica-e-apoio-aos-pmders\/departamento-de-cooperacao-e-formacao\/#breadcrumb"},"inLanguage":"pt-BR","potentialAction":[{"@type":"ReadAction","target":["https:\/\/www.aladi.org\/pt\/organizacao-institucional\/secretaria-geral\/subsecretario-de-cooperacao-assistencia-tecnica-e-apoio-aos-pmders\/departamento-de-cooperacao-e-formacao\/"]}]},{"@type":"BreadcrumbList","@id":"https:\/\/www.aladi.org\/pt\/organizacao-institucional\/secretaria-geral\/subsecretario-de-cooperacao-assistencia-tecnica-e-apoio-aos-pmders\/departamento-de-cooperacao-e-formacao\/#breadcrumb","itemListElement":[{"@type":"ListItem","position":1,"name":"Home","item":"https:\/\/www.aladi.org\/"},{"@type":"ListItem","position":2,"name":"Organiza\u00e7\u00e3o Institucional","item":"https:\/\/www.aladi.org\/organizacion-institucional\/"},{"@type":"ListItem","position":3,"name":"Secretaria-Geral","item":"https:\/\/www.aladi.org\/organizacion-institucional\/secretaria-general\/"},{"@type":"ListItem","position":4,"name":"Subsecret\u00e1rio de Coopera\u00e7\u00e3o, Assist\u00eancia T\u00e9cnica e Apoio aos PMDERs","item":"https:\/\/www.aladi.org\/organizacion-institucional\/secretaria-general\/subsecretario-de-cooperacion-asistencia-tecnica-y-apoyo-a-los-pmder\/"},{"@type":"ListItem","position":5,"name":"Departamento de Coopera\u00e7\u00e3o e Forma\u00e7\u00e3o"}]},{"@type":"WebSite","@id":"https:\/\/www.aladi.org\/pt\/#website","url":"https:\/\/www.aladi.org\/pt\/","name":"ALADI","description":"Asociaci\u00f3n Latinoamericana de Integraci\u00f3n","publisher":{"@id":"https:\/\/www.aladi.org\/pt\/#organization"},"potentialAction":[{"@type":"SearchAction","target":{"@type":"EntryPoint","urlTemplate":"https:\/\/www.aladi.org\/pt\/?s={search_term_string}"},"query-input":{"@type":"PropertyValueSpecification","valueRequired":true,"valueName":"search_term_string"}}],"inLanguage":"pt-BR"},{"@type":"Organization","@id":"https:\/\/www.aladi.org\/pt\/#organization","name":"ALADI","url":"https:\/\/www.aladi.org\/pt\/","logo":{"@type":"ImageObject","inLanguage":"pt-BR","@id":"https:\/\/www.aladi.org\/pt\/#\/schema\/logo\/image\/","url":"https:\/\/www.aladi.org\/wp-content\/uploads\/2025\/12\/Logo-ALADI.png","contentUrl":"https:\/\/www.aladi.org\/wp-content\/uploads\/2025\/12\/Logo-ALADI.png","width":375,"height":235,"caption":"ALADI"},"image":{"@id":"https:\/\/www.aladi.org\/pt\/#\/schema\/logo\/image\/"},"sameAs":["https:\/\/es-la.facebook.com\/people\/ALADI\/100064606213084\/","https:\/\/x.com\/ALADI_SG","https:\/\/www.instagram.com\/aladi_sg\/?hl=es","https:\/\/www.linkedin.com\/company\/aladi\/","https:\/\/www.flickr.com\/photos\/aladi\/","https:\/\/www.youtube.com\/channel\/UCrkJWOWHKF6igQmWE8Clnpg"]}]}},"jetpack_sharing_enabled":true,"_links":{"self":[{"href":"https:\/\/www.aladi.org\/pt\/wp-json\/wp\/v2\/pages\/3789","targetHints":{"allow":["GET"]}}],"collection":[{"href":"https:\/\/www.aladi.org\/pt\/wp-json\/wp\/v2\/pages"}],"about":[{"href":"https:\/\/www.aladi.org\/pt\/wp-json\/wp\/v2\/types\/page"}],"author":[{"embeddable":true,"href":"https:\/\/www.aladi.org\/pt\/wp-json\/wp\/v2\/users\/2"}],"replies":[{"embeddable":true,"href":"https:\/\/www.aladi.org\/pt\/wp-json\/wp\/v2\/comments?post=3789"}],"version-history":[{"count":10,"href":"https:\/\/www.aladi.org\/pt\/wp-json\/wp\/v2\/pages\/3789\/revisions"}],"predecessor-version":[{"id":9086,"href":"https:\/\/www.aladi.org\/pt\/wp-json\/wp\/v2\/pages\/3789\/revisions\/9086"}],"up":[{"embeddable":true,"href":"https:\/\/www.aladi.org\/pt\/wp-json\/wp\/v2\/pages\/3738"}],"wp:attachment":[{"href":"https:\/\/www.aladi.org\/pt\/wp-json\/wp\/v2\/media?parent=3789"}],"curies":[{"name":"wp","href":"https:\/\/api.w.org\/{rel}","templated":true}]}}