{"id":3784,"date":"2024-04-15T18:28:19","date_gmt":"2024-04-15T18:28:19","guid":{"rendered":"https:\/\/sitio.aladi.org\/?page_id=3784"},"modified":"2025-08-08T15:43:51","modified_gmt":"2025-08-08T15:43:51","slug":"departamento-de-promocion-del-comercio-y-desarrollo-de-la-competitividad","status":"publish","type":"page","link":"https:\/\/www.aladi.org\/pt\/organizacao-institucional\/secretaria-geral\/subsecretario-de-cooperacao-assistencia-tecnica-e-apoio-aos-pmders\/departamento-de-promocao-do-comercio-e-desenvolvimento-da-competitividade\/","title":{"rendered":"Departamento de Promo\u00e7\u00e3o do Com\u00e9rcio e Desenvolvimento da Competitividade"},"content":{"rendered":"<div>Subsecretar\u00eda de Cooperaci\u00f3n, Asistencia T\u00e9cnica y Apoyo a los PMDER<\/div>\n<h1><strong>Departamento de Promoci\u00f3n del Comercio y Desarrollo de la Competitividad<\/strong><\/h1>\n<h1>Funciones del Departamento:<\/h1>\n<div>\n<p>1. Promover acciones para incentivar la internacionalizaci\u00f3n de las MIPYMES.\u00a0<\/p>\n<p>2. Elaborar informes, estudios y propuestas orientadas a fomentar el comercio intrarregional\u00a0<\/p>\n<p>3. Propiciar acciones de promoci\u00f3n comercial para un mayor aprovechamiento de la red de acuerdos y herramientas ALADI.\u00a0<\/p>\n<p>4. Fomentar la participaci\u00f3n del sector empresarial y laboral en el proceso de integraci\u00f3n a trav\u00e9s del Consejo Asesor Empresarial en sus tres etapas y el Consejo Asesor Laboral.\u00a0<\/p>\n<p>5. Brindar apoyo t\u00e9cnico, administrativo y de coordinaci\u00f3n a los \u00d3rganos del Convenio de Pagos y Cr\u00e9ditos Rec\u00edprocos de la ALADI y realizar el seguimiento de otros mecanismos de cooperaci\u00f3n financiera y monetaria.\u00a0<\/p>\n<p>6. Apoyo t\u00e9cnico a los Grupos de Trabajo relacionados con las actividades del Departamento.<\/p>\n<p>7. Otras funciones espec\u00edficas que le sean asignadas por el Secretario General.\u00a0<\/p>\n<\/div>\n<p><!--more--><br \/>\n<!-- {\"type\":\"layout\",\"children\":[{\"type\":\"section\",\"props\":{\"image_loading\":true,\"image_position\":\"top-center\",\"media_visibility\":\"m\",\"padding\":\"xsmall\",\"padding_remove_horizontal\":false,\"padding_remove_top\":false,\"style\":\"default\",\"title_breakpoint\":\"xl\",\"title_position\":\"top-left\",\"title_rotation\":\"left\",\"vertical_align\":\"\",\"width\":\"xlarge\"},\"children\":[{\"type\":\"row\",\"props\":{\"width\":\"xlarge\"},\"children\":[{\"type\":\"column\",\"props\":{\"image_position\":\"center-center\",\"position_sticky_breakpoint\":\"m\"},\"children\":[{\"type\":\"breadcrumbs\",\"props\":{\"margin\":\"remove-vertical\",\"margin_remove_top\":true,\"show_current\":true,\"show_home\":true}}]}]},{\"type\":\"row\",\"props\":{\"margin_remove_bottom\":false,\"width\":\"xlarge\"},\"children\":[{\"type\":\"column\",\"props\":{\"image_position\":\"center-center\",\"image_size\":\"cover\",\"padding\":\"none\",\"position_sticky_breakpoint\":\"m\",\"vertical_align\":\"middle\"},\"children\":[{\"type\":\"headline\",\"props\":{\"content\":\"Subsecretar\\u00eda de Cooperaci\\u00f3n, Asistencia T\\u00e9cnica y Apoyo a los PMDER\",\"content_pt_br\":\"Subsecretaria de Coopera\\u00e7\\u00e3o, Assist\\u00eancia T\\u00e9cnica e Apoio a los PMDERs\",\"link_style\":false,\"title_color\":\"primary\",\"title_element\":\"div\",\"title_style\":\"h6\"}},{\"type\":\"headline\",\"props\":{\"content\":\"<strong>Departamento de Promoci\\u00f3n del Comercio y Desarrollo de la Competitividad<\\\/strong>\",\"content_pt_br\":\"<strong>Departamento de Promo\\u00e7\\u00e3o do Com\\u00e9rcio e Desenvolvimento da Competitividade<\\\/strong>\",\"margin\":\"medium\",\"margin_remove_bottom\":false,\"margin_remove_top\":false,\"maxwidth\":\"xlarge\",\"text_align\":\"left\",\"text_align_fallback\":\"center\",\"title_color\":\"secondary\",\"title_element\":\"h1\",\"title_style\":\"h1\"}}]}]}],\"name\":\"T\\u00edtulos\"},{\"type\":\"section\",\"props\":{\"image_position\":\"center-center\",\"padding_remove_top\":true,\"style\":\"default\",\"title_breakpoint\":\"xl\",\"title_position\":\"top-left\",\"title_rotation\":\"left\",\"vertical_align\":\"\",\"width\":\"default\"},\"children\":[{\"type\":\"row\",\"props\":{\"layout\":\"1-4,3-4\"},\"children\":[{\"type\":\"column\",\"props\":{\"image_position\":\"center-center\",\"position_sticky_breakpoint\":\"m\",\"width_medium\":\"1-4\"},\"children\":[{\"type\":\"image\",\"props\":{\"image\":\"\",\"image_pt_br\":\"wp-content\\\/uploads\\\/2024\\\/04\\\/Llosa_DPCDC.jpg\",\"image_svg_color\":\"emphasis\",\"margin\":\"default\"}}]},{\"type\":\"column\",\"props\":{\"image_position\":\"center-center\",\"position_sticky_breakpoint\":\"m\",\"width_medium\":\"3-4\"},\"children\":[{\"type\":\"text\",\"props\":{\"column_breakpoint\":\"m\",\"content\":\"\",\"margin\":\"default\"}}]}]}]},{\"type\":\"section\",\"props\":{\"image_position\":\"center-center\",\"padding_remove_top\":true,\"style\":\"default\",\"title_breakpoint\":\"xl\",\"title_position\":\"top-left\",\"title_rotation\":\"left\",\"vertical_align\":\"\",\"width\":\"default\"},\"children\":[{\"type\":\"row\",\"children\":[{\"type\":\"column\",\"props\":{\"image_position\":\"center-center\",\"position_sticky_breakpoint\":\"m\"},\"children\":[{\"type\":\"headline\",\"props\":{\"content\":\"Funciones del Departamento:\",\"content_pt_br\":\"Fun\\u00e7\\u00f5es do Departamento:\",\"margin_remove_top\":false,\"title_color\":\"secondary\",\"title_decoration\":\"bullet\",\"title_element\":\"h1\",\"title_style\":\"h4\"}},{\"type\":\"text\",\"props\":{\"column_breakpoint\":\"m\",\"content\":\"\n\n<p>1. Promover acciones para incentivar la internacionalizaci\\u00f3n de las MIPYMES.\\u00a0<\\\/p>\\n\n\n<p>2. Elaborar informes, estudios y propuestas orientadas a fomentar el comercio intrarregional\\u00a0<\\\/p>\\n\n\n<p>3. Propiciar acciones de promoci\\u00f3n comercial para un mayor aprovechamiento de la red de acuerdos y herramientas ALADI.\\u00a0<\\\/p>\\n\n\n<p>4. Fomentar la participaci\\u00f3n del sector empresarial y laboral en el proceso de integraci\\u00f3n a trav\\u00e9s del Consejo Asesor Empresarial en sus tres etapas y el Consejo Asesor Laboral.\\u00a0<\\\/p>\\n\n\n<p>5. Brindar apoyo t\\u00e9cnico, administrativo y de coordinaci\\u00f3n a los \\u00d3rganos del Convenio de Pagos y Cr\\u00e9ditos Rec\\u00edprocos de la ALADI y realizar el seguimiento de otros mecanismos de cooperaci\\u00f3n financiera y monetaria.\\u00a0<\\\/p>\\n\n\n<p>6. Apoyo t\\u00e9cnico a los Grupos de Trabajo relacionados con las actividades del Departamento.<\\\/p>\\n\n\n<p>7. Otras funciones espec\\u00edficas que le sean asignadas por el Secretario General.\\u00a0<\\\/p>\",\"content_pt_br\":\"\n\n<p>1. Promover a\\u00e7\\u00f5es para incentivar a internacionaliza\\u00e7\\u00e3o das MPMEs.<\\\/p>\\n\n\n<p>2. Elaborar relat\\u00f3rios, estudos e propostas voltadas para o fomento do com\\u00e9rcio intrarregional.<\\\/p>\\n\n\n<p>3. Propiciar a\\u00e7\\u00f5es de promo\\u00e7\\u00e3o comercial para um maior aproveitamento da rede de acordos e de ferramentas ALADI.<\\\/p>\\n\n\n<p>4. Fomentar a participa\\u00e7\\u00e3o do setor empresarial e trabalhista no processo de integra\\u00e7\\u00e3o atrav\\u00e9s do Conselho Assessor Empresarial em suas tr\\u00eas etapas e do Conselho Assessor Trabalhista.<\\\/p>\\n\n\n<p>5. Prestar apoio t\\u00e9cnico, administrativo e de coordena\\u00e7\\u00e3o aos \\u00f3rg\\u00e3os do Conv\\u00eanio de Pagamentos e Cr\\u00e9ditos Rec\\u00edprocos da ALADI e acompanhar outros mecanismos de coopera\\u00e7\\u00e3o financeira e monet\\u00e1ria.<\\\/p>\\n\n\n<p>6. Prestar apoio t\\u00e9cnico aos Grupos de Trabalho relacionados com as atividades do Departamento.<\\\/p>\\n\n\n<p>7. Outras fun\\u00e7\\u00f5es espec\\u00edficas determinadas pelo Secret\\u00e1rio-Geral.<\\\/p>\",\"margin\":\"default\"}}]}]}]}],\"version\":\"4.4.12\"} --><\/p>\n","protected":false},"excerpt":{"rendered":"<p>Subsecretar\u00eda de Cooperaci\u00f3n, Asistencia T\u00e9cnica y Apoyo a los PMDER Departamento de Promoci\u00f3n del Comercio y Desarrollo de la Competitividad Funciones del Departamento: 1. Promover acciones para incentivar la internacionalizaci\u00f3n de las MIPYMES.\u00a0 2. Elaborar informes, estudios y propuestas orientadas a fomentar el comercio intrarregional\u00a0 3. Propiciar acciones de promoci\u00f3n comercial para un mayor aprovechamiento [&hellip;]<\/p>\n","protected":false},"author":2,"featured_media":0,"parent":3738,"menu_order":0,"comment_status":"closed","ping_status":"closed","template":"","meta":{"_acf_changed":false,"footnotes":""},"class_list":["post-3784","page","type-page","status-publish","hentry"],"acf":[],"yoast_head":"<!-- This site is optimized with the Yoast SEO plugin v26.5 - https:\/\/yoast.com\/wordpress\/plugins\/seo\/ -->\n<title>Departamento de Promo\u00e7\u00e3o do Com\u00e9rcio e Desenvolvimento da Competitividade<\/title>\n<meta name=\"robots\" content=\"index, follow, max-snippet:-1, max-image-preview:large, max-video-preview:-1\" \/>\n<meta property=\"og:locale\" content=\"pt_BR\" \/>\n<meta property=\"og:type\" content=\"article\" \/>\n<meta property=\"og:title\" content=\"Departamento de Promo\u00e7\u00e3o do Com\u00e9rcio e Desenvolvimento da Competitividade\" \/>\n<meta property=\"og:url\" content=\"https:\/\/www.aladi.org\/pt\/organizacao-institucional\/secretaria-geral\/subsecretario-de-cooperacao-assistencia-tecnica-e-apoio-aos-pmders\/departamento-de-promocao-do-comercio-e-desenvolvimento-da-competitividade\/\" \/>\n<meta property=\"og:site_name\" content=\"ALADI\" \/>\n<meta property=\"article:publisher\" content=\"https:\/\/es-la.facebook.com\/people\/ALADI\/100064606213084\/\" \/>\n<meta property=\"article:modified_time\" content=\"2025-08-08T15:43:51+00:00\" \/>\n<meta name=\"twitter:card\" content=\"summary_large_image\" \/>\n<meta name=\"twitter:site\" content=\"@ALADI_SG\" \/>\n<meta name=\"twitter:label1\" content=\"Est. reading time\" \/>\n\t<meta name=\"twitter:data1\" content=\"1 minute\" \/>\n<script type=\"application\/ld+json\" class=\"yoast-schema-graph\">{\"@context\":\"https:\/\/schema.org\",\"@graph\":[{\"@type\":\"WebPage\",\"@id\":\"https:\/\/www.aladi.org\/pt\/organizacao-institucional\/secretaria-geral\/subsecretario-de-cooperacao-assistencia-tecnica-e-apoio-aos-pmders\/departamento-de-promocao-do-comercio-e-desenvolvimento-da-competitividade\/\",\"url\":\"https:\/\/www.aladi.org\/pt\/organizacao-institucional\/secretaria-geral\/subsecretario-de-cooperacao-assistencia-tecnica-e-apoio-aos-pmders\/departamento-de-promocao-do-comercio-e-desenvolvimento-da-competitividade\/\",\"name\":\"Departamento de Promoci\u00f3n del Comercio y Desarrollo de la Competitividad - ALADI\",\"isPartOf\":{\"@id\":\"https:\/\/www.aladi.org\/#website\"},\"datePublished\":\"2024-04-15T18:28:19+00:00\",\"dateModified\":\"2025-08-08T15:43:51+00:00\",\"breadcrumb\":{\"@id\":\"https:\/\/www.aladi.org\/pt\/organizacao-institucional\/secretaria-geral\/subsecretario-de-cooperacao-assistencia-tecnica-e-apoio-aos-pmders\/departamento-de-promocao-do-comercio-e-desenvolvimento-da-competitividade\/#breadcrumb\"},\"inLanguage\":\"pt-BR\",\"potentialAction\":[{\"@type\":\"ReadAction\",\"target\":[\"https:\/\/www.aladi.org\/pt\/organizacao-institucional\/secretaria-geral\/subsecretario-de-cooperacao-assistencia-tecnica-e-apoio-aos-pmders\/departamento-de-promocao-do-comercio-e-desenvolvimento-da-competitividade\/\"]}]},{\"@type\":\"BreadcrumbList\",\"@id\":\"https:\/\/www.aladi.org\/pt\/organizacao-institucional\/secretaria-geral\/subsecretario-de-cooperacao-assistencia-tecnica-e-apoio-aos-pmders\/departamento-de-promocao-do-comercio-e-desenvolvimento-da-competitividade\/#breadcrumb\",\"itemListElement\":[{\"@type\":\"ListItem\",\"position\":1,\"name\":\"Home\",\"item\":\"https:\/\/www.aladi.org\/\"},{\"@type\":\"ListItem\",\"position\":2,\"name\":\"Organiza\u00e7\u00e3o Institucional\",\"item\":\"https:\/\/www.aladi.org\/organizacion-institucional\/\"},{\"@type\":\"ListItem\",\"position\":3,\"name\":\"Secretaria-Geral\",\"item\":\"https:\/\/www.aladi.org\/organizacion-institucional\/secretaria-general\/\"},{\"@type\":\"ListItem\",\"position\":4,\"name\":\"Subsecret\u00e1rio de Coopera\u00e7\u00e3o, Assist\u00eancia T\u00e9cnica e Apoio aos PMDERs\",\"item\":\"https:\/\/www.aladi.org\/organizacion-institucional\/secretaria-general\/subsecretario-de-cooperacion-asistencia-tecnica-y-apoyo-a-los-pmder\/\"},{\"@type\":\"ListItem\",\"position\":5,\"name\":\"Departamento de Promo\u00e7\u00e3o do Com\u00e9rcio e Desenvolvimento da Competitividade\"}]},{\"@type\":\"WebSite\",\"@id\":\"https:\/\/www.aladi.org\/pt\/#website\",\"url\":\"https:\/\/www.aladi.org\/pt\/\",\"name\":\"ALADI\",\"description\":\"Asociaci\u00f3n Latinoamericana de Integraci\u00f3n\",\"publisher\":{\"@id\":\"https:\/\/www.aladi.org\/pt\/#organization\"},\"potentialAction\":[{\"@type\":\"SearchAction\",\"target\":{\"@type\":\"EntryPoint\",\"urlTemplate\":\"https:\/\/www.aladi.org\/pt\/?s={search_term_string}\"},\"query-input\":{\"@type\":\"PropertyValueSpecification\",\"valueRequired\":true,\"valueName\":\"search_term_string\"}}],\"inLanguage\":\"pt-BR\"},{\"@type\":\"Organization\",\"@id\":\"https:\/\/www.aladi.org\/pt\/#organization\",\"name\":\"ALADI\",\"url\":\"https:\/\/www.aladi.org\/pt\/\",\"logo\":{\"@type\":\"ImageObject\",\"inLanguage\":\"pt-BR\",\"@id\":\"https:\/\/www.aladi.org\/pt\/#\/schema\/logo\/image\/\",\"url\":\"https:\/\/www.aladi.org\/wp-content\/uploads\/2025\/12\/Logo-ALADI.png\",\"contentUrl\":\"https:\/\/www.aladi.org\/wp-content\/uploads\/2025\/12\/Logo-ALADI.png\",\"width\":375,\"height\":235,\"caption\":\"ALADI\"},\"image\":{\"@id\":\"https:\/\/www.aladi.org\/pt\/#\/schema\/logo\/image\/\"},\"sameAs\":[\"https:\/\/es-la.facebook.com\/people\/ALADI\/100064606213084\/\",\"https:\/\/x.com\/ALADI_SG\",\"https:\/\/www.instagram.com\/aladi_sg\/?hl=es\",\"https:\/\/www.linkedin.com\/company\/aladi\/\",\"https:\/\/www.flickr.com\/photos\/aladi\/\",\"https:\/\/www.youtube.com\/channel\/UCrkJWOWHKF6igQmWE8Clnpg\"]}]}<\/script>\n<!-- \/ Yoast SEO plugin. -->","yoast_head_json":{"title":"Departamento de Promo\u00e7\u00e3o do Com\u00e9rcio e Desenvolvimento da Competitividade","robots":{"index":"index","follow":"follow","max-snippet":"max-snippet:-1","max-image-preview":"max-image-preview:large","max-video-preview":"max-video-preview:-1"},"og_locale":"pt_BR","og_type":"article","og_title":"Departamento de Promo\u00e7\u00e3o do Com\u00e9rcio e Desenvolvimento da Competitividade","og_url":"https:\/\/www.aladi.org\/pt\/organizacao-institucional\/secretaria-geral\/subsecretario-de-cooperacao-assistencia-tecnica-e-apoio-aos-pmders\/departamento-de-promocao-do-comercio-e-desenvolvimento-da-competitividade\/","og_site_name":"ALADI","article_publisher":"https:\/\/es-la.facebook.com\/people\/ALADI\/100064606213084\/","article_modified_time":"2025-08-08T15:43:51+00:00","twitter_card":"summary_large_image","twitter_site":"@ALADI_SG","twitter_misc":{"Est. reading time":"1 minute"},"schema":{"@context":"https:\/\/schema.org","@graph":[{"@type":"WebPage","@id":"https:\/\/www.aladi.org\/pt\/organizacao-institucional\/secretaria-geral\/subsecretario-de-cooperacao-assistencia-tecnica-e-apoio-aos-pmders\/departamento-de-promocao-do-comercio-e-desenvolvimento-da-competitividade\/","url":"https:\/\/www.aladi.org\/pt\/organizacao-institucional\/secretaria-geral\/subsecretario-de-cooperacao-assistencia-tecnica-e-apoio-aos-pmders\/departamento-de-promocao-do-comercio-e-desenvolvimento-da-competitividade\/","name":"Departamento de Promoci\u00f3n del Comercio y Desarrollo de la Competitividad - ALADI","isPartOf":{"@id":"https:\/\/www.aladi.org\/#website"},"datePublished":"2024-04-15T18:28:19+00:00","dateModified":"2025-08-08T15:43:51+00:00","breadcrumb":{"@id":"https:\/\/www.aladi.org\/pt\/organizacao-institucional\/secretaria-geral\/subsecretario-de-cooperacao-assistencia-tecnica-e-apoio-aos-pmders\/departamento-de-promocao-do-comercio-e-desenvolvimento-da-competitividade\/#breadcrumb"},"inLanguage":"pt-BR","potentialAction":[{"@type":"ReadAction","target":["https:\/\/www.aladi.org\/pt\/organizacao-institucional\/secretaria-geral\/subsecretario-de-cooperacao-assistencia-tecnica-e-apoio-aos-pmders\/departamento-de-promocao-do-comercio-e-desenvolvimento-da-competitividade\/"]}]},{"@type":"BreadcrumbList","@id":"https:\/\/www.aladi.org\/pt\/organizacao-institucional\/secretaria-geral\/subsecretario-de-cooperacao-assistencia-tecnica-e-apoio-aos-pmders\/departamento-de-promocao-do-comercio-e-desenvolvimento-da-competitividade\/#breadcrumb","itemListElement":[{"@type":"ListItem","position":1,"name":"Home","item":"https:\/\/www.aladi.org\/"},{"@type":"ListItem","position":2,"name":"Organiza\u00e7\u00e3o Institucional","item":"https:\/\/www.aladi.org\/organizacion-institucional\/"},{"@type":"ListItem","position":3,"name":"Secretaria-Geral","item":"https:\/\/www.aladi.org\/organizacion-institucional\/secretaria-general\/"},{"@type":"ListItem","position":4,"name":"Subsecret\u00e1rio de Coopera\u00e7\u00e3o, Assist\u00eancia T\u00e9cnica e Apoio aos PMDERs","item":"https:\/\/www.aladi.org\/organizacion-institucional\/secretaria-general\/subsecretario-de-cooperacion-asistencia-tecnica-y-apoyo-a-los-pmder\/"},{"@type":"ListItem","position":5,"name":"Departamento de Promo\u00e7\u00e3o do Com\u00e9rcio e Desenvolvimento da Competitividade"}]},{"@type":"WebSite","@id":"https:\/\/www.aladi.org\/pt\/#website","url":"https:\/\/www.aladi.org\/pt\/","name":"ALADI","description":"Asociaci\u00f3n Latinoamericana de Integraci\u00f3n","publisher":{"@id":"https:\/\/www.aladi.org\/pt\/#organization"},"potentialAction":[{"@type":"SearchAction","target":{"@type":"EntryPoint","urlTemplate":"https:\/\/www.aladi.org\/pt\/?s={search_term_string}"},"query-input":{"@type":"PropertyValueSpecification","valueRequired":true,"valueName":"search_term_string"}}],"inLanguage":"pt-BR"},{"@type":"Organization","@id":"https:\/\/www.aladi.org\/pt\/#organization","name":"ALADI","url":"https:\/\/www.aladi.org\/pt\/","logo":{"@type":"ImageObject","inLanguage":"pt-BR","@id":"https:\/\/www.aladi.org\/pt\/#\/schema\/logo\/image\/","url":"https:\/\/www.aladi.org\/wp-content\/uploads\/2025\/12\/Logo-ALADI.png","contentUrl":"https:\/\/www.aladi.org\/wp-content\/uploads\/2025\/12\/Logo-ALADI.png","width":375,"height":235,"caption":"ALADI"},"image":{"@id":"https:\/\/www.aladi.org\/pt\/#\/schema\/logo\/image\/"},"sameAs":["https:\/\/es-la.facebook.com\/people\/ALADI\/100064606213084\/","https:\/\/x.com\/ALADI_SG","https:\/\/www.instagram.com\/aladi_sg\/?hl=es","https:\/\/www.linkedin.com\/company\/aladi\/","https:\/\/www.flickr.com\/photos\/aladi\/","https:\/\/www.youtube.com\/channel\/UCrkJWOWHKF6igQmWE8Clnpg"]}]}},"jetpack_sharing_enabled":true,"_links":{"self":[{"href":"https:\/\/www.aladi.org\/pt\/wp-json\/wp\/v2\/pages\/3784","targetHints":{"allow":["GET"]}}],"collection":[{"href":"https:\/\/www.aladi.org\/pt\/wp-json\/wp\/v2\/pages"}],"about":[{"href":"https:\/\/www.aladi.org\/pt\/wp-json\/wp\/v2\/types\/page"}],"author":[{"embeddable":true,"href":"https:\/\/www.aladi.org\/pt\/wp-json\/wp\/v2\/users\/2"}],"replies":[{"embeddable":true,"href":"https:\/\/www.aladi.org\/pt\/wp-json\/wp\/v2\/comments?post=3784"}],"version-history":[{"count":11,"href":"https:\/\/www.aladi.org\/pt\/wp-json\/wp\/v2\/pages\/3784\/revisions"}],"predecessor-version":[{"id":6940,"href":"https:\/\/www.aladi.org\/pt\/wp-json\/wp\/v2\/pages\/3784\/revisions\/6940"}],"up":[{"embeddable":true,"href":"https:\/\/www.aladi.org\/pt\/wp-json\/wp\/v2\/pages\/3738"}],"wp:attachment":[{"href":"https:\/\/www.aladi.org\/pt\/wp-json\/wp\/v2\/media?parent=3784"}],"curies":[{"name":"wp","href":"https:\/\/api.w.org\/{rel}","templated":true}]}}