{"id":3771,"date":"2024-04-15T17:21:29","date_gmt":"2024-04-15T17:21:29","guid":{"rendered":"https:\/\/sitio.aladi.org\/?page_id=3771"},"modified":"2024-12-06T17:50:25","modified_gmt":"2024-12-06T17:50:25","slug":"departamento-de-informacion-y-estadisticas","status":"publish","type":"page","link":"https:\/\/www.aladi.org\/pt\/organizacao-institucional\/secretaria-geral\/subsecretario-de-desenvolvimento-do-espaco-de-livre-comercio\/departamento-de-informacao-e-estatisticas\/","title":{"rendered":"Departamento de Informa\u00e7\u00e3o e Estat\u00edsticas"},"content":{"rendered":"<div>Subsecretar\u00eda de Desarrollo del Espacio de Libre Comercio<\/div>\n<h1><strong>Departamento de Informaci\u00f3n y Estad\u00edstica<\/strong><\/h1>\n<p><img decoding=\"async\" src=\"\/wp-content\/uploads\/2024\/04\/GonzaloGoral_DIE.jpg\" alt=\"\"><\/p>\n<div>\n<h2>Gonzalo Goral<br \/>Jefe del Departamento de Informaci\u00f3n y Estad\u00edsticas<\/h2>\n<\/div>\n<div>\n<div>\n<p>Nacionalidad: argentina<\/p>\n<\/div>\n<\/div>\n<h1><span>Funciones del Departamento:<\/span><\/h1>\n<div>\n<p>1. Organizar, implementar y administrar las actividades de la Secretar\u00eda General en materia de requerimientos de informaci\u00f3n, sistemas de informaci\u00f3n, infraestructura inform\u00e1tica y de comunicaciones.<\/p>\n<p>2. Mantener, ampliar y perfeccionar las funciones y prestaciones del Sistema de Informaci\u00f3n de Comercio Exterior de la Asociaci\u00f3n, as\u00ed como contribuir al desarrollo e implementaci\u00f3n del Centro Regional de Informaci\u00f3n Comercial.\u00a0<\/p>\n<p>3. Compilar, verificar, sistematizar y almacenar los datos b\u00e1sicos que brindan el soporte a la informaci\u00f3n residente en los diferentes m\u00f3dulos del banco de datos del Sistema de Informaci\u00f3n de Comercio Exterior de la Asociaci\u00f3n.<\/p>\n<p>4. Realizar acciones tendientes al mejoramiento, ampliaci\u00f3n tem\u00e1tica y aseguramiento de la calidad, oportunidad y confiabilidad de la informaci\u00f3n residente en el banco de datos de la Asociaci\u00f3n.<\/p>\n<p>5. Organizar y coordinar la \u201cReuni\u00f3n T\u00e9cnica de Oficinas Gubernamentales Responsables del Suministro de la Informaci\u00f3n Estad\u00edstica de Comercio Exterior\u201d (RECOMEX).<\/p>\n<p>6. Desarrollar, mantener y perfeccionar la operatividad y las prestaciones del Sitio Web y la Intranet de la Asociaci\u00f3n, as\u00ed como de los dem\u00e1s productos de informaci\u00f3n disponibles en la Secretar\u00eda General.\u00a0<\/p>\n<p>7. Atender los requerimientos de soporte inform\u00e1tico de las diferentes \u00e1reas de la Secretar\u00eda General, as\u00ed como brindarle soporte t\u00e9cnico a las Representaciones con la conexi\u00f3n a los Terminal Server de la Secretaria General.<\/p>\n<p>8. Mantener permanente comunicaci\u00f3n y coordinaci\u00f3n con las oficinas gubernamentales de los pa\u00edses miembros y los organismos internacionales que administran la informaci\u00f3n estad\u00edstica de comercio exterior y los est\u00e1ndares internacionales que regulan los procedimientos de sistematizaci\u00f3n de la misma, con el prop\u00f3sito de generar acciones de cooperaci\u00f3n horizontal e interinstitucional en materia de intercambio rec\u00edproco de informaci\u00f3n y conocimientos.<\/p>\n<p>9. Atender la demanda de informaci\u00f3n de usuarios internos y externos, de acuerdo a la pol\u00edtica y prioridades establecidas por la Secretar\u00eda General.<\/p>\n<p>10. Apoyo t\u00e9cnico a los Grupos de Trabajo relacionados con las actividades del Departamento.<\/p>\n<p>11. Apoyar al seguimiento e implementaci\u00f3n de los mandatos de los \u00f3rganos pol\u00edticos de la Asociaci\u00f3n.<\/p>\n<p>12. Otras funciones espec\u00edficas que le sean asignadas por el Secretario General.<\/p>\n<\/div>\n<p><!--more--><br \/>\n<!-- {\"type\":\"layout\",\"children\":[{\"type\":\"section\",\"props\":{\"image_loading\":true,\"image_position\":\"top-center\",\"media_visibility\":\"m\",\"padding\":\"xsmall\",\"padding_remove_horizontal\":false,\"padding_remove_top\":false,\"style\":\"default\",\"title_breakpoint\":\"xl\",\"title_position\":\"top-left\",\"title_rotation\":\"left\",\"vertical_align\":\"\",\"width\":\"xlarge\"},\"children\":[{\"type\":\"row\",\"props\":{\"width\":\"xlarge\"},\"children\":[{\"type\":\"column\",\"props\":{\"image_position\":\"center-center\",\"position_sticky_breakpoint\":\"m\"},\"children\":[{\"type\":\"breadcrumbs\",\"props\":{\"margin\":\"remove-vertical\",\"margin_remove_top\":true,\"show_current\":true,\"show_home\":true}}]}]},{\"type\":\"row\",\"props\":{\"margin_remove_bottom\":false,\"width\":\"xlarge\"},\"children\":[{\"type\":\"column\",\"props\":{\"image_position\":\"center-center\",\"image_size\":\"cover\",\"padding\":\"none\",\"position_sticky_breakpoint\":\"m\",\"vertical_align\":\"middle\"},\"children\":[{\"type\":\"headline\",\"props\":{\"content\":\"Subsecretar\\u00eda de Desarrollo del Espacio de Libre Comercio\",\"content_pt_br\":\"Subsecretaria de Desenvolvimento do Espa\\u00e7o de Livre Com\\u00e9rcio\",\"link_style\":false,\"title_color\":\"primary\",\"title_element\":\"div\",\"title_style\":\"h6\"}},{\"type\":\"headline\",\"props\":{\"content\":\"<strong>Departamento de Informaci\\u00f3n y Estad\\u00edstica<\\\/strong>\",\"content_pt_br\":\"<strong>Departamento de Informa\\u00e7\\u00e3o e Estat\\u00edstica<\\\/strong>\",\"margin\":\"medium\",\"margin_remove_bottom\":false,\"margin_remove_top\":false,\"maxwidth\":\"xlarge\",\"text_align\":\"left\",\"text_align_fallback\":\"center\",\"title_color\":\"secondary\",\"title_element\":\"h1\",\"title_style\":\"h1\"}}]}]}],\"name\":\"T\\u00edtulos\"},{\"type\":\"section\",\"props\":{\"image_position\":\"center-center\",\"padding_remove_top\":true,\"style\":\"default\",\"title_breakpoint\":\"xl\",\"title_position\":\"top-left\",\"title_rotation\":\"left\",\"vertical_align\":\"\",\"width\":\"default\"},\"children\":[{\"type\":\"row\",\"props\":{\"layout\":\"1-4,3-4\"},\"children\":[{\"type\":\"column\",\"props\":{\"image_position\":\"center-center\",\"position_sticky_breakpoint\":\"m\",\"width_medium\":\"1-4\"},\"children\":[{\"type\":\"image\",\"props\":{\"image\":\"wp-content\\\/uploads\\\/2024\\\/04\\\/GonzaloGoral_DIE.jpg\",\"image_pt_br\":\"wp-content\\\/uploads\\\/2024\\\/04\\\/GonzaloGoral_DIE.jpg\",\"image_svg_color\":\"emphasis\",\"margin\":\"default\"}}]},{\"type\":\"column\",\"props\":{\"image_position\":\"center-center\",\"position_sticky_breakpoint\":\"m\",\"width_medium\":\"3-4\"},\"children\":[{\"type\":\"text\",\"props\":{\"column_breakpoint\":\"m\",\"content\":\"\n\n<h2>Gonzalo Goral<br \\\/>Jefe del Departamento de Informaci\\u00f3n y Estad\\u00edsticas<\\\/h2>\",\"content_pt_br\":\"\n\n<h2>Gonzalo Goral<br \\\/>Chefe do Departamento de Informa\\u00e7\\u00e3o e Estat\\u00edsticas\\u00a0<\\\/h2>\",\"margin\":\"default\"}},{\"type\":\"list\",\"props\":{\"column_breakpoint\":\"m\",\"image_align\":\"left\",\"image_svg_color\":\"emphasis\",\"image_vertical_align\":true,\"list_element\":\"ul\",\"list_horizontal_separator\":\", \",\"list_type\":\"vertical\",\"show_image\":true,\"show_link\":true},\"children\":[{\"type\":\"list_item\",\"props\":{\"content\":\"\n\n<p>Nacionalidad: argentina<\\\/p>\",\"content_pt_br\":\"Nacionalidade: argentina\",\"icon\":\"location\"}}]}]}]}]},{\"type\":\"section\",\"props\":{\"image_position\":\"center-center\",\"padding_remove_top\":true,\"style\":\"default\",\"title_breakpoint\":\"xl\",\"title_position\":\"top-left\",\"title_rotation\":\"left\",\"vertical_align\":\"\",\"width\":\"default\"},\"children\":[{\"type\":\"row\",\"children\":[{\"type\":\"column\",\"props\":{\"image_position\":\"center-center\",\"position_sticky_breakpoint\":\"m\"},\"children\":[{\"type\":\"headline\",\"props\":{\"content\":\"<span>Funciones del Departamento:<\\\/span>\",\"content_pt_br\":\"<span>Fun\\u00e7\\u00f5es do Departamento:<\\\/span>\",\"title_color\":\"secondary\",\"title_decoration\":\"bullet\",\"title_element\":\"h1\",\"title_style\":\"h4\"}},{\"type\":\"text\",\"props\":{\"column_breakpoint\":\"m\",\"content\":\"\n\n<p>1. Organizar, implementar y administrar las actividades de la Secretar\\u00eda General en materia de requerimientos de informaci\\u00f3n, sistemas de informaci\\u00f3n, infraestructura inform\\u00e1tica y de comunicaciones.<\\\/p>\\n\n\n<p>2. Mantener, ampliar y perfeccionar las funciones y prestaciones del Sistema de Informaci\\u00f3n de Comercio Exterior de la Asociaci\\u00f3n, as\\u00ed como contribuir al desarrollo e implementaci\\u00f3n del Centro Regional de Informaci\\u00f3n Comercial.\\u00a0<\\\/p>\\n\n\n<p>3. Compilar, verificar, sistematizar y almacenar los datos b\\u00e1sicos que brindan el soporte a la informaci\\u00f3n residente en los diferentes m\\u00f3dulos del banco de datos del Sistema de Informaci\\u00f3n de Comercio Exterior de la Asociaci\\u00f3n.<\\\/p>\\n\n\n<p>4. Realizar acciones tendientes al mejoramiento, ampliaci\\u00f3n tem\\u00e1tica y aseguramiento de la calidad, oportunidad y confiabilidad de la informaci\\u00f3n residente en el banco de datos de la Asociaci\\u00f3n.<\\\/p>\\n\n\n<p>5. Organizar y coordinar la \\u201cReuni\\u00f3n T\\u00e9cnica de Oficinas Gubernamentales Responsables del Suministro de la Informaci\\u00f3n Estad\\u00edstica de Comercio Exterior\\u201d (RECOMEX).<\\\/p>\\n\n\n<p>6. Desarrollar, mantener y perfeccionar la operatividad y las prestaciones del Sitio Web y la Intranet de la Asociaci\\u00f3n, as\\u00ed como de los dem\\u00e1s productos de informaci\\u00f3n disponibles en la Secretar\\u00eda General.\\u00a0<\\\/p>\\n\n\n<p>7. Atender los requerimientos de soporte inform\\u00e1tico de las diferentes \\u00e1reas de la Secretar\\u00eda General, as\\u00ed como brindarle soporte t\\u00e9cnico a las Representaciones con la conexi\\u00f3n a los Terminal Server de la Secretaria General.<\\\/p>\\n\n\n<p>8. Mantener permanente comunicaci\\u00f3n y coordinaci\\u00f3n con las oficinas gubernamentales de los pa\\u00edses miembros y los organismos internacionales que administran la informaci\\u00f3n estad\\u00edstica de comercio exterior y los est\\u00e1ndares internacionales que regulan los procedimientos de sistematizaci\\u00f3n de la misma, con el prop\\u00f3sito de generar acciones de cooperaci\\u00f3n horizontal e interinstitucional en materia de intercambio rec\\u00edproco de informaci\\u00f3n y conocimientos.<\\\/p>\\n\n\n<p>9. Atender la demanda de informaci\\u00f3n de usuarios internos y externos, de acuerdo a la pol\\u00edtica y prioridades establecidas por la Secretar\\u00eda General.<\\\/p>\\n\n\n<p>10. Apoyo t\\u00e9cnico a los Grupos de Trabajo relacionados con las actividades del Departamento.<\\\/p>\\n\n\n<p>11. Apoyar al seguimiento e implementaci\\u00f3n de los mandatos de los \\u00f3rganos pol\\u00edticos de la Asociaci\\u00f3n.<\\\/p>\\n\n\n<p>12. Otras funciones espec\\u00edficas que le sean asignadas por el Secretario General.<\\\/p>\",\"content_pt_br\":\"\n\n<p>1. Organizar, implementar e administrar as atividades da Secretaria-Geral em mat\\u00e9ria de requerimentos de informa\\u00e7\\u00e3o, sistemas de informa\\u00e7\\u00e3o, infraestrutura inform\\u00e1tica e de comunica\\u00e7\\u00f5es.<\\\/p>\\n\n\n<p>2. Manter, ampliar e aperfei\\u00e7oar as fun\\u00e7\\u00f5es e os servi\\u00e7os do Sistema de Informa\\u00e7\\u00e3o de Com\\u00e9rcio Exterior da Associa\\u00e7\\u00e3o, bem como contribuir para o desenvolvimento e para a implementa\\u00e7\\u00e3o do Centro Regional de Informa\\u00e7\\u00e3o Comercial.<\\\/p>\\n\n\n<p>3. Coletar, conferir, sistematizar e armazenar os dados b\\u00e1sicos que oferecem suporte \\u00e0s informa\\u00e7\\u00f5es dos diferentes m\\u00f3dulos do banco de dados do Sistema de Informa\\u00e7\\u00e3o de Com\\u00e9rcio Exterior da Associa\\u00e7\\u00e3o.<\\\/p>\\n\n\n<p>4. Realizar a\\u00e7\\u00f5es que visem ao melhoramento, \\u00e0 amplia\\u00e7\\u00e3o tem\\u00e1tica e \\u00e0 garantia de qualidade, oportunidade e confiabilidade das informa\\u00e7\\u00f5es do banco de dados da Associa\\u00e7\\u00e3o.<\\\/p>\\n\n\n<p>5. Organizar e coordenar a \\u201cReuni\\u00e3o T\\u00e9cnica de Escrit\\u00f3rios Governamentais Respons\\u00e1veis pelo Fornecimento da Informa\\u00e7\\u00e3o Estat\\u00edstica de Com\\u00e9rcio Exterior\\u201d (RECOMEX).<\\\/p>\\n\n\n<p>6. Desenvolver, manter e aperfei\\u00e7oar a operabilidade e os servi\\u00e7os do site e da Intranet da Associa\\u00e7\\u00e3o, bem como dos demais produtos de informa\\u00e7\\u00f5es dispon\\u00edveis na Secretaria-Geral.<\\\/p>\\n\n\n<p>7. Atender aos requerimentos de suporte inform\\u00e1tico das diferentes \\u00e1reas da Secretaria-Geral, bem como oferecer suporte t\\u00e9cnico \\u00e0s Representa\\u00e7\\u00f5es atrav\\u00e9s da conex\\u00e3o aos Terminal Server da Secretaria-Geral.<\\\/p>\\n\n\n<p>8. Manter permanente comunica\\u00e7\\u00e3o e coordena\\u00e7\\u00e3o com os escrit\\u00f3rios governamentais dos pa\\u00edses-membros e com os organismos internacionais que administram as informa\\u00e7\\u00f5es estat\\u00edsticas de com\\u00e9rcio exterior e os padr\\u00f5es internacionais que regulam os procedimentos de sistematiza\\u00e7\\u00e3o das informa\\u00e7\\u00f5es, com o prop\\u00f3sito de gerar a\\u00e7\\u00f5es de coopera\\u00e7\\u00e3o horizontal e interinstitucional em mat\\u00e9ria de interc\\u00e2mbio rec\\u00edproco de informa\\u00e7\\u00f5es e conhecimentos.<\\\/p>\\n\n\n<p>9. Atender \\u00e0 demanda de informa\\u00e7\\u00f5es de usu\\u00e1rios internos e externos, conforme a pol\\u00edtica e as prioridades estabelecidas pela Secretaria-Geral.<\\\/p>\\n\n\n<p>10. Prestar apoio t\\u00e9cnico aos Grupos de Trabalho relacionados com as atividades do Departamento.<\\\/p>\\n\n\n<p>11. Apoiar o acompanhamento e a implementa\\u00e7\\u00e3o dos mandatos dos \\u00f3rg\\u00e3os pol\\u00edticos da Associa\\u00e7\\u00e3o.<\\\/p>\\n\n\n<p>12. Outras fun\\u00e7\\u00f5es espec\\u00edficas determinadas pelo Secret\\u00e1rio-Geral.<\\\/p>\",\"margin\":\"default\"}}]}]}]}],\"version\":\"4.4.12\"} --><\/p>\n","protected":false},"excerpt":{"rendered":"<p>Subsecretar\u00eda de Desarrollo del Espacio de Libre Comercio Departamento de Informaci\u00f3n y Estad\u00edstica Gonzalo GoralJefe del Departamento de Informaci\u00f3n y Estad\u00edsticas Nacionalidad: argentina Funciones del Departamento: 1. Organizar, implementar y administrar las actividades de la Secretar\u00eda General en materia de requerimientos de informaci\u00f3n, sistemas de informaci\u00f3n, infraestructura inform\u00e1tica y de comunicaciones. 2. Mantener, ampliar y [&hellip;]<\/p>\n","protected":false},"author":2,"featured_media":0,"parent":3731,"menu_order":0,"comment_status":"closed","ping_status":"closed","template":"","meta":{"_acf_changed":false,"footnotes":""},"class_list":["post-3771","page","type-page","status-publish","hentry"],"acf":[],"yoast_head":"<!-- This site is optimized with the Yoast SEO plugin v26.5 - https:\/\/yoast.com\/wordpress\/plugins\/seo\/ -->\n<title>Departamento de Informa\u00e7\u00e3o e Estat\u00edsticas<\/title>\n<meta name=\"robots\" content=\"index, follow, max-snippet:-1, max-image-preview:large, max-video-preview:-1\" \/>\n<meta property=\"og:locale\" content=\"pt_BR\" \/>\n<meta property=\"og:type\" content=\"article\" \/>\n<meta property=\"og:title\" content=\"Departamento de Informa\u00e7\u00e3o e Estat\u00edsticas\" \/>\n<meta property=\"og:url\" content=\"https:\/\/www.aladi.org\/pt\/organizacao-institucional\/secretaria-geral\/subsecretario-de-desenvolvimento-do-espaco-de-livre-comercio\/departamento-de-informacao-e-estatisticas\/\" \/>\n<meta property=\"og:site_name\" content=\"ALADI\" \/>\n<meta property=\"article:publisher\" content=\"https:\/\/es-la.facebook.com\/people\/ALADI\/100064606213084\/\" \/>\n<meta property=\"article:modified_time\" content=\"2024-12-06T17:50:25+00:00\" \/>\n<meta name=\"twitter:card\" content=\"summary_large_image\" \/>\n<meta name=\"twitter:site\" content=\"@ALADI_SG\" \/>\n<meta name=\"twitter:label1\" content=\"Est. reading time\" \/>\n\t<meta name=\"twitter:data1\" content=\"2 minutes\" \/>\n<script type=\"application\/ld+json\" class=\"yoast-schema-graph\">{\"@context\":\"https:\/\/schema.org\",\"@graph\":[{\"@type\":\"WebPage\",\"@id\":\"https:\/\/www.aladi.org\/pt\/organizacao-institucional\/secretaria-geral\/subsecretario-de-desenvolvimento-do-espaco-de-livre-comercio\/departamento-de-informacao-e-estatisticas\/\",\"url\":\"https:\/\/www.aladi.org\/pt\/organizacao-institucional\/secretaria-geral\/subsecretario-de-desenvolvimento-do-espaco-de-livre-comercio\/departamento-de-informacao-e-estatisticas\/\",\"name\":\"Departamento de Informaci\u00f3n y Estad\u00edsticas - ALADI\",\"isPartOf\":{\"@id\":\"https:\/\/www.aladi.org\/#website\"},\"datePublished\":\"2024-04-15T17:21:29+00:00\",\"dateModified\":\"2024-12-06T17:50:25+00:00\",\"breadcrumb\":{\"@id\":\"https:\/\/www.aladi.org\/pt\/organizacao-institucional\/secretaria-geral\/subsecretario-de-desenvolvimento-do-espaco-de-livre-comercio\/departamento-de-informacao-e-estatisticas\/#breadcrumb\"},\"inLanguage\":\"pt-BR\",\"potentialAction\":[{\"@type\":\"ReadAction\",\"target\":[\"https:\/\/www.aladi.org\/pt\/organizacao-institucional\/secretaria-geral\/subsecretario-de-desenvolvimento-do-espaco-de-livre-comercio\/departamento-de-informacao-e-estatisticas\/\"]}]},{\"@type\":\"BreadcrumbList\",\"@id\":\"https:\/\/www.aladi.org\/pt\/organizacao-institucional\/secretaria-geral\/subsecretario-de-desenvolvimento-do-espaco-de-livre-comercio\/departamento-de-informacao-e-estatisticas\/#breadcrumb\",\"itemListElement\":[{\"@type\":\"ListItem\",\"position\":1,\"name\":\"Home\",\"item\":\"https:\/\/www.aladi.org\/\"},{\"@type\":\"ListItem\",\"position\":2,\"name\":\"Organiza\u00e7\u00e3o Institucional\",\"item\":\"https:\/\/www.aladi.org\/organizacion-institucional\/\"},{\"@type\":\"ListItem\",\"position\":3,\"name\":\"Secretaria-Geral\",\"item\":\"https:\/\/www.aladi.org\/organizacion-institucional\/secretaria-general\/\"},{\"@type\":\"ListItem\",\"position\":4,\"name\":\"Subsecret\u00e1rio de Desenvolvimento do Espa\u00e7o de Livre Com\u00e9rcio\",\"item\":\"https:\/\/www.aladi.org\/organizacion-institucional\/secretaria-general\/subsecretario-de-desarrollo-del-espacio-de-libre-comercio\/\"},{\"@type\":\"ListItem\",\"position\":5,\"name\":\"Departamento de Informa\u00e7\u00e3o e Estat\u00edsticas\"}]},{\"@type\":\"WebSite\",\"@id\":\"https:\/\/www.aladi.org\/pt\/#website\",\"url\":\"https:\/\/www.aladi.org\/pt\/\",\"name\":\"ALADI\",\"description\":\"Asociaci\u00f3n Latinoamericana de Integraci\u00f3n\",\"publisher\":{\"@id\":\"https:\/\/www.aladi.org\/pt\/#organization\"},\"potentialAction\":[{\"@type\":\"SearchAction\",\"target\":{\"@type\":\"EntryPoint\",\"urlTemplate\":\"https:\/\/www.aladi.org\/pt\/?s={search_term_string}\"},\"query-input\":{\"@type\":\"PropertyValueSpecification\",\"valueRequired\":true,\"valueName\":\"search_term_string\"}}],\"inLanguage\":\"pt-BR\"},{\"@type\":\"Organization\",\"@id\":\"https:\/\/www.aladi.org\/pt\/#organization\",\"name\":\"ALADI\",\"url\":\"https:\/\/www.aladi.org\/pt\/\",\"logo\":{\"@type\":\"ImageObject\",\"inLanguage\":\"pt-BR\",\"@id\":\"https:\/\/www.aladi.org\/pt\/#\/schema\/logo\/image\/\",\"url\":\"https:\/\/www.aladi.org\/wp-content\/uploads\/2025\/12\/Logo-ALADI.png\",\"contentUrl\":\"https:\/\/www.aladi.org\/wp-content\/uploads\/2025\/12\/Logo-ALADI.png\",\"width\":375,\"height\":235,\"caption\":\"ALADI\"},\"image\":{\"@id\":\"https:\/\/www.aladi.org\/pt\/#\/schema\/logo\/image\/\"},\"sameAs\":[\"https:\/\/es-la.facebook.com\/people\/ALADI\/100064606213084\/\",\"https:\/\/x.com\/ALADI_SG\",\"https:\/\/www.instagram.com\/aladi_sg\/?hl=es\",\"https:\/\/www.linkedin.com\/company\/aladi\/\",\"https:\/\/www.flickr.com\/photos\/aladi\/\",\"https:\/\/www.youtube.com\/channel\/UCrkJWOWHKF6igQmWE8Clnpg\"]}]}<\/script>\n<!-- \/ Yoast SEO plugin. -->","yoast_head_json":{"title":"Departamento de Informa\u00e7\u00e3o e Estat\u00edsticas","robots":{"index":"index","follow":"follow","max-snippet":"max-snippet:-1","max-image-preview":"max-image-preview:large","max-video-preview":"max-video-preview:-1"},"og_locale":"pt_BR","og_type":"article","og_title":"Departamento de Informa\u00e7\u00e3o e Estat\u00edsticas","og_url":"https:\/\/www.aladi.org\/pt\/organizacao-institucional\/secretaria-geral\/subsecretario-de-desenvolvimento-do-espaco-de-livre-comercio\/departamento-de-informacao-e-estatisticas\/","og_site_name":"ALADI","article_publisher":"https:\/\/es-la.facebook.com\/people\/ALADI\/100064606213084\/","article_modified_time":"2024-12-06T17:50:25+00:00","twitter_card":"summary_large_image","twitter_site":"@ALADI_SG","twitter_misc":{"Est. reading time":"2 minutes"},"schema":{"@context":"https:\/\/schema.org","@graph":[{"@type":"WebPage","@id":"https:\/\/www.aladi.org\/pt\/organizacao-institucional\/secretaria-geral\/subsecretario-de-desenvolvimento-do-espaco-de-livre-comercio\/departamento-de-informacao-e-estatisticas\/","url":"https:\/\/www.aladi.org\/pt\/organizacao-institucional\/secretaria-geral\/subsecretario-de-desenvolvimento-do-espaco-de-livre-comercio\/departamento-de-informacao-e-estatisticas\/","name":"Departamento de Informaci\u00f3n y Estad\u00edsticas - ALADI","isPartOf":{"@id":"https:\/\/www.aladi.org\/#website"},"datePublished":"2024-04-15T17:21:29+00:00","dateModified":"2024-12-06T17:50:25+00:00","breadcrumb":{"@id":"https:\/\/www.aladi.org\/pt\/organizacao-institucional\/secretaria-geral\/subsecretario-de-desenvolvimento-do-espaco-de-livre-comercio\/departamento-de-informacao-e-estatisticas\/#breadcrumb"},"inLanguage":"pt-BR","potentialAction":[{"@type":"ReadAction","target":["https:\/\/www.aladi.org\/pt\/organizacao-institucional\/secretaria-geral\/subsecretario-de-desenvolvimento-do-espaco-de-livre-comercio\/departamento-de-informacao-e-estatisticas\/"]}]},{"@type":"BreadcrumbList","@id":"https:\/\/www.aladi.org\/pt\/organizacao-institucional\/secretaria-geral\/subsecretario-de-desenvolvimento-do-espaco-de-livre-comercio\/departamento-de-informacao-e-estatisticas\/#breadcrumb","itemListElement":[{"@type":"ListItem","position":1,"name":"Home","item":"https:\/\/www.aladi.org\/"},{"@type":"ListItem","position":2,"name":"Organiza\u00e7\u00e3o Institucional","item":"https:\/\/www.aladi.org\/organizacion-institucional\/"},{"@type":"ListItem","position":3,"name":"Secretaria-Geral","item":"https:\/\/www.aladi.org\/organizacion-institucional\/secretaria-general\/"},{"@type":"ListItem","position":4,"name":"Subsecret\u00e1rio de Desenvolvimento do Espa\u00e7o de Livre Com\u00e9rcio","item":"https:\/\/www.aladi.org\/organizacion-institucional\/secretaria-general\/subsecretario-de-desarrollo-del-espacio-de-libre-comercio\/"},{"@type":"ListItem","position":5,"name":"Departamento de Informa\u00e7\u00e3o e Estat\u00edsticas"}]},{"@type":"WebSite","@id":"https:\/\/www.aladi.org\/pt\/#website","url":"https:\/\/www.aladi.org\/pt\/","name":"ALADI","description":"Asociaci\u00f3n Latinoamericana de Integraci\u00f3n","publisher":{"@id":"https:\/\/www.aladi.org\/pt\/#organization"},"potentialAction":[{"@type":"SearchAction","target":{"@type":"EntryPoint","urlTemplate":"https:\/\/www.aladi.org\/pt\/?s={search_term_string}"},"query-input":{"@type":"PropertyValueSpecification","valueRequired":true,"valueName":"search_term_string"}}],"inLanguage":"pt-BR"},{"@type":"Organization","@id":"https:\/\/www.aladi.org\/pt\/#organization","name":"ALADI","url":"https:\/\/www.aladi.org\/pt\/","logo":{"@type":"ImageObject","inLanguage":"pt-BR","@id":"https:\/\/www.aladi.org\/pt\/#\/schema\/logo\/image\/","url":"https:\/\/www.aladi.org\/wp-content\/uploads\/2025\/12\/Logo-ALADI.png","contentUrl":"https:\/\/www.aladi.org\/wp-content\/uploads\/2025\/12\/Logo-ALADI.png","width":375,"height":235,"caption":"ALADI"},"image":{"@id":"https:\/\/www.aladi.org\/pt\/#\/schema\/logo\/image\/"},"sameAs":["https:\/\/es-la.facebook.com\/people\/ALADI\/100064606213084\/","https:\/\/x.com\/ALADI_SG","https:\/\/www.instagram.com\/aladi_sg\/?hl=es","https:\/\/www.linkedin.com\/company\/aladi\/","https:\/\/www.flickr.com\/photos\/aladi\/","https:\/\/www.youtube.com\/channel\/UCrkJWOWHKF6igQmWE8Clnpg"]}]}},"jetpack_sharing_enabled":true,"_links":{"self":[{"href":"https:\/\/www.aladi.org\/pt\/wp-json\/wp\/v2\/pages\/3771","targetHints":{"allow":["GET"]}}],"collection":[{"href":"https:\/\/www.aladi.org\/pt\/wp-json\/wp\/v2\/pages"}],"about":[{"href":"https:\/\/www.aladi.org\/pt\/wp-json\/wp\/v2\/types\/page"}],"author":[{"embeddable":true,"href":"https:\/\/www.aladi.org\/pt\/wp-json\/wp\/v2\/users\/2"}],"replies":[{"embeddable":true,"href":"https:\/\/www.aladi.org\/pt\/wp-json\/wp\/v2\/comments?post=3771"}],"version-history":[{"count":10,"href":"https:\/\/www.aladi.org\/pt\/wp-json\/wp\/v2\/pages\/3771\/revisions"}],"predecessor-version":[{"id":6158,"href":"https:\/\/www.aladi.org\/pt\/wp-json\/wp\/v2\/pages\/3771\/revisions\/6158"}],"up":[{"embeddable":true,"href":"https:\/\/www.aladi.org\/pt\/wp-json\/wp\/v2\/pages\/3731"}],"wp:attachment":[{"href":"https:\/\/www.aladi.org\/pt\/wp-json\/wp\/v2\/media?parent=3771"}],"curies":[{"name":"wp","href":"https:\/\/api.w.org\/{rel}","templated":true}]}}