{"id":3765,"date":"2024-04-15T17:15:14","date_gmt":"2024-04-15T17:15:14","guid":{"rendered":"https:\/\/sitio.aladi.org\/?page_id=3765"},"modified":"2025-10-02T18:51:42","modified_gmt":"2025-10-02T18:51:42","slug":"departamento-de-integracion-fisica-y-digital","status":"publish","type":"page","link":"https:\/\/www.aladi.org\/pt\/organizacao-institucional\/secretaria-geral\/subsecretario-de-desenvolvimento-do-espaco-de-livre-comercio\/departamento-de-integracao-fisica-e-digital\/","title":{"rendered":"Departamento de Integra\u00e7\u00e3o F\u00edsica e Digital"},"content":{"rendered":"<div><span property=\"name\">Subsecretar\u00eda de Desarrollo del Espacio de Libre Comercio<\/span><span>\u00a0<\/span><\/div>\n<h1>\n<p class=\"entry-title\"><strong>Departamento de Integraci\u00f3n F\u00edsica y Digital<\/strong><\/p>\n<\/h1>\n<p><img decoding=\"async\" src=\"\/wp-content\/uploads\/2025\/10\/Laurentino.jpg\" alt=\"\"><\/p>\n<div>\n<h2>Rafael Vieira Lima Laurentino\u00a0<br \/>Jefe del Departamento de Integraci\u00f3n F\u00edsica y Digital<\/h2>\n<\/div>\n<div>\n<div>\n<p class=\"wp-block-heading\">Nacionalidad: brasile\u00f1a<\/p>\n<\/div>\n<\/div>\n<h1><span>Funciones del Departamento:<\/span><\/h1>\n<div>\n<p>1. Promover acciones tendientes a la facilitaci\u00f3n del comercio, como ser la racionalizaci\u00f3n, simplificaci\u00f3n, reducci\u00f3n o eliminaci\u00f3n de medidas o barreras que obstaculicen el comercio internacional o el desplazamiento de factores productivos a nivel transfronterizo.<\/p>\n<p>2. Desarrollar actividades para la armonizaci\u00f3n de normativa; la estandarizaci\u00f3n y mejoras en la infraestructura f\u00edsica; la simplificaci\u00f3n y armonizaci\u00f3n de los procedimientos aduaneros; la simplificaci\u00f3n de las distintas operaciones y la seguridad del comercio; la digitalizaci\u00f3n de los documentos empleados en las operaciones comerciales internacionales; la promoci\u00f3n del comercio electr\u00f3nico a nivel regional; y la transparencia en materia de informaci\u00f3n disponible a los operadores del comercio.\u00a0<\/p>\n<p>3. Elaborar informes, estudios y propuestas para apoyar las negociaciones de los pa\u00edses miembros de la ALADI, que propicien proyectos y la suscripci\u00f3n de acuerdos en materia de transporte, energ\u00eda, comunicaciones y sobre tecnolog\u00edas de la informaci\u00f3n, incluyendo las \u00e1reas de infraestructura, log\u00edstica y facilitaci\u00f3n aduanera.\u00a0<\/p>\n<p>4. Brindar apoyo t\u00e9cnico y administrativo a los \u00f3rganos administradores de los acuerdos sectoriales en materias indicadas en el literal c), colaborando en el seguimiento, la actualizaci\u00f3n y el perfeccionamiento de dichos acuerdos protocolizados al amparo del Tratado de Montevideo 1980.\u00a0<\/p>\n<p>5. Estimular el intercambio de informaci\u00f3n, la coordinaci\u00f3n y el desarrollo de acciones comunes en los sectores indicados, con los organismos e iniciativas existentes en la regi\u00f3n.\u00a0<\/p>\n<p>6. Brindar apoyo t\u00e9cnico a los Grupos de Trabajo relacionados con las actividades del Departamento.\u00a0<\/p>\n<p>7. Apoyar en el seguimiento y en la implementaci\u00f3n de los mandatos de los \u00f3rganos pol\u00edticos de la Asociaci\u00f3n.\u00a0<\/p>\n<p>8. Otras funciones espec\u00edficas que le sean asignadas por el Secretario General.\u00a0<\/p>\n<\/div>\n<p><!--more--><br \/>\n<!-- {\"type\":\"layout\",\"children\":[{\"type\":\"section\",\"props\":{\"image_loading\":true,\"image_position\":\"top-center\",\"media_visibility\":\"m\",\"padding\":\"xsmall\",\"padding_remove_horizontal\":false,\"padding_remove_top\":false,\"style\":\"default\",\"title_breakpoint\":\"xl\",\"title_position\":\"top-left\",\"title_rotation\":\"left\",\"vertical_align\":\"\",\"width\":\"xlarge\"},\"children\":[{\"type\":\"row\",\"props\":{\"width\":\"xlarge\"},\"children\":[{\"type\":\"column\",\"props\":{\"image_position\":\"center-center\",\"position_sticky_breakpoint\":\"m\"},\"children\":[{\"type\":\"breadcrumbs\",\"props\":{\"margin\":\"remove-vertical\",\"margin_remove_top\":true,\"show_current\":true,\"show_home\":true}}]}]},{\"type\":\"row\",\"props\":{\"margin_remove_bottom\":false,\"width\":\"xlarge\"},\"children\":[{\"type\":\"column\",\"props\":{\"image_position\":\"center-center\",\"image_size\":\"cover\",\"padding\":\"none\",\"position_sticky_breakpoint\":\"m\",\"vertical_align\":\"middle\"},\"children\":[{\"type\":\"headline\",\"props\":{\"content\":\"<span property=\\\"name\\\">Subsecretar\\u00eda de Desarrollo del Espacio de Libre Comercio<\\\/span><span>\\u00a0<\\\/span>\",\"content_pt_br\":\"<span>Subsecretaria de Desenvolvimento do Espa\\u00e7o de Livre Com\\u00e9rcio<\\\/span>\",\"link_style\":false,\"title_color\":\"primary\",\"title_element\":\"div\",\"title_style\":\"h6\"}},{\"type\":\"headline\",\"props\":{\"content\":\"\n\n<p class=\\\"entry-title\\\"><strong>Departamento de Integraci\\u00f3n F\\u00edsica y Digital<\\\/strong><\\\/p>\",\"content_pt_br\":\"<strong>Departamento de Integra\\u00e7\\u00e3o F\\u00edsica e Digital<\\\/strong>\",\"margin\":\"medium\",\"margin_remove_bottom\":false,\"margin_remove_top\":false,\"maxwidth\":\"xlarge\",\"text_align\":\"left\",\"text_align_fallback\":\"center\",\"title_color\":\"secondary\",\"title_element\":\"h1\",\"title_style\":\"h1\"}}]}]}],\"name\":\"T\\u00edtulos\"},{\"type\":\"section\",\"props\":{\"image_position\":\"center-center\",\"padding_remove_top\":true,\"style\":\"default\",\"title_breakpoint\":\"xl\",\"title_position\":\"top-left\",\"title_rotation\":\"left\",\"vertical_align\":\"\",\"width\":\"default\"},\"children\":[{\"type\":\"row\",\"props\":{\"layout\":\"1-4,3-4\"},\"children\":[{\"type\":\"column\",\"props\":{\"image_position\":\"center-center\",\"position_sticky_breakpoint\":\"m\",\"width_medium\":\"1-4\"},\"children\":[{\"type\":\"image\",\"props\":{\"image\":\"wp-content\\\/uploads\\\/2025\\\/10\\\/Laurentino.jpg\",\"image_pt_br\":\"wp-content\\\/uploads\\\/2025\\\/10\\\/Laurentino.jpg\",\"image_svg_color\":\"emphasis\",\"margin\":\"default\"}}]},{\"type\":\"column\",\"props\":{\"image_position\":\"center-center\",\"position_sticky_breakpoint\":\"m\",\"width_medium\":\"3-4\"},\"children\":[{\"type\":\"text\",\"props\":{\"column_breakpoint\":\"m\",\"content\":\"\n\n<h2>Rafael Vieira Lima Laurentino\\u00a0<br \\\/>Jefe del Departamento de Integraci\\u00f3n F\\u00edsica y Digital<\\\/h2>\",\"content_pt_br\":\"\n\n<h2>Rafael Vieira Lima Laurentino\\u00a0<br \\\/>Chefe do Departamento de Integra\\u00e7\\u00e3o F\\u00edsica e Digital\\u00a0<\\\/h2>\",\"margin\":\"default\"}},{\"type\":\"list\",\"props\":{\"column_breakpoint\":\"m\",\"image_align\":\"left\",\"image_svg_color\":\"emphasis\",\"image_vertical_align\":true,\"list_element\":\"ul\",\"list_horizontal_separator\":\", \",\"list_type\":\"vertical\",\"show_image\":true,\"show_link\":true},\"children\":[{\"type\":\"list_item\",\"props\":{\"content\":\"\n\n<p class=\\\"wp-block-heading\\\">Nacionalidad: brasile\\u00f1a<\\\/p>\",\"content_pt_br\":\"Nacionalidade: brasileira\",\"icon\":\"location\"}}]}]}]}]},{\"type\":\"section\",\"props\":{\"image_position\":\"center-center\",\"padding_remove_top\":true,\"style\":\"default\",\"title_breakpoint\":\"xl\",\"title_position\":\"top-left\",\"title_rotation\":\"left\",\"vertical_align\":\"\",\"width\":\"default\"},\"children\":[{\"type\":\"row\",\"children\":[{\"type\":\"column\",\"props\":{\"image_position\":\"center-center\",\"position_sticky_breakpoint\":\"m\"},\"children\":[{\"type\":\"headline\",\"props\":{\"content\":\"<span>Funciones del Departamento:<\\\/span>\",\"content_pt_br\":\"<span>Fun\\u00e7\\u00f5es do Departamento:<\\\/span>\",\"title_color\":\"secondary\",\"title_decoration\":\"bullet\",\"title_element\":\"h1\",\"title_style\":\"h4\"}},{\"type\":\"text\",\"props\":{\"column_breakpoint\":\"m\",\"content\":\"\n\n<p>1. Promover acciones tendientes a la facilitaci\\u00f3n del comercio, como ser la racionalizaci\\u00f3n, simplificaci\\u00f3n, reducci\\u00f3n o eliminaci\\u00f3n de medidas o barreras que obstaculicen el comercio internacional o el desplazamiento de factores productivos a nivel transfronterizo.<\\\/p>\\n\n\n<p>2. Desarrollar actividades para la armonizaci\\u00f3n de normativa; la estandarizaci\\u00f3n y mejoras en la infraestructura f\\u00edsica; la simplificaci\\u00f3n y armonizaci\\u00f3n de los procedimientos aduaneros; la simplificaci\\u00f3n de las distintas operaciones y la seguridad del comercio; la digitalizaci\\u00f3n de los documentos empleados en las operaciones comerciales internacionales; la promoci\\u00f3n del comercio electr\\u00f3nico a nivel regional; y la transparencia en materia de informaci\\u00f3n disponible a los operadores del comercio.\\u00a0<\\\/p>\\n\n\n<p>3. Elaborar informes, estudios y propuestas para apoyar las negociaciones de los pa\\u00edses miembros de la ALADI, que propicien proyectos y la suscripci\\u00f3n de acuerdos en materia de transporte, energ\\u00eda, comunicaciones y sobre tecnolog\\u00edas de la informaci\\u00f3n, incluyendo las \\u00e1reas de infraestructura, log\\u00edstica y facilitaci\\u00f3n aduanera.\\u00a0<\\\/p>\\n\n\n<p>4. Brindar apoyo t\\u00e9cnico y administrativo a los \\u00f3rganos administradores de los acuerdos sectoriales en materias indicadas en el literal c), colaborando en el seguimiento, la actualizaci\\u00f3n y el perfeccionamiento de dichos acuerdos protocolizados al amparo del Tratado de Montevideo 1980.\\u00a0<\\\/p>\\n\n\n<p>5. Estimular el intercambio de informaci\\u00f3n, la coordinaci\\u00f3n y el desarrollo de acciones comunes en los sectores indicados, con los organismos e iniciativas existentes en la regi\\u00f3n.\\u00a0<\\\/p>\\n\n\n<p>6. Brindar apoyo t\\u00e9cnico a los Grupos de Trabajo relacionados con las actividades del Departamento.\\u00a0<\\\/p>\\n\n\n<p>7. Apoyar en el seguimiento y en la implementaci\\u00f3n de los mandatos de los \\u00f3rganos pol\\u00edticos de la Asociaci\\u00f3n.\\u00a0<\\\/p>\\n\n\n<p>8. Otras funciones espec\\u00edficas que le sean asignadas por el Secretario General.\\u00a0<\\\/p>\",\"content_pt_br\":\"\n\n<p>1. Promover a\\u00e7\\u00f5es que visem \\u00e0 facilita\\u00e7\\u00e3o do com\\u00e9rcio, como racionaliza\\u00e7\\u00e3o, simplifica\\u00e7\\u00e3o, redu\\u00e7\\u00e3o ou elimina\\u00e7\\u00e3o de medidas ou barreiras que obstaculizem o com\\u00e9rcio internacional ou o deslocamento de fatores produtivos em n\\u00edvel transfronteiri\\u00e7o.<\\\/p>\\n\n\n<p>2. Desenvolver atividades para harmoniza\\u00e7\\u00e3o da norma; padroniza\\u00e7\\u00e3o e melhoramentos da infraestrutura f\\u00edsica, simplifica\\u00e7\\u00e3o e harmoniza\\u00e7\\u00e3o dos procedimentos alfandeg\\u00e1rios; simplifica\\u00e7\\u00e3o das diferentes opera\\u00e7\\u00f5es e seguran\\u00e7a do com\\u00e9rcio; digitaliza\\u00e7\\u00e3o dos documentos empregados nas opera\\u00e7\\u00f5es comerciais internacionais; promo\\u00e7\\u00e3o do com\\u00e9rcio eletr\\u00f4nico em n\\u00edvel regional e transpar\\u00eancia em mat\\u00e9ria de informa\\u00e7\\u00f5es dispon\\u00edveis para os operadores do com\\u00e9rcio.<\\\/p>\\n\n\n<p>3. Elaborar relat\\u00f3rios, estudos e propostas para apoiar as negocia\\u00e7\\u00f5es dos pa\\u00edses-membros da ALADI capazes de propiciar projetos e assinaturas de acordos em mat\\u00e9ria de transporte, energia, comunica\\u00e7\\u00f5es s tecnologias da informa\\u00e7\\u00e3o, incluindo as \\u00e1reas de infraestrutura, log\\u00edstica e facilita\\u00e7\\u00e3o aduaneira.<\\\/p>\\n\n\n<p>4. Prestar apoio t\\u00e9cnico e administrativo aos \\u00f3rg\\u00e3os administradores dos acordos setoriais em temas indicados na al\\u00ednea c), colaborando no acompanhamento, na atualiza\\u00e7\\u00e3o e no aperfei\\u00e7oamento dos referidos acordos protocolizados ao amparo do Tratado de Montevid\\u00e9u 1980.<\\\/p>\\n\n\n<p>5. Estimular o interc\\u00e2mbio de informa\\u00e7\\u00f5es, a coordena\\u00e7\\u00e3o e o desenvolvimento de a\\u00e7\\u00f5es comuns nos setores indicados, com os organismos e as iniciativas existentes na regi\\u00e3o.<\\\/p>\\n\n\n<p>6. Prestar apoio t\\u00e9cnico aos Grupos de Trabalho relacionados com as atividades do Departamento.\\u00a0<\\\/p>\\n\n\n<p>7. Apoiar o acompanhamento e a implementa\\u00e7\\u00e3o dos mandatos dos \\u00f3rg\\u00e3os pol\\u00edticos da Associa\\u00e7\\u00e3o.<\\\/p>\\n\n\n<p>8. Outras fun\\u00e7\\u00f5es espec\\u00edficas determinadas pelo Secret\\u00e1rio-Geral.<\\\/p>\",\"margin\":\"default\"}}]}]}]}],\"version\":\"4.4.12\"} --><\/p>\n","protected":false},"excerpt":{"rendered":"<p>Subsecretar\u00eda de Desarrollo del Espacio de Libre Comercio\u00a0 Departamento de Integraci\u00f3n F\u00edsica y Digital Rafael Vieira Lima Laurentino\u00a0Jefe del Departamento de Integraci\u00f3n F\u00edsica y Digital Nacionalidad: brasile\u00f1a Funciones del Departamento: 1. Promover acciones tendientes a la facilitaci\u00f3n del comercio, como ser la racionalizaci\u00f3n, simplificaci\u00f3n, reducci\u00f3n o eliminaci\u00f3n de medidas o barreras que obstaculicen el comercio [&hellip;]<\/p>\n","protected":false},"author":2,"featured_media":0,"parent":3731,"menu_order":0,"comment_status":"closed","ping_status":"closed","template":"","meta":{"_acf_changed":false,"footnotes":""},"class_list":["post-3765","page","type-page","status-publish","hentry"],"acf":[],"yoast_head":"<!-- This site is optimized with the Yoast SEO plugin v26.5 - https:\/\/yoast.com\/wordpress\/plugins\/seo\/ -->\n<title>Departamento de Integra\u00e7\u00e3o F\u00edsica e Digital<\/title>\n<meta name=\"robots\" content=\"index, follow, max-snippet:-1, max-image-preview:large, max-video-preview:-1\" \/>\n<meta property=\"og:locale\" content=\"pt_BR\" \/>\n<meta property=\"og:type\" content=\"article\" \/>\n<meta property=\"og:title\" content=\"Departamento de Integra\u00e7\u00e3o F\u00edsica e Digital\" \/>\n<meta property=\"og:url\" content=\"https:\/\/www.aladi.org\/pt\/organizacao-institucional\/secretaria-geral\/subsecretario-de-desenvolvimento-do-espaco-de-livre-comercio\/departamento-de-integracao-fisica-e-digital\/\" \/>\n<meta property=\"og:site_name\" content=\"ALADI\" \/>\n<meta property=\"article:publisher\" content=\"https:\/\/es-la.facebook.com\/people\/ALADI\/100064606213084\/\" \/>\n<meta property=\"article:modified_time\" content=\"2025-10-02T18:51:42+00:00\" \/>\n<meta name=\"twitter:card\" content=\"summary_large_image\" \/>\n<meta name=\"twitter:site\" content=\"@ALADI_SG\" \/>\n<meta name=\"twitter:label1\" content=\"Est. reading time\" \/>\n\t<meta name=\"twitter:data1\" content=\"2 minutes\" \/>\n<script type=\"application\/ld+json\" class=\"yoast-schema-graph\">{\"@context\":\"https:\/\/schema.org\",\"@graph\":[{\"@type\":\"WebPage\",\"@id\":\"https:\/\/www.aladi.org\/pt\/organizacao-institucional\/secretaria-geral\/subsecretario-de-desenvolvimento-do-espaco-de-livre-comercio\/departamento-de-integracao-fisica-e-digital\/\",\"url\":\"https:\/\/www.aladi.org\/pt\/organizacao-institucional\/secretaria-geral\/subsecretario-de-desenvolvimento-do-espaco-de-livre-comercio\/departamento-de-integracao-fisica-e-digital\/\",\"name\":\"Departamento de Integraci\u00f3n F\u00edsica y Digital - ALADI\",\"isPartOf\":{\"@id\":\"https:\/\/www.aladi.org\/#website\"},\"datePublished\":\"2024-04-15T17:15:14+00:00\",\"dateModified\":\"2025-10-02T18:51:42+00:00\",\"breadcrumb\":{\"@id\":\"https:\/\/www.aladi.org\/pt\/organizacao-institucional\/secretaria-geral\/subsecretario-de-desenvolvimento-do-espaco-de-livre-comercio\/departamento-de-integracao-fisica-e-digital\/#breadcrumb\"},\"inLanguage\":\"pt-BR\",\"potentialAction\":[{\"@type\":\"ReadAction\",\"target\":[\"https:\/\/www.aladi.org\/pt\/organizacao-institucional\/secretaria-geral\/subsecretario-de-desenvolvimento-do-espaco-de-livre-comercio\/departamento-de-integracao-fisica-e-digital\/\"]}]},{\"@type\":\"BreadcrumbList\",\"@id\":\"https:\/\/www.aladi.org\/pt\/organizacao-institucional\/secretaria-geral\/subsecretario-de-desenvolvimento-do-espaco-de-livre-comercio\/departamento-de-integracao-fisica-e-digital\/#breadcrumb\",\"itemListElement\":[{\"@type\":\"ListItem\",\"position\":1,\"name\":\"Home\",\"item\":\"https:\/\/www.aladi.org\/\"},{\"@type\":\"ListItem\",\"position\":2,\"name\":\"Organiza\u00e7\u00e3o Institucional\",\"item\":\"https:\/\/www.aladi.org\/organizacion-institucional\/\"},{\"@type\":\"ListItem\",\"position\":3,\"name\":\"Secretaria-Geral\",\"item\":\"https:\/\/www.aladi.org\/organizacion-institucional\/secretaria-general\/\"},{\"@type\":\"ListItem\",\"position\":4,\"name\":\"Subsecret\u00e1rio de Desenvolvimento do Espa\u00e7o de Livre Com\u00e9rcio\",\"item\":\"https:\/\/www.aladi.org\/organizacion-institucional\/secretaria-general\/subsecretario-de-desarrollo-del-espacio-de-libre-comercio\/\"},{\"@type\":\"ListItem\",\"position\":5,\"name\":\"Departamento de Integra\u00e7\u00e3o F\u00edsica e Digital\"}]},{\"@type\":\"WebSite\",\"@id\":\"https:\/\/www.aladi.org\/pt\/#website\",\"url\":\"https:\/\/www.aladi.org\/pt\/\",\"name\":\"ALADI\",\"description\":\"Asociaci\u00f3n Latinoamericana de Integraci\u00f3n\",\"publisher\":{\"@id\":\"https:\/\/www.aladi.org\/pt\/#organization\"},\"potentialAction\":[{\"@type\":\"SearchAction\",\"target\":{\"@type\":\"EntryPoint\",\"urlTemplate\":\"https:\/\/www.aladi.org\/pt\/?s={search_term_string}\"},\"query-input\":{\"@type\":\"PropertyValueSpecification\",\"valueRequired\":true,\"valueName\":\"search_term_string\"}}],\"inLanguage\":\"pt-BR\"},{\"@type\":\"Organization\",\"@id\":\"https:\/\/www.aladi.org\/pt\/#organization\",\"name\":\"ALADI\",\"url\":\"https:\/\/www.aladi.org\/pt\/\",\"logo\":{\"@type\":\"ImageObject\",\"inLanguage\":\"pt-BR\",\"@id\":\"https:\/\/www.aladi.org\/pt\/#\/schema\/logo\/image\/\",\"url\":\"https:\/\/www.aladi.org\/wp-content\/uploads\/2025\/12\/Logo-ALADI.png\",\"contentUrl\":\"https:\/\/www.aladi.org\/wp-content\/uploads\/2025\/12\/Logo-ALADI.png\",\"width\":375,\"height\":235,\"caption\":\"ALADI\"},\"image\":{\"@id\":\"https:\/\/www.aladi.org\/pt\/#\/schema\/logo\/image\/\"},\"sameAs\":[\"https:\/\/es-la.facebook.com\/people\/ALADI\/100064606213084\/\",\"https:\/\/x.com\/ALADI_SG\",\"https:\/\/www.instagram.com\/aladi_sg\/?hl=es\",\"https:\/\/www.linkedin.com\/company\/aladi\/\",\"https:\/\/www.flickr.com\/photos\/aladi\/\",\"https:\/\/www.youtube.com\/channel\/UCrkJWOWHKF6igQmWE8Clnpg\"]}]}<\/script>\n<!-- \/ Yoast SEO plugin. -->","yoast_head_json":{"title":"Departamento de Integra\u00e7\u00e3o F\u00edsica e Digital","robots":{"index":"index","follow":"follow","max-snippet":"max-snippet:-1","max-image-preview":"max-image-preview:large","max-video-preview":"max-video-preview:-1"},"og_locale":"pt_BR","og_type":"article","og_title":"Departamento de Integra\u00e7\u00e3o F\u00edsica e Digital","og_url":"https:\/\/www.aladi.org\/pt\/organizacao-institucional\/secretaria-geral\/subsecretario-de-desenvolvimento-do-espaco-de-livre-comercio\/departamento-de-integracao-fisica-e-digital\/","og_site_name":"ALADI","article_publisher":"https:\/\/es-la.facebook.com\/people\/ALADI\/100064606213084\/","article_modified_time":"2025-10-02T18:51:42+00:00","twitter_card":"summary_large_image","twitter_site":"@ALADI_SG","twitter_misc":{"Est. reading time":"2 minutes"},"schema":{"@context":"https:\/\/schema.org","@graph":[{"@type":"WebPage","@id":"https:\/\/www.aladi.org\/pt\/organizacao-institucional\/secretaria-geral\/subsecretario-de-desenvolvimento-do-espaco-de-livre-comercio\/departamento-de-integracao-fisica-e-digital\/","url":"https:\/\/www.aladi.org\/pt\/organizacao-institucional\/secretaria-geral\/subsecretario-de-desenvolvimento-do-espaco-de-livre-comercio\/departamento-de-integracao-fisica-e-digital\/","name":"Departamento de Integraci\u00f3n F\u00edsica y Digital - ALADI","isPartOf":{"@id":"https:\/\/www.aladi.org\/#website"},"datePublished":"2024-04-15T17:15:14+00:00","dateModified":"2025-10-02T18:51:42+00:00","breadcrumb":{"@id":"https:\/\/www.aladi.org\/pt\/organizacao-institucional\/secretaria-geral\/subsecretario-de-desenvolvimento-do-espaco-de-livre-comercio\/departamento-de-integracao-fisica-e-digital\/#breadcrumb"},"inLanguage":"pt-BR","potentialAction":[{"@type":"ReadAction","target":["https:\/\/www.aladi.org\/pt\/organizacao-institucional\/secretaria-geral\/subsecretario-de-desenvolvimento-do-espaco-de-livre-comercio\/departamento-de-integracao-fisica-e-digital\/"]}]},{"@type":"BreadcrumbList","@id":"https:\/\/www.aladi.org\/pt\/organizacao-institucional\/secretaria-geral\/subsecretario-de-desenvolvimento-do-espaco-de-livre-comercio\/departamento-de-integracao-fisica-e-digital\/#breadcrumb","itemListElement":[{"@type":"ListItem","position":1,"name":"Home","item":"https:\/\/www.aladi.org\/"},{"@type":"ListItem","position":2,"name":"Organiza\u00e7\u00e3o Institucional","item":"https:\/\/www.aladi.org\/organizacion-institucional\/"},{"@type":"ListItem","position":3,"name":"Secretaria-Geral","item":"https:\/\/www.aladi.org\/organizacion-institucional\/secretaria-general\/"},{"@type":"ListItem","position":4,"name":"Subsecret\u00e1rio de Desenvolvimento do Espa\u00e7o de Livre Com\u00e9rcio","item":"https:\/\/www.aladi.org\/organizacion-institucional\/secretaria-general\/subsecretario-de-desarrollo-del-espacio-de-libre-comercio\/"},{"@type":"ListItem","position":5,"name":"Departamento de Integra\u00e7\u00e3o F\u00edsica e Digital"}]},{"@type":"WebSite","@id":"https:\/\/www.aladi.org\/pt\/#website","url":"https:\/\/www.aladi.org\/pt\/","name":"ALADI","description":"Asociaci\u00f3n Latinoamericana de Integraci\u00f3n","publisher":{"@id":"https:\/\/www.aladi.org\/pt\/#organization"},"potentialAction":[{"@type":"SearchAction","target":{"@type":"EntryPoint","urlTemplate":"https:\/\/www.aladi.org\/pt\/?s={search_term_string}"},"query-input":{"@type":"PropertyValueSpecification","valueRequired":true,"valueName":"search_term_string"}}],"inLanguage":"pt-BR"},{"@type":"Organization","@id":"https:\/\/www.aladi.org\/pt\/#organization","name":"ALADI","url":"https:\/\/www.aladi.org\/pt\/","logo":{"@type":"ImageObject","inLanguage":"pt-BR","@id":"https:\/\/www.aladi.org\/pt\/#\/schema\/logo\/image\/","url":"https:\/\/www.aladi.org\/wp-content\/uploads\/2025\/12\/Logo-ALADI.png","contentUrl":"https:\/\/www.aladi.org\/wp-content\/uploads\/2025\/12\/Logo-ALADI.png","width":375,"height":235,"caption":"ALADI"},"image":{"@id":"https:\/\/www.aladi.org\/pt\/#\/schema\/logo\/image\/"},"sameAs":["https:\/\/es-la.facebook.com\/people\/ALADI\/100064606213084\/","https:\/\/x.com\/ALADI_SG","https:\/\/www.instagram.com\/aladi_sg\/?hl=es","https:\/\/www.linkedin.com\/company\/aladi\/","https:\/\/www.flickr.com\/photos\/aladi\/","https:\/\/www.youtube.com\/channel\/UCrkJWOWHKF6igQmWE8Clnpg"]}]}},"jetpack_sharing_enabled":true,"_links":{"self":[{"href":"https:\/\/www.aladi.org\/pt\/wp-json\/wp\/v2\/pages\/3765","targetHints":{"allow":["GET"]}}],"collection":[{"href":"https:\/\/www.aladi.org\/pt\/wp-json\/wp\/v2\/pages"}],"about":[{"href":"https:\/\/www.aladi.org\/pt\/wp-json\/wp\/v2\/types\/page"}],"author":[{"embeddable":true,"href":"https:\/\/www.aladi.org\/pt\/wp-json\/wp\/v2\/users\/2"}],"replies":[{"embeddable":true,"href":"https:\/\/www.aladi.org\/pt\/wp-json\/wp\/v2\/comments?post=3765"}],"version-history":[{"count":13,"href":"https:\/\/www.aladi.org\/pt\/wp-json\/wp\/v2\/pages\/3765\/revisions"}],"predecessor-version":[{"id":9083,"href":"https:\/\/www.aladi.org\/pt\/wp-json\/wp\/v2\/pages\/3765\/revisions\/9083"}],"up":[{"embeddable":true,"href":"https:\/\/www.aladi.org\/pt\/wp-json\/wp\/v2\/pages\/3731"}],"wp:attachment":[{"href":"https:\/\/www.aladi.org\/pt\/wp-json\/wp\/v2\/media?parent=3765"}],"curies":[{"name":"wp","href":"https:\/\/api.w.org\/{rel}","templated":true}]}}