{"id":3758,"date":"2024-04-15T16:06:30","date_gmt":"2024-04-15T16:06:30","guid":{"rendered":"https:\/\/sitio.aladi.org\/?page_id=3758"},"modified":"2024-12-06T17:49:39","modified_gmt":"2024-12-06T17:49:39","slug":"departamento-de-acuerdos-y-negociaciones","status":"publish","type":"page","link":"https:\/\/www.aladi.org\/pt\/organizacao-institucional\/secretaria-geral\/subsecretario-de-desenvolvimento-do-espaco-de-livre-comercio\/departamento-de-acordos-e-negociacoes\/","title":{"rendered":"Departamento de Acordos e Negocia\u00e7\u00f5es"},"content":{"rendered":"<div><span property=\"name\">Subsecretar\u00eda de Desarrollo del Espacio de Libre Comercio<\/span><\/div>\n<h1>\n<header class=\"entry-header\">\n<p class=\"entry-title\"><strong>Departamento de Acuerdos y Negociaciones<\/strong><\/p>\n<\/header>\n<\/h1>\n<p><img decoding=\"async\" src=\"\/wp-content\/uploads\/2024\/04\/AlejandroBonilla-DAN.jpg\" alt=\"\"><\/p>\n<div>\n<h2>Alejandro Bonilla<br \/>Jefe del Departamento de Acuerdos y Negociaciones<\/h2>\n<\/div>\n<div>\n<div>\n<p>Nacionalidad: mexicana<\/p>\n<\/div>\n<\/div>\n<h1>Funciones del Departamento:<\/h1>\n<div>\n<p>1. Apoyar los procesos de negociaci\u00f3n que realicen los pa\u00edses miembros en materia de acceso a los mercados de bienes y de sus disciplinas conexas, tales como: soluci\u00f3n de controversias, salvaguardias, reglas de origen, obst\u00e1culos t\u00e9cnicos al comercio y otras medidas de defensa comercial.<\/p>\n<p>2. Apoyar los procesos de negociaci\u00f3n que realicen los pa\u00edses miembros en materia de acceso a los mercados de servicios.<\/p>\n<p>3. Apoyar al seguimiento e implementaci\u00f3n de los mandatos de los \u00f3rganos pol\u00edticos de la Asociaci\u00f3n.<\/p>\n<p>4. Brindar apoyo t\u00e9cnico a los Grupos de Trabajo relacionados con las actividades del Departamento.<\/p>\n<p>5. Brindar apoyo t\u00e9cnico a las Reuniones de los \u00d3rganos Administradores de los Acuerdos suscritos al amparo del TM80.<\/p>\n<p>6. Elaborar proyectos de Acuerdos y Protocolos, realizar el seguimiento de los mismos y someter los textos a su suscripci\u00f3n. Elaborar, de oficio o a solicitud de las Partes Signatarias, las Actas de Rectificaci\u00f3n de los Acuerdos y Protocolos depositados en la Secretar\u00eda General.<\/p>\n<p>7. Revisar los textos de los Acuerdos y Protocolos suscritos por los pa\u00edses miembros y posteriormente remitidos a la Secretar\u00eda General para su dep\u00f3sito y registro y, cuando corresponda, proponer ajustes a los mismos.<\/p>\n<p>8. Brindar asistencia t\u00e9cnica a los gobiernos de los pa\u00edses miembros en la administraci\u00f3n y aplicaci\u00f3n de los Acuerdos vigentes y realizar un seguimiento permanente de los compromisos que en ellos se establecen.<\/p>\n<p>9. Mantener un registro actualizado de las reparticiones oficiales y entidades habilitadas por los pa\u00edses miembros para expedir certificados de origen, as\u00ed como la n\u00f3mina de funcionarios habilitados para firmarlos.<\/p>\n<p>10. Analizar, clasificar y mantener actualizada la informaci\u00f3n en las bases de datos sobre aranceles de importaci\u00f3n, correlaciones de nomenclaturas, medidas no arancelarias, normas reguladoras del comercio exterior y preferencias arancelarias negociadas en los Acuerdos suscritos al amparo del TM80, as\u00ed como acuerdos vigentes, acuerdos hist\u00f3ricos y reglas de origen.\u00a0<\/p>\n<p>11. Adecuar y actualizar las preferencias arancelarias negociadas al amparo del TM80 a la versi\u00f3n de NALADISA que corresponda, seg\u00fan las enmiendas del Sistema Armonizado de Designaci\u00f3n y Codificaci\u00f3n de Mercanc\u00edas.<\/p>\n<p>12. Elaborar informes, estudios y propuestas sobre normativa aduanera, en particular nomenclatura, normas y disciplinas comerciales en materia de bienes y servicios, inversiones, compras y contrataciones del sector p\u00fablico, propiedad intelectual, pol\u00edticas de competencia y protecci\u00f3n de los conocimientos tradicionales.<\/p>\n<p>13. Elaborar informes, estudios y propuestas, as\u00ed como dar seguimiento a las negociaciones multilaterales de la OMC, a los acuerdos en los que participan los pa\u00edses miembros y a las notificaciones en el marco de dicha Organizaci\u00f3n.<\/p>\n<p>14. Efectuar el seguimiento de las negociaciones y acuerdos internacionales en los que participen los pa\u00edses miembros que tengan incidencia en los compromisos asumidos por \u00e9stos en el \u00e1mbito del TM80.<\/p>\n<p>15. Atender consultas t\u00e9cnicas sobre la tem\u00e1tica del Departamento realizadas por usuarios p\u00fablicos y privados a trav\u00e9s del Servicio de Atenci\u00f3n al Usuario (SAU).<\/p>\n<p>16. Otras funciones espec\u00edficas que le sean asignadas por el Secretario General.<\/p>\n<\/div>\n<p><!--more--><br \/>\n<!-- {\"type\":\"layout\",\"children\":[{\"type\":\"section\",\"props\":{\"image_loading\":true,\"image_position\":\"top-center\",\"media_visibility\":\"m\",\"padding\":\"xsmall\",\"padding_remove_horizontal\":false,\"padding_remove_top\":false,\"style\":\"default\",\"title_breakpoint\":\"xl\",\"title_position\":\"top-left\",\"title_rotation\":\"left\",\"vertical_align\":\"\",\"width\":\"xlarge\"},\"children\":[{\"type\":\"row\",\"props\":{\"width\":\"xlarge\"},\"children\":[{\"type\":\"column\",\"props\":{\"image_position\":\"center-center\",\"position_sticky_breakpoint\":\"m\"},\"children\":[{\"type\":\"breadcrumbs\",\"props\":{\"margin\":\"remove-vertical\",\"margin_remove_top\":true,\"show_current\":true,\"show_home\":true}}]}]},{\"type\":\"row\",\"props\":{\"margin_remove_bottom\":false,\"width\":\"xlarge\"},\"children\":[{\"type\":\"column\",\"props\":{\"image_position\":\"center-center\",\"image_size\":\"cover\",\"padding\":\"none\",\"position_sticky_breakpoint\":\"m\",\"vertical_align\":\"middle\"},\"children\":[{\"type\":\"headline\",\"props\":{\"content\":\"<span property=\\\"name\\\">Subsecretar\\u00eda de Desarrollo del Espacio de Libre Comercio<\\\/span>\",\"content_pt_br\":\"<span property=\\\"name\\\">Subsecretaria de Desenvolvimento do Espa\\u00e7o de Livre Com\\u00e9rcio<\\\/span>\",\"link_style\":false,\"title_color\":\"primary\",\"title_element\":\"div\",\"title_style\":\"h6\"}},{\"type\":\"headline\",\"props\":{\"content\":\"\n\n<header class=\\\"entry-header\\\">\\n\n\n<p class=\\\"entry-title\\\"><strong>Departamento de Acuerdos y Negociaciones<\\\/strong><\\\/p>\\n<\\\/header>\",\"content_pt_br\":\"<strong>Departamento de Acordos e Negocia\\u00e7\\u00f5es<\\\/strong>\",\"margin\":\"medium\",\"margin_remove_bottom\":false,\"margin_remove_top\":false,\"maxwidth\":\"xlarge\",\"text_align\":\"left\",\"text_align_fallback\":\"center\",\"title_color\":\"secondary\",\"title_element\":\"h1\",\"title_style\":\"h1\"}}]}]}],\"name\":\"T\\u00edtulos\"},{\"type\":\"section\",\"props\":{\"image_position\":\"center-center\",\"padding_remove_top\":true,\"style\":\"default\",\"title_breakpoint\":\"xl\",\"title_position\":\"top-left\",\"title_rotation\":\"left\",\"vertical_align\":\"\",\"width\":\"default\"},\"children\":[{\"type\":\"row\",\"props\":{\"layout\":\"1-4,3-4\"},\"children\":[{\"type\":\"column\",\"props\":{\"image_position\":\"center-center\",\"position_sticky_breakpoint\":\"m\",\"width_medium\":\"1-4\"},\"children\":[{\"type\":\"image\",\"props\":{\"image\":\"wp-content\\\/uploads\\\/2024\\\/04\\\/AlejandroBonilla-DAN.jpg\",\"image_svg_color\":\"emphasis\",\"margin\":\"default\"}}]},{\"type\":\"column\",\"props\":{\"image_position\":\"center-center\",\"position_sticky_breakpoint\":\"m\",\"width_medium\":\"3-4\"},\"children\":[{\"type\":\"text\",\"props\":{\"column_breakpoint\":\"m\",\"content\":\"\n\n<h2>Alejandro Bonilla<br \\\/>Jefe del Departamento de Acuerdos y Negociaciones<\\\/h2>\",\"content_pt_br\":\"\n\n<h2>Alejandro Bonilla<br \\\/>Chefe do Departamento de Acordos e Negocia\\u00e7\\u00f5es<\\\/h2>\",\"margin\":\"default\"}},{\"type\":\"list\",\"props\":{\"column_breakpoint\":\"m\",\"image_align\":\"left\",\"image_svg_color\":\"emphasis\",\"image_vertical_align\":true,\"list_element\":\"ul\",\"list_horizontal_separator\":\", \",\"list_type\":\"vertical\",\"show_image\":true,\"show_link\":true},\"children\":[{\"type\":\"list_item\",\"props\":{\"content\":\"\n\n<p>Nacionalidad: mexicana<\\\/p>\",\"content_pt_br\":\"Nacionalidade: mexicana\",\"icon\":\"location\"}}]}]}]}]},{\"type\":\"section\",\"props\":{\"image_position\":\"center-center\",\"padding_remove_top\":true,\"style\":\"default\",\"title_breakpoint\":\"xl\",\"title_position\":\"top-left\",\"title_rotation\":\"left\",\"vertical_align\":\"\",\"width\":\"default\"},\"children\":[{\"type\":\"row\",\"children\":[{\"type\":\"column\",\"props\":{\"image_position\":\"center-center\",\"position_sticky_breakpoint\":\"m\"},\"children\":[{\"type\":\"headline\",\"props\":{\"content\":\"Funciones del Departamento:\",\"content_pt_br\":\"Fun\\u00e7\\u00f5es do Departamento:\",\"title_color\":\"secondary\",\"title_decoration\":\"bullet\",\"title_element\":\"h1\",\"title_style\":\"h4\"}},{\"type\":\"text\",\"props\":{\"column_breakpoint\":\"m\",\"content\":\"\n\n<p>1. Apoyar los procesos de negociaci\\u00f3n que realicen los pa\\u00edses miembros en materia de acceso a los mercados de bienes y de sus disciplinas conexas, tales como: soluci\\u00f3n de controversias, salvaguardias, reglas de origen, obst\\u00e1culos t\\u00e9cnicos al comercio y otras medidas de defensa comercial.<\\\/p>\\n\n\n<p>2. Apoyar los procesos de negociaci\\u00f3n que realicen los pa\\u00edses miembros en materia de acceso a los mercados de servicios.<\\\/p>\\n\n\n<p>3. Apoyar al seguimiento e implementaci\\u00f3n de los mandatos de los \\u00f3rganos pol\\u00edticos de la Asociaci\\u00f3n.<\\\/p>\\n\n\n<p>4. Brindar apoyo t\\u00e9cnico a los Grupos de Trabajo relacionados con las actividades del Departamento.<\\\/p>\\n\n\n<p>5. Brindar apoyo t\\u00e9cnico a las Reuniones de los \\u00d3rganos Administradores de los Acuerdos suscritos al amparo del TM80.<\\\/p>\\n\n\n<p>6. Elaborar proyectos de Acuerdos y Protocolos, realizar el seguimiento de los mismos y someter los textos a su suscripci\\u00f3n. Elaborar, de oficio o a solicitud de las Partes Signatarias, las Actas de Rectificaci\\u00f3n de los Acuerdos y Protocolos depositados en la Secretar\\u00eda General.<\\\/p>\\n\n\n<p>7. Revisar los textos de los Acuerdos y Protocolos suscritos por los pa\\u00edses miembros y posteriormente remitidos a la Secretar\\u00eda General para su dep\\u00f3sito y registro y, cuando corresponda, proponer ajustes a los mismos.<\\\/p>\\n\n\n<p>8. Brindar asistencia t\\u00e9cnica a los gobiernos de los pa\\u00edses miembros en la administraci\\u00f3n y aplicaci\\u00f3n de los Acuerdos vigentes y realizar un seguimiento permanente de los compromisos que en ellos se establecen.<\\\/p>\\n\n\n<p>9. Mantener un registro actualizado de las reparticiones oficiales y entidades habilitadas por los pa\\u00edses miembros para expedir certificados de origen, as\\u00ed como la n\\u00f3mina de funcionarios habilitados para firmarlos.<\\\/p>\\n\n\n<p>10. Analizar, clasificar y mantener actualizada la informaci\\u00f3n en las bases de datos sobre aranceles de importaci\\u00f3n, correlaciones de nomenclaturas, medidas no arancelarias, normas reguladoras del comercio exterior y preferencias arancelarias negociadas en los Acuerdos suscritos al amparo del TM80, as\\u00ed como acuerdos vigentes, acuerdos hist\\u00f3ricos y reglas de origen.\\u00a0<\\\/p>\\n\n\n<p>11. Adecuar y actualizar las preferencias arancelarias negociadas al amparo del TM80 a la versi\\u00f3n de NALADISA que corresponda, seg\\u00fan las enmiendas del Sistema Armonizado de Designaci\\u00f3n y Codificaci\\u00f3n de Mercanc\\u00edas.<\\\/p>\\n\n\n<p>12. Elaborar informes, estudios y propuestas sobre normativa aduanera, en particular nomenclatura, normas y disciplinas comerciales en materia de bienes y servicios, inversiones, compras y contrataciones del sector p\\u00fablico, propiedad intelectual, pol\\u00edticas de competencia y protecci\\u00f3n de los conocimientos tradicionales.<\\\/p>\\n\n\n<p>13. Elaborar informes, estudios y propuestas, as\\u00ed como dar seguimiento a las negociaciones multilaterales de la OMC, a los acuerdos en los que participan los pa\\u00edses miembros y a las notificaciones en el marco de dicha Organizaci\\u00f3n.<\\\/p>\\n\n\n<p>14. Efectuar el seguimiento de las negociaciones y acuerdos internacionales en los que participen los pa\\u00edses miembros que tengan incidencia en los compromisos asumidos por \\u00e9stos en el \\u00e1mbito del TM80.<\\\/p>\\n\n\n<p>15. Atender consultas t\\u00e9cnicas sobre la tem\\u00e1tica del Departamento realizadas por usuarios p\\u00fablicos y privados a trav\\u00e9s del Servicio de Atenci\\u00f3n al Usuario (SAU).<\\\/p>\\n\n\n<p>16. Otras funciones espec\\u00edficas que le sean asignadas por el Secretario General.<\\\/p>\",\"content_pt_br\":\"\n\n<p>1. Apoiar os processos de negocia\\u00e7\\u00e3o que os pa\\u00edses-membros realizarem em mat\\u00e9ria de acesso aos mercados de bens e de suas disciplinas conexas, como solu\\u00e7\\u00e3o de controv\\u00e9rsias, salvaguardas, regras de origem, barreiras t\\u00e9cnicas ao com\\u00e9rcio e outras medidas de defesa comercial.<\\\/p>\\n\n\n<p>2. Apoiar os processos de negocia\\u00e7\\u00e3o que os pa\\u00edses-membros realizarem em mat\\u00e9ria de acesso aos mercados de servi\\u00e7os.<\\\/p>\\n\n\n<p>3. Apoiar o acompanhamento e a implementa\\u00e7\\u00e3o dos mandatos dos \\u00f3rg\\u00e3os pol\\u00edticos da Associa\\u00e7\\u00e3o.<\\\/p>\\n\n\n<p>4. Prestar apoio t\\u00e9cnico aos Grupos de Trabalho relacionados com as atividades do Departamento.<\\\/p>\\n\n\n<p>5. Prestar apoio t\\u00e9cnico \\u00e0s Reuni\\u00f5es dos \\u00d3rg\\u00e3os Administradores dos Acordos assinados ao amparo do TM80.<\\\/p>\\n\n\n<p>6. Elaborar projetos de Acordos e Protocolos, fazer o acompanhamento dos mesmos e submeter os textos \\u00e0 sua assinatura. Elaborar, de of\\u00edcio ou em requerimento das partes signat\\u00e1rias, as Atas de Retifica\\u00e7\\u00e3o dos Acordos e dos Protocolos depositados na Secretaria-Geral.<\\\/p>\\n\n\n<p>7. Revisar os textos dos Acordos e dos Protocolos assinados pelos pa\\u00edses-membros e enviados posteriormente \\u00e0 Secretaria-Geral para seu dep\\u00f3sito e registro e, quando corresponder, propor ajustes aos mesmos.<\\\/p>\\n\n\n<p>8. Prestar assist\\u00eancia t\\u00e9cnica aos governos dos pa\\u00edses-membros na administra\\u00e7\\u00e3o e na aplica\\u00e7\\u00e3o dos acordos em vigor e acompanhar permanentemente os compromissos neles estabelecidos.<\\\/p>\\n\n\n<p>9. Manter um registro atualizado das reparti\\u00e7\\u00f5es oficiais e das entidades habilitadas pelos pa\\u00edses-membros para emitir certificados de origem, bem como da lista de funcion\\u00e1rios habilitados para assin\\u00e1-los.<\\\/p>\\n\n\n<p>10. Analisar, classificar e manter atualizadas as informa\\u00e7\\u00f5es nas bases de dados sobre tarifas de importa\\u00e7\\u00e3o, correla\\u00e7\\u00f5es de nomenclaturas, medidas n\\u00e3o tarif\\u00e1rias, normas reguladoras do com\\u00e9rcio exterior e prefer\\u00eancias tarif\\u00e1rias negociadas nos acordos assinados ao amparo do TM80, bem como acordos em vigor, acordos hist\\u00f3ricos e regras de origem.<\\\/p>\\n\n\n<p>11. Adequar e atualizar as prefer\\u00eancias tarif\\u00e1rias negociadas ao amparo do TM80 \\u00e0 vers\\u00e3o NALADI\\\/SH que corresponder, segundo as emendas do Sistema Harmonizado de Designa\\u00e7\\u00e3o e Codifica\\u00e7\\u00e3o de Mercadorias.<\\\/p>\\n\n\n<p>12. Elaborar relat\\u00f3rios, estudos e propostas sobre normas aduaneiras, em particular, nomenclatura, normas e disciplinas comerciais em mat\\u00e9ria de bens e servi\\u00e7os, investimentos, compras e contrata\\u00e7\\u00f5es do setor p\\u00fablico, propriedade intelectual, pol\\u00edticas de concorr\\u00eancia e prote\\u00e7\\u00e3o dos conhecimentos tradicionais.<\\\/p>\\n\n\n<p>13. Elaborar relat\\u00f3rios, estudos e propostas e acompanhar as negocia\\u00e7\\u00f5es multilaterais da OMC, dos acordos em que os pa\\u00edses-membros participam e das notifica\\u00e7\\u00f5es no \\u00e2mbito dessa organiza\\u00e7\\u00e3o.<\\\/p>\\n\n\n<p>14. Acompanhar as negocia\\u00e7\\u00f5es e os acordos internacionais em que participem os pa\\u00edses-membros que tiverem incid\\u00eancia nos compromissos por eles assumidos no \\u00e2mbito do TM80.<\\\/p>\\n\n\n<p>15. Atender a consultas t\\u00e9cnicas sobre os temas do Departamento feitas por usu\\u00e1rios p\\u00fablicos e particulares por meio do Servi\\u00e7o de Atendimento ao Usu\\u00e1rio (SAU).<\\\/p>\\n\n\n<p>16. Outras fun\\u00e7\\u00f5es espec\\u00edficas determinadas pelo Secret\\u00e1rio-Geral.<\\\/p>\",\"margin\":\"default\"}}]}]}]}],\"version\":\"4.4.12\"} --><\/p>\n","protected":false},"excerpt":{"rendered":"<p>Subsecretar\u00eda de Desarrollo del Espacio de Libre Comercio Departamento de Acuerdos y Negociaciones Alejandro BonillaJefe del Departamento de Acuerdos y Negociaciones Nacionalidad: mexicana Funciones del Departamento: 1. Apoyar los procesos de negociaci\u00f3n que realicen los pa\u00edses miembros en materia de acceso a los mercados de bienes y de sus disciplinas conexas, tales como: soluci\u00f3n de [&hellip;]<\/p>\n","protected":false},"author":2,"featured_media":0,"parent":3731,"menu_order":0,"comment_status":"closed","ping_status":"closed","template":"","meta":{"_acf_changed":false,"footnotes":""},"class_list":["post-3758","page","type-page","status-publish","hentry"],"acf":[],"yoast_head":"<!-- This site is optimized with the Yoast SEO plugin v26.5 - https:\/\/yoast.com\/wordpress\/plugins\/seo\/ -->\n<title>Departamento de Acordos e Negocia\u00e7\u00f5es<\/title>\n<meta name=\"robots\" content=\"index, follow, max-snippet:-1, max-image-preview:large, max-video-preview:-1\" \/>\n<meta property=\"og:locale\" content=\"pt_BR\" \/>\n<meta property=\"og:type\" content=\"article\" \/>\n<meta property=\"og:title\" content=\"Departamento de Acordos e Negocia\u00e7\u00f5es\" \/>\n<meta property=\"og:url\" content=\"https:\/\/www.aladi.org\/pt\/organizacao-institucional\/secretaria-geral\/subsecretario-de-desenvolvimento-do-espaco-de-livre-comercio\/departamento-de-acordos-e-negociacoes\/\" \/>\n<meta property=\"og:site_name\" content=\"ALADI\" \/>\n<meta property=\"article:publisher\" content=\"https:\/\/es-la.facebook.com\/people\/ALADI\/100064606213084\/\" \/>\n<meta property=\"article:modified_time\" content=\"2024-12-06T17:49:39+00:00\" \/>\n<meta name=\"twitter:card\" content=\"summary_large_image\" \/>\n<meta name=\"twitter:site\" content=\"@ALADI_SG\" \/>\n<meta name=\"twitter:label1\" content=\"Est. reading time\" \/>\n\t<meta name=\"twitter:data1\" content=\"3 minutes\" \/>\n<script type=\"application\/ld+json\" class=\"yoast-schema-graph\">{\"@context\":\"https:\/\/schema.org\",\"@graph\":[{\"@type\":\"WebPage\",\"@id\":\"https:\/\/www.aladi.org\/pt\/organizacao-institucional\/secretaria-geral\/subsecretario-de-desenvolvimento-do-espaco-de-livre-comercio\/departamento-de-acordos-e-negociacoes\/\",\"url\":\"https:\/\/www.aladi.org\/pt\/organizacao-institucional\/secretaria-geral\/subsecretario-de-desenvolvimento-do-espaco-de-livre-comercio\/departamento-de-acordos-e-negociacoes\/\",\"name\":\"Departamento de Acuerdos y Negociaciones - ALADI\",\"isPartOf\":{\"@id\":\"https:\/\/www.aladi.org\/#website\"},\"datePublished\":\"2024-04-15T16:06:30+00:00\",\"dateModified\":\"2024-12-06T17:49:39+00:00\",\"breadcrumb\":{\"@id\":\"https:\/\/www.aladi.org\/pt\/organizacao-institucional\/secretaria-geral\/subsecretario-de-desenvolvimento-do-espaco-de-livre-comercio\/departamento-de-acordos-e-negociacoes\/#breadcrumb\"},\"inLanguage\":\"pt-BR\",\"potentialAction\":[{\"@type\":\"ReadAction\",\"target\":[\"https:\/\/www.aladi.org\/pt\/organizacao-institucional\/secretaria-geral\/subsecretario-de-desenvolvimento-do-espaco-de-livre-comercio\/departamento-de-acordos-e-negociacoes\/\"]}]},{\"@type\":\"BreadcrumbList\",\"@id\":\"https:\/\/www.aladi.org\/pt\/organizacao-institucional\/secretaria-geral\/subsecretario-de-desenvolvimento-do-espaco-de-livre-comercio\/departamento-de-acordos-e-negociacoes\/#breadcrumb\",\"itemListElement\":[{\"@type\":\"ListItem\",\"position\":1,\"name\":\"Home\",\"item\":\"https:\/\/www.aladi.org\/\"},{\"@type\":\"ListItem\",\"position\":2,\"name\":\"Organiza\u00e7\u00e3o Institucional\",\"item\":\"https:\/\/www.aladi.org\/organizacion-institucional\/\"},{\"@type\":\"ListItem\",\"position\":3,\"name\":\"Secretaria-Geral\",\"item\":\"https:\/\/www.aladi.org\/organizacion-institucional\/secretaria-general\/\"},{\"@type\":\"ListItem\",\"position\":4,\"name\":\"Subsecret\u00e1rio de Desenvolvimento do Espa\u00e7o de Livre Com\u00e9rcio\",\"item\":\"https:\/\/www.aladi.org\/organizacion-institucional\/secretaria-general\/subsecretario-de-desarrollo-del-espacio-de-libre-comercio\/\"},{\"@type\":\"ListItem\",\"position\":5,\"name\":\"Departamento de Acordos e Negocia\u00e7\u00f5es\"}]},{\"@type\":\"WebSite\",\"@id\":\"https:\/\/www.aladi.org\/pt\/#website\",\"url\":\"https:\/\/www.aladi.org\/pt\/\",\"name\":\"ALADI\",\"description\":\"Asociaci\u00f3n Latinoamericana de Integraci\u00f3n\",\"publisher\":{\"@id\":\"https:\/\/www.aladi.org\/pt\/#organization\"},\"potentialAction\":[{\"@type\":\"SearchAction\",\"target\":{\"@type\":\"EntryPoint\",\"urlTemplate\":\"https:\/\/www.aladi.org\/pt\/?s={search_term_string}\"},\"query-input\":{\"@type\":\"PropertyValueSpecification\",\"valueRequired\":true,\"valueName\":\"search_term_string\"}}],\"inLanguage\":\"pt-BR\"},{\"@type\":\"Organization\",\"@id\":\"https:\/\/www.aladi.org\/pt\/#organization\",\"name\":\"ALADI\",\"url\":\"https:\/\/www.aladi.org\/pt\/\",\"logo\":{\"@type\":\"ImageObject\",\"inLanguage\":\"pt-BR\",\"@id\":\"https:\/\/www.aladi.org\/pt\/#\/schema\/logo\/image\/\",\"url\":\"https:\/\/www.aladi.org\/wp-content\/uploads\/2025\/12\/Logo-ALADI.png\",\"contentUrl\":\"https:\/\/www.aladi.org\/wp-content\/uploads\/2025\/12\/Logo-ALADI.png\",\"width\":375,\"height\":235,\"caption\":\"ALADI\"},\"image\":{\"@id\":\"https:\/\/www.aladi.org\/pt\/#\/schema\/logo\/image\/\"},\"sameAs\":[\"https:\/\/es-la.facebook.com\/people\/ALADI\/100064606213084\/\",\"https:\/\/x.com\/ALADI_SG\",\"https:\/\/www.instagram.com\/aladi_sg\/?hl=es\",\"https:\/\/www.linkedin.com\/company\/aladi\/\",\"https:\/\/www.flickr.com\/photos\/aladi\/\",\"https:\/\/www.youtube.com\/channel\/UCrkJWOWHKF6igQmWE8Clnpg\"]}]}<\/script>\n<!-- \/ Yoast SEO plugin. -->","yoast_head_json":{"title":"Departamento de Acordos e Negocia\u00e7\u00f5es","robots":{"index":"index","follow":"follow","max-snippet":"max-snippet:-1","max-image-preview":"max-image-preview:large","max-video-preview":"max-video-preview:-1"},"og_locale":"pt_BR","og_type":"article","og_title":"Departamento de Acordos e Negocia\u00e7\u00f5es","og_url":"https:\/\/www.aladi.org\/pt\/organizacao-institucional\/secretaria-geral\/subsecretario-de-desenvolvimento-do-espaco-de-livre-comercio\/departamento-de-acordos-e-negociacoes\/","og_site_name":"ALADI","article_publisher":"https:\/\/es-la.facebook.com\/people\/ALADI\/100064606213084\/","article_modified_time":"2024-12-06T17:49:39+00:00","twitter_card":"summary_large_image","twitter_site":"@ALADI_SG","twitter_misc":{"Est. reading time":"3 minutes"},"schema":{"@context":"https:\/\/schema.org","@graph":[{"@type":"WebPage","@id":"https:\/\/www.aladi.org\/pt\/organizacao-institucional\/secretaria-geral\/subsecretario-de-desenvolvimento-do-espaco-de-livre-comercio\/departamento-de-acordos-e-negociacoes\/","url":"https:\/\/www.aladi.org\/pt\/organizacao-institucional\/secretaria-geral\/subsecretario-de-desenvolvimento-do-espaco-de-livre-comercio\/departamento-de-acordos-e-negociacoes\/","name":"Departamento de Acuerdos y Negociaciones - ALADI","isPartOf":{"@id":"https:\/\/www.aladi.org\/#website"},"datePublished":"2024-04-15T16:06:30+00:00","dateModified":"2024-12-06T17:49:39+00:00","breadcrumb":{"@id":"https:\/\/www.aladi.org\/pt\/organizacao-institucional\/secretaria-geral\/subsecretario-de-desenvolvimento-do-espaco-de-livre-comercio\/departamento-de-acordos-e-negociacoes\/#breadcrumb"},"inLanguage":"pt-BR","potentialAction":[{"@type":"ReadAction","target":["https:\/\/www.aladi.org\/pt\/organizacao-institucional\/secretaria-geral\/subsecretario-de-desenvolvimento-do-espaco-de-livre-comercio\/departamento-de-acordos-e-negociacoes\/"]}]},{"@type":"BreadcrumbList","@id":"https:\/\/www.aladi.org\/pt\/organizacao-institucional\/secretaria-geral\/subsecretario-de-desenvolvimento-do-espaco-de-livre-comercio\/departamento-de-acordos-e-negociacoes\/#breadcrumb","itemListElement":[{"@type":"ListItem","position":1,"name":"Home","item":"https:\/\/www.aladi.org\/"},{"@type":"ListItem","position":2,"name":"Organiza\u00e7\u00e3o Institucional","item":"https:\/\/www.aladi.org\/organizacion-institucional\/"},{"@type":"ListItem","position":3,"name":"Secretaria-Geral","item":"https:\/\/www.aladi.org\/organizacion-institucional\/secretaria-general\/"},{"@type":"ListItem","position":4,"name":"Subsecret\u00e1rio de Desenvolvimento do Espa\u00e7o de Livre Com\u00e9rcio","item":"https:\/\/www.aladi.org\/organizacion-institucional\/secretaria-general\/subsecretario-de-desarrollo-del-espacio-de-libre-comercio\/"},{"@type":"ListItem","position":5,"name":"Departamento de Acordos e Negocia\u00e7\u00f5es"}]},{"@type":"WebSite","@id":"https:\/\/www.aladi.org\/pt\/#website","url":"https:\/\/www.aladi.org\/pt\/","name":"ALADI","description":"Asociaci\u00f3n Latinoamericana de Integraci\u00f3n","publisher":{"@id":"https:\/\/www.aladi.org\/pt\/#organization"},"potentialAction":[{"@type":"SearchAction","target":{"@type":"EntryPoint","urlTemplate":"https:\/\/www.aladi.org\/pt\/?s={search_term_string}"},"query-input":{"@type":"PropertyValueSpecification","valueRequired":true,"valueName":"search_term_string"}}],"inLanguage":"pt-BR"},{"@type":"Organization","@id":"https:\/\/www.aladi.org\/pt\/#organization","name":"ALADI","url":"https:\/\/www.aladi.org\/pt\/","logo":{"@type":"ImageObject","inLanguage":"pt-BR","@id":"https:\/\/www.aladi.org\/pt\/#\/schema\/logo\/image\/","url":"https:\/\/www.aladi.org\/wp-content\/uploads\/2025\/12\/Logo-ALADI.png","contentUrl":"https:\/\/www.aladi.org\/wp-content\/uploads\/2025\/12\/Logo-ALADI.png","width":375,"height":235,"caption":"ALADI"},"image":{"@id":"https:\/\/www.aladi.org\/pt\/#\/schema\/logo\/image\/"},"sameAs":["https:\/\/es-la.facebook.com\/people\/ALADI\/100064606213084\/","https:\/\/x.com\/ALADI_SG","https:\/\/www.instagram.com\/aladi_sg\/?hl=es","https:\/\/www.linkedin.com\/company\/aladi\/","https:\/\/www.flickr.com\/photos\/aladi\/","https:\/\/www.youtube.com\/channel\/UCrkJWOWHKF6igQmWE8Clnpg"]}]}},"jetpack_sharing_enabled":true,"_links":{"self":[{"href":"https:\/\/www.aladi.org\/pt\/wp-json\/wp\/v2\/pages\/3758","targetHints":{"allow":["GET"]}}],"collection":[{"href":"https:\/\/www.aladi.org\/pt\/wp-json\/wp\/v2\/pages"}],"about":[{"href":"https:\/\/www.aladi.org\/pt\/wp-json\/wp\/v2\/types\/page"}],"author":[{"embeddable":true,"href":"https:\/\/www.aladi.org\/pt\/wp-json\/wp\/v2\/users\/2"}],"replies":[{"embeddable":true,"href":"https:\/\/www.aladi.org\/pt\/wp-json\/wp\/v2\/comments?post=3758"}],"version-history":[{"count":12,"href":"https:\/\/www.aladi.org\/pt\/wp-json\/wp\/v2\/pages\/3758\/revisions"}],"predecessor-version":[{"id":6156,"href":"https:\/\/www.aladi.org\/pt\/wp-json\/wp\/v2\/pages\/3758\/revisions\/6156"}],"up":[{"embeddable":true,"href":"https:\/\/www.aladi.org\/pt\/wp-json\/wp\/v2\/pages\/3731"}],"wp:attachment":[{"href":"https:\/\/www.aladi.org\/pt\/wp-json\/wp\/v2\/media?parent=3758"}],"curies":[{"name":"wp","href":"https:\/\/api.w.org\/{rel}","templated":true}]}}