{"id":3754,"date":"2024-04-15T15:34:39","date_gmt":"2024-04-15T15:34:39","guid":{"rendered":"https:\/\/sitio.aladi.org\/?page_id=3754"},"modified":"2024-12-06T17:47:28","modified_gmt":"2024-12-06T17:47:28","slug":"oficina-de-asuntos-institucionales-y-comunicacion","status":"publish","type":"page","link":"https:\/\/www.aladi.org\/pt\/organizacao-institucional\/secretaria-geral\/escritorio-de-assuntos-institucionais-e-comunicacao\/","title":{"rendered":"Escrit\u00f3rio de Assuntos Institucionais e Comunica\u00e7\u00e3o"},"content":{"rendered":"<div>Secretar\u00eda General<\/div>\n<h1>\n<p class=\"entry-title\"><strong>Oficina de Asuntos Institucionales y Comunicaci\u00f3n<\/strong><\/p>\n<\/h1>\n<h1>Corresponde a la Oficina de Asuntos Institucionales y Comunicaci\u00f3n<\/h1>\n<div>\n<p>1. Prestar el apoyo necesario en materia de organizaci\u00f3n y funcionamiento de las reuniones de la Asociaci\u00f3n en general y especialmente del Consejo de Ministros de Relaciones Exteriores, la Conferencia de Evaluaci\u00f3n y Convergencia y el Comit\u00e9 de Representantes.<\/p>\n<p>2. Apoyar las reuniones de los Jefes de Representaci\u00f3n, Representaciones, Delegaciones y Grupos de Trabajo.<\/p>\n<p>3. Auxiliar al Secretario General en la coordinaci\u00f3n con los diferentes organismos internacionales de integraci\u00f3n y cooperaci\u00f3n, as\u00ed como en la programaci\u00f3n y seguimiento de las actividades de la Secretar\u00eda General que aseguren el cumplimiento de los mandatos y compromisos asumidos con dichos organismos.<\/p>\n<p>4. Proponer al Secretario General la pol\u00edtica de comunicaci\u00f3n y difusi\u00f3n a ser ejecutada por la ALADI e implementarla una vez que sea aprobada por el Comit\u00e9 de Representantes.<\/p>\n<p>5. Promover el conocimiento de la ALADI a trav\u00e9s de la difusi\u00f3n de sus acciones y actividades.<\/p>\n<p>6. Elaborar comunicados de prensa y boletines de noticias en los que se informe sobre acciones relevantes generadas en el \u00e1mbito del Consejo de Ministros, Conferencia de Evaluaci\u00f3n y Convergencia, Comit\u00e9 de Representantes y de la Secretar\u00eda General, as\u00ed como de otras reuniones.<\/p>\n<p>7. Mantener una permanente vinculaci\u00f3n con los medios de comunicaci\u00f3n de los Pa\u00edses Miembros, agencias noticiosas internacionales, y medios de prensa de terceros pa\u00edses y organizaciones internacionales.<\/p>\n<p>8. Apoyar los eventos y reuniones que se desarrollen en la Secretar\u00eda General a trav\u00e9s de la organizaci\u00f3n de conferencias de prensa, fotograf\u00eda, boletines y documentos a ser colocados en el sitio WEB de la Asociaci\u00f3n.<\/p>\n<p>9. Coordinar las actividades protocolares de la Asociaci\u00f3n, incluso en lo que refiere a la relaci\u00f3n con las autoridades del pa\u00eds sede y a los requerimientos de las Representaciones Permanentes.<\/p>\n<p>10. Coordinar y supervisar las tareas de tr\u00e1mite, documentaci\u00f3n, dise\u00f1o gr\u00e1fico e impresi\u00f3n<\/p>\n<p>11. Desempe\u00f1ar otras funciones que le asigne el Secretario General.<\/p>\n<p><span>12. Gestionar, mantener y enriquecer el acervo bibliogr\u00e1fico-documental, administrando el presupuesto asignado a tales fines, de acuerdo a los objetivos de la ALADI y a la din\u00e1mica regional e internacional, brindando a los usuarios informaci\u00f3n relevante y oportuna, mediante la actualizaci\u00f3n constante, tanto de las colecciones como de la aplicaci\u00f3n de las modernas tecnolog\u00edas de la informaci\u00f3n facilitando el manejo integral de la biblioteca, optimizando los servicios.<\/span><\/p>\n<\/div>\n<p><!--more--><br \/>\n<!-- {\"type\":\"layout\",\"children\":[{\"type\":\"section\",\"props\":{\"image_loading\":true,\"image_position\":\"top-center\",\"media_visibility\":\"m\",\"padding\":\"xsmall\",\"padding_remove_horizontal\":false,\"padding_remove_top\":false,\"style\":\"default\",\"title_breakpoint\":\"xl\",\"title_position\":\"top-left\",\"title_rotation\":\"left\",\"vertical_align\":\"\",\"width\":\"xlarge\"},\"children\":[{\"type\":\"row\",\"props\":{\"width\":\"xlarge\"},\"children\":[{\"type\":\"column\",\"props\":{\"image_position\":\"center-center\",\"position_sticky_breakpoint\":\"m\"},\"children\":[{\"type\":\"breadcrumbs\",\"props\":{\"margin\":\"remove-vertical\",\"margin_remove_top\":true,\"show_current\":true,\"show_home\":true}}]}]},{\"type\":\"row\",\"props\":{\"margin_remove_bottom\":false,\"width\":\"xlarge\"},\"children\":[{\"type\":\"column\",\"props\":{\"image_position\":\"center-center\",\"image_size\":\"cover\",\"padding\":\"none\",\"position_sticky_breakpoint\":\"m\",\"vertical_align\":\"middle\"},\"children\":[{\"type\":\"headline\",\"props\":{\"content\":\"Secretar\\u00eda General\",\"content_pt_br\":\"Secretaria-Geral\",\"link_style\":false,\"title_color\":\"primary\",\"title_element\":\"div\",\"title_style\":\"h6\"}},{\"type\":\"headline\",\"props\":{\"content\":\"\n\n<p class=\\\"entry-title\\\"><strong>Oficina de Asuntos Institucionales y Comunicaci\\u00f3n<\\\/strong><\\\/p>\",\"content_pt_br\":\"<strong>Escrit\\u00f3rio de Assuntos Institucionais e Comunica\\u00e7\\u00e3o<\\\/strong>\",\"margin\":\"default\",\"margin_remove_bottom\":false,\"margin_remove_top\":false,\"maxwidth\":\"xlarge\",\"text_align\":\"left\",\"text_align_fallback\":\"center\",\"title_color\":\"secondary\",\"title_element\":\"h1\",\"title_style\":\"h1\"}}]}]}],\"name\":\"T\\u00edtulos\"},{\"type\":\"section\",\"props\":{\"image_position\":\"center-center\",\"padding_remove_top\":true,\"style\":\"default\",\"title_breakpoint\":\"xl\",\"title_position\":\"top-left\",\"title_rotation\":\"left\",\"vertical_align\":\"\",\"width\":\"default\"},\"children\":[{\"type\":\"row\",\"children\":[{\"type\":\"column\",\"props\":{\"image_position\":\"center-center\",\"position_sticky_breakpoint\":\"m\"},\"children\":[{\"type\":\"headline\",\"props\":{\"content\":\"Corresponde a la Oficina de Asuntos Institucionales y Comunicaci\\u00f3n\",\"content_pt_br\":\"Cabe ao Escrit\\u00f3rio de Assuntos Institucionais e Comunica\\u00e7\\u00e3o:\",\"title_color\":\"secondary\",\"title_decoration\":\"bullet\",\"title_element\":\"h1\",\"title_style\":\"h4\"}},{\"type\":\"text\",\"props\":{\"column_breakpoint\":\"m\",\"content\":\"\n\n<p>1. Prestar el apoyo necesario en materia de organizaci\\u00f3n y funcionamiento de las reuniones de la Asociaci\\u00f3n en general y especialmente del Consejo de Ministros de Relaciones Exteriores, la Conferencia de Evaluaci\\u00f3n y Convergencia y el Comit\\u00e9 de Representantes.<\\\/p>\\n\n\n<p>2. Apoyar las reuniones de los Jefes de Representaci\\u00f3n, Representaciones, Delegaciones y Grupos de Trabajo.<\\\/p>\\n\n\n<p>3. Auxiliar al Secretario General en la coordinaci\\u00f3n con los diferentes organismos internacionales de integraci\\u00f3n y cooperaci\\u00f3n, as\\u00ed como en la programaci\\u00f3n y seguimiento de las actividades de la Secretar\\u00eda General que aseguren el cumplimiento de los mandatos y compromisos asumidos con dichos organismos.<\\\/p>\\n\n\n<p>4. Proponer al Secretario General la pol\\u00edtica de comunicaci\\u00f3n y difusi\\u00f3n a ser ejecutada por la ALADI e implementarla una vez que sea aprobada por el Comit\\u00e9 de Representantes.<\\\/p>\\n\n\n<p>5. Promover el conocimiento de la ALADI a trav\\u00e9s de la difusi\\u00f3n de sus acciones y actividades.<\\\/p>\\n\n\n<p>6. Elaborar comunicados de prensa y boletines de noticias en los que se informe sobre acciones relevantes generadas en el \\u00e1mbito del Consejo de Ministros, Conferencia de Evaluaci\\u00f3n y Convergencia, Comit\\u00e9 de Representantes y de la Secretar\\u00eda General, as\\u00ed como de otras reuniones.<\\\/p>\\n\n\n<p>7. Mantener una permanente vinculaci\\u00f3n con los medios de comunicaci\\u00f3n de los Pa\\u00edses Miembros, agencias noticiosas internacionales, y medios de prensa de terceros pa\\u00edses y organizaciones internacionales.<\\\/p>\\n\n\n<p>8. Apoyar los eventos y reuniones que se desarrollen en la Secretar\\u00eda General a trav\\u00e9s de la organizaci\\u00f3n de conferencias de prensa, fotograf\\u00eda, boletines y documentos a ser colocados en el sitio WEB de la Asociaci\\u00f3n.<\\\/p>\\n\n\n<p>9. Coordinar las actividades protocolares de la Asociaci\\u00f3n, incluso en lo que refiere a la relaci\\u00f3n con las autoridades del pa\\u00eds sede y a los requerimientos de las Representaciones Permanentes.<\\\/p>\\n\n\n<p>10. Coordinar y supervisar las tareas de tr\\u00e1mite, documentaci\\u00f3n, dise\\u00f1o gr\\u00e1fico e impresi\\u00f3n<\\\/p>\\n\n\n<p>11. Desempe\\u00f1ar otras funciones que le asigne el Secretario General.<\\\/p>\\n\n\n<p><span>12. Gestionar, mantener y enriquecer el acervo bibliogr\\u00e1fico-documental, administrando el presupuesto asignado a tales fines, de acuerdo a los objetivos de la ALADI y a la din\\u00e1mica regional e internacional, brindando a los usuarios informaci\\u00f3n relevante y oportuna, mediante la actualizaci\\u00f3n constante, tanto de las colecciones como de la aplicaci\\u00f3n de las modernas tecnolog\\u00edas de la informaci\\u00f3n facilitando el manejo integral de la biblioteca, optimizando los servicios.<\\\/span><\\\/p>\",\"content_pt_br\":\"\n\n<p>1. prestar o apoio necess\\u00e1rio em mat\\u00e9ria de organiza\\u00e7\\u00e3o e funcionamento das reuni\\u00f5es da Associa\\u00e7\\u00e3o em geral, e, especialmente, do Conselho de Ministros das Rela\\u00e7\\u00f5es Exteriores, da Confer\\u00eancia de Avalia\\u00e7\\u00e3o e Converg\\u00eancia e do Comit\\u00ea de Representantes;<\\\/p>\\n\n\n<p>2. apoiar as reuni\\u00f5es dos chefes de Representa\\u00e7\\u00e3o, Representa\\u00e7\\u00f5es, Delega\\u00e7\\u00f5es e Grupos de Trabalho;<\\\/p>\\n\n\n<p>3. auxiliar o Secret\\u00e1rio-Geral na coordena\\u00e7\\u00e3o com os diferentes organismos internacionais de integra\\u00e7\\u00e3o e coopera\\u00e7\\u00e3o, bem como na programa\\u00e7\\u00e3o e no acompanhamento das atividades da Secretaria-Geral que garantam o cumprimento dos mandados e dos compromissos assumidos com os mencionados organismos;<\\\/p>\\n\n\n<p>4. propor ao Secret\\u00e1rio-Geral a pol\\u00edtica de comunica\\u00e7\\u00e3o e difus\\u00e3o a ser executada pela ALADI e implement\\u00e1-la ap\\u00f3s sua aprova\\u00e7\\u00e3o pelo Comit\\u00ea de Representantes;<\\\/p>\\n\n\n<p>5. promover a divulga\\u00e7\\u00e3o da ALADI por meio da difus\\u00e3o de suas a\\u00e7\\u00f5es e atividades;<\\\/p>\\n\n\n<p>6. elaborar comunicados de imprensa e boletins de not\\u00edcias nos quais sejam informadas a\\u00e7\\u00f5es relevantes geradas no \\u00e2mbito do Conselho de Ministros, da Confer\\u00eancia de Avalia\\u00e7\\u00e3o e Converg\\u00eancia, do Comit\\u00ea de Representantes e da Secretaria-Geral, bem como de outras reuni\\u00f5es;<\\\/p>\\n\n\n<p>7. manter um permanente v\\u00ednculo com os meios de comunica\\u00e7\\u00e3o dos pa\\u00edses-membros, ag\\u00eancias de not\\u00edcias internacionais e meios de imprensa de terceiros pa\\u00edses e organiza\\u00e7\\u00f5es internacionais;<\\\/p>\\n\n\n<p>8. apoiar os eventos e reuni\\u00f5es realizados na Secretaria-Geral, por meio da organiza\\u00e7\\u00e3o de entrevistas coletivas de imprensa, fotografia, boletins e documentos a serem colocados na p\\u00e1gina web da Associa\\u00e7\\u00e3o;<\\\/p>\\n\n\n<p>9. coordenar as atividades protocolares da Associa\\u00e7\\u00e3o, inclusive no que se refere \\u00e0 rela\\u00e7\\u00e3o com as autoridades do pa\\u00eds sede e \\u00e0s solicita\\u00e7\\u00f5es das Representa\\u00e7\\u00f5es Permanentes;<\\\/p>\\n\n\n<p>10. coordenar e supervisionar as tarefas de tr\\u00e2mites, documenta\\u00e7\\u00e3o, desenho gr\\u00e1fico e impress\\u00e3o;<\\\/p>\\n\n\n<p>11. desempenhar outras fun\\u00e7\\u00f5es que lhe forem conferidas pelo Secret\\u00e1rio-Geral;<\\\/p>\\n\n\n<p><span>12. gerenciar, conservar e enriquecer o acervo bibliogr\\u00e1fico-documental, administrando o or\\u00e7amento destinado para esse fim, de acordo com os objetivos da ALADI e a din\\u00e2mica regional e internacional. Fornecer aos usu\\u00e1rios informa\\u00e7\\u00f5es relevantes e oportunas, por meio da atualiza\\u00e7\\u00e3o constante das cole\\u00e7\\u00f5es e da aplica\\u00e7\\u00e3o de modernas tecnologias de informa\\u00e7\\u00e3o, facilitando o gerenciamento abrangente da biblioteca e otimizando os servi\\u00e7os.<\\\/span><\\\/p>\",\"margin\":\"default\"}}]}]}]}],\"version\":\"4.4.12\"} --><\/p>\n","protected":false},"excerpt":{"rendered":"<p>Secretar\u00eda General Oficina de Asuntos Institucionales y Comunicaci\u00f3n Corresponde a la Oficina de Asuntos Institucionales y Comunicaci\u00f3n 1. Prestar el apoyo necesario en materia de organizaci\u00f3n y funcionamiento de las reuniones de la Asociaci\u00f3n en general y especialmente del Consejo de Ministros de Relaciones Exteriores, la Conferencia de Evaluaci\u00f3n y Convergencia y el Comit\u00e9 de [&hellip;]<\/p>\n","protected":false},"author":2,"featured_media":0,"parent":1812,"menu_order":0,"comment_status":"closed","ping_status":"closed","template":"","meta":{"_acf_changed":false,"footnotes":""},"class_list":["post-3754","page","type-page","status-publish","hentry"],"acf":[],"yoast_head":"<!-- This site is optimized with the Yoast SEO plugin v26.5 - https:\/\/yoast.com\/wordpress\/plugins\/seo\/ -->\n<title>Escrit\u00f3rio de Assuntos Institucionais e Comunica\u00e7\u00e3o<\/title>\n<meta name=\"robots\" content=\"index, follow, max-snippet:-1, max-image-preview:large, max-video-preview:-1\" \/>\n<meta property=\"og:locale\" content=\"pt_BR\" \/>\n<meta property=\"og:type\" content=\"article\" \/>\n<meta property=\"og:title\" content=\"Escrit\u00f3rio de Assuntos Institucionais e Comunica\u00e7\u00e3o\" \/>\n<meta property=\"og:url\" content=\"https:\/\/www.aladi.org\/pt\/organizacao-institucional\/secretaria-geral\/escritorio-de-assuntos-institucionais-e-comunicacao\/\" \/>\n<meta property=\"og:site_name\" content=\"ALADI\" \/>\n<meta property=\"article:publisher\" content=\"https:\/\/es-la.facebook.com\/people\/ALADI\/100064606213084\/\" \/>\n<meta property=\"article:modified_time\" content=\"2024-12-06T17:47:28+00:00\" \/>\n<meta name=\"twitter:card\" content=\"summary_large_image\" \/>\n<meta name=\"twitter:site\" content=\"@ALADI_SG\" \/>\n<meta name=\"twitter:label1\" content=\"Est. reading time\" \/>\n\t<meta name=\"twitter:data1\" content=\"2 minutes\" \/>\n<script type=\"application\/ld+json\" class=\"yoast-schema-graph\">{\"@context\":\"https:\/\/schema.org\",\"@graph\":[{\"@type\":\"WebPage\",\"@id\":\"https:\/\/www.aladi.org\/pt\/organizacao-institucional\/secretaria-geral\/escritorio-de-assuntos-institucionais-e-comunicacao\/\",\"url\":\"https:\/\/www.aladi.org\/pt\/organizacao-institucional\/secretaria-geral\/escritorio-de-assuntos-institucionais-e-comunicacao\/\",\"name\":\"Oficina de Asuntos Institucionales y Comunicaci\u00f3n - ALADI\",\"isPartOf\":{\"@id\":\"https:\/\/www.aladi.org\/#website\"},\"datePublished\":\"2024-04-15T15:34:39+00:00\",\"dateModified\":\"2024-12-06T17:47:28+00:00\",\"breadcrumb\":{\"@id\":\"https:\/\/www.aladi.org\/pt\/organizacao-institucional\/secretaria-geral\/escritorio-de-assuntos-institucionais-e-comunicacao\/#breadcrumb\"},\"inLanguage\":\"pt-BR\",\"potentialAction\":[{\"@type\":\"ReadAction\",\"target\":[\"https:\/\/www.aladi.org\/pt\/organizacao-institucional\/secretaria-geral\/escritorio-de-assuntos-institucionais-e-comunicacao\/\"]}]},{\"@type\":\"BreadcrumbList\",\"@id\":\"https:\/\/www.aladi.org\/pt\/organizacao-institucional\/secretaria-geral\/escritorio-de-assuntos-institucionais-e-comunicacao\/#breadcrumb\",\"itemListElement\":[{\"@type\":\"ListItem\",\"position\":1,\"name\":\"Home\",\"item\":\"https:\/\/www.aladi.org\/\"},{\"@type\":\"ListItem\",\"position\":2,\"name\":\"Organiza\u00e7\u00e3o Institucional\",\"item\":\"https:\/\/www.aladi.org\/organizacion-institucional\/\"},{\"@type\":\"ListItem\",\"position\":3,\"name\":\"Secretaria-Geral\",\"item\":\"https:\/\/www.aladi.org\/organizacion-institucional\/secretaria-general\/\"},{\"@type\":\"ListItem\",\"position\":4,\"name\":\"Escrit\u00f3rio de Assuntos Institucionais e Comunica\u00e7\u00e3o\"}]},{\"@type\":\"WebSite\",\"@id\":\"https:\/\/www.aladi.org\/pt\/#website\",\"url\":\"https:\/\/www.aladi.org\/pt\/\",\"name\":\"ALADI\",\"description\":\"Asociaci\u00f3n Latinoamericana de Integraci\u00f3n\",\"publisher\":{\"@id\":\"https:\/\/www.aladi.org\/pt\/#organization\"},\"potentialAction\":[{\"@type\":\"SearchAction\",\"target\":{\"@type\":\"EntryPoint\",\"urlTemplate\":\"https:\/\/www.aladi.org\/pt\/?s={search_term_string}\"},\"query-input\":{\"@type\":\"PropertyValueSpecification\",\"valueRequired\":true,\"valueName\":\"search_term_string\"}}],\"inLanguage\":\"pt-BR\"},{\"@type\":\"Organization\",\"@id\":\"https:\/\/www.aladi.org\/pt\/#organization\",\"name\":\"ALADI\",\"url\":\"https:\/\/www.aladi.org\/pt\/\",\"logo\":{\"@type\":\"ImageObject\",\"inLanguage\":\"pt-BR\",\"@id\":\"https:\/\/www.aladi.org\/pt\/#\/schema\/logo\/image\/\",\"url\":\"https:\/\/www.aladi.org\/wp-content\/uploads\/2025\/12\/Logo-ALADI.png\",\"contentUrl\":\"https:\/\/www.aladi.org\/wp-content\/uploads\/2025\/12\/Logo-ALADI.png\",\"width\":375,\"height\":235,\"caption\":\"ALADI\"},\"image\":{\"@id\":\"https:\/\/www.aladi.org\/pt\/#\/schema\/logo\/image\/\"},\"sameAs\":[\"https:\/\/es-la.facebook.com\/people\/ALADI\/100064606213084\/\",\"https:\/\/x.com\/ALADI_SG\",\"https:\/\/www.instagram.com\/aladi_sg\/?hl=es\",\"https:\/\/www.linkedin.com\/company\/aladi\/\",\"https:\/\/www.flickr.com\/photos\/aladi\/\",\"https:\/\/www.youtube.com\/channel\/UCrkJWOWHKF6igQmWE8Clnpg\"]}]}<\/script>\n<!-- \/ Yoast SEO plugin. -->","yoast_head_json":{"title":"Escrit\u00f3rio de Assuntos Institucionais e Comunica\u00e7\u00e3o","robots":{"index":"index","follow":"follow","max-snippet":"max-snippet:-1","max-image-preview":"max-image-preview:large","max-video-preview":"max-video-preview:-1"},"og_locale":"pt_BR","og_type":"article","og_title":"Escrit\u00f3rio de Assuntos Institucionais e Comunica\u00e7\u00e3o","og_url":"https:\/\/www.aladi.org\/pt\/organizacao-institucional\/secretaria-geral\/escritorio-de-assuntos-institucionais-e-comunicacao\/","og_site_name":"ALADI","article_publisher":"https:\/\/es-la.facebook.com\/people\/ALADI\/100064606213084\/","article_modified_time":"2024-12-06T17:47:28+00:00","twitter_card":"summary_large_image","twitter_site":"@ALADI_SG","twitter_misc":{"Est. reading time":"2 minutes"},"schema":{"@context":"https:\/\/schema.org","@graph":[{"@type":"WebPage","@id":"https:\/\/www.aladi.org\/pt\/organizacao-institucional\/secretaria-geral\/escritorio-de-assuntos-institucionais-e-comunicacao\/","url":"https:\/\/www.aladi.org\/pt\/organizacao-institucional\/secretaria-geral\/escritorio-de-assuntos-institucionais-e-comunicacao\/","name":"Oficina de Asuntos Institucionales y Comunicaci\u00f3n - ALADI","isPartOf":{"@id":"https:\/\/www.aladi.org\/#website"},"datePublished":"2024-04-15T15:34:39+00:00","dateModified":"2024-12-06T17:47:28+00:00","breadcrumb":{"@id":"https:\/\/www.aladi.org\/pt\/organizacao-institucional\/secretaria-geral\/escritorio-de-assuntos-institucionais-e-comunicacao\/#breadcrumb"},"inLanguage":"pt-BR","potentialAction":[{"@type":"ReadAction","target":["https:\/\/www.aladi.org\/pt\/organizacao-institucional\/secretaria-geral\/escritorio-de-assuntos-institucionais-e-comunicacao\/"]}]},{"@type":"BreadcrumbList","@id":"https:\/\/www.aladi.org\/pt\/organizacao-institucional\/secretaria-geral\/escritorio-de-assuntos-institucionais-e-comunicacao\/#breadcrumb","itemListElement":[{"@type":"ListItem","position":1,"name":"Home","item":"https:\/\/www.aladi.org\/"},{"@type":"ListItem","position":2,"name":"Organiza\u00e7\u00e3o Institucional","item":"https:\/\/www.aladi.org\/organizacion-institucional\/"},{"@type":"ListItem","position":3,"name":"Secretaria-Geral","item":"https:\/\/www.aladi.org\/organizacion-institucional\/secretaria-general\/"},{"@type":"ListItem","position":4,"name":"Escrit\u00f3rio de Assuntos Institucionais e Comunica\u00e7\u00e3o"}]},{"@type":"WebSite","@id":"https:\/\/www.aladi.org\/pt\/#website","url":"https:\/\/www.aladi.org\/pt\/","name":"ALADI","description":"Asociaci\u00f3n Latinoamericana de Integraci\u00f3n","publisher":{"@id":"https:\/\/www.aladi.org\/pt\/#organization"},"potentialAction":[{"@type":"SearchAction","target":{"@type":"EntryPoint","urlTemplate":"https:\/\/www.aladi.org\/pt\/?s={search_term_string}"},"query-input":{"@type":"PropertyValueSpecification","valueRequired":true,"valueName":"search_term_string"}}],"inLanguage":"pt-BR"},{"@type":"Organization","@id":"https:\/\/www.aladi.org\/pt\/#organization","name":"ALADI","url":"https:\/\/www.aladi.org\/pt\/","logo":{"@type":"ImageObject","inLanguage":"pt-BR","@id":"https:\/\/www.aladi.org\/pt\/#\/schema\/logo\/image\/","url":"https:\/\/www.aladi.org\/wp-content\/uploads\/2025\/12\/Logo-ALADI.png","contentUrl":"https:\/\/www.aladi.org\/wp-content\/uploads\/2025\/12\/Logo-ALADI.png","width":375,"height":235,"caption":"ALADI"},"image":{"@id":"https:\/\/www.aladi.org\/pt\/#\/schema\/logo\/image\/"},"sameAs":["https:\/\/es-la.facebook.com\/people\/ALADI\/100064606213084\/","https:\/\/x.com\/ALADI_SG","https:\/\/www.instagram.com\/aladi_sg\/?hl=es","https:\/\/www.linkedin.com\/company\/aladi\/","https:\/\/www.flickr.com\/photos\/aladi\/","https:\/\/www.youtube.com\/channel\/UCrkJWOWHKF6igQmWE8Clnpg"]}]}},"jetpack_sharing_enabled":true,"_links":{"self":[{"href":"https:\/\/www.aladi.org\/pt\/wp-json\/wp\/v2\/pages\/3754","targetHints":{"allow":["GET"]}}],"collection":[{"href":"https:\/\/www.aladi.org\/pt\/wp-json\/wp\/v2\/pages"}],"about":[{"href":"https:\/\/www.aladi.org\/pt\/wp-json\/wp\/v2\/types\/page"}],"author":[{"embeddable":true,"href":"https:\/\/www.aladi.org\/pt\/wp-json\/wp\/v2\/users\/2"}],"replies":[{"embeddable":true,"href":"https:\/\/www.aladi.org\/pt\/wp-json\/wp\/v2\/comments?post=3754"}],"version-history":[{"count":8,"href":"https:\/\/www.aladi.org\/pt\/wp-json\/wp\/v2\/pages\/3754\/revisions"}],"predecessor-version":[{"id":6155,"href":"https:\/\/www.aladi.org\/pt\/wp-json\/wp\/v2\/pages\/3754\/revisions\/6155"}],"up":[{"embeddable":true,"href":"https:\/\/www.aladi.org\/pt\/wp-json\/wp\/v2\/pages\/1812"}],"wp:attachment":[{"href":"https:\/\/www.aladi.org\/pt\/wp-json\/wp\/v2\/media?parent=3754"}],"curies":[{"name":"wp","href":"https:\/\/api.w.org\/{rel}","templated":true}]}}