{"id":3749,"date":"2024-04-15T15:27:33","date_gmt":"2024-04-15T15:27:33","guid":{"rendered":"https:\/\/sitio.aladi.org\/?page_id=3749"},"modified":"2025-10-02T19:47:21","modified_gmt":"2025-10-02T19:47:21","slug":"recursos-humanos","status":"publish","type":"page","link":"https:\/\/www.aladi.org\/pt\/organizacao-institucional\/secretaria-geral\/recursos-humanos\/","title":{"rendered":"Recursos Humanos"},"content":{"rendered":"<div>Secretar\u00eda General<\/div>\n<h1>\n<p class=\"entry-title\"><strong>Recursos Humanos<\/strong><\/p>\n<\/h1>\n<p><img decoding=\"async\" src=\"\/wp-content\/uploads\/2025\/10\/Morales.jpg\" alt=\"\"><\/p>\n<div>\n<h2>Diana Morales<br \/>Jefa del Sector Recursos Humanos<\/h2>\n<\/div>\n<div>\n<div>Nacionalidad: mexicana<\/div>\n<\/div>\n<h1><span>Corresponde a Recursos Humanos<\/span><\/h1>\n<div>\n<p>1. Apoyar al Secretario General en la formulaci\u00f3n de pol\u00edticas y estrategias para la administraci\u00f3n y el desarrollo de recursos humanos.\u00a0<\/p>\n<p>2. Coordinar y controlar el cumplimiento de las Normas Generales de Personal, del Reglamento de Personal y dem\u00e1s disposiciones que regulen los procedimientos relativos a los recursos humanos.\u00a0<\/p>\n<p>3. Asistir en la planificaci\u00f3n de los recursos humanos de la Secretar\u00eda General, as\u00ed como en la organizaci\u00f3n y administraci\u00f3n de los sistemas de selecci\u00f3n de personal, organizando y apoyando las tareas de reclutamiento, selecci\u00f3n, contrataci\u00f3n y orientaci\u00f3n inicial de los funcionarios.\u00a0<\/p>\n<p>4. Asistir en la tramitaci\u00f3n y contrataci\u00f3n de consultores y personal temporario de la Secretar\u00eda General as\u00ed como informar mensualmente de las mismas a las Representaciones de los pa\u00edses miembros.\u00a0<\/p>\n<p>5. Registrar y actualizar los datos del Sistema de Gesti\u00f3n de Recursos Humanos, incluida la actualizaci\u00f3n de los legajos de los funcionarios.\u00a0<\/p>\n<p>6. Desempe\u00f1ar otras funciones que le asigne el Secretario General.<\/p>\n<\/div>\n<p><!--more--><br \/>\n<!-- {\"type\":\"layout\",\"children\":[{\"type\":\"section\",\"props\":{\"image_loading\":true,\"image_position\":\"top-center\",\"media_visibility\":\"m\",\"padding\":\"xsmall\",\"padding_remove_horizontal\":false,\"padding_remove_top\":false,\"style\":\"default\",\"title_breakpoint\":\"xl\",\"title_position\":\"top-left\",\"title_rotation\":\"left\",\"vertical_align\":\"\",\"width\":\"xlarge\"},\"children\":[{\"type\":\"row\",\"props\":{\"width\":\"xlarge\"},\"children\":[{\"type\":\"column\",\"props\":{\"image_position\":\"center-center\",\"position_sticky_breakpoint\":\"m\"},\"children\":[{\"type\":\"breadcrumbs\",\"props\":{\"margin\":\"remove-vertical\",\"margin_remove_top\":true,\"show_current\":true,\"show_home\":true}}]}]},{\"type\":\"row\",\"props\":{\"margin_remove_bottom\":false,\"margin_remove_top\":false,\"width\":\"xlarge\"},\"children\":[{\"type\":\"column\",\"props\":{\"image_position\":\"center-center\",\"image_size\":\"cover\",\"padding\":\"none\",\"position_sticky_breakpoint\":\"m\",\"vertical_align\":\"middle\"},\"children\":[{\"type\":\"headline\",\"props\":{\"content\":\"Secretar\\u00eda General\",\"content_pt_br\":\"Secretaria-Geral\",\"link_style\":false,\"title_color\":\"primary\",\"title_element\":\"div\",\"title_style\":\"h6\"}},{\"type\":\"headline\",\"props\":{\"content\":\"\n\n<p class=\\\"entry-title\\\"><strong>Recursos Humanos<\\\/strong><\\\/p>\",\"margin\":\"medium\",\"margin_remove_bottom\":true,\"margin_remove_top\":true,\"maxwidth\":\"xlarge\",\"text_align\":\"left\",\"text_align_fallback\":\"center\",\"title_color\":\"secondary\",\"title_element\":\"h1\",\"title_style\":\"h1\"}}]}]}],\"name\":\"T\\u00edtulos\"},{\"type\":\"section\",\"props\":{\"image_position\":\"center-center\",\"padding_remove_top\":false,\"style\":\"default\",\"title_breakpoint\":\"xl\",\"title_position\":\"top-left\",\"title_rotation\":\"left\",\"vertical_align\":\"\",\"width\":\"xlarge\"},\"children\":[{\"type\":\"row\",\"props\":{\"layout\":\"1-3,2-3\"},\"children\":[{\"type\":\"column\",\"props\":{\"image_position\":\"center-center\",\"position_sticky_breakpoint\":\"m\",\"width_medium\":\"1-3\"},\"children\":[{\"type\":\"image\",\"props\":{\"image\":\"wp-content\\\/uploads\\\/2025\\\/10\\\/Morales.jpg\",\"image_svg_color\":\"emphasis\",\"margin\":\"default\"}}]},{\"type\":\"column\",\"props\":{\"image_position\":\"center-center\",\"position_sticky_breakpoint\":\"m\",\"width_medium\":\"2-3\"},\"children\":[{\"type\":\"text\",\"props\":{\"column_breakpoint\":\"m\",\"content\":\"\n\n<h2>Diana Morales<br \\\/>Jefa del Sector Recursos Humanos<\\\/h2>\",\"margin\":\"default\"}},{\"type\":\"list\",\"props\":{\"column_breakpoint\":\"m\",\"image_align\":\"left\",\"image_svg_color\":\"emphasis\",\"image_vertical_align\":true,\"list_element\":\"ul\",\"list_horizontal_separator\":\", \",\"list_type\":\"vertical\",\"show_image\":true,\"show_link\":true},\"children\":[{\"type\":\"list_item\",\"props\":{\"content\":\"Nacionalidad: mexicana\",\"icon\":\"location\"}}]}]}]}]},{\"type\":\"section\",\"props\":{\"image_position\":\"center-center\",\"padding_remove_top\":true,\"style\":\"default\",\"title_breakpoint\":\"xl\",\"title_position\":\"top-left\",\"title_rotation\":\"left\",\"vertical_align\":\"\",\"width\":\"default\"},\"children\":[{\"type\":\"row\",\"children\":[{\"type\":\"column\",\"props\":{\"image_position\":\"center-center\",\"position_sticky_breakpoint\":\"m\"},\"children\":[{\"type\":\"headline\",\"props\":{\"content\":\"<span>Corresponde a Recursos Humanos<\\\/span>\",\"content_pt_br\":\"<span>Cabe a Recursos Humanos:<\\\/span>\",\"title_color\":\"secondary\",\"title_decoration\":\"bullet\",\"title_element\":\"h1\",\"title_style\":\"h4\"}},{\"type\":\"text\",\"props\":{\"column_breakpoint\":\"m\",\"content\":\"\n\n<p>1. Apoyar al Secretario General en la formulaci\\u00f3n de pol\\u00edticas y estrategias para la administraci\\u00f3n y el desarrollo de recursos humanos.\\u00a0<\\\/p>\\n\n\n<p>2. Coordinar y controlar el cumplimiento de las Normas Generales de Personal, del Reglamento de Personal y dem\\u00e1s disposiciones que regulen los procedimientos relativos a los recursos humanos.\\u00a0<\\\/p>\\n\n\n<p>3. Asistir en la planificaci\\u00f3n de los recursos humanos de la Secretar\\u00eda General, as\\u00ed como en la organizaci\\u00f3n y administraci\\u00f3n de los sistemas de selecci\\u00f3n de personal, organizando y apoyando las tareas de reclutamiento, selecci\\u00f3n, contrataci\\u00f3n y orientaci\\u00f3n inicial de los funcionarios.\\u00a0<\\\/p>\\n\n\n<p>4. Asistir en la tramitaci\\u00f3n y contrataci\\u00f3n de consultores y personal temporario de la Secretar\\u00eda General as\\u00ed como informar mensualmente de las mismas a las Representaciones de los pa\\u00edses miembros.\\u00a0<\\\/p>\\n\n\n<p>5. Registrar y actualizar los datos del Sistema de Gesti\\u00f3n de Recursos Humanos, incluida la actualizaci\\u00f3n de los legajos de los funcionarios.\\u00a0<\\\/p>\\n\n\n<p>6. Desempe\\u00f1ar otras funciones que le asigne el Secretario General.<\\\/p>\",\"content_pt_br\":\"\n\n<p>1. apoiar o Secret\\u00e1rio-Geral na formula\\u00e7\\u00e3o de pol\\u00edticas e estrat\\u00e9gias para a administra\\u00e7\\u00e3o e o desenvolvimento de recursos humanos;<\\\/p>\\n\n\n<p>2. coordenar e controlar o cumprimento das Normas Gerais de Pessoal, do Regulamento de Pessoal e demais disposi\\u00e7\\u00f5es que regulamentem os procedimentos relativos aos recursos humanos;<\\\/p>\\n\n\n<p>3. dar assist\\u00eancia ao planejamento dos recursos humanos da Secretaria-Geral, bem como \\u00e0 organiza\\u00e7\\u00e3o e \\u00e0 administra\\u00e7\\u00e3o dos sistemas de sele\\u00e7\\u00e3o de pessoal, organizando e apoiando as tarefas de recrutamento, sele\\u00e7\\u00e3o, contrata\\u00e7\\u00e3o e orienta\\u00e7\\u00e3o inicial dos funcion\\u00e1rios;<\\\/p>\\n\n\n<p>4. prestar assist\\u00eancia na tramita\\u00e7\\u00e3o e na contrata\\u00e7\\u00e3o de consultores e pessoal tempor\\u00e1rio da Secretaria-Geral, e informar mensalmente sobre esse tema \\u00e0s Representa\\u00e7\\u00f5es dos pa\\u00edses-membros;<\\\/p>\\n\n\n<p>5. registrar e atualizar os dados do Sistema de Gest\\u00e3o de Recursos Humanos, inclu\\u00edda a atualiza\\u00e7\\u00e3o das pastas funcionais dos funcion\\u00e1rios;<\\\/p>\\n\n\n<p>6. desempenhar outras fun\\u00e7\\u00f5es que lhe forem conferidas pelo Secret\\u00e1rio-Geral.<\\\/p>\",\"margin\":\"default\"}}]}]}]}],\"version\":\"4.4.12\"} --><\/p>\n","protected":false},"excerpt":{"rendered":"<p>Secretar\u00eda General Recursos Humanos Diana MoralesJefa del Sector Recursos Humanos Nacionalidad: mexicana Corresponde a Recursos Humanos 1. Apoyar al Secretario General en la formulaci\u00f3n de pol\u00edticas y estrategias para la administraci\u00f3n y el desarrollo de recursos humanos.\u00a0 2. Coordinar y controlar el cumplimiento de las Normas Generales de Personal, del Reglamento de Personal y dem\u00e1s [&hellip;]<\/p>\n","protected":false},"author":2,"featured_media":0,"parent":1812,"menu_order":0,"comment_status":"closed","ping_status":"closed","template":"","meta":{"_acf_changed":false,"footnotes":""},"class_list":["post-3749","page","type-page","status-publish","hentry"],"acf":[],"yoast_head":"<!-- This site is optimized with the Yoast SEO plugin v26.5 - https:\/\/yoast.com\/wordpress\/plugins\/seo\/ -->\n<title>Recursos Humanos<\/title>\n<meta name=\"robots\" content=\"index, follow, max-snippet:-1, max-image-preview:large, max-video-preview:-1\" \/>\n<meta property=\"og:locale\" content=\"pt_BR\" \/>\n<meta property=\"og:type\" content=\"article\" \/>\n<meta property=\"og:title\" content=\"Recursos Humanos\" \/>\n<meta property=\"og:url\" content=\"https:\/\/www.aladi.org\/pt\/organizacao-institucional\/secretaria-geral\/recursos-humanos\/\" \/>\n<meta property=\"og:site_name\" content=\"ALADI\" \/>\n<meta property=\"article:publisher\" content=\"https:\/\/es-la.facebook.com\/people\/ALADI\/100064606213084\/\" \/>\n<meta property=\"article:modified_time\" content=\"2025-10-02T19:47:21+00:00\" \/>\n<meta name=\"twitter:card\" content=\"summary_large_image\" \/>\n<meta name=\"twitter:site\" content=\"@ALADI_SG\" \/>\n<meta name=\"twitter:label1\" content=\"Est. reading time\" \/>\n\t<meta name=\"twitter:data1\" content=\"1 minute\" \/>\n<script type=\"application\/ld+json\" class=\"yoast-schema-graph\">{\"@context\":\"https:\/\/schema.org\",\"@graph\":[{\"@type\":\"WebPage\",\"@id\":\"https:\/\/www.aladi.org\/pt\/organizacao-institucional\/secretaria-geral\/recursos-humanos\/\",\"url\":\"https:\/\/www.aladi.org\/pt\/organizacao-institucional\/secretaria-geral\/recursos-humanos\/\",\"name\":\"Recursos Humanos - ALADI\",\"isPartOf\":{\"@id\":\"https:\/\/www.aladi.org\/#website\"},\"datePublished\":\"2024-04-15T15:27:33+00:00\",\"dateModified\":\"2025-10-02T19:47:21+00:00\",\"breadcrumb\":{\"@id\":\"https:\/\/www.aladi.org\/pt\/organizacao-institucional\/secretaria-geral\/recursos-humanos\/#breadcrumb\"},\"inLanguage\":\"pt-BR\",\"potentialAction\":[{\"@type\":\"ReadAction\",\"target\":[\"https:\/\/www.aladi.org\/pt\/organizacao-institucional\/secretaria-geral\/recursos-humanos\/\"]}]},{\"@type\":\"BreadcrumbList\",\"@id\":\"https:\/\/www.aladi.org\/pt\/organizacao-institucional\/secretaria-geral\/recursos-humanos\/#breadcrumb\",\"itemListElement\":[{\"@type\":\"ListItem\",\"position\":1,\"name\":\"Home\",\"item\":\"https:\/\/www.aladi.org\/\"},{\"@type\":\"ListItem\",\"position\":2,\"name\":\"Organiza\u00e7\u00e3o Institucional\",\"item\":\"https:\/\/www.aladi.org\/organizacion-institucional\/\"},{\"@type\":\"ListItem\",\"position\":3,\"name\":\"Secretaria-Geral\",\"item\":\"https:\/\/www.aladi.org\/organizacion-institucional\/secretaria-general\/\"},{\"@type\":\"ListItem\",\"position\":4,\"name\":\"Recursos Humanos\"}]},{\"@type\":\"WebSite\",\"@id\":\"https:\/\/www.aladi.org\/pt\/#website\",\"url\":\"https:\/\/www.aladi.org\/pt\/\",\"name\":\"ALADI\",\"description\":\"Asociaci\u00f3n Latinoamericana de Integraci\u00f3n\",\"publisher\":{\"@id\":\"https:\/\/www.aladi.org\/pt\/#organization\"},\"potentialAction\":[{\"@type\":\"SearchAction\",\"target\":{\"@type\":\"EntryPoint\",\"urlTemplate\":\"https:\/\/www.aladi.org\/pt\/?s={search_term_string}\"},\"query-input\":{\"@type\":\"PropertyValueSpecification\",\"valueRequired\":true,\"valueName\":\"search_term_string\"}}],\"inLanguage\":\"pt-BR\"},{\"@type\":\"Organization\",\"@id\":\"https:\/\/www.aladi.org\/pt\/#organization\",\"name\":\"ALADI\",\"url\":\"https:\/\/www.aladi.org\/pt\/\",\"logo\":{\"@type\":\"ImageObject\",\"inLanguage\":\"pt-BR\",\"@id\":\"https:\/\/www.aladi.org\/pt\/#\/schema\/logo\/image\/\",\"url\":\"https:\/\/www.aladi.org\/wp-content\/uploads\/2025\/12\/Logo-ALADI.png\",\"contentUrl\":\"https:\/\/www.aladi.org\/wp-content\/uploads\/2025\/12\/Logo-ALADI.png\",\"width\":375,\"height\":235,\"caption\":\"ALADI\"},\"image\":{\"@id\":\"https:\/\/www.aladi.org\/pt\/#\/schema\/logo\/image\/\"},\"sameAs\":[\"https:\/\/es-la.facebook.com\/people\/ALADI\/100064606213084\/\",\"https:\/\/x.com\/ALADI_SG\",\"https:\/\/www.instagram.com\/aladi_sg\/?hl=es\",\"https:\/\/www.linkedin.com\/company\/aladi\/\",\"https:\/\/www.flickr.com\/photos\/aladi\/\",\"https:\/\/www.youtube.com\/channel\/UCrkJWOWHKF6igQmWE8Clnpg\"]}]}<\/script>\n<!-- \/ Yoast SEO plugin. -->","yoast_head_json":{"title":"Recursos Humanos","robots":{"index":"index","follow":"follow","max-snippet":"max-snippet:-1","max-image-preview":"max-image-preview:large","max-video-preview":"max-video-preview:-1"},"og_locale":"pt_BR","og_type":"article","og_title":"Recursos Humanos","og_url":"https:\/\/www.aladi.org\/pt\/organizacao-institucional\/secretaria-geral\/recursos-humanos\/","og_site_name":"ALADI","article_publisher":"https:\/\/es-la.facebook.com\/people\/ALADI\/100064606213084\/","article_modified_time":"2025-10-02T19:47:21+00:00","twitter_card":"summary_large_image","twitter_site":"@ALADI_SG","twitter_misc":{"Est. reading time":"1 minute"},"schema":{"@context":"https:\/\/schema.org","@graph":[{"@type":"WebPage","@id":"https:\/\/www.aladi.org\/pt\/organizacao-institucional\/secretaria-geral\/recursos-humanos\/","url":"https:\/\/www.aladi.org\/pt\/organizacao-institucional\/secretaria-geral\/recursos-humanos\/","name":"Recursos Humanos - ALADI","isPartOf":{"@id":"https:\/\/www.aladi.org\/#website"},"datePublished":"2024-04-15T15:27:33+00:00","dateModified":"2025-10-02T19:47:21+00:00","breadcrumb":{"@id":"https:\/\/www.aladi.org\/pt\/organizacao-institucional\/secretaria-geral\/recursos-humanos\/#breadcrumb"},"inLanguage":"pt-BR","potentialAction":[{"@type":"ReadAction","target":["https:\/\/www.aladi.org\/pt\/organizacao-institucional\/secretaria-geral\/recursos-humanos\/"]}]},{"@type":"BreadcrumbList","@id":"https:\/\/www.aladi.org\/pt\/organizacao-institucional\/secretaria-geral\/recursos-humanos\/#breadcrumb","itemListElement":[{"@type":"ListItem","position":1,"name":"Home","item":"https:\/\/www.aladi.org\/"},{"@type":"ListItem","position":2,"name":"Organiza\u00e7\u00e3o Institucional","item":"https:\/\/www.aladi.org\/organizacion-institucional\/"},{"@type":"ListItem","position":3,"name":"Secretaria-Geral","item":"https:\/\/www.aladi.org\/organizacion-institucional\/secretaria-general\/"},{"@type":"ListItem","position":4,"name":"Recursos Humanos"}]},{"@type":"WebSite","@id":"https:\/\/www.aladi.org\/pt\/#website","url":"https:\/\/www.aladi.org\/pt\/","name":"ALADI","description":"Asociaci\u00f3n Latinoamericana de Integraci\u00f3n","publisher":{"@id":"https:\/\/www.aladi.org\/pt\/#organization"},"potentialAction":[{"@type":"SearchAction","target":{"@type":"EntryPoint","urlTemplate":"https:\/\/www.aladi.org\/pt\/?s={search_term_string}"},"query-input":{"@type":"PropertyValueSpecification","valueRequired":true,"valueName":"search_term_string"}}],"inLanguage":"pt-BR"},{"@type":"Organization","@id":"https:\/\/www.aladi.org\/pt\/#organization","name":"ALADI","url":"https:\/\/www.aladi.org\/pt\/","logo":{"@type":"ImageObject","inLanguage":"pt-BR","@id":"https:\/\/www.aladi.org\/pt\/#\/schema\/logo\/image\/","url":"https:\/\/www.aladi.org\/wp-content\/uploads\/2025\/12\/Logo-ALADI.png","contentUrl":"https:\/\/www.aladi.org\/wp-content\/uploads\/2025\/12\/Logo-ALADI.png","width":375,"height":235,"caption":"ALADI"},"image":{"@id":"https:\/\/www.aladi.org\/pt\/#\/schema\/logo\/image\/"},"sameAs":["https:\/\/es-la.facebook.com\/people\/ALADI\/100064606213084\/","https:\/\/x.com\/ALADI_SG","https:\/\/www.instagram.com\/aladi_sg\/?hl=es","https:\/\/www.linkedin.com\/company\/aladi\/","https:\/\/www.flickr.com\/photos\/aladi\/","https:\/\/www.youtube.com\/channel\/UCrkJWOWHKF6igQmWE8Clnpg"]}]}},"jetpack_sharing_enabled":true,"_links":{"self":[{"href":"https:\/\/www.aladi.org\/pt\/wp-json\/wp\/v2\/pages\/3749","targetHints":{"allow":["GET"]}}],"collection":[{"href":"https:\/\/www.aladi.org\/pt\/wp-json\/wp\/v2\/pages"}],"about":[{"href":"https:\/\/www.aladi.org\/pt\/wp-json\/wp\/v2\/types\/page"}],"author":[{"embeddable":true,"href":"https:\/\/www.aladi.org\/pt\/wp-json\/wp\/v2\/users\/2"}],"replies":[{"embeddable":true,"href":"https:\/\/www.aladi.org\/pt\/wp-json\/wp\/v2\/comments?post=3749"}],"version-history":[{"count":11,"href":"https:\/\/www.aladi.org\/pt\/wp-json\/wp\/v2\/pages\/3749\/revisions"}],"predecessor-version":[{"id":9088,"href":"https:\/\/www.aladi.org\/pt\/wp-json\/wp\/v2\/pages\/3749\/revisions\/9088"}],"up":[{"embeddable":true,"href":"https:\/\/www.aladi.org\/pt\/wp-json\/wp\/v2\/pages\/1812"}],"wp:attachment":[{"href":"https:\/\/www.aladi.org\/pt\/wp-json\/wp\/v2\/media?parent=3749"}],"curies":[{"name":"wp","href":"https:\/\/api.w.org\/{rel}","templated":true}]}}