{"id":3731,"date":"2024-04-10T18:11:52","date_gmt":"2024-04-10T18:11:52","guid":{"rendered":"https:\/\/sitio.aladi.org\/?page_id=3731"},"modified":"2024-12-06T15:40:31","modified_gmt":"2024-12-06T15:40:31","slug":"subsecretario-de-desarrollo-del-espacio-de-libre-comercio","status":"publish","type":"page","link":"https:\/\/www.aladi.org\/pt\/organizacao-institucional\/secretaria-geral\/subsecretario-de-desenvolvimento-do-espaco-de-livre-comercio\/","title":{"rendered":"Subsecret\u00e1rio de Desenvolvimento do Espa\u00e7o de Livre Com\u00e9rcio"},"content":{"rendered":"<div>Secretar\u00eda General<\/div>\n<h1>\n<p class=\"entry-title\"><strong>Subsecretario de Desarrollo del Espacio de Libre Comercio<\/strong><\/p>\n<\/h1>\n<p><img decoding=\"async\" src=\"\/wp-content\/uploads\/2024\/04\/Foto-Christian-Leroux-Web.png\" alt=\"\"><\/p>\n<div>\n<h2>Dr. <span>Christian Leroux Cazaubon<\/span><\/h2>\n<\/div>\n<ul>\n<li>\n<div>\n<p><span>Nacionalidad: argentina<\/span><\/p>\n<\/div>\n<\/li>\n<li>\n<div>\n<p><span>Tel.: 2410 11 21 int 2239<\/span><\/p>\n<\/div>\n<\/li>\n<\/ul>\n<h1><span>Corresponde a los Subsecretarios<\/span><\/h1>\n<div>\n<p>1. Apoyar al Secretario General en el cumplimiento de sus funciones, en el ejercicio de sus atribuciones, y reemplazarlo en caso de ausencia temporal, previa designaci\u00f3n de \u00e9ste.\u00a0<\/p>\n<p>2. Apoyar al Secretario General en la elaboraci\u00f3n de propuestas a ser presentadas ante el Comit\u00e9 de Representantes.\u00a0<\/p>\n<p>3. Proponer al Secretario General los objetivos estrat\u00e9gicos, metas y evaluaci\u00f3n del cumplimiento del Presupuesto por Programas, con base en los mandatos de los \u00f3rganos pol\u00edticos.\u00a0<\/p>\n<p>4. Elaborar informes sobre el desarrollo e implementaci\u00f3n de las Resoluciones del Consejo de Ministros de Relaciones Exteriores de la ALADI.\u00a0<\/p>\n<p>5. Supervisar, elaborar estudios y propuestas, en el \u00e1mbito de sus respectivas competencias, que coadyuven al cumplimiento de los objetivos de la organizaci\u00f3n.\u00a0<\/p>\n<p>6. Realizar el seguimiento y apoyar, en el \u00e1mbito de sus respectivas competencias, las actividades de los Grupos de Trabajo creados por el Comit\u00e9 de Representantes.\u00a0<\/p>\n<p>7. Auxiliar al Secretario General, en el \u00e1mbito de sus respectivas competencias, en la formulaci\u00f3n y ejecuci\u00f3n de los programas de actividades de la Asociaci\u00f3n.\u00a0<\/p>\n<p>8. Participar en el proceso de evaluaci\u00f3n de los funcionarios internacionales.\u00a0<\/p>\n<p>9. Apoyar al Secretario General en la coordinaci\u00f3n de las actividades que desarrollen las dependencias de apoyo previstas en el apartado III de la presente Estructura.\u00a0<\/p>\n<p>10. Desempe\u00f1ar otras funciones que les asigne el Secretario General.\u00a0<\/p>\n<\/div>\n<h1><span>Corresponde al Subsecretario de Desarrollo del Espacio de Libre Comercio<\/span><\/h1>\n<div>\n<p>a. Dirigir y realizar el seguimiento de los acuerdos suscritos en el marco del Tratado de Montevideo 1980, y apoyar las negociaciones de los pa\u00edses miembros.<\/p>\n<p>b. Realizar el an\u00e1lisis y seguimiento de los acuerdos a fin de propiciar su convergencia.<\/p>\n<p>c. Supervisar la realizaci\u00f3n de estudios y actividades requeridas para cumplir los mandatos del Consejo de Ministros en materia de normas y disciplinas<\/p>\n<p>d. Apoyar al Comit\u00e9 de Representantes en la realizaci\u00f3n de las acciones necesarias para que la ALADI se constituya en foro de reflexi\u00f3n y consulta de los pa\u00edses miembros en temas relacionados con la integraci\u00f3n regional y las negociaciones comerciales.<\/p>\n<p>e. Supervisar y procurar la mejora continua de las actividades relativas a la identificaci\u00f3n y an\u00e1lisis de los requerimientos de informaci\u00f3n, desarrollo de sistemas inform\u00e1ticos, producci\u00f3n y suministro de informaci\u00f3n y mantenimiento de bases de datos as\u00ed como la mantenci\u00f3n y perfeccionamiento del sitio WEB de la Asociaci\u00f3n.<\/p>\n<p>f. Propiciar la coordinaci\u00f3n y la cooperaci\u00f3n de los pa\u00edses miembros en relaci\u00f3n a las eventuales aplicaciones de las nuevas Tecnolog\u00edas de la Informaci\u00f3n y las Comunicaciones para la facilitaci\u00f3n y promoci\u00f3n del comercio intrarregional.<\/p>\n<\/p>\n<p>11. Las funciones, anteriormente mencionadas, a ser desarrolladas por los Subsecretarios, se realizar\u00e1n en forma coordinada entre s\u00ed.<\/p>\n<\/div>\n<p><!--more--><br \/>\n<!-- {\"type\":\"layout\",\"children\":[{\"type\":\"section\",\"props\":{\"image_loading\":true,\"image_position\":\"top-center\",\"media_visibility\":\"m\",\"padding\":\"xsmall\",\"padding_remove_horizontal\":false,\"padding_remove_top\":false,\"style\":\"default\",\"title_breakpoint\":\"xl\",\"title_position\":\"top-left\",\"title_rotation\":\"left\",\"vertical_align\":\"\",\"width\":\"xlarge\"},\"children\":[{\"type\":\"row\",\"props\":{\"width\":\"xlarge\"},\"children\":[{\"type\":\"column\",\"props\":{\"image_position\":\"center-center\",\"position_sticky_breakpoint\":\"m\"},\"children\":[{\"type\":\"breadcrumbs\",\"props\":{\"margin\":\"remove-vertical\",\"margin_remove_top\":true,\"show_current\":true,\"show_home\":true}}]}]},{\"type\":\"row\",\"props\":{\"margin_remove_bottom\":false,\"width\":\"xlarge\"},\"children\":[{\"type\":\"column\",\"props\":{\"image_position\":\"center-center\",\"image_size\":\"cover\",\"padding\":\"none\",\"position_sticky_breakpoint\":\"m\",\"vertical_align\":\"middle\"},\"children\":[{\"type\":\"headline\",\"props\":{\"content\":\"Secretar\\u00eda General\",\"content_pt_br\":\"Secretaria-Geral\",\"link_style\":false,\"title_color\":\"primary\",\"title_element\":\"div\",\"title_style\":\"h6\"}},{\"type\":\"headline\",\"props\":{\"content\":\"\n\n<p class=\\\"entry-title\\\"><strong>Subsecretario de Desarrollo del Espacio de Libre Comercio<\\\/strong><\\\/p>\",\"content_pt_br\":\"<strong>Subsecret\\u00e1rio de Desenvolvimento do Espa\\u00e7o de Livre Com\\u00e9rcio<\\\/strong>\",\"margin\":\"medium\",\"margin_remove_bottom\":false,\"margin_remove_top\":false,\"maxwidth\":\"xlarge\",\"text_align\":\"left\",\"text_align_fallback\":\"center\",\"title_color\":\"secondary\",\"title_element\":\"h1\",\"title_style\":\"h1\"}}]}]}],\"name\":\"T\\u00edtulos\"},{\"type\":\"section\",\"props\":{\"image_position\":\"center-center\",\"padding_remove_bottom\":false,\"padding_remove_top\":true,\"style\":\"default\",\"title_breakpoint\":\"xl\",\"title_position\":\"top-left\",\"title_rotation\":\"left\",\"vertical_align\":\"\",\"width\":\"default\"},\"children\":[{\"type\":\"row\",\"props\":{\"layout\":\"1-4,3-4\"},\"children\":[{\"type\":\"column\",\"props\":{\"image_position\":\"center-center\",\"position_sticky_breakpoint\":\"m\",\"width_medium\":\"1-4\"},\"children\":[{\"type\":\"image\",\"props\":{\"image\":\"wp-content\\\/uploads\\\/2024\\\/04\\\/Foto-Christian-Leroux-Web.png\",\"image_svg_color\":\"emphasis\",\"margin\":\"default\"}}]},{\"type\":\"column\",\"props\":{\"image_position\":\"center-center\",\"position_sticky_breakpoint\":\"m\",\"width_medium\":\"3-4\"},\"children\":[{\"type\":\"text\",\"props\":{\"column_breakpoint\":\"m\",\"content\":\"\n\n<h2>Dr. <span>Christian Leroux Cazaubon<\\\/span><\\\/h2>\",\"margin\":\"default\"}},{\"type\":\"list\",\"props\":{\"column_breakpoint\":\"m\",\"image_align\":\"left\",\"image_svg_color\":\"emphasis\",\"image_vertical_align\":true,\"list_element\":\"ul\",\"list_horizontal_separator\":\", \",\"list_type\":\"vertical\",\"show_image\":true,\"show_link\":true},\"children\":[{\"type\":\"list_item\",\"props\":{\"content\":\"\n\n<p><span>Nacionalidad: argentina<\\\/span><\\\/p>\",\"content_pt_br\":\"<span>Nacionalidade: argentina<\\\/span>\",\"icon\":\"location\"}},{\"type\":\"list_item\",\"props\":{\"content\":\"\n\n<p><span>Tel.: 2410 11 21 int 2239<\\\/span><\\\/p>\",\"content_pt_br\":\"<span>Fone: 2410-1121 ramal 2239<\\\/span>\",\"icon\":\"receiver\"}}]}]}]}]},{\"type\":\"section\",\"props\":{\"image_position\":\"center-center\",\"padding_remove_top\":true,\"style\":\"default\",\"title_breakpoint\":\"xl\",\"title_position\":\"top-left\",\"title_rotation\":\"left\",\"vertical_align\":\"\",\"width\":\"default\"},\"children\":[{\"type\":\"row\",\"children\":[{\"type\":\"column\",\"props\":{\"image_position\":\"center-center\",\"position_sticky_breakpoint\":\"m\"},\"children\":[{\"type\":\"headline\",\"props\":{\"content\":\"<span>Corresponde a los Subsecretarios<\\\/span>\",\"content_pt_br\":\"Cabe aos Subsecret\\u00e1rios:\",\"title_color\":\"secondary\",\"title_decoration\":\"bullet\",\"title_element\":\"h1\",\"title_style\":\"h4\"}},{\"type\":\"text\",\"props\":{\"column_breakpoint\":\"m\",\"content\":\"\n\n<p>1. Apoyar al Secretario General en el cumplimiento de sus funciones, en el ejercicio de sus atribuciones, y reemplazarlo en caso de ausencia temporal, previa designaci\\u00f3n de \\u00e9ste.\\u00a0<\\\/p>\\n\n\n<p>2. Apoyar al Secretario General en la elaboraci\\u00f3n de propuestas a ser presentadas ante el Comit\\u00e9 de Representantes.\\u00a0<\\\/p>\\n\n\n<p>3. Proponer al Secretario General los objetivos estrat\\u00e9gicos, metas y evaluaci\\u00f3n del cumplimiento del Presupuesto por Programas, con base en los mandatos de los \\u00f3rganos pol\\u00edticos.\\u00a0<\\\/p>\\n\n\n<p>4. Elaborar informes sobre el desarrollo e implementaci\\u00f3n de las Resoluciones del Consejo de Ministros de Relaciones Exteriores de la ALADI.\\u00a0<\\\/p>\\n\n\n<p>5. Supervisar, elaborar estudios y propuestas, en el \\u00e1mbito de sus respectivas competencias, que coadyuven al cumplimiento de los objetivos de la organizaci\\u00f3n.\\u00a0<\\\/p>\\n\n\n<p>6. Realizar el seguimiento y apoyar, en el \\u00e1mbito de sus respectivas competencias, las actividades de los Grupos de Trabajo creados por el Comit\\u00e9 de Representantes.\\u00a0<\\\/p>\\n\n\n<p>7. Auxiliar al Secretario General, en el \\u00e1mbito de sus respectivas competencias, en la formulaci\\u00f3n y ejecuci\\u00f3n de los programas de actividades de la Asociaci\\u00f3n.\\u00a0<\\\/p>\\n\n\n<p>8. Participar en el proceso de evaluaci\\u00f3n de los funcionarios internacionales.\\u00a0<\\\/p>\\n\n\n<p>9. Apoyar al Secretario General en la coordinaci\\u00f3n de las actividades que desarrollen las dependencias de apoyo previstas en el apartado III de la presente Estructura.\\u00a0<\\\/p>\\n\n\n<p>10. Desempe\\u00f1ar otras funciones que les asigne el Secretario General.\\u00a0<\\\/p>\",\"content_pt_br\":\"\n\n<p>1. apoiar o Secret\\u00e1rio-Geral no cumprimento de suas fun\\u00e7\\u00f5es, no exerc\\u00edcio de suas atribui\\u00e7\\u00f5es, e substitu\\u00ed-lo em caso de aus\\u00eancia tempor\\u00e1ria, quando forem designados por ele;<\\\/p>\\n\n\n<p>2. apoiar o Secret\\u00e1rio-Geral na elabora\\u00e7\\u00e3o de propostas para serem apresentadas ao Comit\\u00ea de Representantes;<\\\/p>\\n\n\n<p>3. propor ao Secret\\u00e1rio-Geral os objetivos estrat\\u00e9gicos, metas e avalia\\u00e7\\u00e3o do cumprimento do Or\\u00e7amento por Programas, com base nos mandados dos \\u00f3rg\\u00e3os pol\\u00edticos;<\\\/p>\\n\n\n<p>4. elaborar relat\\u00f3rios sobre o desenvolvimento e a implementa\\u00e7\\u00e3o das Resolu\\u00e7\\u00f5es do Conselho de Ministros das Rela\\u00e7\\u00f5es Exteriores da ALADI;<\\\/p>\\n\n\n<p>5. supervisionar, elaborar estudos e propostas, no \\u00e2mbito de suas respectivas compet\\u00eancias, que coadjuvem no cumprimento dos objetivos da organiza\\u00e7\\u00e3o;<\\\/p>\\n\n\n<p>6. realizar o acompanhamento e apoiar, no \\u00e2mbito de suas respectivas compet\\u00eancias, as atividades dos Grupos de Trabalho criados pelo Comit\\u00ea de Representantes;<\\\/p>\\n\n\n<p>7. auxiliar o Secret\\u00e1rio-Geral, no \\u00e2mbito de suas respectivas compet\\u00eancias, na formula\\u00e7\\u00e3o e execu\\u00e7\\u00e3o dos programas de atividades da Associa\\u00e7\\u00e3o;<\\\/p>\\n\n\n<p>8. participar do processo de avalia\\u00e7\\u00e3o dos funcion\\u00e1rios internacionais;<\\\/p>\\n\n\n<p>9. apoiar o Secret\\u00e1rio-Geral na coordena\\u00e7\\u00e3o das atividades desenvolvidas pelas depend\\u00eancias de apoio previstas no ponto III da presente Estrutura;<\\\/p>\\n\n\n<p>10. desempenhar outras fun\\u00e7\\u00f5es que lhe forem conferidas pelo Secret\\u00e1rio-Geral.<\\\/p>\",\"margin\":\"default\"}},{\"type\":\"headline\",\"props\":{\"content\":\"<span>Corresponde al Subsecretario de Desarrollo del Espacio de Libre Comercio<\\\/span>\",\"content_pt_br\":\"<span>Cabe ao Subsecret\\u00e1rio de Desenvolvimento do Espa\\u00e7o de Livre Com\\u00e9rcio:<\\\/span>\",\"title_color\":\"secondary\",\"title_decoration\":\"bullet\",\"title_element\":\"h1\",\"title_style\":\"h4\"}},{\"type\":\"text\",\"props\":{\"column_breakpoint\":\"m\",\"content\":\"\n\n<p>a. Dirigir y realizar el seguimiento de los acuerdos suscritos en el marco del Tratado de Montevideo 1980, y apoyar las negociaciones de los pa\\u00edses miembros.<\\\/p>\\n\n\n<p>b. Realizar el an\\u00e1lisis y seguimiento de los acuerdos a fin de propiciar su convergencia.<\\\/p>\\n\n\n<p>c. Supervisar la realizaci\\u00f3n de estudios y actividades requeridas para cumplir los mandatos del Consejo de Ministros en materia de normas y disciplinas<\\\/p>\\n\n\n<p>d. Apoyar al Comit\\u00e9 de Representantes en la realizaci\\u00f3n de las acciones necesarias para que la ALADI se constituya en foro de reflexi\\u00f3n y consulta de los pa\\u00edses miembros en temas relacionados con la integraci\\u00f3n regional y las negociaciones comerciales.<\\\/p>\\n\n\n<p>e. Supervisar y procurar la mejora continua de las actividades relativas a la identificaci\\u00f3n y an\\u00e1lisis de los requerimientos de informaci\\u00f3n, desarrollo de sistemas inform\\u00e1ticos, producci\\u00f3n y suministro de informaci\\u00f3n y mantenimiento de bases de datos as\\u00ed como la mantenci\\u00f3n y perfeccionamiento del sitio WEB de la Asociaci\\u00f3n.<\\\/p>\\n\n\n<p>f. Propiciar la coordinaci\\u00f3n y la cooperaci\\u00f3n de los pa\\u00edses miembros en relaci\\u00f3n a las eventuales aplicaciones de las nuevas Tecnolog\\u00edas de la Informaci\\u00f3n y las Comunicaciones para la facilitaci\\u00f3n y promoci\\u00f3n del comercio intrarregional.<\\\/p>\\n\n\n<p><\\\/p>\\n\n\n<p>11. Las funciones, anteriormente mencionadas, a ser desarrolladas por los Subsecretarios, se realizar\\u00e1n en forma coordinada entre s\\u00ed.<\\\/p>\",\"content_pt_br\":\"\n\n<p>1. dirigir e acompanhar os acordos assinados no \\u00e2mbito do Tratado de Montevid\\u00e9u 1980 e apoiar as negocia\\u00e7\\u00f5es dos pa\\u00edses-membros;<\\\/p>\\n\n\n<p>2. analisar e acompanhar os acordos para propiciar sua converg\\u00eancia;<\\\/p>\\n\n\n<p>3. supervisionar a realiza\\u00e7\\u00e3o de estudos e atividades necess\\u00e1rias para cumprir os mandados do Conselho de Ministros em mat\\u00e9ria de normas e disciplinas;<\\\/p>\\n\n\n<p>4. apoiar o Comit\\u00ea de Representantes na realiza\\u00e7\\u00e3o das a\\u00e7\\u00f5es necess\\u00e1rias para que a ALADI se constitua em f\\u00f3rum de reflex\\u00e3o e consulta dos pa\\u00edses-membros em temas relacionados com a integra\\u00e7\\u00e3o regional e as negocia\\u00e7\\u00f5es comerciais;<\\\/p>\\n\n\n<p>5. supervisionar e procurar a melhora permanente das atividades relativas \\u00e0 identifica\\u00e7\\u00e3o e \\u00e0 an\\u00e1lise das solicita\\u00e7\\u00f5es de informa\\u00e7\\u00e3o, desenvolvimento de sistemas inform\\u00e1ticos, produ\\u00e7\\u00e3o e fornecimento de informa\\u00e7\\u00f5es e manuten\\u00e7\\u00f5es de bases de dados, bem como a manuten\\u00e7\\u00e3o e o aperfei\\u00e7oamento da p\\u00e1gina web da Associa\\u00e7\\u00e3o;<\\\/p>\\n\n\n<p>6. propiciar a coordena\\u00e7\\u00e3o e a coopera\\u00e7\\u00e3o dos pa\\u00edses-membros em rela\\u00e7\\u00e3o \\u00e0s eventuais aplica\\u00e7\\u00f5es das novas Tecnologias da Informa\\u00e7\\u00e3o e das Comunica\\u00e7\\u00f5es para a facilita\\u00e7\\u00e3o e a promo\\u00e7\\u00e3o do com\\u00e9rcio intrarregional.<\\\/p>\\n\n\n<p>As fun\\u00e7\\u00f5es anteriormente mencionadas, a serem desenvolvidas pelos Subsecret\\u00e1rios, ser\\u00e3o realizadas de forma coordenada entre eles.<\\\/p>\",\"margin\":\"default\"}}]}],\"props\":{\"margin_remove_top\":true}}]}],\"version\":\"4.4.12\"} --><\/p>\n","protected":false},"excerpt":{"rendered":"<p>Secretar\u00eda General Subsecretario de Desarrollo del Espacio de Libre Comercio Dr. Christian Leroux Cazaubon Nacionalidad: argentina Tel.: 2410 11 21 int 2239 Corresponde a los Subsecretarios 1. Apoyar al Secretario General en el cumplimiento de sus funciones, en el ejercicio de sus atribuciones, y reemplazarlo en caso de ausencia temporal, previa designaci\u00f3n de \u00e9ste.\u00a0 2. [&hellip;]<\/p>\n","protected":false},"author":2,"featured_media":0,"parent":1812,"menu_order":0,"comment_status":"closed","ping_status":"closed","template":"","meta":{"_acf_changed":false,"footnotes":""},"class_list":["post-3731","page","type-page","status-publish","hentry"],"acf":[],"yoast_head":"<!-- This site is optimized with the Yoast SEO plugin v26.5 - https:\/\/yoast.com\/wordpress\/plugins\/seo\/ -->\n<title>Subsecret\u00e1rio de Desenvolvimento do Espa\u00e7o de Livre Com\u00e9rcio<\/title>\n<meta name=\"robots\" content=\"index, follow, max-snippet:-1, max-image-preview:large, max-video-preview:-1\" \/>\n<meta property=\"og:locale\" content=\"pt_BR\" \/>\n<meta property=\"og:type\" content=\"article\" \/>\n<meta property=\"og:title\" content=\"Subsecret\u00e1rio de Desenvolvimento do Espa\u00e7o de Livre Com\u00e9rcio\" \/>\n<meta property=\"og:url\" content=\"https:\/\/www.aladi.org\/pt\/organizacao-institucional\/secretaria-geral\/subsecretario-de-desenvolvimento-do-espaco-de-livre-comercio\/\" \/>\n<meta property=\"og:site_name\" content=\"ALADI\" \/>\n<meta property=\"article:publisher\" content=\"https:\/\/es-la.facebook.com\/people\/ALADI\/100064606213084\/\" \/>\n<meta property=\"article:modified_time\" content=\"2024-12-06T15:40:31+00:00\" \/>\n<meta name=\"twitter:card\" content=\"summary_large_image\" \/>\n<meta name=\"twitter:site\" content=\"@ALADI_SG\" \/>\n<meta name=\"twitter:label1\" content=\"Est. reading time\" \/>\n\t<meta name=\"twitter:data1\" content=\"2 minutes\" \/>\n<script type=\"application\/ld+json\" class=\"yoast-schema-graph\">{\"@context\":\"https:\/\/schema.org\",\"@graph\":[{\"@type\":\"WebPage\",\"@id\":\"https:\/\/www.aladi.org\/pt\/organizacao-institucional\/secretaria-geral\/subsecretario-de-desenvolvimento-do-espaco-de-livre-comercio\/\",\"url\":\"https:\/\/www.aladi.org\/pt\/organizacao-institucional\/secretaria-geral\/subsecretario-de-desenvolvimento-do-espaco-de-livre-comercio\/\",\"name\":\"Subsecretario de Desarrollo del Espacio de Libre Comercio - ALADI\",\"isPartOf\":{\"@id\":\"https:\/\/www.aladi.org\/#website\"},\"datePublished\":\"2024-04-10T18:11:52+00:00\",\"dateModified\":\"2024-12-06T15:40:31+00:00\",\"breadcrumb\":{\"@id\":\"https:\/\/www.aladi.org\/pt\/organizacao-institucional\/secretaria-geral\/subsecretario-de-desenvolvimento-do-espaco-de-livre-comercio\/#breadcrumb\"},\"inLanguage\":\"pt-BR\",\"potentialAction\":[{\"@type\":\"ReadAction\",\"target\":[\"https:\/\/www.aladi.org\/pt\/organizacao-institucional\/secretaria-geral\/subsecretario-de-desenvolvimento-do-espaco-de-livre-comercio\/\"]}]},{\"@type\":\"BreadcrumbList\",\"@id\":\"https:\/\/www.aladi.org\/pt\/organizacao-institucional\/secretaria-geral\/subsecretario-de-desenvolvimento-do-espaco-de-livre-comercio\/#breadcrumb\",\"itemListElement\":[{\"@type\":\"ListItem\",\"position\":1,\"name\":\"Home\",\"item\":\"https:\/\/www.aladi.org\/\"},{\"@type\":\"ListItem\",\"position\":2,\"name\":\"Organiza\u00e7\u00e3o Institucional\",\"item\":\"https:\/\/www.aladi.org\/organizacion-institucional\/\"},{\"@type\":\"ListItem\",\"position\":3,\"name\":\"Secretaria-Geral\",\"item\":\"https:\/\/www.aladi.org\/organizacion-institucional\/secretaria-general\/\"},{\"@type\":\"ListItem\",\"position\":4,\"name\":\"Subsecret\u00e1rio de Desenvolvimento do Espa\u00e7o de Livre Com\u00e9rcio\"}]},{\"@type\":\"WebSite\",\"@id\":\"https:\/\/www.aladi.org\/pt\/#website\",\"url\":\"https:\/\/www.aladi.org\/pt\/\",\"name\":\"ALADI\",\"description\":\"Asociaci\u00f3n Latinoamericana de Integraci\u00f3n\",\"publisher\":{\"@id\":\"https:\/\/www.aladi.org\/pt\/#organization\"},\"potentialAction\":[{\"@type\":\"SearchAction\",\"target\":{\"@type\":\"EntryPoint\",\"urlTemplate\":\"https:\/\/www.aladi.org\/pt\/?s={search_term_string}\"},\"query-input\":{\"@type\":\"PropertyValueSpecification\",\"valueRequired\":true,\"valueName\":\"search_term_string\"}}],\"inLanguage\":\"pt-BR\"},{\"@type\":\"Organization\",\"@id\":\"https:\/\/www.aladi.org\/pt\/#organization\",\"name\":\"ALADI\",\"url\":\"https:\/\/www.aladi.org\/pt\/\",\"logo\":{\"@type\":\"ImageObject\",\"inLanguage\":\"pt-BR\",\"@id\":\"https:\/\/www.aladi.org\/pt\/#\/schema\/logo\/image\/\",\"url\":\"https:\/\/www.aladi.org\/wp-content\/uploads\/2025\/12\/Logo-ALADI.png\",\"contentUrl\":\"https:\/\/www.aladi.org\/wp-content\/uploads\/2025\/12\/Logo-ALADI.png\",\"width\":375,\"height\":235,\"caption\":\"ALADI\"},\"image\":{\"@id\":\"https:\/\/www.aladi.org\/pt\/#\/schema\/logo\/image\/\"},\"sameAs\":[\"https:\/\/es-la.facebook.com\/people\/ALADI\/100064606213084\/\",\"https:\/\/x.com\/ALADI_SG\",\"https:\/\/www.instagram.com\/aladi_sg\/?hl=es\",\"https:\/\/www.linkedin.com\/company\/aladi\/\",\"https:\/\/www.flickr.com\/photos\/aladi\/\",\"https:\/\/www.youtube.com\/channel\/UCrkJWOWHKF6igQmWE8Clnpg\"]}]}<\/script>\n<!-- \/ Yoast SEO plugin. -->","yoast_head_json":{"title":"Subsecret\u00e1rio de Desenvolvimento do Espa\u00e7o de Livre Com\u00e9rcio","robots":{"index":"index","follow":"follow","max-snippet":"max-snippet:-1","max-image-preview":"max-image-preview:large","max-video-preview":"max-video-preview:-1"},"og_locale":"pt_BR","og_type":"article","og_title":"Subsecret\u00e1rio de Desenvolvimento do Espa\u00e7o de Livre Com\u00e9rcio","og_url":"https:\/\/www.aladi.org\/pt\/organizacao-institucional\/secretaria-geral\/subsecretario-de-desenvolvimento-do-espaco-de-livre-comercio\/","og_site_name":"ALADI","article_publisher":"https:\/\/es-la.facebook.com\/people\/ALADI\/100064606213084\/","article_modified_time":"2024-12-06T15:40:31+00:00","twitter_card":"summary_large_image","twitter_site":"@ALADI_SG","twitter_misc":{"Est. reading time":"2 minutes"},"schema":{"@context":"https:\/\/schema.org","@graph":[{"@type":"WebPage","@id":"https:\/\/www.aladi.org\/pt\/organizacao-institucional\/secretaria-geral\/subsecretario-de-desenvolvimento-do-espaco-de-livre-comercio\/","url":"https:\/\/www.aladi.org\/pt\/organizacao-institucional\/secretaria-geral\/subsecretario-de-desenvolvimento-do-espaco-de-livre-comercio\/","name":"Subsecretario de Desarrollo del Espacio de Libre Comercio - ALADI","isPartOf":{"@id":"https:\/\/www.aladi.org\/#website"},"datePublished":"2024-04-10T18:11:52+00:00","dateModified":"2024-12-06T15:40:31+00:00","breadcrumb":{"@id":"https:\/\/www.aladi.org\/pt\/organizacao-institucional\/secretaria-geral\/subsecretario-de-desenvolvimento-do-espaco-de-livre-comercio\/#breadcrumb"},"inLanguage":"pt-BR","potentialAction":[{"@type":"ReadAction","target":["https:\/\/www.aladi.org\/pt\/organizacao-institucional\/secretaria-geral\/subsecretario-de-desenvolvimento-do-espaco-de-livre-comercio\/"]}]},{"@type":"BreadcrumbList","@id":"https:\/\/www.aladi.org\/pt\/organizacao-institucional\/secretaria-geral\/subsecretario-de-desenvolvimento-do-espaco-de-livre-comercio\/#breadcrumb","itemListElement":[{"@type":"ListItem","position":1,"name":"Home","item":"https:\/\/www.aladi.org\/"},{"@type":"ListItem","position":2,"name":"Organiza\u00e7\u00e3o Institucional","item":"https:\/\/www.aladi.org\/organizacion-institucional\/"},{"@type":"ListItem","position":3,"name":"Secretaria-Geral","item":"https:\/\/www.aladi.org\/organizacion-institucional\/secretaria-general\/"},{"@type":"ListItem","position":4,"name":"Subsecret\u00e1rio de Desenvolvimento do Espa\u00e7o de Livre Com\u00e9rcio"}]},{"@type":"WebSite","@id":"https:\/\/www.aladi.org\/pt\/#website","url":"https:\/\/www.aladi.org\/pt\/","name":"ALADI","description":"Asociaci\u00f3n Latinoamericana de Integraci\u00f3n","publisher":{"@id":"https:\/\/www.aladi.org\/pt\/#organization"},"potentialAction":[{"@type":"SearchAction","target":{"@type":"EntryPoint","urlTemplate":"https:\/\/www.aladi.org\/pt\/?s={search_term_string}"},"query-input":{"@type":"PropertyValueSpecification","valueRequired":true,"valueName":"search_term_string"}}],"inLanguage":"pt-BR"},{"@type":"Organization","@id":"https:\/\/www.aladi.org\/pt\/#organization","name":"ALADI","url":"https:\/\/www.aladi.org\/pt\/","logo":{"@type":"ImageObject","inLanguage":"pt-BR","@id":"https:\/\/www.aladi.org\/pt\/#\/schema\/logo\/image\/","url":"https:\/\/www.aladi.org\/wp-content\/uploads\/2025\/12\/Logo-ALADI.png","contentUrl":"https:\/\/www.aladi.org\/wp-content\/uploads\/2025\/12\/Logo-ALADI.png","width":375,"height":235,"caption":"ALADI"},"image":{"@id":"https:\/\/www.aladi.org\/pt\/#\/schema\/logo\/image\/"},"sameAs":["https:\/\/es-la.facebook.com\/people\/ALADI\/100064606213084\/","https:\/\/x.com\/ALADI_SG","https:\/\/www.instagram.com\/aladi_sg\/?hl=es","https:\/\/www.linkedin.com\/company\/aladi\/","https:\/\/www.flickr.com\/photos\/aladi\/","https:\/\/www.youtube.com\/channel\/UCrkJWOWHKF6igQmWE8Clnpg"]}]}},"jetpack_sharing_enabled":true,"_links":{"self":[{"href":"https:\/\/www.aladi.org\/pt\/wp-json\/wp\/v2\/pages\/3731","targetHints":{"allow":["GET"]}}],"collection":[{"href":"https:\/\/www.aladi.org\/pt\/wp-json\/wp\/v2\/pages"}],"about":[{"href":"https:\/\/www.aladi.org\/pt\/wp-json\/wp\/v2\/types\/page"}],"author":[{"embeddable":true,"href":"https:\/\/www.aladi.org\/pt\/wp-json\/wp\/v2\/users\/2"}],"replies":[{"embeddable":true,"href":"https:\/\/www.aladi.org\/pt\/wp-json\/wp\/v2\/comments?post=3731"}],"version-history":[{"count":15,"href":"https:\/\/www.aladi.org\/pt\/wp-json\/wp\/v2\/pages\/3731\/revisions"}],"predecessor-version":[{"id":6124,"href":"https:\/\/www.aladi.org\/pt\/wp-json\/wp\/v2\/pages\/3731\/revisions\/6124"}],"up":[{"embeddable":true,"href":"https:\/\/www.aladi.org\/pt\/wp-json\/wp\/v2\/pages\/1812"}],"wp:attachment":[{"href":"https:\/\/www.aladi.org\/pt\/wp-json\/wp\/v2\/media?parent=3731"}],"curies":[{"name":"wp","href":"https:\/\/api.w.org\/{rel}","templated":true}]}}