{"id":3714,"date":"2024-04-10T17:49:49","date_gmt":"2024-04-10T17:49:49","guid":{"rendered":"https:\/\/sitio.aladi.org\/?page_id=3714"},"modified":"2024-12-06T17:46:35","modified_gmt":"2024-12-06T17:46:35","slug":"division-de-administracion-y-finanzas","status":"publish","type":"page","link":"https:\/\/www.aladi.org\/pt\/organizacao-institucional\/secretaria-geral\/divisao-de-administracao-e-financas\/","title":{"rendered":"Divis\u00e3o de Administra\u00e7\u00e3o e Finan\u00e7as"},"content":{"rendered":"<div>Secretar\u00eda General<\/div>\n<h1><strong>Divisi\u00f3n de Administraci\u00f3n y Finanzas<\/strong><\/h1>\n<p><img decoding=\"async\" src=\"\/wp-content\/uploads\/2024\/04\/DAF.jpg\" alt=\"\"><\/p>\n<div>\n<h2>Carla Risso<br \/>Jefa del Sector Finanzas y Control<\/h2>\n<\/div>\n<div>\n<div>\n<p>Nacionalidad: uruguaya<\/p>\n<\/div>\n<\/div>\n<h1><span>Corresponde a la Divisi\u00f3n de Administraci\u00f3n y Finanzas<\/span><\/h1>\n<div>\n<p>1. Apoyar la elaboraci\u00f3n y ejecuci\u00f3n del Presupuesto por Programas de la Asociaci\u00f3n.\u00a0<\/p>\n<p>2. Apoyar al Secretario General en la formulaci\u00f3n de pol\u00edticas y estrategias para la captaci\u00f3n y administraci\u00f3n de recursos financieros y prestaci\u00f3n de servicios internos.\u00a0<\/p>\n<p>3.Organizar, coordinar, supervisar y llevar a cabo las actividades en materia de finanzas y control, servicios generales y comerciales, en apoyo de las funciones de todas las unidades de la Secretar\u00eda.\u00a0<\/p>\n<p>4. Mantener la vinculaci\u00f3n con los auditores externos y disponer el apoyo necesario a sus tareas.\u00a0<\/p>\n<p>5. Desempe\u00f1ar otras funciones que le asigne el Secretario General.<\/p>\n<\/div>\n<p><!--more--><br \/>\n<!-- {\"type\":\"layout\",\"children\":[{\"type\":\"section\",\"props\":{\"image_loading\":true,\"image_position\":\"top-center\",\"media_visibility\":\"m\",\"padding\":\"xsmall\",\"padding_remove_horizontal\":false,\"padding_remove_top\":false,\"style\":\"default\",\"title_breakpoint\":\"xl\",\"title_position\":\"top-left\",\"title_rotation\":\"left\",\"vertical_align\":\"\",\"width\":\"xlarge\"},\"children\":[{\"type\":\"row\",\"props\":{\"width\":\"xlarge\"},\"children\":[{\"type\":\"column\",\"props\":{\"image_position\":\"center-center\",\"position_sticky_breakpoint\":\"m\"},\"children\":[{\"type\":\"breadcrumbs\",\"props\":{\"margin\":\"remove-vertical\",\"margin_remove_top\":true,\"show_current\":true,\"show_home\":true}}]}]},{\"type\":\"row\",\"props\":{\"margin_remove_bottom\":false,\"width\":\"xlarge\"},\"children\":[{\"type\":\"column\",\"props\":{\"image_position\":\"center-center\",\"image_size\":\"cover\",\"padding\":\"none\",\"position_sticky_breakpoint\":\"m\",\"vertical_align\":\"middle\"},\"children\":[{\"type\":\"headline\",\"props\":{\"content\":\"Secretar\\u00eda General\",\"content_pt_br\":\"Secretaria-Geral\",\"link_style\":false,\"title_color\":\"primary\",\"title_element\":\"div\",\"title_style\":\"h6\"}},{\"type\":\"headline\",\"props\":{\"content\":\"<strong>Divisi\\u00f3n de Administraci\\u00f3n y Finanzas<\\\/strong>\",\"content_pt_br\":\"<strong>Divis\\u00e3o de Administra\\u00e7\\u00e3o e Finan\\u00e7as<\\\/strong>\",\"margin\":\"medium\",\"margin_remove_bottom\":false,\"margin_remove_top\":false,\"maxwidth\":\"xlarge\",\"text_align\":\"left\",\"text_align_fallback\":\"center\",\"title_color\":\"secondary\",\"title_element\":\"h1\",\"title_style\":\"h1\"}}]}]}],\"name\":\"T\\u00edtulos\"},{\"type\":\"section\",\"props\":{\"image_position\":\"center-center\",\"style\":\"default\",\"title_breakpoint\":\"xl\",\"title_position\":\"top-left\",\"title_rotation\":\"left\",\"vertical_align\":\"\",\"width\":\"default\"},\"children\":[{\"type\":\"row\",\"props\":{\"layout\":\"2-5,3-5\"},\"children\":[{\"type\":\"column\",\"props\":{\"image_position\":\"center-center\",\"position_sticky_breakpoint\":\"m\",\"width_medium\":\"2-5\"},\"children\":[{\"type\":\"image\",\"props\":{\"image\":\"wp-content\\\/uploads\\\/2024\\\/04\\\/DAF.jpg\",\"image_svg_color\":\"emphasis\",\"margin\":\"default\"}}]},{\"type\":\"column\",\"props\":{\"image_position\":\"center-center\",\"position_sticky_breakpoint\":\"m\",\"width_medium\":\"3-5\"},\"children\":[{\"type\":\"text\",\"props\":{\"column_breakpoint\":\"m\",\"content\":\"\n\n<h2>Carla Risso<br \\\/>Jefa del Sector Finanzas y Control<\\\/h2>\",\"content_pt_br\":\"\n\n<h2>Carla Risso<br \\\/>Chefe do Setor Finan\\u00e7as e Controle<\\\/h2>\",\"margin\":\"default\"}},{\"type\":\"list\",\"props\":{\"column_breakpoint\":\"m\",\"image_align\":\"left\",\"image_svg_color\":\"emphasis\",\"image_vertical_align\":true,\"list_element\":\"ul\",\"list_horizontal_separator\":\", \",\"list_type\":\"vertical\",\"show_image\":true,\"show_link\":true},\"children\":[{\"type\":\"list_item\",\"props\":{\"content\":\"\n\n<p>Nacionalidad: uruguaya<\\\/p>\",\"content_pt_br\":\"Nacionalidade: uruguaia\",\"icon\":\"location\"}}]}]}]}]},{\"type\":\"section\",\"props\":{\"image_position\":\"center-center\",\"style\":\"default\",\"title_breakpoint\":\"xl\",\"title_position\":\"top-left\",\"title_rotation\":\"left\",\"vertical_align\":\"\",\"width\":\"default\"},\"children\":[{\"type\":\"row\",\"children\":[{\"type\":\"column\",\"props\":{\"image_position\":\"center-center\",\"position_sticky_breakpoint\":\"m\"},\"children\":[{\"type\":\"headline\",\"props\":{\"content\":\"<span>Corresponde a la Divisi\\u00f3n de Administraci\\u00f3n y Finanzas<\\\/span>\",\"content_pt_br\":\"<span>Cabe \\u00e0 Divis\\u00e3o de Administra\\u00e7\\u00e3o e Finan\\u00e7as:<\\\/span>\",\"title_color\":\"secondary\",\"title_decoration\":\"bullet\",\"title_element\":\"h1\",\"title_style\":\"h4\"}},{\"type\":\"text\",\"props\":{\"column_breakpoint\":\"m\",\"content\":\"\n\n<p>1. Apoyar la elaboraci\\u00f3n y ejecuci\\u00f3n del Presupuesto por Programas de la Asociaci\\u00f3n.\\u00a0<\\\/p>\\n\n\n<p>2. Apoyar al Secretario General en la formulaci\\u00f3n de pol\\u00edticas y estrategias para la captaci\\u00f3n y administraci\\u00f3n de recursos financieros y prestaci\\u00f3n de servicios internos.\\u00a0<\\\/p>\\n\n\n<p>3.Organizar, coordinar, supervisar y llevar a cabo las actividades en materia de finanzas y control, servicios generales y comerciales, en apoyo de las funciones de todas las unidades de la Secretar\\u00eda.\\u00a0<\\\/p>\\n\n\n<p>4. Mantener la vinculaci\\u00f3n con los auditores externos y disponer el apoyo necesario a sus tareas.\\u00a0<\\\/p>\\n\n\n<p>5. Desempe\\u00f1ar otras funciones que le asigne el Secretario General.<\\\/p>\",\"content_pt_br\":\"\n\n<p>1. apoiar a elabora\\u00e7\\u00e3o e execu\\u00e7\\u00e3o do Or\\u00e7amento por Programas da Associa\\u00e7\\u00e3o;<\\\/p>\\n\n\n<p>2. apoiar o Secret\\u00e1rio-Geral na formula\\u00e7\\u00e3o de pol\\u00edticas e estrat\\u00e9gias para a capta\\u00e7\\u00e3o e administra\\u00e7\\u00e3o de recursos financeiros e presta\\u00e7\\u00e3o de servi\\u00e7os internos;<\\\/p>\\n\n\n<p>3. organizar, coordenar, supervisionar e implementar as atividades em mat\\u00e9ria de finan\\u00e7as e controle, servi\\u00e7os gerais e comerciais, em apoio \\u00e0s fun\\u00e7\\u00f5es de todas as unidades da Secretaria;<\\\/p>\\n\n\n<p>4. manter a vincula\\u00e7\\u00e3o com os auditores externos e dispor o apoio necess\\u00e1rio para suas tarefas;<\\\/p>\\n\n\n<p>5. desempenhar outras fun\\u00e7\\u00f5es que lhe forem conferidas pelo Secret\\u00e1rio-Geral.<\\\/p>\",\"margin\":\"default\"}}]}]}]}],\"version\":\"4.4.12\"} --><\/p>\n","protected":false},"excerpt":{"rendered":"<p>Secretar\u00eda General Divisi\u00f3n de Administraci\u00f3n y Finanzas Carla RissoJefa del Sector Finanzas y Control Nacionalidad: uruguaya Corresponde a la Divisi\u00f3n de Administraci\u00f3n y Finanzas 1. Apoyar la elaboraci\u00f3n y ejecuci\u00f3n del Presupuesto por Programas de la Asociaci\u00f3n.\u00a0 2. Apoyar al Secretario General en la formulaci\u00f3n de pol\u00edticas y estrategias para la captaci\u00f3n y administraci\u00f3n de [&hellip;]<\/p>\n","protected":false},"author":2,"featured_media":0,"parent":1812,"menu_order":0,"comment_status":"closed","ping_status":"closed","template":"","meta":{"_acf_changed":false,"footnotes":""},"class_list":["post-3714","page","type-page","status-publish","hentry"],"acf":[],"yoast_head":"<!-- This site is optimized with the Yoast SEO plugin v26.5 - https:\/\/yoast.com\/wordpress\/plugins\/seo\/ -->\n<title>Divis\u00e3o de Administra\u00e7\u00e3o e Finan\u00e7as<\/title>\n<meta name=\"robots\" content=\"index, follow, max-snippet:-1, max-image-preview:large, max-video-preview:-1\" \/>\n<meta property=\"og:locale\" content=\"pt_BR\" \/>\n<meta property=\"og:type\" content=\"article\" \/>\n<meta property=\"og:title\" content=\"Divis\u00e3o de Administra\u00e7\u00e3o e Finan\u00e7as\" \/>\n<meta property=\"og:url\" content=\"https:\/\/www.aladi.org\/pt\/organizacao-institucional\/secretaria-geral\/divisao-de-administracao-e-financas\/\" \/>\n<meta property=\"og:site_name\" content=\"ALADI\" \/>\n<meta property=\"article:publisher\" content=\"https:\/\/es-la.facebook.com\/people\/ALADI\/100064606213084\/\" \/>\n<meta property=\"article:modified_time\" content=\"2024-12-06T17:46:35+00:00\" \/>\n<meta name=\"twitter:card\" content=\"summary_large_image\" \/>\n<meta name=\"twitter:site\" content=\"@ALADI_SG\" \/>\n<meta name=\"twitter:label1\" content=\"Est. reading time\" \/>\n\t<meta name=\"twitter:data1\" content=\"1 minute\" \/>\n<script type=\"application\/ld+json\" class=\"yoast-schema-graph\">{\"@context\":\"https:\/\/schema.org\",\"@graph\":[{\"@type\":\"WebPage\",\"@id\":\"https:\/\/www.aladi.org\/pt\/organizacao-institucional\/secretaria-geral\/divisao-de-administracao-e-financas\/\",\"url\":\"https:\/\/www.aladi.org\/pt\/organizacao-institucional\/secretaria-geral\/divisao-de-administracao-e-financas\/\",\"name\":\"Divisi\u00f3n de Administraci\u00f3n y Finanzas - ALADI\",\"isPartOf\":{\"@id\":\"https:\/\/www.aladi.org\/#website\"},\"datePublished\":\"2024-04-10T17:49:49+00:00\",\"dateModified\":\"2024-12-06T17:46:35+00:00\",\"breadcrumb\":{\"@id\":\"https:\/\/www.aladi.org\/pt\/organizacao-institucional\/secretaria-geral\/divisao-de-administracao-e-financas\/#breadcrumb\"},\"inLanguage\":\"pt-BR\",\"potentialAction\":[{\"@type\":\"ReadAction\",\"target\":[\"https:\/\/www.aladi.org\/pt\/organizacao-institucional\/secretaria-geral\/divisao-de-administracao-e-financas\/\"]}]},{\"@type\":\"BreadcrumbList\",\"@id\":\"https:\/\/www.aladi.org\/pt\/organizacao-institucional\/secretaria-geral\/divisao-de-administracao-e-financas\/#breadcrumb\",\"itemListElement\":[{\"@type\":\"ListItem\",\"position\":1,\"name\":\"Home\",\"item\":\"https:\/\/www.aladi.org\/\"},{\"@type\":\"ListItem\",\"position\":2,\"name\":\"Organiza\u00e7\u00e3o Institucional\",\"item\":\"https:\/\/www.aladi.org\/organizacion-institucional\/\"},{\"@type\":\"ListItem\",\"position\":3,\"name\":\"Secretaria-Geral\",\"item\":\"https:\/\/www.aladi.org\/organizacion-institucional\/secretaria-general\/\"},{\"@type\":\"ListItem\",\"position\":4,\"name\":\"Divis\u00e3o de Administra\u00e7\u00e3o e Finan\u00e7as\"}]},{\"@type\":\"WebSite\",\"@id\":\"https:\/\/www.aladi.org\/pt\/#website\",\"url\":\"https:\/\/www.aladi.org\/pt\/\",\"name\":\"ALADI\",\"description\":\"Asociaci\u00f3n Latinoamericana de Integraci\u00f3n\",\"publisher\":{\"@id\":\"https:\/\/www.aladi.org\/pt\/#organization\"},\"potentialAction\":[{\"@type\":\"SearchAction\",\"target\":{\"@type\":\"EntryPoint\",\"urlTemplate\":\"https:\/\/www.aladi.org\/pt\/?s={search_term_string}\"},\"query-input\":{\"@type\":\"PropertyValueSpecification\",\"valueRequired\":true,\"valueName\":\"search_term_string\"}}],\"inLanguage\":\"pt-BR\"},{\"@type\":\"Organization\",\"@id\":\"https:\/\/www.aladi.org\/pt\/#organization\",\"name\":\"ALADI\",\"url\":\"https:\/\/www.aladi.org\/pt\/\",\"logo\":{\"@type\":\"ImageObject\",\"inLanguage\":\"pt-BR\",\"@id\":\"https:\/\/www.aladi.org\/pt\/#\/schema\/logo\/image\/\",\"url\":\"https:\/\/www.aladi.org\/wp-content\/uploads\/2025\/12\/Logo-ALADI.png\",\"contentUrl\":\"https:\/\/www.aladi.org\/wp-content\/uploads\/2025\/12\/Logo-ALADI.png\",\"width\":375,\"height\":235,\"caption\":\"ALADI\"},\"image\":{\"@id\":\"https:\/\/www.aladi.org\/pt\/#\/schema\/logo\/image\/\"},\"sameAs\":[\"https:\/\/es-la.facebook.com\/people\/ALADI\/100064606213084\/\",\"https:\/\/x.com\/ALADI_SG\",\"https:\/\/www.instagram.com\/aladi_sg\/?hl=es\",\"https:\/\/www.linkedin.com\/company\/aladi\/\",\"https:\/\/www.flickr.com\/photos\/aladi\/\",\"https:\/\/www.youtube.com\/channel\/UCrkJWOWHKF6igQmWE8Clnpg\"]}]}<\/script>\n<!-- \/ Yoast SEO plugin. -->","yoast_head_json":{"title":"Divis\u00e3o de Administra\u00e7\u00e3o e Finan\u00e7as","robots":{"index":"index","follow":"follow","max-snippet":"max-snippet:-1","max-image-preview":"max-image-preview:large","max-video-preview":"max-video-preview:-1"},"og_locale":"pt_BR","og_type":"article","og_title":"Divis\u00e3o de Administra\u00e7\u00e3o e Finan\u00e7as","og_url":"https:\/\/www.aladi.org\/pt\/organizacao-institucional\/secretaria-geral\/divisao-de-administracao-e-financas\/","og_site_name":"ALADI","article_publisher":"https:\/\/es-la.facebook.com\/people\/ALADI\/100064606213084\/","article_modified_time":"2024-12-06T17:46:35+00:00","twitter_card":"summary_large_image","twitter_site":"@ALADI_SG","twitter_misc":{"Est. reading time":"1 minute"},"schema":{"@context":"https:\/\/schema.org","@graph":[{"@type":"WebPage","@id":"https:\/\/www.aladi.org\/pt\/organizacao-institucional\/secretaria-geral\/divisao-de-administracao-e-financas\/","url":"https:\/\/www.aladi.org\/pt\/organizacao-institucional\/secretaria-geral\/divisao-de-administracao-e-financas\/","name":"Divisi\u00f3n de Administraci\u00f3n y Finanzas - ALADI","isPartOf":{"@id":"https:\/\/www.aladi.org\/#website"},"datePublished":"2024-04-10T17:49:49+00:00","dateModified":"2024-12-06T17:46:35+00:00","breadcrumb":{"@id":"https:\/\/www.aladi.org\/pt\/organizacao-institucional\/secretaria-geral\/divisao-de-administracao-e-financas\/#breadcrumb"},"inLanguage":"pt-BR","potentialAction":[{"@type":"ReadAction","target":["https:\/\/www.aladi.org\/pt\/organizacao-institucional\/secretaria-geral\/divisao-de-administracao-e-financas\/"]}]},{"@type":"BreadcrumbList","@id":"https:\/\/www.aladi.org\/pt\/organizacao-institucional\/secretaria-geral\/divisao-de-administracao-e-financas\/#breadcrumb","itemListElement":[{"@type":"ListItem","position":1,"name":"Home","item":"https:\/\/www.aladi.org\/"},{"@type":"ListItem","position":2,"name":"Organiza\u00e7\u00e3o Institucional","item":"https:\/\/www.aladi.org\/organizacion-institucional\/"},{"@type":"ListItem","position":3,"name":"Secretaria-Geral","item":"https:\/\/www.aladi.org\/organizacion-institucional\/secretaria-general\/"},{"@type":"ListItem","position":4,"name":"Divis\u00e3o de Administra\u00e7\u00e3o e Finan\u00e7as"}]},{"@type":"WebSite","@id":"https:\/\/www.aladi.org\/pt\/#website","url":"https:\/\/www.aladi.org\/pt\/","name":"ALADI","description":"Asociaci\u00f3n Latinoamericana de Integraci\u00f3n","publisher":{"@id":"https:\/\/www.aladi.org\/pt\/#organization"},"potentialAction":[{"@type":"SearchAction","target":{"@type":"EntryPoint","urlTemplate":"https:\/\/www.aladi.org\/pt\/?s={search_term_string}"},"query-input":{"@type":"PropertyValueSpecification","valueRequired":true,"valueName":"search_term_string"}}],"inLanguage":"pt-BR"},{"@type":"Organization","@id":"https:\/\/www.aladi.org\/pt\/#organization","name":"ALADI","url":"https:\/\/www.aladi.org\/pt\/","logo":{"@type":"ImageObject","inLanguage":"pt-BR","@id":"https:\/\/www.aladi.org\/pt\/#\/schema\/logo\/image\/","url":"https:\/\/www.aladi.org\/wp-content\/uploads\/2025\/12\/Logo-ALADI.png","contentUrl":"https:\/\/www.aladi.org\/wp-content\/uploads\/2025\/12\/Logo-ALADI.png","width":375,"height":235,"caption":"ALADI"},"image":{"@id":"https:\/\/www.aladi.org\/pt\/#\/schema\/logo\/image\/"},"sameAs":["https:\/\/es-la.facebook.com\/people\/ALADI\/100064606213084\/","https:\/\/x.com\/ALADI_SG","https:\/\/www.instagram.com\/aladi_sg\/?hl=es","https:\/\/www.linkedin.com\/company\/aladi\/","https:\/\/www.flickr.com\/photos\/aladi\/","https:\/\/www.youtube.com\/channel\/UCrkJWOWHKF6igQmWE8Clnpg"]}]}},"jetpack_sharing_enabled":true,"_links":{"self":[{"href":"https:\/\/www.aladi.org\/pt\/wp-json\/wp\/v2\/pages\/3714","targetHints":{"allow":["GET"]}}],"collection":[{"href":"https:\/\/www.aladi.org\/pt\/wp-json\/wp\/v2\/pages"}],"about":[{"href":"https:\/\/www.aladi.org\/pt\/wp-json\/wp\/v2\/types\/page"}],"author":[{"embeddable":true,"href":"https:\/\/www.aladi.org\/pt\/wp-json\/wp\/v2\/users\/2"}],"replies":[{"embeddable":true,"href":"https:\/\/www.aladi.org\/pt\/wp-json\/wp\/v2\/comments?post=3714"}],"version-history":[{"count":14,"href":"https:\/\/www.aladi.org\/pt\/wp-json\/wp\/v2\/pages\/3714\/revisions"}],"predecessor-version":[{"id":6152,"href":"https:\/\/www.aladi.org\/pt\/wp-json\/wp\/v2\/pages\/3714\/revisions\/6152"}],"up":[{"embeddable":true,"href":"https:\/\/www.aladi.org\/pt\/wp-json\/wp\/v2\/pages\/1812"}],"wp:attachment":[{"href":"https:\/\/www.aladi.org\/pt\/wp-json\/wp\/v2\/media?parent=3714"}],"curies":[{"name":"wp","href":"https:\/\/api.w.org\/{rel}","templated":true}]}}