{"id":3697,"date":"2024-04-10T16:50:06","date_gmt":"2024-04-10T16:50:06","guid":{"rendered":"https:\/\/sitio.aladi.org\/?page_id=3697"},"modified":"2024-12-06T14:46:18","modified_gmt":"2024-12-06T14:46:18","slug":"secretario-general","status":"publish","type":"page","link":"https:\/\/www.aladi.org\/pt\/organizacao-institucional\/secretaria-geral\/secretario-geral\/","title":{"rendered":"Secret\u00e1rio-Geral"},"content":{"rendered":"<div>Secretar\u00eda General<\/div>\n<h1><strong>Secretario General<\/strong><\/h1>\n<p><img decoding=\"async\" src=\"\/wp-content\/uploads\/2023\/02\/Sergio-Abreu.jpeg\" alt=\"\"><\/p>\n<div>\n<h2>Dr. Sergio Abreu<\/h2>\n<\/div>\n<ul>\n<li>\n<div>\n<p>Nacionalidad: Uruguaya<\/p>\n<\/div>\n<\/li>\n<li>\n<div>\n<p><a href=\"mailto:sgaladi@aladi.org\" target=\"_blank\" rel=\"noopener\">sgaladi@aladi.org<\/a><\/p>\n<\/div>\n<\/li>\n<li>\n<div>\n<p><span>Tel.: 2419 10 14 \u2013 2410 33 63<\/span><\/p>\n<\/div>\n<\/li>\n<li>\n<div>\n<p><span>Fax: 2418 45 66<\/span><\/p>\n<\/div>\n<\/li>\n<\/ul>\n<h1><span>Corresponde al Secretario General<\/span><\/h1>\n<div>\n<p>1. Ejercer las funciones y atribuciones establecidas en el art\u00edculo 38 del TM80.\u00a0<\/p>\n<p>2. Desempe\u00f1arse como Secretario General respecto de los tres \u00f3rganos pol\u00edticos de la Asociaci\u00f3n.\u00a0<\/p>\n<p>3. Cumplir y velar por el cumplimiento de los mandatos de los \u00f3rganos pol\u00edticos.\u00a0<\/p>\n<p>4. Planificar, organizar y dirigir las actividades de la Secretar\u00eda General y supervisar, directamente o por delegaci\u00f3n, el funcionamiento de sus unidades.\u00a0<\/p>\n<p>5. Establecer las directivas para la ejecuci\u00f3n de las pol\u00edticas de la Secretar\u00eda General y asignar competencias adicionales a los Subsecretarios.\u00a0<\/p>\n<p>6. Desarrollar acciones ante organismos y entidades internacionales con el objeto de tratar asuntos de inter\u00e9s com\u00fan, en el marco de los mandatos de los \u00f3rganos pol\u00edticos de la Asociaci\u00f3n.\u00a0<\/p>\n<p>7. Designar entre los dos subsecretarios a su reemplazante en caso de ausencia temporal, respetando en lo posible el criterio de alternancia entre ambos. En caso de ausencia simult\u00e1nea de los Subsecretarios, el Secretario General designar\u00e1 en su reemplazo a un funcionario internacional.<\/p>\n<\/div>\n<p><!--more--><br \/>\n<!-- {\"type\":\"layout\",\"children\":[{\"type\":\"section\",\"props\":{\"animation\":\"slide-left-small\",\"animation_delay\":\"200\",\"css\":\".el-section {\\n\\tmax-height:400px;\\n    overflow: hidden;\\n}\",\"image_position\":\"center-center\",\"image_size\":\"cover\",\"padding\":\"none\",\"style\":\"default\",\"title_breakpoint\":\"xl\",\"title_position\":\"top-left\",\"title_rotation\":\"left\",\"vertical_align\":\"\",\"width\":\"xlarge\"},\"children\":[{\"type\":\"row\",\"children\":[{\"type\":\"column\",\"props\":{\"image_position\":\"center-center\",\"position_sticky_breakpoint\":\"m\"}}]}],\"name\":\"Foto banner\"},{\"type\":\"section\",\"props\":{\"image_loading\":true,\"image_position\":\"top-center\",\"media_visibility\":\"m\",\"padding\":\"xsmall\",\"padding_remove_horizontal\":false,\"padding_remove_top\":false,\"style\":\"default\",\"title_breakpoint\":\"xl\",\"title_position\":\"top-left\",\"title_rotation\":\"left\",\"vertical_align\":\"\",\"width\":\"xlarge\"},\"children\":[{\"type\":\"row\",\"props\":{\"width\":\"xlarge\"},\"children\":[{\"type\":\"column\",\"props\":{\"image_position\":\"center-center\",\"position_sticky_breakpoint\":\"m\"},\"children\":[{\"type\":\"breadcrumbs\",\"props\":{\"margin\":\"remove-vertical\",\"margin_remove_top\":true,\"show_current\":true,\"show_home\":true}}]}]},{\"type\":\"row\",\"props\":{\"margin_remove_bottom\":false,\"width\":\"xlarge\"},\"children\":[{\"type\":\"column\",\"props\":{\"image_position\":\"center-center\",\"image_size\":\"cover\",\"padding\":\"none\",\"position_sticky_breakpoint\":\"m\",\"vertical_align\":\"middle\"},\"children\":[{\"type\":\"headline\",\"props\":{\"content\":\"Secretar\\u00eda General\",\"content_pt_br\":\"Secretaria-Geral\",\"link_style\":false,\"title_color\":\"primary\",\"title_element\":\"div\",\"title_style\":\"h6\"}},{\"type\":\"headline\",\"props\":{\"content\":\"<strong>Secretario General<\\\/strong>\",\"content_pt_br\":\"<strong>Secret\\u00e1rio-Geral<\\\/strong>\",\"margin\":\"medium\",\"margin_remove_bottom\":false,\"margin_remove_top\":false,\"maxwidth\":\"xlarge\",\"text_align\":\"left\",\"text_align_fallback\":\"center\",\"title_color\":\"secondary\",\"title_element\":\"h1\",\"title_style\":\"h1\"}}]}]}],\"name\":\"T\\u00edtulos\"},{\"type\":\"section\",\"props\":{\"image_position\":\"center-center\",\"style\":\"default\",\"title_breakpoint\":\"xl\",\"title_position\":\"top-left\",\"title_rotation\":\"left\",\"vertical_align\":\"\",\"width\":\"default\"},\"children\":[{\"type\":\"row\",\"props\":{\"layout\":\"1-2,1-2\"},\"children\":[{\"type\":\"column\",\"props\":{\"image_position\":\"center-center\",\"position_sticky_breakpoint\":\"m\",\"width_medium\":\"1-2\"},\"children\":[{\"type\":\"image\",\"props\":{\"image\":\"wp-content\\\/uploads\\\/2023\\\/02\\\/Sergio-Abreu.jpeg\",\"image_svg_color\":\"emphasis\",\"margin\":\"default\"}}]},{\"type\":\"column\",\"props\":{\"image_position\":\"center-center\",\"position_sticky_breakpoint\":\"m\",\"width_medium\":\"1-2\"},\"children\":[{\"type\":\"text\",\"props\":{\"column_breakpoint\":\"m\",\"content\":\"\n\n<h2>Dr. Sergio Abreu<\\\/h2>\",\"content_pt_br\":\"\n\n<h2>Dr. Sergio Abreu<\\\/h2>\",\"margin\":\"default\"}},{\"type\":\"list\",\"props\":{\"column_breakpoint\":\"m\",\"image_align\":\"left\",\"image_svg_color\":\"emphasis\",\"image_vertical_align\":true,\"list_element\":\"ul\",\"list_horizontal_separator\":\", \",\"list_type\":\"vertical\",\"show_image\":true,\"show_link\":true},\"children\":[{\"type\":\"list_item\",\"props\":{\"content\":\"\n\n<p>Nacionalidad: Uruguaya<\\\/p>\",\"content_pt_br\":\"Nacionalidade: uruguaia\",\"icon\":\"location\"}},{\"type\":\"list_item\",\"props\":{\"content\":\"\n\n<p><a href=\\\"mailto:sgaladi@aladi.org\\\" target=\\\"_blank\\\" rel=\\\"noopener\\\">sgaladi@aladi.org<\\\/a><\\\/p>\",\"content_pt_br\":\"<a href=\\\"mailto:sgaladi@aladi.org\\\" target=\\\"_blank\\\" rel=\\\"noopener\\\">sgaladi@aladi.org<\\\/a>\",\"icon\":\"mail\"}},{\"type\":\"list_item\",\"props\":{\"content\":\"\n\n<p><span>Tel.: 2419 10 14 \\u2013 2410 33 63<\\\/span><\\\/p>\",\"content_pt_br\":\"<span>Fone: 2419-1014 \\u2013 2410-3363<\\\/span>\",\"icon\":\"receiver\"}},{\"type\":\"list_item\",\"props\":{\"content\":\"\n\n<p><span>Fax: 2418 45 66<\\\/span><\\\/p>\",\"content_pt_br\":\"<span>Fax: 2418-4566<\\\/span>\",\"icon\":\"print\"}}]}]}]}]},{\"type\":\"section\",\"props\":{\"image_position\":\"center-center\",\"padding_remove_top\":true,\"style\":\"default\",\"title_breakpoint\":\"xl\",\"title_position\":\"top-left\",\"title_rotation\":\"left\",\"vertical_align\":\"\",\"width\":\"default\"},\"children\":[{\"type\":\"row\",\"children\":[{\"type\":\"column\",\"props\":{\"image_position\":\"center-center\",\"position_sticky_breakpoint\":\"m\"},\"children\":[{\"type\":\"headline\",\"props\":{\"content\":\"<span>Corresponde al Secretario General<\\\/span>\",\"content_pt_br\":\"<span>Cabe ao Secret\\u00e1rio-Geral:<\\\/span>\",\"title_color\":\"secondary\",\"title_decoration\":\"bullet\",\"title_element\":\"h1\",\"title_style\":\"h4\"}},{\"type\":\"text\",\"props\":{\"column_breakpoint\":\"m\",\"content\":\"\n\n<p>1. Ejercer las funciones y atribuciones establecidas en el art\\u00edculo 38 del TM80.\\u00a0<\\\/p>\\n\n\n<p>2. Desempe\\u00f1arse como Secretario General respecto de los tres \\u00f3rganos pol\\u00edticos de la Asociaci\\u00f3n.\\u00a0<\\\/p>\\n\n\n<p>3. Cumplir y velar por el cumplimiento de los mandatos de los \\u00f3rganos pol\\u00edticos.\\u00a0<\\\/p>\\n\n\n<p>4. Planificar, organizar y dirigir las actividades de la Secretar\\u00eda General y supervisar, directamente o por delegaci\\u00f3n, el funcionamiento de sus unidades.\\u00a0<\\\/p>\\n\n\n<p>5. Establecer las directivas para la ejecuci\\u00f3n de las pol\\u00edticas de la Secretar\\u00eda General y asignar competencias adicionales a los Subsecretarios.\\u00a0<\\\/p>\\n\n\n<p>6. Desarrollar acciones ante organismos y entidades internacionales con el objeto de tratar asuntos de inter\\u00e9s com\\u00fan, en el marco de los mandatos de los \\u00f3rganos pol\\u00edticos de la Asociaci\\u00f3n.\\u00a0<\\\/p>\\n\n\n<p>7. Designar entre los dos subsecretarios a su reemplazante en caso de ausencia temporal, respetando en lo posible el criterio de alternancia entre ambos. En caso de ausencia simult\\u00e1nea de los Subsecretarios, el Secretario General designar\\u00e1 en su reemplazo a un funcionario internacional.<\\\/p>\",\"content_pt_br\":\"\n\n<p>1. exercer as fun\\u00e7\\u00f5es e atribui\\u00e7\\u00f5es estabelecidas no Artigo 38 do TM80;<\\\/p>\\n\n\n<p>2. desempenhar o cargo de secret\\u00e1rio-geral nos tr\\u00eas \\u00f3rg\\u00e3os pol\\u00edticos da Associa\\u00e7\\u00e3o;<\\\/p>\\n\n\n<p>3. cumprir e zelar pelo cumprimento dos mandados dos \\u00f3rg\\u00e3os pol\\u00edticos;<\\\/p>\\n\n\n<p>4. planejar, organizar e dirigir as atividades da Secretaria-Geral e supervisionar, diretamente ou por delega\\u00e7\\u00e3o, o funcionamento de suas unidades;<\\\/p>\\n\n\n<p>5. estabelecer diretrizes para a execu\\u00e7\\u00e3o das pol\\u00edticas da Secretaria-Geral e conferir aos subsecret\\u00e1rios quaisquer incumb\\u00eancias adicionais;<\\\/p>\\n\n\n<p>6. desenvolver a\\u00e7\\u00f5es junto a organismos e a entidades internacionais, com o objetivo de tratar assuntos de interesse comum, no \\u00e2mbito dos mandados dos \\u00f3rg\\u00e3os pol\\u00edticos da Associa\\u00e7\\u00e3o;\\u00a0<\\\/p>\\n\n\n<p>7. designar, entre os dois subsecret\\u00e1rios, seu substituto em caso de aus\\u00eancia tempor\\u00e1ria, respeitando, sempre que poss\\u00edvel, o crit\\u00e9rio de altern\\u00e2ncia entre os dois. Na hip\\u00f3tese de aus\\u00eancia simult\\u00e2nea dos subsecret\\u00e1rios, o secret\\u00e1rio-geral designar\\u00e1 em seu lugar um funcion\\u00e1rio da categoria internacional.<\\\/p>\",\"margin\":\"default\"}}]}]}]}],\"version\":\"4.4.12\"} --><\/p>\n","protected":false},"excerpt":{"rendered":"<p>Secretar\u00eda General Secretario General Dr. Sergio Abreu Nacionalidad: Uruguaya sgaladi@aladi.org Tel.: 2419 10 14 \u2013 2410 33 63 Fax: 2418 45 66 Corresponde al Secretario General 1. Ejercer las funciones y atribuciones establecidas en el art\u00edculo 38 del TM80.\u00a0 2. Desempe\u00f1arse como Secretario General respecto de los tres \u00f3rganos pol\u00edticos de la Asociaci\u00f3n.\u00a0 3. Cumplir [&hellip;]<\/p>\n","protected":false},"author":2,"featured_media":0,"parent":1812,"menu_order":0,"comment_status":"closed","ping_status":"closed","template":"","meta":{"_acf_changed":false,"footnotes":""},"class_list":["post-3697","page","type-page","status-publish","hentry"],"acf":[],"yoast_head":"<!-- This site is optimized with the Yoast SEO plugin v26.5 - https:\/\/yoast.com\/wordpress\/plugins\/seo\/ -->\n<title>Secret\u00e1rio-Geral<\/title>\n<meta name=\"robots\" content=\"index, follow, max-snippet:-1, max-image-preview:large, max-video-preview:-1\" \/>\n<meta property=\"og:locale\" content=\"pt_BR\" \/>\n<meta property=\"og:type\" content=\"article\" \/>\n<meta property=\"og:title\" content=\"Secret\u00e1rio-Geral\" \/>\n<meta property=\"og:url\" content=\"https:\/\/www.aladi.org\/pt\/organizacao-institucional\/secretaria-geral\/secretario-geral\/\" \/>\n<meta property=\"og:site_name\" content=\"ALADI\" \/>\n<meta property=\"article:publisher\" content=\"https:\/\/es-la.facebook.com\/people\/ALADI\/100064606213084\/\" \/>\n<meta property=\"article:modified_time\" content=\"2024-12-06T14:46:18+00:00\" \/>\n<meta name=\"twitter:card\" content=\"summary_large_image\" \/>\n<meta name=\"twitter:site\" content=\"@ALADI_SG\" \/>\n<meta name=\"twitter:label1\" content=\"Est. reading time\" \/>\n\t<meta name=\"twitter:data1\" content=\"1 minute\" \/>\n<script type=\"application\/ld+json\" class=\"yoast-schema-graph\">{\"@context\":\"https:\/\/schema.org\",\"@graph\":[{\"@type\":\"WebPage\",\"@id\":\"https:\/\/www.aladi.org\/pt\/organizacao-institucional\/secretaria-geral\/secretario-geral\/\",\"url\":\"https:\/\/www.aladi.org\/pt\/organizacao-institucional\/secretaria-geral\/secretario-geral\/\",\"name\":\"Secretario General - ALADI\",\"isPartOf\":{\"@id\":\"https:\/\/www.aladi.org\/#website\"},\"datePublished\":\"2024-04-10T16:50:06+00:00\",\"dateModified\":\"2024-12-06T14:46:18+00:00\",\"breadcrumb\":{\"@id\":\"https:\/\/www.aladi.org\/pt\/organizacao-institucional\/secretaria-geral\/secretario-geral\/#breadcrumb\"},\"inLanguage\":\"pt-BR\",\"potentialAction\":[{\"@type\":\"ReadAction\",\"target\":[\"https:\/\/www.aladi.org\/pt\/organizacao-institucional\/secretaria-geral\/secretario-geral\/\"]}]},{\"@type\":\"BreadcrumbList\",\"@id\":\"https:\/\/www.aladi.org\/pt\/organizacao-institucional\/secretaria-geral\/secretario-geral\/#breadcrumb\",\"itemListElement\":[{\"@type\":\"ListItem\",\"position\":1,\"name\":\"Home\",\"item\":\"https:\/\/www.aladi.org\/\"},{\"@type\":\"ListItem\",\"position\":2,\"name\":\"Organiza\u00e7\u00e3o Institucional\",\"item\":\"https:\/\/www.aladi.org\/organizacion-institucional\/\"},{\"@type\":\"ListItem\",\"position\":3,\"name\":\"Secretaria-Geral\",\"item\":\"https:\/\/www.aladi.org\/organizacion-institucional\/secretaria-general\/\"},{\"@type\":\"ListItem\",\"position\":4,\"name\":\"Secret\u00e1rio-Geral\"}]},{\"@type\":\"WebSite\",\"@id\":\"https:\/\/www.aladi.org\/pt\/#website\",\"url\":\"https:\/\/www.aladi.org\/pt\/\",\"name\":\"ALADI\",\"description\":\"Asociaci\u00f3n Latinoamericana de Integraci\u00f3n\",\"publisher\":{\"@id\":\"https:\/\/www.aladi.org\/pt\/#organization\"},\"potentialAction\":[{\"@type\":\"SearchAction\",\"target\":{\"@type\":\"EntryPoint\",\"urlTemplate\":\"https:\/\/www.aladi.org\/pt\/?s={search_term_string}\"},\"query-input\":{\"@type\":\"PropertyValueSpecification\",\"valueRequired\":true,\"valueName\":\"search_term_string\"}}],\"inLanguage\":\"pt-BR\"},{\"@type\":\"Organization\",\"@id\":\"https:\/\/www.aladi.org\/pt\/#organization\",\"name\":\"ALADI\",\"url\":\"https:\/\/www.aladi.org\/pt\/\",\"logo\":{\"@type\":\"ImageObject\",\"inLanguage\":\"pt-BR\",\"@id\":\"https:\/\/www.aladi.org\/pt\/#\/schema\/logo\/image\/\",\"url\":\"https:\/\/www.aladi.org\/wp-content\/uploads\/2025\/12\/Logo-ALADI.png\",\"contentUrl\":\"https:\/\/www.aladi.org\/wp-content\/uploads\/2025\/12\/Logo-ALADI.png\",\"width\":375,\"height\":235,\"caption\":\"ALADI\"},\"image\":{\"@id\":\"https:\/\/www.aladi.org\/pt\/#\/schema\/logo\/image\/\"},\"sameAs\":[\"https:\/\/es-la.facebook.com\/people\/ALADI\/100064606213084\/\",\"https:\/\/x.com\/ALADI_SG\",\"https:\/\/www.instagram.com\/aladi_sg\/?hl=es\",\"https:\/\/www.linkedin.com\/company\/aladi\/\",\"https:\/\/www.flickr.com\/photos\/aladi\/\",\"https:\/\/www.youtube.com\/channel\/UCrkJWOWHKF6igQmWE8Clnpg\"]}]}<\/script>\n<!-- \/ Yoast SEO plugin. -->","yoast_head_json":{"title":"Secret\u00e1rio-Geral","robots":{"index":"index","follow":"follow","max-snippet":"max-snippet:-1","max-image-preview":"max-image-preview:large","max-video-preview":"max-video-preview:-1"},"og_locale":"pt_BR","og_type":"article","og_title":"Secret\u00e1rio-Geral","og_url":"https:\/\/www.aladi.org\/pt\/organizacao-institucional\/secretaria-geral\/secretario-geral\/","og_site_name":"ALADI","article_publisher":"https:\/\/es-la.facebook.com\/people\/ALADI\/100064606213084\/","article_modified_time":"2024-12-06T14:46:18+00:00","twitter_card":"summary_large_image","twitter_site":"@ALADI_SG","twitter_misc":{"Est. reading time":"1 minute"},"schema":{"@context":"https:\/\/schema.org","@graph":[{"@type":"WebPage","@id":"https:\/\/www.aladi.org\/pt\/organizacao-institucional\/secretaria-geral\/secretario-geral\/","url":"https:\/\/www.aladi.org\/pt\/organizacao-institucional\/secretaria-geral\/secretario-geral\/","name":"Secretario General - ALADI","isPartOf":{"@id":"https:\/\/www.aladi.org\/#website"},"datePublished":"2024-04-10T16:50:06+00:00","dateModified":"2024-12-06T14:46:18+00:00","breadcrumb":{"@id":"https:\/\/www.aladi.org\/pt\/organizacao-institucional\/secretaria-geral\/secretario-geral\/#breadcrumb"},"inLanguage":"pt-BR","potentialAction":[{"@type":"ReadAction","target":["https:\/\/www.aladi.org\/pt\/organizacao-institucional\/secretaria-geral\/secretario-geral\/"]}]},{"@type":"BreadcrumbList","@id":"https:\/\/www.aladi.org\/pt\/organizacao-institucional\/secretaria-geral\/secretario-geral\/#breadcrumb","itemListElement":[{"@type":"ListItem","position":1,"name":"Home","item":"https:\/\/www.aladi.org\/"},{"@type":"ListItem","position":2,"name":"Organiza\u00e7\u00e3o Institucional","item":"https:\/\/www.aladi.org\/organizacion-institucional\/"},{"@type":"ListItem","position":3,"name":"Secretaria-Geral","item":"https:\/\/www.aladi.org\/organizacion-institucional\/secretaria-general\/"},{"@type":"ListItem","position":4,"name":"Secret\u00e1rio-Geral"}]},{"@type":"WebSite","@id":"https:\/\/www.aladi.org\/pt\/#website","url":"https:\/\/www.aladi.org\/pt\/","name":"ALADI","description":"Asociaci\u00f3n Latinoamericana de Integraci\u00f3n","publisher":{"@id":"https:\/\/www.aladi.org\/pt\/#organization"},"potentialAction":[{"@type":"SearchAction","target":{"@type":"EntryPoint","urlTemplate":"https:\/\/www.aladi.org\/pt\/?s={search_term_string}"},"query-input":{"@type":"PropertyValueSpecification","valueRequired":true,"valueName":"search_term_string"}}],"inLanguage":"pt-BR"},{"@type":"Organization","@id":"https:\/\/www.aladi.org\/pt\/#organization","name":"ALADI","url":"https:\/\/www.aladi.org\/pt\/","logo":{"@type":"ImageObject","inLanguage":"pt-BR","@id":"https:\/\/www.aladi.org\/pt\/#\/schema\/logo\/image\/","url":"https:\/\/www.aladi.org\/wp-content\/uploads\/2025\/12\/Logo-ALADI.png","contentUrl":"https:\/\/www.aladi.org\/wp-content\/uploads\/2025\/12\/Logo-ALADI.png","width":375,"height":235,"caption":"ALADI"},"image":{"@id":"https:\/\/www.aladi.org\/pt\/#\/schema\/logo\/image\/"},"sameAs":["https:\/\/es-la.facebook.com\/people\/ALADI\/100064606213084\/","https:\/\/x.com\/ALADI_SG","https:\/\/www.instagram.com\/aladi_sg\/?hl=es","https:\/\/www.linkedin.com\/company\/aladi\/","https:\/\/www.flickr.com\/photos\/aladi\/","https:\/\/www.youtube.com\/channel\/UCrkJWOWHKF6igQmWE8Clnpg"]}]}},"jetpack_sharing_enabled":true,"_links":{"self":[{"href":"https:\/\/www.aladi.org\/pt\/wp-json\/wp\/v2\/pages\/3697","targetHints":{"allow":["GET"]}}],"collection":[{"href":"https:\/\/www.aladi.org\/pt\/wp-json\/wp\/v2\/pages"}],"about":[{"href":"https:\/\/www.aladi.org\/pt\/wp-json\/wp\/v2\/types\/page"}],"author":[{"embeddable":true,"href":"https:\/\/www.aladi.org\/pt\/wp-json\/wp\/v2\/users\/2"}],"replies":[{"embeddable":true,"href":"https:\/\/www.aladi.org\/pt\/wp-json\/wp\/v2\/comments?post=3697"}],"version-history":[{"count":20,"href":"https:\/\/www.aladi.org\/pt\/wp-json\/wp\/v2\/pages\/3697\/revisions"}],"predecessor-version":[{"id":6103,"href":"https:\/\/www.aladi.org\/pt\/wp-json\/wp\/v2\/pages\/3697\/revisions\/6103"}],"up":[{"embeddable":true,"href":"https:\/\/www.aladi.org\/pt\/wp-json\/wp\/v2\/pages\/1812"}],"wp:attachment":[{"href":"https:\/\/www.aladi.org\/pt\/wp-json\/wp\/v2\/media?parent=3697"}],"curies":[{"name":"wp","href":"https:\/\/api.w.org\/{rel}","templated":true}]}}