{"id":3660,"date":"2024-04-03T17:39:42","date_gmt":"2024-04-03T17:39:42","guid":{"rendered":"https:\/\/sitio.aladi.org\/?page_id=3660"},"modified":"2024-10-16T19:41:06","modified_gmt":"2024-10-16T19:41:06","slug":"fichas-descriptivas-de-peru","status":"publish","type":"page","link":"https:\/\/www.aladi.org\/pt\/conheca-os-acordos\/fichas-descritivas-do-peru\/","title":{"rendered":"Fichas descritivas do Peru"},"content":{"rendered":"<div>Conozca los acuerdos<\/div>\n<h1><strong>Fichas descriptivas de Per\u00fa<\/strong><\/h1>\n<div>\n<ul>\n<li><a href=\"https:\/\/www2.aladi.org\/SitioALADI\/documentos\/FichasDescriptivasAcuerdos\/FD_AAP.CE_38_Chile_Per%C3%BA.pdf\">Ficha Descriptiva AAP.CE N\u00b0 38 Chile Per\u00fa<\/a>\n<\/li>\n<li><a href=\"https:\/\/www2.aladi.org\/SitioALADI\/documentos\/FichasDescriptivasAcuerdos\/FD_AAP.CE_50_Cuba_Per%C3%BA.pdf\">Ficha Descriptiva AAP.CE N\u00b0 50 Cuba Per\u00fa<\/a>\n<\/li>\n<li><a href=\"https:\/\/www2.aladi.org\/SitioALADI\/documentos\/FichasDescriptivasAcuerdos\/FD_AAP.CE_58_Argentina_Brasil_Paraguay_Per%C3%BA_Uruguay.pdf\">Ficha Descriptiva AAP.CE N\u00b0 58 Argentina Brasil Paraguay Per\u00fa Uruguay<\/a>\n<\/li>\n<li><a href=\"https:\/\/www2.aladi.org\/SitioALADI\/documentos\/FichasDescriptivasAcuerdos\/FD_AAP.CE_67_M%C3%A9xico_Per%C3%BA.pdf\">Ficha Descriptiva AAP.CE N\u00b0 67 M\u00e9xico Per\u00fa<\/a>\n<\/li>\n<li><a href=\"https:\/\/www2.aladi.org\/SitioALADI\/documentos\/FichasDescriptivasAcuerdos\/FD_TLC_Panam%C3%A1_Per%C3%BA.pdf\">Ficha Descriptiva TLC Panam\u00e1 Per\u00fa<\/a>\n<\/li>\n<li><a href=\"https:\/\/www2.aladi.org\/SitioALADI\/documentos\/FichasDescriptivasAcuerdos\/FD_AR.AM_1_Regional_Apertura_de_Mercados_a_Bolivia.pdf\">Ficha Descriptiva AR.AM N\u00b0 1 Regional Apertura de Mercados a Bolivia<\/a>\n<\/li>\n<li><a href=\"https:\/\/www2.aladi.org\/SitioALADI\/documentos\/FichasDescriptivasAcuerdos\/FD_AR.AM_2_Regional_Apertura_de_Mercados_a_Ecuador.pdf\">Ficha Descriptiva AR.AM N\u00b0 2 Regional Apertura de Mercados a Ecuador<\/a>\n<\/li>\n<li><a href=\"https:\/\/www2.aladi.org\/SitioALADI\/documentos\/FichasDescriptivasAcuerdos\/FD_AR.AM_3_Regional_Apertura_de_Mercados_a_Paraguay.pdf\">Ficha Descriptiva AR.AM N\u00b0 3 Regional Apertura de Mercados a Paraguay<\/a>\n<\/li>\n<li><a href=\"https:\/\/www2.aladi.org\/SitioALADI\/documentos\/FichasDescriptivasAcuerdos\/FD_AR.PAR_4_Regional_Preferencia_Arancelaria.pdf\">Ficha Descriptiva AR.PAR N\u00b0 4 Regional Preferencia Arancelaria<\/a><\/li>\n<\/ul>\n<\/div>\n<p><!--more--><br \/>\n<!-- {\"type\":\"layout\",\"children\":[{\"type\":\"section\",\"props\":{\"image_loading\":true,\"image_position\":\"top-center\",\"media_visibility\":\"m\",\"padding\":\"xsmall\",\"padding_remove_horizontal\":false,\"padding_remove_top\":false,\"style\":\"default\",\"title_breakpoint\":\"xl\",\"title_position\":\"top-left\",\"title_rotation\":\"left\",\"vertical_align\":\"\",\"width\":\"xlarge\"},\"children\":[{\"type\":\"row\",\"props\":{\"width\":\"xlarge\"},\"children\":[{\"type\":\"column\",\"props\":{\"image_position\":\"center-center\",\"position_sticky_breakpoint\":\"m\"},\"children\":[{\"type\":\"breadcrumbs\",\"props\":{\"margin\":\"remove-vertical\",\"margin_remove_top\":true,\"show_current\":true,\"show_home\":true}}]}]},{\"type\":\"row\",\"props\":{\"margin_remove_bottom\":false,\"width\":\"xlarge\"},\"children\":[{\"type\":\"column\",\"props\":{\"image_position\":\"center-center\",\"image_size\":\"cover\",\"padding\":\"none\",\"position_sticky_breakpoint\":\"m\",\"vertical_align\":\"middle\"},\"children\":[{\"type\":\"headline\",\"props\":{\"content\":\"Conozca los acuerdos\",\"content_pt_br\":\"<span property=\\\"itemListElement\\\" typeof=\\\"ListItem\\\"><span property=\\\"name\\\">Conhe\\u00e7a os Acordos<\\\/span><\\\/span><span>\\u00a0<\\\/span>\",\"link_style\":false,\"title_color\":\"primary\",\"title_element\":\"div\",\"title_style\":\"h6\"}},{\"type\":\"headline\",\"props\":{\"content\":\"<strong>Fichas descriptivas de Per\\u00fa<\\\/strong>\",\"content_pt_br\":\"<strong>Fichas descritivas do Peru<\\\/strong>\",\"margin\":\"medium\",\"margin_remove_bottom\":false,\"margin_remove_top\":false,\"text_align\":\"left\",\"text_align_fallback\":\"center\",\"title_color\":\"secondary\",\"title_element\":\"h1\",\"title_style\":\"h1\"}}]}]}],\"name\":\"T\\u00edtulos\"},{\"type\":\"section\",\"props\":{\"css\":\".el-section{\\n    margin-bottom: 50px;\\n\\t}\",\"image_position\":\"center-center\",\"padding\":\"small\",\"padding_remove_bottom\":false,\"padding_remove_top\":false,\"style\":\"default\",\"title_breakpoint\":\"xl\",\"title_position\":\"top-left\",\"title_rotation\":\"left\",\"vertical_align\":\"\",\"width\":\"xlarge\"},\"children\":[{\"type\":\"row\",\"props\":{\"column_gap\":\"large\",\"layout\":\"1-4,3-4\",\"margin\":\"large\",\"row_gap\":\"large\"},\"children\":[{\"type\":\"column\",\"props\":{\"image_position\":\"center-center\",\"position_sticky_breakpoint\":\"m\",\"style\":\"tile-muted\",\"width_medium\":\"1-4\"}},{\"type\":\"column\",\"props\":{\"image_position\":\"center-center\",\"position_sticky_breakpoint\":\"m\",\"width_medium\":\"3-4\"},\"children\":[{\"type\":\"text\",\"props\":{\"column_breakpoint\":\"m\",\"content\":\"\n\n<ul>\\n\n\n<li><a href=\\\"https:\\\/\\\/www2.aladi.org\\\/SitioALADI\\\/documentos\\\/FichasDescriptivasAcuerdos\\\/FD_AAP.CE_38_Chile_Per%C3%BA.pdf\\\">Ficha Descriptiva AAP.CE N\\u00b0 38 Chile Per\\u00fa<\\\/a><br \\\/><br \\\/><\\\/li>\\n\n\n<li><a href=\\\"https:\\\/\\\/www2.aladi.org\\\/SitioALADI\\\/documentos\\\/FichasDescriptivasAcuerdos\\\/FD_AAP.CE_50_Cuba_Per%C3%BA.pdf\\\">Ficha Descriptiva AAP.CE N\\u00b0 50 Cuba Per\\u00fa<\\\/a><br \\\/><br \\\/><\\\/li>\\n\n\n<li><a href=\\\"https:\\\/\\\/www2.aladi.org\\\/SitioALADI\\\/documentos\\\/FichasDescriptivasAcuerdos\\\/FD_AAP.CE_58_Argentina_Brasil_Paraguay_Per%C3%BA_Uruguay.pdf\\\">Ficha Descriptiva AAP.CE N\\u00b0 58 Argentina Brasil Paraguay Per\\u00fa Uruguay<\\\/a><br \\\/><br \\\/><\\\/li>\\n\n\n<li><a href=\\\"https:\\\/\\\/www2.aladi.org\\\/SitioALADI\\\/documentos\\\/FichasDescriptivasAcuerdos\\\/FD_AAP.CE_67_M%C3%A9xico_Per%C3%BA.pdf\\\">Ficha Descriptiva AAP.CE N\\u00b0 67 M\\u00e9xico Per\\u00fa<\\\/a><br \\\/><br \\\/><\\\/li>\\n\n\n<li><a href=\\\"https:\\\/\\\/www2.aladi.org\\\/SitioALADI\\\/documentos\\\/FichasDescriptivasAcuerdos\\\/FD_TLC_Panam%C3%A1_Per%C3%BA.pdf\\\">Ficha Descriptiva TLC Panam\\u00e1 Per\\u00fa<\\\/a><br \\\/><br \\\/><\\\/li>\\n\n\n<li><a href=\\\"https:\\\/\\\/www2.aladi.org\\\/SitioALADI\\\/documentos\\\/FichasDescriptivasAcuerdos\\\/FD_AR.AM_1_Regional_Apertura_de_Mercados_a_Bolivia.pdf\\\">Ficha Descriptiva AR.AM N\\u00b0 1 Regional Apertura de Mercados a Bolivia<\\\/a><br \\\/><br \\\/><\\\/li>\\n\n\n<li><a href=\\\"https:\\\/\\\/www2.aladi.org\\\/SitioALADI\\\/documentos\\\/FichasDescriptivasAcuerdos\\\/FD_AR.AM_2_Regional_Apertura_de_Mercados_a_Ecuador.pdf\\\">Ficha Descriptiva AR.AM N\\u00b0 2 Regional Apertura de Mercados a Ecuador<\\\/a><br \\\/><br \\\/><\\\/li>\\n\n\n<li><a href=\\\"https:\\\/\\\/www2.aladi.org\\\/SitioALADI\\\/documentos\\\/FichasDescriptivasAcuerdos\\\/FD_AR.AM_3_Regional_Apertura_de_Mercados_a_Paraguay.pdf\\\">Ficha Descriptiva AR.AM N\\u00b0 3 Regional Apertura de Mercados a Paraguay<\\\/a><br \\\/><br \\\/><\\\/li>\\n\n\n<li><a href=\\\"https:\\\/\\\/www2.aladi.org\\\/SitioALADI\\\/documentos\\\/FichasDescriptivasAcuerdos\\\/FD_AR.PAR_4_Regional_Preferencia_Arancelaria.pdf\\\">Ficha Descriptiva AR.PAR N\\u00b0 4 Regional Preferencia Arancelaria<\\\/a><\\\/li>\\n<\\\/ul>\",\"content_pt_br\":\"\n\n<ul>\\n\n\n<li><a href=\\\"https:\\\/\\\/www2.aladi.org\\\/SitioALADI\\\/documentos\\\/FichasDescriptivasAcuerdos\\\/FD_AAP.CE_38_Chile_Per%C3%BA.pdf\\\">Ficha Descritiva AAP.CE N\\u00b0 38 Chile Peru<\\\/a><br \\\/><br \\\/><\\\/li>\\n\n\n<li><a href=\\\"https:\\\/\\\/www2.aladi.org\\\/SitioALADI\\\/documentos\\\/FichasDescriptivasAcuerdos\\\/FD_AAP.CE_50_Cuba_Per%C3%BA.pdf\\\">Ficha Descritiva AAP.CE N\\u00b0 50 Cuba Peru<\\\/a><br \\\/><br \\\/><\\\/li>\\n\n\n<li><a href=\\\"https:\\\/\\\/www2.aladi.org\\\/SitioALADI\\\/documentos\\\/FichasDescriptivasAcuerdos\\\/FD_AAP.CE_58_Argentina_Brasil_Paraguay_Per%C3%BA_Uruguay_pt.pdf\\\">Ficha Descritiva AAP.CE N\\u00b0 58 Argentina Brasil Paraguai Peru Uruguai<\\\/a><br \\\/><br \\\/><\\\/li>\\n\n\n<li><a href=\\\"https:\\\/\\\/www2.aladi.org\\\/SitioALADI\\\/documentos\\\/FichasDescriptivasAcuerdos\\\/FD_AAP.CE_67_M%C3%A9xico_Per%C3%BA.pdf\\\">Ficha Descritiva AAP.CE N\\u00b0 67 M\\u00e9xico Peru<\\\/a><br \\\/><br \\\/><\\\/li>\\n\n\n<li><a href=\\\"https:\\\/\\\/www2.aladi.org\\\/SitioALADI\\\/documentos\\\/FichasDescriptivasAcuerdos\\\/FD_TLC_Panam%C3%A1_Per%C3%BA.pdf\\\">Ficha Descritiva TLC Panam\\u00e1 Peru<\\\/a><br \\\/><br \\\/><\\\/li>\\n\n\n<li><a href=\\\"https:\\\/\\\/www2.aladi.org\\\/SitioALADI\\\/documentos\\\/FichasDescriptivasAcuerdos\\\/FD_AR.AM_1_Regional_Apertura_de_Mercados_a_Bolivia_pt.pdf\\\">Ficha Descritiva AR.AM N\\u00b0 1 Regional \\u2013 Abertura de Mercados em favor da Bol\\u00edvia<\\\/a><br \\\/><br \\\/><\\\/li>\\n\n\n<li><a href=\\\"https:\\\/\\\/www2.aladi.org\\\/SitioALADI\\\/documentos\\\/FichasDescriptivasAcuerdos\\\/FD_AR.AM_2_Regional_Apertura_de_Mercados_a_Ecuador_pt.pdf\\\">Ficha Descritiva AR.AM N\\u00b0 2 Regional \\u2013 Abertura de Mercados em favor do Equador<\\\/a><br \\\/><br \\\/><\\\/li>\\n\n\n<li><a href=\\\"https:\\\/\\\/www2.aladi.org\\\/SitioALADI\\\/documentos\\\/FichasDescriptivasAcuerdos\\\/FD_AR.AM_3_Regional_Apertura_de_Mercados_a_Paraguay_pt.pdf\\\">Ficha Descritiva AR.AM N\\u00b0 3 Regional \\u2013 Abertura de Mercados em favor do Paraguai<\\\/a><br \\\/><br \\\/><\\\/li>\\n\n\n<li><a href=\\\"https:\\\/\\\/www2.aladi.org\\\/SitioALADI\\\/documentos\\\/FichasDescriptivasAcuerdos\\\/FD_AR.PAR_4_Regional_Preferencia_Arancelaria_pt.pdf\\\">Ficha Descritiva AR.PAR N\\u00b0 4 Regional \\u2013 Prefer\\u00eancia Tarif\\u00e1ria<\\\/a><\\\/li>\\n<\\\/ul>\",\"dropcap\":false,\"margin\":\"default\"}}]}]}],\"name\":\"Post\"}],\"version\":\"4.4.7\"} --><\/p>\n","protected":false},"excerpt":{"rendered":"<p>Conozca los acuerdos Fichas descriptivas de Per\u00fa Ficha Descriptiva AAP.CE N\u00b0 38 Chile Per\u00fa Ficha Descriptiva AAP.CE N\u00b0 50 Cuba Per\u00fa Ficha Descriptiva AAP.CE N\u00b0 58 Argentina Brasil Paraguay Per\u00fa Uruguay Ficha Descriptiva AAP.CE N\u00b0 67 M\u00e9xico Per\u00fa Ficha Descriptiva TLC Panam\u00e1 Per\u00fa Ficha Descriptiva AR.AM N\u00b0 1 Regional Apertura de Mercados a Bolivia Ficha [&hellip;]<\/p>\n","protected":false},"author":2,"featured_media":0,"parent":3610,"menu_order":0,"comment_status":"closed","ping_status":"closed","template":"","meta":{"_acf_changed":false,"footnotes":""},"class_list":["post-3660","page","type-page","status-publish","hentry"],"acf":[],"yoast_head":"<!-- This site is optimized with the Yoast SEO plugin v26.5 - https:\/\/yoast.com\/wordpress\/plugins\/seo\/ -->\n<title>Fichas descritivas do Peru<\/title>\n<meta name=\"robots\" content=\"index, follow, max-snippet:-1, max-image-preview:large, max-video-preview:-1\" \/>\n<meta property=\"og:locale\" content=\"pt_BR\" \/>\n<meta property=\"og:type\" content=\"article\" \/>\n<meta property=\"og:title\" content=\"Fichas descritivas do Peru\" \/>\n<meta property=\"og:url\" content=\"https:\/\/www.aladi.org\/pt\/conheca-os-acordos\/fichas-descritivas-do-peru\/\" \/>\n<meta property=\"og:site_name\" content=\"ALADI\" \/>\n<meta property=\"article:publisher\" content=\"https:\/\/es-la.facebook.com\/people\/ALADI\/100064606213084\/\" \/>\n<meta property=\"article:modified_time\" content=\"2024-10-16T19:41:06+00:00\" \/>\n<meta name=\"twitter:card\" content=\"summary_large_image\" \/>\n<meta name=\"twitter:site\" content=\"@ALADI_SG\" \/>\n<script type=\"application\/ld+json\" class=\"yoast-schema-graph\">{\"@context\":\"https:\/\/schema.org\",\"@graph\":[{\"@type\":\"WebPage\",\"@id\":\"https:\/\/www.aladi.org\/pt\/conheca-os-acordos\/fichas-descritivas-do-peru\/\",\"url\":\"https:\/\/www.aladi.org\/pt\/conheca-os-acordos\/fichas-descritivas-do-peru\/\",\"name\":\"Fichas descriptivas de Per\u00fa - ALADI\",\"isPartOf\":{\"@id\":\"https:\/\/www.aladi.org\/#website\"},\"datePublished\":\"2024-04-03T17:39:42+00:00\",\"dateModified\":\"2024-10-16T19:41:06+00:00\",\"breadcrumb\":{\"@id\":\"https:\/\/www.aladi.org\/pt\/conheca-os-acordos\/fichas-descritivas-do-peru\/#breadcrumb\"},\"inLanguage\":\"pt-BR\",\"potentialAction\":[{\"@type\":\"ReadAction\",\"target\":[\"https:\/\/www.aladi.org\/pt\/conheca-os-acordos\/fichas-descritivas-do-peru\/\"]}]},{\"@type\":\"BreadcrumbList\",\"@id\":\"https:\/\/www.aladi.org\/pt\/conheca-os-acordos\/fichas-descritivas-do-peru\/#breadcrumb\",\"itemListElement\":[{\"@type\":\"ListItem\",\"position\":1,\"name\":\"Home\",\"item\":\"https:\/\/www.aladi.org\/\"},{\"@type\":\"ListItem\",\"position\":2,\"name\":\"Conhe\u00e7a os Acordos\",\"item\":\"https:\/\/www.aladi.org\/conozca-los-acuerdos\/\"},{\"@type\":\"ListItem\",\"position\":3,\"name\":\"Fichas descritivas do Peru\"}]},{\"@type\":\"WebSite\",\"@id\":\"https:\/\/www.aladi.org\/pt\/#website\",\"url\":\"https:\/\/www.aladi.org\/pt\/\",\"name\":\"ALADI\",\"description\":\"Asociaci\u00f3n Latinoamericana de Integraci\u00f3n\",\"publisher\":{\"@id\":\"https:\/\/www.aladi.org\/pt\/#organization\"},\"potentialAction\":[{\"@type\":\"SearchAction\",\"target\":{\"@type\":\"EntryPoint\",\"urlTemplate\":\"https:\/\/www.aladi.org\/pt\/?s={search_term_string}\"},\"query-input\":{\"@type\":\"PropertyValueSpecification\",\"valueRequired\":true,\"valueName\":\"search_term_string\"}}],\"inLanguage\":\"pt-BR\"},{\"@type\":\"Organization\",\"@id\":\"https:\/\/www.aladi.org\/pt\/#organization\",\"name\":\"ALADI\",\"url\":\"https:\/\/www.aladi.org\/pt\/\",\"logo\":{\"@type\":\"ImageObject\",\"inLanguage\":\"pt-BR\",\"@id\":\"https:\/\/www.aladi.org\/pt\/#\/schema\/logo\/image\/\",\"url\":\"https:\/\/www.aladi.org\/wp-content\/uploads\/2025\/12\/Logo-ALADI.png\",\"contentUrl\":\"https:\/\/www.aladi.org\/wp-content\/uploads\/2025\/12\/Logo-ALADI.png\",\"width\":375,\"height\":235,\"caption\":\"ALADI\"},\"image\":{\"@id\":\"https:\/\/www.aladi.org\/pt\/#\/schema\/logo\/image\/\"},\"sameAs\":[\"https:\/\/es-la.facebook.com\/people\/ALADI\/100064606213084\/\",\"https:\/\/x.com\/ALADI_SG\",\"https:\/\/www.instagram.com\/aladi_sg\/?hl=es\",\"https:\/\/www.linkedin.com\/company\/aladi\/\",\"https:\/\/www.flickr.com\/photos\/aladi\/\",\"https:\/\/www.youtube.com\/channel\/UCrkJWOWHKF6igQmWE8Clnpg\"]}]}<\/script>\n<!-- \/ Yoast SEO plugin. -->","yoast_head_json":{"title":"Fichas descritivas do Peru","robots":{"index":"index","follow":"follow","max-snippet":"max-snippet:-1","max-image-preview":"max-image-preview:large","max-video-preview":"max-video-preview:-1"},"og_locale":"pt_BR","og_type":"article","og_title":"Fichas descritivas do Peru","og_url":"https:\/\/www.aladi.org\/pt\/conheca-os-acordos\/fichas-descritivas-do-peru\/","og_site_name":"ALADI","article_publisher":"https:\/\/es-la.facebook.com\/people\/ALADI\/100064606213084\/","article_modified_time":"2024-10-16T19:41:06+00:00","twitter_card":"summary_large_image","twitter_site":"@ALADI_SG","schema":{"@context":"https:\/\/schema.org","@graph":[{"@type":"WebPage","@id":"https:\/\/www.aladi.org\/pt\/conheca-os-acordos\/fichas-descritivas-do-peru\/","url":"https:\/\/www.aladi.org\/pt\/conheca-os-acordos\/fichas-descritivas-do-peru\/","name":"Fichas descriptivas de Per\u00fa - ALADI","isPartOf":{"@id":"https:\/\/www.aladi.org\/#website"},"datePublished":"2024-04-03T17:39:42+00:00","dateModified":"2024-10-16T19:41:06+00:00","breadcrumb":{"@id":"https:\/\/www.aladi.org\/pt\/conheca-os-acordos\/fichas-descritivas-do-peru\/#breadcrumb"},"inLanguage":"pt-BR","potentialAction":[{"@type":"ReadAction","target":["https:\/\/www.aladi.org\/pt\/conheca-os-acordos\/fichas-descritivas-do-peru\/"]}]},{"@type":"BreadcrumbList","@id":"https:\/\/www.aladi.org\/pt\/conheca-os-acordos\/fichas-descritivas-do-peru\/#breadcrumb","itemListElement":[{"@type":"ListItem","position":1,"name":"Home","item":"https:\/\/www.aladi.org\/"},{"@type":"ListItem","position":2,"name":"Conhe\u00e7a os Acordos","item":"https:\/\/www.aladi.org\/conozca-los-acuerdos\/"},{"@type":"ListItem","position":3,"name":"Fichas descritivas do Peru"}]},{"@type":"WebSite","@id":"https:\/\/www.aladi.org\/pt\/#website","url":"https:\/\/www.aladi.org\/pt\/","name":"ALADI","description":"Asociaci\u00f3n Latinoamericana de Integraci\u00f3n","publisher":{"@id":"https:\/\/www.aladi.org\/pt\/#organization"},"potentialAction":[{"@type":"SearchAction","target":{"@type":"EntryPoint","urlTemplate":"https:\/\/www.aladi.org\/pt\/?s={search_term_string}"},"query-input":{"@type":"PropertyValueSpecification","valueRequired":true,"valueName":"search_term_string"}}],"inLanguage":"pt-BR"},{"@type":"Organization","@id":"https:\/\/www.aladi.org\/pt\/#organization","name":"ALADI","url":"https:\/\/www.aladi.org\/pt\/","logo":{"@type":"ImageObject","inLanguage":"pt-BR","@id":"https:\/\/www.aladi.org\/pt\/#\/schema\/logo\/image\/","url":"https:\/\/www.aladi.org\/wp-content\/uploads\/2025\/12\/Logo-ALADI.png","contentUrl":"https:\/\/www.aladi.org\/wp-content\/uploads\/2025\/12\/Logo-ALADI.png","width":375,"height":235,"caption":"ALADI"},"image":{"@id":"https:\/\/www.aladi.org\/pt\/#\/schema\/logo\/image\/"},"sameAs":["https:\/\/es-la.facebook.com\/people\/ALADI\/100064606213084\/","https:\/\/x.com\/ALADI_SG","https:\/\/www.instagram.com\/aladi_sg\/?hl=es","https:\/\/www.linkedin.com\/company\/aladi\/","https:\/\/www.flickr.com\/photos\/aladi\/","https:\/\/www.youtube.com\/channel\/UCrkJWOWHKF6igQmWE8Clnpg"]}]}},"jetpack_sharing_enabled":true,"_links":{"self":[{"href":"https:\/\/www.aladi.org\/pt\/wp-json\/wp\/v2\/pages\/3660","targetHints":{"allow":["GET"]}}],"collection":[{"href":"https:\/\/www.aladi.org\/pt\/wp-json\/wp\/v2\/pages"}],"about":[{"href":"https:\/\/www.aladi.org\/pt\/wp-json\/wp\/v2\/types\/page"}],"author":[{"embeddable":true,"href":"https:\/\/www.aladi.org\/pt\/wp-json\/wp\/v2\/users\/2"}],"replies":[{"embeddable":true,"href":"https:\/\/www.aladi.org\/pt\/wp-json\/wp\/v2\/comments?post=3660"}],"version-history":[{"count":7,"href":"https:\/\/www.aladi.org\/pt\/wp-json\/wp\/v2\/pages\/3660\/revisions"}],"predecessor-version":[{"id":4669,"href":"https:\/\/www.aladi.org\/pt\/wp-json\/wp\/v2\/pages\/3660\/revisions\/4669"}],"up":[{"embeddable":true,"href":"https:\/\/www.aladi.org\/pt\/wp-json\/wp\/v2\/pages\/3610"}],"wp:attachment":[{"href":"https:\/\/www.aladi.org\/pt\/wp-json\/wp\/v2\/media?parent=3660"}],"curies":[{"name":"wp","href":"https:\/\/api.w.org\/{rel}","templated":true}]}}