{"id":3594,"date":"2024-04-01T13:50:22","date_gmt":"2024-04-01T13:50:22","guid":{"rendered":"https:\/\/sitio.aladi.org\/?page_id=3594"},"modified":"2025-09-16T19:55:45","modified_gmt":"2025-09-16T19:55:45","slug":"comercio-y-desarrollo-sostenible","status":"publish","type":"page","link":"https:\/\/www.aladi.org\/pt\/comercio-e-desenvolvimento-sustentavel\/","title":{"rendered":"Com\u00e9rcio e desenvolvimento sustent\u00e1vel"},"content":{"rendered":"<p><img decoding=\"async\" src=\"\/wp-content\/uploads\/2025\/02\/Economia-sustentable-1.jpg\" alt=\"\"><\/p>\n<div>Otros temas<\/div>\n<h1><strong>Comercio y desarrollo sostenible<\/strong><\/h1>\n<div>\n<p>Las acciones direccionadas hacia una econom\u00eda verde, es decir, una econom\u00eda baja en carbono, responsable con el medioambiente y con una utilizaci\u00f3n eficiente de los recursos naturales, se sustentan en pol\u00edticas p\u00fablicas que a trav\u00e9s de medidas medioambientales (reglamentos t\u00e9cnicos, normas de etiquetados, disposiciones sobre envases y embalajes, est\u00e1ndares de rendimiento, entre otros) promueven la protecci\u00f3n del medioambiente. Estos requisitos podr\u00edan afectar la exportaci\u00f3n de ciertos productos de pa\u00edses en desarrollo, y tambi\u00e9n generar oportunidades de nuevos mercados.\u00a0<\/p>\n<p>En vista de esta situaci\u00f3n, la ALADI, con el apoyo del PNUD, comenz\u00f3 un trabajo de identificaci\u00f3n y an\u00e1lisis de aquellas medidas que basadas en consideraciones medioambientales vienen regulando el acceso a mercados extrazona de algunos de los principales productos de exportaciones de los pa\u00edses miembros, de manera tal de facilitar su cumplimiento.<\/p>\n<\/div>\n<div>\n<p><iframe loading=\"lazy\" src=\"https:\/\/www2.aladi.org\/nsfaladi\/sitioAladi.nsf\/MedMedioambientalesPais.xsp\" width=\"100%\" height=\"650\" frameborder=\"0\" marginwidth=\"0\" marginheight=\"0\" scrolling=\"no\"><\/iframe><\/p>\n<\/div>\n<div>\n<p><iframe loading=\"lazy\" src=\"https:\/\/www2.aladi.org\/nsfaladi\/sitioAladi.nsf\/MedMedioambientalesProductos.xsp\" width=\"350\" height=\"650\" frameborder=\"0\" marginwidth=\"0\" marginheight=\"0\" scrolling=\"no\"><\/iframe><\/p>\n<\/div>\n<div>\n<p><iframe loading=\"lazy\" src=\"https:\/\/www2.aladi.org\/nsfaladi\/sitioAladi.nsf\/MedMedioambientalesPaisRegulacion.xsp\" width=\"350\" height=\"650\" frameborder=\"0\" marginwidth=\"0\" marginheight=\"0\" scrolling=\"no\"><\/iframe><\/p>\n<\/div>\n<p><!--more--><br \/>\n<!-- {\"type\":\"layout\",\"children\":[{\"type\":\"section\",\"props\":{\"animation\":\"slide-left-small\",\"animation_delay\":\"200\",\"css\":\".el-section {\\n\\tmax-height:400px;\\n    overflow: hidden;\\n}\",\"image_position\":\"center-center\",\"image_size\":\"cover\",\"padding\":\"none\",\"style\":\"default\",\"title_breakpoint\":\"xl\",\"title_position\":\"top-left\",\"title_rotation\":\"left\",\"vertical_align\":\"\",\"width\":\"xlarge\"},\"children\":[{\"type\":\"row\",\"children\":[{\"type\":\"column\",\"props\":{\"image_position\":\"center-center\",\"position_sticky_breakpoint\":\"m\"},\"children\":[{\"type\":\"image\",\"props\":{\"css\":\".el-image {\\n    background-size: contain;\\n    min-width: 100%;\\n}\",\"image\":\"wp-content\\\/uploads\\\/2025\\\/02\\\/Economia-sustentable-1.jpg\",\"image_svg_color\":\"emphasis\",\"margin\":\"default\"}}]}]}],\"name\":\"Foto banner\"},{\"type\":\"section\",\"props\":{\"image_loading\":true,\"image_position\":\"top-center\",\"media_visibility\":\"m\",\"padding\":\"xsmall\",\"padding_remove_horizontal\":false,\"padding_remove_top\":false,\"style\":\"default\",\"title_breakpoint\":\"xl\",\"title_position\":\"top-left\",\"title_rotation\":\"left\",\"vertical_align\":\"\",\"width\":\"xlarge\"},\"children\":[{\"type\":\"row\",\"props\":{\"width\":\"xlarge\"},\"children\":[{\"type\":\"column\",\"props\":{\"image_position\":\"center-center\",\"position_sticky_breakpoint\":\"m\"},\"children\":[{\"type\":\"breadcrumbs\",\"props\":{\"margin\":\"remove-vertical\",\"margin_remove_top\":true,\"show_current\":true,\"show_home\":true}}]}]},{\"type\":\"row\",\"props\":{\"margin_remove_bottom\":false,\"width\":\"xlarge\"},\"children\":[{\"type\":\"column\",\"props\":{\"image_position\":\"center-center\",\"image_size\":\"cover\",\"padding\":\"none\",\"position_sticky_breakpoint\":\"m\",\"vertical_align\":\"middle\"},\"children\":[{\"type\":\"headline\",\"props\":{\"content\":\"Otros temas\",\"content_pt_br\":\"Outros temas\",\"link_style\":false,\"title_color\":\"primary\",\"title_element\":\"div\",\"title_style\":\"h6\"}},{\"type\":\"headline\",\"props\":{\"content\":\"<strong>Comercio y desarrollo sostenible<\\\/strong>\",\"content_pt_br\":\"<strong>Com\\u00e9rcio e desenvolvimento sustent\\u00e1vel<\\\/strong>\",\"margin\":\"medium\",\"margin_remove_bottom\":false,\"margin_remove_top\":false,\"text_align\":\"left\",\"text_align_fallback\":\"center\",\"title_color\":\"secondary\",\"title_element\":\"h1\",\"title_style\":\"h1\"}}]}]}],\"name\":\"T\\u00edtulos\"},{\"type\":\"section\",\"props\":{\"css\":\".el-section{\\n    margin-bottom: 50px;\\n\\t}\",\"image_position\":\"center-center\",\"padding\":\"small\",\"padding_remove_bottom\":false,\"padding_remove_top\":false,\"style\":\"default\",\"title_breakpoint\":\"xl\",\"title_position\":\"top-left\",\"title_rotation\":\"left\",\"vertical_align\":\"\",\"width\":\"xlarge\"},\"children\":[{\"type\":\"row\",\"props\":{\"column_gap\":\"large\",\"layout\":\"1-4,3-4\",\"margin\":\"large\",\"row_gap\":\"large\"},\"children\":[{\"type\":\"column\",\"props\":{\"image_position\":\"center-center\",\"position_sticky_breakpoint\":\"m\",\"style\":\"tile-muted\",\"width_medium\":\"1-4\"}},{\"type\":\"column\",\"props\":{\"image_position\":\"center-center\",\"position_sticky_breakpoint\":\"m\",\"width_medium\":\"3-4\"},\"children\":[{\"type\":\"text\",\"props\":{\"column_breakpoint\":\"m\",\"content\":\"\n\n<p>Las acciones direccionadas hacia una econom\\u00eda verde, es decir, una econom\\u00eda baja en carbono, responsable con el medioambiente y con una utilizaci\\u00f3n eficiente de los recursos naturales, se sustentan en pol\\u00edticas p\\u00fablicas que a trav\\u00e9s de medidas medioambientales (reglamentos t\\u00e9cnicos, normas de etiquetados, disposiciones sobre envases y embalajes, est\\u00e1ndares de rendimiento, entre otros) promueven la protecci\\u00f3n del medioambiente. Estos requisitos podr\\u00edan afectar la exportaci\\u00f3n de ciertos productos de pa\\u00edses en desarrollo, y tambi\\u00e9n generar oportunidades de nuevos mercados.\\u00a0<\\\/p>\\n\n\n<p>En vista de esta situaci\\u00f3n, la ALADI, con el apoyo del PNUD, comenz\\u00f3 un trabajo de identificaci\\u00f3n y an\\u00e1lisis de aquellas medidas que basadas en consideraciones medioambientales vienen regulando el acceso a mercados extrazona de algunos de los principales productos de exportaciones de los pa\\u00edses miembros, de manera tal de facilitar su cumplimiento.<\\\/p>\",\"content_pt_br\":\"\n\n<p>As a\\u00e7\\u00f5es voltadas para uma economia verde, isto \\u00e9, baixa em carbono, respons\\u00e1vel com o meio ambiente e com a utiliza\\u00e7\\u00e3o eficiente dos recursos naturais, s\\u00e3o sustentadas em pol\\u00edticas p\\u00fablicas que, por meio de medidas ambientais (regulamentos t\\u00e9cnicos, normas de etiquetagem, disposi\\u00e7\\u00f5es sobre embalagens, padr\\u00f5es de rendimento, entre outros) promovem a prote\\u00e7\\u00e3o do meio ambiente. Os requisitos poderiam afetar a exporta\\u00e7\\u00e3o de certos produtos de pa\\u00edses em desenvolvimento, bem como gerar oportunidades de novos mercados.\\u00a0<\\\/p>\\n\n\n<p>Diante desta situa\\u00e7\\u00e3o, a ALADI, com apoio do PNUD, come\\u00e7ou um trabalho de identifica\\u00e7\\u00e3o e de an\\u00e1lise daquelas medidas que, baseadas em considera\\u00e7\\u00f5es ambientais, v\\u00eam regulando o acesso a mercados extra-zona de alguns dos principais produtos de exporta\\u00e7\\u00e3o dos pa\\u00edses-membros, de maneira a facilitar seu cumprimento.<\\\/p>\",\"dropcap\":false,\"margin\":\"default\"}}]}]}],\"name\":\"Post\"},{\"type\":\"section\",\"props\":{\"image_position\":\"center-center\",\"style\":\"default\",\"title_breakpoint\":\"xl\",\"title_position\":\"top-left\",\"title_rotation\":\"left\",\"vertical_align\":\"\",\"width\":\"default\"},\"children\":[{\"type\":\"row\",\"props\":{\"layout\":\"1-3,1-3,1-3\"},\"children\":[{\"type\":\"column\",\"props\":{\"image_position\":\"center-center\",\"position_sticky_breakpoint\":\"m\",\"width_medium\":\"1-3\"},\"children\":[{\"type\":\"html\",\"props\":{\"content\":\"\n\n<p><iframe src=\\\"https:\\\/\\\/www2.aladi.org\\\/nsfaladi\\\/sitioAladi.nsf\\\/MedMedioambientalesPais.xsp\\\" width=\\\"100%\\\" height=\\\"650\\\" frameborder=\\\"0\\\" marginwidth=\\\"0\\\" marginheight=\\\"0\\\" scrolling=\\\"no\\\"><\\\/iframe><\\\/p>\\n\",\"content_pt_br\":\"\n\n<p><iframe src=\\\"https:\\\/\\\/www2.aladi.org\\\/nsfaladi\\\/sitioAladi.nsf\\\/MedMedioambientalesPaisP.xsp\\\" width=\\\"100%\\\" height=\\\"650\\\" frameborder=\\\"0\\\" marginwidth=\\\"0\\\" marginheight=\\\"0\\\" scrolling=\\\"no\\\"><\\\/iframe><\\\/p>\\n\"}}]},{\"type\":\"column\",\"props\":{\"image_position\":\"center-center\",\"position_sticky_breakpoint\":\"m\",\"width_medium\":\"1-3\"},\"children\":[{\"type\":\"html\",\"props\":{\"content\":\"\n\n<p><iframe src=\\\"https:\\\/\\\/www2.aladi.org\\\/nsfaladi\\\/sitioAladi.nsf\\\/MedMedioambientalesProductos.xsp\\\" width=\\\"350\\\" height=\\\"650\\\" frameborder=\\\"0\\\" marginwidth=\\\"0\\\" marginheight=\\\"0\\\" scrolling=\\\"no\\\"><\\\/iframe><\\\/p>\\n\",\"content_pt_br\":\"\n\n<p><iframe src=\\\"https:\\\/\\\/www2.aladi.org\\\/nsfaladi\\\/sitioAladi.nsf\\\/MedMedioambientalesProductosP.xsp\\\" width=\\\"350\\\" height=\\\"650\\\" frameborder=\\\"0\\\" marginwidth=\\\"0\\\" marginheight=\\\"0\\\" scrolling=\\\"no\\\"><\\\/iframe><\\\/p>\\n\"}}]},{\"type\":\"column\",\"props\":{\"image_position\":\"center-center\",\"position_sticky_breakpoint\":\"m\",\"width_medium\":\"1-3\"},\"children\":[{\"type\":\"html\",\"props\":{\"content\":\"\n\n<p><iframe loading=\\\"lazy\\\" src=\\\"https:\\\/\\\/www2.aladi.org\\\/nsfaladi\\\/sitioAladi.nsf\\\/MedMedioambientalesPaisRegulacion.xsp\\\" width=\\\"350\\\" height=\\\"650\\\" frameborder=\\\"0\\\" marginwidth=\\\"0\\\" marginheight=\\\"0\\\" scrolling=\\\"no\\\"><\\\/iframe><\\\/p>\\n\",\"content_pt_br\":\"\n\n<p><iframe loading=\\\"lazy\\\" src=\\\"https:\\\/\\\/www2.aladi.org\\\/nsfaladi\\\/sitioAladi.nsf\\\/MedMedioambientalesPaisRegulacionP.xsp\\\" width=\\\"350\\\" height=\\\"650\\\" frameborder=\\\"0\\\" marginwidth=\\\"0\\\" marginheight=\\\"0\\\" scrolling=\\\"no\\\"><\\\/iframe><\\\/p>\\n\"}}]}]}]}],\"version\":\"4.4.12\"} --><\/p>\n","protected":false},"excerpt":{"rendered":"<p>Otros temas Comercio y desarrollo sostenible Las acciones direccionadas hacia una econom\u00eda verde, es decir, una econom\u00eda baja en carbono, responsable con el medioambiente y con una utilizaci\u00f3n eficiente de los recursos naturales, se sustentan en pol\u00edticas p\u00fablicas que a trav\u00e9s de medidas medioambientales (reglamentos t\u00e9cnicos, normas de etiquetados, disposiciones sobre envases y embalajes, est\u00e1ndares [&hellip;]<\/p>\n","protected":false},"author":2,"featured_media":0,"parent":0,"menu_order":0,"comment_status":"closed","ping_status":"closed","template":"","meta":{"_acf_changed":false,"footnotes":""},"class_list":["post-3594","page","type-page","status-publish","hentry"],"acf":[],"yoast_head":"<!-- This site is optimized with the Yoast SEO plugin v26.5 - https:\/\/yoast.com\/wordpress\/plugins\/seo\/ -->\n<title>Com\u00e9rcio e desenvolvimento sustent\u00e1vel<\/title>\n<meta name=\"robots\" content=\"index, follow, max-snippet:-1, max-image-preview:large, max-video-preview:-1\" \/>\n<meta property=\"og:locale\" content=\"pt_BR\" \/>\n<meta property=\"og:type\" content=\"article\" \/>\n<meta property=\"og:title\" content=\"Com\u00e9rcio e desenvolvimento sustent\u00e1vel\" \/>\n<meta property=\"og:url\" content=\"https:\/\/www.aladi.org\/pt\/comercio-e-desenvolvimento-sustentavel\/\" \/>\n<meta property=\"og:site_name\" content=\"ALADI\" \/>\n<meta property=\"article:publisher\" content=\"https:\/\/es-la.facebook.com\/people\/ALADI\/100064606213084\/\" \/>\n<meta property=\"article:modified_time\" content=\"2025-09-16T19:55:45+00:00\" \/>\n<meta name=\"twitter:card\" content=\"summary_large_image\" \/>\n<meta name=\"twitter:site\" content=\"@ALADI_SG\" \/>\n<meta name=\"twitter:label1\" content=\"Est. reading time\" \/>\n\t<meta name=\"twitter:data1\" content=\"1 minute\" \/>\n<script type=\"application\/ld+json\" class=\"yoast-schema-graph\">{\"@context\":\"https:\/\/schema.org\",\"@graph\":[{\"@type\":\"WebPage\",\"@id\":\"https:\/\/www.aladi.org\/pt\/comercio-e-desenvolvimento-sustentavel\/\",\"url\":\"https:\/\/www.aladi.org\/pt\/comercio-e-desenvolvimento-sustentavel\/\",\"name\":\"Comercio y desarrollo sostenible - ALADI\",\"isPartOf\":{\"@id\":\"https:\/\/www.aladi.org\/#website\"},\"datePublished\":\"2024-04-01T13:50:22+00:00\",\"dateModified\":\"2025-09-16T19:55:45+00:00\",\"breadcrumb\":{\"@id\":\"https:\/\/www.aladi.org\/pt\/comercio-e-desenvolvimento-sustentavel\/#breadcrumb\"},\"inLanguage\":\"pt-BR\",\"potentialAction\":[{\"@type\":\"ReadAction\",\"target\":[\"https:\/\/www.aladi.org\/pt\/comercio-e-desenvolvimento-sustentavel\/\"]}]},{\"@type\":\"BreadcrumbList\",\"@id\":\"https:\/\/www.aladi.org\/pt\/comercio-e-desenvolvimento-sustentavel\/#breadcrumb\",\"itemListElement\":[{\"@type\":\"ListItem\",\"position\":1,\"name\":\"Home\",\"item\":\"https:\/\/www.aladi.org\/\"},{\"@type\":\"ListItem\",\"position\":2,\"name\":\"Com\u00e9rcio e desenvolvimento sustent\u00e1vel\"}]},{\"@type\":\"WebSite\",\"@id\":\"https:\/\/www.aladi.org\/pt\/#website\",\"url\":\"https:\/\/www.aladi.org\/pt\/\",\"name\":\"ALADI\",\"description\":\"Asociaci\u00f3n Latinoamericana de Integraci\u00f3n\",\"publisher\":{\"@id\":\"https:\/\/www.aladi.org\/pt\/#organization\"},\"potentialAction\":[{\"@type\":\"SearchAction\",\"target\":{\"@type\":\"EntryPoint\",\"urlTemplate\":\"https:\/\/www.aladi.org\/pt\/?s={search_term_string}\"},\"query-input\":{\"@type\":\"PropertyValueSpecification\",\"valueRequired\":true,\"valueName\":\"search_term_string\"}}],\"inLanguage\":\"pt-BR\"},{\"@type\":\"Organization\",\"@id\":\"https:\/\/www.aladi.org\/pt\/#organization\",\"name\":\"ALADI\",\"url\":\"https:\/\/www.aladi.org\/pt\/\",\"logo\":{\"@type\":\"ImageObject\",\"inLanguage\":\"pt-BR\",\"@id\":\"https:\/\/www.aladi.org\/pt\/#\/schema\/logo\/image\/\",\"url\":\"https:\/\/www.aladi.org\/wp-content\/uploads\/2025\/12\/Logo-ALADI.png\",\"contentUrl\":\"https:\/\/www.aladi.org\/wp-content\/uploads\/2025\/12\/Logo-ALADI.png\",\"width\":375,\"height\":235,\"caption\":\"ALADI\"},\"image\":{\"@id\":\"https:\/\/www.aladi.org\/pt\/#\/schema\/logo\/image\/\"},\"sameAs\":[\"https:\/\/es-la.facebook.com\/people\/ALADI\/100064606213084\/\",\"https:\/\/x.com\/ALADI_SG\",\"https:\/\/www.instagram.com\/aladi_sg\/?hl=es\",\"https:\/\/www.linkedin.com\/company\/aladi\/\",\"https:\/\/www.flickr.com\/photos\/aladi\/\",\"https:\/\/www.youtube.com\/channel\/UCrkJWOWHKF6igQmWE8Clnpg\"]}]}<\/script>\n<!-- \/ Yoast SEO plugin. -->","yoast_head_json":{"title":"Com\u00e9rcio e desenvolvimento sustent\u00e1vel","robots":{"index":"index","follow":"follow","max-snippet":"max-snippet:-1","max-image-preview":"max-image-preview:large","max-video-preview":"max-video-preview:-1"},"og_locale":"pt_BR","og_type":"article","og_title":"Com\u00e9rcio e desenvolvimento sustent\u00e1vel","og_url":"https:\/\/www.aladi.org\/pt\/comercio-e-desenvolvimento-sustentavel\/","og_site_name":"ALADI","article_publisher":"https:\/\/es-la.facebook.com\/people\/ALADI\/100064606213084\/","article_modified_time":"2025-09-16T19:55:45+00:00","twitter_card":"summary_large_image","twitter_site":"@ALADI_SG","twitter_misc":{"Est. reading time":"1 minute"},"schema":{"@context":"https:\/\/schema.org","@graph":[{"@type":"WebPage","@id":"https:\/\/www.aladi.org\/pt\/comercio-e-desenvolvimento-sustentavel\/","url":"https:\/\/www.aladi.org\/pt\/comercio-e-desenvolvimento-sustentavel\/","name":"Comercio y desarrollo sostenible - ALADI","isPartOf":{"@id":"https:\/\/www.aladi.org\/#website"},"datePublished":"2024-04-01T13:50:22+00:00","dateModified":"2025-09-16T19:55:45+00:00","breadcrumb":{"@id":"https:\/\/www.aladi.org\/pt\/comercio-e-desenvolvimento-sustentavel\/#breadcrumb"},"inLanguage":"pt-BR","potentialAction":[{"@type":"ReadAction","target":["https:\/\/www.aladi.org\/pt\/comercio-e-desenvolvimento-sustentavel\/"]}]},{"@type":"BreadcrumbList","@id":"https:\/\/www.aladi.org\/pt\/comercio-e-desenvolvimento-sustentavel\/#breadcrumb","itemListElement":[{"@type":"ListItem","position":1,"name":"Home","item":"https:\/\/www.aladi.org\/"},{"@type":"ListItem","position":2,"name":"Com\u00e9rcio e desenvolvimento sustent\u00e1vel"}]},{"@type":"WebSite","@id":"https:\/\/www.aladi.org\/pt\/#website","url":"https:\/\/www.aladi.org\/pt\/","name":"ALADI","description":"Asociaci\u00f3n Latinoamericana de Integraci\u00f3n","publisher":{"@id":"https:\/\/www.aladi.org\/pt\/#organization"},"potentialAction":[{"@type":"SearchAction","target":{"@type":"EntryPoint","urlTemplate":"https:\/\/www.aladi.org\/pt\/?s={search_term_string}"},"query-input":{"@type":"PropertyValueSpecification","valueRequired":true,"valueName":"search_term_string"}}],"inLanguage":"pt-BR"},{"@type":"Organization","@id":"https:\/\/www.aladi.org\/pt\/#organization","name":"ALADI","url":"https:\/\/www.aladi.org\/pt\/","logo":{"@type":"ImageObject","inLanguage":"pt-BR","@id":"https:\/\/www.aladi.org\/pt\/#\/schema\/logo\/image\/","url":"https:\/\/www.aladi.org\/wp-content\/uploads\/2025\/12\/Logo-ALADI.png","contentUrl":"https:\/\/www.aladi.org\/wp-content\/uploads\/2025\/12\/Logo-ALADI.png","width":375,"height":235,"caption":"ALADI"},"image":{"@id":"https:\/\/www.aladi.org\/pt\/#\/schema\/logo\/image\/"},"sameAs":["https:\/\/es-la.facebook.com\/people\/ALADI\/100064606213084\/","https:\/\/x.com\/ALADI_SG","https:\/\/www.instagram.com\/aladi_sg\/?hl=es","https:\/\/www.linkedin.com\/company\/aladi\/","https:\/\/www.flickr.com\/photos\/aladi\/","https:\/\/www.youtube.com\/channel\/UCrkJWOWHKF6igQmWE8Clnpg"]}]}},"jetpack_sharing_enabled":true,"_links":{"self":[{"href":"https:\/\/www.aladi.org\/pt\/wp-json\/wp\/v2\/pages\/3594","targetHints":{"allow":["GET"]}}],"collection":[{"href":"https:\/\/www.aladi.org\/pt\/wp-json\/wp\/v2\/pages"}],"about":[{"href":"https:\/\/www.aladi.org\/pt\/wp-json\/wp\/v2\/types\/page"}],"author":[{"embeddable":true,"href":"https:\/\/www.aladi.org\/pt\/wp-json\/wp\/v2\/users\/2"}],"replies":[{"embeddable":true,"href":"https:\/\/www.aladi.org\/pt\/wp-json\/wp\/v2\/comments?post=3594"}],"version-history":[{"count":19,"href":"https:\/\/www.aladi.org\/pt\/wp-json\/wp\/v2\/pages\/3594\/revisions"}],"predecessor-version":[{"id":8666,"href":"https:\/\/www.aladi.org\/pt\/wp-json\/wp\/v2\/pages\/3594\/revisions\/8666"}],"wp:attachment":[{"href":"https:\/\/www.aladi.org\/pt\/wp-json\/wp\/v2\/media?parent=3594"}],"curies":[{"name":"wp","href":"https:\/\/api.w.org\/{rel}","templated":true}]}}