{"id":3573,"date":"2024-03-26T19:02:18","date_gmt":"2024-03-26T19:02:18","guid":{"rendered":"https:\/\/sitio.aladi.org\/?page_id=3573"},"modified":"2024-03-26T19:02:18","modified_gmt":"2024-03-26T19:02:18","slug":"formularios","status":"publish","type":"page","link":"https:\/\/www.aladi.org\/pt\/salvaguardias\/formularios\/","title":{"rendered":"Formularios"},"content":{"rendered":"<div>Salvaguardias<\/div>\n<h1><strong>Formularios<\/strong><\/h1>\n<h1><strong>MECANISMO SOBRE NOTIFICACI\u00d3N DE MEDIDAS DE SALVAGUARDIA PREFERENCIALES APLICADAS EN LOS ACUERDOS SUSCRITOS EN EL MARCO DE LA ALADI<\/strong><\/h1>\n<div>\n<p>FORMULARIOS TIPO PARA SER UTILIZADOS POR LOS PA\u00cdSES EN LA NOTIFICACI\u00d3N<\/p>\n<p>Se presentan a continuaci\u00f3n los formularios destinados a homogeneizar, racionalizar y simplificar los distintos elementos que deben ser notificados por los pa\u00edses en atenci\u00f3n a la informaci\u00f3n requerida en el Mecanismo sobre Notificaci\u00f3n de Medidas de Salvaguardia.<\/p>\n<p>En cuanto a la naturaleza y forma de estos formularios se trata b\u00e1sicamente de un dise\u00f1o para el uso de las oficinas estatales vinculadas con el tr\u00e1mite de notificaci\u00f3n a la Secretar\u00eda General de las medidas de salvaguardia aplicadas en los acuerdos suscritos en el marco del TM 80 y se pretende que los elementos incorporados sean f\u00e1cilmente captados, comprendidos y se correspondan con el margen conceptual del mencionado mecanismo de notificaci\u00f3n de salvaguardias. Cabe precisar que, de acuerdo a lo establecido en el mecanismo de notificaci\u00f3n, la utilizaci\u00f3n de los formularios no es de car\u00e1cter estrictamente obligatorio sino que su objetivo central es facilitar y homogeneizar a las administraciones nacionales la recopilaci\u00f3n de la informaci\u00f3n requerida.\u00a0<\/p>\n<p>En cuanto a su presentaci\u00f3n, comprenden 5 formularios distintos que se corresponden con cada una de las 3 etapas en las cuales se imponen salvaguardias m\u00e1s la posibilidad de que se realicen pr\u00f3rrogas o modificaciones en la aplicaci\u00f3n de las mismas.<\/p>\n<p>En lo referente al contenido, los formularios incluyen en primera instancia elementos comunes, destinados a identificar los pa\u00edses participantes, el producto afectado y los instrumentos legales que las autorizan. Complementariamente, dependiendo de cada formulario, incluyen informaci\u00f3n sobre vigencia, tipo de medidas y dem\u00e1s elementos que caracterizan a las salvaguardias.<\/p>\n<\/div>\n<hr>\n<ul>\n<li>\n<h3>FORMULARIO \u201cA\u201d  \u2013 Inicio de un procedimiento de investigaci\u00f3n<\/h3>\n<div>\n<p><a href=\"https:\/\/www2.aladi.org\/sitioAladi\/documentos\/NotificacionSalvaguardiasFormA.pdf\" target=\"_blank\" rel=\"noopener\">FORMULARIO \u201cA\u201d \u2013 Inicio de un procedimiento de investigaci\u00f3n<\/a><\/p>\n<\/div>\n<\/li>\n<li>\n<h3>FORMULARIO \u201cB\u201d  \u2013 Aplicaci\u00f3n Salvaguardia Provisional <\/h3>\n<div>\n<p><a href=\"http:\/\/www2.aladi.org\/sitioAladi\/documentos\/NotificacionSalvaguardiasFormB.pdf\" target=\"_blank\" rel=\"noopener\">FORMULARIO \u201cB\u201d<span>\u00a0 \u2013 Aplicaci\u00f3n Salvaguardia Provisional\u00a0<\/span><\/a><\/p>\n<\/div>\n<\/li>\n<li>\n<h3>FORMULARIO \u201cC\u201d  \u2013 APLICACI\u00d3N O NO DE UNA MEDIDA DE SALVAGUARDIA DEFINITIVA<\/h3>\n<div>\n<p><a href=\"http:\/\/www2.aladi.org\/sitioAladi\/documentos\/NotificacionSalvaguardiasFormC.pdf\" target=\"_blank\" rel=\"noopener\">FORMULARIO \u201cC\u201d\u00a0<span>\u00a0\u2013 Aplicaci\u00f3n o no de una medida de salvaguardia definitiva<\/span><\/a><\/p>\n<\/div>\n<\/li>\n<li>\n<h3>FORMULARIO \u201cD\u201d  \u2013 PR\u00d3RROGA DE LA APLICACI\u00d3N DE UNA SALVAGUARDIA<\/h3>\n<div>\n<p><a href=\"http:\/\/www2.aladi.org\/sitioAladi\/documentos\/NotificacionSalvaguardiasFormD.pdf\" target=\"_blank\" rel=\"noopener\">FORMULARIO \u201cD\u201d\u00a0<span>\u00a0\u2013 Pr\u00f3rroga de la aplicaci\u00f3n de una salvaguardia<\/span><\/a><\/p>\n<\/div>\n<\/li>\n<li>\n<h3>FORMULARIO \u201cE\u201d  \u2013 MODIFICACI\u00d3N DE UNA MEDIDA DE SALVAGUARDIA ADOPTADA<\/h3>\n<div>\n<p><a href=\"http:\/\/www2.aladi.org\/sitioAladi\/documentos\/NotificacionSalvaguardiasFormE.pdf\" target=\"_blank\" rel=\"noopener\">FORMULARIO \u201cE\u201d\u00a0<span>\u00a0\u2013 Modificaci\u00f3n de una medida de salvaguardia adoptada<\/span><\/a><\/p>\n<\/div>\n<\/li>\n<\/ul>\n<p><!--more--><br \/>\n<!-- {\"type\":\"layout\",\"children\":[{\"type\":\"section\",\"props\":{\"image_loading\":true,\"image_position\":\"top-center\",\"media_visibility\":\"m\",\"padding\":\"xsmall\",\"padding_remove_horizontal\":false,\"padding_remove_top\":false,\"style\":\"default\",\"title_breakpoint\":\"xl\",\"title_position\":\"top-left\",\"title_rotation\":\"left\",\"vertical_align\":\"middle\",\"width\":\"xlarge\"},\"children\":[{\"type\":\"row\",\"props\":{\"width\":\"xlarge\"},\"children\":[{\"type\":\"column\",\"props\":{\"image_position\":\"center-center\",\"position_sticky_breakpoint\":\"m\"},\"children\":[{\"type\":\"breadcrumbs\",\"props\":{\"margin\":\"remove-vertical\",\"margin_remove_top\":true,\"show_current\":true,\"show_home\":true}}]}]},{\"type\":\"row\",\"props\":{\"margin_remove_bottom\":false,\"width\":\"xlarge\"},\"children\":[{\"type\":\"column\",\"props\":{\"image_position\":\"center-center\",\"image_size\":\"cover\",\"padding\":\"none\",\"position_sticky_breakpoint\":\"m\",\"vertical_align\":\"middle\"},\"children\":[{\"type\":\"headline\",\"props\":{\"content\":\"Salvaguardias\",\"link_style\":false,\"title_color\":\"primary\",\"title_element\":\"div\",\"title_style\":\"h6\"}},{\"type\":\"headline\",\"props\":{\"content\":\"<strong>Formularios<\\\/strong>\",\"margin\":\"medium\",\"margin_remove_bottom\":false,\"margin_remove_top\":false,\"maxwidth\":\"xlarge\",\"text_align\":\"left\",\"text_align_fallback\":\"center\",\"title_color\":\"secondary\",\"title_element\":\"h1\",\"title_style\":\"h1\"}}]}]}],\"name\":\"T\\u00edtulos\"},{\"type\":\"section\",\"props\":{\"image_position\":\"center-center\",\"style\":\"default\",\"title_breakpoint\":\"xl\",\"title_position\":\"top-left\",\"title_rotation\":\"left\",\"vertical_align\":\"middle\",\"width\":\"default\"},\"children\":[{\"type\":\"row\",\"children\":[{\"type\":\"column\",\"props\":{\"image_position\":\"center-center\",\"position_sticky_breakpoint\":\"m\"},\"children\":[{\"type\":\"headline\",\"props\":{\"content\":\"<strong>MECANISMO SOBRE NOTIFICACI\\u00d3N DE MEDIDAS DE SALVAGUARDIA PREFERENCIALES APLICADAS EN LOS ACUERDOS SUSCRITOS EN EL MARCO DE LA ALADI<\\\/strong>\",\"title_color\":\"primary\",\"title_element\":\"h1\",\"title_style\":\"h3\"}},{\"type\":\"text\",\"props\":{\"column_breakpoint\":\"m\",\"content\":\"\n\n<p>FORMULARIOS TIPO PARA SER UTILIZADOS POR LOS PA\\u00cdSES EN LA NOTIFICACI\\u00d3N<\\\/p>\\n\n\n<p>Se presentan a continuaci\\u00f3n los formularios destinados a homogeneizar, racionalizar y simplificar los distintos elementos que deben ser notificados por los pa\\u00edses en atenci\\u00f3n a la informaci\\u00f3n requerida en el Mecanismo sobre Notificaci\\u00f3n de Medidas de Salvaguardia.<\\\/p>\\n\n\n<p>En cuanto a la naturaleza y forma de estos formularios se trata b\\u00e1sicamente de un dise\\u00f1o para el uso de las oficinas estatales vinculadas con el tr\\u00e1mite de notificaci\\u00f3n a la Secretar\\u00eda General de las medidas de salvaguardia aplicadas en los acuerdos suscritos en el marco del TM 80 y se pretende que los elementos incorporados sean f\\u00e1cilmente captados, comprendidos y se correspondan con el margen conceptual del mencionado mecanismo de notificaci\\u00f3n de salvaguardias. Cabe precisar que, de acuerdo a lo establecido en el mecanismo de notificaci\\u00f3n, la utilizaci\\u00f3n de los formularios no es de car\\u00e1cter estrictamente obligatorio sino que su objetivo central es facilitar y homogeneizar a las administraciones nacionales la recopilaci\\u00f3n de la informaci\\u00f3n requerida.\\u00a0<\\\/p>\\n\n\n<p>En cuanto a su presentaci\\u00f3n, comprenden 5 formularios distintos que se corresponden con cada una de las 3 etapas en las cuales se imponen salvaguardias m\\u00e1s la posibilidad de que se realicen pr\\u00f3rrogas o modificaciones en la aplicaci\\u00f3n de las mismas.<\\\/p>\\n\n\n<p>En lo referente al contenido, los formularios incluyen en primera instancia elementos comunes, destinados a identificar los pa\\u00edses participantes, el producto afectado y los instrumentos legales que las autorizan. Complementariamente, dependiendo de cada formulario, incluyen informaci\\u00f3n sobre vigencia, tipo de medidas y dem\\u00e1s elementos que caracterizan a las salvaguardias.<\\\/p>\",\"margin\":\"default\"}},{\"type\":\"divider\",\"props\":{\"divider_element\":\"hr\"}},{\"type\":\"grid\",\"props\":{\"content_column_breakpoint\":\"m\",\"filter_align\":\"left\",\"filter_all\":true,\"filter_grid_breakpoint\":\"m\",\"filter_grid_width\":\"auto\",\"filter_position\":\"top\",\"filter_style\":\"tab\",\"grid_default\":\"1\",\"grid_medium\":\"1\",\"icon_width\":80,\"image_align\":\"top\",\"image_grid_breakpoint\":\"m\",\"image_grid_width\":\"1-2\",\"image_svg_color\":\"emphasis\",\"item_animation\":true,\"link_style\":\"default\",\"link_text\":\"Ver m\\u00e1s\",\"margin\":\"default\",\"meta_align\":\"below-title\",\"meta_element\":\"div\",\"meta_style\":\"text-meta\",\"show_content\":true,\"show_image\":true,\"show_link\":true,\"show_meta\":true,\"show_title\":false,\"title_align\":\"top\",\"title_element\":\"h3\",\"title_grid_breakpoint\":\"m\",\"title_grid_width\":\"1-2\",\"title_hover_style\":\"reset\"},\"children\":[{\"type\":\"grid_item\",\"props\":{\"content\":\"\n\n<p><a href=\\\"https:\\\/\\\/www2.aladi.org\\\/sitioAladi\\\/documentos\\\/NotificacionSalvaguardiasFormA.pdf\\\" target=\\\"_blank\\\" rel=\\\"noopener\\\">FORMULARIO \\u201cA\\u201d \\u2013 Inicio de un procedimiento de investigaci\\u00f3n<\\\/a><\\\/p>\",\"image\":\"\",\"title\":\"FORMULARIO \\u201cA\\u201d  \\u2013 Inicio de un procedimiento de investigaci\\u00f3n\"}},{\"type\":\"grid_item\",\"props\":{\"content\":\"\n\n<p><a href=\\\"http:\\\/\\\/www2.aladi.org\\\/sitioAladi\\\/documentos\\\/NotificacionSalvaguardiasFormB.pdf\\\" target=\\\"_blank\\\" rel=\\\"noopener\\\">FORMULARIO \\u201cB\\u201d<span>\\u00a0 \\u2013 Aplicaci\\u00f3n Salvaguardia Provisional\\u00a0<\\\/span><\\\/a><\\\/p>\",\"image\":\"\",\"title\":\"FORMULARIO \\u201cB\\u201d  \\u2013 Aplicaci\\u00f3n Salvaguardia Provisional \"}},{\"type\":\"grid_item\",\"props\":{\"content\":\"\n\n<p><a href=\\\"http:\\\/\\\/www2.aladi.org\\\/sitioAladi\\\/documentos\\\/NotificacionSalvaguardiasFormC.pdf\\\" target=\\\"_blank\\\" rel=\\\"noopener\\\">FORMULARIO \\u201cC\\u201d\\u00a0<span>\\u00a0\\u2013 Aplicaci\\u00f3n o no de una medida de salvaguardia definitiva<\\\/span><\\\/a><\\\/p>\",\"image\":\"\",\"title\":\"FORMULARIO \\u201cC\\u201d  \\u2013 APLICACI\\u00d3N O NO DE UNA MEDIDA DE SALVAGUARDIA DEFINITIVA\"}},{\"type\":\"grid_item\",\"props\":{\"content\":\"\n\n<p><a href=\\\"http:\\\/\\\/www2.aladi.org\\\/sitioAladi\\\/documentos\\\/NotificacionSalvaguardiasFormD.pdf\\\" target=\\\"_blank\\\" rel=\\\"noopener\\\">FORMULARIO \\u201cD\\u201d\\u00a0<span>\\u00a0\\u2013 Pr\\u00f3rroga de la aplicaci\\u00f3n de una salvaguardia<\\\/span><\\\/a><\\\/p>\",\"image\":\"\",\"title\":\"FORMULARIO \\u201cD\\u201d  \\u2013 PR\\u00d3RROGA DE LA APLICACI\\u00d3N DE UNA SALVAGUARDIA\"}},{\"type\":\"grid_item\",\"props\":{\"content\":\"\n\n<p><a href=\\\"http:\\\/\\\/www2.aladi.org\\\/sitioAladi\\\/documentos\\\/NotificacionSalvaguardiasFormE.pdf\\\" target=\\\"_blank\\\" rel=\\\"noopener\\\">FORMULARIO \\u201cE\\u201d\\u00a0<span>\\u00a0\\u2013 Modificaci\\u00f3n de una medida de salvaguardia adoptada<\\\/span><\\\/a><\\\/p>\",\"image\":\"\",\"title\":\"FORMULARIO \\u201cE\\u201d  \\u2013 MODIFICACI\\u00d3N DE UNA MEDIDA DE SALVAGUARDIA ADOPTADA\"}}]}]}]}]}],\"version\":\"4.0.11\"} --><\/p>\n","protected":false},"excerpt":{"rendered":"<p>Salvaguardias Formularios MECANISMO SOBRE NOTIFICACI\u00d3N DE MEDIDAS DE SALVAGUARDIA PREFERENCIALES APLICADAS EN LOS ACUERDOS SUSCRITOS EN EL MARCO DE LA ALADI FORMULARIOS TIPO PARA SER UTILIZADOS POR LOS PA\u00cdSES EN LA NOTIFICACI\u00d3N Se presentan a continuaci\u00f3n los formularios destinados a homogeneizar, racionalizar y simplificar los distintos elementos que deben ser notificados por los pa\u00edses en [&hellip;]<\/p>\n","protected":false},"author":2,"featured_media":0,"parent":2043,"menu_order":0,"comment_status":"closed","ping_status":"closed","template":"","meta":{"_acf_changed":false,"footnotes":""},"class_list":["post-3573","page","type-page","status-publish","hentry"],"acf":[],"yoast_head":"<!-- This site is optimized with the Yoast SEO plugin v26.5 - https:\/\/yoast.com\/wordpress\/plugins\/seo\/ -->\n<title>Formularios<\/title>\n<meta name=\"description\" content=\"Salvaguardias Formularios MECANISMO SOBRE NOTIFICACI\u00d3N DE MEDIDAS DE SALVAGUARDIA PREFERENCIALES APLICADAS EN LOS ACUERDOS SUSCRITOS EN EL MARCO DE LA ALADI FORMULARIOS TIPO PARA SER UTILIZADOS POR LOS PA\u00cdSES EN LA NOTIFICACI\u00d3N Se presentan a continuaci\u00f3n los formularios destinados a homogeneizar, racionalizar y simplificar los distintos elementos que deben ser notificados por los pa\u00edses en&hellip;\" \/>\n<meta name=\"robots\" content=\"index, follow, max-snippet:-1, max-image-preview:large, max-video-preview:-1\" \/>\n<link rel=\"canonical\" href=\"http:\/\/Salvaguardias%20Formularios%20MECANISMO%20SOBRE%20NOTIFICACI\u00d3N%20DE%20MEDIDAS%20DE%20SALVAGUARDIA%20PREFERENCIALES%20APLICADAS%20EN%20LOS%20ACUERDOS%20SUSCRITOS%20EN%20EL%20MARCO%20DE%20LA%20ALADI%20FORMULARIOS%20TIPO%20PARA%20SER%20UTILIZADOS%20POR%20LOS%20PA\u00cdSES%20EN%20LA%20NOTIFICACI\u00d3N%20Se%20presentan%20a%20continuaci\u00f3n%20los%20formularios%20destinados%20a%20homogeneizar,%20racionalizar%20y%20simplificar%20los%20distintos%20elementos%20que%20deben%20ser%20notificados%20por%20los%20pa\u00edses%20en&hellip;\" \/>\n<meta property=\"og:locale\" content=\"pt_BR\" \/>\n<meta property=\"og:type\" content=\"article\" \/>\n<meta property=\"og:title\" content=\"Formularios\" \/>\n<meta property=\"og:description\" content=\"Salvaguardias Formularios MECANISMO SOBRE NOTIFICACI\u00d3N DE MEDIDAS DE SALVAGUARDIA PREFERENCIALES APLICADAS EN LOS ACUERDOS SUSCRITOS EN EL MARCO DE LA ALADI FORMULARIOS TIPO PARA SER UTILIZADOS POR LOS PA\u00cdSES EN LA NOTIFICACI\u00d3N Se presentan a continuaci\u00f3n los formularios destinados a homogeneizar, racionalizar y simplificar los distintos elementos que deben ser notificados por los pa\u00edses en&hellip;\" \/>\n<meta property=\"og:url\" content=\"https:\/\/www.aladi.org\/pt\/salvaguardias\/formularios\/\" \/>\n<meta property=\"og:site_name\" content=\"ALADI\" \/>\n<meta property=\"article:publisher\" content=\"https:\/\/es-la.facebook.com\/people\/ALADI\/100064606213084\/\" \/>\n<meta name=\"twitter:card\" content=\"summary_large_image\" \/>\n<meta name=\"twitter:site\" content=\"@ALADI_SG\" \/>\n<meta name=\"twitter:label1\" content=\"Est. reading time\" \/>\n\t<meta name=\"twitter:data1\" content=\"2 minutes\" \/>\n<script type=\"application\/ld+json\" class=\"yoast-schema-graph\">{\"@context\":\"https:\/\/schema.org\",\"@graph\":[{\"@type\":\"WebPage\",\"@id\":\"https:\/\/www.aladi.org\/pt\/salvaguardias\/formularios\/\",\"url\":\"https:\/\/www.aladi.org\/pt\/salvaguardias\/formularios\/\",\"name\":\"Formularios - ALADI\",\"isPartOf\":{\"@id\":\"https:\/\/www.aladi.org\/#website\"},\"datePublished\":\"2024-03-26T19:02:18+00:00\",\"breadcrumb\":{\"@id\":\"https:\/\/www.aladi.org\/pt\/salvaguardias\/formularios\/#breadcrumb\"},\"inLanguage\":\"pt-BR\",\"potentialAction\":[{\"@type\":\"ReadAction\",\"target\":[\"https:\/\/www.aladi.org\/pt\/salvaguardias\/formularios\/\"]}]},{\"@type\":\"BreadcrumbList\",\"@id\":\"https:\/\/www.aladi.org\/pt\/salvaguardias\/formularios\/#breadcrumb\",\"itemListElement\":[{\"@type\":\"ListItem\",\"position\":1,\"name\":\"Home\",\"item\":\"https:\/\/www.aladi.org\/\"},{\"@type\":\"ListItem\",\"position\":2,\"name\":\"Salvaguardias\",\"item\":\"https:\/\/www.aladi.org\/salvaguardias\/\"},{\"@type\":\"ListItem\",\"position\":3,\"name\":\"Formularios\"}]},{\"@type\":\"WebSite\",\"@id\":\"https:\/\/www.aladi.org\/pt\/#website\",\"url\":\"https:\/\/www.aladi.org\/pt\/\",\"name\":\"ALADI\",\"description\":\"Asociaci\u00f3n Latinoamericana de Integraci\u00f3n\",\"publisher\":{\"@id\":\"https:\/\/www.aladi.org\/pt\/#organization\"},\"potentialAction\":[{\"@type\":\"SearchAction\",\"target\":{\"@type\":\"EntryPoint\",\"urlTemplate\":\"https:\/\/www.aladi.org\/pt\/?s={search_term_string}\"},\"query-input\":{\"@type\":\"PropertyValueSpecification\",\"valueRequired\":true,\"valueName\":\"search_term_string\"}}],\"inLanguage\":\"pt-BR\"},{\"@type\":\"Organization\",\"@id\":\"https:\/\/www.aladi.org\/pt\/#organization\",\"name\":\"ALADI\",\"url\":\"https:\/\/www.aladi.org\/pt\/\",\"logo\":{\"@type\":\"ImageObject\",\"inLanguage\":\"pt-BR\",\"@id\":\"https:\/\/www.aladi.org\/pt\/#\/schema\/logo\/image\/\",\"url\":\"https:\/\/www.aladi.org\/wp-content\/uploads\/2025\/12\/Logo-ALADI.png\",\"contentUrl\":\"https:\/\/www.aladi.org\/wp-content\/uploads\/2025\/12\/Logo-ALADI.png\",\"width\":375,\"height\":235,\"caption\":\"ALADI\"},\"image\":{\"@id\":\"https:\/\/www.aladi.org\/pt\/#\/schema\/logo\/image\/\"},\"sameAs\":[\"https:\/\/es-la.facebook.com\/people\/ALADI\/100064606213084\/\",\"https:\/\/x.com\/ALADI_SG\",\"https:\/\/www.instagram.com\/aladi_sg\/?hl=es\",\"https:\/\/www.linkedin.com\/company\/aladi\/\",\"https:\/\/www.flickr.com\/photos\/aladi\/\",\"https:\/\/www.youtube.com\/channel\/UCrkJWOWHKF6igQmWE8Clnpg\"]}]}<\/script>\n<!-- \/ Yoast SEO plugin. -->","yoast_head_json":{"title":"Formularios","description":"Salvaguardias Formularios MECANISMO SOBRE NOTIFICACI\u00d3N DE MEDIDAS DE SALVAGUARDIA PREFERENCIALES APLICADAS EN LOS ACUERDOS SUSCRITOS EN EL MARCO DE LA ALADI FORMULARIOS TIPO PARA SER UTILIZADOS POR LOS PA\u00cdSES EN LA NOTIFICACI\u00d3N Se presentan a continuaci\u00f3n los formularios destinados a homogeneizar, racionalizar y simplificar los distintos elementos que deben ser notificados por los pa\u00edses en&hellip;","robots":{"index":"index","follow":"follow","max-snippet":"max-snippet:-1","max-image-preview":"max-image-preview:large","max-video-preview":"max-video-preview:-1"},"canonical":"Salvaguardias Formularios MECANISMO SOBRE NOTIFICACI\u00d3N DE MEDIDAS DE SALVAGUARDIA PREFERENCIALES APLICADAS EN LOS ACUERDOS SUSCRITOS EN EL MARCO DE LA ALADI FORMULARIOS TIPO PARA SER UTILIZADOS POR LOS PA\u00cdSES EN LA NOTIFICACI\u00d3N Se presentan a continuaci\u00f3n los formularios destinados a homogeneizar, racionalizar y simplificar los distintos elementos que deben ser notificados por los pa\u00edses en&hellip;","og_locale":"pt_BR","og_type":"article","og_title":"Formularios","og_description":"Salvaguardias Formularios MECANISMO SOBRE NOTIFICACI\u00d3N DE MEDIDAS DE SALVAGUARDIA PREFERENCIALES APLICADAS EN LOS ACUERDOS SUSCRITOS EN EL MARCO DE LA ALADI FORMULARIOS TIPO PARA SER UTILIZADOS POR LOS PA\u00cdSES EN LA NOTIFICACI\u00d3N Se presentan a continuaci\u00f3n los formularios destinados a homogeneizar, racionalizar y simplificar los distintos elementos que deben ser notificados por los pa\u00edses en&hellip;","og_url":"https:\/\/www.aladi.org\/pt\/salvaguardias\/formularios\/","og_site_name":"ALADI","article_publisher":"https:\/\/es-la.facebook.com\/people\/ALADI\/100064606213084\/","twitter_card":"summary_large_image","twitter_site":"@ALADI_SG","twitter_misc":{"Est. reading time":"2 minutes"},"schema":{"@context":"https:\/\/schema.org","@graph":[{"@type":"WebPage","@id":"https:\/\/www.aladi.org\/pt\/salvaguardias\/formularios\/","url":"https:\/\/www.aladi.org\/pt\/salvaguardias\/formularios\/","name":"Formularios - ALADI","isPartOf":{"@id":"https:\/\/www.aladi.org\/#website"},"datePublished":"2024-03-26T19:02:18+00:00","breadcrumb":{"@id":"https:\/\/www.aladi.org\/pt\/salvaguardias\/formularios\/#breadcrumb"},"inLanguage":"pt-BR","potentialAction":[{"@type":"ReadAction","target":["https:\/\/www.aladi.org\/pt\/salvaguardias\/formularios\/"]}]},{"@type":"BreadcrumbList","@id":"https:\/\/www.aladi.org\/pt\/salvaguardias\/formularios\/#breadcrumb","itemListElement":[{"@type":"ListItem","position":1,"name":"Home","item":"https:\/\/www.aladi.org\/"},{"@type":"ListItem","position":2,"name":"Salvaguardias","item":"https:\/\/www.aladi.org\/salvaguardias\/"},{"@type":"ListItem","position":3,"name":"Formularios"}]},{"@type":"WebSite","@id":"https:\/\/www.aladi.org\/pt\/#website","url":"https:\/\/www.aladi.org\/pt\/","name":"ALADI","description":"Asociaci\u00f3n Latinoamericana de Integraci\u00f3n","publisher":{"@id":"https:\/\/www.aladi.org\/pt\/#organization"},"potentialAction":[{"@type":"SearchAction","target":{"@type":"EntryPoint","urlTemplate":"https:\/\/www.aladi.org\/pt\/?s={search_term_string}"},"query-input":{"@type":"PropertyValueSpecification","valueRequired":true,"valueName":"search_term_string"}}],"inLanguage":"pt-BR"},{"@type":"Organization","@id":"https:\/\/www.aladi.org\/pt\/#organization","name":"ALADI","url":"https:\/\/www.aladi.org\/pt\/","logo":{"@type":"ImageObject","inLanguage":"pt-BR","@id":"https:\/\/www.aladi.org\/pt\/#\/schema\/logo\/image\/","url":"https:\/\/www.aladi.org\/wp-content\/uploads\/2025\/12\/Logo-ALADI.png","contentUrl":"https:\/\/www.aladi.org\/wp-content\/uploads\/2025\/12\/Logo-ALADI.png","width":375,"height":235,"caption":"ALADI"},"image":{"@id":"https:\/\/www.aladi.org\/pt\/#\/schema\/logo\/image\/"},"sameAs":["https:\/\/es-la.facebook.com\/people\/ALADI\/100064606213084\/","https:\/\/x.com\/ALADI_SG","https:\/\/www.instagram.com\/aladi_sg\/?hl=es","https:\/\/www.linkedin.com\/company\/aladi\/","https:\/\/www.flickr.com\/photos\/aladi\/","https:\/\/www.youtube.com\/channel\/UCrkJWOWHKF6igQmWE8Clnpg"]}]}},"jetpack_sharing_enabled":true,"_links":{"self":[{"href":"https:\/\/www.aladi.org\/pt\/wp-json\/wp\/v2\/pages\/3573","targetHints":{"allow":["GET"]}}],"collection":[{"href":"https:\/\/www.aladi.org\/pt\/wp-json\/wp\/v2\/pages"}],"about":[{"href":"https:\/\/www.aladi.org\/pt\/wp-json\/wp\/v2\/types\/page"}],"author":[{"embeddable":true,"href":"https:\/\/www.aladi.org\/pt\/wp-json\/wp\/v2\/users\/2"}],"replies":[{"embeddable":true,"href":"https:\/\/www.aladi.org\/pt\/wp-json\/wp\/v2\/comments?post=3573"}],"version-history":[{"count":8,"href":"https:\/\/www.aladi.org\/pt\/wp-json\/wp\/v2\/pages\/3573\/revisions"}],"predecessor-version":[{"id":3582,"href":"https:\/\/www.aladi.org\/pt\/wp-json\/wp\/v2\/pages\/3573\/revisions\/3582"}],"up":[{"embeddable":true,"href":"https:\/\/www.aladi.org\/pt\/wp-json\/wp\/v2\/pages\/2043"}],"wp:attachment":[{"href":"https:\/\/www.aladi.org\/pt\/wp-json\/wp\/v2\/media?parent=3573"}],"curies":[{"name":"wp","href":"https:\/\/api.w.org\/{rel}","templated":true}]}}