{"id":3404,"date":"2024-02-05T12:19:18","date_gmt":"2024-02-05T12:19:18","guid":{"rendered":"https:\/\/sitio.aladi.org\/?page_id=3404"},"modified":"2025-10-29T19:32:56","modified_gmt":"2025-10-29T19:32:56","slug":"tratado-de-montevideo-de-1980","status":"publish","type":"page","link":"https:\/\/www.aladi.org\/pt\/normas-institucionais\/tratado-de-montevideu-de-1980\/","title":{"rendered":"Tratado de Montevid\u00e9u de 1980"},"content":{"rendered":"<div>Normativa institucional<\/div>\n<h1><strong>Tratado de Montevideo 1980<\/strong><\/h1>\n<div>\n<p><span>La ALADI fue creada con la suscripci\u00f3n del Tratado de Montevideo 1980 (TM80), el 12 de agosto de 1980.<\/span><\/p>\n<p><span>En 1960 se firm\u00f3 el primer Tratado de Montevideo, que estableci\u00f3 la Asociaci\u00f3n Latinoamericana de Libre Comercio (ALALC). En aquel entonces los pa\u00edses latinoamericanos comerciaban principalmente con Europa y Estados Unidos.<\/span><\/p>\n<p>As\u00ed, en 1960 se logr\u00f3 un acuerdo inicial entre siete pa\u00edses: Argentina, Brasil, Chile, M\u00e9xico, Paraguay, Per\u00fa y Uruguay, que persegu\u00eda alcanzar una mayor integraci\u00f3n econ\u00f3mica, a trav\u00e9s de la ampliaci\u00f3n del tama\u00f1o de sus mercados y de la expansi\u00f3n de su comercio rec\u00edproco. Con posterioridad se unieron a la ALALC Colombia, Ecuador, Bolivia y Venezuela.<\/p>\n<p>En 1980, los Gobiernos de estos once pa\u00edses decidieron modificar el viejo tratado, reafirmanando la voluntad pol\u00edtica de fortalecer el proceso de integraci\u00f3n y hacer su aplicaci\u00f3n m\u00e1s flexible. El resultado fue la suscripci\u00f3n del Tratado de Montevideo 1980, al que adhirieron, posteriormente, Cuba, el 26 de agosto de 1999, y Panam\u00e1, el 10 de mayo de 2012.<\/p>\n<\/div>\n<p>\n    <a href=\"https:\/\/www2.aladi.org\/biblioteca\/Publicaciones\/ALADI\/Secretaria_General\/Documentos_sin_Codigos\/Caja_065_006.pdf\">Tratado<\/a>\n<\/p>\n<div>\n<div class=\"el-content uk-panel\">\n<p><a href=\"https:\/\/www.aladi.org\/?page_id=3492\">Protocolo Interpretativo del Art. 44 del TM80<\/a><\/p>\n<\/div>\n<\/div>\n<p><!--more--><br \/>\n<!-- {\"type\":\"layout\",\"children\":[{\"type\":\"section\",\"props\":{\"animation\":\"slide-left-small\",\"animation_delay\":\"200\",\"css\":\".el-section {\\n\\tmax-height:400px;\\n    overflow: hidden;\\n}\",\"image_position\":\"center-center\",\"image_size\":\"cover\",\"padding\":\"none\",\"style\":\"default\",\"title_breakpoint\":\"xl\",\"title_position\":\"top-left\",\"title_rotation\":\"left\",\"vertical_align\":\"\",\"width\":\"xlarge\"},\"children\":[{\"type\":\"row\",\"children\":[{\"type\":\"column\",\"props\":{\"image_position\":\"center-center\",\"position_sticky_breakpoint\":\"m\"}}]}],\"name\":\"Foto banner\"},{\"type\":\"section\",\"props\":{\"image_loading\":true,\"image_position\":\"top-center\",\"media_visibility\":\"m\",\"padding\":\"xsmall\",\"padding_remove_horizontal\":false,\"padding_remove_top\":false,\"style\":\"default\",\"title_breakpoint\":\"xl\",\"title_position\":\"top-left\",\"title_rotation\":\"left\",\"vertical_align\":\"\",\"width\":\"xlarge\"},\"children\":[{\"type\":\"row\",\"props\":{\"width\":\"xlarge\"},\"children\":[{\"type\":\"column\",\"props\":{\"image_position\":\"center-center\",\"position_sticky_breakpoint\":\"m\"},\"children\":[{\"type\":\"breadcrumbs\",\"props\":{\"margin\":\"remove-vertical\",\"margin_remove_top\":true,\"show_current\":true,\"show_home\":true}}]}]},{\"type\":\"row\",\"props\":{\"margin_remove_bottom\":false,\"width\":\"xlarge\"},\"children\":[{\"type\":\"column\",\"props\":{\"image_position\":\"center-center\",\"image_size\":\"cover\",\"padding\":\"none\",\"position_sticky_breakpoint\":\"m\",\"vertical_align\":\"middle\"},\"children\":[{\"type\":\"headline\",\"props\":{\"content\":\"Normativa institucional\",\"content_pt_br\":\"Normas institucionais\",\"link_style\":false,\"title_color\":\"primary\",\"title_element\":\"div\",\"title_style\":\"h6\"}},{\"type\":\"headline\",\"props\":{\"content\":\"<strong>Tratado de Montevideo 1980<\\\/strong>\",\"content_pt_br\":\"<strong>Tratado de Montevid\\u00e9u 1980<\\\/strong>\",\"margin\":\"medium\",\"margin_remove_bottom\":false,\"margin_remove_top\":false,\"text_align\":\"left\",\"text_align_fallback\":\"center\",\"title_color\":\"secondary\",\"title_element\":\"h1\",\"title_style\":\"h1\"}}]}]}],\"name\":\"T\\u00edtulos\"},{\"type\":\"section\",\"props\":{\"css\":\".el-section{\\n    margin-bottom: 50px;\\n\\t}\",\"image_position\":\"center-center\",\"padding\":\"small\",\"padding_remove_bottom\":false,\"padding_remove_top\":false,\"style\":\"default\",\"title_breakpoint\":\"xl\",\"title_position\":\"top-left\",\"title_rotation\":\"left\",\"vertical_align\":\"\",\"width\":\"xlarge\"},\"children\":[{\"type\":\"row\",\"props\":{\"column_gap\":\"large\",\"layout\":\"1-4,3-4\",\"margin\":\"large\",\"row_gap\":\"large\"},\"children\":[{\"type\":\"column\",\"props\":{\"image_position\":\"center-center\",\"position_sticky_breakpoint\":\"m\",\"style\":\"tile-muted\",\"width_medium\":\"1-4\"}},{\"type\":\"column\",\"props\":{\"image_position\":\"center-center\",\"position_sticky_breakpoint\":\"m\",\"width_medium\":\"3-4\"},\"children\":[{\"type\":\"text\",\"props\":{\"column_breakpoint\":\"m\",\"content\":\"\n\n<p><span>La ALADI fue creada con la suscripci\\u00f3n del Tratado de Montevideo 1980 (TM80), el 12 de agosto de 1980.<\\\/span><\\\/p>\\n\n\n<p><span>En 1960 se firm\\u00f3 el primer Tratado de Montevideo, que estableci\\u00f3 la Asociaci\\u00f3n Latinoamericana de Libre Comercio (ALALC). En aquel entonces los pa\\u00edses latinoamericanos comerciaban principalmente con Europa y Estados Unidos.<\\\/span><\\\/p>\\n\n\n<p>As\\u00ed, en 1960 se logr\\u00f3 un acuerdo inicial entre siete pa\\u00edses: Argentina, Brasil, Chile, M\\u00e9xico, Paraguay, Per\\u00fa y Uruguay, que persegu\\u00eda alcanzar una mayor integraci\\u00f3n econ\\u00f3mica, a trav\\u00e9s de la ampliaci\\u00f3n del tama\\u00f1o de sus mercados y de la expansi\\u00f3n de su comercio rec\\u00edproco. Con posterioridad se unieron a la ALALC Colombia, Ecuador, Bolivia y Venezuela.<\\\/p>\\n\n\n<p>En 1980, los Gobiernos de estos once pa\\u00edses decidieron modificar el viejo tratado, reafirmanando la voluntad pol\\u00edtica de fortalecer el proceso de integraci\\u00f3n y hacer su aplicaci\\u00f3n m\\u00e1s flexible. El resultado fue la suscripci\\u00f3n del Tratado de Montevideo 1980, al que adhirieron, posteriormente, Cuba, el 26 de agosto de 1999, y Panam\\u00e1, el 10 de mayo de 2012.<\\\/p>\",\"content_pt_br\":\"\n\n<p><span>A ALADI foi criada com a assinatura do Tratado de Montevid\\u00e9u 1980 (TM80), em 12 de agosto de 1980.<\\\/span><\\\/p>\\n\n\n<p>Em 1960, foi assinado o primeiro Tratado de Montevid\\u00e9u, que estabeleceu a Associa\\u00e7\\u00e3o Latino-Americana de Livre Com\\u00e9rcio (LAFTA). Naquela \\u00e9poca, os pa\\u00edses latino-americanos negociavam principalmente com a Europa e os Estados Unidos.<\\\/p>\\n\n\n<p>Assim, em 1960 foi alcan\\u00e7ado um acordo inicial entre sete pa\\u00edses: Argentina, Brasil, Chile, M\\u00e9xico, Paraguai, Peru e Uruguai, que procuravam alcan\\u00e7ar uma maior integra\\u00e7\\u00e3o econ\\u00f3mica, atrav\\u00e9s da expans\\u00e3o do tamanho dos seus mercados e da expans\\u00e3o expans\\u00e3o do seu com\\u00e9rcio rec\\u00edproco. Posteriormente, Col\\u00f4mbia, Equador, Bol\\u00edvia e Venezuela aderiram \\u00e0 ALALC.<\\\/p>\\n\n\n<p>Em 1980, os governos destes onze pa\\u00edses decidiram modificar o antigo tratado, reafirmando a vontade pol\\u00edtica de fortalecer o processo de integra\\u00e7\\u00e3o e flexibilizar a sua aplica\\u00e7\\u00e3o. O resultado foi a assinatura do Tratado de Montevid\\u00e9u 1980, ao qual aderiram posteriormente Cuba, em 26 de agosto de 1999, e Panam\\u00e1, em 10 de maio de 2012.<\\\/p>\",\"dropcap\":false,\"margin\":\"default\"}},{\"type\":\"button\",\"props\":{\"grid_column_gap\":\"small\",\"grid_row_gap\":\"small\",\"margin\":\"default\"},\"children\":[{\"type\":\"button_item\",\"props\":{\"button_style\":\"default\",\"content\":\"Tratado\",\"content_pt_br\":\"Tratado\",\"icon_align\":\"left\",\"link\":\"https:\\\/\\\/www2.aladi.org\\\/biblioteca\\\/Publicaciones\\\/ALADI\\\/Secretaria_General\\\/Documentos_sin_Codigos\\\/Caja_065_006.pdf\",\"link_pt_br\":\"https:\\\/\\\/www2.aladi.org\\\/biblioteca\\\/Publicaciones\\\/ALADI\\\/Secretaria_General\\\/Documentos_sin_Codigos\\\/Caja_065_006_pt.pdf\",\"link_target\":\"blank\"}}]},{\"type\":\"text\",\"props\":{\"column_breakpoint\":\"m\",\"content\":\"\n\n<div class=\\\"el-content uk-panel\\\">\\n\n\n<p><a href=\\\"https:\\\/\\\/www.aladi.org\\\/?page_id=3492\\\">Protocolo Interpretativo del Art. 44 del TM80<\\\/a><\\\/p>\\n<\\\/div>\",\"content_pt_br\":\"\n\n<div class=\\\"el-content uk-panel\\\"><a href=\\\"https:\\\/\\\/www.aladi.org\\\/?page_id=3492&amp;lang=pt\\\">Protocolo Interpretativo do Art. 44 do TM80<\\\/a><\\\/div>\",\"margin\":\"default\"}}]}]}],\"name\":\"Post\"},{\"type\":\"section\",\"props\":{\"image_position\":\"center-center\",\"style\":\"default\",\"title_breakpoint\":\"xl\",\"title_position\":\"top-left\",\"title_rotation\":\"left\",\"vertical_align\":\"\",\"width\":\"default\"},\"children\":[{\"type\":\"row\",\"children\":[{\"type\":\"column\",\"props\":{\"image_position\":\"center-center\",\"position_sticky_breakpoint\":\"m\"}}]}]}],\"version\":\"4.4.12\"} --><\/p>\n","protected":false},"excerpt":{"rendered":"<p>Normativa institucional Tratado de Montevideo 1980 La ALADI fue creada con la suscripci\u00f3n del Tratado de Montevideo 1980 (TM80), el 12 de agosto de 1980. En 1960 se firm\u00f3 el primer Tratado de Montevideo, que estableci\u00f3 la Asociaci\u00f3n Latinoamericana de Libre Comercio (ALALC). En aquel entonces los pa\u00edses latinoamericanos comerciaban principalmente con Europa y Estados [&hellip;]<\/p>\n","protected":false},"author":2,"featured_media":0,"parent":1606,"menu_order":0,"comment_status":"closed","ping_status":"closed","template":"","meta":{"_acf_changed":false,"footnotes":""},"class_list":["post-3404","page","type-page","status-publish","hentry"],"acf":[],"yoast_head":"<!-- This site is optimized with the Yoast SEO plugin v26.5 - https:\/\/yoast.com\/wordpress\/plugins\/seo\/ -->\n<title>Tratado de Montevid\u00e9u de 1980<\/title>\n<meta name=\"robots\" content=\"index, follow, max-snippet:-1, max-image-preview:large, max-video-preview:-1\" \/>\n<meta property=\"og:locale\" content=\"pt_BR\" \/>\n<meta property=\"og:type\" content=\"article\" \/>\n<meta property=\"og:title\" content=\"Tratado de Montevid\u00e9u de 1980\" \/>\n<meta property=\"og:url\" content=\"https:\/\/www.aladi.org\/pt\/normas-institucionais\/tratado-de-montevideu-de-1980\/\" \/>\n<meta property=\"og:site_name\" content=\"ALADI\" \/>\n<meta property=\"article:publisher\" content=\"https:\/\/es-la.facebook.com\/people\/ALADI\/100064606213084\/\" \/>\n<meta property=\"article:modified_time\" content=\"2025-10-29T19:32:56+00:00\" \/>\n<meta name=\"twitter:card\" content=\"summary_large_image\" \/>\n<meta name=\"twitter:site\" content=\"@ALADI_SG\" \/>\n<meta name=\"twitter:label1\" content=\"Est. reading time\" \/>\n\t<meta name=\"twitter:data1\" content=\"1 minute\" \/>\n<script type=\"application\/ld+json\" class=\"yoast-schema-graph\">{\"@context\":\"https:\/\/schema.org\",\"@graph\":[{\"@type\":\"WebPage\",\"@id\":\"https:\/\/www.aladi.org\/pt\/normas-institucionais\/tratado-de-montevideu-de-1980\/\",\"url\":\"https:\/\/www.aladi.org\/pt\/normas-institucionais\/tratado-de-montevideu-de-1980\/\",\"name\":\"Tratado de Montevideo de 1980 - ALADI\",\"isPartOf\":{\"@id\":\"https:\/\/www.aladi.org\/#website\"},\"datePublished\":\"2024-02-05T12:19:18+00:00\",\"dateModified\":\"2025-10-29T19:32:56+00:00\",\"breadcrumb\":{\"@id\":\"https:\/\/www.aladi.org\/pt\/normas-institucionais\/tratado-de-montevideu-de-1980\/#breadcrumb\"},\"inLanguage\":\"pt-BR\",\"potentialAction\":[{\"@type\":\"ReadAction\",\"target\":[\"https:\/\/www.aladi.org\/pt\/normas-institucionais\/tratado-de-montevideu-de-1980\/\"]}]},{\"@type\":\"BreadcrumbList\",\"@id\":\"https:\/\/www.aladi.org\/pt\/normas-institucionais\/tratado-de-montevideu-de-1980\/#breadcrumb\",\"itemListElement\":[{\"@type\":\"ListItem\",\"position\":1,\"name\":\"Home\",\"item\":\"https:\/\/www.aladi.org\/\"},{\"@type\":\"ListItem\",\"position\":2,\"name\":\"Normas Institucionais\",\"item\":\"https:\/\/www.aladi.org\/normativa-institucional\/\"},{\"@type\":\"ListItem\",\"position\":3,\"name\":\"Tratado de Montevid\u00e9u de 1980\"}]},{\"@type\":\"WebSite\",\"@id\":\"https:\/\/www.aladi.org\/pt\/#website\",\"url\":\"https:\/\/www.aladi.org\/pt\/\",\"name\":\"ALADI\",\"description\":\"Asociaci\u00f3n Latinoamericana de Integraci\u00f3n\",\"publisher\":{\"@id\":\"https:\/\/www.aladi.org\/pt\/#organization\"},\"potentialAction\":[{\"@type\":\"SearchAction\",\"target\":{\"@type\":\"EntryPoint\",\"urlTemplate\":\"https:\/\/www.aladi.org\/pt\/?s={search_term_string}\"},\"query-input\":{\"@type\":\"PropertyValueSpecification\",\"valueRequired\":true,\"valueName\":\"search_term_string\"}}],\"inLanguage\":\"pt-BR\"},{\"@type\":\"Organization\",\"@id\":\"https:\/\/www.aladi.org\/pt\/#organization\",\"name\":\"ALADI\",\"url\":\"https:\/\/www.aladi.org\/pt\/\",\"logo\":{\"@type\":\"ImageObject\",\"inLanguage\":\"pt-BR\",\"@id\":\"https:\/\/www.aladi.org\/pt\/#\/schema\/logo\/image\/\",\"url\":\"https:\/\/www.aladi.org\/wp-content\/uploads\/2025\/12\/Logo-ALADI.png\",\"contentUrl\":\"https:\/\/www.aladi.org\/wp-content\/uploads\/2025\/12\/Logo-ALADI.png\",\"width\":375,\"height\":235,\"caption\":\"ALADI\"},\"image\":{\"@id\":\"https:\/\/www.aladi.org\/pt\/#\/schema\/logo\/image\/\"},\"sameAs\":[\"https:\/\/es-la.facebook.com\/people\/ALADI\/100064606213084\/\",\"https:\/\/x.com\/ALADI_SG\",\"https:\/\/www.instagram.com\/aladi_sg\/?hl=es\",\"https:\/\/www.linkedin.com\/company\/aladi\/\",\"https:\/\/www.flickr.com\/photos\/aladi\/\",\"https:\/\/www.youtube.com\/channel\/UCrkJWOWHKF6igQmWE8Clnpg\"]}]}<\/script>\n<!-- \/ Yoast SEO plugin. -->","yoast_head_json":{"title":"Tratado de Montevid\u00e9u de 1980","robots":{"index":"index","follow":"follow","max-snippet":"max-snippet:-1","max-image-preview":"max-image-preview:large","max-video-preview":"max-video-preview:-1"},"og_locale":"pt_BR","og_type":"article","og_title":"Tratado de Montevid\u00e9u de 1980","og_url":"https:\/\/www.aladi.org\/pt\/normas-institucionais\/tratado-de-montevideu-de-1980\/","og_site_name":"ALADI","article_publisher":"https:\/\/es-la.facebook.com\/people\/ALADI\/100064606213084\/","article_modified_time":"2025-10-29T19:32:56+00:00","twitter_card":"summary_large_image","twitter_site":"@ALADI_SG","twitter_misc":{"Est. reading time":"1 minute"},"schema":{"@context":"https:\/\/schema.org","@graph":[{"@type":"WebPage","@id":"https:\/\/www.aladi.org\/pt\/normas-institucionais\/tratado-de-montevideu-de-1980\/","url":"https:\/\/www.aladi.org\/pt\/normas-institucionais\/tratado-de-montevideu-de-1980\/","name":"Tratado de Montevideo de 1980 - ALADI","isPartOf":{"@id":"https:\/\/www.aladi.org\/#website"},"datePublished":"2024-02-05T12:19:18+00:00","dateModified":"2025-10-29T19:32:56+00:00","breadcrumb":{"@id":"https:\/\/www.aladi.org\/pt\/normas-institucionais\/tratado-de-montevideu-de-1980\/#breadcrumb"},"inLanguage":"pt-BR","potentialAction":[{"@type":"ReadAction","target":["https:\/\/www.aladi.org\/pt\/normas-institucionais\/tratado-de-montevideu-de-1980\/"]}]},{"@type":"BreadcrumbList","@id":"https:\/\/www.aladi.org\/pt\/normas-institucionais\/tratado-de-montevideu-de-1980\/#breadcrumb","itemListElement":[{"@type":"ListItem","position":1,"name":"Home","item":"https:\/\/www.aladi.org\/"},{"@type":"ListItem","position":2,"name":"Normas Institucionais","item":"https:\/\/www.aladi.org\/normativa-institucional\/"},{"@type":"ListItem","position":3,"name":"Tratado de Montevid\u00e9u de 1980"}]},{"@type":"WebSite","@id":"https:\/\/www.aladi.org\/pt\/#website","url":"https:\/\/www.aladi.org\/pt\/","name":"ALADI","description":"Asociaci\u00f3n Latinoamericana de Integraci\u00f3n","publisher":{"@id":"https:\/\/www.aladi.org\/pt\/#organization"},"potentialAction":[{"@type":"SearchAction","target":{"@type":"EntryPoint","urlTemplate":"https:\/\/www.aladi.org\/pt\/?s={search_term_string}"},"query-input":{"@type":"PropertyValueSpecification","valueRequired":true,"valueName":"search_term_string"}}],"inLanguage":"pt-BR"},{"@type":"Organization","@id":"https:\/\/www.aladi.org\/pt\/#organization","name":"ALADI","url":"https:\/\/www.aladi.org\/pt\/","logo":{"@type":"ImageObject","inLanguage":"pt-BR","@id":"https:\/\/www.aladi.org\/pt\/#\/schema\/logo\/image\/","url":"https:\/\/www.aladi.org\/wp-content\/uploads\/2025\/12\/Logo-ALADI.png","contentUrl":"https:\/\/www.aladi.org\/wp-content\/uploads\/2025\/12\/Logo-ALADI.png","width":375,"height":235,"caption":"ALADI"},"image":{"@id":"https:\/\/www.aladi.org\/pt\/#\/schema\/logo\/image\/"},"sameAs":["https:\/\/es-la.facebook.com\/people\/ALADI\/100064606213084\/","https:\/\/x.com\/ALADI_SG","https:\/\/www.instagram.com\/aladi_sg\/?hl=es","https:\/\/www.linkedin.com\/company\/aladi\/","https:\/\/www.flickr.com\/photos\/aladi\/","https:\/\/www.youtube.com\/channel\/UCrkJWOWHKF6igQmWE8Clnpg"]}]}},"jetpack_sharing_enabled":true,"_links":{"self":[{"href":"https:\/\/www.aladi.org\/pt\/wp-json\/wp\/v2\/pages\/3404","targetHints":{"allow":["GET"]}}],"collection":[{"href":"https:\/\/www.aladi.org\/pt\/wp-json\/wp\/v2\/pages"}],"about":[{"href":"https:\/\/www.aladi.org\/pt\/wp-json\/wp\/v2\/types\/page"}],"author":[{"embeddable":true,"href":"https:\/\/www.aladi.org\/pt\/wp-json\/wp\/v2\/users\/2"}],"replies":[{"embeddable":true,"href":"https:\/\/www.aladi.org\/pt\/wp-json\/wp\/v2\/comments?post=3404"}],"version-history":[{"count":17,"href":"https:\/\/www.aladi.org\/pt\/wp-json\/wp\/v2\/pages\/3404\/revisions"}],"predecessor-version":[{"id":9268,"href":"https:\/\/www.aladi.org\/pt\/wp-json\/wp\/v2\/pages\/3404\/revisions\/9268"}],"up":[{"embeddable":true,"href":"https:\/\/www.aladi.org\/pt\/wp-json\/wp\/v2\/pages\/1606"}],"wp:attachment":[{"href":"https:\/\/www.aladi.org\/pt\/wp-json\/wp\/v2\/media?parent=3404"}],"curies":[{"name":"wp","href":"https:\/\/api.w.org\/{rel}","templated":true}]}}