{"id":3395,"date":"2024-02-05T12:14:56","date_gmt":"2024-02-05T12:14:56","guid":{"rendered":"https:\/\/sitio.aladi.org\/?page_id=3395"},"modified":"2025-09-18T21:21:21","modified_gmt":"2025-09-18T21:21:21","slug":"conferencia-de-evaluacion-y-convergencia","status":"publish","type":"page","link":"https:\/\/www.aladi.org\/pt\/organizacao-institucional\/conferencia-de-avaliacao-e-convergencia\/","title":{"rendered":"Confer\u00eancia de Avalia\u00e7\u00e3o e Converg\u00eancia"},"content":{"rendered":"<h1>Organizaci\u00f3n Institucional<\/h1>\n<div><strong>Conferencia de Evaluaci\u00f3n y Convergencia<\/strong><\/div>\n<div>\n<p><span style=\"font-weight: 400;\">Tiene a su cargo examinar el funcionamiento del proceso de integraci\u00f3n en todos sus aspectos, propiciar la convergencia de los acuerdos de alcance parcial procurando su multilateralizaci\u00f3n progresiva y promover acciones de mayor alcance en materia de integraci\u00f3n econ\u00f3mica (Art\u00edculos 33, 34 y 43 del TM80).<\/span><\/p>\n<\/div>\n<div><strong>Estructura y autoridades<\/strong><\/div>\n<div>\n<p><span style=\"font-weight: 400;\">Est\u00e1 integrada por Plenipotenciarios de los pa\u00edses miembros.\u00a0<\/span><\/p>\n<\/div>\n<div><strong>Principales funciones<\/strong><\/div>\n<div>\n<p><span>La Conferencia tendr\u00e1 las siguientes atribuciones:\u00a0<\/span><\/p>\n<\/div>\n<ul>\n<li>\n<div>\n<p><span>Examinar el funcionamiento del proceso de integraci\u00f3n en todos sus aspectos, y la convergencia de los acuerdos de alcance parcial, a trav\u00e9s de su multilateralizaci\u00f3n progresiva, as\u00ed como recomendar al Consejo la adopci\u00f3n de medidas correctivas de alcance multilateral;\u00a0<\/span><\/p>\n<\/div>\n<\/li>\n<li>\n<div>\n<p><span>Promover acciones de mayor alcance en materia de integraci\u00f3n econ\u00f3mica;\u00a0<\/span><\/p>\n<\/div>\n<\/li>\n<li>\n<div>\n<p><span>Efectuar revisiones peri\u00f3dicas de la aplicaci\u00f3n de los tratamientos diferenciales, que tengan en cuenta no s\u00f3lo la evoluci\u00f3n de la estructura econ\u00f3mica de los pa\u00edses y consecuentemente su grado de desarrollo, sino tambi\u00e9n el aprovechamiento efectivo que hayan realizado los pa\u00edses beneficiarios del tratamiento diferencial aplicado, as\u00ed como de los procedimientos que busquen el perfeccionamiento en la aplicaci\u00f3n de dichos tratamientos;\u00a0<\/span><\/p>\n<\/div>\n<\/li>\n<li>\n<div>\n<p><span>Evaluar los resultados del sistema de apoyo a los pa\u00edses de menor desarrollo econ\u00f3mico relativo y adoptar medidas para su aplicaci\u00f3n m\u00e1s efectiva;\u00a0<\/span><\/p>\n<\/div>\n<\/li>\n<li>\n<div>\n<p><span>Realizar las negociaciones multilaterales para la fijaci\u00f3n y profundizaci\u00f3n de la preferencia arancelaria regional;\u00a0<\/span><\/p>\n<\/div>\n<\/li>\n<li>\n<div>\n<p><span>Propiciar la negociaci\u00f3n y concertaci\u00f3n de acuerdos de alcance regional en los que participen todos los pa\u00edses miembros y que se refieran a cualquier materia objeto del presente Tratado, conforme a lo dispuesto en el art\u00edculo 6;\u00a0<\/span><\/p>\n<\/div>\n<\/li>\n<li>\n<div>\n<p><span>Cumplir con las tareas que le encomiende el Consejo;\u00a0<\/span><\/p>\n<\/div>\n<\/li>\n<li>\n<div>\n<p><span>Encargar a la Secretar\u00eda los estudios que estime convenientes; y\u00a0<\/span><\/p>\n<\/div>\n<\/li>\n<li>\n<div>\n<p><span>Aprobar su propio Reglamento.\u00a0<\/span><\/p>\n<\/div>\n<\/li>\n<\/ul>\n<p><!--more--><br \/>\n<!-- {\"type\":\"layout\",\"children\":[{\"name\":\"Box inicial\",\"type\":\"section\",\"props\":{\"animation\":\"slide-left-small\",\"animation_delay\":\"200\",\"image_position\":\"center-center\",\"padding\":\"none\",\"style\":\"default\",\"title_breakpoint\":\"xl\",\"title_position\":\"top-left\",\"title_rotation\":\"left\",\"vertical_align\":\"\",\"width\":\"\"},\"children\":[{\"type\":\"row\",\"props\":{\"column_gap\":\"collapse\",\"layout\":\"1-2,1-2\",\"margin\":\"default\",\"vertical_align\":false},\"children\":[{\"type\":\"column\",\"props\":{\"css\":\".el-column {\\n\\tmin-height: 500px;\\n}\",\"image\":\"wp-content\\\/uploads\\\/2025\\\/09\\\/Sede-ALADI-III.png\",\"image_loading\":true,\"image_position\":\"center-center\",\"image_size\":\"cover\",\"padding\":\"none\",\"position_sticky_breakpoint\":\"m\",\"style\":\"tile-default\",\"vertical_align\":\"middle\",\"width_medium\":\"1-2\"}},{\"type\":\"column\",\"props\":{\"image_position\":\"center-center\",\"padding\":\"large\",\"position_sticky_breakpoint\":\"m\",\"style\":\"tile-secondary\",\"vertical_align\":\"middle\",\"width_medium\":\"1-2\"},\"children\":[{\"type\":\"headline\",\"props\":{\"block_align\":\"center\",\"content\":\"Organizaci\\u00f3n Institucional\",\"content_pt_br\":\"Organiza\\u00e7\\u00e3o institucional\",\"maxwidth\":\"xlarge\",\"maxwidth_breakpoint\":\"m\",\"title_color\":\"primary\",\"title_element\":\"h1\",\"title_style\":\"h6\"}},{\"type\":\"headline\",\"props\":{\"block_align\":\"center\",\"content\":\"<strong>Conferencia de Evaluaci\\u00f3n y Convergencia<\\\/strong>\",\"content_pt_br\":\"<strong>Confer\\u00eancia de Avalia\\u00e7\\u00e3o e Converg\\u00eancia<\\\/strong>\",\"maxwidth\":\"xlarge\",\"maxwidth_breakpoint\":\"m\",\"title_element\":\"div\",\"title_style\":\"h1\"}},{\"type\":\"text\",\"props\":{\"block_align\":\"center\",\"column_breakpoint\":\"m\",\"content\":\"\n\n<p><span style=\\\"font-weight: 400;\\\">Tiene a su cargo examinar el funcionamiento del proceso de integraci\\u00f3n en todos sus aspectos, propiciar la convergencia de los acuerdos de alcance parcial procurando su multilateralizaci\\u00f3n progresiva y promover acciones de mayor alcance en materia de integraci\\u00f3n econ\\u00f3mica (Art\\u00edculos 33, 34 y 43 del TM80).<\\\/span><\\\/p>\",\"content_pt_br\":\"\n\n<p><span style=\\\"font-weight: 400;\\\"><span>Cabe \\u00e0 Confer\\u00eancia <\\\/span><\\\/span><span>examinar o funcionamento do processo de integra\\u00e7\\u00e3o em todos seus aspectos, propiciar a converg\\u00eancia dos acordos de alcance parcial, procurando sua multilateraliza\\u00e7\\u00e3o progressiva, e promover a\\u00e7\\u00f5es de maior alcance em mat\\u00e9ria de integra\\u00e7\\u00e3o econ\\u00f4mica. (Artigos 33, 34 e 43 do TM80)<\\\/span><\\\/p>\",\"margin\":\"medium\",\"maxwidth\":\"xlarge\",\"maxwidth_breakpoint\":\"m\"}}]}]}]},{\"type\":\"section\",\"props\":{\"image_position\":\"center-center\",\"padding\":\"large\",\"padding_remove_bottom\":true,\"style\":\"default\",\"title_breakpoint\":\"xl\",\"title_position\":\"top-left\",\"title_rotation\":\"left\",\"vertical_align\":\"\",\"width\":\"xlarge\"},\"children\":[{\"type\":\"row\",\"children\":[{\"type\":\"column\",\"props\":{\"image_position\":\"center-center\",\"position_sticky_breakpoint\":\"m\"},\"children\":[{\"type\":\"breadcrumbs\",\"props\":{\"show_current\":true,\"show_home\":true}}]}]},{\"type\":\"row\",\"children\":[{\"type\":\"column\",\"props\":{\"image_position\":\"center-center\",\"position_sticky_breakpoint\":\"m\",\"style\":\"tile-muted\",\"width_medium\":\"1-4\"}},{\"type\":\"column\",\"props\":{\"image_position\":\"center-center\",\"position_sticky_breakpoint\":\"m\",\"vertical_align\":\"middle\",\"width_medium\":\"3-4\"},\"children\":[{\"type\":\"headline\",\"props\":{\"block_align\":\"center\",\"content\":\"<strong>Estructura y autoridades<\\\/strong>\",\"content_pt_br\":\"<strong>Estrutura e autoridades<\\\/strong>\",\"maxwidth_breakpoint\":\"m\",\"title_color\":\"primary\",\"title_element\":\"div\",\"title_style\":\"h3\"}},{\"type\":\"text\",\"props\":{\"block_align\":\"center\",\"column_breakpoint\":\"m\",\"content\":\"\n\n<p><span style=\\\"font-weight: 400;\\\">Est\\u00e1 integrada por Plenipotenciarios de los pa\\u00edses miembros.\\u00a0<\\\/span><\\\/p>\",\"content_pt_br\":\"\n\n<p><span>\\u00c9 integrada por plenipotenci\\u00e1rios dos pa\\u00edses-membros.<\\\/span><\\\/p>\",\"margin\":\"medium\",\"maxwidth_breakpoint\":\"m\"}},{\"type\":\"headline\",\"props\":{\"block_align\":\"center\",\"content\":\"<strong>Principales funciones<\\\/strong>\",\"content_pt_br\":\"\n\n<div><strong>Fun\\u00e7\\u00f5es principais<\\\/strong><\\\/div>\",\"maxwidth_breakpoint\":\"m\",\"title_color\":\"primary\",\"title_element\":\"div\",\"title_style\":\"h3\"}},{\"type\":\"text\",\"props\":{\"block_align\":\"center\",\"column_breakpoint\":\"m\",\"content\":\"\n\n<p><span>La Conferencia tendr\\u00e1 las siguientes atribuciones:\\u00a0<\\\/span><\\\/p>\",\"content_pt_br\":\"\n\n<p><span>A Confer\\u00eancia ter\\u00e1 as seguintes atribui\\u00e7\\u00f5es:\\u00a0<\\\/span><\\\/p>\",\"margin\":\"medium\",\"maxwidth_breakpoint\":\"m\"}},{\"type\":\"list\",\"props\":{\"column\":\"1-2\",\"column_breakpoint\":\"m\",\"image_align\":\"left\",\"image_svg_color\":\"emphasis\",\"image_vertical_align\":true,\"list_element\":\"ul\",\"list_horizontal_separator\":\", \",\"list_marker\":\"square\",\"list_marker_color\":\"primary\",\"list_type\":\"vertical\",\"show_image\":true,\"show_link\":true},\"children\":[{\"type\":\"list_item\",\"props\":{\"content\":\"\n\n<p><span>Examinar el funcionamiento del proceso de integraci\\u00f3n en todos sus aspectos, y la convergencia de los acuerdos de alcance parcial, a trav\\u00e9s de su multilateralizaci\\u00f3n progresiva, as\\u00ed como recomendar al Consejo la adopci\\u00f3n de medidas correctivas de alcance multilateral;\\u00a0<\\\/span><\\\/p>\",\"content_pt_br\":\"<span>examinar o funcionamento do processo de integra\\u00e7\\u00e3o em todos os seus aspectos e a converg\\u00eancia dos acordos de alcance parcial atrav\\u00e9s de sua multilateraliza\\u00e7\\u00e3o progressiva, bem como recomendar ao Conselho a ado\\u00e7\\u00e3o de medidas corretivas de alcance multilateral;\\u00a0<\\\/span>\"}},{\"type\":\"list_item\",\"props\":{\"content\":\"\n\n<p><span>Promover acciones de mayor alcance en materia de integraci\\u00f3n econ\\u00f3mica;\\u00a0<\\\/span><\\\/p>\",\"content_pt_br\":\"<span>promover a\\u00e7\\u00f5es de maior alcance em mat\\u00e9ria de integra\\u00e7\\u00e3o econ\\u00f4mica;\\u00a0<\\\/span>\"}},{\"type\":\"list_item\",\"props\":{\"content\":\"\n\n<p><span>Efectuar revisiones peri\\u00f3dicas de la aplicaci\\u00f3n de los tratamientos diferenciales, que tengan en cuenta no s\\u00f3lo la evoluci\\u00f3n de la estructura econ\\u00f3mica de los pa\\u00edses y consecuentemente su grado de desarrollo, sino tambi\\u00e9n el aprovechamiento efectivo que hayan realizado los pa\\u00edses beneficiarios del tratamiento diferencial aplicado, as\\u00ed como de los procedimientos que busquen el perfeccionamiento en la aplicaci\\u00f3n de dichos tratamientos;\\u00a0<\\\/span><\\\/p>\",\"content_pt_br\":\"<span>efetuar revis\\u00f5es peri\\u00f3dicas da aplica\\u00e7\\u00e3o dos tratamentos diferenciais, que levem em considera\\u00e7\\u00e3o n\\u00e3o somente a evolu\\u00e7\\u00e3o da estrutura econ\\u00f4mica dos pa\\u00edses e, por conseguinte, seu grau de desenvolvimento, mas tamb\\u00e9m o aproveitamento efetivo, pelos pa\\u00edses benefici\\u00e1rios, do tratamento diferencial aplicado, bem como dos procedimentos que procurem o aperfei\\u00e7oamento na aplica\\u00e7\\u00e3o desses tratamentos;\\u00a0<\\\/span>\"}},{\"type\":\"list_item\",\"props\":{\"content\":\"\n\n<p><span>Evaluar los resultados del sistema de apoyo a los pa\\u00edses de menor desarrollo econ\\u00f3mico relativo y adoptar medidas para su aplicaci\\u00f3n m\\u00e1s efectiva;\\u00a0<\\\/span><\\\/p>\",\"content_pt_br\":\"<span>avaliar os resultados do sistema de apoio aos pa\\u00edses de menor desenvolvimento econ\\u00f4mico relativo e adotar medidas para sua aplica\\u00e7\\u00e3o mais efetiva;\\u00a0<\\\/span>\"}},{\"type\":\"list_item\",\"props\":{\"content\":\"\n\n<p><span>Realizar las negociaciones multilaterales para la fijaci\\u00f3n y profundizaci\\u00f3n de la preferencia arancelaria regional;\\u00a0<\\\/span><\\\/p>\",\"content_pt_br\":\"<span>realizar as negocia\\u00e7\\u00f5es multilaterais para o estabelecimento e aprofundamento da prefer\\u00eancia tarif\\u00e1ria regional;\\u00a0<\\\/span>\"}},{\"type\":\"list_item\",\"props\":{\"content\":\"\n\n<p><span>Propiciar la negociaci\\u00f3n y concertaci\\u00f3n de acuerdos de alcance regional en los que participen todos los pa\\u00edses miembros y que se refieran a cualquier materia objeto del presente Tratado, conforme a lo dispuesto en el art\\u00edculo 6;\\u00a0<\\\/span><\\\/p>\",\"content_pt_br\":\"<span>propiciar a negocia\\u00e7\\u00e3o e celebra\\u00e7\\u00e3o de acordos de alcance regional dos quais participem todos os pa\\u00edses-membros e que se refiram a qualquer mat\\u00e9ria objeto do TM80, conforme disposto no artigo 6\\u00ba;\\u00a0<\\\/span>\"}},{\"type\":\"list_item\",\"props\":{\"content\":\"\n\n<p><span>Cumplir con las tareas que le encomiende el Consejo;\\u00a0<\\\/span><\\\/p>\",\"content_pt_br\":\"<span>cumprir as tarefas que o Conselho lhe encomendar;\\u00a0<\\\/span>\"}},{\"type\":\"list_item\",\"props\":{\"content\":\"\n\n<p><span>Encargar a la Secretar\\u00eda los estudios que estime convenientes; y\\u00a0<\\\/span><\\\/p>\",\"content_pt_br\":\"<span>encarregar \\u00e0 Secretaria os estudos que estimar convenientes; e\\u00a0<\\\/span>\"}},{\"type\":\"list_item\",\"props\":{\"content\":\"\n\n<p><span>Aprobar su propio Reglamento.\\u00a0<\\\/span><\\\/p>\",\"content_pt_br\":\"<span>aprovar seu pr\\u00f3prio Regulamento.\\u00a0<\\\/span>\"}}]}]}],\"props\":{\"layout\":\"1-4,3-4\",\"margin\":\"large\"}}]},{\"type\":\"section\",\"props\":{\"image_position\":\"center-center\",\"style\":\"default\",\"title_breakpoint\":\"xl\",\"title_position\":\"top-left\",\"title_rotation\":\"left\",\"vertical_align\":\"\",\"width\":\"default\"},\"children\":[{\"type\":\"row\",\"children\":[{\"type\":\"column\",\"props\":{\"image_position\":\"center-center\",\"position_sticky_breakpoint\":\"m\"}}]}]}],\"version\":\"4.4.12\"} --><\/p>\n","protected":false},"excerpt":{"rendered":"<p>Organizaci\u00f3n Institucional Conferencia de Evaluaci\u00f3n y Convergencia Tiene a su cargo examinar el funcionamiento del proceso de integraci\u00f3n en todos sus aspectos, propiciar la convergencia de los acuerdos de alcance parcial procurando su multilateralizaci\u00f3n progresiva y promover acciones de mayor alcance en materia de integraci\u00f3n econ\u00f3mica (Art\u00edculos 33, 34 y 43 del TM80). Estructura y [&hellip;]<\/p>\n","protected":false},"author":2,"featured_media":0,"parent":1807,"menu_order":0,"comment_status":"closed","ping_status":"closed","template":"","meta":{"_acf_changed":false,"footnotes":""},"class_list":["post-3395","page","type-page","status-publish","hentry"],"acf":[],"yoast_head":"<!-- This site is optimized with the Yoast SEO plugin v26.5 - https:\/\/yoast.com\/wordpress\/plugins\/seo\/ -->\n<title>Confer\u00eancia de Avalia\u00e7\u00e3o e Converg\u00eancia<\/title>\n<meta name=\"robots\" content=\"index, follow, max-snippet:-1, max-image-preview:large, max-video-preview:-1\" \/>\n<meta property=\"og:locale\" content=\"pt_BR\" \/>\n<meta property=\"og:type\" content=\"article\" \/>\n<meta property=\"og:title\" content=\"Confer\u00eancia de Avalia\u00e7\u00e3o e Converg\u00eancia\" \/>\n<meta property=\"og:url\" content=\"https:\/\/www.aladi.org\/pt\/organizacao-institucional\/conferencia-de-avaliacao-e-convergencia\/\" \/>\n<meta property=\"og:site_name\" content=\"ALADI\" \/>\n<meta property=\"article:publisher\" content=\"https:\/\/es-la.facebook.com\/people\/ALADI\/100064606213084\/\" \/>\n<meta property=\"article:modified_time\" content=\"2025-09-18T21:21:21+00:00\" \/>\n<meta name=\"twitter:card\" content=\"summary_large_image\" \/>\n<meta name=\"twitter:site\" content=\"@ALADI_SG\" \/>\n<meta name=\"twitter:label1\" content=\"Est. reading time\" \/>\n\t<meta name=\"twitter:data1\" content=\"2 minutes\" \/>\n<script type=\"application\/ld+json\" class=\"yoast-schema-graph\">{\"@context\":\"https:\/\/schema.org\",\"@graph\":[{\"@type\":\"WebPage\",\"@id\":\"https:\/\/www.aladi.org\/pt\/organizacao-institucional\/conferencia-de-avaliacao-e-convergencia\/\",\"url\":\"https:\/\/www.aladi.org\/pt\/organizacao-institucional\/conferencia-de-avaliacao-e-convergencia\/\",\"name\":\"Conferencia de Evaluaci\u00f3n y Convergencia - ALADI\",\"isPartOf\":{\"@id\":\"https:\/\/www.aladi.org\/#website\"},\"datePublished\":\"2024-02-05T12:14:56+00:00\",\"dateModified\":\"2025-09-18T21:21:21+00:00\",\"breadcrumb\":{\"@id\":\"https:\/\/www.aladi.org\/pt\/organizacao-institucional\/conferencia-de-avaliacao-e-convergencia\/#breadcrumb\"},\"inLanguage\":\"pt-BR\",\"potentialAction\":[{\"@type\":\"ReadAction\",\"target\":[\"https:\/\/www.aladi.org\/pt\/organizacao-institucional\/conferencia-de-avaliacao-e-convergencia\/\"]}]},{\"@type\":\"BreadcrumbList\",\"@id\":\"https:\/\/www.aladi.org\/pt\/organizacao-institucional\/conferencia-de-avaliacao-e-convergencia\/#breadcrumb\",\"itemListElement\":[{\"@type\":\"ListItem\",\"position\":1,\"name\":\"Home\",\"item\":\"https:\/\/www.aladi.org\/\"},{\"@type\":\"ListItem\",\"position\":2,\"name\":\"Organiza\u00e7\u00e3o Institucional\",\"item\":\"https:\/\/www.aladi.org\/organizacion-institucional\/\"},{\"@type\":\"ListItem\",\"position\":3,\"name\":\"Confer\u00eancia de Avalia\u00e7\u00e3o e Converg\u00eancia\"}]},{\"@type\":\"WebSite\",\"@id\":\"https:\/\/www.aladi.org\/pt\/#website\",\"url\":\"https:\/\/www.aladi.org\/pt\/\",\"name\":\"ALADI\",\"description\":\"Asociaci\u00f3n Latinoamericana de Integraci\u00f3n\",\"publisher\":{\"@id\":\"https:\/\/www.aladi.org\/pt\/#organization\"},\"potentialAction\":[{\"@type\":\"SearchAction\",\"target\":{\"@type\":\"EntryPoint\",\"urlTemplate\":\"https:\/\/www.aladi.org\/pt\/?s={search_term_string}\"},\"query-input\":{\"@type\":\"PropertyValueSpecification\",\"valueRequired\":true,\"valueName\":\"search_term_string\"}}],\"inLanguage\":\"pt-BR\"},{\"@type\":\"Organization\",\"@id\":\"https:\/\/www.aladi.org\/pt\/#organization\",\"name\":\"ALADI\",\"url\":\"https:\/\/www.aladi.org\/pt\/\",\"logo\":{\"@type\":\"ImageObject\",\"inLanguage\":\"pt-BR\",\"@id\":\"https:\/\/www.aladi.org\/pt\/#\/schema\/logo\/image\/\",\"url\":\"https:\/\/www.aladi.org\/wp-content\/uploads\/2025\/12\/Logo-ALADI.png\",\"contentUrl\":\"https:\/\/www.aladi.org\/wp-content\/uploads\/2025\/12\/Logo-ALADI.png\",\"width\":375,\"height\":235,\"caption\":\"ALADI\"},\"image\":{\"@id\":\"https:\/\/www.aladi.org\/pt\/#\/schema\/logo\/image\/\"},\"sameAs\":[\"https:\/\/es-la.facebook.com\/people\/ALADI\/100064606213084\/\",\"https:\/\/x.com\/ALADI_SG\",\"https:\/\/www.instagram.com\/aladi_sg\/?hl=es\",\"https:\/\/www.linkedin.com\/company\/aladi\/\",\"https:\/\/www.flickr.com\/photos\/aladi\/\",\"https:\/\/www.youtube.com\/channel\/UCrkJWOWHKF6igQmWE8Clnpg\"]}]}<\/script>\n<!-- \/ Yoast SEO plugin. -->","yoast_head_json":{"title":"Confer\u00eancia de Avalia\u00e7\u00e3o e Converg\u00eancia","robots":{"index":"index","follow":"follow","max-snippet":"max-snippet:-1","max-image-preview":"max-image-preview:large","max-video-preview":"max-video-preview:-1"},"og_locale":"pt_BR","og_type":"article","og_title":"Confer\u00eancia de Avalia\u00e7\u00e3o e Converg\u00eancia","og_url":"https:\/\/www.aladi.org\/pt\/organizacao-institucional\/conferencia-de-avaliacao-e-convergencia\/","og_site_name":"ALADI","article_publisher":"https:\/\/es-la.facebook.com\/people\/ALADI\/100064606213084\/","article_modified_time":"2025-09-18T21:21:21+00:00","twitter_card":"summary_large_image","twitter_site":"@ALADI_SG","twitter_misc":{"Est. reading time":"2 minutes"},"schema":{"@context":"https:\/\/schema.org","@graph":[{"@type":"WebPage","@id":"https:\/\/www.aladi.org\/pt\/organizacao-institucional\/conferencia-de-avaliacao-e-convergencia\/","url":"https:\/\/www.aladi.org\/pt\/organizacao-institucional\/conferencia-de-avaliacao-e-convergencia\/","name":"Conferencia de Evaluaci\u00f3n y Convergencia - ALADI","isPartOf":{"@id":"https:\/\/www.aladi.org\/#website"},"datePublished":"2024-02-05T12:14:56+00:00","dateModified":"2025-09-18T21:21:21+00:00","breadcrumb":{"@id":"https:\/\/www.aladi.org\/pt\/organizacao-institucional\/conferencia-de-avaliacao-e-convergencia\/#breadcrumb"},"inLanguage":"pt-BR","potentialAction":[{"@type":"ReadAction","target":["https:\/\/www.aladi.org\/pt\/organizacao-institucional\/conferencia-de-avaliacao-e-convergencia\/"]}]},{"@type":"BreadcrumbList","@id":"https:\/\/www.aladi.org\/pt\/organizacao-institucional\/conferencia-de-avaliacao-e-convergencia\/#breadcrumb","itemListElement":[{"@type":"ListItem","position":1,"name":"Home","item":"https:\/\/www.aladi.org\/"},{"@type":"ListItem","position":2,"name":"Organiza\u00e7\u00e3o Institucional","item":"https:\/\/www.aladi.org\/organizacion-institucional\/"},{"@type":"ListItem","position":3,"name":"Confer\u00eancia de Avalia\u00e7\u00e3o e Converg\u00eancia"}]},{"@type":"WebSite","@id":"https:\/\/www.aladi.org\/pt\/#website","url":"https:\/\/www.aladi.org\/pt\/","name":"ALADI","description":"Asociaci\u00f3n Latinoamericana de Integraci\u00f3n","publisher":{"@id":"https:\/\/www.aladi.org\/pt\/#organization"},"potentialAction":[{"@type":"SearchAction","target":{"@type":"EntryPoint","urlTemplate":"https:\/\/www.aladi.org\/pt\/?s={search_term_string}"},"query-input":{"@type":"PropertyValueSpecification","valueRequired":true,"valueName":"search_term_string"}}],"inLanguage":"pt-BR"},{"@type":"Organization","@id":"https:\/\/www.aladi.org\/pt\/#organization","name":"ALADI","url":"https:\/\/www.aladi.org\/pt\/","logo":{"@type":"ImageObject","inLanguage":"pt-BR","@id":"https:\/\/www.aladi.org\/pt\/#\/schema\/logo\/image\/","url":"https:\/\/www.aladi.org\/wp-content\/uploads\/2025\/12\/Logo-ALADI.png","contentUrl":"https:\/\/www.aladi.org\/wp-content\/uploads\/2025\/12\/Logo-ALADI.png","width":375,"height":235,"caption":"ALADI"},"image":{"@id":"https:\/\/www.aladi.org\/pt\/#\/schema\/logo\/image\/"},"sameAs":["https:\/\/es-la.facebook.com\/people\/ALADI\/100064606213084\/","https:\/\/x.com\/ALADI_SG","https:\/\/www.instagram.com\/aladi_sg\/?hl=es","https:\/\/www.linkedin.com\/company\/aladi\/","https:\/\/www.flickr.com\/photos\/aladi\/","https:\/\/www.youtube.com\/channel\/UCrkJWOWHKF6igQmWE8Clnpg"]}]}},"jetpack_sharing_enabled":true,"_links":{"self":[{"href":"https:\/\/www.aladi.org\/pt\/wp-json\/wp\/v2\/pages\/3395","targetHints":{"allow":["GET"]}}],"collection":[{"href":"https:\/\/www.aladi.org\/pt\/wp-json\/wp\/v2\/pages"}],"about":[{"href":"https:\/\/www.aladi.org\/pt\/wp-json\/wp\/v2\/types\/page"}],"author":[{"embeddable":true,"href":"https:\/\/www.aladi.org\/pt\/wp-json\/wp\/v2\/users\/2"}],"replies":[{"embeddable":true,"href":"https:\/\/www.aladi.org\/pt\/wp-json\/wp\/v2\/comments?post=3395"}],"version-history":[{"count":17,"href":"https:\/\/www.aladi.org\/pt\/wp-json\/wp\/v2\/pages\/3395\/revisions"}],"predecessor-version":[{"id":8830,"href":"https:\/\/www.aladi.org\/pt\/wp-json\/wp\/v2\/pages\/3395\/revisions\/8830"}],"up":[{"embeddable":true,"href":"https:\/\/www.aladi.org\/pt\/wp-json\/wp\/v2\/pages\/1807"}],"wp:attachment":[{"href":"https:\/\/www.aladi.org\/pt\/wp-json\/wp\/v2\/media?parent=3395"}],"curies":[{"name":"wp","href":"https:\/\/api.w.org\/{rel}","templated":true}]}}