{"id":3391,"date":"2024-02-05T12:14:56","date_gmt":"2024-02-05T12:14:56","guid":{"rendered":"https:\/\/sitio.aladi.org\/?page_id=3391"},"modified":"2025-09-18T21:20:34","modified_gmt":"2025-09-18T21:20:34","slug":"consejo-de-ministros","status":"publish","type":"page","link":"https:\/\/www.aladi.org\/pt\/organizacao-institucional\/conselho-de-ministros\/","title":{"rendered":"Conselho de Ministros"},"content":{"rendered":"<h1>Organizaci\u00f3n Institucional<\/h1>\n<div><strong>Consejo de Ministros<\/strong><\/div>\n<div>\n<p><span style=\"font-weight: 400;\">Es el \u00f3rgano supremo de la ALADI (Art\u00edculos 30 a 32 y 43 del TM80) y adopta las decisiones que corresponden a la conducci\u00f3n pol\u00edtica superior del proceso de integraci\u00f3n.\u00a0<\/span><\/p>\n<\/div>\n<div><strong>Estructura y autoridades<\/strong><\/div>\n<div>\n<p><span style=\"font-weight: 400;\">Est\u00e1 constituido por los Ministros de Relaciones Exteriores de los pa\u00edses miembros. <\/span><span style=\"font-weight: 400;\">Cuando la competencia de los asuntos de integraci\u00f3n est\u00e1 asignada a un Ministro o Secretario de Estado diferente, los pa\u00edses miembros pueden estar representados por el Ministro o Secretario respectivo, con plenos poderes.<\/span><\/p>\n<p><span style=\"font-weight: 400;\">Se re\u00fane por convocatoria del Comit\u00e9 de Representantes. Sesiona y toma decisiones con la presencia de todos los pa\u00edses miembros.\u00a0<\/span><\/p>\n<p><span style=\"font-weight: 400;\">Su Reglamento fue aprobado por la Resoluci\u00f3n 1 de la Primera Reuni\u00f3n del Consejo de Ministros, el 16 de noviembre de 1983.\u00a0<\/span><\/p>\n<\/div>\n<div><strong>Principales funciones<\/strong><\/div>\n<div>\n<p><span>El Consejo tendr\u00e1 las siguientes atribuciones:\u00a0<\/span><\/p>\n<\/div>\n<ul>\n<li>\n<div>\n<p><span>Dictar normas generales que tiendan al mejor cumplimiento de los objetivos de la Asociaci\u00f3n, as\u00ed como al desarrollo arm\u00f3nico del proceso de integraci\u00f3n;\u00a0<\/span><\/p>\n<\/div>\n<\/li>\n<li>\n<div>\n<p><span>Examinar el resultado de las tareas cumplidas por la Asociaci\u00f3n;\u00a0<\/span><\/p>\n<\/div>\n<\/li>\n<li>\n<div>\n<p><span>Adoptar medidas correctivas de alcance multilateral de acuerdo con las recomendaciones adoptadas por la Conferencia en los t\u00e9rminos del art\u00edculo 33, literal a) del presente Tratado;\u00a0<\/span><\/p>\n<\/div>\n<\/li>\n<li>\n<div>\n<p><span>Establecer las directivas a las cuales deber\u00e1n ajustar sus labores los restantes \u00f3rganos de la Asociaci\u00f3n;\u00a0<\/span><\/p>\n<\/div>\n<\/li>\n<li>\n<div>\n<p><span>Fijar las normas b\u00e1sicas que regulen las relaciones de la Asociaci\u00f3n con otras asociaciones regionales, organismos o entidades internacionales;\u00a0<\/span><\/p>\n<\/div>\n<\/li>\n<li>\n<div>\n<p><span>Revisar y actualizar las normas b\u00e1sicas que regulen los acuerdos de convergencia y cooperaci\u00f3n con otros pa\u00edses en desarrollo y las respectivas \u00e1reas de integraci\u00f3n econ\u00f3mica;\u00a0<\/span><\/p>\n<\/div>\n<\/li>\n<li>\n<div>\n<p><span>Tomar conocimiento de los asuntos que le hayan sido elevados por los otros \u00f3rganos pol\u00edticos y resolverlos;\u00a0<\/span><\/p>\n<\/div>\n<\/li>\n<li>\n<div>\n<p><span>Delegar en los restantes \u00f3rganos pol\u00edticos la facultad de tomar decisiones en materias espec\u00edficas destinadas a permitir el mejor cumplimiento de los objetivos de la Asociaci\u00f3n;\u00a0<\/span><\/p>\n<\/div>\n<\/li>\n<li>\n<div>\n<p><span>Aceptar la adhesi\u00f3n de nuevos pa\u00edses miembros;\u00a0<\/span><\/p>\n<\/div>\n<\/li>\n<li>\n<div>\n<p><span>Acordar enmiendas y adiciones al Tratado en los t\u00e9rminos del art\u00edculo 61;\u00a0 <\/span><\/p>\n<\/div>\n<\/li>\n<li>\n<div>\n<p><span>Designar al Secretario General; y\u00a0<\/span><\/p>\n<\/div>\n<\/li>\n<li>\n<div>\n<p><span>Establecer su propio Reglamento.\u00a0<\/span><\/p>\n<\/div>\n<\/li>\n<\/ul>\n<p><!--more--><br \/>\n<!-- {\"type\":\"layout\",\"children\":[{\"name\":\"Box inicial\",\"type\":\"section\",\"props\":{\"animation\":\"slide-left-small\",\"animation_delay\":\"200\",\"image_position\":\"center-center\",\"padding\":\"none\",\"style\":\"default\",\"title_breakpoint\":\"xl\",\"title_position\":\"top-left\",\"title_rotation\":\"left\",\"vertical_align\":\"\",\"width\":\"\"},\"children\":[{\"type\":\"row\",\"props\":{\"column_gap\":\"collapse\",\"layout\":\"1-2,1-2\",\"margin\":\"default\",\"vertical_align\":false},\"children\":[{\"type\":\"column\",\"props\":{\"css\":\".el-column {\\n\\tmin-height: 500px;\\n}\",\"image\":\"wp-content\\\/uploads\\\/2025\\\/09\\\/Consejo-de-Ministros-I.png\",\"image_loading\":true,\"image_position\":\"center-center\",\"image_size\":\"cover\",\"padding\":\"none\",\"position_sticky_breakpoint\":\"m\",\"style\":\"tile-default\",\"vertical_align\":\"middle\",\"width_medium\":\"1-2\"}},{\"type\":\"column\",\"props\":{\"image_position\":\"center-center\",\"padding\":\"large\",\"position_sticky_breakpoint\":\"m\",\"style\":\"tile-secondary\",\"vertical_align\":\"middle\",\"width_medium\":\"1-2\"},\"children\":[{\"type\":\"headline\",\"props\":{\"block_align\":\"center\",\"content\":\"Organizaci\\u00f3n Institucional\",\"content_pt_br\":\"Organiza\\u00e7\\u00e3o institucional\",\"maxwidth\":\"xlarge\",\"maxwidth_breakpoint\":\"m\",\"title_color\":\"primary\",\"title_element\":\"h1\",\"title_style\":\"h6\"}},{\"type\":\"headline\",\"props\":{\"block_align\":\"center\",\"content\":\"<strong>Consejo de Ministros<\\\/strong>\",\"content_pt_br\":\"<strong>Conselho de Ministros<\\\/strong>\",\"maxwidth\":\"xlarge\",\"maxwidth_breakpoint\":\"m\",\"title_element\":\"div\",\"title_style\":\"h1\"}},{\"type\":\"text\",\"props\":{\"block_align\":\"center\",\"column_breakpoint\":\"m\",\"content\":\"\n\n<p><span style=\\\"font-weight: 400;\\\">Es el \\u00f3rgano supremo de la ALADI (Art\\u00edculos 30 a 32 y 43 del TM80) y adopta las decisiones que corresponden a la conducci\\u00f3n pol\\u00edtica superior del proceso de integraci\\u00f3n.\\u00a0<\\\/span><\\\/p>\",\"content_pt_br\":\"\n\n<p><span style=\\\"font-weight: 400;\\\">\\u00c9 o \\u00f3rg\\u00e3o supremo da ALADI (Artigos 30 a 32 e 43 do TM80) <\\\/span><span>e adota as decis\\u00f5es necess\\u00e1rias para a condu\\u00e7\\u00e3o pol\\u00edtica superior do processo de integra\\u00e7\\u00e3o.<\\\/span><\\\/p>\",\"margin\":\"medium\",\"maxwidth\":\"xlarge\",\"maxwidth_breakpoint\":\"m\"}}]}]}]},{\"type\":\"section\",\"props\":{\"image_position\":\"center-center\",\"padding\":\"large\",\"padding_remove_bottom\":true,\"style\":\"default\",\"title_breakpoint\":\"xl\",\"title_position\":\"top-left\",\"title_rotation\":\"left\",\"vertical_align\":\"\",\"width\":\"xlarge\"},\"children\":[{\"type\":\"row\",\"children\":[{\"type\":\"column\",\"props\":{\"image_position\":\"center-center\",\"position_sticky_breakpoint\":\"m\"},\"children\":[{\"type\":\"breadcrumbs\",\"props\":{\"show_current\":true,\"show_home\":true}}]}]},{\"type\":\"row\",\"children\":[{\"type\":\"column\",\"props\":{\"image_position\":\"center-center\",\"position_sticky_breakpoint\":\"m\",\"style\":\"tile-muted\",\"width_medium\":\"1-4\"}},{\"type\":\"column\",\"props\":{\"image_position\":\"center-center\",\"position_sticky_breakpoint\":\"m\",\"vertical_align\":\"middle\",\"width_medium\":\"3-4\"},\"children\":[{\"type\":\"headline\",\"props\":{\"block_align\":\"center\",\"content\":\"<strong>Estructura y autoridades<\\\/strong>\",\"content_pt_br\":\"<strong>Estrutura e autoridades<\\\/strong>\",\"maxwidth_breakpoint\":\"m\",\"title_color\":\"primary\",\"title_element\":\"div\",\"title_style\":\"h3\"}},{\"type\":\"text\",\"props\":{\"block_align\":\"center\",\"column_breakpoint\":\"m\",\"content\":\"\n\n<p><span style=\\\"font-weight: 400;\\\">Est\\u00e1 constituido por los Ministros de Relaciones Exteriores de los pa\\u00edses miembros. <\\\/span><span style=\\\"font-weight: 400;\\\">Cuando la competencia de los asuntos de integraci\\u00f3n est\\u00e1 asignada a un Ministro o Secretario de Estado diferente, los pa\\u00edses miembros pueden estar representados por el Ministro o Secretario respectivo, con plenos poderes.<\\\/span><\\\/p>\\n\n\n<p><span style=\\\"font-weight: 400;\\\">Se re\\u00fane por convocatoria del Comit\\u00e9 de Representantes. Sesiona y toma decisiones con la presencia de todos los pa\\u00edses miembros.\\u00a0<\\\/span><\\\/p>\\n\n\n<p><span style=\\\"font-weight: 400;\\\">Su Reglamento fue aprobado por la Resoluci\\u00f3n 1 de la Primera Reuni\\u00f3n del Consejo de Ministros, el 16 de noviembre de 1983.\\u00a0<\\\/span><\\\/p>\",\"content_pt_br\":\"\n\n<p>\\u00c9 constitu\\u00eddo pelos ministros das Rela\\u00e7\\u00f5es Exteriores dos pa\\u00edses-membros. No entanto, quando em algum pa\\u00eds-membro a compet\\u00eancia dos assuntos de integra\\u00e7\\u00e3o for atribu\\u00edda a outro ministro ou secret\\u00e1rio de Estado, o pa\\u00eds-membro poder\\u00e1 estar representado, com plenos poderes, pelo ministro ou pelo secret\\u00e1rio respectivo.<\\\/p>\\n\n\n<p>O Conselho re\\u00fane-se por convoca\\u00e7\\u00e3o do Comit\\u00ea de Representantes e toma decis\\u00f5es com a presen\\u00e7a de todos os pa\\u00edses-membros.<\\\/p>\\n\n\n<p>Seu regulamento foi aprovado pela\\u00a0Resolu\\u00e7\\u00e3o 1\\u00a0da Primeira Reuni\\u00e3o do Conselho de Ministros, de 16 de novembro de 1983.\\u00a0<\\\/p>\",\"margin\":\"medium\",\"maxwidth_breakpoint\":\"m\"}},{\"type\":\"headline\",\"props\":{\"block_align\":\"center\",\"content\":\"<strong>Principales funciones<\\\/strong>\",\"content_pt_br\":\"<strong>Fun\\u00e7\\u00f5es principais<\\\/strong>\",\"maxwidth_breakpoint\":\"m\",\"title_color\":\"primary\",\"title_element\":\"div\",\"title_style\":\"h3\"}},{\"type\":\"text\",\"props\":{\"block_align\":\"center\",\"column_breakpoint\":\"m\",\"content\":\"\n\n<p><span>El Consejo tendr\\u00e1 las siguientes atribuciones:\\u00a0<\\\/span><\\\/p>\",\"content_pt_br\":\"\n\n<p><span>O Conselho ter\\u00e1 as seguintes atribui\\u00e7\\u00f5es:<\\\/span><\\\/p>\",\"margin\":\"medium\",\"maxwidth_breakpoint\":\"m\"}},{\"type\":\"list\",\"props\":{\"column\":\"1-2\",\"column_breakpoint\":\"m\",\"image_align\":\"left\",\"image_svg_color\":\"emphasis\",\"image_vertical_align\":true,\"list_element\":\"ul\",\"list_horizontal_separator\":\", \",\"list_marker\":\"square\",\"list_marker_color\":\"primary\",\"list_type\":\"vertical\",\"show_image\":true,\"show_link\":true},\"children\":[{\"type\":\"list_item\",\"props\":{\"content\":\"\n\n<p><span>Dictar normas generales que tiendan al mejor cumplimiento de los objetivos de la Asociaci\\u00f3n, as\\u00ed como al desarrollo arm\\u00f3nico del proceso de integraci\\u00f3n;\\u00a0<\\\/span><\\\/p>\",\"content_pt_br\":\"\n\n<p>proferir normas gerais tendentes ao melhor cumprimento dos objetivos da Associa\\u00e7\\u00e3o, bem como ao desenvolvimento harm\\u00f4nico do processo de integra\\u00e7\\u00e3o;\\u00a0<\\\/p>\"}},{\"type\":\"list_item\",\"props\":{\"content\":\"\n\n<p><span>Examinar el resultado de las tareas cumplidas por la Asociaci\\u00f3n;\\u00a0<\\\/span><\\\/p>\",\"content_pt_br\":\"<span>examinar o resultado das tarefas realizadas pela Associa\\u00e7\\u00e3o;\\u00a0<\\\/span>\"}},{\"type\":\"list_item\",\"props\":{\"content\":\"\n\n<p><span>Adoptar medidas correctivas de alcance multilateral de acuerdo con las recomendaciones adoptadas por la Conferencia en los t\\u00e9rminos del art\\u00edculo 33, literal a) del presente Tratado;\\u00a0<\\\/span><\\\/p>\",\"content_pt_br\":\"<span>adotar medidas corretivas de alcance multilateral, de acordo com as recomenda\\u00e7\\u00f5es adotadas pela Confer\\u00eancia nos termos do artigo 33, inciso a), do Tratado de Montevid\\u00e9u (TM80);\\u00a0<\\\/span>\"}},{\"type\":\"list_item\",\"props\":{\"content\":\"\n\n<p><span>Establecer las directivas a las cuales deber\\u00e1n ajustar sus labores los restantes \\u00f3rganos de la Asociaci\\u00f3n;\\u00a0<\\\/span><\\\/p>\",\"content_pt_br\":\"<span>estabelecer as diretrizes \\u00e0s quais os demais \\u00f3rg\\u00e3os da Associa\\u00e7\\u00e3o dever\\u00e3o ajustar seus trabalhos;\\u00a0<\\\/span>\"}},{\"type\":\"list_item\",\"props\":{\"content\":\"\n\n<p><span>Fijar las normas b\\u00e1sicas que regulen las relaciones de la Asociaci\\u00f3n con otras asociaciones regionales, organismos o entidades internacionales;\\u00a0<\\\/span><\\\/p>\",\"content_pt_br\":\"<span>fixar as normas b\\u00e1sicas que regulamentem as rela\\u00e7\\u00f5es da Associa\\u00e7\\u00e3o com outras associa\\u00e7\\u00f5es regionais, organismos ou entidades internacionais;\\u00a0<\\\/span>\"}},{\"type\":\"list_item\",\"props\":{\"content\":\"\n\n<p><span>Revisar y actualizar las normas b\\u00e1sicas que regulen los acuerdos de convergencia y cooperaci\\u00f3n con otros pa\\u00edses en desarrollo y las respectivas \\u00e1reas de integraci\\u00f3n econ\\u00f3mica;\\u00a0<\\\/span><\\\/p>\",\"content_pt_br\":\"<span>revisar e atualizar as normas b\\u00e1sicas que regulamentem os acordos de converg\\u00eancia e coopera\\u00e7\\u00e3o com outros pa\\u00edses em desenvolvimento e as respectivas \\u00e1reas de integra\\u00e7\\u00e3o econ\\u00f4mica;<\\\/span>\"}},{\"type\":\"list_item\",\"props\":{\"content\":\"\n\n<p><span>Tomar conocimiento de los asuntos que le hayan sido elevados por los otros \\u00f3rganos pol\\u00edticos y resolverlos;\\u00a0<\\\/span><\\\/p>\",\"content_pt_br\":\"<span>tomar conhecimento dos assuntos que lhe tenham sido elevados pelos outros \\u00f3rg\\u00e3os pol\\u00edticos e resolv\\u00ea-los;\\u00a0<\\\/span>\"}},{\"type\":\"list_item\",\"props\":{\"content\":\"\n\n<p><span>Delegar en los restantes \\u00f3rganos pol\\u00edticos la facultad de tomar decisiones en materias espec\\u00edficas destinadas a permitir el mejor cumplimiento de los objetivos de la Asociaci\\u00f3n;\\u00a0<\\\/span><\\\/p>\",\"content_pt_br\":\"<span>delegar aos demais \\u00f3rg\\u00e3os pol\\u00edticos a faculdade de tomar decis\\u00f5es em mat\\u00e9rias espec\\u00edficas, destinadas a permitir o melhor cumprimento dos objetivos da Associa\\u00e7\\u00e3o;\\u00a0<\\\/span>\"}},{\"type\":\"list_item\",\"props\":{\"content\":\"\n\n<p><span>Aceptar la adhesi\\u00f3n de nuevos pa\\u00edses miembros;\\u00a0<\\\/span><\\\/p>\",\"content_pt_br\":\"<span>aceitar a ades\\u00e3o de novos pa\\u00edses-membros;\\u00a0<\\\/span>\"}},{\"type\":\"list_item\",\"props\":{\"content\":\"\n\n<p><span>Acordar enmiendas y adiciones al Tratado en los t\\u00e9rminos del art\\u00edculo 61;\\u00a0 <\\\/span><\\\/p>\",\"content_pt_br\":\"<span>acordar emendas e acr\\u00e9scimos ao TM80, nos termos do artigo 61;\\u00a0<\\\/span>\"}},{\"type\":\"list_item\",\"props\":{\"content\":\"\n\n<p><span>Designar al Secretario General; y\\u00a0<\\\/span><\\\/p>\",\"content_pt_br\":\"<span>designar o secret\\u00e1rio-geral; e\\u00a0<\\\/span>\"}},{\"type\":\"list_item\",\"props\":{\"content\":\"\n\n<p><span>Establecer su propio Reglamento.\\u00a0<\\\/span><\\\/p>\",\"content_pt_br\":\"<span>estabelecer seu pr\\u00f3prio Regulamento.\\u00a0<\\\/span>\"}}]}]}],\"props\":{\"layout\":\"1-4,3-4\",\"margin\":\"large\"}}]},{\"type\":\"section\",\"props\":{\"image_position\":\"center-center\",\"style\":\"default\",\"title_breakpoint\":\"xl\",\"title_position\":\"top-left\",\"title_rotation\":\"left\",\"vertical_align\":\"\",\"width\":\"default\"},\"children\":[{\"type\":\"row\",\"children\":[{\"type\":\"column\",\"props\":{\"image_position\":\"center-center\",\"position_sticky_breakpoint\":\"m\"}}]}]}],\"version\":\"4.4.12\"} --><\/p>\n","protected":false},"excerpt":{"rendered":"<p>Organizaci\u00f3n Institucional Consejo de Ministros Es el \u00f3rgano supremo de la ALADI (Art\u00edculos 30 a 32 y 43 del TM80) y adopta las decisiones que corresponden a la conducci\u00f3n pol\u00edtica superior del proceso de integraci\u00f3n.\u00a0 Estructura y autoridades Est\u00e1 constituido por los Ministros de Relaciones Exteriores de los pa\u00edses miembros. Cuando la competencia de los [&hellip;]<\/p>\n","protected":false},"author":2,"featured_media":0,"parent":1807,"menu_order":0,"comment_status":"closed","ping_status":"closed","template":"","meta":{"_acf_changed":false,"footnotes":""},"class_list":["post-3391","page","type-page","status-publish","hentry"],"acf":[],"yoast_head":"<!-- This site is optimized with the Yoast SEO plugin v26.5 - https:\/\/yoast.com\/wordpress\/plugins\/seo\/ -->\n<title>Conselho de Ministros<\/title>\n<meta name=\"robots\" content=\"index, follow, max-snippet:-1, max-image-preview:large, max-video-preview:-1\" \/>\n<meta property=\"og:locale\" content=\"pt_BR\" \/>\n<meta property=\"og:type\" content=\"article\" \/>\n<meta property=\"og:title\" content=\"Conselho de Ministros\" \/>\n<meta property=\"og:url\" content=\"https:\/\/www.aladi.org\/pt\/organizacao-institucional\/conselho-de-ministros\/\" \/>\n<meta property=\"og:site_name\" content=\"ALADI\" \/>\n<meta property=\"article:publisher\" content=\"https:\/\/es-la.facebook.com\/people\/ALADI\/100064606213084\/\" \/>\n<meta property=\"article:modified_time\" content=\"2025-09-18T21:20:34+00:00\" \/>\n<meta name=\"twitter:card\" content=\"summary_large_image\" \/>\n<meta name=\"twitter:site\" content=\"@ALADI_SG\" \/>\n<meta name=\"twitter:label1\" content=\"Est. reading time\" \/>\n\t<meta name=\"twitter:data1\" content=\"2 minutes\" \/>\n<script type=\"application\/ld+json\" class=\"yoast-schema-graph\">{\"@context\":\"https:\/\/schema.org\",\"@graph\":[{\"@type\":\"WebPage\",\"@id\":\"https:\/\/www.aladi.org\/pt\/organizacao-institucional\/conselho-de-ministros\/\",\"url\":\"https:\/\/www.aladi.org\/pt\/organizacao-institucional\/conselho-de-ministros\/\",\"name\":\"Consejo de Ministros - ALADI\",\"isPartOf\":{\"@id\":\"https:\/\/www.aladi.org\/#website\"},\"datePublished\":\"2024-02-05T12:14:56+00:00\",\"dateModified\":\"2025-09-18T21:20:34+00:00\",\"breadcrumb\":{\"@id\":\"https:\/\/www.aladi.org\/pt\/organizacao-institucional\/conselho-de-ministros\/#breadcrumb\"},\"inLanguage\":\"pt-BR\",\"potentialAction\":[{\"@type\":\"ReadAction\",\"target\":[\"https:\/\/www.aladi.org\/pt\/organizacao-institucional\/conselho-de-ministros\/\"]}]},{\"@type\":\"BreadcrumbList\",\"@id\":\"https:\/\/www.aladi.org\/pt\/organizacao-institucional\/conselho-de-ministros\/#breadcrumb\",\"itemListElement\":[{\"@type\":\"ListItem\",\"position\":1,\"name\":\"Home\",\"item\":\"https:\/\/www.aladi.org\/\"},{\"@type\":\"ListItem\",\"position\":2,\"name\":\"Organiza\u00e7\u00e3o Institucional\",\"item\":\"https:\/\/www.aladi.org\/organizacion-institucional\/\"},{\"@type\":\"ListItem\",\"position\":3,\"name\":\"Conselho de Ministros\"}]},{\"@type\":\"WebSite\",\"@id\":\"https:\/\/www.aladi.org\/pt\/#website\",\"url\":\"https:\/\/www.aladi.org\/pt\/\",\"name\":\"ALADI\",\"description\":\"Asociaci\u00f3n Latinoamericana de Integraci\u00f3n\",\"publisher\":{\"@id\":\"https:\/\/www.aladi.org\/pt\/#organization\"},\"potentialAction\":[{\"@type\":\"SearchAction\",\"target\":{\"@type\":\"EntryPoint\",\"urlTemplate\":\"https:\/\/www.aladi.org\/pt\/?s={search_term_string}\"},\"query-input\":{\"@type\":\"PropertyValueSpecification\",\"valueRequired\":true,\"valueName\":\"search_term_string\"}}],\"inLanguage\":\"pt-BR\"},{\"@type\":\"Organization\",\"@id\":\"https:\/\/www.aladi.org\/pt\/#organization\",\"name\":\"ALADI\",\"url\":\"https:\/\/www.aladi.org\/pt\/\",\"logo\":{\"@type\":\"ImageObject\",\"inLanguage\":\"pt-BR\",\"@id\":\"https:\/\/www.aladi.org\/pt\/#\/schema\/logo\/image\/\",\"url\":\"https:\/\/www.aladi.org\/wp-content\/uploads\/2025\/12\/Logo-ALADI.png\",\"contentUrl\":\"https:\/\/www.aladi.org\/wp-content\/uploads\/2025\/12\/Logo-ALADI.png\",\"width\":375,\"height\":235,\"caption\":\"ALADI\"},\"image\":{\"@id\":\"https:\/\/www.aladi.org\/pt\/#\/schema\/logo\/image\/\"},\"sameAs\":[\"https:\/\/es-la.facebook.com\/people\/ALADI\/100064606213084\/\",\"https:\/\/x.com\/ALADI_SG\",\"https:\/\/www.instagram.com\/aladi_sg\/?hl=es\",\"https:\/\/www.linkedin.com\/company\/aladi\/\",\"https:\/\/www.flickr.com\/photos\/aladi\/\",\"https:\/\/www.youtube.com\/channel\/UCrkJWOWHKF6igQmWE8Clnpg\"]}]}<\/script>\n<!-- \/ Yoast SEO plugin. -->","yoast_head_json":{"title":"Conselho de Ministros","robots":{"index":"index","follow":"follow","max-snippet":"max-snippet:-1","max-image-preview":"max-image-preview:large","max-video-preview":"max-video-preview:-1"},"og_locale":"pt_BR","og_type":"article","og_title":"Conselho de Ministros","og_url":"https:\/\/www.aladi.org\/pt\/organizacao-institucional\/conselho-de-ministros\/","og_site_name":"ALADI","article_publisher":"https:\/\/es-la.facebook.com\/people\/ALADI\/100064606213084\/","article_modified_time":"2025-09-18T21:20:34+00:00","twitter_card":"summary_large_image","twitter_site":"@ALADI_SG","twitter_misc":{"Est. reading time":"2 minutes"},"schema":{"@context":"https:\/\/schema.org","@graph":[{"@type":"WebPage","@id":"https:\/\/www.aladi.org\/pt\/organizacao-institucional\/conselho-de-ministros\/","url":"https:\/\/www.aladi.org\/pt\/organizacao-institucional\/conselho-de-ministros\/","name":"Consejo de Ministros - ALADI","isPartOf":{"@id":"https:\/\/www.aladi.org\/#website"},"datePublished":"2024-02-05T12:14:56+00:00","dateModified":"2025-09-18T21:20:34+00:00","breadcrumb":{"@id":"https:\/\/www.aladi.org\/pt\/organizacao-institucional\/conselho-de-ministros\/#breadcrumb"},"inLanguage":"pt-BR","potentialAction":[{"@type":"ReadAction","target":["https:\/\/www.aladi.org\/pt\/organizacao-institucional\/conselho-de-ministros\/"]}]},{"@type":"BreadcrumbList","@id":"https:\/\/www.aladi.org\/pt\/organizacao-institucional\/conselho-de-ministros\/#breadcrumb","itemListElement":[{"@type":"ListItem","position":1,"name":"Home","item":"https:\/\/www.aladi.org\/"},{"@type":"ListItem","position":2,"name":"Organiza\u00e7\u00e3o Institucional","item":"https:\/\/www.aladi.org\/organizacion-institucional\/"},{"@type":"ListItem","position":3,"name":"Conselho de Ministros"}]},{"@type":"WebSite","@id":"https:\/\/www.aladi.org\/pt\/#website","url":"https:\/\/www.aladi.org\/pt\/","name":"ALADI","description":"Asociaci\u00f3n Latinoamericana de Integraci\u00f3n","publisher":{"@id":"https:\/\/www.aladi.org\/pt\/#organization"},"potentialAction":[{"@type":"SearchAction","target":{"@type":"EntryPoint","urlTemplate":"https:\/\/www.aladi.org\/pt\/?s={search_term_string}"},"query-input":{"@type":"PropertyValueSpecification","valueRequired":true,"valueName":"search_term_string"}}],"inLanguage":"pt-BR"},{"@type":"Organization","@id":"https:\/\/www.aladi.org\/pt\/#organization","name":"ALADI","url":"https:\/\/www.aladi.org\/pt\/","logo":{"@type":"ImageObject","inLanguage":"pt-BR","@id":"https:\/\/www.aladi.org\/pt\/#\/schema\/logo\/image\/","url":"https:\/\/www.aladi.org\/wp-content\/uploads\/2025\/12\/Logo-ALADI.png","contentUrl":"https:\/\/www.aladi.org\/wp-content\/uploads\/2025\/12\/Logo-ALADI.png","width":375,"height":235,"caption":"ALADI"},"image":{"@id":"https:\/\/www.aladi.org\/pt\/#\/schema\/logo\/image\/"},"sameAs":["https:\/\/es-la.facebook.com\/people\/ALADI\/100064606213084\/","https:\/\/x.com\/ALADI_SG","https:\/\/www.instagram.com\/aladi_sg\/?hl=es","https:\/\/www.linkedin.com\/company\/aladi\/","https:\/\/www.flickr.com\/photos\/aladi\/","https:\/\/www.youtube.com\/channel\/UCrkJWOWHKF6igQmWE8Clnpg"]}]}},"jetpack_sharing_enabled":true,"_links":{"self":[{"href":"https:\/\/www.aladi.org\/pt\/wp-json\/wp\/v2\/pages\/3391","targetHints":{"allow":["GET"]}}],"collection":[{"href":"https:\/\/www.aladi.org\/pt\/wp-json\/wp\/v2\/pages"}],"about":[{"href":"https:\/\/www.aladi.org\/pt\/wp-json\/wp\/v2\/types\/page"}],"author":[{"embeddable":true,"href":"https:\/\/www.aladi.org\/pt\/wp-json\/wp\/v2\/users\/2"}],"replies":[{"embeddable":true,"href":"https:\/\/www.aladi.org\/pt\/wp-json\/wp\/v2\/comments?post=3391"}],"version-history":[{"count":25,"href":"https:\/\/www.aladi.org\/pt\/wp-json\/wp\/v2\/pages\/3391\/revisions"}],"predecessor-version":[{"id":8829,"href":"https:\/\/www.aladi.org\/pt\/wp-json\/wp\/v2\/pages\/3391\/revisions\/8829"}],"up":[{"embeddable":true,"href":"https:\/\/www.aladi.org\/pt\/wp-json\/wp\/v2\/pages\/1807"}],"wp:attachment":[{"href":"https:\/\/www.aladi.org\/pt\/wp-json\/wp\/v2\/media?parent=3391"}],"curies":[{"name":"wp","href":"https:\/\/api.w.org\/{rel}","templated":true}]}}