{"id":3078,"date":"2023-08-07T18:40:24","date_gmt":"2023-08-07T18:40:24","guid":{"rendered":"https:\/\/sitio.aladi.org\/?page_id=3078&#038;lang=es"},"modified":"2025-09-17T13:56:39","modified_gmt":"2025-09-17T13:56:39","slug":"aviso-juridico","status":"publish","type":"page","link":"https:\/\/www.aladi.org\/pt\/aviso-juridico\/","title":{"rendered":"Aviso Jur\u00eddico"},"content":{"rendered":"<h1>Aviso Jur\u00eddico y Condiciones de Uso<\/h1>\n<div>\n<p><span style=\"font-weight: 400;\">La informaci\u00f3n publicada en el sitio web de la Asociaci\u00f3n Latinoamericana de Integraci\u00f3n (ALADI) est\u00e1 sujeta a las siguientes condiciones:<\/span><\/p>\n<\/div>\n<h4>Alcance y finalidad<\/h4>\n<div>A Secretaria-Geral da ALADI mant\u00e9m este site apenas para fins exclusivamente informativos e institucionais. Procura-se manter as informa\u00e7\u00f5es atualizadas e precisas. No entanto, em caso de discrep\u00e2ncia com os documentos oficiais impressos, somente a vers\u00e3o oficial ser\u00e1 v\u00e1lida.<\/div>\n<h4>Exenci\u00f3n de responsabilidad<\/h4>\n<div>La ALADI no garantiza la exactitud ni la integridad absoluta de la informaci\u00f3n publicada en este sitio y no ser\u00e1 responsable por eventuales errores, omisiones, interrupciones de servicio o da\u00f1os que pudieran derivarse de su uso, incluidos aquellos vinculados a problemas t\u00e9cnicos, fallos en sistemas inform\u00e1ticos o comunicaciones.<\/p>\n<\/div>\n<div>Asimismo, la Secretar\u00eda General de la ALADI no asume responsabilidad por los gastos o da\u00f1os que pudieran ocasionarse con motivo del uso de este sitio, incluidos los derivados de inconvenientes en las comunicaciones o del mal funcionamiento de equipos inform\u00e1ticos.<\/div>\n<h4>Uso del contenido<\/h4>\n<div>Os usu\u00e1rios podem baixar, copiar ou imprimir o conte\u00fado deste site, desde que o fa\u00e7am sem fins lucrativos, respeitando sua integridade e citando a Secretaria-Geral da ALADI como fonte. \u00c9 proibida qualquer modifica\u00e7\u00e3o, reprodu\u00e7\u00e3o para fins comerciais ou uso indevido das informa\u00e7\u00f5es.<\/div>\n<h4>Estudios y opiniones de terceros<\/h4>\n<div>Los estudios y documentos elaborados por consultores externos y publicados en este sitio son de exclusiva responsabilidad de sus autores, sin que ello implique, en forma alguna, respaldo, aval ni asunci\u00f3n de responsabilidad por parte de la ALADI o de sus pa\u00edses miembros.<\/div>\n<h4>Enlaces externos<\/h4>\n<div>El sitio puede contener enlaces a p\u00e1ginas de terceros \u00fanicamente como servicio al usuario. La ALADI no ejerce control sobre dichos contenidos ni asume responsabilidad alguna por la informaci\u00f3n, productos o servicios que pudieran ofrecerse en ellos.<\/div>\n<h4>Derechos de autor<\/h4>\n<div>Salvo indicaci\u00f3n expresa en contrario, la totalidad del contenido publicado en este sitio se encuentra protegido por los derechos de autor de la Asociaci\u00f3n Latinoamericana de Integraci\u00f3n (ALADI), a trav\u00e9s de su Secretar\u00eda General, en su calidad de titular institucional.<\/div>\n<div>Esta protecci\u00f3n abarca, a t\u00edtulo enunciativo y no limitativo, los textos, documentos oficiales, estudios, informes, bases de datos, dise\u00f1os, logotipos, material gr\u00e1fico, audiovisual y multimedia, as\u00ed como cualquier otro contenido difundido en el sitio web.<\/div>\n<div>El uso de dicho contenido queda limitado a fines exclusivamente informativos y no comerciales, debiendo respetarse en todo momento su integridad y mencionarse a la Secretar\u00eda General de la ALADI como fuente material. Queda prohibida su reproducci\u00f3n, distribuci\u00f3n, comunicaci\u00f3n p\u00fablica, transformaci\u00f3n, explotaci\u00f3n comercial o cualquier otra forma de utilizaci\u00f3n no autorizada que pueda generar perjuicio o confusi\u00f3n respecto de la identidad institucional de la ALADI.<\/div>\n<div>Toda utilizaci\u00f3n del material deber\u00e1 ajustarse estrictamente a lo dispuesto en el presente aviso y a la normativa aplicable en materia de propiedad intelectual. El incumplimiento de estas disposiciones podr\u00e1 dar lugar a las acciones legales correspondientes y a la aplicaci\u00f3n de las sanciones previstas en la legislaci\u00f3n vigente.<\/div>\n<p><!--more--><br \/>\n<!-- {\"type\":\"layout\",\"children\":[{\"name\":\"Pa\\u00edses miembros\",\"type\":\"section\",\"props\":{\"animation\":\"slide-left-small\",\"animation_delay\":false,\"image_position\":\"top-center\",\"padding_remove_bottom\":false,\"padding_remove_top\":false,\"style\":\"default\",\"title_breakpoint\":\"xl\",\"title_position\":\"top-left\",\"title_rotation\":\"left\",\"vertical_align\":\"\",\"width\":\"xlarge\"},\"children\":[{\"type\":\"row\",\"props\":{\"width\":\"xlarge\"},\"children\":[{\"type\":\"column\",\"props\":{\"image_position\":\"center-center\",\"position_sticky_breakpoint\":\"m\"},\"children\":[{\"type\":\"breadcrumbs\",\"props\":{\"margin\":\"large\",\"margin_remove_top\":true,\"show_current\":true,\"show_home\":true}}]}]},{\"type\":\"row\",\"props\":{\"width\":\"xlarge\"},\"children\":[{\"type\":\"column\",\"props\":{\"image_position\":\"center-center\",\"position_sticky_breakpoint\":\"m\",\"vertical_align\":\"middle\"},\"children\":[{\"type\":\"headline\",\"props\":{\"content\":\"Aviso Jur\\u00eddico y Condiciones de Uso\",\"content_pt_br\":\"Aviso Jur\\u00eddico e Termos de Uso\",\"margin\":\"medium\",\"margin_remove_top\":true,\"maxwidth\":\"2xlarge\",\"title_color\":\"secondary\",\"title_element\":\"h1\",\"title_font_family\":\"primary\",\"title_style\":\"h1\"}},{\"type\":\"text\",\"props\":{\"column_breakpoint\":\"m\",\"content\":\"\n\n<p><span style=\\\"font-weight: 400;\\\">La informaci\\u00f3n publicada en el sitio web de la Asociaci\\u00f3n Latinoamericana de Integraci\\u00f3n (ALADI) est\\u00e1 sujeta a las siguientes condiciones:<\\\/span><\\\/p>\\n\",\"content_pt_br\":\"As informa\\u00e7\\u00f5es publicadas no site da Associa\\u00e7\\u00e3o Latino-Americana de Integra\\u00e7\\u00e3o (ALADI) est\\u00e3o sujeitas \\u00e0s seguintes condi\\u00e7\\u00f5es:\",\"margin\":\"default\"}},{\"type\":\"headline\",\"props\":{\"content\":\"Alcance y finalidad\",\"content_pt_br\":\"Alcance e finalidade\",\"title_color\":\"secondary\",\"title_decoration\":\"bullet\",\"title_element\":\"h4\",\"title_font_family\":\"primary\",\"title_style\":\"h4\"},\"name\":\"Alcance\"},{\"type\":\"text\",\"props\":{\"column_breakpoint\":\"m\",\"content\":\"A Secretaria-Geral da ALADI mant\\u00e9m este site apenas para fins exclusivamente informativos e institucionais. Procura-se manter as informa\\u00e7\\u00f5es atualizadas e precisas. No entanto, em caso de discrep\\u00e2ncia com os documentos oficiais impressos, somente a vers\\u00e3o oficial ser\\u00e1 v\\u00e1lida.\",\"margin\":\"default\"}},{\"type\":\"headline\",\"props\":{\"content\":\"Exenci\\u00f3n de responsabilidad\",\"content_pt_br\":\"Isen\\u00e7\\u00e3o de responsabilidade\",\"title_color\":\"secondary\",\"title_decoration\":\"bullet\",\"title_element\":\"h4\",\"title_font_family\":\"primary\",\"title_style\":\"h4\"},\"name\":\"Exenci\\u00f3n\"},{\"type\":\"text\",\"props\":{\"column_breakpoint\":\"m\",\"content\":\"La ALADI no garantiza la exactitud ni la integridad absoluta de la informaci\\u00f3n publicada en este sitio y no ser\\u00e1 responsable por eventuales errores, omisiones, interrupciones de servicio o da\\u00f1os que pudieran derivarse de su uso, incluidos aquellos vinculados a problemas t\\u00e9cnicos, fallos en sistemas inform\\u00e1ticos o comunicaciones.\\n\\n\",\"content_pt_br\":\"A ALADI n\\u00e3o garante a exatid\\u00e3o nem a integralidade absoluta das informa\\u00e7\\u00f5es publicadas neste site e n\\u00e3o se responsabiliza por eventuais erros, omiss\\u00f5es, interrup\\u00e7\\u00f5es de servi\\u00e7o ou danos que possam surgir de sua utiliza\\u00e7\\u00e3o, incluindo aqueles relacionados a problemas t\\u00e9cnicos ou falhas em sistemas de inform\\u00e1tica ou comunica\\u00e7\\u00f5es.\",\"margin\":\"default\"}},{\"type\":\"text\",\"props\":{\"column_breakpoint\":\"m\",\"content\":\"Asimismo, la Secretar\\u00eda General de la ALADI no asume responsabilidad por los gastos o da\\u00f1os que pudieran ocasionarse con motivo del uso de este sitio, incluidos los derivados de inconvenientes en las comunicaciones o del mal funcionamiento de equipos inform\\u00e1ticos.\",\"content_pt_br\":\"Ademais, a Secretaria-Geral da ALADI n\\u00e3o se responsabiliza por quaisquer despesas ou danos que possam surgir da utiliza\\u00e7\\u00e3o deste site, incluindo aqueles decorrentes de problemas de comunica\\u00e7\\u00e3o ou mau funcionamento de equipamentos de inform\\u00e1tica.\",\"margin\":\"default\"}},{\"type\":\"headline\",\"props\":{\"content\":\"Uso del contenido\",\"content_pt_br\":\"Uso do conte\\u00fado\",\"title_color\":\"secondary\",\"title_decoration\":\"bullet\",\"title_element\":\"h4\",\"title_font_family\":\"primary\",\"title_style\":\"h4\"},\"name\":\"Uso\"},{\"type\":\"text\",\"props\":{\"column_breakpoint\":\"m\",\"content\":\"Os usu\\u00e1rios podem baixar, copiar ou imprimir o conte\\u00fado deste site, desde que o fa\\u00e7am sem fins lucrativos, respeitando sua integridade e citando a Secretaria-Geral da ALADI como fonte. \\u00c9 proibida qualquer modifica\\u00e7\\u00e3o, reprodu\\u00e7\\u00e3o para fins comerciais ou uso indevido das informa\\u00e7\\u00f5es.\",\"margin\":\"default\"}},{\"type\":\"headline\",\"props\":{\"content\":\"Estudios y opiniones de terceros\",\"content_pt_br\":\"Estudos e opini\\u00f5es de terceiros\",\"title_color\":\"secondary\",\"title_decoration\":\"bullet\",\"title_element\":\"h4\",\"title_font_family\":\"primary\",\"title_style\":\"h4\"},\"name\":\"Opiniones de terceros\"},{\"type\":\"text\",\"props\":{\"column_breakpoint\":\"m\",\"content\":\"Los estudios y documentos elaborados por consultores externos y publicados en este sitio son de exclusiva responsabilidad de sus autores, sin que ello implique, en forma alguna, respaldo, aval ni asunci\\u00f3n de responsabilidad por parte de la ALADI o de sus pa\\u00edses miembros.\",\"content_pt_br\":\"Os estudos e documentos elaborados por consultores externos e publicados neste site s\\u00e3o de exclusiva responsabilidade de seus autores, n\\u00e3o implicando, de forma alguma, respaldo, garantia ou assun\\u00e7\\u00e3o de responsabilidade por parte da ALADI ou de seus pa\\u00edses-membros.\",\"margin\":\"default\"}},{\"type\":\"headline\",\"props\":{\"content\":\"Enlaces externos\",\"content_pt_br\":\"<i>Links<\\\/i> externos\",\"title_color\":\"secondary\",\"title_decoration\":\"bullet\",\"title_element\":\"h4\",\"title_font_family\":\"primary\",\"title_style\":\"h4\"},\"name\":\"Enlaces\"},{\"type\":\"text\",\"props\":{\"column_breakpoint\":\"m\",\"content\":\"El sitio puede contener enlaces a p\\u00e1ginas de terceros \\u00fanicamente como servicio al usuario. La ALADI no ejerce control sobre dichos contenidos ni asume responsabilidad alguna por la informaci\\u00f3n, productos o servicios que pudieran ofrecerse en ellos.\",\"content_pt_br\":\"O site pode conter links para p\\u00e1ginas de terceiros somente como servi\\u00e7o para o usu\\u00e1rio. A ALADI n\\u00e3o tem controle sobre esses conte\\u00fados nem assume nenhuma responsabilidade pelas informa\\u00e7\\u00f5es, produtos ou servi\\u00e7os oferecidos.\",\"margin\":\"default\"}},{\"type\":\"headline\",\"props\":{\"content\":\"Derechos de autor\",\"content_pt_br\":\"Direitos de autor\",\"title_color\":\"secondary\",\"title_decoration\":\"bullet\",\"title_element\":\"h4\",\"title_font_family\":\"primary\",\"title_style\":\"h4\"},\"name\":\"Derechos de autor\"},{\"type\":\"text\",\"props\":{\"column_breakpoint\":\"m\",\"content\":\"Salvo indicaci\\u00f3n expresa en contrario, la totalidad del contenido publicado en este sitio se encuentra protegido por los derechos de autor de la Asociaci\\u00f3n Latinoamericana de Integraci\\u00f3n (ALADI), a trav\\u00e9s de su Secretar\\u00eda General, en su calidad de titular institucional.\",\"content_pt_br\":\"Salvo indica\\u00e7\\u00e3o expressa em contr\\u00e1rio, todo o conte\\u00fado publicado neste site est\\u00e1 protegido pelos direitos autorais da Associa\\u00e7\\u00e3o Latino-Americana de Integra\\u00e7\\u00e3o (ALADI), por meio de sua Secretaria-Geral, como titular institucional.\",\"margin\":\"default\"}},{\"type\":\"text\",\"props\":{\"column_breakpoint\":\"m\",\"content\":\"Esta protecci\\u00f3n abarca, a t\\u00edtulo enunciativo y no limitativo, los textos, documentos oficiales, estudios, informes, bases de datos, dise\\u00f1os, logotipos, material gr\\u00e1fico, audiovisual y multimedia, as\\u00ed como cualquier otro contenido difundido en el sitio web.\",\"content_pt_br\":\"Essa prote\\u00e7\\u00e3o abrange, a t\\u00edtulo enunciativo e n\\u00e3o limitativo, os textos, documentos oficiais, estudos, relat\\u00f3rios, bases de dados, designs, logotipos, material gr\\u00e1fico, audiovisual e multim\\u00eddia, bem como qualquer outro conte\\u00fado divulgado no site.\",\"margin\":\"default\"}},{\"type\":\"text\",\"props\":{\"column_breakpoint\":\"m\",\"content\":\"El uso de dicho contenido queda limitado a fines exclusivamente informativos y no comerciales, debiendo respetarse en todo momento su integridad y mencionarse a la Secretar\\u00eda General de la ALADI como fuente material. Queda prohibida su reproducci\\u00f3n, distribuci\\u00f3n, comunicaci\\u00f3n p\\u00fablica, transformaci\\u00f3n, explotaci\\u00f3n comercial o cualquier otra forma de utilizaci\\u00f3n no autorizada que pueda generar perjuicio o confusi\\u00f3n respecto de la identidad institucional de la ALADI.\",\"content_pt_br\":\"O uso do referido conte\\u00fado limita-se a fins exclusivamente informativos e n\\u00e3o comerciais, devendo sua integridade ser sempre respeitada e a Secretaria-Geral da ALADI mencionada como fonte. \\u00c9 proibida sua reprodu\\u00e7\\u00e3o, distribui\\u00e7\\u00e3o, comunica\\u00e7\\u00e3o p\\u00fablica, transforma\\u00e7\\u00e3o, explora\\u00e7\\u00e3o comercial ou qualquer outra forma de uso n\\u00e3o autorizado que possa causar dano ou confus\\u00e3o quanto \\u00e0 identidade institucional da ALADI.\",\"margin\":\"default\"}},{\"type\":\"text\",\"props\":{\"column_breakpoint\":\"m\",\"content\":\"Toda utilizaci\\u00f3n del material deber\\u00e1 ajustarse estrictamente a lo dispuesto en el presente aviso y a la normativa aplicable en materia de propiedad intelectual. El incumplimiento de estas disposiciones podr\\u00e1 dar lugar a las acciones legales correspondientes y a la aplicaci\\u00f3n de las sanciones previstas en la legislaci\\u00f3n vigente.\",\"content_pt_br\":\"Todo uso do material dever\\u00e1 cumprir rigorosamente o disposto neste aviso e as normas aplic\\u00e1veis em mat\\u00e9ria de propriedade intelectual. O descumprimento dessas disposi\\u00e7\\u00f5es poder\\u00e1 resultar em medidas legais cab\\u00edveis e na aplica\\u00e7\\u00e3o das san\\u00e7\\u00f5es previstas na legisla\\u00e7\\u00e3o vigente.\",\"margin\":\"default\"}}]}]}]}],\"version\":\"4.4.12\"} --><\/p>\n","protected":false},"excerpt":{"rendered":"<p>Aviso Jur\u00eddico y Condiciones de Uso La informaci\u00f3n publicada en el sitio web de la Asociaci\u00f3n Latinoamericana de Integraci\u00f3n (ALADI) est\u00e1 sujeta a las siguientes condiciones: Alcance y finalidad A Secretaria-Geral da ALADI mant\u00e9m este site apenas para fins exclusivamente informativos e institucionais. Procura-se manter as informa\u00e7\u00f5es atualizadas e precisas. No entanto, em caso de [&hellip;]<\/p>\n","protected":false},"author":1,"featured_media":0,"parent":0,"menu_order":0,"comment_status":"closed","ping_status":"closed","template":"","meta":{"_acf_changed":false,"footnotes":""},"class_list":["post-3078","page","type-page","status-publish","hentry"],"acf":[],"yoast_head":"<!-- This site is optimized with the Yoast SEO plugin v26.5 - https:\/\/yoast.com\/wordpress\/plugins\/seo\/ -->\n<title>Aviso Jur\u00eddico<\/title>\n<meta name=\"robots\" content=\"index, follow, max-snippet:-1, max-image-preview:large, max-video-preview:-1\" \/>\n<meta property=\"og:locale\" content=\"pt_BR\" \/>\n<meta property=\"og:type\" content=\"article\" \/>\n<meta property=\"og:title\" content=\"Aviso Jur\u00eddico\" \/>\n<meta property=\"og:url\" content=\"https:\/\/www.aladi.org\/pt\/aviso-juridico\/\" \/>\n<meta property=\"og:site_name\" content=\"ALADI\" \/>\n<meta property=\"article:publisher\" content=\"https:\/\/es-la.facebook.com\/people\/ALADI\/100064606213084\/\" \/>\n<meta property=\"article:modified_time\" content=\"2025-09-17T13:56:39+00:00\" \/>\n<meta name=\"twitter:card\" content=\"summary_large_image\" \/>\n<meta name=\"twitter:site\" content=\"@ALADI_SG\" \/>\n<meta name=\"twitter:label1\" content=\"Est. reading time\" \/>\n\t<meta name=\"twitter:data1\" content=\"3 minutes\" \/>\n<script type=\"application\/ld+json\" class=\"yoast-schema-graph\">{\"@context\":\"https:\/\/schema.org\",\"@graph\":[{\"@type\":\"WebPage\",\"@id\":\"https:\/\/www.aladi.org\/pt\/aviso-juridico\/\",\"url\":\"https:\/\/www.aladi.org\/pt\/aviso-juridico\/\",\"name\":\"Aviso Jur\u00eddico - ALADI\",\"isPartOf\":{\"@id\":\"https:\/\/www.aladi.org\/#website\"},\"datePublished\":\"2023-08-07T18:40:24+00:00\",\"dateModified\":\"2025-09-17T13:56:39+00:00\",\"breadcrumb\":{\"@id\":\"https:\/\/www.aladi.org\/pt\/aviso-juridico\/#breadcrumb\"},\"inLanguage\":\"pt-BR\",\"potentialAction\":[{\"@type\":\"ReadAction\",\"target\":[\"https:\/\/www.aladi.org\/pt\/aviso-juridico\/\"]}]},{\"@type\":\"BreadcrumbList\",\"@id\":\"https:\/\/www.aladi.org\/pt\/aviso-juridico\/#breadcrumb\",\"itemListElement\":[{\"@type\":\"ListItem\",\"position\":1,\"name\":\"Home\",\"item\":\"https:\/\/www.aladi.org\/\"},{\"@type\":\"ListItem\",\"position\":2,\"name\":\"Aviso Jur\u00eddico\"}]},{\"@type\":\"WebSite\",\"@id\":\"https:\/\/www.aladi.org\/pt\/#website\",\"url\":\"https:\/\/www.aladi.org\/pt\/\",\"name\":\"ALADI\",\"description\":\"Asociaci\u00f3n Latinoamericana de Integraci\u00f3n\",\"publisher\":{\"@id\":\"https:\/\/www.aladi.org\/pt\/#organization\"},\"potentialAction\":[{\"@type\":\"SearchAction\",\"target\":{\"@type\":\"EntryPoint\",\"urlTemplate\":\"https:\/\/www.aladi.org\/pt\/?s={search_term_string}\"},\"query-input\":{\"@type\":\"PropertyValueSpecification\",\"valueRequired\":true,\"valueName\":\"search_term_string\"}}],\"inLanguage\":\"pt-BR\"},{\"@type\":\"Organization\",\"@id\":\"https:\/\/www.aladi.org\/pt\/#organization\",\"name\":\"ALADI\",\"url\":\"https:\/\/www.aladi.org\/pt\/\",\"logo\":{\"@type\":\"ImageObject\",\"inLanguage\":\"pt-BR\",\"@id\":\"https:\/\/www.aladi.org\/pt\/#\/schema\/logo\/image\/\",\"url\":\"https:\/\/www.aladi.org\/wp-content\/uploads\/2025\/12\/Logo-ALADI.png\",\"contentUrl\":\"https:\/\/www.aladi.org\/wp-content\/uploads\/2025\/12\/Logo-ALADI.png\",\"width\":375,\"height\":235,\"caption\":\"ALADI\"},\"image\":{\"@id\":\"https:\/\/www.aladi.org\/pt\/#\/schema\/logo\/image\/\"},\"sameAs\":[\"https:\/\/es-la.facebook.com\/people\/ALADI\/100064606213084\/\",\"https:\/\/x.com\/ALADI_SG\",\"https:\/\/www.instagram.com\/aladi_sg\/?hl=es\",\"https:\/\/www.linkedin.com\/company\/aladi\/\",\"https:\/\/www.flickr.com\/photos\/aladi\/\",\"https:\/\/www.youtube.com\/channel\/UCrkJWOWHKF6igQmWE8Clnpg\"]}]}<\/script>\n<!-- \/ Yoast SEO plugin. -->","yoast_head_json":{"title":"Aviso Jur\u00eddico","robots":{"index":"index","follow":"follow","max-snippet":"max-snippet:-1","max-image-preview":"max-image-preview:large","max-video-preview":"max-video-preview:-1"},"og_locale":"pt_BR","og_type":"article","og_title":"Aviso Jur\u00eddico","og_url":"https:\/\/www.aladi.org\/pt\/aviso-juridico\/","og_site_name":"ALADI","article_publisher":"https:\/\/es-la.facebook.com\/people\/ALADI\/100064606213084\/","article_modified_time":"2025-09-17T13:56:39+00:00","twitter_card":"summary_large_image","twitter_site":"@ALADI_SG","twitter_misc":{"Est. reading time":"3 minutes"},"schema":{"@context":"https:\/\/schema.org","@graph":[{"@type":"WebPage","@id":"https:\/\/www.aladi.org\/pt\/aviso-juridico\/","url":"https:\/\/www.aladi.org\/pt\/aviso-juridico\/","name":"Aviso Jur\u00eddico - ALADI","isPartOf":{"@id":"https:\/\/www.aladi.org\/#website"},"datePublished":"2023-08-07T18:40:24+00:00","dateModified":"2025-09-17T13:56:39+00:00","breadcrumb":{"@id":"https:\/\/www.aladi.org\/pt\/aviso-juridico\/#breadcrumb"},"inLanguage":"pt-BR","potentialAction":[{"@type":"ReadAction","target":["https:\/\/www.aladi.org\/pt\/aviso-juridico\/"]}]},{"@type":"BreadcrumbList","@id":"https:\/\/www.aladi.org\/pt\/aviso-juridico\/#breadcrumb","itemListElement":[{"@type":"ListItem","position":1,"name":"Home","item":"https:\/\/www.aladi.org\/"},{"@type":"ListItem","position":2,"name":"Aviso Jur\u00eddico"}]},{"@type":"WebSite","@id":"https:\/\/www.aladi.org\/pt\/#website","url":"https:\/\/www.aladi.org\/pt\/","name":"ALADI","description":"Asociaci\u00f3n Latinoamericana de Integraci\u00f3n","publisher":{"@id":"https:\/\/www.aladi.org\/pt\/#organization"},"potentialAction":[{"@type":"SearchAction","target":{"@type":"EntryPoint","urlTemplate":"https:\/\/www.aladi.org\/pt\/?s={search_term_string}"},"query-input":{"@type":"PropertyValueSpecification","valueRequired":true,"valueName":"search_term_string"}}],"inLanguage":"pt-BR"},{"@type":"Organization","@id":"https:\/\/www.aladi.org\/pt\/#organization","name":"ALADI","url":"https:\/\/www.aladi.org\/pt\/","logo":{"@type":"ImageObject","inLanguage":"pt-BR","@id":"https:\/\/www.aladi.org\/pt\/#\/schema\/logo\/image\/","url":"https:\/\/www.aladi.org\/wp-content\/uploads\/2025\/12\/Logo-ALADI.png","contentUrl":"https:\/\/www.aladi.org\/wp-content\/uploads\/2025\/12\/Logo-ALADI.png","width":375,"height":235,"caption":"ALADI"},"image":{"@id":"https:\/\/www.aladi.org\/pt\/#\/schema\/logo\/image\/"},"sameAs":["https:\/\/es-la.facebook.com\/people\/ALADI\/100064606213084\/","https:\/\/x.com\/ALADI_SG","https:\/\/www.instagram.com\/aladi_sg\/?hl=es","https:\/\/www.linkedin.com\/company\/aladi\/","https:\/\/www.flickr.com\/photos\/aladi\/","https:\/\/www.youtube.com\/channel\/UCrkJWOWHKF6igQmWE8Clnpg"]}]}},"jetpack_sharing_enabled":true,"_links":{"self":[{"href":"https:\/\/www.aladi.org\/pt\/wp-json\/wp\/v2\/pages\/3078","targetHints":{"allow":["GET"]}}],"collection":[{"href":"https:\/\/www.aladi.org\/pt\/wp-json\/wp\/v2\/pages"}],"about":[{"href":"https:\/\/www.aladi.org\/pt\/wp-json\/wp\/v2\/types\/page"}],"author":[{"embeddable":true,"href":"https:\/\/www.aladi.org\/pt\/wp-json\/wp\/v2\/users\/1"}],"replies":[{"embeddable":true,"href":"https:\/\/www.aladi.org\/pt\/wp-json\/wp\/v2\/comments?post=3078"}],"version-history":[{"count":7,"href":"https:\/\/www.aladi.org\/pt\/wp-json\/wp\/v2\/pages\/3078\/revisions"}],"predecessor-version":[{"id":8679,"href":"https:\/\/www.aladi.org\/pt\/wp-json\/wp\/v2\/pages\/3078\/revisions\/8679"}],"wp:attachment":[{"href":"https:\/\/www.aladi.org\/pt\/wp-json\/wp\/v2\/media?parent=3078"}],"curies":[{"name":"wp","href":"https:\/\/api.w.org\/{rel}","templated":true}]}}