{"id":3044,"date":"2023-08-07T17:37:37","date_gmt":"2023-08-07T17:37:37","guid":{"rendered":"https:\/\/sitio.aladi.org\/?page_id=3044&#038;lang=es"},"modified":"2025-08-06T13:32:27","modified_gmt":"2025-08-06T13:32:27","slug":"convocatorias","status":"publish","type":"page","link":"https:\/\/www.aladi.org\/pt\/oportunidades-de-trabalho\/convocacoes\/","title":{"rendered":"Convoca\u00e7\u00f5es"},"content":{"rendered":"<div>Concursos<\/div>\n<h1><strong>Convocatorias<\/strong><\/h1>\n<div>\n    <table class=\"uk-table uk-table-divider uk-table-hover\">\n        <thead>\n\t\t\t<tr id=\"tableHeader\"><\/tr>\n\t\t<\/thead>\n        <tbody id=\"tableBody\">\n            <!-- Aqu\u00ed se insertar\u00e1n los datos din\u00e1micamente -->\n        <\/tbody>\n    <\/table>\n\t\n\t<!-- Aca vamos a renderizar HTML si corresponde -->\n\t<div id=\"expandedContainer\" style=\"margin-top: 20px; display: none;\">\n\t\t<div style=\"text-align: right;\">\n\t\t\t<button id=\"closeExpandedContent\" class=\"uk-button uk-button-danger uk-button-small\">Cerrar detalle<\/button>\n\t\t<\/div>\n\t\t<div id=\"expandedContent\" style=\"margin-top: 10px;\"><\/div>\n\t<\/div>\n\n\n\n    <div style=\"margin-top: 10px;\">\n\t\t<button id=\"prevPage\" class=\"uk-button uk-button-secondary\">Anterior<\/button>\n\t\t<span id=\"pageInfo\" class=\"uk-margin-small-left uk-margin-small-right\">P\u00e1gina 1 de X<\/span>\n\t\t<button id=\"nextPage\" class=\"uk-button uk-button-secondary\">Siguiente<\/button>\n\t<\/div>\n\t<script>\n        var API_URL = \"https:\/\/www2.aladi.org\/nsfaladi\/concursos.nsf\/w2vConvEsp\";\n        var COLUMNS = [\"0\",\"2\",\"5\",\"6\",\"8\"]; \/\/ Pasar las columnas como un array JS\n\t\tvar COLUMNS_TITLES = [\"Identificaci\\u00f3n\",\"Cargo\",\"Cierre de inscripciones\",\" Estado\",\" \"];\n\t\tvar ITEMS_PER_PAGE = 10;\n        var ADD_TO_CALENDAR = false;\n\n    <\/script>\n\n\n\n\t<script src=\"\/wp-content\/themes\/yootheme\/js\/pagination_convocatorias.js\"><\/script>\n    <\/div>\n<p>\n    <a href=\"\/wp-content\/uploads\/2024\/04\/Formulario_Inscripcion_Concurso.docx\">Descargar Formulario<\/a>\n<\/p>\n<p><!--more--><br \/>\n<!-- {\"type\":\"layout\",\"children\":[{\"type\":\"section\",\"props\":{\"image_loading\":true,\"image_position\":\"top-center\",\"media_visibility\":\"m\",\"padding\":\"xsmall\",\"padding_remove_horizontal\":false,\"padding_remove_top\":false,\"style\":\"default\",\"title_breakpoint\":\"xl\",\"title_position\":\"top-left\",\"title_rotation\":\"left\",\"vertical_align\":\"\",\"width\":\"xlarge\"},\"children\":[{\"type\":\"row\",\"props\":{\"width\":\"xlarge\"},\"children\":[{\"type\":\"column\",\"props\":{\"image_position\":\"center-center\",\"position_sticky_breakpoint\":\"m\"},\"children\":[{\"type\":\"breadcrumbs\",\"props\":{\"margin\":\"remove-vertical\",\"margin_remove_top\":true,\"show_current\":true,\"show_home\":true}}]}]},{\"type\":\"row\",\"props\":{\"margin_remove_bottom\":false,\"width\":\"xlarge\"},\"children\":[{\"type\":\"column\",\"props\":{\"image_position\":\"center-center\",\"image_size\":\"cover\",\"padding\":\"none\",\"position_sticky_breakpoint\":\"m\",\"vertical_align\":\"middle\"},\"children\":[{\"type\":\"headline\",\"props\":{\"content\":\"Concursos\",\"content_pt_br\":\"Concursos\",\"link_style\":false,\"title_color\":\"primary\",\"title_element\":\"div\",\"title_style\":\"h6\"}},{\"type\":\"headline\",\"props\":{\"content\":\"<strong>Convocatorias<\\\/strong>\",\"content_pt_br\":\"<strong>Convoca\\u00e7\\u00f5es<\\\/strong>\",\"margin\":\"medium\",\"margin_remove_bottom\":false,\"margin_remove_top\":false,\"maxwidth\":\"xlarge\",\"text_align\":\"left\",\"text_align_fallback\":\"center\",\"title_color\":\"secondary\",\"title_element\":\"h1\",\"title_style\":\"h1\"}}]}]}],\"name\":\"T\\u00edtulos\"},{\"type\":\"section\",\"props\":{\"css\":\".el-section{\\n    margin-bottom: 50px;\\n\\t}\",\"image_position\":\"center-center\",\"padding\":\"small\",\"padding_remove_bottom\":false,\"padding_remove_top\":false,\"style\":\"default\",\"title_breakpoint\":\"xl\",\"title_position\":\"top-left\",\"title_rotation\":\"left\",\"vertical_align\":\"\",\"width\":\"xlarge\"},\"children\":[{\"type\":\"row\",\"props\":{\"column_gap\":\"large\",\"margin\":\"large\",\"row_gap\":\"large\"},\"children\":[{\"type\":\"column\",\"props\":{\"image_position\":\"center-center\",\"position_sticky_breakpoint\":\"m\"},\"children\":[{\"type\":\"html\",\"props\":{\"content\":\"<iframe loading=\\\"lazy\\\" src=\\\"https:\\\/\\\/www2.aladi.org\\\/nsfaladi\\\/concursos.nsf\\\/w2fvConcRaladi?openForm\\\" width=\\\"100%\\\" height=\\\"300\\\" frameborder=\\\"0\\\"><\\\/iframe>\",\"content_pt_br\":\"<iframe loading=\\\"lazy\\\" src=\\\"https:\\\/\\\/www2.aladi.org\\\/nsfaladi\\\/concursos.nsf\\\/w2fvConcRPaladi?openForm\\\" width=\\\"100%\\\" height=\\\"300\\\" frameborder=\\\"0\\\"><\\\/iframe>\",\"status\":\"disabled\"}},{\"type\":\"html\",\"props\":{\"content\":\"[render_table_convocatorias url=\\\"https:\\\/\\\/www2.aladi.org\\\/nsfaladi\\\/concursos.nsf\\\/w2vConvEsp\\\" columns_title=\\\"Identificaci\\u00f3n,Cargo,Cierre de inscripciones, Estado, \\\" columns=\\\"0,2,5,6,8\\\" items_per_page=\\\"10\\\"]\",\"content_pt_br\":\"[render_table_convocatorias url=\\\"https:\\\/\\\/www2.aladi.org\\\/nsfaladi\\\/concursos.nsf\\\/w2vConvPor\\\" columns_title=\\\"Identifica\\u00e7\\u00e3o, Cargo, Encerramento das inscri\\u00e7\\u00f5es, Estado, \\\" columns=\\\"0,2,5,6,8\\\" items_per_page=\\\"10\\\"]\"}},{\"type\":\"button\",\"props\":{\"grid_column_gap\":\"small\",\"grid_row_gap\":\"small\",\"margin\":\"default\",\"margin_remove_top\":true},\"children\":[{\"type\":\"button_item\",\"props\":{\"button_style\":\"default\",\"content\":\"Descargar Formulario\",\"content_pt_br\":\"Baixar Formul\\u00e1rio\",\"icon\":\"file-text\",\"icon_align\":\"left\",\"link\":\"wp-content\\\/uploads\\\/2024\\\/04\\\/Formulario_Inscripcion_Concurso.docx\",\"link_pt_br\":\"wp-content\\\/uploads\\\/2024\\\/10\\\/Formulario_Inscricao_Concurso.docx\"}}]}]}]}],\"name\":\"Post\"}],\"version\":\"4.4.12\"} --><\/p>\n","protected":false},"excerpt":{"rendered":"<p>Concursos Convocatorias Descargar Formulario<\/p>\n","protected":false},"author":1,"featured_media":0,"parent":3036,"menu_order":0,"comment_status":"closed","ping_status":"closed","template":"","meta":{"_acf_changed":false,"footnotes":""},"class_list":["post-3044","page","type-page","status-publish","hentry"],"acf":[],"yoast_head":"<!-- This site is optimized with the Yoast SEO plugin v26.5 - https:\/\/yoast.com\/wordpress\/plugins\/seo\/ -->\n<title>Convoca\u00e7\u00f5es<\/title>\n<meta name=\"robots\" content=\"index, follow, max-snippet:-1, max-image-preview:large, max-video-preview:-1\" \/>\n<meta property=\"og:locale\" content=\"pt_BR\" \/>\n<meta property=\"og:type\" content=\"article\" \/>\n<meta property=\"og:title\" content=\"Convoca\u00e7\u00f5es\" \/>\n<meta property=\"og:url\" content=\"https:\/\/www.aladi.org\/pt\/oportunidades-de-trabalho\/convocacoes\/\" \/>\n<meta property=\"og:site_name\" content=\"ALADI\" \/>\n<meta property=\"article:publisher\" content=\"https:\/\/es-la.facebook.com\/people\/ALADI\/100064606213084\/\" \/>\n<meta property=\"article:modified_time\" content=\"2025-08-06T13:32:27+00:00\" \/>\n<meta name=\"twitter:card\" content=\"summary_large_image\" \/>\n<meta name=\"twitter:site\" content=\"@ALADI_SG\" \/>\n<script type=\"application\/ld+json\" class=\"yoast-schema-graph\">{\"@context\":\"https:\/\/schema.org\",\"@graph\":[{\"@type\":\"WebPage\",\"@id\":\"https:\/\/www.aladi.org\/pt\/oportunidades-de-trabalho\/convocacoes\/\",\"url\":\"https:\/\/www.aladi.org\/pt\/oportunidades-de-trabalho\/convocacoes\/\",\"name\":\"Convocatorias - ALADI\",\"isPartOf\":{\"@id\":\"https:\/\/www.aladi.org\/#website\"},\"datePublished\":\"2023-08-07T17:37:37+00:00\",\"dateModified\":\"2025-08-06T13:32:27+00:00\",\"breadcrumb\":{\"@id\":\"https:\/\/www.aladi.org\/pt\/oportunidades-de-trabalho\/convocacoes\/#breadcrumb\"},\"inLanguage\":\"pt-BR\",\"potentialAction\":[{\"@type\":\"ReadAction\",\"target\":[\"https:\/\/www.aladi.org\/pt\/oportunidades-de-trabalho\/convocacoes\/\"]}]},{\"@type\":\"BreadcrumbList\",\"@id\":\"https:\/\/www.aladi.org\/pt\/oportunidades-de-trabalho\/convocacoes\/#breadcrumb\",\"itemListElement\":[{\"@type\":\"ListItem\",\"position\":1,\"name\":\"Home\",\"item\":\"https:\/\/www.aladi.org\/\"},{\"@type\":\"ListItem\",\"position\":2,\"name\":\"Oportunidades de trabalho\",\"item\":\"https:\/\/www.aladi.org\/oportunidades-laborales\/\"},{\"@type\":\"ListItem\",\"position\":3,\"name\":\"Convoca\u00e7\u00f5es\"}]},{\"@type\":\"WebSite\",\"@id\":\"https:\/\/www.aladi.org\/pt\/#website\",\"url\":\"https:\/\/www.aladi.org\/pt\/\",\"name\":\"ALADI\",\"description\":\"Asociaci\u00f3n Latinoamericana de Integraci\u00f3n\",\"publisher\":{\"@id\":\"https:\/\/www.aladi.org\/pt\/#organization\"},\"potentialAction\":[{\"@type\":\"SearchAction\",\"target\":{\"@type\":\"EntryPoint\",\"urlTemplate\":\"https:\/\/www.aladi.org\/pt\/?s={search_term_string}\"},\"query-input\":{\"@type\":\"PropertyValueSpecification\",\"valueRequired\":true,\"valueName\":\"search_term_string\"}}],\"inLanguage\":\"pt-BR\"},{\"@type\":\"Organization\",\"@id\":\"https:\/\/www.aladi.org\/pt\/#organization\",\"name\":\"ALADI\",\"url\":\"https:\/\/www.aladi.org\/pt\/\",\"logo\":{\"@type\":\"ImageObject\",\"inLanguage\":\"pt-BR\",\"@id\":\"https:\/\/www.aladi.org\/pt\/#\/schema\/logo\/image\/\",\"url\":\"https:\/\/www.aladi.org\/wp-content\/uploads\/2025\/12\/Logo-ALADI.png\",\"contentUrl\":\"https:\/\/www.aladi.org\/wp-content\/uploads\/2025\/12\/Logo-ALADI.png\",\"width\":375,\"height\":235,\"caption\":\"ALADI\"},\"image\":{\"@id\":\"https:\/\/www.aladi.org\/pt\/#\/schema\/logo\/image\/\"},\"sameAs\":[\"https:\/\/es-la.facebook.com\/people\/ALADI\/100064606213084\/\",\"https:\/\/x.com\/ALADI_SG\",\"https:\/\/www.instagram.com\/aladi_sg\/?hl=es\",\"https:\/\/www.linkedin.com\/company\/aladi\/\",\"https:\/\/www.flickr.com\/photos\/aladi\/\",\"https:\/\/www.youtube.com\/channel\/UCrkJWOWHKF6igQmWE8Clnpg\"]}]}<\/script>\n<!-- \/ Yoast SEO plugin. -->","yoast_head_json":{"title":"Convoca\u00e7\u00f5es","robots":{"index":"index","follow":"follow","max-snippet":"max-snippet:-1","max-image-preview":"max-image-preview:large","max-video-preview":"max-video-preview:-1"},"og_locale":"pt_BR","og_type":"article","og_title":"Convoca\u00e7\u00f5es","og_url":"https:\/\/www.aladi.org\/pt\/oportunidades-de-trabalho\/convocacoes\/","og_site_name":"ALADI","article_publisher":"https:\/\/es-la.facebook.com\/people\/ALADI\/100064606213084\/","article_modified_time":"2025-08-06T13:32:27+00:00","twitter_card":"summary_large_image","twitter_site":"@ALADI_SG","schema":{"@context":"https:\/\/schema.org","@graph":[{"@type":"WebPage","@id":"https:\/\/www.aladi.org\/pt\/oportunidades-de-trabalho\/convocacoes\/","url":"https:\/\/www.aladi.org\/pt\/oportunidades-de-trabalho\/convocacoes\/","name":"Convocatorias - ALADI","isPartOf":{"@id":"https:\/\/www.aladi.org\/#website"},"datePublished":"2023-08-07T17:37:37+00:00","dateModified":"2025-08-06T13:32:27+00:00","breadcrumb":{"@id":"https:\/\/www.aladi.org\/pt\/oportunidades-de-trabalho\/convocacoes\/#breadcrumb"},"inLanguage":"pt-BR","potentialAction":[{"@type":"ReadAction","target":["https:\/\/www.aladi.org\/pt\/oportunidades-de-trabalho\/convocacoes\/"]}]},{"@type":"BreadcrumbList","@id":"https:\/\/www.aladi.org\/pt\/oportunidades-de-trabalho\/convocacoes\/#breadcrumb","itemListElement":[{"@type":"ListItem","position":1,"name":"Home","item":"https:\/\/www.aladi.org\/"},{"@type":"ListItem","position":2,"name":"Oportunidades de trabalho","item":"https:\/\/www.aladi.org\/oportunidades-laborales\/"},{"@type":"ListItem","position":3,"name":"Convoca\u00e7\u00f5es"}]},{"@type":"WebSite","@id":"https:\/\/www.aladi.org\/pt\/#website","url":"https:\/\/www.aladi.org\/pt\/","name":"ALADI","description":"Asociaci\u00f3n Latinoamericana de Integraci\u00f3n","publisher":{"@id":"https:\/\/www.aladi.org\/pt\/#organization"},"potentialAction":[{"@type":"SearchAction","target":{"@type":"EntryPoint","urlTemplate":"https:\/\/www.aladi.org\/pt\/?s={search_term_string}"},"query-input":{"@type":"PropertyValueSpecification","valueRequired":true,"valueName":"search_term_string"}}],"inLanguage":"pt-BR"},{"@type":"Organization","@id":"https:\/\/www.aladi.org\/pt\/#organization","name":"ALADI","url":"https:\/\/www.aladi.org\/pt\/","logo":{"@type":"ImageObject","inLanguage":"pt-BR","@id":"https:\/\/www.aladi.org\/pt\/#\/schema\/logo\/image\/","url":"https:\/\/www.aladi.org\/wp-content\/uploads\/2025\/12\/Logo-ALADI.png","contentUrl":"https:\/\/www.aladi.org\/wp-content\/uploads\/2025\/12\/Logo-ALADI.png","width":375,"height":235,"caption":"ALADI"},"image":{"@id":"https:\/\/www.aladi.org\/pt\/#\/schema\/logo\/image\/"},"sameAs":["https:\/\/es-la.facebook.com\/people\/ALADI\/100064606213084\/","https:\/\/x.com\/ALADI_SG","https:\/\/www.instagram.com\/aladi_sg\/?hl=es","https:\/\/www.linkedin.com\/company\/aladi\/","https:\/\/www.flickr.com\/photos\/aladi\/","https:\/\/www.youtube.com\/channel\/UCrkJWOWHKF6igQmWE8Clnpg"]}]}},"jetpack_sharing_enabled":true,"_links":{"self":[{"href":"https:\/\/www.aladi.org\/pt\/wp-json\/wp\/v2\/pages\/3044","targetHints":{"allow":["GET"]}}],"collection":[{"href":"https:\/\/www.aladi.org\/pt\/wp-json\/wp\/v2\/pages"}],"about":[{"href":"https:\/\/www.aladi.org\/pt\/wp-json\/wp\/v2\/types\/page"}],"author":[{"embeddable":true,"href":"https:\/\/www.aladi.org\/pt\/wp-json\/wp\/v2\/users\/1"}],"replies":[{"embeddable":true,"href":"https:\/\/www.aladi.org\/pt\/wp-json\/wp\/v2\/comments?post=3044"}],"version-history":[{"count":42,"href":"https:\/\/www.aladi.org\/pt\/wp-json\/wp\/v2\/pages\/3044\/revisions"}],"predecessor-version":[{"id":6934,"href":"https:\/\/www.aladi.org\/pt\/wp-json\/wp\/v2\/pages\/3044\/revisions\/6934"}],"up":[{"embeddable":true,"href":"https:\/\/www.aladi.org\/pt\/wp-json\/wp\/v2\/pages\/3036"}],"wp:attachment":[{"href":"https:\/\/www.aladi.org\/pt\/wp-json\/wp\/v2\/media?parent=3044"}],"curies":[{"name":"wp","href":"https:\/\/api.w.org\/{rel}","templated":true}]}}