{"id":3036,"date":"2023-08-07T16:05:48","date_gmt":"2023-08-07T16:05:48","guid":{"rendered":"https:\/\/sitio.aladi.org\/?page_id=3036&#038;lang=es"},"modified":"2026-04-21T20:08:33","modified_gmt":"2026-04-21T20:08:33","slug":"oportunidades-laborales","status":"publish","type":"page","link":"https:\/\/www.aladi.org\/pt\/oportunidades-de-trabalho\/","title":{"rendered":"Oportunidades de trabalho"},"content":{"rendered":"<p><img decoding=\"async\" src=\"\/wp-content\/uploads\/2025\/02\/Trabajar-en-ALADI-scaled.jpg\" alt=\"\"><\/p>\n<div>Acerca de<\/div>\n<h1><strong>Oportunidades Laborales<\/strong><\/h1>\n<h5>Concursos<\/h5>\n<div>\n<p><a href=\"https:\/\/www.aladi.org\/?page_id=3044\">Convocatorias<\/a><\/p>\n<\/div>\n<h5>Programa de Pasant\u00edas<\/h5>\n<div>\n<p><a href=\"https:\/\/www.aladi.org\/oportunidades-laborales\/pasantias-para-jovenes-estudiantes\/\">Pasant\u00edas postulaci\u00f3n permanente<\/a><\/p>\n<\/div>\n<h5>Proyectos PMDER<\/h5>\n<div>\n<p><a href=\"\/oportunidades-laborales\/llamados-a-expresion-de-interes-2\/\"><span style=\"font-weight: 400;\">Llamados a Expresi\u00f3n de Inter\u00e9s<\/span><\/a><\/p>\n<\/div>\n<h5>Registro de Personal Temporario<\/h5>\n<div>\n<ul>\n<li><a href=\"https:\/\/www2.aladi.org\/nsfaladi\/temporar.nsf\/w2floginR?openForm\">Registrarse<\/a><\/li>\n<li><a href=\"https:\/\/www2.aladi.org\/nsfaladi\/temporar.nsf\/w2flogin2R?openForm\">Actualizar Datos<\/a><\/li>\n<li><a href=\"\/oportunidades-laborales\/llamados-a-personal-temporario\/\">Convocatorias<\/a><\/li>\n<\/ul>\n<\/div>\n<h5><span>Registro de Consultores<\/span><\/h5>\n<div>\n<ul>\n<li><a href=\"https:\/\/www2.aladi.org\/nsfaladi\/consultores.nsf\/w2floginR?openForm\"><span>Registrarse<\/span><\/a><\/li>\n<li><a href=\"https:\/\/www2.aladi.org\/nsfaladi\/consultores.nsf\/w2flogin2R?openForm\">Actualizar Datos<\/a><\/li>\n<\/ul>\n<\/div>\n<p><!--more--><br \/>\n<!-- {\"type\":\"layout\",\"children\":[{\"type\":\"section\",\"props\":{\"animation\":\"slide-left-small\",\"animation_delay\":\"200\",\"css\":\".el-section {\\n\\tmax-height:400px;\\n    overflow: hidden;\\n}\",\"image_position\":\"center-center\",\"image_size\":\"cover\",\"padding\":\"none\",\"style\":\"default\",\"title_breakpoint\":\"xl\",\"title_position\":\"top-left\",\"title_rotation\":\"left\",\"vertical_align\":\"\",\"width\":\"xlarge\"},\"children\":[{\"type\":\"row\",\"children\":[{\"type\":\"column\",\"props\":{\"image_position\":\"center-center\",\"position_sticky_breakpoint\":\"m\"},\"children\":[{\"type\":\"image\",\"props\":{\"css\":\".el-image {\\n    background-size: contain;\\n    min-width: 100%;\\n}\",\"image\":\"wp-content\\\/uploads\\\/2025\\\/02\\\/Trabajar-en-ALADI-scaled.jpg\",\"image_svg_color\":\"emphasis\",\"margin\":\"default\"}}]}]}],\"name\":\"Foto banner\"},{\"type\":\"section\",\"props\":{\"image_loading\":true,\"image_position\":\"top-center\",\"media_visibility\":\"m\",\"padding\":\"xsmall\",\"padding_remove_horizontal\":false,\"padding_remove_top\":false,\"style\":\"default\",\"title_breakpoint\":\"xl\",\"title_position\":\"top-left\",\"title_rotation\":\"left\",\"vertical_align\":\"\",\"width\":\"xlarge\"},\"children\":[{\"type\":\"row\",\"props\":{\"width\":\"xlarge\"},\"children\":[{\"type\":\"column\",\"props\":{\"image_position\":\"center-center\",\"position_sticky_breakpoint\":\"m\"},\"children\":[{\"type\":\"breadcrumbs\",\"props\":{\"margin\":\"remove-vertical\",\"margin_remove_top\":true,\"show_current\":true,\"show_home\":true}}]}]},{\"type\":\"row\",\"props\":{\"margin_remove_bottom\":false,\"width\":\"xlarge\"},\"children\":[{\"type\":\"column\",\"props\":{\"image_position\":\"center-center\",\"image_size\":\"cover\",\"padding\":\"none\",\"position_sticky_breakpoint\":\"m\",\"vertical_align\":\"middle\"},\"children\":[{\"type\":\"headline\",\"props\":{\"content\":\"Acerca de\",\"link_style\":false,\"title_color\":\"primary\",\"title_element\":\"div\",\"title_style\":\"h6\"}},{\"type\":\"headline\",\"props\":{\"content\":\"<strong>Oportunidades Laborales<\\\/strong>\",\"content_pt_br\":\"<strong>Oportunidades de trabalho<\\\/strong>\",\"margin\":\"medium\",\"margin_remove_bottom\":false,\"margin_remove_top\":false,\"maxwidth\":\"xlarge\",\"text_align\":\"left\",\"text_align_fallback\":\"center\",\"title_color\":\"secondary\",\"title_element\":\"h1\",\"title_style\":\"h1\"}}]}]}],\"name\":\"T\\u00edtulos\"},{\"type\":\"section\",\"props\":{\"css\":\".el-section{\\n    margin-bottom: 50px;\\n\\t}\",\"image_position\":\"center-center\",\"padding\":\"small\",\"padding_remove_bottom\":false,\"padding_remove_top\":false,\"style\":\"default\",\"title_breakpoint\":\"xl\",\"title_position\":\"top-left\",\"title_rotation\":\"left\",\"vertical_align\":\"\",\"width\":\"xlarge\"},\"children\":[{\"type\":\"row\",\"props\":{\"column_gap\":\"large\",\"layout\":\"1-4,3-4\",\"margin\":\"large\",\"row_gap\":\"large\"},\"children\":[{\"type\":\"column\",\"props\":{\"image_position\":\"center-center\",\"position_sticky_breakpoint\":\"m\",\"style\":\"tile-muted\",\"width_medium\":\"1-4\"}},{\"type\":\"column\",\"props\":{\"image_position\":\"center-center\",\"position_sticky_breakpoint\":\"m\",\"width_medium\":\"3-4\"},\"children\":[{\"type\":\"fragment\",\"children\":[{\"type\":\"row\",\"props\":{\"layout\":\"1-2,1-2\"},\"children\":[{\"type\":\"column\",\"props\":{\"image_position\":\"center-center\",\"position_sticky_breakpoint\":\"m\",\"width_medium\":\"1-2\"},\"children\":[{\"type\":\"headline\",\"props\":{\"content\":\"Concursos\",\"content_pt_br\":\"Concursos\",\"title_color\":\"secondary\",\"title_decoration\":\"bullet\",\"title_element\":\"h5\",\"title_style\":\"text-lead\"}},{\"type\":\"text\",\"props\":{\"column_breakpoint\":\"m\",\"content\":\"\n\n<p><a href=\\\"https:\\\/\\\/www.aladi.org\\\/?page_id=3044\\\">Convocatorias<\\\/a><\\\/p>\",\"content_pt_br\":\"\n\n<p><a href=\\\"https:\\\/\\\/www.aladi.org\\\/?page_id=3044&amp;lang=pt\\\">Convoca\\u00e7\\u00f5es<\\\/a><\\\/p>\",\"margin\":\"default\"}},{\"type\":\"headline\",\"props\":{\"content\":\"Programa de Pasant\\u00edas\",\"content_pt_br\":\"Programa de est\\u00e1gios\",\"title_color\":\"secondary\",\"title_decoration\":\"bullet\",\"title_element\":\"h5\",\"title_style\":\"text-lead\"}},{\"type\":\"text\",\"props\":{\"column_breakpoint\":\"m\",\"content\":\"\n\n<p><a href=\\\"https:\\\/\\\/www.aladi.org\\\/oportunidades-laborales\\\/pasantias-para-jovenes-estudiantes\\\/\\\">Pasant\\u00edas postulaci\\u00f3n permanente<\\\/a><\\\/p>\",\"content_pt_br\":\"\n\n<p><a href=\\\"https:\\\/pt\\\/oportunidades-de-trabalho\\\/pasantias-para-jovenes-estudiantes\\\/\\\">Est\\u00e1gios inscri\\u00e7\\u00f5es abertas<\\\/a><\\\/p>\",\"margin\":\"default\"}},{\"type\":\"headline\",\"props\":{\"content\":\"Proyectos PMDER\",\"content_pt_br\":\"Projetos PMDER\",\"title_color\":\"secondary\",\"title_decoration\":\"bullet\",\"title_element\":\"h5\",\"title_style\":\"text-lead\"}},{\"type\":\"text\",\"props\":{\"column_breakpoint\":\"m\",\"content\":\"\n\n<p><a href=\\\"\\\/oportunidades-laborales\\\/llamados-a-expresion-de-interes-2\\\/\\\"><span style=\\\"font-weight: 400;\\\">Llamados a Expresi\\u00f3n de Inter\\u00e9s<\\\/span><\\\/a><\\\/p>\",\"content_pt_br\":\"\n\n<p><a href=\\\"https:\\\/\\\/www.aladi.org\\\/pt\\\/oportunidades-de-trabalho\\\/chamamento-de-pessoal-temporario\\\/?lang=pt\\\">Chamamento para manifesta\\u00e7\\u00e3o de interesse<\\\/a><\\\/p>\",\"margin\":\"default\"}}]},{\"type\":\"column\",\"props\":{\"image_position\":\"center-center\",\"position_sticky_breakpoint\":\"m\",\"width_medium\":\"1-2\"},\"children\":[{\"type\":\"headline\",\"props\":{\"content\":\"Registro de Personal Temporario\",\"content_pt_br\":\"Cadastro de Pessoal Tempor\\u00e1rio\",\"title_color\":\"secondary\",\"title_decoration\":\"bullet\",\"title_element\":\"h5\",\"title_style\":\"text-lead\"}},{\"type\":\"text\",\"props\":{\"column_breakpoint\":\"m\",\"content\":\"\n\n<ul>\\n\n\n<li><a href=\\\"https:\\\/\\\/www2.aladi.org\\\/nsfaladi\\\/temporar.nsf\\\/w2floginR?openForm\\\">Registrarse<\\\/a><\\\/li>\\n\n\n<li><a href=\\\"https:\\\/\\\/www2.aladi.org\\\/nsfaladi\\\/temporar.nsf\\\/w2flogin2R?openForm\\\">Actualizar Datos<\\\/a><\\\/li>\\n\n\n<li><a href=\\\"\\\/oportunidades-laborales\\\/llamados-a-personal-temporario\\\/\\\">Convocatorias<\\\/a><\\\/li>\\n<\\\/ul>\",\"content_pt_br\":\"\n\n<ul>\\n\n\n<li><a href=\\\"https:\\\/\\\/www2.aladi.org\\\/nsfaladi\\\/temporar.nsf\\\/w2floginR?openForm\\\">Cadastre-se<\\\/a><\\\/li>\\n\n\n<li><a href=\\\"https:\\\/\\\/www2.aladi.org\\\/nsfaladi\\\/temporar.nsf\\\/w2flogin2RP?openForm\\\">Atualizar Dados<\\\/a><\\\/li>\\n\n\n<li><a href=\\\"https:\\\/\\\/www.aladi.org\\\/?page_id=3048&amp;lang=pt\\\">Convoca\\u00e7\\u00f5es<\\\/a><\\\/li>\\n<\\\/ul>\",\"margin\":\"default\"}},{\"type\":\"headline\",\"props\":{\"content\":\"<span>Registro de Consultores<\\\/span>\",\"content_pt_br\":\"Cadastro de Consultores\",\"title_color\":\"secondary\",\"title_decoration\":\"bullet\",\"title_element\":\"h5\",\"title_style\":\"text-lead\"}},{\"type\":\"text\",\"props\":{\"column_breakpoint\":\"m\",\"content\":\"\n\n<ul>\\n\n\n<li><a href=\\\"https:\\\/\\\/www2.aladi.org\\\/nsfaladi\\\/consultores.nsf\\\/w2floginR?openForm\\\"><span>Registrarse<\\\/span><\\\/a><\\\/li>\\n\n\n<li><a href=\\\"https:\\\/\\\/www2.aladi.org\\\/nsfaladi\\\/consultores.nsf\\\/w2flogin2R?openForm\\\">Actualizar Datos<\\\/a><\\\/li>\\n<\\\/ul>\",\"content_pt_br\":\"\n\n<ul>\\n\n\n<li><a href=\\\"https:\\\/\\\/www2.aladi.org\\\/nsfaladi\\\/consultores.nsf\\\/w2floginR?openForm\\\">Cadastre-se<\\\/a><\\\/li>\\n\n\n<li><a href=\\\"https:\\\/\\\/www2.aladi.org\\\/nsfaladi\\\/consultores.nsf\\\/w2flogin2RP?openForm\\\">Atualizar Dados<\\\/a><\\\/li>\\n<\\\/ul>\",\"margin\":\"default\"}}]}]}],\"props\":{\"margin\":\"default\"}}]}]}],\"name\":\"Post\"}],\"version\":\"4.4.12\"} --><\/p>\n","protected":false},"excerpt":{"rendered":"<p>Acerca de Oportunidades Laborales Concursos Convocatorias Programa de Pasant\u00edas Pasant\u00edas postulaci\u00f3n permanente Proyectos PMDER Llamados a Expresi\u00f3n de Inter\u00e9s Registro de Personal Temporario Registrarse Actualizar Datos Convocatorias Registro de Consultores Registrarse Actualizar Datos<\/p>\n","protected":false},"author":1,"featured_media":0,"parent":0,"menu_order":0,"comment_status":"closed","ping_status":"closed","template":"","meta":{"_acf_changed":false,"footnotes":""},"class_list":["post-3036","page","type-page","status-publish","hentry"],"acf":[],"yoast_head":"<!-- This site is optimized with the Yoast SEO plugin v26.5 - https:\/\/yoast.com\/wordpress\/plugins\/seo\/ -->\n<title>Oportunidades de trabalho<\/title>\n<meta name=\"robots\" content=\"index, follow, max-snippet:-1, max-image-preview:large, max-video-preview:-1\" \/>\n<meta property=\"og:locale\" content=\"pt_BR\" \/>\n<meta property=\"og:type\" content=\"article\" \/>\n<meta property=\"og:title\" content=\"Oportunidades de trabalho\" \/>\n<meta property=\"og:url\" content=\"https:\/\/www.aladi.org\/pt\/oportunidades-de-trabalho\/\" \/>\n<meta property=\"og:site_name\" content=\"ALADI\" \/>\n<meta property=\"article:publisher\" content=\"https:\/\/es-la.facebook.com\/people\/ALADI\/100064606213084\/\" \/>\n<meta property=\"article:modified_time\" content=\"2026-04-21T20:08:33+00:00\" \/>\n<meta name=\"twitter:card\" content=\"summary_large_image\" \/>\n<meta name=\"twitter:site\" content=\"@ALADI_SG\" \/>\n<script type=\"application\/ld+json\" class=\"yoast-schema-graph\">{\"@context\":\"https:\/\/schema.org\",\"@graph\":[{\"@type\":\"WebPage\",\"@id\":\"https:\/\/www.aladi.org\/pt\/oportunidades-de-trabalho\/\",\"url\":\"https:\/\/www.aladi.org\/pt\/oportunidades-de-trabalho\/\",\"name\":\"Oportunidades Laborales - ALADI\",\"isPartOf\":{\"@id\":\"https:\/\/www.aladi.org\/#website\"},\"datePublished\":\"2023-08-07T16:05:48+00:00\",\"dateModified\":\"2026-04-21T20:08:33+00:00\",\"breadcrumb\":{\"@id\":\"https:\/\/www.aladi.org\/pt\/oportunidades-de-trabalho\/#breadcrumb\"},\"inLanguage\":\"pt-BR\",\"potentialAction\":[{\"@type\":\"ReadAction\",\"target\":[\"https:\/\/www.aladi.org\/pt\/oportunidades-de-trabalho\/\"]}]},{\"@type\":\"BreadcrumbList\",\"@id\":\"https:\/\/www.aladi.org\/pt\/oportunidades-de-trabalho\/#breadcrumb\",\"itemListElement\":[{\"@type\":\"ListItem\",\"position\":1,\"name\":\"Home\",\"item\":\"https:\/\/www.aladi.org\/\"},{\"@type\":\"ListItem\",\"position\":2,\"name\":\"Oportunidades de trabalho\"}]},{\"@type\":\"WebSite\",\"@id\":\"https:\/\/www.aladi.org\/pt\/#website\",\"url\":\"https:\/\/www.aladi.org\/pt\/\",\"name\":\"ALADI\",\"description\":\"Asociaci\u00f3n Latinoamericana de Integraci\u00f3n\",\"publisher\":{\"@id\":\"https:\/\/www.aladi.org\/pt\/#organization\"},\"potentialAction\":[{\"@type\":\"SearchAction\",\"target\":{\"@type\":\"EntryPoint\",\"urlTemplate\":\"https:\/\/www.aladi.org\/pt\/?s={search_term_string}\"},\"query-input\":{\"@type\":\"PropertyValueSpecification\",\"valueRequired\":true,\"valueName\":\"search_term_string\"}}],\"inLanguage\":\"pt-BR\"},{\"@type\":\"Organization\",\"@id\":\"https:\/\/www.aladi.org\/pt\/#organization\",\"name\":\"ALADI\",\"url\":\"https:\/\/www.aladi.org\/pt\/\",\"logo\":{\"@type\":\"ImageObject\",\"inLanguage\":\"pt-BR\",\"@id\":\"https:\/\/www.aladi.org\/pt\/#\/schema\/logo\/image\/\",\"url\":\"https:\/\/www.aladi.org\/wp-content\/uploads\/2025\/12\/Logo-ALADI.png\",\"contentUrl\":\"https:\/\/www.aladi.org\/wp-content\/uploads\/2025\/12\/Logo-ALADI.png\",\"width\":375,\"height\":235,\"caption\":\"ALADI\"},\"image\":{\"@id\":\"https:\/\/www.aladi.org\/pt\/#\/schema\/logo\/image\/\"},\"sameAs\":[\"https:\/\/es-la.facebook.com\/people\/ALADI\/100064606213084\/\",\"https:\/\/x.com\/ALADI_SG\",\"https:\/\/www.instagram.com\/aladi_sg\/?hl=es\",\"https:\/\/www.linkedin.com\/company\/aladi\/\",\"https:\/\/www.flickr.com\/photos\/aladi\/\",\"https:\/\/www.youtube.com\/channel\/UCrkJWOWHKF6igQmWE8Clnpg\"]}]}<\/script>\n<!-- \/ Yoast SEO plugin. -->","yoast_head_json":{"title":"Oportunidades de trabalho","robots":{"index":"index","follow":"follow","max-snippet":"max-snippet:-1","max-image-preview":"max-image-preview:large","max-video-preview":"max-video-preview:-1"},"og_locale":"pt_BR","og_type":"article","og_title":"Oportunidades de trabalho","og_url":"https:\/\/www.aladi.org\/pt\/oportunidades-de-trabalho\/","og_site_name":"ALADI","article_publisher":"https:\/\/es-la.facebook.com\/people\/ALADI\/100064606213084\/","article_modified_time":"2026-04-21T20:08:33+00:00","twitter_card":"summary_large_image","twitter_site":"@ALADI_SG","schema":{"@context":"https:\/\/schema.org","@graph":[{"@type":"WebPage","@id":"https:\/\/www.aladi.org\/pt\/oportunidades-de-trabalho\/","url":"https:\/\/www.aladi.org\/pt\/oportunidades-de-trabalho\/","name":"Oportunidades Laborales - ALADI","isPartOf":{"@id":"https:\/\/www.aladi.org\/#website"},"datePublished":"2023-08-07T16:05:48+00:00","dateModified":"2026-04-21T20:08:33+00:00","breadcrumb":{"@id":"https:\/\/www.aladi.org\/pt\/oportunidades-de-trabalho\/#breadcrumb"},"inLanguage":"pt-BR","potentialAction":[{"@type":"ReadAction","target":["https:\/\/www.aladi.org\/pt\/oportunidades-de-trabalho\/"]}]},{"@type":"BreadcrumbList","@id":"https:\/\/www.aladi.org\/pt\/oportunidades-de-trabalho\/#breadcrumb","itemListElement":[{"@type":"ListItem","position":1,"name":"Home","item":"https:\/\/www.aladi.org\/"},{"@type":"ListItem","position":2,"name":"Oportunidades de trabalho"}]},{"@type":"WebSite","@id":"https:\/\/www.aladi.org\/pt\/#website","url":"https:\/\/www.aladi.org\/pt\/","name":"ALADI","description":"Asociaci\u00f3n Latinoamericana de Integraci\u00f3n","publisher":{"@id":"https:\/\/www.aladi.org\/pt\/#organization"},"potentialAction":[{"@type":"SearchAction","target":{"@type":"EntryPoint","urlTemplate":"https:\/\/www.aladi.org\/pt\/?s={search_term_string}"},"query-input":{"@type":"PropertyValueSpecification","valueRequired":true,"valueName":"search_term_string"}}],"inLanguage":"pt-BR"},{"@type":"Organization","@id":"https:\/\/www.aladi.org\/pt\/#organization","name":"ALADI","url":"https:\/\/www.aladi.org\/pt\/","logo":{"@type":"ImageObject","inLanguage":"pt-BR","@id":"https:\/\/www.aladi.org\/pt\/#\/schema\/logo\/image\/","url":"https:\/\/www.aladi.org\/wp-content\/uploads\/2025\/12\/Logo-ALADI.png","contentUrl":"https:\/\/www.aladi.org\/wp-content\/uploads\/2025\/12\/Logo-ALADI.png","width":375,"height":235,"caption":"ALADI"},"image":{"@id":"https:\/\/www.aladi.org\/pt\/#\/schema\/logo\/image\/"},"sameAs":["https:\/\/es-la.facebook.com\/people\/ALADI\/100064606213084\/","https:\/\/x.com\/ALADI_SG","https:\/\/www.instagram.com\/aladi_sg\/?hl=es","https:\/\/www.linkedin.com\/company\/aladi\/","https:\/\/www.flickr.com\/photos\/aladi\/","https:\/\/www.youtube.com\/channel\/UCrkJWOWHKF6igQmWE8Clnpg"]}]}},"jetpack_sharing_enabled":true,"_links":{"self":[{"href":"https:\/\/www.aladi.org\/pt\/wp-json\/wp\/v2\/pages\/3036","targetHints":{"allow":["GET"]}}],"collection":[{"href":"https:\/\/www.aladi.org\/pt\/wp-json\/wp\/v2\/pages"}],"about":[{"href":"https:\/\/www.aladi.org\/pt\/wp-json\/wp\/v2\/types\/page"}],"author":[{"embeddable":true,"href":"https:\/\/www.aladi.org\/pt\/wp-json\/wp\/v2\/users\/1"}],"replies":[{"embeddable":true,"href":"https:\/\/www.aladi.org\/pt\/wp-json\/wp\/v2\/comments?post=3036"}],"version-history":[{"count":35,"href":"https:\/\/www.aladi.org\/pt\/wp-json\/wp\/v2\/pages\/3036\/revisions"}],"predecessor-version":[{"id":14870,"href":"https:\/\/www.aladi.org\/pt\/wp-json\/wp\/v2\/pages\/3036\/revisions\/14870"}],"wp:attachment":[{"href":"https:\/\/www.aladi.org\/pt\/wp-json\/wp\/v2\/media?parent=3036"}],"curies":[{"name":"wp","href":"https:\/\/api.w.org\/{rel}","templated":true}]}}