{"id":2948,"date":"2023-07-31T19:51:47","date_gmt":"2023-07-31T19:51:47","guid":{"rendered":"https:\/\/sitio.aladi.org\/?page_id=2948&#038;lang=es"},"modified":"2025-11-25T14:34:03","modified_gmt":"2025-11-25T14:34:03","slug":"ultimas-reuniones-cod","status":"publish","type":"page","link":"https:\/\/www.aladi.org\/pt\/agenda-digital\/certificacao-de-origem-digital\/ultimas-reunioes-cod\/","title":{"rendered":"\u00daltimas Reuni\u00f5es COD"},"content":{"rendered":"<div>Certificado de Origen Digital<\/div>\n<h1><strong>\u00daltimas reuniones COD<\/strong><\/h1>\n<h1><a href=\"https:\/\/www2.aladi.org\/sitioALADI\/documentos\/cod\/Acta_V_GT_COD.pdf\" target=\"_blank\" rel=\"noopener\">V Reuni\u00f3n del Grupo T\u00e9cnico para la Certificaci\u00f3n de Origen Digital de la ALADI (16 de octubre de 2025)<\/a><\/h1>\n<h1><a href=\"https:\/\/www2.aladi.org\/sitioALADI\/documentos\/cod\/Acta_VIII_Reunion_CC_COD.pdf\" target=\"_blank\" rel=\"noopener\">VIII Reuni\u00f3n de la Comisi\u00f3n de Coordinaci\u00f3n para la Certificaci\u00f3n de Origen Digital de la ALADI (15 de octubre de 2025)<\/a><\/h1>\n<h1><a href=\"https:\/\/www2.aladi.org\/sitioALADI\/documentos\/cod\/ACTA_IV_GT_COD.pdf\" target=\"_blank\" rel=\"noopener\">IV Reuni\u00f3n del Grupo T\u00e9cnico para la Certificaci\u00f3n de Origen Digital de la ALADI (23 de octubre de 2024)<\/a><\/h1>\n<h1><a href=\"https:\/\/www2.aladi.org\/sitioALADI\/documentos\/cod\/Acta_VII_Reunion_CC_COD.pdf\" target=\"_blank\" rel=\"noopener\">VII Reuni\u00f3n de la Comisi\u00f3n de Coordinaci\u00f3n para la Certificaci\u00f3n de Origen Digital de la ALADI (22 de octubre de 2024)<\/a><\/h1>\n<h1><a href=\"https:\/\/www2.aladi.org\/sitioALADI\/documentos\/cod\/RP_CC_COD_006_Acta_Final.pdf\" target=\"_blank\" rel=\"noopener\">VI Reuni\u00f3n de la Comisi\u00f3n de Coordinaci\u00f3n para la Certificaci\u00f3n de Origen Digital de la ALADI (16 de noviembre de 2023)<br \/><\/a><a href=\"https:\/\/www2.aladi.org\/sitioALADI\/documentos\/cod\/RP_CC_COD_006_Acta_Final.pdf\" target=\"_blank\" rel=\"noopener\"><\/a><\/h1>\n<h1><a href=\"https:\/\/www2.aladi.org\/sitioALADI\/documentos\/cod\/Acta_IIIRPGTCOD.pdf\" target=\"_blank\" rel=\"noopener\">III Reuni\u00f3n Presencial del Grupo T\u00e9cnico para la Certificaci\u00f3n de Origen Digital de la ALADI (25 y 26 de octubre de 2023)<br \/><\/a><a href=\"https:\/\/www2.aladi.org\/sitioALADI\/documentos\/cod\/RP_CC_COD_006_Acta_Final.pdf\"><\/a><\/h1>\n<h1><a href=\"https:\/\/www2.aladi.org\/sitioALADI\/documentos\/cod\/ActaVReunionCC.pdf\" target=\"_blank\" rel=\"noopener\"><span style=\"font-weight: 400;\">V Reuni\u00f3n de la Comisi\u00f3n de Coordinaci\u00f3n para la Certificaci\u00f3n de Origen Digital de la ALADI (25 y 26 de octubre de 2022)<\/span><\/a><\/h1>\n<h1><a href=\"https:\/\/www2.aladi.org\/sitioALADI\/documentos\/cod\/IVReunionDeLaComisionDeCoordinacion.pdf\" target=\"_blank\" rel=\"noopener\"><span style=\"font-weight: 400;\">IV Reuni\u00f3n de la Comisi\u00f3n de Coordinaci\u00f3n para la Certificaci\u00f3n de Origen Digital de la ALADI (4 de noviembre de 2021)<\/span><\/a><\/h1>\n<h1><a href=\"https:\/\/www2.aladi.org\/sitioAladi\/reuniones\/COD\/2020\/ACTAIIIR.V.CCCOD.PDF\" target=\"_blank\" rel=\"noopener\"><span style=\"font-weight: 400;\">III Reuni\u00f3n de la Comisi\u00f3n de Coordinaci\u00f3n para la Certificaci\u00f3n de Origen Digital de la ALADI (27 de octubre de 2020)<\/span><\/a><\/h1>\n<h1><a href=\"http:\/\/www2.aladi.org\/sitioAladi\/reuniones\/COD\/2018\/RP_CC_COD_002_Acta_Final.pdf\" target=\"_blank\" rel=\"noopener\"><span style=\"font-weight: 400;\">II Reuni\u00f3n Presencial de la Comisi\u00f3n de Coordinaci\u00f3n para la Certificaci\u00f3n de Origen Digital (16 y 17 de agosto de 2018)<\/span><\/a><\/h1>\n<h1><a href=\"http:\/\/www2.aladi.org\/sitioAladi\/reuniones\/COD\/2018\/ACTAIIGTCOD.pdf\" target=\"_blank\" rel=\"noopener\"><span style=\"font-weight: 400;\">II Reuni\u00f3n Presencial del Grupo T\u00e9cnico para la Certificaci\u00f3n de Origen Digital de la ALADI (14 y 15 de agosto de 2018)<\/span><\/a><\/h1>\n<p><!--more--><br \/>\n<!-- {\"type\":\"layout\",\"children\":[{\"type\":\"section\",\"props\":{\"image_loading\":true,\"image_position\":\"top-center\",\"media_visibility\":\"m\",\"padding\":\"xsmall\",\"padding_remove_horizontal\":false,\"padding_remove_top\":false,\"style\":\"default\",\"title_breakpoint\":\"xl\",\"title_position\":\"top-left\",\"title_rotation\":\"left\",\"vertical_align\":\"\",\"width\":\"xlarge\"},\"children\":[{\"type\":\"row\",\"props\":{\"width\":\"xlarge\"},\"children\":[{\"type\":\"column\",\"props\":{\"image_position\":\"center-center\",\"position_sticky_breakpoint\":\"m\"},\"children\":[{\"type\":\"breadcrumbs\",\"props\":{\"margin\":\"remove-vertical\",\"margin_remove_top\":true,\"show_current\":true,\"show_home\":true}}]}]},{\"type\":\"row\",\"props\":{\"margin_remove_bottom\":false,\"width\":\"xlarge\"},\"children\":[{\"type\":\"column\",\"props\":{\"image_position\":\"center-center\",\"image_size\":\"cover\",\"padding\":\"none\",\"position_sticky_breakpoint\":\"m\",\"vertical_align\":\"middle\"},\"children\":[{\"type\":\"headline\",\"props\":{\"content\":\"Certificado de Origen Digital\",\"content_pt_br\":\"Certificado de Origem Digital\",\"link_style\":false,\"title_color\":\"primary\",\"title_element\":\"div\",\"title_style\":\"h6\"}},{\"type\":\"headline\",\"props\":{\"content\":\"<strong>\\u00daltimas reuniones COD<\\\/strong>\",\"content_pt_br\":\"<strong>\\u00daltimas Reuni\\u00f5es COD<\\\/strong>\",\"margin\":\"medium\",\"margin_remove_bottom\":false,\"margin_remove_top\":false,\"maxwidth\":\"xlarge\",\"text_align\":\"left\",\"text_align_fallback\":\"center\",\"title_color\":\"secondary\",\"title_element\":\"h1\",\"title_style\":\"h1\"}}]}]}],\"name\":\"T\\u00edtulos\"},{\"type\":\"section\",\"props\":{\"css\":\".el-section{\\n    margin-bottom: 50px;\\n\\t}\",\"image_position\":\"center-center\",\"padding\":\"small\",\"padding_remove_bottom\":false,\"padding_remove_top\":false,\"style\":\"default\",\"title_breakpoint\":\"xl\",\"title_position\":\"top-left\",\"title_rotation\":\"left\",\"vertical_align\":\"\",\"width\":\"xlarge\"},\"children\":[{\"type\":\"row\",\"props\":{\"column_gap\":\"large\",\"layout\":\"1-4,3-4\",\"margin\":\"large\",\"row_gap\":\"large\"},\"children\":[{\"type\":\"column\",\"props\":{\"image_position\":\"center-center\",\"position_sticky_breakpoint\":\"m\",\"style\":\"tile-muted\",\"width_medium\":\"1-4\"}},{\"type\":\"column\",\"props\":{\"image_position\":\"center-center\",\"position_sticky_breakpoint\":\"m\",\"width_medium\":\"3-4\"},\"children\":[{\"type\":\"fragment\",\"children\":[{\"type\":\"row\",\"props\":{\"divider\":false,\"margin_remove_bottom\":false,\"margin_remove_top\":false,\"match\":false},\"children\":[{\"type\":\"column\",\"props\":{\"image_position\":\"center-center\",\"position_sticky_breakpoint\":\"m\"},\"children\":[{\"type\":\"headline\",\"props\":{\"block_align\":\"center\",\"content\":\"<a href=\\\"https:\\\/\\\/www2.aladi.org\\\/sitioALADI\\\/documentos\\\/cod\\\/Acta_V_GT_COD.pdf\\\" target=\\\"_blank\\\" rel=\\\"noopener\\\">V Reuni\\u00f3n del Grupo T\\u00e9cnico para la Certificaci\\u00f3n de Origen Digital de la ALADI (16 de octubre de 2025)<\\\/a>\",\"content_pt_br\":\"<a href=\\\"https:\\\/\\\/www2.aladi.org\\\/sitioALADI\\\/documentos\\\/cod\\\/Acta_V_GT_COD_pt.pdf\\\" target=\\\"_blank\\\" rel=\\\"noopener\\\">V Reuni\\u00e3o do Grupo T\\u00e9cnico para a Certifica\\u00e7\\u00e3o de Origem Digital da ALADI (16 de outubro de 2025)<\\\/a>\",\"text_align\":\"left\",\"title_decoration\":\"bullet\",\"title_element\":\"h1\",\"title_style\":\"h6\"}},{\"type\":\"headline\",\"props\":{\"block_align\":\"center\",\"content\":\"<a href=\\\"https:\\\/\\\/www2.aladi.org\\\/sitioALADI\\\/documentos\\\/cod\\\/Acta_VIII_Reunion_CC_COD.pdf\\\" target=\\\"_blank\\\" rel=\\\"noopener\\\">VIII Reuni\\u00f3n de la Comisi\\u00f3n de Coordinaci\\u00f3n para la Certificaci\\u00f3n de Origen Digital de la ALADI (15 de octubre de 2025)<\\\/a>\",\"content_pt_br\":\"<a href=\\\"https:\\\/\\\/www2.aladi.org\\\/sitioALADI\\\/documentos\\\/cod\\\/Acta_VIII_Reunion_CC_COD_pt.pdf\\\" target=\\\"_blank\\\" rel=\\\"noopener\\\">VIII Reuni\\u00e3o da Comiss\\u00e3o de Coordena\\u00e7\\u00e3o para a Certifica\\u00e7\\u00e3o de Origem Digital da ALADI (15 de outubro de 2025)<\\\/a>\",\"text_align\":\"left\",\"title_decoration\":\"bullet\",\"title_element\":\"h1\",\"title_style\":\"h6\"}},{\"type\":\"headline\",\"props\":{\"block_align\":\"center\",\"content\":\"<a href=\\\"https:\\\/\\\/www2.aladi.org\\\/sitioALADI\\\/documentos\\\/cod\\\/ACTA_IV_GT_COD.pdf\\\" target=\\\"_blank\\\" rel=\\\"noopener\\\">IV Reuni\\u00f3n del Grupo T\\u00e9cnico para la Certificaci\\u00f3n de Origen Digital de la ALADI (23 de octubre de 2024)<\\\/a>\",\"content_pt_br\":\"<a href=\\\"https:\\\/\\\/www2.aladi.org\\\/sitioALADI\\\/documentos\\\/cod\\\/ACTA_IV_GT_COD_pt.pdf\\\" target=\\\"_blank\\\" rel=\\\"noopener\\\">IV Reuni\\u00e3o do Grupo T\\u00e9cnico para a Certifica\\u00e7\\u00e3o de Origem Digital da ALADI (23 de outubro de 2024)<\\\/a>\",\"text_align\":\"left\",\"title_decoration\":\"bullet\",\"title_element\":\"h1\",\"title_style\":\"h6\"}},{\"type\":\"headline\",\"props\":{\"block_align\":\"center\",\"content\":\"<a href=\\\"https:\\\/\\\/www2.aladi.org\\\/sitioALADI\\\/documentos\\\/cod\\\/Acta_VII_Reunion_CC_COD.pdf\\\" target=\\\"_blank\\\" rel=\\\"noopener\\\">VII Reuni\\u00f3n de la Comisi\\u00f3n de Coordinaci\\u00f3n para la Certificaci\\u00f3n de Origen Digital de la ALADI (22 de octubre de 2024)<\\\/a>\",\"content_pt_br\":\"<a href=\\\"https:\\\/\\\/www2.aladi.org\\\/sitioALADI\\\/documentos\\\/cod\\\/Acta_VII_Reunion_CC_COD_pt.pdf\\\" target=\\\"_blank\\\" rel=\\\"noopener\\\">VII Reuni\\u00e3o da Comiss\\u00e3o de Coordena\\u00e7\\u00e3o para a Certifica\\u00e7\\u00e3o de Origem Digital da ALADI (22 de outubro de 2024)<\\\/a>\",\"text_align\":\"left\",\"title_decoration\":\"bullet\",\"title_element\":\"h1\",\"title_style\":\"h6\"}},{\"type\":\"headline\",\"props\":{\"block_align\":\"center\",\"content\":\"<a href=\\\"https:\\\/\\\/www2.aladi.org\\\/sitioALADI\\\/documentos\\\/cod\\\/RP_CC_COD_006_Acta_Final.pdf\\\" target=\\\"_blank\\\" rel=\\\"noopener\\\">VI Reuni\\u00f3n de la Comisi\\u00f3n de Coordinaci\\u00f3n para la Certificaci\\u00f3n de Origen Digital de la ALADI (16 de noviembre de 2023)<br \\\/><\\\/a><a href=\\\"https:\\\/\\\/www2.aladi.org\\\/sitioALADI\\\/documentos\\\/cod\\\/RP_CC_COD_006_Acta_Final.pdf\\\" target=\\\"_blank\\\" rel=\\\"noopener\\\"><\\\/a>\",\"content_pt_br\":\"<a href=\\\"https:\\\/\\\/www2.aladi.org\\\/sitioALADI\\\/documentos\\\/cod\\\/ActaVIReunionCCpt.pdf\\\" target=\\\"_blank\\\" rel=\\\"noopener\\\">VI Reuni\\u00e3o da Comiss\\u00e3o de Coordena\\u00e7\\u00e3o para a Certifica\\u00e7\\u00e3o de Origem Digital da ALADI (16 de novembro de 2023)<\\\/a>\",\"text_align\":\"left\",\"title_decoration\":\"bullet\",\"title_element\":\"h1\",\"title_style\":\"h6\"}},{\"type\":\"headline\",\"props\":{\"block_align\":\"center\",\"content\":\"<a href=\\\"https:\\\/\\\/www2.aladi.org\\\/sitioALADI\\\/documentos\\\/cod\\\/Acta_IIIRPGTCOD.pdf\\\" target=\\\"_blank\\\" rel=\\\"noopener\\\">III Reuni\\u00f3n Presencial del Grupo T\\u00e9cnico para la Certificaci\\u00f3n de Origen Digital de la ALADI (25 y 26 de octubre de 2023)<br \\\/><\\\/a><a href=\\\"https:\\\/\\\/www2.aladi.org\\\/sitioALADI\\\/documentos\\\/cod\\\/RP_CC_COD_006_Acta_Final.pdf\\\"><\\\/a>\",\"content_pt_br\":\"<a href=\\\"https:\\\/\\\/www2.aladi.org\\\/sitioALADI\\\/documentos\\\/cod\\\/Acta_IIIRPGTCODpt.pdf\\\" target=\\\"_blank\\\" rel=\\\"noopener\\\">III Reuni\\u00e3o Presencial do Grupo T\\u00e9cnico para a Certifica\\u00e7\\u00e3o de Origem Digital da ALADI (25 e 26 de novembro de 2023)<\\\/a>\",\"text_align\":\"left\",\"title_decoration\":\"bullet\",\"title_element\":\"h1\",\"title_style\":\"h6\"}},{\"type\":\"headline\",\"props\":{\"block_align\":\"center\",\"content\":\"<a href=\\\"https:\\\/\\\/www2.aladi.org\\\/sitioALADI\\\/documentos\\\/cod\\\/ActaVReunionCC.pdf\\\" target=\\\"_blank\\\" rel=\\\"noopener\\\"><span style=\\\"font-weight: 400;\\\">V Reuni\\u00f3n de la Comisi\\u00f3n de Coordinaci\\u00f3n para la Certificaci\\u00f3n de Origen Digital de la ALADI (25 y 26 de octubre de 2022)<\\\/span><\\\/a>\",\"content_pt_br\":\"<a href=\\\"https:\\\/\\\/www2.aladi.org\\\/sitioALADI\\\/documentos\\\/cod\\\/ActaVReunionCCpt.pdf\\\" target=\\\"_blank\\\" rel=\\\"noopener\\\">V Reuni\\u00e3o da Comiss\\u00e3o de Coordena\\u00e7\\u00e3o para a Certifica\\u00e7\\u00e3o de Origem Digital da ALADI (25 e 26 de outubro de 2022)<\\\/a>\",\"text_align\":\"left\",\"title_decoration\":\"bullet\",\"title_element\":\"h1\",\"title_style\":\"h6\"}},{\"type\":\"headline\",\"props\":{\"content\":\"<a href=\\\"https:\\\/\\\/www2.aladi.org\\\/sitioALADI\\\/documentos\\\/cod\\\/IVReunionDeLaComisionDeCoordinacion.pdf\\\" target=\\\"_blank\\\" rel=\\\"noopener\\\"><span style=\\\"font-weight: 400;\\\">IV Reuni\\u00f3n de la Comisi\\u00f3n de Coordinaci\\u00f3n para la Certificaci\\u00f3n de Origen Digital de la ALADI (4 de noviembre de 2021)<\\\/span><\\\/a>\",\"content_pt_br\":\"<a href=\\\"https:\\\/\\\/www2.aladi.org\\\/sitioALADI\\\/documentos\\\/cod\\\/IVReuniaoDaComissaoDeCoordenacaopt.pdf\\\" target=\\\"_blank\\\" rel=\\\"noopener\\\">IV Reuni\\u00e3o da Comiss\\u00e3o de Coordena\\u00e7\\u00e3o para Certifica\\u00e7\\u00e3o de Origem Digital (4 de novembro de 2021)<\\\/a>\",\"title_decoration\":\"bullet\",\"title_element\":\"h1\",\"title_style\":\"h6\"}},{\"type\":\"headline\",\"props\":{\"content\":\"<a href=\\\"https:\\\/\\\/www2.aladi.org\\\/sitioAladi\\\/reuniones\\\/COD\\\/2020\\\/ACTAIIIR.V.CCCOD.PDF\\\" target=\\\"_blank\\\" rel=\\\"noopener\\\"><span style=\\\"font-weight: 400;\\\">III Reuni\\u00f3n de la Comisi\\u00f3n de Coordinaci\\u00f3n para la Certificaci\\u00f3n de Origen Digital de la ALADI (27 de octubre de 2020)<\\\/span><\\\/a>\",\"content_pt_br\":\"<a href=\\\"https:\\\/\\\/www2.aladi.org\\\/sitioAladi\\\/reuniones\\\/COD\\\/2020\\\/ACTAIIIR.V.CCCODport.pdf\\\" target=\\\"_blank\\\" rel=\\\"noopener\\\">III Reuni\\u00e3o da Comiss\\u00e3o de Coordena\\u00e7\\u00e3o para Certifica\\u00e7\\u00e3o de Origem Digital (27 de outobro de 2020)<\\\/a>\",\"title_decoration\":\"bullet\",\"title_element\":\"h1\",\"title_style\":\"h6\"}},{\"type\":\"headline\",\"props\":{\"content\":\"<a href=\\\"http:\\\/\\\/www2.aladi.org\\\/sitioAladi\\\/reuniones\\\/COD\\\/2018\\\/RP_CC_COD_002_Acta_Final.pdf\\\" target=\\\"_blank\\\" rel=\\\"noopener\\\"><span style=\\\"font-weight: 400;\\\">II Reuni\\u00f3n Presencial de la Comisi\\u00f3n de Coordinaci\\u00f3n para la Certificaci\\u00f3n de Origen Digital (16 y 17 de agosto de 2018)<\\\/span><\\\/a>\",\"content_pt_br\":\"<a href=\\\"https:\\\/\\\/www2.aladi.org\\\/sitioAladi\\\/reuniones2018_COD.html\\\" target=\\\"_blank\\\" rel=\\\"noopener\\\">II Reuni\\u00e3o Presencial da Comiss\\u00e3o de Coordena\\u00e7\\u00e3o para Certifica\\u00e7\\u00e3o de Origem Digital (16 e 17 de agosto de 2018)<\\\/a>\",\"title_decoration\":\"bullet\",\"title_element\":\"h1\",\"title_style\":\"h6\"}},{\"type\":\"headline\",\"props\":{\"content\":\"<a href=\\\"http:\\\/\\\/www2.aladi.org\\\/sitioAladi\\\/reuniones\\\/COD\\\/2018\\\/ACTAIIGTCOD.pdf\\\" target=\\\"_blank\\\" rel=\\\"noopener\\\"><span style=\\\"font-weight: 400;\\\">II Reuni\\u00f3n Presencial del Grupo T\\u00e9cnico para la Certificaci\\u00f3n de Origen Digital de la ALADI (14 y 15 de agosto de 2018)<\\\/span><\\\/a>\",\"content_pt_br\":\"<a href=\\\"https:\\\/\\\/www2.aladi.org\\\/sitioAladi\\\/reuniones2018_CODAgosto.html\\\" target=\\\"_blank\\\" rel=\\\"noopener\\\">II Reuni\\u00e3o Presencial do Grupo T\\u00e9cnico para a Certifica\\u00e7\\u00e3o de Origem Digital da ALADI (14 e 15 de agosto de 2018)<\\\/a>\",\"title_decoration\":\"bullet\",\"title_element\":\"h1\",\"title_style\":\"h6\"}}]}]},{\"type\":\"row\",\"children\":[{\"type\":\"column\",\"props\":{\"image_position\":\"center-center\",\"position_sticky_breakpoint\":\"m\"}}]}],\"props\":{\"margin\":\"default\"}}]}]}],\"name\":\"Post\"}],\"version\":\"4.4.12\"} --><\/p>\n","protected":false},"excerpt":{"rendered":"<p>Certificado de Origen Digital \u00daltimas reuniones COD V Reuni\u00f3n del Grupo T\u00e9cnico para la Certificaci\u00f3n de Origen Digital de la ALADI (16 de octubre de 2025) VIII Reuni\u00f3n de la Comisi\u00f3n de Coordinaci\u00f3n para la Certificaci\u00f3n de Origen Digital de la ALADI (15 de octubre de 2025) IV Reuni\u00f3n del Grupo T\u00e9cnico para la Certificaci\u00f3n [&hellip;]<\/p>\n","protected":false},"author":1,"featured_media":0,"parent":2451,"menu_order":0,"comment_status":"closed","ping_status":"closed","template":"","meta":{"_acf_changed":false,"footnotes":""},"class_list":["post-2948","page","type-page","status-publish","hentry"],"acf":[],"yoast_head":"<!-- This site is optimized with the Yoast SEO plugin v26.5 - https:\/\/yoast.com\/wordpress\/plugins\/seo\/ -->\n<title>\u00daltimas Reuni\u00f5es COD<\/title>\n<meta name=\"robots\" content=\"index, follow, max-snippet:-1, max-image-preview:large, max-video-preview:-1\" \/>\n<meta property=\"og:locale\" content=\"pt_BR\" \/>\n<meta property=\"og:type\" content=\"article\" \/>\n<meta property=\"og:title\" content=\"\u00daltimas Reuni\u00f5es COD\" \/>\n<meta property=\"og:url\" content=\"https:\/\/www.aladi.org\/pt\/agenda-digital\/certificacao-de-origem-digital\/ultimas-reunioes-cod\/\" \/>\n<meta property=\"og:site_name\" content=\"ALADI\" \/>\n<meta property=\"article:publisher\" content=\"https:\/\/es-la.facebook.com\/people\/ALADI\/100064606213084\/\" \/>\n<meta property=\"article:modified_time\" content=\"2025-11-25T14:34:03+00:00\" \/>\n<meta name=\"twitter:card\" content=\"summary_large_image\" \/>\n<meta name=\"twitter:site\" content=\"@ALADI_SG\" \/>\n<meta name=\"twitter:label1\" content=\"Est. reading time\" \/>\n\t<meta name=\"twitter:data1\" content=\"1 minute\" \/>\n<script type=\"application\/ld+json\" class=\"yoast-schema-graph\">{\"@context\":\"https:\/\/schema.org\",\"@graph\":[{\"@type\":\"WebPage\",\"@id\":\"https:\/\/www.aladi.org\/pt\/agenda-digital\/certificacao-de-origem-digital\/ultimas-reunioes-cod\/\",\"url\":\"https:\/\/www.aladi.org\/pt\/agenda-digital\/certificacao-de-origem-digital\/ultimas-reunioes-cod\/\",\"name\":\"\u00daltimas reuniones COD - ALADI\",\"isPartOf\":{\"@id\":\"https:\/\/www.aladi.org\/#website\"},\"datePublished\":\"2023-07-31T19:51:47+00:00\",\"dateModified\":\"2025-11-25T14:34:03+00:00\",\"breadcrumb\":{\"@id\":\"https:\/\/www.aladi.org\/pt\/agenda-digital\/certificacao-de-origem-digital\/ultimas-reunioes-cod\/#breadcrumb\"},\"inLanguage\":\"pt-BR\",\"potentialAction\":[{\"@type\":\"ReadAction\",\"target\":[\"https:\/\/www.aladi.org\/pt\/agenda-digital\/certificacao-de-origem-digital\/ultimas-reunioes-cod\/\"]}]},{\"@type\":\"BreadcrumbList\",\"@id\":\"https:\/\/www.aladi.org\/pt\/agenda-digital\/certificacao-de-origem-digital\/ultimas-reunioes-cod\/#breadcrumb\",\"itemListElement\":[{\"@type\":\"ListItem\",\"position\":1,\"name\":\"Home\",\"item\":\"https:\/\/www.aladi.org\/\"},{\"@type\":\"ListItem\",\"position\":2,\"name\":\"Agenda Digital\",\"item\":\"https:\/\/www.aladi.org\/agenda-digital\/\"},{\"@type\":\"ListItem\",\"position\":3,\"name\":\"Certifica\u00e7\u00e3o de origem Digital\",\"item\":\"https:\/\/www.aladi.org\/agenda-digital\/certificado-de-origen-digital\/\"},{\"@type\":\"ListItem\",\"position\":4,\"name\":\"\u00daltimas Reuni\u00f5es COD\"}]},{\"@type\":\"WebSite\",\"@id\":\"https:\/\/www.aladi.org\/pt\/#website\",\"url\":\"https:\/\/www.aladi.org\/pt\/\",\"name\":\"ALADI\",\"description\":\"Asociaci\u00f3n Latinoamericana de Integraci\u00f3n\",\"publisher\":{\"@id\":\"https:\/\/www.aladi.org\/pt\/#organization\"},\"potentialAction\":[{\"@type\":\"SearchAction\",\"target\":{\"@type\":\"EntryPoint\",\"urlTemplate\":\"https:\/\/www.aladi.org\/pt\/?s={search_term_string}\"},\"query-input\":{\"@type\":\"PropertyValueSpecification\",\"valueRequired\":true,\"valueName\":\"search_term_string\"}}],\"inLanguage\":\"pt-BR\"},{\"@type\":\"Organization\",\"@id\":\"https:\/\/www.aladi.org\/pt\/#organization\",\"name\":\"ALADI\",\"url\":\"https:\/\/www.aladi.org\/pt\/\",\"logo\":{\"@type\":\"ImageObject\",\"inLanguage\":\"pt-BR\",\"@id\":\"https:\/\/www.aladi.org\/pt\/#\/schema\/logo\/image\/\",\"url\":\"https:\/\/www.aladi.org\/wp-content\/uploads\/2025\/12\/Logo-ALADI.png\",\"contentUrl\":\"https:\/\/www.aladi.org\/wp-content\/uploads\/2025\/12\/Logo-ALADI.png\",\"width\":375,\"height\":235,\"caption\":\"ALADI\"},\"image\":{\"@id\":\"https:\/\/www.aladi.org\/pt\/#\/schema\/logo\/image\/\"},\"sameAs\":[\"https:\/\/es-la.facebook.com\/people\/ALADI\/100064606213084\/\",\"https:\/\/x.com\/ALADI_SG\",\"https:\/\/www.instagram.com\/aladi_sg\/?hl=es\",\"https:\/\/www.linkedin.com\/company\/aladi\/\",\"https:\/\/www.flickr.com\/photos\/aladi\/\",\"https:\/\/www.youtube.com\/channel\/UCrkJWOWHKF6igQmWE8Clnpg\"]}]}<\/script>\n<!-- \/ Yoast SEO plugin. -->","yoast_head_json":{"title":"\u00daltimas Reuni\u00f5es COD","robots":{"index":"index","follow":"follow","max-snippet":"max-snippet:-1","max-image-preview":"max-image-preview:large","max-video-preview":"max-video-preview:-1"},"og_locale":"pt_BR","og_type":"article","og_title":"\u00daltimas Reuni\u00f5es COD","og_url":"https:\/\/www.aladi.org\/pt\/agenda-digital\/certificacao-de-origem-digital\/ultimas-reunioes-cod\/","og_site_name":"ALADI","article_publisher":"https:\/\/es-la.facebook.com\/people\/ALADI\/100064606213084\/","article_modified_time":"2025-11-25T14:34:03+00:00","twitter_card":"summary_large_image","twitter_site":"@ALADI_SG","twitter_misc":{"Est. reading time":"1 minute"},"schema":{"@context":"https:\/\/schema.org","@graph":[{"@type":"WebPage","@id":"https:\/\/www.aladi.org\/pt\/agenda-digital\/certificacao-de-origem-digital\/ultimas-reunioes-cod\/","url":"https:\/\/www.aladi.org\/pt\/agenda-digital\/certificacao-de-origem-digital\/ultimas-reunioes-cod\/","name":"\u00daltimas reuniones COD - ALADI","isPartOf":{"@id":"https:\/\/www.aladi.org\/#website"},"datePublished":"2023-07-31T19:51:47+00:00","dateModified":"2025-11-25T14:34:03+00:00","breadcrumb":{"@id":"https:\/\/www.aladi.org\/pt\/agenda-digital\/certificacao-de-origem-digital\/ultimas-reunioes-cod\/#breadcrumb"},"inLanguage":"pt-BR","potentialAction":[{"@type":"ReadAction","target":["https:\/\/www.aladi.org\/pt\/agenda-digital\/certificacao-de-origem-digital\/ultimas-reunioes-cod\/"]}]},{"@type":"BreadcrumbList","@id":"https:\/\/www.aladi.org\/pt\/agenda-digital\/certificacao-de-origem-digital\/ultimas-reunioes-cod\/#breadcrumb","itemListElement":[{"@type":"ListItem","position":1,"name":"Home","item":"https:\/\/www.aladi.org\/"},{"@type":"ListItem","position":2,"name":"Agenda Digital","item":"https:\/\/www.aladi.org\/agenda-digital\/"},{"@type":"ListItem","position":3,"name":"Certifica\u00e7\u00e3o de origem Digital","item":"https:\/\/www.aladi.org\/agenda-digital\/certificado-de-origen-digital\/"},{"@type":"ListItem","position":4,"name":"\u00daltimas Reuni\u00f5es COD"}]},{"@type":"WebSite","@id":"https:\/\/www.aladi.org\/pt\/#website","url":"https:\/\/www.aladi.org\/pt\/","name":"ALADI","description":"Asociaci\u00f3n Latinoamericana de Integraci\u00f3n","publisher":{"@id":"https:\/\/www.aladi.org\/pt\/#organization"},"potentialAction":[{"@type":"SearchAction","target":{"@type":"EntryPoint","urlTemplate":"https:\/\/www.aladi.org\/pt\/?s={search_term_string}"},"query-input":{"@type":"PropertyValueSpecification","valueRequired":true,"valueName":"search_term_string"}}],"inLanguage":"pt-BR"},{"@type":"Organization","@id":"https:\/\/www.aladi.org\/pt\/#organization","name":"ALADI","url":"https:\/\/www.aladi.org\/pt\/","logo":{"@type":"ImageObject","inLanguage":"pt-BR","@id":"https:\/\/www.aladi.org\/pt\/#\/schema\/logo\/image\/","url":"https:\/\/www.aladi.org\/wp-content\/uploads\/2025\/12\/Logo-ALADI.png","contentUrl":"https:\/\/www.aladi.org\/wp-content\/uploads\/2025\/12\/Logo-ALADI.png","width":375,"height":235,"caption":"ALADI"},"image":{"@id":"https:\/\/www.aladi.org\/pt\/#\/schema\/logo\/image\/"},"sameAs":["https:\/\/es-la.facebook.com\/people\/ALADI\/100064606213084\/","https:\/\/x.com\/ALADI_SG","https:\/\/www.instagram.com\/aladi_sg\/?hl=es","https:\/\/www.linkedin.com\/company\/aladi\/","https:\/\/www.flickr.com\/photos\/aladi\/","https:\/\/www.youtube.com\/channel\/UCrkJWOWHKF6igQmWE8Clnpg"]}]}},"jetpack_sharing_enabled":true,"_links":{"self":[{"href":"https:\/\/www.aladi.org\/pt\/wp-json\/wp\/v2\/pages\/2948","targetHints":{"allow":["GET"]}}],"collection":[{"href":"https:\/\/www.aladi.org\/pt\/wp-json\/wp\/v2\/pages"}],"about":[{"href":"https:\/\/www.aladi.org\/pt\/wp-json\/wp\/v2\/types\/page"}],"author":[{"embeddable":true,"href":"https:\/\/www.aladi.org\/pt\/wp-json\/wp\/v2\/users\/1"}],"replies":[{"embeddable":true,"href":"https:\/\/www.aladi.org\/pt\/wp-json\/wp\/v2\/comments?post=2948"}],"version-history":[{"count":18,"href":"https:\/\/www.aladi.org\/pt\/wp-json\/wp\/v2\/pages\/2948\/revisions"}],"predecessor-version":[{"id":9390,"href":"https:\/\/www.aladi.org\/pt\/wp-json\/wp\/v2\/pages\/2948\/revisions\/9390"}],"up":[{"embeddable":true,"href":"https:\/\/www.aladi.org\/pt\/wp-json\/wp\/v2\/pages\/2451"}],"wp:attachment":[{"href":"https:\/\/www.aladi.org\/pt\/wp-json\/wp\/v2\/media?parent=2948"}],"curies":[{"name":"wp","href":"https:\/\/api.w.org\/{rel}","templated":true}]}}