{"id":2329,"date":"2023-05-31T15:23:29","date_gmt":"2023-05-31T15:23:29","guid":{"rendered":"https:\/\/sitio.aladi.org\/?page_id=2329&#038;lang=es"},"modified":"2025-08-13T16:13:18","modified_gmt":"2025-08-13T16:13:18","slug":"economia-digital","status":"publish","type":"page","link":"https:\/\/www.aladi.org\/pt\/agenda-digital\/economia-digital\/","title":{"rendered":"Econom\u00eda digital"},"content":{"rendered":"<p><img decoding=\"async\" src=\"\/wp-content\/uploads\/2025\/02\/Economia-digital-1.jpg\" alt=\"\"><\/p>\n<div>Agenda digital<\/div>\n<h1><strong>Econom\u00eda digital<\/strong><\/h1>\n<div>\n<p><span style=\"font-weight: 400;\">La actividad comercial se desarrolla, cada vez m\u00e1s, asociada a las innovaciones tecnol\u00f3gicas y de manera electr\u00f3nica.<\/span><\/p>\n<p><span style=\"font-weight: 400;\">El concepto de econom\u00eda digital involucra las transformaciones que las tecnolog\u00edas generan en los modelos de producci\u00f3n y de consumo.<\/span><\/p>\n<p><span style=\"font-weight: 400;\">La innovaci\u00f3n tecnol\u00f3gica, como por ejemplo, la adopci\u00f3n de la inteligencia artificial, Internet de las cosas o la computaci\u00f3n en la nube, entre otras tecnolog\u00edas, permiten la creaci\u00f3n de nuevos productos y servicios que impactan directamente en la econom\u00eda de los pa\u00edses, haci\u00e9ndolas m\u00e1s eficientes y rentables.<\/span><\/p>\n<p><span style=\"font-weight: 400;\">La ALADI lleva adelante acciones para impulsar pol\u00edticas y estrategias que permitan a los pa\u00edses avanzar en <\/span><span style=\"font-weight: 400;\">materia de econom\u00eda digital.<\/span><\/p>\n<\/div>\n<h1><span>Estudios y Eventos<\/span><\/h1>\n<ul>\n<li>\n<div>\n<p><a href=\"https:\/\/www2.aladi.org\/nsfaladi\/estudios.nsf\/934E17CF9C36D981032589FA0060C74E\/$FILE\/244Rev2.pdf\" target=\"_blank\" rel=\"noopener\">\u201cDiagn\u00f3stico sobre el estado de situaci\u00f3n de los pa\u00edses miembros de la ALADI en materia de econom\u00eda digital\u201d. (Documento ALADI\/SEC\/ Estudio 244 Rev.2)<\/a><\/p>\n<\/div>\n<\/li>\n<li>\n<div>\n<p><a href=\"https:\/\/www2.aladi.org\/biblioteca\/Publicaciones\/ALADI\/Secretaria_General\/SEC_Estudios\/243.pdf\" target=\"_blank\" rel=\"noopener\">\u201cDisciplinas y compromisos en materia de econom\u00eda digital contemplados en Acuerdos suscritos por pa\u00edses miembros de la ALADI\u201d. (Documento ALADI\/SEC\/Estudio 243)<\/a><\/p>\n<\/div>\n<\/li>\n<\/ul>\n<p><!--more--><br \/>\n<!-- {\"type\":\"layout\",\"children\":[{\"type\":\"section\",\"props\":{\"animation\":\"slide-left-small\",\"animation_delay\":\"200\",\"css\":\".el-section {\\n\\tmax-height:400px;\\n    overflow: hidden;\\n}\",\"image_position\":\"center-center\",\"image_size\":\"cover\",\"padding\":\"none\",\"style\":\"default\",\"title_breakpoint\":\"xl\",\"title_position\":\"top-left\",\"title_rotation\":\"left\",\"vertical_align\":\"\",\"width\":\"xlarge\"},\"children\":[{\"type\":\"row\",\"children\":[{\"type\":\"column\",\"props\":{\"image_position\":\"center-center\",\"position_sticky_breakpoint\":\"m\"},\"children\":[{\"type\":\"image\",\"props\":{\"css\":\".el-image {\\n    background-size: contain;\\n    min-width: 100%;\\n}\",\"image\":\"wp-content\\\/uploads\\\/2025\\\/02\\\/Economia-digital-1.jpg\",\"image_svg_color\":\"emphasis\",\"margin\":\"default\"}}]}]}],\"name\":\"Foto banner\"},{\"type\":\"section\",\"props\":{\"image_loading\":true,\"image_position\":\"top-center\",\"media_visibility\":\"m\",\"padding\":\"xsmall\",\"padding_remove_horizontal\":false,\"padding_remove_top\":false,\"style\":\"default\",\"title_breakpoint\":\"xl\",\"title_position\":\"top-left\",\"title_rotation\":\"left\",\"vertical_align\":\"\",\"width\":\"xlarge\"},\"children\":[{\"type\":\"row\",\"props\":{\"width\":\"xlarge\"},\"children\":[{\"type\":\"column\",\"props\":{\"image_position\":\"center-center\",\"position_sticky_breakpoint\":\"m\"},\"children\":[{\"type\":\"breadcrumbs\",\"props\":{\"margin\":\"remove-vertical\",\"margin_remove_top\":true,\"show_current\":true,\"show_home\":true}}]}]},{\"type\":\"row\",\"props\":{\"margin_remove_bottom\":false,\"width\":\"xlarge\"},\"children\":[{\"type\":\"column\",\"props\":{\"image_position\":\"center-center\",\"image_size\":\"cover\",\"padding\":\"none\",\"position_sticky_breakpoint\":\"m\",\"vertical_align\":\"middle\"},\"children\":[{\"type\":\"headline\",\"props\":{\"content\":\"Agenda digital\",\"link_style\":false,\"title_color\":\"primary\",\"title_element\":\"div\",\"title_style\":\"h6\"}},{\"type\":\"headline\",\"props\":{\"content\":\"<strong>Econom\\u00eda digital<\\\/strong>\",\"content_pt_br\":\"Economia digital\",\"margin\":\"medium\",\"margin_remove_bottom\":false,\"margin_remove_top\":false,\"maxwidth\":\"xlarge\",\"text_align\":\"left\",\"text_align_fallback\":\"center\",\"title_color\":\"secondary\",\"title_element\":\"h1\",\"title_style\":\"h1\"}}]}]}],\"name\":\"T\\u00edtulos\"},{\"type\":\"section\",\"props\":{\"css\":\".el-section{\\n    margin-bottom: 50px;\\n\\t}\",\"image_position\":\"center-center\",\"padding\":\"small\",\"padding_remove_bottom\":false,\"padding_remove_top\":false,\"style\":\"default\",\"title_breakpoint\":\"xl\",\"title_position\":\"top-left\",\"title_rotation\":\"left\",\"vertical_align\":\"\",\"width\":\"xlarge\"},\"children\":[{\"type\":\"row\",\"props\":{\"column_gap\":\"large\",\"layout\":\"1-4,3-4\",\"margin\":\"large\",\"row_gap\":\"large\"},\"children\":[{\"type\":\"column\",\"props\":{\"image_position\":\"center-center\",\"position_sticky_breakpoint\":\"m\",\"style\":\"tile-muted\",\"width_medium\":\"1-4\"}},{\"type\":\"column\",\"props\":{\"image_position\":\"center-center\",\"position_sticky_breakpoint\":\"m\",\"width_medium\":\"3-4\"},\"children\":[{\"type\":\"text\",\"props\":{\"column_breakpoint\":\"m\",\"content\":\"\n\n<p><span style=\\\"font-weight: 400;\\\">La actividad comercial se desarrolla, cada vez m\\u00e1s, asociada a las innovaciones tecnol\\u00f3gicas y de manera electr\\u00f3nica.<\\\/span><\\\/p>\\n\n\n<p><span style=\\\"font-weight: 400;\\\">El concepto de econom\\u00eda digital involucra las transformaciones que las tecnolog\\u00edas generan en los modelos de producci\\u00f3n y de consumo.<\\\/span><\\\/p>\\n\n\n<p><span style=\\\"font-weight: 400;\\\">La innovaci\\u00f3n tecnol\\u00f3gica, como por ejemplo, la adopci\\u00f3n de la inteligencia artificial, Internet de las cosas o la computaci\\u00f3n en la nube, entre otras tecnolog\\u00edas, permiten la creaci\\u00f3n de nuevos productos y servicios que impactan directamente en la econom\\u00eda de los pa\\u00edses, haci\\u00e9ndolas m\\u00e1s eficientes y rentables.<\\\/span><\\\/p>\\n\n\n<p><span style=\\\"font-weight: 400;\\\">La ALADI lleva adelante acciones para impulsar pol\\u00edticas y estrategias que permitan a los pa\\u00edses avanzar en <\\\/span><span style=\\\"font-weight: 400;\\\">materia de econom\\u00eda digital.<\\\/span><\\\/p>\",\"content_pt_br\":\"\n\n<p>Cada vez mais, a atividade comercial vem sendo desenvolvida ligada \\u00e0s inova\\u00e7\\u00f5es tecnol\\u00f3gicas e de forma eletr\\u00f4nica.<\\\/p>\\n\n\n<p>O conceito de economia digital envolve as transforma\\u00e7\\u00f5es que as tecnologias geram nos modelos de produ\\u00e7\\u00e3o e consumo.<\\\/p>\\n\n\n<p>A inova\\u00e7\\u00e3o tecnol\\u00f3gica, como a ado\\u00e7\\u00e3o da intelig\\u00eancia artificial, da Internet das Coisas ou da computa\\u00e7\\u00e3o em nuvem, entre outras tecnologias, permite a cria\\u00e7\\u00e3o de novos produtos e servi\\u00e7os que t\\u00eam impacto direto nas economias dos pa\\u00edses, tornando-as mais eficientes e lucrativas.<\\\/p>\\n\n\n<p>A ALADI realiza a\\u00e7\\u00f5es para promover pol\\u00edticas e estrat\\u00e9gias que permitam aos pa\\u00edses avan\\u00e7ar na economia digital.<\\\/p>\",\"dropcap\":false,\"margin\":\"default\"}},{\"type\":\"headline\",\"props\":{\"content\":\"<span>Estudios y Eventos<\\\/span>\",\"content_pt_br\":\"Estudos e eventos\",\"margin_remove_top\":false,\"maxwidth_breakpoint\":\"l\",\"text_align\":\"left\",\"text_align_fallback\":\"center\",\"title_color\":\"secondary\",\"title_decoration\":\"bullet\",\"title_element\":\"h1\",\"title_style\":\"h4\"}},{\"type\":\"list\",\"props\":{\"column_breakpoint\":\"m\",\"image_align\":\"left\",\"image_svg_color\":\"emphasis\",\"image_vertical_align\":true,\"list_element\":\"ul\",\"list_horizontal_separator\":\", \",\"list_marker\":\"square\",\"list_marker_color\":\"primary\",\"list_type\":\"vertical\",\"show_image\":true,\"show_link\":true},\"children\":[{\"type\":\"list_item\",\"props\":{\"content\":\"\n\n<p><a href=\\\"https:\\\/\\\/www2.aladi.org\\\/nsfaladi\\\/estudios.nsf\\\/934E17CF9C36D981032589FA0060C74E\\\/$FILE\\\/244Rev2.pdf\\\" target=\\\"_blank\\\" rel=\\\"noopener\\\">\\u201cDiagn\\u00f3stico sobre el estado de situaci\\u00f3n de los pa\\u00edses miembros de la ALADI en materia de econom\\u00eda digital\\u201d. (Documento ALADI\\\/SEC\\\/ Estudio 244 Rev.2)<\\\/a><\\\/p>\",\"content_pt_br\":\"<a href=\\\"https:\\\/\\\/www2.aladi.org\\\/nsfaladi\\\/estudios.nsf\\\/934E17CF9C36D981032589FA0060C74E\\\/$FILE\\\/244Rev2.pdf\\\" target=\\\"_blank\\\" rel=\\\"noopener\\\">\\u201cDiagn\\u00f3stico sobre o estado de situa\\u00e7\\u00e3o dos pa\\u00edses-membros da ALADI em mat\\u00e9ria de economia digital\\u201d (Documento ALADI\\\/SEC\\\/ Estudo 244 Rev.2)<\\\/a>\"}},{\"type\":\"list_item\",\"props\":{\"content\":\"\n\n<p><a href=\\\"https:\\\/\\\/www2.aladi.org\\\/biblioteca\\\/Publicaciones\\\/ALADI\\\/Secretaria_General\\\/SEC_Estudios\\\/243.pdf\\\" target=\\\"_blank\\\" rel=\\\"noopener\\\">\\u201cDisciplinas y compromisos en materia de econom\\u00eda digital contemplados en Acuerdos suscritos por pa\\u00edses miembros de la ALADI\\u201d. (Documento ALADI\\\/SEC\\\/Estudio 243)<\\\/a><\\\/p>\",\"content_pt_br\":\"<a href=\\\"https:\\\/\\\/www2.aladi.org\\\/biblioteca\\\/Publicaciones\\\/ALADI\\\/Secretaria_General\\\/SEC_Estudios\\\/243.pdf\\\" target=\\\"_blank\\\" rel=\\\"noopener\\\">\\u201cDisciplinas e compromissos em mat\\u00e9ria de economia digital contemplados em acordos assinados por pa\\u00edses-membros da ALADI\\u201d (Documento ALADI\\\/SEC\\\/Estudo 243)<\\\/a>\"}}]}]}]}],\"name\":\"Post\"}],\"version\":\"4.4.12\"} --><\/p>\n","protected":false},"excerpt":{"rendered":"<p>Agenda digital Econom\u00eda digital La actividad comercial se desarrolla, cada vez m\u00e1s, asociada a las innovaciones tecnol\u00f3gicas y de manera electr\u00f3nica. El concepto de econom\u00eda digital involucra las transformaciones que las tecnolog\u00edas generan en los modelos de producci\u00f3n y de consumo. La innovaci\u00f3n tecnol\u00f3gica, como por ejemplo, la adopci\u00f3n de la inteligencia artificial, Internet de [&hellip;]<\/p>\n","protected":false},"author":1,"featured_media":0,"parent":2052,"menu_order":0,"comment_status":"closed","ping_status":"closed","template":"","meta":{"_acf_changed":false,"footnotes":""},"class_list":["post-2329","page","type-page","status-publish","hentry"],"acf":[],"yoast_head":"<!-- This site is optimized with the Yoast SEO plugin v26.5 - https:\/\/yoast.com\/wordpress\/plugins\/seo\/ -->\n<title>Econom\u00eda digital<\/title>\n<meta name=\"description\" content=\"Agenda digital Econom\u00eda digital La actividad comercial se desarrolla, cada vez m\u00e1s, asociada a las innovaciones tecnol\u00f3gicas y de manera electr\u00f3nica. El concepto de econom\u00eda digital involucra las transformaciones que las tecnolog\u00edas generan en los modelos de producci\u00f3n y de consumo. La innovaci\u00f3n tecnol\u00f3gica, como por ejemplo, la adopci\u00f3n de la inteligencia artificial, Internet de&hellip;\" \/>\n<meta name=\"robots\" content=\"index, follow, max-snippet:-1, max-image-preview:large, max-video-preview:-1\" \/>\n<link rel=\"canonical\" href=\"http:\/\/Agenda%20digital%20Econom\u00eda%20digital%20La%20actividad%20comercial%20se%20desarrolla,%20cada%20vez%20m\u00e1s,%20asociada%20a%20las%20innovaciones%20tecnol\u00f3gicas%20y%20de%20manera%20electr\u00f3nica.%20El%20concepto%20de%20econom\u00eda%20digital%20involucra%20las%20transformaciones%20que%20las%20tecnolog\u00edas%20generan%20en%20los%20modelos%20de%20producci\u00f3n%20y%20de%20consumo.%20La%20innovaci\u00f3n%20tecnol\u00f3gica,%20como%20por%20ejemplo,%20la%20adopci\u00f3n%20de%20la%20inteligencia%20artificial,%20Internet%20de&hellip;\" \/>\n<meta property=\"og:locale\" content=\"pt_BR\" \/>\n<meta property=\"og:type\" content=\"article\" \/>\n<meta property=\"og:title\" content=\"Econom\u00eda digital\" \/>\n<meta property=\"og:description\" content=\"Agenda digital Econom\u00eda digital La actividad comercial se desarrolla, cada vez m\u00e1s, asociada a las innovaciones tecnol\u00f3gicas y de manera electr\u00f3nica. El concepto de econom\u00eda digital involucra las transformaciones que las tecnolog\u00edas generan en los modelos de producci\u00f3n y de consumo. La innovaci\u00f3n tecnol\u00f3gica, como por ejemplo, la adopci\u00f3n de la inteligencia artificial, Internet de&hellip;\" \/>\n<meta property=\"og:url\" content=\"https:\/\/www.aladi.org\/pt\/agenda-digital\/economia-digital\/\" \/>\n<meta property=\"og:site_name\" content=\"ALADI\" \/>\n<meta property=\"article:publisher\" content=\"https:\/\/es-la.facebook.com\/people\/ALADI\/100064606213084\/\" \/>\n<meta property=\"article:modified_time\" content=\"2025-08-13T16:13:18+00:00\" \/>\n<meta name=\"twitter:card\" content=\"summary_large_image\" \/>\n<meta name=\"twitter:site\" content=\"@ALADI_SG\" \/>\n<meta name=\"twitter:label1\" content=\"Est. reading time\" \/>\n\t<meta name=\"twitter:data1\" content=\"1 minute\" \/>\n<script type=\"application\/ld+json\" class=\"yoast-schema-graph\">{\"@context\":\"https:\/\/schema.org\",\"@graph\":[{\"@type\":\"WebPage\",\"@id\":\"https:\/\/www.aladi.org\/pt\/agenda-digital\/economia-digital\/\",\"url\":\"https:\/\/www.aladi.org\/pt\/agenda-digital\/economia-digital\/\",\"name\":\"Econom\u00eda digital - ALADI\",\"isPartOf\":{\"@id\":\"https:\/\/www.aladi.org\/#website\"},\"datePublished\":\"2023-05-31T15:23:29+00:00\",\"dateModified\":\"2025-08-13T16:13:18+00:00\",\"breadcrumb\":{\"@id\":\"https:\/\/www.aladi.org\/pt\/agenda-digital\/economia-digital\/#breadcrumb\"},\"inLanguage\":\"pt-BR\",\"potentialAction\":[{\"@type\":\"ReadAction\",\"target\":[\"https:\/\/www.aladi.org\/pt\/agenda-digital\/economia-digital\/\"]}]},{\"@type\":\"BreadcrumbList\",\"@id\":\"https:\/\/www.aladi.org\/pt\/agenda-digital\/economia-digital\/#breadcrumb\",\"itemListElement\":[{\"@type\":\"ListItem\",\"position\":1,\"name\":\"Home\",\"item\":\"https:\/\/www.aladi.org\/\"},{\"@type\":\"ListItem\",\"position\":2,\"name\":\"Agenda Digital\",\"item\":\"https:\/\/www.aladi.org\/agenda-digital\/\"},{\"@type\":\"ListItem\",\"position\":3,\"name\":\"Econom\u00eda digital\"}]},{\"@type\":\"WebSite\",\"@id\":\"https:\/\/www.aladi.org\/pt\/#website\",\"url\":\"https:\/\/www.aladi.org\/pt\/\",\"name\":\"ALADI\",\"description\":\"Asociaci\u00f3n Latinoamericana de Integraci\u00f3n\",\"publisher\":{\"@id\":\"https:\/\/www.aladi.org\/pt\/#organization\"},\"potentialAction\":[{\"@type\":\"SearchAction\",\"target\":{\"@type\":\"EntryPoint\",\"urlTemplate\":\"https:\/\/www.aladi.org\/pt\/?s={search_term_string}\"},\"query-input\":{\"@type\":\"PropertyValueSpecification\",\"valueRequired\":true,\"valueName\":\"search_term_string\"}}],\"inLanguage\":\"pt-BR\"},{\"@type\":\"Organization\",\"@id\":\"https:\/\/www.aladi.org\/pt\/#organization\",\"name\":\"ALADI\",\"url\":\"https:\/\/www.aladi.org\/pt\/\",\"logo\":{\"@type\":\"ImageObject\",\"inLanguage\":\"pt-BR\",\"@id\":\"https:\/\/www.aladi.org\/pt\/#\/schema\/logo\/image\/\",\"url\":\"https:\/\/www.aladi.org\/wp-content\/uploads\/2025\/12\/Logo-ALADI.png\",\"contentUrl\":\"https:\/\/www.aladi.org\/wp-content\/uploads\/2025\/12\/Logo-ALADI.png\",\"width\":375,\"height\":235,\"caption\":\"ALADI\"},\"image\":{\"@id\":\"https:\/\/www.aladi.org\/pt\/#\/schema\/logo\/image\/\"},\"sameAs\":[\"https:\/\/es-la.facebook.com\/people\/ALADI\/100064606213084\/\",\"https:\/\/x.com\/ALADI_SG\",\"https:\/\/www.instagram.com\/aladi_sg\/?hl=es\",\"https:\/\/www.linkedin.com\/company\/aladi\/\",\"https:\/\/www.flickr.com\/photos\/aladi\/\",\"https:\/\/www.youtube.com\/channel\/UCrkJWOWHKF6igQmWE8Clnpg\"]}]}<\/script>\n<!-- \/ Yoast SEO plugin. -->","yoast_head_json":{"title":"Econom\u00eda digital","description":"Agenda digital Econom\u00eda digital La actividad comercial se desarrolla, cada vez m\u00e1s, asociada a las innovaciones tecnol\u00f3gicas y de manera electr\u00f3nica. El concepto de econom\u00eda digital involucra las transformaciones que las tecnolog\u00edas generan en los modelos de producci\u00f3n y de consumo. La innovaci\u00f3n tecnol\u00f3gica, como por ejemplo, la adopci\u00f3n de la inteligencia artificial, Internet de&hellip;","robots":{"index":"index","follow":"follow","max-snippet":"max-snippet:-1","max-image-preview":"max-image-preview:large","max-video-preview":"max-video-preview:-1"},"canonical":"Agenda digital Econom\u00eda digital La actividad comercial se desarrolla, cada vez m\u00e1s, asociada a las innovaciones tecnol\u00f3gicas y de manera electr\u00f3nica. El concepto de econom\u00eda digital involucra las transformaciones que las tecnolog\u00edas generan en los modelos de producci\u00f3n y de consumo. La innovaci\u00f3n tecnol\u00f3gica, como por ejemplo, la adopci\u00f3n de la inteligencia artificial, Internet de&hellip;","og_locale":"pt_BR","og_type":"article","og_title":"Econom\u00eda digital","og_description":"Agenda digital Econom\u00eda digital La actividad comercial se desarrolla, cada vez m\u00e1s, asociada a las innovaciones tecnol\u00f3gicas y de manera electr\u00f3nica. El concepto de econom\u00eda digital involucra las transformaciones que las tecnolog\u00edas generan en los modelos de producci\u00f3n y de consumo. La innovaci\u00f3n tecnol\u00f3gica, como por ejemplo, la adopci\u00f3n de la inteligencia artificial, Internet de&hellip;","og_url":"https:\/\/www.aladi.org\/pt\/agenda-digital\/economia-digital\/","og_site_name":"ALADI","article_publisher":"https:\/\/es-la.facebook.com\/people\/ALADI\/100064606213084\/","article_modified_time":"2025-08-13T16:13:18+00:00","twitter_card":"summary_large_image","twitter_site":"@ALADI_SG","twitter_misc":{"Est. reading time":"1 minute"},"schema":{"@context":"https:\/\/schema.org","@graph":[{"@type":"WebPage","@id":"https:\/\/www.aladi.org\/pt\/agenda-digital\/economia-digital\/","url":"https:\/\/www.aladi.org\/pt\/agenda-digital\/economia-digital\/","name":"Econom\u00eda digital - ALADI","isPartOf":{"@id":"https:\/\/www.aladi.org\/#website"},"datePublished":"2023-05-31T15:23:29+00:00","dateModified":"2025-08-13T16:13:18+00:00","breadcrumb":{"@id":"https:\/\/www.aladi.org\/pt\/agenda-digital\/economia-digital\/#breadcrumb"},"inLanguage":"pt-BR","potentialAction":[{"@type":"ReadAction","target":["https:\/\/www.aladi.org\/pt\/agenda-digital\/economia-digital\/"]}]},{"@type":"BreadcrumbList","@id":"https:\/\/www.aladi.org\/pt\/agenda-digital\/economia-digital\/#breadcrumb","itemListElement":[{"@type":"ListItem","position":1,"name":"Home","item":"https:\/\/www.aladi.org\/"},{"@type":"ListItem","position":2,"name":"Agenda Digital","item":"https:\/\/www.aladi.org\/agenda-digital\/"},{"@type":"ListItem","position":3,"name":"Econom\u00eda digital"}]},{"@type":"WebSite","@id":"https:\/\/www.aladi.org\/pt\/#website","url":"https:\/\/www.aladi.org\/pt\/","name":"ALADI","description":"Asociaci\u00f3n Latinoamericana de Integraci\u00f3n","publisher":{"@id":"https:\/\/www.aladi.org\/pt\/#organization"},"potentialAction":[{"@type":"SearchAction","target":{"@type":"EntryPoint","urlTemplate":"https:\/\/www.aladi.org\/pt\/?s={search_term_string}"},"query-input":{"@type":"PropertyValueSpecification","valueRequired":true,"valueName":"search_term_string"}}],"inLanguage":"pt-BR"},{"@type":"Organization","@id":"https:\/\/www.aladi.org\/pt\/#organization","name":"ALADI","url":"https:\/\/www.aladi.org\/pt\/","logo":{"@type":"ImageObject","inLanguage":"pt-BR","@id":"https:\/\/www.aladi.org\/pt\/#\/schema\/logo\/image\/","url":"https:\/\/www.aladi.org\/wp-content\/uploads\/2025\/12\/Logo-ALADI.png","contentUrl":"https:\/\/www.aladi.org\/wp-content\/uploads\/2025\/12\/Logo-ALADI.png","width":375,"height":235,"caption":"ALADI"},"image":{"@id":"https:\/\/www.aladi.org\/pt\/#\/schema\/logo\/image\/"},"sameAs":["https:\/\/es-la.facebook.com\/people\/ALADI\/100064606213084\/","https:\/\/x.com\/ALADI_SG","https:\/\/www.instagram.com\/aladi_sg\/?hl=es","https:\/\/www.linkedin.com\/company\/aladi\/","https:\/\/www.flickr.com\/photos\/aladi\/","https:\/\/www.youtube.com\/channel\/UCrkJWOWHKF6igQmWE8Clnpg"]}]}},"jetpack_sharing_enabled":true,"_links":{"self":[{"href":"https:\/\/www.aladi.org\/pt\/wp-json\/wp\/v2\/pages\/2329","targetHints":{"allow":["GET"]}}],"collection":[{"href":"https:\/\/www.aladi.org\/pt\/wp-json\/wp\/v2\/pages"}],"about":[{"href":"https:\/\/www.aladi.org\/pt\/wp-json\/wp\/v2\/types\/page"}],"author":[{"embeddable":true,"href":"https:\/\/www.aladi.org\/pt\/wp-json\/wp\/v2\/users\/1"}],"replies":[{"embeddable":true,"href":"https:\/\/www.aladi.org\/pt\/wp-json\/wp\/v2\/comments?post=2329"}],"version-history":[{"count":16,"href":"https:\/\/www.aladi.org\/pt\/wp-json\/wp\/v2\/pages\/2329\/revisions"}],"predecessor-version":[{"id":6992,"href":"https:\/\/www.aladi.org\/pt\/wp-json\/wp\/v2\/pages\/2329\/revisions\/6992"}],"up":[{"embeddable":true,"href":"https:\/\/www.aladi.org\/pt\/wp-json\/wp\/v2\/pages\/2052"}],"wp:attachment":[{"href":"https:\/\/www.aladi.org\/pt\/wp-json\/wp\/v2\/media?parent=2329"}],"curies":[{"name":"wp","href":"https:\/\/api.w.org\/{rel}","templated":true}]}}