{"id":2175,"date":"2023-05-29T13:37:05","date_gmt":"2023-05-29T13:37:05","guid":{"rendered":"https:\/\/sitio.aladi.org\/?page_id=2175&#038;lang=es"},"modified":"2025-08-15T15:11:49","modified_gmt":"2025-08-15T15:11:49","slug":"panama","status":"publish","type":"page","link":"https:\/\/www.aladi.org\/pt\/paises-membros\/panama\/","title":{"rendered":"Panam\u00e1"},"content":{"rendered":"<div>Pa\u00edses miembros<\/div>\n<h1>\n<p><strong>Panam\u00e1<\/strong><\/p>\n<\/h1>\n<div>\n<p><span style=\"font-weight: 400;\">La Rep\u00fablica de Panam\u00e1 fue aceptada como pa\u00eds miembro de la Asociaci\u00f3n Latinoamericana de Integraci\u00f3n (ALADI) en el marco de la Decimoquinta Reuni\u00f3n del Consejo de Ministros, por la <a href=\"http:\/\/www2.aladi.org\/nsfaladi\/Juridica.nsf\/vresolucionesconsejo\/B3CEC3811CB9A05B032575AC005FC47B\/$FILE\/CMRES_064.pdf\">Resoluci\u00f3n 64(XV)<\/a>, pasando a ser miembro pleno de la ALADI en el a\u00f1o 2012.\u00a0<\/span><\/p>\n<\/div>\n<div>\n<div>\n<ul class=\"uk-list uk-text-right uk-list-divider\">\n<li>\n<div class=\"uk-h6 uk-float-left\">Capital<\/div>\n<p>Ciudad de Panam\u00e1<\/li>\n<li>\n<div class=\"uk-h6 uk-float-left\">Fiesta nacional<\/div>\n<p><span>3 de Noviembre de 1903<\/span><br \/><span>Proclamaci\u00f3n de la Independencia<\/span><\/li>\n<li>\n<div class=\"uk-h6 uk-float-left\">Jefe de Estado<\/div>\n<p>Presidente <span>Jos\u00e9 Ra\u00fal Mulino Quintero\u00a0<\/span><\/li>\n<li>\n<div class=\"uk-h6 uk-float-left\">Poblaci\u00f3n<\/div>\n<p><span>4,4 millones (Fuente: Banco Mundial. Actualizaci\u00f3n: datos 2022)<\/span><\/li>\n<li>\n<div class=\"uk-h6 uk-float-left\">Lengua<\/div>\n<p>Espa\u00f1ol<\/li>\n<li>\n<div class=\"uk-h6 uk-float-left\">Superficie<\/div>\n<p><span>75.320 kil\u00f3metros cuadrado<\/span>s<\/li>\n<li>\n<div class=\"uk-h6 uk-float-left\">Moneda<\/div>\n<p>D<span>\u00f3lar americano<\/span><\/li>\n<\/ul>\n<\/div>\n<\/div>\n<h2>\n<p>Representaci\u00f3n<\/p>\n<\/h2>\n<div>\n<p><span id=\"view:_id1:nombreRepre1\">Representaci\u00f3n Permanente de la Rep\u00fablica de Panam\u00e1 ante la ALADI<\/span><\/p>\n<\/div>\n<div>\n<p><label id=\"view:_id1:direcci\u00f3n_Label1\" for=\"view:_id1:direcci\u00f3n1\" class=\"xspTextLabel\"><strong>Direcci\u00f3n<\/strong><br \/><span id=\"view:_id1:direcci\u00f3n1\"><span>Pedro Francisco Berro 676 esquina 21 de setiembre. Montevideo-Uruguay<\/span><\/span><\/label><strong><\/strong><\/p>\n<hr \/>\n<p><strong>Tel\u00e9fono\/Fax<br \/><\/strong>Tel.: <span>(+598) 2714 9830 &#8211; 2714 8801<\/span><br \/><strong><\/strong><\/p>\n<hr \/>\n<p><strong>Email<br \/><\/strong><a href=\"mailto:embpanamauruguay@mire.gob.pa\"><span>embpanamauruguay@mire.gob.pa<\/span><\/a><\/p>\n<div class=\"uk-width-auto uk-first-column\">\n<div>\n<hr \/>\n<p><strong>Horario<\/strong><br \/>De 09 a 14 hs.<\/div>\n<\/div>\n<\/div>\n<h2>\n<p>Equipo de trabajo<\/p>\n<\/h2>\n<div>\n<p>    <iframe loading=\"lazy\" width=\"100%\" height=\"100%\" scrolling=\"no\" src=\"https:\/\/www2.aladi.org\/nsfaladi\/dirinter.nsf\/2b6fb038d97c97e483257ebb00663289\/2e3b6585e95bf38d032579f2004368e7?OpenDocument\"><br \/>\n           <\/iframe>\n<\/div>\n<h2>\n<p>Enlaces relacionados<\/p>\n<\/h2>\n<div>\n<p>    <iframe loading=\"lazy\" width=\"100%\" height=\"380px\" scrolling=\"no\" src=\"https:\/\/www2.aladi.org\/nsfaladi\/sitioAladi.nsf\/vinculosPanama.xsp\"><br \/>\n           <\/iframe>\n<\/div>\n<p><!--more--><br \/>\n<!-- {\"type\":\"layout\",\"children\":[{\"type\":\"section\",\"props\":{\"image\":\"wp-content\\\/uploads\\\/2024\\\/12\\\/Pan.png\",\"image_position\":\"bottom-left\",\"image_size\":\"cover\",\"padding\":\"large\",\"padding_remove_bottom\":false,\"padding_remove_top\":false,\"style\":\"default\",\"title_breakpoint\":\"xl\",\"title_position\":\"top-left\",\"title_rotation\":\"left\",\"vertical_align\":\"\",\"width\":\"default\",\"width_expand\":\"right\"},\"children\":[{\"type\":\"row\",\"props\":{\"margin_remove_bottom\":false},\"children\":[{\"type\":\"column\",\"props\":{\"image_position\":\"center-center\",\"position_sticky_breakpoint\":\"m\",\"width_medium\":\"1-1\"}}]}]},{\"name\":\"Hero\",\"type\":\"section\",\"props\":{\"animation_delay\":false,\"image_position\":\"center-center\",\"overlap\":false,\"padding_remove_top\":false,\"style\":\"default\",\"title_breakpoint\":\"xl\",\"title_position\":\"top-left\",\"title_rotation\":\"left\",\"vertical_align\":\"\",\"width\":\"\"},\"children\":[{\"type\":\"row\",\"props\":{\"column_gap\":\"large\",\"layout\":\"1-2,1-2\",\"margin\":\"remove-vertical\",\"margin_remove_bottom\":false,\"margin_remove_top\":false,\"row_gap\":\"large\",\"width\":\"xlarge\"},\"children\":[{\"type\":\"column\",\"props\":{\"image_effect\":\"parallax\",\"image_height\":\"310\",\"image_parallax_bgy\":\"-110,-250\",\"image_parallax_easing\":\"1\",\"image_position\":\"top-left\",\"image_width\":\"260\",\"position_sticky_breakpoint\":\"m\",\"width_medium\":\"1-2\"},\"children\":[{\"type\":\"breadcrumbs\",\"props\":{\"home_text_pt_br\":\"Panam\\u00e1\",\"show_current\":true,\"show_home\":true}},{\"type\":\"headline\",\"props\":{\"content\":\"Pa\\u00edses miembros\",\"content_pt_br\":\"Pa\\u00edses membros\",\"margin\":\"medium\",\"margin_remove_bottom\":false,\"title_color\":\"primary\",\"title_element\":\"div\",\"title_style\":\"h6\"}},{\"type\":\"headline\",\"props\":{\"content\":\"\n\n<p><strong>Panam\\u00e1<\\\/strong><\\\/p>\",\"content_pt_br\":\"<strong>Panam\\u00e1<\\\/strong>\",\"margin\":\"large\",\"margin_remove_bottom\":true,\"margin_remove_top\":true,\"title_color\":\"secondary\",\"title_element\":\"h1\",\"title_style\":\"h1\"}},{\"type\":\"text\",\"props\":{\"column_breakpoint\":\"l\",\"column_divider\":false,\"content\":\"\n\n<p><span style=\\\"font-weight: 400;\\\">La Rep\\u00fablica de Panam\\u00e1 fue aceptada como pa\\u00eds miembro de la Asociaci\\u00f3n Latinoamericana de Integraci\\u00f3n (ALADI) en el marco de la Decimoquinta Reuni\\u00f3n del Consejo de Ministros, por la <a href=\\\"http:\\\/\\\/www2.aladi.org\\\/nsfaladi\\\/Juridica.nsf\\\/vresolucionesconsejo\\\/B3CEC3811CB9A05B032575AC005FC47B\\\/$FILE\\\/CMRES_064.pdf\\\">Resoluci\\u00f3n 64(XV)<\\\/a>, pasando a ser miembro pleno de la ALADI en el a\\u00f1o 2012.\\u00a0<\\\/span><\\\/p>\",\"content_pt_br\":\"\n\n<p><span style=\\\"font-weight: 400;\\\">A Rep\\u00fablica do Panam\\u00e1 foi aceita como pa\\u00eds membro da Associa\\u00e7\\u00e3o Latino-Americana de Integra\\u00e7\\u00e3o (ALADI) na D\\u00e9cima Quinta Reuni\\u00e3o do Conselho de Ministros, mediante a <a href=\\\"http:\\\/\\\/www2.aladi.org\\\/nsfaladi\\\/Juridica.nsf\\\/vresolucionesconsejo\\\/B3CEC3811CB9A05B032575AC005FC47B\\\/$FILE\\\/CMRES_064.pdf\\\">Resolu\\u00e7\\u00e3o 64 (XV)<\\\/a>, e passou a ser membro pleno no ano 2012.<\\\/span><\\\/p>\",\"margin\":\"default\",\"maxwidth\":\"2xlarge\",\"text_align_fallback\":\"left\"}},{\"type\":\"text\",\"props\":{\"column_breakpoint\":\"l\",\"column_divider\":false,\"content\":\"\",\"margin\":\"default\",\"maxwidth\":\"2xlarge\",\"text_align_fallback\":\"left\"}}]},{\"type\":\"column\",\"props\":{\"image_position\":\"center-center\",\"position_sticky_breakpoint\":\"m\",\"preserve_color\":false,\"width_medium\":\"1-2\"},\"children\":[{\"type\":\"panel\",\"props\":{\"animation\":\"parallax\",\"content\":\"\n\n<ul class=\\\"uk-list uk-text-right uk-list-divider\\\">\\n\n\n<li>\\n\n\n<div class=\\\"uk-h6 uk-float-left\\\">Capital<\\\/div>\\nCiudad de Panam\\u00e1<\\\/li>\\n\n\n<li>\\n\n\n<div class=\\\"uk-h6 uk-float-left\\\">Fiesta nacional<\\\/div>\\n<span>3 de Noviembre de 1903<\\\/span><br \\\/><span>Proclamaci\\u00f3n de la Independencia<\\\/span><\\\/li>\\n\n\n<li>\\n\n\n<div class=\\\"uk-h6 uk-float-left\\\">Jefe de Estado<\\\/div>\\nPresidente <span>Jos\\u00e9 Ra\\u00fal Mulino Quintero\\u00a0<\\\/span><\\\/li>\\n\n\n<li>\\n\n\n<div class=\\\"uk-h6 uk-float-left\\\">Poblaci\\u00f3n<\\\/div>\\n<span>4,4 millones (Fuente: Banco Mundial. Actualizaci\\u00f3n: datos 2022)<\\\/span><\\\/li>\\n\n\n<li>\\n\n\n<div class=\\\"uk-h6 uk-float-left\\\">Lengua<\\\/div>\\nEspa\\u00f1ol<\\\/li>\\n\n\n<li>\\n\n\n<div class=\\\"uk-h6 uk-float-left\\\">Superficie<\\\/div>\\n<span>75.320 kil\\u00f3metros cuadrado<\\\/span>s<\\\/li>\\n\n\n<li>\\n\n\n<div class=\\\"uk-h6 uk-float-left\\\">Moneda<\\\/div>\\nD<span>\\u00f3lar americano<\\\/span><\\\/li>\\n<\\\/ul>\",\"content_align\":false,\"content_column_breakpoint\":\"m\",\"content_pt_br\":\"\n\n<ul class=\\\"uk-list uk-text-right uk-list-divider\\\">\\n\n\n<li>\\n\n\n<div class=\\\"uk-h6 uk-float-left\\\">Capital<\\\/div>\\n<span id=\\\"view:_id1:capital_11\\\">Cidade do <\\\/span>Panam\\u00e1<\\\/li>\\n\n\n<li>\\n\n\n<div class=\\\"uk-h6 uk-float-left\\\">Data nacional<\\\/div>\\n<span>3 de novembro de 1903 - <\\\/span><span>Dia da Independ\\u00eancia<\\\/span><\\\/li>\\n\n\n<li>\\n\n\n<div class=\\\"uk-h6 uk-float-left\\\">Chefe de Estado<\\\/div>\\npresidente <span>Jos\\u00e9 Ra\\u00fal Mulino Quintero\\u00a0<\\\/span><\\\/li>\\n\n\n<li>\\n\n\n<div class=\\\"uk-h6 uk-float-left\\\">Po<span>pula\\u00e7\\u00e3o<\\\/span><\\\/div>\\n<span>4,4 milh\\u00f5es (Fonte: Banco Mundial. Atualiza\\u00e7\\u00e3o: dados 2022)<\\\/span><\\\/li>\\n\n\n<li>\\n\n\n<div class=\\\"uk-h6 uk-float-left\\\">L\\u00edngua<\\\/div>\\nEspanhol<\\\/li>\\n\n\n<li>\\n\n\n<div class=\\\"uk-h6 uk-float-left\\\">Superf\\u00edcie<\\\/div>\\n<span>75.320 quil\\u00f4metros quadrados<\\\/span><\\\/li>\\n\n\n<li>\\n\n\n<div class=\\\"uk-h6 uk-float-left\\\">Moeda<\\\/div>\\nD<span>\\u00f3lar americano<\\\/span><\\\/li>\\n<\\\/ul>\",\"content_style\":\"text-meta\",\"icon_width\":80,\"image_align\":\"top\",\"image_grid_breakpoint\":\"m\",\"image_grid_width\":\"1-2\",\"image_svg_color\":\"emphasis\",\"link_style\":\"default\",\"link_text\":\"Read more\",\"margin\":\"remove-vertical\",\"meta_align\":\"below-title\",\"meta_element\":\"div\",\"meta_style\":\"text-meta\",\"panel_padding\":\"large\",\"panel_style\":\"card-secondary\",\"parallax_breakpoint\":\"l\",\"parallax_easing\":\"1\",\"parallax_target\":\"!.uk-section\",\"parallax_y\":\"-200,100\",\"parallax_zindex\":false,\"position\":\"relative\",\"position_top\":\"0\",\"title_align\":\"top\",\"title_element\":\"h3\",\"title_grid_breakpoint\":\"m\",\"title_grid_width\":\"1-2\",\"title_hover_style\":\"reset\"}}]}]}]},{\"type\":\"section\",\"props\":{\"image_position\":\"center-center\",\"padding_remove_top\":false,\"style\":\"default\",\"title_breakpoint\":\"xl\",\"title_position\":\"top-left\",\"title_rotation\":\"left\",\"vertical_align\":\"\",\"width\":\"xlarge\"},\"children\":[{\"type\":\"row\",\"props\":{\"column_gap\":\"large\",\"layout\":\"1-2,1-2\",\"margin\":\"default\",\"row_gap\":\"collapse\",\"width\":\"xlarge\"},\"children\":[{\"type\":\"column\",\"props\":{\"image_position\":\"center-center\",\"position_sticky_breakpoint\":\"m\",\"width_medium\":\"1-2\"},\"children\":[{\"type\":\"headline\",\"props\":{\"content\":\"\n\n<p>Representaci\\u00f3n<\\\/p>\",\"content_pt_br\":\"Representa<span>\\u00e7\\u00e3o<\\\/span>\",\"margin\":\"large\",\"margin_remove_bottom\":true,\"margin_remove_top\":true,\"title_color\":\"secondary\",\"title_element\":\"h2\",\"title_style\":\"h2\"}},{\"type\":\"text\",\"props\":{\"column_breakpoint\":\"m\",\"content\":\"\n\n<p><span id=\\\"view:_id1:nombreRepre1\\\">Representaci\\u00f3n Permanente de la Rep\\u00fablica de Panam\\u00e1 ante la ALADI<\\\/span><\\\/p>\",\"content_pt_br\":\"\n\n<p><span id=\\\"view:_id1:nombreRepre1\\\"><span>Representa\\u00e7\\u00e3o Permanente do Panam\\u00e1 junto \\u00e0 ALADI<\\\/span><\\\/span><\\\/p>\",\"margin\":\"default\"}},{\"type\":\"text\",\"props\":{\"column_breakpoint\":\"m\",\"content\":\"\n\n<p><label id=\\\"view:_id1:direcci\\u00f3n_Label1\\\" for=\\\"view:_id1:direcci\\u00f3n1\\\" class=\\\"xspTextLabel\\\"><strong>Direcci\\u00f3n<\\\/strong><br \\\/><span id=\\\"view:_id1:direcci\\u00f3n1\\\"><span>Pedro Francisco Berro 676 esquina 21 de setiembre. Montevideo-Uruguay<\\\/span><\\\/span><\\\/label><strong><\\\/strong><\\\/p>\\n\n\n<hr \\\/>\\n\n\n<p><strong>Tel\\u00e9fono\\\/Fax<br \\\/><\\\/strong>Tel.: <span>(+598) 2714 9830 - 2714 8801<\\\/span><br \\\/><strong><\\\/strong><\\\/p>\\n\n\n<hr \\\/>\\n\n\n<p><strong>Email<br \\\/><\\\/strong><a href=\\\"mailto:embpanamauruguay@mire.gob.pa\\\"><span>embpanamauruguay@mire.gob.pa<\\\/span><\\\/a><\\\/p>\\n\n\n<div class=\\\"uk-width-auto uk-first-column\\\">\\n\n\n<div>\n\n<hr \\\/><strong>Horario<\\\/strong><br \\\/>De 09 a 14 hs.<\\\/div>\\n<\\\/div>\",\"content_pt_br\":\"\n\n<p><label id=\\\"view:_id1:direcci\\u00f3n_Label1\\\" for=\\\"view:_id1:direcci\\u00f3n1\\\" class=\\\"xspTextLabel\\\"><strong>Endere\\u00e7o<\\\/strong><br \\\/><span id=\\\"view:_id1:direcci\\u00f3n1\\\"><span>Pedro Francisco Berro 676 esquina 21 de setiembre, Montevid\\u00e9u, Uruguai<\\\/span><\\\/span><\\\/label><\\\/p>\\n\n\n<hr \\\/>\\n\n\n<p><strong>Telefone\\\/Fax<br \\\/><\\\/strong>Telefone: <span>(+598) 2714 9830 - 2714 8801<\\\/span><br \\\/><strong><\\\/strong><\\\/p>\\n\n\n<hr \\\/>\\n\n\n<p><strong>E-mail<br \\\/><\\\/strong><a href=\\\"mailto:embpanamauruguay@mire.gob.pa\\\"><span>embpanamauruguay@mire.gob.pa<\\\/span><\\\/a><\\\/p>\\n\n\n<div class=\\\"uk-width-auto uk-first-column\\\">\\n\n\n<div>\n\n<hr \\\/><strong>Hor\\u00e1rio<\\\/strong><br \\\/>Das 09h00 \\u00e0s 14h00<\\\/div>\\n<\\\/div>\",\"margin\":\"default\"}}]},{\"type\":\"column\",\"props\":{\"image_position\":\"center-center\",\"position_sticky_breakpoint\":\"m\",\"width_medium\":\"1-2\"},\"children\":[{\"type\":\"headline\",\"props\":{\"content\":\"\n\n<p>Equipo de trabajo<\\\/p>\",\"content_pt_br\":\"Equipe de trabalho\",\"margin\":\"default\",\"margin_remove_bottom\":false,\"margin_remove_top\":false,\"title_color\":\"secondary\",\"title_element\":\"h2\",\"title_style\":\"h2\"}},{\"type\":\"html\",\"props\":{\"content\":\"<iframe width=\\\"100%\\\" height=\\\"100%\\\" scrolling=\\\"no\\\" src=\\\"https:\\\/\\\/www2.aladi.org\\\/nsfaladi\\\/dirinter.nsf\\\/2b6fb038d97c97e483257ebb00663289\\\/2e3b6585e95bf38d032579f2004368e7?OpenDocument\\\">    \\n           <\\\/iframe>\",\"content_pt_br\":\"<iframe width=\\\"100%\\\" height=\\\"100%\\\" scrolling=\\\"no\\\" src=\\\"https:\\\/\\\/www2.aladi.org\\\/nsfaladi\\\/dirinter.nsf\\\/473a86f8c120a1e5032584c1005db38f\\\/2e3b6585e95bf38d032579f2004368e7?OpenDocument\\\">    \\n           <\\\/iframe>\"}},{\"type\":\"headline\",\"props\":{\"content\":\"\n\n<p>Enlaces relacionados<\\\/p>\",\"content_pt_br\":\"Links relacionados\",\"margin\":\"large\",\"margin_remove_bottom\":true,\"margin_remove_top\":false,\"title_color\":\"secondary\",\"title_element\":\"h2\",\"title_style\":\"h2\"}},{\"type\":\"html\",\"props\":{\"content\":\"<iframe width=\\\"100%\\\" height=\\\"380px\\\" scrolling=\\\"no\\\" src=\\\"https:\\\/\\\/www2.aladi.org\\\/nsfaladi\\\/sitioAladi.nsf\\\/vinculosPanama.xsp\\\">    \\n           <\\\/iframe>\",\"content_pt_br\":\"<iframe width=\\\"100%\\\" height=\\\"100%\\\" scrolling=\\\"no\\\" src=\\\"https:\\\/\\\/www2.aladi.org\\\/nsfaladi\\\/sitioAladi.nsf\\\/vinculosPanamaP.xsp\\\">    \\n           <\\\/iframe>\",\"css\":\".el-element{\\n    padding-bottom: 50px;}\"}}]}]}]}],\"version\":\"4.4.12\"} --><\/p>\n","protected":false},"excerpt":{"rendered":"<p>Pa\u00edses miembros Panam\u00e1 La Rep\u00fablica de Panam\u00e1 fue aceptada como pa\u00eds miembro de la Asociaci\u00f3n Latinoamericana de Integraci\u00f3n (ALADI) en el marco de la Decimoquinta Reuni\u00f3n del Consejo de Ministros, por la Resoluci\u00f3n 64(XV), pasando a ser miembro pleno de la ALADI en el a\u00f1o 2012.\u00a0 Capital Ciudad de Panam\u00e1 Fiesta nacional 3 de Noviembre [&hellip;]<\/p>\n","protected":false},"author":1,"featured_media":0,"parent":1734,"menu_order":0,"comment_status":"closed","ping_status":"closed","template":"","meta":{"_acf_changed":false,"footnotes":""},"class_list":["post-2175","page","type-page","status-publish","hentry"],"acf":[],"yoast_head":"<!-- This site is optimized with the Yoast SEO plugin v26.5 - https:\/\/yoast.com\/wordpress\/plugins\/seo\/ -->\n<title>Panam\u00e1<\/title>\n<meta name=\"robots\" content=\"index, follow, max-snippet:-1, max-image-preview:large, max-video-preview:-1\" \/>\n<meta property=\"og:locale\" content=\"pt_BR\" \/>\n<meta property=\"og:type\" content=\"article\" \/>\n<meta property=\"og:title\" content=\"Panam\u00e1\" \/>\n<meta property=\"og:url\" content=\"https:\/\/www.aladi.org\/pt\/paises-membros\/panama\/\" \/>\n<meta property=\"og:site_name\" content=\"ALADI\" \/>\n<meta property=\"article:publisher\" content=\"https:\/\/es-la.facebook.com\/people\/ALADI\/100064606213084\/\" \/>\n<meta property=\"article:modified_time\" content=\"2025-08-15T15:11:49+00:00\" \/>\n<meta name=\"twitter:card\" content=\"summary_large_image\" \/>\n<meta name=\"twitter:site\" content=\"@ALADI_SG\" \/>\n<meta name=\"twitter:label1\" content=\"Est. reading time\" \/>\n\t<meta name=\"twitter:data1\" content=\"1 minute\" \/>\n<script type=\"application\/ld+json\" class=\"yoast-schema-graph\">{\"@context\":\"https:\/\/schema.org\",\"@graph\":[{\"@type\":\"WebPage\",\"@id\":\"https:\/\/www.aladi.org\/pt\/paises-membros\/panama\/\",\"url\":\"https:\/\/www.aladi.org\/pt\/paises-membros\/panama\/\",\"name\":\"Panam\u00e1 - ALADI\",\"isPartOf\":{\"@id\":\"https:\/\/www.aladi.org\/#website\"},\"datePublished\":\"2023-05-29T13:37:05+00:00\",\"dateModified\":\"2025-08-15T15:11:49+00:00\",\"breadcrumb\":{\"@id\":\"https:\/\/www.aladi.org\/pt\/paises-membros\/panama\/#breadcrumb\"},\"inLanguage\":\"pt-BR\",\"potentialAction\":[{\"@type\":\"ReadAction\",\"target\":[\"https:\/\/www.aladi.org\/pt\/paises-membros\/panama\/\"]}]},{\"@type\":\"BreadcrumbList\",\"@id\":\"https:\/\/www.aladi.org\/pt\/paises-membros\/panama\/#breadcrumb\",\"itemListElement\":[{\"@type\":\"ListItem\",\"position\":1,\"name\":\"Home\",\"item\":\"https:\/\/www.aladi.org\/\"},{\"@type\":\"ListItem\",\"position\":2,\"name\":\"Pa\u00edses membros\",\"item\":\"https:\/\/www.aladi.org\/paises-miembros\/\"},{\"@type\":\"ListItem\",\"position\":3,\"name\":\"Panam\u00e1\"}]},{\"@type\":\"WebSite\",\"@id\":\"https:\/\/www.aladi.org\/pt\/#website\",\"url\":\"https:\/\/www.aladi.org\/pt\/\",\"name\":\"ALADI\",\"description\":\"Asociaci\u00f3n Latinoamericana de Integraci\u00f3n\",\"publisher\":{\"@id\":\"https:\/\/www.aladi.org\/pt\/#organization\"},\"potentialAction\":[{\"@type\":\"SearchAction\",\"target\":{\"@type\":\"EntryPoint\",\"urlTemplate\":\"https:\/\/www.aladi.org\/pt\/?s={search_term_string}\"},\"query-input\":{\"@type\":\"PropertyValueSpecification\",\"valueRequired\":true,\"valueName\":\"search_term_string\"}}],\"inLanguage\":\"pt-BR\"},{\"@type\":\"Organization\",\"@id\":\"https:\/\/www.aladi.org\/pt\/#organization\",\"name\":\"ALADI\",\"url\":\"https:\/\/www.aladi.org\/pt\/\",\"logo\":{\"@type\":\"ImageObject\",\"inLanguage\":\"pt-BR\",\"@id\":\"https:\/\/www.aladi.org\/pt\/#\/schema\/logo\/image\/\",\"url\":\"https:\/\/www.aladi.org\/wp-content\/uploads\/2025\/12\/Logo-ALADI.png\",\"contentUrl\":\"https:\/\/www.aladi.org\/wp-content\/uploads\/2025\/12\/Logo-ALADI.png\",\"width\":375,\"height\":235,\"caption\":\"ALADI\"},\"image\":{\"@id\":\"https:\/\/www.aladi.org\/pt\/#\/schema\/logo\/image\/\"},\"sameAs\":[\"https:\/\/es-la.facebook.com\/people\/ALADI\/100064606213084\/\",\"https:\/\/x.com\/ALADI_SG\",\"https:\/\/www.instagram.com\/aladi_sg\/?hl=es\",\"https:\/\/www.linkedin.com\/company\/aladi\/\",\"https:\/\/www.flickr.com\/photos\/aladi\/\",\"https:\/\/www.youtube.com\/channel\/UCrkJWOWHKF6igQmWE8Clnpg\"]}]}<\/script>\n<!-- \/ Yoast SEO plugin. -->","yoast_head_json":{"title":"Panam\u00e1","robots":{"index":"index","follow":"follow","max-snippet":"max-snippet:-1","max-image-preview":"max-image-preview:large","max-video-preview":"max-video-preview:-1"},"og_locale":"pt_BR","og_type":"article","og_title":"Panam\u00e1","og_url":"https:\/\/www.aladi.org\/pt\/paises-membros\/panama\/","og_site_name":"ALADI","article_publisher":"https:\/\/es-la.facebook.com\/people\/ALADI\/100064606213084\/","article_modified_time":"2025-08-15T15:11:49+00:00","twitter_card":"summary_large_image","twitter_site":"@ALADI_SG","twitter_misc":{"Est. reading time":"1 minute"},"schema":{"@context":"https:\/\/schema.org","@graph":[{"@type":"WebPage","@id":"https:\/\/www.aladi.org\/pt\/paises-membros\/panama\/","url":"https:\/\/www.aladi.org\/pt\/paises-membros\/panama\/","name":"Panam\u00e1 - ALADI","isPartOf":{"@id":"https:\/\/www.aladi.org\/#website"},"datePublished":"2023-05-29T13:37:05+00:00","dateModified":"2025-08-15T15:11:49+00:00","breadcrumb":{"@id":"https:\/\/www.aladi.org\/pt\/paises-membros\/panama\/#breadcrumb"},"inLanguage":"pt-BR","potentialAction":[{"@type":"ReadAction","target":["https:\/\/www.aladi.org\/pt\/paises-membros\/panama\/"]}]},{"@type":"BreadcrumbList","@id":"https:\/\/www.aladi.org\/pt\/paises-membros\/panama\/#breadcrumb","itemListElement":[{"@type":"ListItem","position":1,"name":"Home","item":"https:\/\/www.aladi.org\/"},{"@type":"ListItem","position":2,"name":"Pa\u00edses membros","item":"https:\/\/www.aladi.org\/paises-miembros\/"},{"@type":"ListItem","position":3,"name":"Panam\u00e1"}]},{"@type":"WebSite","@id":"https:\/\/www.aladi.org\/pt\/#website","url":"https:\/\/www.aladi.org\/pt\/","name":"ALADI","description":"Asociaci\u00f3n Latinoamericana de Integraci\u00f3n","publisher":{"@id":"https:\/\/www.aladi.org\/pt\/#organization"},"potentialAction":[{"@type":"SearchAction","target":{"@type":"EntryPoint","urlTemplate":"https:\/\/www.aladi.org\/pt\/?s={search_term_string}"},"query-input":{"@type":"PropertyValueSpecification","valueRequired":true,"valueName":"search_term_string"}}],"inLanguage":"pt-BR"},{"@type":"Organization","@id":"https:\/\/www.aladi.org\/pt\/#organization","name":"ALADI","url":"https:\/\/www.aladi.org\/pt\/","logo":{"@type":"ImageObject","inLanguage":"pt-BR","@id":"https:\/\/www.aladi.org\/pt\/#\/schema\/logo\/image\/","url":"https:\/\/www.aladi.org\/wp-content\/uploads\/2025\/12\/Logo-ALADI.png","contentUrl":"https:\/\/www.aladi.org\/wp-content\/uploads\/2025\/12\/Logo-ALADI.png","width":375,"height":235,"caption":"ALADI"},"image":{"@id":"https:\/\/www.aladi.org\/pt\/#\/schema\/logo\/image\/"},"sameAs":["https:\/\/es-la.facebook.com\/people\/ALADI\/100064606213084\/","https:\/\/x.com\/ALADI_SG","https:\/\/www.instagram.com\/aladi_sg\/?hl=es","https:\/\/www.linkedin.com\/company\/aladi\/","https:\/\/www.flickr.com\/photos\/aladi\/","https:\/\/www.youtube.com\/channel\/UCrkJWOWHKF6igQmWE8Clnpg"]}]}},"jetpack_sharing_enabled":true,"_links":{"self":[{"href":"https:\/\/www.aladi.org\/pt\/wp-json\/wp\/v2\/pages\/2175","targetHints":{"allow":["GET"]}}],"collection":[{"href":"https:\/\/www.aladi.org\/pt\/wp-json\/wp\/v2\/pages"}],"about":[{"href":"https:\/\/www.aladi.org\/pt\/wp-json\/wp\/v2\/types\/page"}],"author":[{"embeddable":true,"href":"https:\/\/www.aladi.org\/pt\/wp-json\/wp\/v2\/users\/1"}],"replies":[{"embeddable":true,"href":"https:\/\/www.aladi.org\/pt\/wp-json\/wp\/v2\/comments?post=2175"}],"version-history":[{"count":22,"href":"https:\/\/www.aladi.org\/pt\/wp-json\/wp\/v2\/pages\/2175\/revisions"}],"predecessor-version":[{"id":7132,"href":"https:\/\/www.aladi.org\/pt\/wp-json\/wp\/v2\/pages\/2175\/revisions\/7132"}],"up":[{"embeddable":true,"href":"https:\/\/www.aladi.org\/pt\/wp-json\/wp\/v2\/pages\/1734"}],"wp:attachment":[{"href":"https:\/\/www.aladi.org\/pt\/wp-json\/wp\/v2\/media?parent=2175"}],"curies":[{"name":"wp","href":"https:\/\/api.w.org\/{rel}","templated":true}]}}