{"id":2165,"date":"2023-05-29T13:36:03","date_gmt":"2023-05-29T13:36:03","guid":{"rendered":"https:\/\/sitio.aladi.org\/?page_id=2165&#038;lang=es"},"modified":"2026-03-17T13:18:54","modified_gmt":"2026-03-17T13:18:54","slug":"chile-2","status":"publish","type":"page","link":"https:\/\/www.aladi.org\/pt\/paises-membros\/chile-2\/","title":{"rendered":"Chile"},"content":{"rendered":"<div>Pa\u00edses miembros<\/div>\n<h1>\n<p><strong>Chile<\/strong><\/p>\n<\/h1>\n<div>\n<p><span style=\"font-weight: 400;\">La Rep\u00fablica de Chile forma parte de la Asociaci\u00f3n Latinoamericana de Integraci\u00f3n (ALADI) desde el 12 de agosto de 1980, al ser pa\u00eds signatario del Tratado de Montevideo 1980.\u00a0<\/span><\/p>\n<\/div>\n<div>\n<div>\n<ul class=\"uk-list uk-text-right uk-list-divider\">\n<li>\n<div class=\"uk-h6 uk-float-left\">Capital<\/div>\n<p>Santiago<\/li>\n<li>\n<div class=\"uk-h6 uk-float-left\">Fiesta nacional<\/div>\n<p><span>18 de setiembre de 1810<\/span><br \/>Aniversario Nacional<\/li>\n<li>\n<div class=\"uk-h6 uk-float-left\">Jefe de Estado<\/div>\n<p>Presidente <span>Jos\u00e9 Antonio Kast<\/span><\/li>\n<li>\n<div class=\"uk-h6 uk-float-left\">Poblaci\u00f3n<\/div>\n<p><span>19,6 millones (Fuente: Banco Mundial. Actualizaci\u00f3n: datos 2022<\/span>)<\/li>\n<li>\n<div class=\"uk-h6 uk-float-left\">Lengua<\/div>\n<p>Espa\u00f1ol<\/li>\n<li>\n<div class=\"uk-h6 uk-float-left\">Superficie<\/div>\n<p><span>756.700 kil\u00f3metros cuadrado<\/span>s<\/li>\n<li>\n<div class=\"uk-h6 uk-float-left\">Moneda<\/div>\n<p>Peso chileno<\/li>\n<\/ul>\n<\/div>\n<\/div>\n<h2>\n<p>Representaci\u00f3n<\/p>\n<\/h2>\n<div>\n<p><span id=\"view:_id1:nombreRepre1\">Representaci\u00f3n Permanente de Chile ante la ALADI y el MERCOSUR<\/span><\/p>\n<\/div>\n<div>\n<p><label id=\"view:_id1:direcci\u00f3n_Label1\" for=\"view:_id1:direcci\u00f3n1\" class=\"xspTextLabel\"><strong>Direcci\u00f3n<\/strong><br \/><span id=\"view:_id1:direcci\u00f3n1\"><span>Guip\u00fazcoa 455 esq. Joaqu\u00edn N\u00fa\u00f1ez. Montevideo-Uruguay<\/span><\/span><\/label><strong><\/strong><\/p>\n<hr \/>\n<p><strong>Tel\u00e9fono\/Fax<br \/><\/strong><span>Tel.: (+598) 27142920, (+598) 27142939<\/span><br \/><span>Fax: (+598) 27102869<\/span><br \/><strong><\/strong><\/p>\n<hr \/>\n<p><strong>Email<br \/><\/strong><\/p>\n<p><a href=\"mailto:chilealadi@subrei.gob.cl\" target=\"_blank\" rel=\"noopener\"><span>chilealadi@subrei.gob.cl<\/span><\/a><\/p>\n<div class=\"uk-width-auto uk-first-column\">\n<div>\n<hr \/>\n<p><strong><\/strong><\/div>\n<div>Web<\/div>\n<div><a href=\"https:\/\/www.subrei.gob.cl\/organismos-multilaterales\/aladi-asociacion-latinoamericana-de-integracion\/chile-y-aladi\">https:\/\/www.subrei.gob.cl\/organismos-multilaterales\/aladi-asociacion-latinoamericana-de-integracion\/chile-y-aladi<\/a><\/div>\n<div>\n<hr \/>\n<\/div>\n<div><strong>Horario<\/strong><br \/>De <span>9:00 a 13:30 hs &#8211; 15:00 a 17:30 hs<\/span><\/div>\n<\/div>\n<\/div>\n<h2>\n<p>Equipo de trabajo<\/p>\n<\/h2>\n<div>\n<p>    <iframe loading=\"lazy\" width=\"100%\" height=\"100%\" scrolling=\"no\" src=\"https:\/\/www2.aladi.org\/nsfaladi\/dirinter.nsf\/2b6fb038d97c97e483257ebb00663289\/cbbc3488b8e728ae0325749c005ea12c?OpenDocument\"><br \/>\n           <\/iframe>\n<\/div>\n<h2>\n<p>Enlaces relacionados<\/p>\n<\/h2>\n<div>\n<p>    <iframe loading=\"lazy\" width=\"100%\" height=\"400px\" scrolling=\"no\" src=\"https:\/\/www2.aladi.org\/nsfaladi\/sitioAladi.nsf\/vinculosChile.xsp\"><br \/>\n           <\/iframe>\n<\/div>\n<p><!--more--><br \/>\n<!-- {\"type\":\"layout\",\"children\":[{\"type\":\"section\",\"props\":{\"image\":\"wp-content\\\/uploads\\\/2024\\\/12\\\/Ch.png\",\"image_position\":\"bottom-left\",\"image_size\":\"cover\",\"padding\":\"large\",\"padding_remove_bottom\":false,\"padding_remove_top\":false,\"style\":\"default\",\"title_breakpoint\":\"xl\",\"title_position\":\"top-left\",\"title_rotation\":\"left\",\"vertical_align\":\"\",\"width\":\"default\",\"width_expand\":\"right\"},\"children\":[{\"type\":\"row\",\"props\":{\"margin_remove_bottom\":false},\"children\":[{\"type\":\"column\",\"props\":{\"image_position\":\"center-center\",\"position_sticky_breakpoint\":\"m\",\"width_medium\":\"1-1\"}}]}]},{\"name\":\"Hero\",\"type\":\"section\",\"props\":{\"animation_delay\":false,\"image_position\":\"center-center\",\"overlap\":false,\"padding_remove_top\":false,\"style\":\"default\",\"title_breakpoint\":\"xl\",\"title_position\":\"top-left\",\"title_rotation\":\"left\",\"vertical_align\":\"\",\"width\":\"\"},\"children\":[{\"type\":\"row\",\"props\":{\"column_gap\":\"large\",\"layout\":\"1-2,1-2\",\"margin\":\"remove-vertical\",\"margin_remove_bottom\":false,\"margin_remove_top\":false,\"row_gap\":\"large\",\"width\":\"xlarge\"},\"children\":[{\"type\":\"column\",\"props\":{\"image_effect\":\"parallax\",\"image_height\":\"310\",\"image_parallax_bgy\":\"-110,-250\",\"image_parallax_easing\":\"1\",\"image_position\":\"top-left\",\"image_width\":\"260\",\"position_sticky_breakpoint\":\"m\",\"width_medium\":\"1-2\"},\"children\":[{\"type\":\"breadcrumbs\",\"props\":{\"home_text_pt_br\":\"Chile\",\"show_current\":true,\"show_home\":true}},{\"type\":\"headline\",\"props\":{\"content\":\"Pa\\u00edses miembros\",\"content_pt_br\":\"Pa\\u00edses membros\",\"margin\":\"medium\",\"margin_remove_bottom\":false,\"title_color\":\"primary\",\"title_element\":\"div\",\"title_style\":\"h6\"}},{\"type\":\"headline\",\"props\":{\"content\":\"\n\n<p><strong>Chile<\\\/strong><\\\/p>\",\"content_pt_br\":\"<strong>Chile<\\\/strong>\",\"margin\":\"large\",\"margin_remove_bottom\":true,\"margin_remove_top\":true,\"title_color\":\"secondary\",\"title_element\":\"h1\",\"title_style\":\"h1\"}},{\"type\":\"text\",\"props\":{\"column_breakpoint\":\"l\",\"column_divider\":false,\"content\":\"\n\n<p><span style=\\\"font-weight: 400;\\\">La Rep\\u00fablica de Chile forma parte de la Asociaci\\u00f3n Latinoamericana de Integraci\\u00f3n (ALADI) desde el 12 de agosto de 1980, al ser pa\\u00eds signatario del Tratado de Montevideo 1980.\\u00a0<\\\/span><\\\/p>\",\"content_pt_br\":\"\n\n<p>A Rep\\u00fablica do Chile \\u00e9 pa\\u00eds signat\\u00e1rio do Tratado de Montevid\\u00e9u de 1980 (TM80), pelo que faz parte da Associa\\u00e7\\u00e3o Latino-Americana de Integra\\u00e7\\u00e3o (ALADI) desde 12 de agosto de 1980.<\\\/p>\",\"margin\":\"default\",\"maxwidth\":\"2xlarge\",\"text_align_fallback\":\"left\"}},{\"type\":\"text\",\"props\":{\"column_breakpoint\":\"l\",\"column_divider\":false,\"content\":\"\",\"margin\":\"default\",\"maxwidth\":\"2xlarge\",\"text_align_fallback\":\"left\"}}]},{\"type\":\"column\",\"props\":{\"image_position\":\"center-center\",\"position_sticky_breakpoint\":\"m\",\"preserve_color\":false,\"width_medium\":\"1-2\"},\"children\":[{\"type\":\"panel\",\"props\":{\"animation\":\"parallax\",\"content\":\"\n\n<ul class=\\\"uk-list uk-text-right uk-list-divider\\\">\\n\n\n<li>\\n\n\n<div class=\\\"uk-h6 uk-float-left\\\">Capital<\\\/div>\\nSantiago<\\\/li>\\n\n\n<li>\\n\n\n<div class=\\\"uk-h6 uk-float-left\\\">Fiesta nacional<\\\/div>\\n<span>18 de setiembre de 1810<\\\/span><br \\\/>Aniversario Nacional<\\\/li>\\n\n\n<li>\\n\n\n<div class=\\\"uk-h6 uk-float-left\\\">Jefe de Estado<\\\/div>\\nPresidente <span>Jos\\u00e9 Antonio Kast<\\\/span><\\\/li>\\n\n\n<li>\\n\n\n<div class=\\\"uk-h6 uk-float-left\\\">Poblaci\\u00f3n<\\\/div>\\n<span>19,6 millones (Fuente: Banco Mundial. Actualizaci\\u00f3n: datos 2022<\\\/span>)<\\\/li>\\n\n\n<li>\\n\n\n<div class=\\\"uk-h6 uk-float-left\\\">Lengua<\\\/div>\\nEspa\\u00f1ol<\\\/li>\\n\n\n<li>\\n\n\n<div class=\\\"uk-h6 uk-float-left\\\">Superficie<\\\/div>\\n<span>756.700 kil\\u00f3metros cuadrado<\\\/span>s<\\\/li>\\n\n\n<li>\\n\n\n<div class=\\\"uk-h6 uk-float-left\\\">Moneda<\\\/div>\\nPeso chileno<\\\/li>\\n<\\\/ul>\",\"content_align\":false,\"content_column_breakpoint\":\"m\",\"content_pt_br\":\"\n\n<ul class=\\\"uk-list uk-text-right uk-list-divider\\\">\\n\n\n<li>\\n\n\n<div class=\\\"uk-h6 uk-float-left\\\">Capital<\\\/div>\\nSantiago<\\\/li>\\n\n\n<li>\\n\n\n<div class=\\\"uk-h6 uk-float-left\\\">Data nacional<\\\/div>\\n<span>18 de setembro de 1810 \\u2013 Dia da Independ\\u00eancia<\\\/span><\\\/li>\\n\n\n<li>\\n\n\n<div class=\\\"uk-h6 uk-float-left\\\">Chefe de Estado<\\\/div>\\npresidente <span>Jos\\u00e9 Antonio Kast<\\\/span><\\\/li>\\n\n\n<li>\\n\n\n<div class=\\\"uk-h6 uk-float-left\\\">Po<span>pula\\u00e7\\u00e3o<\\\/span><\\\/div>\\n<span>19,6\\u00a0milh\\u00f5es (Fonte: Banco Mundial. Atualiza\\u00e7\\u00e3o: dados 2022)<\\\/span><\\\/li>\\n\n\n<li>\\n\n\n<div class=\\\"uk-h6 uk-float-left\\\">L\\u00edngua<\\\/div>\\nEspanhol<\\\/li>\\n\n\n<li>\\n\n\n<div class=\\\"uk-h6 uk-float-left\\\">Superf\\u00edcie<\\\/div>\\n<span>756.700 quil\\u00f4metros quadrados<\\\/span><\\\/li>\\n\n\n<li>\\n\n\n<div class=\\\"uk-h6 uk-float-left\\\">Moeda<\\\/div>\\nPeso chileno<\\\/li>\\n<\\\/ul>\",\"content_style\":\"text-meta\",\"icon_width\":80,\"image_align\":\"top\",\"image_grid_breakpoint\":\"m\",\"image_grid_width\":\"1-2\",\"image_svg_color\":\"emphasis\",\"link_style\":\"default\",\"link_text\":\"Read more\",\"margin\":\"remove-vertical\",\"meta_align\":\"below-title\",\"meta_element\":\"div\",\"meta_style\":\"text-meta\",\"panel_padding\":\"large\",\"panel_style\":\"card-secondary\",\"parallax_breakpoint\":\"l\",\"parallax_easing\":\"1\",\"parallax_target\":\"!.uk-section\",\"parallax_y\":\"-200,100\",\"parallax_zindex\":false,\"position\":\"relative\",\"position_top\":\"0\",\"title_align\":\"top\",\"title_element\":\"h3\",\"title_grid_breakpoint\":\"m\",\"title_grid_width\":\"1-2\",\"title_hover_style\":\"reset\"}}]}]}]},{\"type\":\"section\",\"props\":{\"image_position\":\"center-center\",\"padding_remove_top\":false,\"style\":\"default\",\"title_breakpoint\":\"xl\",\"title_position\":\"top-left\",\"title_rotation\":\"left\",\"vertical_align\":\"\",\"width\":\"xlarge\"},\"children\":[{\"type\":\"row\",\"props\":{\"column_gap\":\"large\",\"layout\":\"1-2,1-2\",\"margin\":\"default\",\"row_gap\":\"collapse\",\"width\":\"xlarge\"},\"children\":[{\"type\":\"column\",\"props\":{\"image_position\":\"center-center\",\"position_sticky_breakpoint\":\"m\",\"width_medium\":\"1-2\"},\"children\":[{\"type\":\"headline\",\"props\":{\"content\":\"\n\n<p>Representaci\\u00f3n<\\\/p>\",\"content_pt_br\":\"Repre<span>senta\\u00e7\\u00e3o<\\\/span>\",\"margin\":\"large\",\"margin_remove_bottom\":true,\"margin_remove_top\":true,\"title_color\":\"secondary\",\"title_element\":\"h2\",\"title_style\":\"h2\"}},{\"type\":\"text\",\"props\":{\"column_breakpoint\":\"m\",\"content\":\"\n\n<p><span id=\\\"view:_id1:nombreRepre1\\\">Representaci\\u00f3n Permanente de Chile ante la ALADI y el MERCOSUR<\\\/span><\\\/p>\",\"content_pt_br\":\"\n\n<p><span id=\\\"view:_id1:nombreRepre1\\\"><span>Representa\\u00e7\\u00e3o Permanente do Chile junto \\u00e0 ALADI e ao MERCOSUL<\\\/span><\\\/span><\\\/p>\",\"margin\":\"default\"}},{\"type\":\"text\",\"props\":{\"column_breakpoint\":\"m\",\"content\":\"\n\n<p><label id=\\\"view:_id1:direcci\\u00f3n_Label1\\\" for=\\\"view:_id1:direcci\\u00f3n1\\\" class=\\\"xspTextLabel\\\"><strong>Direcci\\u00f3n<\\\/strong><br \\\/><span id=\\\"view:_id1:direcci\\u00f3n1\\\"><span>Guip\\u00fazcoa 455 esq. Joaqu\\u00edn N\\u00fa\\u00f1ez. Montevideo-Uruguay<\\\/span><\\\/span><\\\/label><strong><\\\/strong><\\\/p>\\n\n\n<hr \\\/>\\n\n\n<p><strong>Tel\\u00e9fono\\\/Fax<br \\\/><\\\/strong><span>Tel.: (+598) 27142920, (+598) 27142939<\\\/span><br \\\/><span>Fax: (+598) 27102869<\\\/span><br \\\/><strong><\\\/strong><\\\/p>\\n\n\n<hr \\\/>\\n\n\n<p><strong>Email<br \\\/><\\\/strong><\\\/p>\\n\n\n<p><a href=\\\"mailto:chilealadi@subrei.gob.cl\\\" target=\\\"_blank\\\" rel=\\\"noopener\\\"><span>chilealadi@subrei.gob.cl<\\\/span><\\\/a><\\\/p>\\n\n\n<div class=\\\"uk-width-auto uk-first-column\\\">\\n\n\n<div>\n\n<hr \\\/><strong><\\\/strong><\\\/div>\\n\n\n<div>Web<\\\/div>\\n\n\n<div><a href=\\\"https:\\\/\\\/www.subrei.gob.cl\\\/organismos-multilaterales\\\/aladi-asociacion-latinoamericana-de-integracion\\\/chile-y-aladi\\\">https:\\\/\\\/www.subrei.gob.cl\\\/organismos-multilaterales\\\/aladi-asociacion-latinoamericana-de-integracion\\\/chile-y-aladi<\\\/a><\\\/div>\\n\n\n<div>\n\n<hr \\\/><\\\/div>\\n\n\n<div><strong>Horario<\\\/strong><br \\\/>De <span>9:00 a 13:30 hs - 15:00 a 17:30 hs<\\\/span><\\\/div>\\n<\\\/div>\",\"content_pt_br\":\"\n\n<p><label id=\\\"view:_id1:direcci\\u00f3n_Label1\\\" for=\\\"view:_id1:direcci\\u00f3n1\\\" class=\\\"xspTextLabel\\\"><strong>Endere\\u00e7o<\\\/strong><br \\\/><span id=\\\"view:_id1:direcci\\u00f3n1\\\"><span>Guip\\u00fazcoa 455 esq. Joaqu\\u00edn N\\u00fa\\u00f1ez, Montevid\\u00e9u, Uruguai<\\\/span><\\\/span><\\\/label><\\\/p>\\n\n\n<hr \\\/>\\n\n\n<p><strong>Telefone\\\/Fax<br \\\/><\\\/strong><span>Telefone: (+598) 27142920, (+598) 27142939<\\\/span><br \\\/><span>Fax: (+598) 27102869<\\\/span><br \\\/><strong><\\\/strong><\\\/p>\\n\n\n<hr \\\/>\\n\n\n<p><strong>E-mail<br \\\/><\\\/strong><\\\/p>\\n\n\n<p><a href=\\\"mailto:chilealadi@subrei.gob.cl\\\" target=\\\"_blank\\\" rel=\\\"noopener\\\"><span>chilealadi@subrei.gob.cl<\\\/span><\\\/a><\\\/p>\\n\n\n<div class=\\\"uk-width-auto uk-first-column\\\">\\n\n\n<div>\n\n<hr \\\/><strong><\\\/strong><\\\/div>\\n\n\n<div>Web<\\\/div>\\n\n\n<div><a href=\\\"https:\\\/\\\/www.subrei.gob.cl\\\/organismos-multilaterales\\\/aladi-asociacion-latinoamericana-de-integracion\\\/chile-y-aladi\\\">https:\\\/\\\/www.subrei.gob.cl\\\/organismos-multilaterales\\\/aladi-asociacion-latinoamericana-de-integracion\\\/chile-y-aladi<\\\/a><\\\/div>\\n\n\n<div>\n\n<hr \\\/><\\\/div>\\n\n\n<div><strong>Hor\\u00e1rio<\\\/strong><br \\\/>Das <span>9h00 \\u00e0s 13h30 - das 15h00 \\u00e0s 17h30<\\\/span><\\\/div>\\n<\\\/div>\",\"margin\":\"default\"}}]},{\"type\":\"column\",\"props\":{\"image_position\":\"center-center\",\"position_sticky_breakpoint\":\"m\",\"width_medium\":\"1-2\"},\"children\":[{\"type\":\"headline\",\"props\":{\"content\":\"\n\n<p>Equipo de trabajo<\\\/p>\",\"content_pt_br\":\"Equipe de trabalho\",\"margin\":\"default\",\"margin_remove_bottom\":false,\"margin_remove_top\":false,\"title_color\":\"secondary\",\"title_element\":\"h2\",\"title_style\":\"h2\"}},{\"type\":\"html\",\"props\":{\"content\":\"<iframe width=\\\"100%\\\" height=\\\"100%\\\" scrolling=\\\"no\\\" src=\\\"https:\\\/\\\/www2.aladi.org\\\/nsfaladi\\\/dirinter.nsf\\\/2b6fb038d97c97e483257ebb00663289\\\/cbbc3488b8e728ae0325749c005ea12c?OpenDocument\\\">    \\n           <\\\/iframe>\",\"content_pt_br\":\"<iframe width=\\\"100%\\\" height=\\\"100%\\\" scrolling=\\\"no\\\" src=\\\"https:\\\/\\\/www2.aladi.org\\\/nsfaladi\\\/dirinter.nsf\\\/473a86f8c120a1e5032584c1005db38f\\\/cbbc3488b8e728ae0325749c005ea12c?OpenDocument\\\">    \\n           <\\\/iframe>\"}},{\"type\":\"headline\",\"props\":{\"content\":\"\n\n<p>Enlaces relacionados<\\\/p>\",\"content_pt_br\":\"Links relacionados\",\"margin\":\"large\",\"margin_remove_bottom\":true,\"margin_remove_top\":false,\"title_color\":\"secondary\",\"title_element\":\"h2\",\"title_style\":\"h2\"}},{\"type\":\"html\",\"props\":{\"content\":\"<iframe width=\\\"100%\\\" height=\\\"400px\\\" scrolling=\\\"no\\\" src=\\\"https:\\\/\\\/www2.aladi.org\\\/nsfaladi\\\/sitioAladi.nsf\\\/vinculosChile.xsp\\\">    \\n           <\\\/iframe>\",\"content_pt_br\":\"<iframe width=\\\"100%\\\" height=\\\"100%\\\" scrolling=\\\"no\\\" src=\\\"https:\\\/\\\/www2.aladi.org\\\/nsfaladi\\\/sitioAladi.nsf\\\/vinculosChileP.xsp\\\">    \\n           <\\\/iframe>\",\"css\":\".el-element{\\n    padding-bottom: 50px;}\"}}]}]}]}],\"version\":\"4.4.12\"} --><\/p>\n","protected":false},"excerpt":{"rendered":"<p>Pa\u00edses miembros Chile La Rep\u00fablica de Chile forma parte de la Asociaci\u00f3n Latinoamericana de Integraci\u00f3n (ALADI) desde el 12 de agosto de 1980, al ser pa\u00eds signatario del Tratado de Montevideo 1980.\u00a0 Capital Santiago Fiesta nacional 18 de setiembre de 1810Aniversario Nacional Jefe de Estado Presidente Jos\u00e9 Antonio Kast Poblaci\u00f3n 19,6 millones (Fuente: Banco Mundial. [&hellip;]<\/p>\n","protected":false},"author":1,"featured_media":0,"parent":1734,"menu_order":0,"comment_status":"closed","ping_status":"closed","template":"","meta":{"_acf_changed":false,"footnotes":""},"class_list":["post-2165","page","type-page","status-publish","hentry"],"acf":[],"yoast_head":"<!-- This site is optimized with the Yoast SEO plugin v26.5 - https:\/\/yoast.com\/wordpress\/plugins\/seo\/ -->\n<title>Chile<\/title>\n<meta name=\"robots\" content=\"index, follow, max-snippet:-1, max-image-preview:large, max-video-preview:-1\" \/>\n<meta property=\"og:locale\" content=\"pt_BR\" \/>\n<meta property=\"og:type\" content=\"article\" \/>\n<meta property=\"og:title\" content=\"Chile\" \/>\n<meta property=\"og:url\" content=\"https:\/\/www.aladi.org\/pt\/paises-membros\/chile-2\/\" \/>\n<meta property=\"og:site_name\" content=\"ALADI\" \/>\n<meta property=\"article:publisher\" content=\"https:\/\/es-la.facebook.com\/people\/ALADI\/100064606213084\/\" \/>\n<meta property=\"article:modified_time\" content=\"2026-03-17T13:18:54+00:00\" \/>\n<meta name=\"twitter:card\" content=\"summary_large_image\" \/>\n<meta name=\"twitter:site\" content=\"@ALADI_SG\" \/>\n<meta name=\"twitter:label1\" content=\"Est. reading time\" \/>\n\t<meta name=\"twitter:data1\" content=\"1 minute\" \/>\n<script type=\"application\/ld+json\" class=\"yoast-schema-graph\">{\"@context\":\"https:\/\/schema.org\",\"@graph\":[{\"@type\":\"WebPage\",\"@id\":\"https:\/\/www.aladi.org\/pt\/paises-membros\/chile-2\/\",\"url\":\"https:\/\/www.aladi.org\/pt\/paises-membros\/chile-2\/\",\"name\":\"Chile - ALADI\",\"isPartOf\":{\"@id\":\"https:\/\/www.aladi.org\/#website\"},\"datePublished\":\"2023-05-29T13:36:03+00:00\",\"dateModified\":\"2026-03-17T13:18:54+00:00\",\"breadcrumb\":{\"@id\":\"https:\/\/www.aladi.org\/pt\/paises-membros\/chile-2\/#breadcrumb\"},\"inLanguage\":\"pt-BR\",\"potentialAction\":[{\"@type\":\"ReadAction\",\"target\":[\"https:\/\/www.aladi.org\/pt\/paises-membros\/chile-2\/\"]}]},{\"@type\":\"BreadcrumbList\",\"@id\":\"https:\/\/www.aladi.org\/pt\/paises-membros\/chile-2\/#breadcrumb\",\"itemListElement\":[{\"@type\":\"ListItem\",\"position\":1,\"name\":\"Home\",\"item\":\"https:\/\/www.aladi.org\/\"},{\"@type\":\"ListItem\",\"position\":2,\"name\":\"Pa\u00edses membros\",\"item\":\"https:\/\/www.aladi.org\/paises-miembros\/\"},{\"@type\":\"ListItem\",\"position\":3,\"name\":\"Chile\"}]},{\"@type\":\"WebSite\",\"@id\":\"https:\/\/www.aladi.org\/pt\/#website\",\"url\":\"https:\/\/www.aladi.org\/pt\/\",\"name\":\"ALADI\",\"description\":\"Asociaci\u00f3n Latinoamericana de Integraci\u00f3n\",\"publisher\":{\"@id\":\"https:\/\/www.aladi.org\/pt\/#organization\"},\"potentialAction\":[{\"@type\":\"SearchAction\",\"target\":{\"@type\":\"EntryPoint\",\"urlTemplate\":\"https:\/\/www.aladi.org\/pt\/?s={search_term_string}\"},\"query-input\":{\"@type\":\"PropertyValueSpecification\",\"valueRequired\":true,\"valueName\":\"search_term_string\"}}],\"inLanguage\":\"pt-BR\"},{\"@type\":\"Organization\",\"@id\":\"https:\/\/www.aladi.org\/pt\/#organization\",\"name\":\"ALADI\",\"url\":\"https:\/\/www.aladi.org\/pt\/\",\"logo\":{\"@type\":\"ImageObject\",\"inLanguage\":\"pt-BR\",\"@id\":\"https:\/\/www.aladi.org\/pt\/#\/schema\/logo\/image\/\",\"url\":\"https:\/\/www.aladi.org\/wp-content\/uploads\/2025\/12\/Logo-ALADI.png\",\"contentUrl\":\"https:\/\/www.aladi.org\/wp-content\/uploads\/2025\/12\/Logo-ALADI.png\",\"width\":375,\"height\":235,\"caption\":\"ALADI\"},\"image\":{\"@id\":\"https:\/\/www.aladi.org\/pt\/#\/schema\/logo\/image\/\"},\"sameAs\":[\"https:\/\/es-la.facebook.com\/people\/ALADI\/100064606213084\/\",\"https:\/\/x.com\/ALADI_SG\",\"https:\/\/www.instagram.com\/aladi_sg\/?hl=es\",\"https:\/\/www.linkedin.com\/company\/aladi\/\",\"https:\/\/www.flickr.com\/photos\/aladi\/\",\"https:\/\/www.youtube.com\/channel\/UCrkJWOWHKF6igQmWE8Clnpg\"]}]}<\/script>\n<!-- \/ Yoast SEO plugin. -->","yoast_head_json":{"title":"Chile","robots":{"index":"index","follow":"follow","max-snippet":"max-snippet:-1","max-image-preview":"max-image-preview:large","max-video-preview":"max-video-preview:-1"},"og_locale":"pt_BR","og_type":"article","og_title":"Chile","og_url":"https:\/\/www.aladi.org\/pt\/paises-membros\/chile-2\/","og_site_name":"ALADI","article_publisher":"https:\/\/es-la.facebook.com\/people\/ALADI\/100064606213084\/","article_modified_time":"2026-03-17T13:18:54+00:00","twitter_card":"summary_large_image","twitter_site":"@ALADI_SG","twitter_misc":{"Est. reading time":"1 minute"},"schema":{"@context":"https:\/\/schema.org","@graph":[{"@type":"WebPage","@id":"https:\/\/www.aladi.org\/pt\/paises-membros\/chile-2\/","url":"https:\/\/www.aladi.org\/pt\/paises-membros\/chile-2\/","name":"Chile - ALADI","isPartOf":{"@id":"https:\/\/www.aladi.org\/#website"},"datePublished":"2023-05-29T13:36:03+00:00","dateModified":"2026-03-17T13:18:54+00:00","breadcrumb":{"@id":"https:\/\/www.aladi.org\/pt\/paises-membros\/chile-2\/#breadcrumb"},"inLanguage":"pt-BR","potentialAction":[{"@type":"ReadAction","target":["https:\/\/www.aladi.org\/pt\/paises-membros\/chile-2\/"]}]},{"@type":"BreadcrumbList","@id":"https:\/\/www.aladi.org\/pt\/paises-membros\/chile-2\/#breadcrumb","itemListElement":[{"@type":"ListItem","position":1,"name":"Home","item":"https:\/\/www.aladi.org\/"},{"@type":"ListItem","position":2,"name":"Pa\u00edses membros","item":"https:\/\/www.aladi.org\/paises-miembros\/"},{"@type":"ListItem","position":3,"name":"Chile"}]},{"@type":"WebSite","@id":"https:\/\/www.aladi.org\/pt\/#website","url":"https:\/\/www.aladi.org\/pt\/","name":"ALADI","description":"Asociaci\u00f3n Latinoamericana de Integraci\u00f3n","publisher":{"@id":"https:\/\/www.aladi.org\/pt\/#organization"},"potentialAction":[{"@type":"SearchAction","target":{"@type":"EntryPoint","urlTemplate":"https:\/\/www.aladi.org\/pt\/?s={search_term_string}"},"query-input":{"@type":"PropertyValueSpecification","valueRequired":true,"valueName":"search_term_string"}}],"inLanguage":"pt-BR"},{"@type":"Organization","@id":"https:\/\/www.aladi.org\/pt\/#organization","name":"ALADI","url":"https:\/\/www.aladi.org\/pt\/","logo":{"@type":"ImageObject","inLanguage":"pt-BR","@id":"https:\/\/www.aladi.org\/pt\/#\/schema\/logo\/image\/","url":"https:\/\/www.aladi.org\/wp-content\/uploads\/2025\/12\/Logo-ALADI.png","contentUrl":"https:\/\/www.aladi.org\/wp-content\/uploads\/2025\/12\/Logo-ALADI.png","width":375,"height":235,"caption":"ALADI"},"image":{"@id":"https:\/\/www.aladi.org\/pt\/#\/schema\/logo\/image\/"},"sameAs":["https:\/\/es-la.facebook.com\/people\/ALADI\/100064606213084\/","https:\/\/x.com\/ALADI_SG","https:\/\/www.instagram.com\/aladi_sg\/?hl=es","https:\/\/www.linkedin.com\/company\/aladi\/","https:\/\/www.flickr.com\/photos\/aladi\/","https:\/\/www.youtube.com\/channel\/UCrkJWOWHKF6igQmWE8Clnpg"]}]}},"jetpack_sharing_enabled":true,"_links":{"self":[{"href":"https:\/\/www.aladi.org\/pt\/wp-json\/wp\/v2\/pages\/2165","targetHints":{"allow":["GET"]}}],"collection":[{"href":"https:\/\/www.aladi.org\/pt\/wp-json\/wp\/v2\/pages"}],"about":[{"href":"https:\/\/www.aladi.org\/pt\/wp-json\/wp\/v2\/types\/page"}],"author":[{"embeddable":true,"href":"https:\/\/www.aladi.org\/pt\/wp-json\/wp\/v2\/users\/1"}],"replies":[{"embeddable":true,"href":"https:\/\/www.aladi.org\/pt\/wp-json\/wp\/v2\/comments?post=2165"}],"version-history":[{"count":28,"href":"https:\/\/www.aladi.org\/pt\/wp-json\/wp\/v2\/pages\/2165\/revisions"}],"predecessor-version":[{"id":10141,"href":"https:\/\/www.aladi.org\/pt\/wp-json\/wp\/v2\/pages\/2165\/revisions\/10141"}],"up":[{"embeddable":true,"href":"https:\/\/www.aladi.org\/pt\/wp-json\/wp\/v2\/pages\/1734"}],"wp:attachment":[{"href":"https:\/\/www.aladi.org\/pt\/wp-json\/wp\/v2\/media?parent=2165"}],"curies":[{"name":"wp","href":"https:\/\/api.w.org\/{rel}","templated":true}]}}