{"id":2163,"date":"2023-05-29T13:35:55","date_gmt":"2023-05-29T13:35:55","guid":{"rendered":"https:\/\/sitio.aladi.org\/?page_id=2163&#038;lang=es"},"modified":"2025-08-15T14:03:34","modified_gmt":"2025-08-15T14:03:34","slug":"brasil-2","status":"publish","type":"page","link":"https:\/\/www.aladi.org\/pt\/paises-membros\/brasil-2\/","title":{"rendered":"Brasil"},"content":{"rendered":"<div>Pa\u00edses miembros<\/div>\n<h1>\n<p><strong>Brasil<\/strong><\/p>\n<\/h1>\n<div>\n<p><span style=\"font-weight: 400;\">La Rep\u00fablica Federativa de Brasil forma parte de la Asociaci\u00f3n Latinoamericana de Integraci\u00f3n (ALADI) desde el 12 de agosto de 1980, al ser pa\u00eds signatario del Tratado de Montevideo 1980.\u00a0<\/span><\/p>\n<\/div>\n<div>\n<div>\n<ul class=\"uk-list uk-text-right uk-list-divider\">\n<li>\n<div class=\"uk-h6 uk-float-left\">Capital<\/div>\n<p>Brasilia &#8211; D.F<\/li>\n<li>\n<div class=\"uk-h6 uk-float-left\">Fiesta nacional<\/div>\n<p>7 de septiembre de 1822<br \/><span>Conmemoraci\u00f3n de la Independencia Nacional<\/span><\/li>\n<li>\n<div class=\"uk-h6 uk-float-left\">Jefe de Estado<\/div>\n<p>Presidente <span>Luiz In\u00e1cio Lula da Silva<\/span><\/li>\n<li>\n<div class=\"uk-h6 uk-float-left\">Poblaci\u00f3n<\/div>\n<p><span>215,3 milh\u00f5es (Fuente: Banco Mundial. Actualizaci\u00f3n: Datos 2022<\/span>)<\/li>\n<li>\n<div class=\"uk-h6 uk-float-left\">Lengua<\/div>\n<p>Portugu\u00e9s<\/li>\n<li>\n<div class=\"uk-h6 uk-float-left\">Superficie<\/div>\n<p><span>8.515.770 kil\u00f3metros cuadrado<\/span>s<\/li>\n<li>\n<div class=\"uk-h6 uk-float-left\">Moneda<\/div>\n<p>Real<\/li>\n<\/ul>\n<\/div>\n<\/div>\n<h2>\n<p>Representaci\u00f3n<\/p>\n<\/h2>\n<div>\n<p><span id=\"view:_id1:nombreRepre1\">Delega\u00e7\u00e3o Permanente do Brasil junto \u00e0 ALADI e ao MERCOSUL<\/span><\/p>\n<\/div>\n<div>\n<p><label id=\"view:_id1:direcci\u00f3n_Label1\" for=\"view:_id1:direcci\u00f3n1\" class=\"xspTextLabel\"><strong>Direcci\u00f3n<\/strong><br \/><span id=\"view:_id1:direcci\u00f3n1\">Andes 1365 piso 6, Ed. Torre Independencia. Montevideo-Uruguay<br \/><\/span><\/label><strong><\/strong><\/p>\n<hr \/>\n<p><strong>Tel\u00e9fono\/Fax<br \/><\/strong><span>Tel.: (+598) 29020777<\/span><br \/><span>Fax: (+598) 29021312<\/span><br \/><strong><\/strong><\/p>\n<hr \/>\n<p><strong>Email<br \/><\/strong><a href=\"mailto:brasaladi@itamaraty.gov.br\" target=\"_blank\" rel=\"noopener\"><span>brasaladi@itamaraty.gov.br<\/span><\/a><\/p>\n<div class=\"uk-width-auto uk-first-column\">\n<hr \/>\n<p><strong>Web<\/strong><\/div>\n<div><a href=\"https:\/\/www.gov.br\/mre\/pt-br\/brasaladi\">https:\/\/www.gov.br\/mre\/pt-br\/brasaladi<\/a><\/div>\n<hr \/>\n<p><strong>Horario<\/strong><br \/><span>De 09:30 a 13:00 hs &#8211; 14:00 a 18:00 hs<\/span><\/p>\n<div>\n<hr \/>\n<\/div>\n<\/div>\n<h2>\n<p>Equipo de trabajo<\/p>\n<\/h2>\n<div>\n<p>    <iframe loading=\"lazy\" width=\"100%\" height=\"380px\" scrolling=\"no\" src=\"https:\/\/www2.aladi.org\/nsfaladi\/dirinter.nsf\/2b6fb038d97c97e483257ebb00663289\/da85096d264c8b450325749c005e9a91?OpenDocument\"><br \/>\n           <\/iframe>\n<\/div>\n<h2>\n<p>Enlaces relacionados<\/p>\n<\/h2>\n<div>\n<p>    <iframe loading=\"lazy\" width=\"100%\" height=\"400px\" scrolling=\"no\" src=\"https:\/\/www2.aladi.org\/nsfaladi\/sitioAladi.nsf\/vinculosBrasil.xsp\"><\/iframe>\n<\/div>\n<p><!--more--><br \/>\n<!-- {\"type\":\"layout\",\"children\":[{\"type\":\"section\",\"props\":{\"image\":\"wp-content\\\/uploads\\\/2024\\\/12\\\/Br.png\",\"image_position\":\"bottom-left\",\"image_size\":\"cover\",\"padding\":\"large\",\"padding_remove_bottom\":false,\"padding_remove_top\":false,\"style\":\"default\",\"title_breakpoint\":\"xl\",\"title_position\":\"top-left\",\"title_rotation\":\"left\",\"vertical_align\":\"\",\"width\":\"default\",\"width_expand\":\"right\"},\"children\":[{\"type\":\"row\",\"props\":{\"margin_remove_bottom\":false},\"children\":[{\"type\":\"column\",\"props\":{\"image_position\":\"center-center\",\"position_sticky_breakpoint\":\"m\",\"width_medium\":\"1-1\"}}]}]},{\"name\":\"Hero\",\"type\":\"section\",\"props\":{\"animation_delay\":false,\"image_position\":\"center-center\",\"overlap\":false,\"padding_remove_top\":false,\"style\":\"default\",\"title_breakpoint\":\"xl\",\"title_position\":\"top-left\",\"title_rotation\":\"left\",\"vertical_align\":\"\",\"width\":\"\"},\"children\":[{\"type\":\"row\",\"props\":{\"column_gap\":\"large\",\"layout\":\"1-2,1-2\",\"margin\":\"remove-vertical\",\"margin_remove_bottom\":false,\"margin_remove_top\":false,\"row_gap\":\"large\",\"width\":\"xlarge\"},\"children\":[{\"type\":\"column\",\"props\":{\"image_effect\":\"parallax\",\"image_height\":\"310\",\"image_parallax_bgy\":\"-110,-250\",\"image_parallax_easing\":\"1\",\"image_position\":\"top-left\",\"image_width\":\"260\",\"position_sticky_breakpoint\":\"m\",\"width_medium\":\"1-2\"},\"children\":[{\"type\":\"breadcrumbs\",\"props\":{\"home_text_pt_br\":\"Brasil\",\"show_current\":true,\"show_home\":true}},{\"type\":\"headline\",\"props\":{\"content\":\"Pa\\u00edses miembros\",\"content_pt_br\":\"Pa\\u00edses membros\",\"margin\":\"medium\",\"margin_remove_bottom\":false,\"title_color\":\"primary\",\"title_element\":\"div\",\"title_style\":\"h6\"}},{\"type\":\"headline\",\"props\":{\"content\":\"\n\n<p><strong>Brasil<\\\/strong><\\\/p>\",\"margin\":\"large\",\"margin_remove_bottom\":true,\"margin_remove_top\":true,\"title_color\":\"secondary\",\"title_element\":\"h1\",\"title_style\":\"h1\"}},{\"type\":\"text\",\"props\":{\"column_breakpoint\":\"l\",\"column_divider\":false,\"content\":\"\n\n<p><span style=\\\"font-weight: 400;\\\">La Rep\\u00fablica Federativa de Brasil forma parte de la Asociaci\\u00f3n Latinoamericana de Integraci\\u00f3n (ALADI) desde el 12 de agosto de 1980, al ser pa\\u00eds signatario del Tratado de Montevideo 1980.\\u00a0<\\\/span><\\\/p>\",\"content_pt_br\":\"\n\n<p><span style=\\\"font-weight: 400;\\\">A Rep\\u00fablica Federativa de Brasil <\\\/span>\\u00e9 pa\\u00eds signat\\u00e1rio do Tratado de Montevid\\u00e9u de 1980 (TM80), pelo que faz parte da Associa\\u00e7\\u00e3o Latino-Americana de Integra\\u00e7\\u00e3o (ALADI) desde 12 de agosto de 1980.<\\\/p>\",\"margin\":\"default\",\"maxwidth\":\"2xlarge\",\"text_align_fallback\":\"left\"}}]},{\"type\":\"column\",\"props\":{\"image_position\":\"center-center\",\"position_sticky_breakpoint\":\"m\",\"preserve_color\":false,\"width_medium\":\"1-2\"},\"children\":[{\"type\":\"panel\",\"props\":{\"animation\":\"parallax\",\"content\":\"\n\n<ul class=\\\"uk-list uk-text-right uk-list-divider\\\">\\n\n\n<li>\\n\n\n<div class=\\\"uk-h6 uk-float-left\\\">Capital<\\\/div>\\nBrasilia - D.F<\\\/li>\\n\n\n<li>\\n\n\n<div class=\\\"uk-h6 uk-float-left\\\">Fiesta nacional<\\\/div>\\n7 de septiembre de 1822<br \\\/><span>Conmemoraci\\u00f3n de la Independencia Nacional<\\\/span><\\\/li>\\n\n\n<li>\\n\n\n<div class=\\\"uk-h6 uk-float-left\\\">Jefe de Estado<\\\/div>\\nPresidente <span>Luiz In\\u00e1cio Lula da Silva<\\\/span><\\\/li>\\n\n\n<li>\\n\n\n<div class=\\\"uk-h6 uk-float-left\\\">Poblaci\\u00f3n<\\\/div>\\n<span>215,3 milh\\u00f5es (Fuente: Banco Mundial. Actualizaci\\u00f3n: Datos 2022<\\\/span>)<\\\/li>\\n\n\n<li>\\n\n\n<div class=\\\"uk-h6 uk-float-left\\\">Lengua<\\\/div>\\nPortugu\\u00e9s<\\\/li>\\n\n\n<li>\\n\n\n<div class=\\\"uk-h6 uk-float-left\\\">Superficie<\\\/div>\\n<span>8.515.770 kil\\u00f3metros cuadrado<\\\/span>s<\\\/li>\\n\n\n<li>\\n\n\n<div class=\\\"uk-h6 uk-float-left\\\">Moneda<\\\/div>\\nReal<\\\/li>\\n<\\\/ul>\",\"content_align\":false,\"content_column_breakpoint\":\"m\",\"content_pt_br\":\"\n\n<ul class=\\\"uk-list uk-text-right uk-list-divider\\\">\\n\n\n<li>\\n\n\n<div class=\\\"uk-h6 uk-float-left\\\">Capital<\\\/div>\\nBras\\u00edlia-DF<\\\/li>\\n\n\n<li>\\n\n\n<div class=\\\"uk-h6 uk-float-left\\\">Data nacional<\\\/div>\\n7 <span>de setembro de<\\\/span> 1822<br \\\/><span>Dia da Independ\\u00eancia<\\\/span><\\\/li>\\n\n\n<li>\\n\n\n<div class=\\\"uk-h6 uk-float-left\\\">Chefe de Estado<\\\/div>\\npresidente <span>Luiz In\\u00e1cio Lula da Silva<\\\/span><\\\/li>\\n\n\n<li>\\n\n\n<div class=\\\"uk-h6 uk-float-left\\\">Po<span>pula\\u00e7\\u00e3o<\\\/span><\\\/div>\\n<span>215,3 milh\\u00f5es (Fonte: Banco Mundial. Atualiza\\u00e7\\u00e3o: Dados 2022)<\\\/span><\\\/li>\\n\n\n<li>\\n\n\n<div class=\\\"uk-h6 uk-float-left\\\">L\\u00edngua<\\\/div>\\nPor<span>tugu\\u00eas<\\\/span><\\\/li>\\n\n\n<li>\\n\n\n<div class=\\\"uk-h6 uk-float-left\\\">Superf\\u00edcie<\\\/div>\\n<span>8.515.770 quil\\u00f4metros quadrados<\\\/span><\\\/li>\\n\n\n<li>\\n\n\n<div class=\\\"uk-h6 uk-float-left\\\">Moeda<\\\/div>\\nReal<\\\/li>\\n<\\\/ul>\",\"content_style\":\"text-meta\",\"icon_width\":80,\"image_align\":\"top\",\"image_grid_breakpoint\":\"m\",\"image_grid_width\":\"1-2\",\"image_svg_color\":\"emphasis\",\"link_style\":\"default\",\"link_text\":\"Read more\",\"margin\":\"remove-vertical\",\"meta_align\":\"below-title\",\"meta_element\":\"div\",\"meta_style\":\"text-meta\",\"panel_padding\":\"large\",\"panel_style\":\"card-secondary\",\"parallax_breakpoint\":\"l\",\"parallax_easing\":\"1\",\"parallax_target\":\"!.uk-section\",\"parallax_y\":\"-200,100\",\"parallax_zindex\":false,\"position\":\"relative\",\"position_top\":\"0\",\"title_align\":\"top\",\"title_element\":\"h3\",\"title_grid_breakpoint\":\"m\",\"title_grid_width\":\"1-2\",\"title_hover_style\":\"reset\"}}]}]}]},{\"type\":\"section\",\"props\":{\"image_position\":\"center-center\",\"padding_remove_top\":false,\"style\":\"default\",\"title_breakpoint\":\"xl\",\"title_position\":\"top-left\",\"title_rotation\":\"left\",\"vertical_align\":\"\",\"width\":\"xlarge\"},\"children\":[{\"type\":\"row\",\"props\":{\"column_gap\":\"large\",\"layout\":\"1-2,1-2\",\"margin\":\"default\",\"row_gap\":\"collapse\",\"width\":\"xlarge\"},\"children\":[{\"type\":\"column\",\"props\":{\"image_position\":\"center-center\",\"position_sticky_breakpoint\":\"m\",\"width_medium\":\"1-2\"},\"children\":[{\"type\":\"headline\",\"props\":{\"content\":\"\n\n<p>Representaci\\u00f3n<\\\/p>\",\"content_pt_br\":\"Repr<span>esenta\\u00e7\\u00e3o<\\\/span>\",\"margin\":\"large\",\"margin_remove_bottom\":true,\"margin_remove_top\":true,\"title_color\":\"secondary\",\"title_element\":\"h2\",\"title_style\":\"h2\"}},{\"type\":\"text\",\"props\":{\"column_breakpoint\":\"m\",\"content\":\"\n\n<p><span id=\\\"view:_id1:nombreRepre1\\\">Delega\\u00e7\\u00e3o Permanente do Brasil junto \\u00e0 ALADI e ao MERCOSUL<\\\/span><\\\/p>\",\"content_pt_br\":\"\n\n<p><span id=\\\"view:_id1:nombreRepre1\\\">Delega\\u00e7\\u00e3o Permanente do Brasil junto \\u00e0 ALADI e ao MERCOSUL<\\\/span><\\\/p>\",\"margin\":\"default\"}},{\"type\":\"text\",\"props\":{\"column_breakpoint\":\"m\",\"content\":\"\n\n<p><label id=\\\"view:_id1:direcci\\u00f3n_Label1\\\" for=\\\"view:_id1:direcci\\u00f3n1\\\" class=\\\"xspTextLabel\\\"><strong>Direcci\\u00f3n<\\\/strong><br \\\/><span id=\\\"view:_id1:direcci\\u00f3n1\\\">Andes 1365 piso 6, Ed. Torre Independencia. Montevideo-Uruguay<br \\\/><\\\/span><\\\/label><strong><\\\/strong><\\\/p>\\n\n\n<hr \\\/>\\n\n\n<p><strong>Tel\\u00e9fono\\\/Fax<br \\\/><\\\/strong><span>Tel.: (+598) 29020777<\\\/span><br \\\/><span>Fax: (+598) 29021312<\\\/span><br \\\/><strong><\\\/strong><\\\/p>\\n\n\n<hr \\\/>\\n\n\n<p><strong>Email<br \\\/><\\\/strong><a href=\\\"mailto:brasaladi@itamaraty.gov.br\\\" target=\\\"_blank\\\" rel=\\\"noopener\\\"><span>brasaladi@itamaraty.gov.br<\\\/span><\\\/a><\\\/p>\\n\n\n<div class=\\\"uk-width-auto uk-first-column\\\">\n\n<hr \\\/><strong>Web<\\\/strong><\\\/div>\\n\n\n<div><a href=\\\"https:\\\/\\\/www.gov.br\\\/mre\\\/pt-br\\\/brasaladi\\\">https:\\\/\\\/www.gov.br\\\/mre\\\/pt-br\\\/brasaladi<\\\/a><\\\/div>\\n\n\n<hr \\\/>\\n\n\n<p><strong>Horario<\\\/strong><br \\\/><span>De 09:30 a 13:00 hs - 14:00 a 18:00 hs<\\\/span><\\\/p>\\n\n\n<div>\n\n<hr \\\/><\\\/div>\",\"content_pt_br\":\"\n\n<p><label id=\\\"view:_id1:direcci\\u00f3n_Label1\\\" for=\\\"view:_id1:direcci\\u00f3n1\\\" class=\\\"xspTextLabel\\\"><strong>Endere\\u00e7o<\\\/strong><br \\\/><span id=\\\"view:_id1:direcci\\u00f3n1\\\">Andes 1365 piso 6, Ed. Torre Independencia, Montevid\\u00e9u, Uruguai<br \\\/><\\\/span><\\\/label><strong><\\\/strong><\\\/p>\\n\n\n<hr \\\/>\\n\n\n<p><strong>Telefone\\\/Fax<br \\\/><\\\/strong><span>Telefone.: (+598) 29020777<\\\/span><br \\\/><span>Fax: (+598) 29021312<\\\/span><br \\\/><strong><\\\/strong><\\\/p>\\n\n\n<hr \\\/>\\n\n\n<p><strong>E-mail<br \\\/><\\\/strong><a href=\\\"mailto:brasaladi@itamaraty.gov.br\\\" target=\\\"_blank\\\" rel=\\\"noopener\\\"><span>brasaladi@itamaraty.gov.br<\\\/span><\\\/a><\\\/p>\\n\n\n<div class=\\\"uk-width-auto uk-first-column\\\">\n\n<hr \\\/><strong>Web<\\\/strong><\\\/div>\\n\n\n<div><a href=\\\"https:\\\/\\\/www.gov.br\\\/mre\\\/pt-br\\\/brasaladi\\\">https:\\\/\\\/www.gov.br\\\/mre\\\/pt-br\\\/brasaladi<\\\/a><\\\/div>\\n\n\n<hr \\\/>\\n\n\n<p><strong>Hor\\u00e1rio<\\\/strong><br \\\/><span>Das 09h30 \\u00e0s 13:00 - 14h00 \\u00e0s 18h00<\\\/span><\\\/p>\",\"margin\":\"default\"}}]},{\"type\":\"column\",\"props\":{\"image_position\":\"center-center\",\"position_sticky_breakpoint\":\"m\",\"width_medium\":\"1-2\"},\"children\":[{\"type\":\"headline\",\"props\":{\"content\":\"\n\n<p>Equipo de trabajo<\\\/p>\",\"content_pt_br\":\"Equipe de trabalho\",\"margin\":\"default\",\"margin_remove_bottom\":false,\"margin_remove_top\":false,\"title_color\":\"secondary\",\"title_element\":\"h2\",\"title_style\":\"h2\"}},{\"type\":\"html\",\"props\":{\"content\":\"<iframe width=\\\"100%\\\" height=\\\"380px\\\" scrolling=\\\"no\\\" src=\\\"https:\\\/\\\/www2.aladi.org\\\/nsfaladi\\\/dirinter.nsf\\\/2b6fb038d97c97e483257ebb00663289\\\/da85096d264c8b450325749c005e9a91?OpenDocument\\\">    \\n           <\\\/iframe>\",\"content_pt_br\":\"<iframe width=\\\"100%\\\" height=\\\"280px\\\" scrolling=\\\"no\\\" src=\\\"https:\\\/\\\/www2.aladi.org\\\/nsfaladi\\\/dirinter.nsf\\\/473a86f8c120a1e5032584c1005db38f\\\/da85096d264c8b450325749c005e9a91?OpenDocument\\\">    \\n           <\\\/iframe>\"}},{\"type\":\"headline\",\"props\":{\"content\":\"\n\n<p>Enlaces relacionados<\\\/p>\",\"content_pt_br\":\"Links relacionados\",\"margin\":\"large\",\"margin_remove_bottom\":true,\"margin_remove_top\":false,\"title_color\":\"secondary\",\"title_element\":\"h2\",\"title_style\":\"h2\"}},{\"type\":\"html\",\"props\":{\"content\":\"<iframe width=\\\"100%\\\" height=\\\"400px\\\" scrolling=\\\"no\\\" src=\\\"https:\\\/\\\/www2.aladi.org\\\/nsfaladi\\\/sitioAladi.nsf\\\/vinculosBrasil.xsp\\\"><\\\/iframe>\",\"css\":\".el-element{\\n    padding-bottom: 50px;}\"}}]}]}]}],\"version\":\"4.4.12\"} --><\/p>\n","protected":false},"excerpt":{"rendered":"<p>Pa\u00edses miembros Brasil La Rep\u00fablica Federativa de Brasil forma parte de la Asociaci\u00f3n Latinoamericana de Integraci\u00f3n (ALADI) desde el 12 de agosto de 1980, al ser pa\u00eds signatario del Tratado de Montevideo 1980.\u00a0 Capital Brasilia &#8211; D.F Fiesta nacional 7 de septiembre de 1822Conmemoraci\u00f3n de la Independencia Nacional Jefe de Estado Presidente Luiz In\u00e1cio Lula [&hellip;]<\/p>\n","protected":false},"author":1,"featured_media":0,"parent":1734,"menu_order":0,"comment_status":"closed","ping_status":"closed","template":"","meta":{"_acf_changed":false,"footnotes":""},"class_list":["post-2163","page","type-page","status-publish","hentry"],"acf":[],"yoast_head":"<!-- This site is optimized with the Yoast SEO plugin v26.5 - https:\/\/yoast.com\/wordpress\/plugins\/seo\/ -->\n<title>Brasil<\/title>\n<meta name=\"description\" content=\"Pa\u00edses miembros Brasil La Rep\u00fablica Federativa de Brasil forma parte de la Asociaci\u00f3n Latinoamericana de Integraci\u00f3n (ALADI) desde el 12 de agosto de 1980, al ser pa\u00eds signatario del Tratado de Montevideo 1980.\u00a0 Capital Brasilia - D.F Fiesta nacional 7 de septiembre de 1822Conmemoraci\u00f3n de la Independencia Nacional Jefe de Estado Presidente Luiz In\u00e1cio Lula&hellip;\" \/>\n<meta name=\"robots\" content=\"index, follow, max-snippet:-1, max-image-preview:large, max-video-preview:-1\" \/>\n<link rel=\"canonical\" href=\"http:\/\/Pa\u00edses%20miembros%20Brasil%20La%20Rep\u00fablica%20Federativa%20de%20Brasil%20forma%20parte%20de%20la%20Asociaci\u00f3n%20Latinoamericana%20de%20Integraci\u00f3n%20(ALADI)%20desde%20el%2012%20de%20agosto%20de%201980,%20al%20ser%20pa\u00eds%20signatario%20del%20Tratado%20de%20Montevideo%201980.\u00a0%20Capital%20Brasilia%20-%20D.F%20Fiesta%20nacional%207%20de%20septiembre%20de%201822Conmemoraci\u00f3n%20de%20la%20Independencia%20Nacional%20Jefe%20de%20Estado%20Presidente%20Luiz%20In\u00e1cio%20Lula&hellip;\" \/>\n<meta property=\"og:locale\" content=\"pt_BR\" \/>\n<meta property=\"og:type\" content=\"article\" \/>\n<meta property=\"og:title\" content=\"Brasil\" \/>\n<meta property=\"og:description\" content=\"Pa\u00edses miembros Brasil La Rep\u00fablica Federativa de Brasil forma parte de la Asociaci\u00f3n Latinoamericana de Integraci\u00f3n (ALADI) desde el 12 de agosto de 1980, al ser pa\u00eds signatario del Tratado de Montevideo 1980.\u00a0 Capital Brasilia - D.F Fiesta nacional 7 de septiembre de 1822Conmemoraci\u00f3n de la Independencia Nacional Jefe de Estado Presidente Luiz In\u00e1cio Lula&hellip;\" \/>\n<meta property=\"og:url\" content=\"https:\/\/www.aladi.org\/pt\/paises-membros\/brasil-2\/\" \/>\n<meta property=\"og:site_name\" content=\"ALADI\" \/>\n<meta property=\"article:publisher\" content=\"https:\/\/es-la.facebook.com\/people\/ALADI\/100064606213084\/\" \/>\n<meta property=\"article:modified_time\" content=\"2025-08-15T14:03:34+00:00\" \/>\n<meta name=\"twitter:card\" content=\"summary_large_image\" \/>\n<meta name=\"twitter:site\" content=\"@ALADI_SG\" \/>\n<meta name=\"twitter:label1\" content=\"Est. reading time\" \/>\n\t<meta name=\"twitter:data1\" content=\"1 minute\" \/>\n<script type=\"application\/ld+json\" class=\"yoast-schema-graph\">{\"@context\":\"https:\/\/schema.org\",\"@graph\":[{\"@type\":\"WebPage\",\"@id\":\"https:\/\/www.aladi.org\/pt\/paises-membros\/brasil-2\/\",\"url\":\"https:\/\/www.aladi.org\/pt\/paises-membros\/brasil-2\/\",\"name\":\"Brasil - ALADI\",\"isPartOf\":{\"@id\":\"https:\/\/www.aladi.org\/#website\"},\"datePublished\":\"2023-05-29T13:35:55+00:00\",\"dateModified\":\"2025-08-15T14:03:34+00:00\",\"breadcrumb\":{\"@id\":\"https:\/\/www.aladi.org\/pt\/paises-membros\/brasil-2\/#breadcrumb\"},\"inLanguage\":\"pt-BR\",\"potentialAction\":[{\"@type\":\"ReadAction\",\"target\":[\"https:\/\/www.aladi.org\/pt\/paises-membros\/brasil-2\/\"]}]},{\"@type\":\"BreadcrumbList\",\"@id\":\"https:\/\/www.aladi.org\/pt\/paises-membros\/brasil-2\/#breadcrumb\",\"itemListElement\":[{\"@type\":\"ListItem\",\"position\":1,\"name\":\"Home\",\"item\":\"https:\/\/www.aladi.org\/\"},{\"@type\":\"ListItem\",\"position\":2,\"name\":\"Pa\u00edses membros\",\"item\":\"https:\/\/www.aladi.org\/paises-miembros\/\"},{\"@type\":\"ListItem\",\"position\":3,\"name\":\"Brasil\"}]},{\"@type\":\"WebSite\",\"@id\":\"https:\/\/www.aladi.org\/pt\/#website\",\"url\":\"https:\/\/www.aladi.org\/pt\/\",\"name\":\"ALADI\",\"description\":\"Asociaci\u00f3n Latinoamericana de Integraci\u00f3n\",\"publisher\":{\"@id\":\"https:\/\/www.aladi.org\/pt\/#organization\"},\"potentialAction\":[{\"@type\":\"SearchAction\",\"target\":{\"@type\":\"EntryPoint\",\"urlTemplate\":\"https:\/\/www.aladi.org\/pt\/?s={search_term_string}\"},\"query-input\":{\"@type\":\"PropertyValueSpecification\",\"valueRequired\":true,\"valueName\":\"search_term_string\"}}],\"inLanguage\":\"pt-BR\"},{\"@type\":\"Organization\",\"@id\":\"https:\/\/www.aladi.org\/pt\/#organization\",\"name\":\"ALADI\",\"url\":\"https:\/\/www.aladi.org\/pt\/\",\"logo\":{\"@type\":\"ImageObject\",\"inLanguage\":\"pt-BR\",\"@id\":\"https:\/\/www.aladi.org\/pt\/#\/schema\/logo\/image\/\",\"url\":\"https:\/\/www.aladi.org\/wp-content\/uploads\/2025\/12\/Logo-ALADI.png\",\"contentUrl\":\"https:\/\/www.aladi.org\/wp-content\/uploads\/2025\/12\/Logo-ALADI.png\",\"width\":375,\"height\":235,\"caption\":\"ALADI\"},\"image\":{\"@id\":\"https:\/\/www.aladi.org\/pt\/#\/schema\/logo\/image\/\"},\"sameAs\":[\"https:\/\/es-la.facebook.com\/people\/ALADI\/100064606213084\/\",\"https:\/\/x.com\/ALADI_SG\",\"https:\/\/www.instagram.com\/aladi_sg\/?hl=es\",\"https:\/\/www.linkedin.com\/company\/aladi\/\",\"https:\/\/www.flickr.com\/photos\/aladi\/\",\"https:\/\/www.youtube.com\/channel\/UCrkJWOWHKF6igQmWE8Clnpg\"]}]}<\/script>\n<!-- \/ Yoast SEO plugin. -->","yoast_head_json":{"title":"Brasil","description":"Pa\u00edses miembros Brasil La Rep\u00fablica Federativa de Brasil forma parte de la Asociaci\u00f3n Latinoamericana de Integraci\u00f3n (ALADI) desde el 12 de agosto de 1980, al ser pa\u00eds signatario del Tratado de Montevideo 1980.\u00a0 Capital Brasilia - D.F Fiesta nacional 7 de septiembre de 1822Conmemoraci\u00f3n de la Independencia Nacional Jefe de Estado Presidente Luiz In\u00e1cio Lula&hellip;","robots":{"index":"index","follow":"follow","max-snippet":"max-snippet:-1","max-image-preview":"max-image-preview:large","max-video-preview":"max-video-preview:-1"},"canonical":"Pa\u00edses miembros Brasil La Rep\u00fablica Federativa de Brasil forma parte de la Asociaci\u00f3n Latinoamericana de Integraci\u00f3n (ALADI) desde el 12 de agosto de 1980, al ser pa\u00eds signatario del Tratado de Montevideo 1980.\u00a0 Capital Brasilia - D.F Fiesta nacional 7 de septiembre de 1822Conmemoraci\u00f3n de la Independencia Nacional Jefe de Estado Presidente Luiz In\u00e1cio Lula&hellip;","og_locale":"pt_BR","og_type":"article","og_title":"Brasil","og_description":"Pa\u00edses miembros Brasil La Rep\u00fablica Federativa de Brasil forma parte de la Asociaci\u00f3n Latinoamericana de Integraci\u00f3n (ALADI) desde el 12 de agosto de 1980, al ser pa\u00eds signatario del Tratado de Montevideo 1980.\u00a0 Capital Brasilia - D.F Fiesta nacional 7 de septiembre de 1822Conmemoraci\u00f3n de la Independencia Nacional Jefe de Estado Presidente Luiz In\u00e1cio Lula&hellip;","og_url":"https:\/\/www.aladi.org\/pt\/paises-membros\/brasil-2\/","og_site_name":"ALADI","article_publisher":"https:\/\/es-la.facebook.com\/people\/ALADI\/100064606213084\/","article_modified_time":"2025-08-15T14:03:34+00:00","twitter_card":"summary_large_image","twitter_site":"@ALADI_SG","twitter_misc":{"Est. reading time":"1 minute"},"schema":{"@context":"https:\/\/schema.org","@graph":[{"@type":"WebPage","@id":"https:\/\/www.aladi.org\/pt\/paises-membros\/brasil-2\/","url":"https:\/\/www.aladi.org\/pt\/paises-membros\/brasil-2\/","name":"Brasil - ALADI","isPartOf":{"@id":"https:\/\/www.aladi.org\/#website"},"datePublished":"2023-05-29T13:35:55+00:00","dateModified":"2025-08-15T14:03:34+00:00","breadcrumb":{"@id":"https:\/\/www.aladi.org\/pt\/paises-membros\/brasil-2\/#breadcrumb"},"inLanguage":"pt-BR","potentialAction":[{"@type":"ReadAction","target":["https:\/\/www.aladi.org\/pt\/paises-membros\/brasil-2\/"]}]},{"@type":"BreadcrumbList","@id":"https:\/\/www.aladi.org\/pt\/paises-membros\/brasil-2\/#breadcrumb","itemListElement":[{"@type":"ListItem","position":1,"name":"Home","item":"https:\/\/www.aladi.org\/"},{"@type":"ListItem","position":2,"name":"Pa\u00edses membros","item":"https:\/\/www.aladi.org\/paises-miembros\/"},{"@type":"ListItem","position":3,"name":"Brasil"}]},{"@type":"WebSite","@id":"https:\/\/www.aladi.org\/pt\/#website","url":"https:\/\/www.aladi.org\/pt\/","name":"ALADI","description":"Asociaci\u00f3n Latinoamericana de Integraci\u00f3n","publisher":{"@id":"https:\/\/www.aladi.org\/pt\/#organization"},"potentialAction":[{"@type":"SearchAction","target":{"@type":"EntryPoint","urlTemplate":"https:\/\/www.aladi.org\/pt\/?s={search_term_string}"},"query-input":{"@type":"PropertyValueSpecification","valueRequired":true,"valueName":"search_term_string"}}],"inLanguage":"pt-BR"},{"@type":"Organization","@id":"https:\/\/www.aladi.org\/pt\/#organization","name":"ALADI","url":"https:\/\/www.aladi.org\/pt\/","logo":{"@type":"ImageObject","inLanguage":"pt-BR","@id":"https:\/\/www.aladi.org\/pt\/#\/schema\/logo\/image\/","url":"https:\/\/www.aladi.org\/wp-content\/uploads\/2025\/12\/Logo-ALADI.png","contentUrl":"https:\/\/www.aladi.org\/wp-content\/uploads\/2025\/12\/Logo-ALADI.png","width":375,"height":235,"caption":"ALADI"},"image":{"@id":"https:\/\/www.aladi.org\/pt\/#\/schema\/logo\/image\/"},"sameAs":["https:\/\/es-la.facebook.com\/people\/ALADI\/100064606213084\/","https:\/\/x.com\/ALADI_SG","https:\/\/www.instagram.com\/aladi_sg\/?hl=es","https:\/\/www.linkedin.com\/company\/aladi\/","https:\/\/www.flickr.com\/photos\/aladi\/","https:\/\/www.youtube.com\/channel\/UCrkJWOWHKF6igQmWE8Clnpg"]}]}},"jetpack_sharing_enabled":true,"_links":{"self":[{"href":"https:\/\/www.aladi.org\/pt\/wp-json\/wp\/v2\/pages\/2163","targetHints":{"allow":["GET"]}}],"collection":[{"href":"https:\/\/www.aladi.org\/pt\/wp-json\/wp\/v2\/pages"}],"about":[{"href":"https:\/\/www.aladi.org\/pt\/wp-json\/wp\/v2\/types\/page"}],"author":[{"embeddable":true,"href":"https:\/\/www.aladi.org\/pt\/wp-json\/wp\/v2\/users\/1"}],"replies":[{"embeddable":true,"href":"https:\/\/www.aladi.org\/pt\/wp-json\/wp\/v2\/comments?post=2163"}],"version-history":[{"count":31,"href":"https:\/\/www.aladi.org\/pt\/wp-json\/wp\/v2\/pages\/2163\/revisions"}],"predecessor-version":[{"id":7124,"href":"https:\/\/www.aladi.org\/pt\/wp-json\/wp\/v2\/pages\/2163\/revisions\/7124"}],"up":[{"embeddable":true,"href":"https:\/\/www.aladi.org\/pt\/wp-json\/wp\/v2\/pages\/1734"}],"wp:attachment":[{"href":"https:\/\/www.aladi.org\/pt\/wp-json\/wp\/v2\/media?parent=2163"}],"curies":[{"name":"wp","href":"https:\/\/api.w.org\/{rel}","templated":true}]}}