{"id":2161,"date":"2023-05-29T13:35:45","date_gmt":"2023-05-29T13:35:45","guid":{"rendered":"https:\/\/sitio.aladi.org\/?page_id=2161&#038;lang=es"},"modified":"2025-11-10T13:44:47","modified_gmt":"2025-11-10T13:44:47","slug":"bolivia","status":"publish","type":"page","link":"https:\/\/www.aladi.org\/pt\/paises-membros\/bolivia\/","title":{"rendered":"Bol\u00edvia"},"content":{"rendered":"<div>Pa\u00edses miembros<\/div>\n<h1>\n<p><strong>Bolivia<\/strong><\/p>\n<\/h1>\n<div>\n<p>El Estado Plurinacional de Bolivia forma parte de la Asociaci\u00f3n Latinoamericana de Integraci\u00f3n (ALADI) desde el 12 de agosto de 1980, al ser pa\u00eds signatario del Tratado de Montevideo 1980.\u00a0<\/p>\n<\/div>\n<div>\n<div>\n<ul class=\"uk-list uk-text-right uk-list-divider\">\n<li>\n<div class=\"uk-h6 uk-float-left\">Capital<\/div>\n<p><span>Sucre,<\/span><br \/><span>La Paz (Sede Administrativa)<\/span><\/li>\n<li>\n<div class=\"uk-h6 uk-float-left\">Fiesta nacional<\/div>\n<p><span>6 de agosto de 1825 <\/span><span>Proclamaci\u00f3n de la Independencia<\/span><\/li>\n<li>\n<div class=\"uk-h6 uk-float-left\">Jefe de Estado<\/div>\n<p>Presidente Rodrigo Paz<\/li>\n<li>\n<div class=\"uk-h6 uk-float-left\">Poblaci\u00f3n<\/div>\n<p><span>12,2 millones (Fuente: Banco Mundial. Actualizaci\u00f3n: datos 2022)<\/span><\/li>\n<li>\n<div class=\"uk-h6 uk-float-left\">Lengua<\/div>\n<p><span>Castellano, Aimar\u00e1, Quechua<\/span><\/li>\n<li>\n<div class=\"uk-h6 uk-float-left\">Superficie<\/div>\n<p><span>1.098.580 Kilometros cuadrados<\/span><\/li>\n<li>\n<div class=\"uk-h6 uk-float-left\">Moneda<\/div>\n<p>Peso boliviano<\/li>\n<\/ul>\n<\/div>\n<\/div>\n<h2>\n<p>Representaci\u00f3n<\/p>\n<\/h2>\n<div>\n<p><span id=\"view:_id1:nombreRepre1\">Representaci\u00f3n Permanente del Estado Plurinacional de Bolivia ante ALADI y el MERCOSUR<\/span><\/p>\n<\/div>\n<div>\n<p><label id=\"view:_id1:direcci\u00f3n_Label1\" for=\"view:_id1:direcci\u00f3n1\" class=\"xspTextLabel\"><strong>Direcci\u00f3n<\/strong><br \/><span id=\"view:_id1:direcci\u00f3n1\"><span>Prudencio de Pena 2469. Montevideo &#8211; Uruguay<\/span><\/span><\/label><strong><\/strong><\/p>\n<hr \/>\n<p><strong>Tel\u00e9fono\/Fax<br \/><\/strong>Tel.: <span>(+598) 27083573, (+598) 27070871, (+598) 27096166<\/span><br \/>Fax: <span>(+598) 27080066<\/span><br \/><strong><\/strong><\/p>\n<hr \/>\n<p><strong>Email<br \/><\/strong><a href=\"mailto:repbol.aladimercosur@gmail.com\" target=\"_blank\" rel=\"noopener\"><span>repbol.aladimercosur@gmail.com<\/span><\/a><\/p>\n<div class=\"uk-width-auto uk-first-column\">\n<div>\n<hr \/>\n<p><strong>Horario<\/strong><br \/>De <span>9 a 16<\/span>\u00a0hs.<\/div>\n<\/div>\n<\/div>\n<h2>\n<p>Equipo de trabajo<\/p>\n<\/h2>\n<div>\n<p>    <iframe loading=\"lazy\" width=\"100%\" height=\"100%\" scrolling=\"no\" src=\"https:\/\/www2.aladi.org\/nsfaladi\/dirinter.nsf\/2b6fb038d97c97e483257ebb00663289\/e386a6d7e894a5a00325749c0061f26a?OpenDocument\"><br \/>\n           <\/iframe>\n<\/div>\n<h2>\n<p>Enlaces relacionados<\/p>\n<\/h2>\n<div>\n<p>    <iframe loading=\"lazy\" width=\"100%\" height=\"320px\" scrolling=\"no\" src=\"https:\/\/www2.aladi.org\/nsfaladi\/sitioAladi.nsf\/vinculosBolivia.xsp\"><br \/>\n           <\/iframe>\n<\/div>\n<p><!--more--><br \/>\n<!-- {\"type\":\"layout\",\"children\":[{\"type\":\"section\",\"props\":{\"image\":\"wp-content\\\/uploads\\\/2024\\\/12\\\/Bo.png\",\"image_position\":\"bottom-left\",\"image_size\":\"cover\",\"padding\":\"large\",\"padding_remove_bottom\":false,\"padding_remove_top\":false,\"style\":\"default\",\"title_breakpoint\":\"xl\",\"title_position\":\"top-left\",\"title_rotation\":\"left\",\"vertical_align\":\"\",\"width\":\"default\",\"width_expand\":\"right\"},\"children\":[{\"type\":\"row\",\"props\":{\"margin_remove_bottom\":false},\"children\":[{\"type\":\"column\",\"props\":{\"image_position\":\"center-center\",\"position_sticky_breakpoint\":\"m\",\"width_medium\":\"1-1\"}}]}]},{\"name\":\"Hero\",\"type\":\"section\",\"props\":{\"animation_delay\":false,\"image_position\":\"center-center\",\"overlap\":false,\"padding_remove_top\":false,\"style\":\"default\",\"title_breakpoint\":\"xl\",\"title_position\":\"top-left\",\"title_rotation\":\"left\",\"vertical_align\":\"\",\"width\":\"\"},\"children\":[{\"type\":\"row\",\"props\":{\"column_gap\":\"large\",\"layout\":\"1-2,1-2\",\"margin\":\"remove-vertical\",\"margin_remove_bottom\":false,\"margin_remove_top\":false,\"row_gap\":\"large\",\"width\":\"xlarge\"},\"children\":[{\"type\":\"column\",\"props\":{\"image_effect\":\"parallax\",\"image_height\":\"310\",\"image_parallax_bgy\":\"-110,-250\",\"image_parallax_easing\":\"1\",\"image_position\":\"top-left\",\"image_width\":\"260\",\"position_sticky_breakpoint\":\"m\",\"width_medium\":\"1-2\"},\"children\":[{\"type\":\"breadcrumbs\",\"props\":{\"home_text_pt_br\":\"Bol\\u00edvia\",\"show_current\":true,\"show_home\":true}},{\"type\":\"headline\",\"props\":{\"content\":\"Pa\\u00edses miembros\",\"content_pt_br\":\"Pa\\u00edses membros\",\"margin\":\"medium\",\"margin_remove_bottom\":false,\"title_color\":\"primary\",\"title_element\":\"div\",\"title_style\":\"h6\"}},{\"type\":\"headline\",\"props\":{\"content\":\"\n\n<p><strong>Bolivia<\\\/strong><\\\/p>\",\"content_pt_br\":\"<strong>Bol\\u00edvia<\\\/strong>\",\"margin\":\"large\",\"margin_remove_bottom\":true,\"margin_remove_top\":true,\"title_color\":\"secondary\",\"title_element\":\"h1\",\"title_style\":\"h1\"}},{\"type\":\"text\",\"props\":{\"column_breakpoint\":\"l\",\"column_divider\":false,\"content\":\"\n\n<p>El Estado Plurinacional de Bolivia forma parte de la Asociaci\\u00f3n Latinoamericana de Integraci\\u00f3n (ALADI) desde el 12 de agosto de 1980, al ser pa\\u00eds signatario del Tratado de Montevideo 1980.\\u00a0<\\\/p>\",\"content_pt_br\":\"\n\n<p>O Estado Plurinacional da Bol\\u00edvia \\u00e9 pa\\u00eds signat\\u00e1rio do Tratado de Montevid\\u00e9u de 1980 (TM80), pelo que faz parte da Associa\\u00e7\\u00e3o Latino-Americana de Integra\\u00e7\\u00e3o (ALADI) desde 12 de agosto de 1980.<\\\/p>\",\"margin\":\"default\",\"maxwidth\":\"2xlarge\",\"text_align_fallback\":\"left\"}}]},{\"type\":\"column\",\"props\":{\"image_position\":\"center-center\",\"position_sticky_breakpoint\":\"m\",\"preserve_color\":false,\"width_medium\":\"1-2\"},\"children\":[{\"type\":\"panel\",\"props\":{\"animation\":\"parallax\",\"content\":\"\n\n<ul class=\\\"uk-list uk-text-right uk-list-divider\\\">\\n\n\n<li>\\n\n\n<div class=\\\"uk-h6 uk-float-left\\\">Capital<\\\/div>\\n<span>Sucre,<\\\/span><br \\\/><span>La Paz (Sede Administrativa)<\\\/span><\\\/li>\\n\n\n<li>\\n\n\n<div class=\\\"uk-h6 uk-float-left\\\">Fiesta nacional<\\\/div>\\n<span>6 de agosto de 1825 <\\\/span><span>Proclamaci\\u00f3n de la Independencia<\\\/span><\\\/li>\\n\n\n<li>\\n\n\n<div class=\\\"uk-h6 uk-float-left\\\">Jefe de Estado<\\\/div>\\nPresidente Rodrigo Paz<\\\/li>\\n\n\n<li>\\n\n\n<div class=\\\"uk-h6 uk-float-left\\\">Poblaci\\u00f3n<\\\/div>\\n<span>12,2 millones (Fuente: Banco Mundial. Actualizaci\\u00f3n: datos 2022)<\\\/span><\\\/li>\\n\n\n<li>\\n\n\n<div class=\\\"uk-h6 uk-float-left\\\">Lengua<\\\/div>\\n<span>Castellano, Aimar\\u00e1, Quechua<\\\/span><\\\/li>\\n\n\n<li>\\n\n\n<div class=\\\"uk-h6 uk-float-left\\\">Superficie<\\\/div>\\n<span>1.098.580 Kilometros cuadrados<\\\/span><\\\/li>\\n\n\n<li>\\n\n\n<div class=\\\"uk-h6 uk-float-left\\\">Moneda<\\\/div>\\nPeso boliviano<\\\/li>\\n<\\\/ul>\",\"content_align\":false,\"content_column_breakpoint\":\"m\",\"content_pt_br\":\"\n\n<ul class=\\\"uk-list uk-text-right uk-list-divider\\\">\\n\n\n<li>\\n\n\n<div class=\\\"uk-h6 uk-float-left\\\">Capital<\\\/div>\\n<span>Sucre<\\\/span><br \\\/><span>La Paz (sede administrativa)<\\\/span><\\\/li>\\n\n\n<li>\\n\n\n<div class=\\\"uk-h6 uk-float-left\\\">Data nacional<\\\/div>\\n<span>6 de agosto de 1825 - <\\\/span><span>Dia da Independ\\u00eancia<\\\/span><\\\/li>\\n\n\n<li>\\n\n\n<div class=\\\"uk-h6 uk-float-left\\\"><span>Chefe de Estado<\\\/span><\\\/div>\\npresidente Rodrigo Paz<\\\/li>\\n\n\n<li>\\n\n\n<div class=\\\"uk-h6 uk-float-left\\\">P<span>opula\\u00e7\\u00e3o<\\\/span><\\\/div>\\n<span>12,2 milh\\u00f5es (Fonte: Banco Mundial. Atualiza\\u00e7\\u00e3o: dados 2022)<\\\/span><\\\/li>\\n\n\n<li>\\n\n\n<div class=\\\"uk-h6 uk-float-left\\\">L\\u00edngua<\\\/div>\\n<span><span id=\\\"view:_id1:lengua_11\\\">Espanhol, aimar\\u00e1, qu\\u00e9chua<\\\/span><\\\/span><\\\/li>\\n\n\n<li>\\n\n\n<div class=\\\"uk-h6 uk-float-left\\\">Superf\\u00edcie<\\\/div>\\n<span>1.098.580 quil\\u00f4metros quadrados<\\\/span><\\\/li>\\n\n\n<li>\\n\n\n<div class=\\\"uk-h6 uk-float-left\\\">Moeda<\\\/div>\\nPeso boliviano<\\\/li>\\n<\\\/ul>\",\"content_style\":\"text-meta\",\"icon_width\":80,\"image_align\":\"top\",\"image_grid_breakpoint\":\"m\",\"image_grid_width\":\"1-2\",\"image_svg_color\":\"emphasis\",\"link_style\":\"default\",\"link_text\":\"Read more\",\"margin\":\"remove-vertical\",\"meta_align\":\"below-title\",\"meta_element\":\"div\",\"meta_style\":\"text-meta\",\"panel_padding\":\"large\",\"panel_style\":\"card-secondary\",\"parallax_breakpoint\":\"l\",\"parallax_easing\":\"1\",\"parallax_target\":\"!.uk-section\",\"parallax_y\":\"-200,100\",\"parallax_zindex\":false,\"position\":\"relative\",\"position_top\":\"0\",\"title_align\":\"top\",\"title_element\":\"h3\",\"title_grid_breakpoint\":\"m\",\"title_grid_width\":\"1-2\",\"title_hover_style\":\"reset\"}}]}]}]},{\"type\":\"section\",\"props\":{\"image_position\":\"center-center\",\"padding_remove_top\":false,\"style\":\"default\",\"title_breakpoint\":\"xl\",\"title_position\":\"top-left\",\"title_rotation\":\"left\",\"vertical_align\":\"\",\"width\":\"xlarge\"},\"children\":[{\"type\":\"row\",\"props\":{\"column_gap\":\"large\",\"layout\":\"1-2,1-2\",\"margin\":\"default\",\"row_gap\":\"collapse\",\"width\":\"xlarge\"},\"children\":[{\"type\":\"column\",\"props\":{\"image_position\":\"center-center\",\"position_sticky_breakpoint\":\"m\",\"width_medium\":\"1-2\"},\"children\":[{\"type\":\"headline\",\"props\":{\"content\":\"\n\n<p>Representaci\\u00f3n<\\\/p>\",\"content_pt_br\":\"Rep<label id=\\\"view:_id1:nombreRepre_Label1\\\" for=\\\"view:_id1:nombreRepre1\\\" class=\\\"xspTextLabel\\\">resenta\\u00e7\\u00e3o<\\\/label>\",\"margin\":\"large\",\"margin_remove_bottom\":true,\"margin_remove_top\":true,\"title_color\":\"secondary\",\"title_element\":\"h2\",\"title_style\":\"h2\"}},{\"type\":\"text\",\"props\":{\"column_breakpoint\":\"m\",\"content\":\"\n\n<p><span id=\\\"view:_id1:nombreRepre1\\\">Representaci\\u00f3n Permanente del Estado Plurinacional de Bolivia ante ALADI y el MERCOSUR<\\\/span><\\\/p>\",\"content_pt_br\":\"\n\n<p><span id=\\\"view:_id1:nombreRepre1\\\"><span>Representa\\u00e7\\u00e3o Permanente do Estado Plurinacional da Bol\\u00edvia junto \\u00e0 ALADI<\\\/span><\\\/span><\\\/p>\",\"margin\":\"default\"}},{\"type\":\"text\",\"props\":{\"column_breakpoint\":\"m\",\"content\":\"\n\n<p><label id=\\\"view:_id1:direcci\\u00f3n_Label1\\\" for=\\\"view:_id1:direcci\\u00f3n1\\\" class=\\\"xspTextLabel\\\"><strong>Direcci\\u00f3n<\\\/strong><br \\\/><span id=\\\"view:_id1:direcci\\u00f3n1\\\"><span>Prudencio de Pena 2469. Montevideo - Uruguay<\\\/span><\\\/span><\\\/label><strong><\\\/strong><\\\/p>\\n\n\n<hr \\\/>\\n\n\n<p><strong>Tel\\u00e9fono\\\/Fax<br \\\/><\\\/strong>Tel.: <span>(+598) 27083573, (+598) 27070871, (+598) 27096166<\\\/span><br \\\/>Fax: <span>(+598) 27080066<\\\/span><br \\\/><strong><\\\/strong><\\\/p>\\n\n\n<hr \\\/>\\n\n\n<p><strong>Email<br \\\/><\\\/strong><a href=\\\"mailto:repbol.aladimercosur@gmail.com\\\" target=\\\"_blank\\\" rel=\\\"noopener\\\"><span>repbol.aladimercosur@gmail.com<\\\/span><\\\/a><\\\/p>\\n\n\n<div class=\\\"uk-width-auto uk-first-column\\\">\\n\n\n<div>\n\n<hr \\\/><strong>Horario<\\\/strong><br \\\/>De <span>9 a 16<\\\/span>\\u00a0hs.<\\\/div>\\n<\\\/div>\",\"content_pt_br\":\"\n\n<p><label id=\\\"view:_id1:direcci\\u00f3n_Label1\\\" for=\\\"view:_id1:direcci\\u00f3n1\\\" class=\\\"xspTextLabel\\\"><strong>Endere\\u00e7o<\\\/strong><br \\\/><span id=\\\"view:_id1:direcci\\u00f3n1\\\"><span>Prudencio de Pena 2469, Montevid\\u00e9u, Uruguai<\\\/span><\\\/span><\\\/label><\\\/p>\\n\n\n<hr \\\/>\\n\n\n<p><strong>Telefone\\\/Fax<br \\\/><\\\/strong>Telefone: <span>(+598) 27083573, (+598) 27070871, (+598) 27096166<\\\/span><br \\\/>Fax: <span>(+598) 27080066<\\\/span><br \\\/><strong><\\\/strong><\\\/p>\\n\n\n<hr \\\/>\\n\n\n<p><strong>E-mail<br \\\/><\\\/strong><a href=\\\"mailto:repbol.aladimercosur@gmail.com\\\" target=\\\"_blank\\\" rel=\\\"noopener\\\"><span>repbol.aladimercosur@gmail.com<\\\/span><\\\/a><\\\/p>\\n\n\n<div class=\\\"uk-width-auto uk-first-column\\\">\\n\n\n<div>\n\n<hr \\\/><strong>Hor\\u00e1rio<\\\/strong><br \\\/>Das <span>9h00 \\u00e0s 16h00<\\\/span><\\\/div>\\n<\\\/div>\",\"margin\":\"default\"}}]},{\"type\":\"column\",\"props\":{\"image_position\":\"center-center\",\"position_sticky_breakpoint\":\"m\",\"width_medium\":\"1-2\"},\"children\":[{\"type\":\"headline\",\"props\":{\"content\":\"\n\n<p>Equipo de trabajo<\\\/p>\",\"content_pt_br\":\"Equipe de trabalho\",\"margin\":\"default\",\"margin_remove_bottom\":false,\"margin_remove_top\":false,\"title_color\":\"secondary\",\"title_element\":\"h2\",\"title_style\":\"h2\"}},{\"type\":\"html\",\"props\":{\"content\":\"<iframe width=\\\"100%\\\" height=\\\"100%\\\" scrolling=\\\"no\\\" src=\\\"https:\\\/\\\/www2.aladi.org\\\/nsfaladi\\\/dirinter.nsf\\\/2b6fb038d97c97e483257ebb00663289\\\/e386a6d7e894a5a00325749c0061f26a?OpenDocument\\\">    \\n           <\\\/iframe>\",\"content_pt_br\":\"<iframe width=\\\"100%\\\" height=\\\"100%\\\" scrolling=\\\"no\\\" src=\\\"https:\\\/\\\/www2.aladi.org\\\/nsfaladi\\\/dirinter.nsf\\\/473a86f8c120a1e5032584c1005db38f\\\/e386a6d7e894a5a00325749c0061f26a?OpenDocument\\\">    \\n           <\\\/iframe>\"}},{\"type\":\"headline\",\"props\":{\"content\":\"\n\n<p>Enlaces relacionados<\\\/p>\",\"content_pt_br\":\"<span>Links relacionados<\\\/span>\",\"margin\":\"large\",\"margin_remove_bottom\":true,\"margin_remove_top\":false,\"title_color\":\"secondary\",\"title_element\":\"h2\",\"title_style\":\"h2\"}},{\"type\":\"html\",\"props\":{\"content\":\"<iframe width=\\\"100%\\\" height=\\\"320px\\\" scrolling=\\\"no\\\" src=\\\"https:\\\/\\\/www2.aladi.org\\\/nsfaladi\\\/sitioAladi.nsf\\\/vinculosBolivia.xsp\\\">    \\n           <\\\/iframe>\",\"content_pt_br\":\"<iframe width=\\\"100%\\\" height=\\\"170px\\\" scrolling=\\\"no\\\" src=\\\"https:\\\/\\\/www2.aladi.org\\\/nsfaladi\\\/sitioAladi.nsf\\\/vinculosBoliviaP.xsp\\\">    \\n           <\\\/iframe>\",\"css\":\".el-element{\\n    padding-bottom: 50px;}\"}}]}]}]}],\"version\":\"4.4.12\"} --><\/p>\n","protected":false},"excerpt":{"rendered":"<p>Pa\u00edses miembros Bolivia El Estado Plurinacional de Bolivia forma parte de la Asociaci\u00f3n Latinoamericana de Integraci\u00f3n (ALADI) desde el 12 de agosto de 1980, al ser pa\u00eds signatario del Tratado de Montevideo 1980.\u00a0 Capital Sucre,La Paz (Sede Administrativa) Fiesta nacional 6 de agosto de 1825 Proclamaci\u00f3n de la Independencia Jefe de Estado Presidente Rodrigo Paz [&hellip;]<\/p>\n","protected":false},"author":1,"featured_media":0,"parent":1734,"menu_order":0,"comment_status":"closed","ping_status":"closed","template":"","meta":{"_acf_changed":false,"footnotes":""},"class_list":["post-2161","page","type-page","status-publish","hentry"],"acf":[],"yoast_head":"<!-- This site is optimized with the Yoast SEO plugin v26.5 - https:\/\/yoast.com\/wordpress\/plugins\/seo\/ -->\n<title>Bol\u00edvia<\/title>\n<meta name=\"robots\" content=\"index, follow, max-snippet:-1, max-image-preview:large, max-video-preview:-1\" \/>\n<meta property=\"og:locale\" content=\"pt_BR\" \/>\n<meta property=\"og:type\" content=\"article\" \/>\n<meta property=\"og:title\" content=\"Bol\u00edvia\" \/>\n<meta property=\"og:url\" content=\"https:\/\/www.aladi.org\/pt\/paises-membros\/bolivia\/\" \/>\n<meta property=\"og:site_name\" content=\"ALADI\" \/>\n<meta property=\"article:publisher\" content=\"https:\/\/es-la.facebook.com\/people\/ALADI\/100064606213084\/\" \/>\n<meta property=\"article:modified_time\" content=\"2025-11-10T13:44:47+00:00\" \/>\n<meta name=\"twitter:card\" content=\"summary_large_image\" \/>\n<meta name=\"twitter:site\" content=\"@ALADI_SG\" \/>\n<meta name=\"twitter:label1\" content=\"Est. reading time\" \/>\n\t<meta name=\"twitter:data1\" content=\"1 minute\" \/>\n<script type=\"application\/ld+json\" class=\"yoast-schema-graph\">{\"@context\":\"https:\/\/schema.org\",\"@graph\":[{\"@type\":\"WebPage\",\"@id\":\"https:\/\/www.aladi.org\/pt\/paises-membros\/bolivia\/\",\"url\":\"https:\/\/www.aladi.org\/pt\/paises-membros\/bolivia\/\",\"name\":\"Bolivia - ALADI\",\"isPartOf\":{\"@id\":\"https:\/\/www.aladi.org\/#website\"},\"datePublished\":\"2023-05-29T13:35:45+00:00\",\"dateModified\":\"2025-11-10T13:44:47+00:00\",\"breadcrumb\":{\"@id\":\"https:\/\/www.aladi.org\/pt\/paises-membros\/bolivia\/#breadcrumb\"},\"inLanguage\":\"pt-BR\",\"potentialAction\":[{\"@type\":\"ReadAction\",\"target\":[\"https:\/\/www.aladi.org\/pt\/paises-membros\/bolivia\/\"]}]},{\"@type\":\"BreadcrumbList\",\"@id\":\"https:\/\/www.aladi.org\/pt\/paises-membros\/bolivia\/#breadcrumb\",\"itemListElement\":[{\"@type\":\"ListItem\",\"position\":1,\"name\":\"Home\",\"item\":\"https:\/\/www.aladi.org\/\"},{\"@type\":\"ListItem\",\"position\":2,\"name\":\"Pa\u00edses membros\",\"item\":\"https:\/\/www.aladi.org\/paises-miembros\/\"},{\"@type\":\"ListItem\",\"position\":3,\"name\":\"Bol\u00edvia\"}]},{\"@type\":\"WebSite\",\"@id\":\"https:\/\/www.aladi.org\/pt\/#website\",\"url\":\"https:\/\/www.aladi.org\/pt\/\",\"name\":\"ALADI\",\"description\":\"Asociaci\u00f3n Latinoamericana de Integraci\u00f3n\",\"publisher\":{\"@id\":\"https:\/\/www.aladi.org\/pt\/#organization\"},\"potentialAction\":[{\"@type\":\"SearchAction\",\"target\":{\"@type\":\"EntryPoint\",\"urlTemplate\":\"https:\/\/www.aladi.org\/pt\/?s={search_term_string}\"},\"query-input\":{\"@type\":\"PropertyValueSpecification\",\"valueRequired\":true,\"valueName\":\"search_term_string\"}}],\"inLanguage\":\"pt-BR\"},{\"@type\":\"Organization\",\"@id\":\"https:\/\/www.aladi.org\/pt\/#organization\",\"name\":\"ALADI\",\"url\":\"https:\/\/www.aladi.org\/pt\/\",\"logo\":{\"@type\":\"ImageObject\",\"inLanguage\":\"pt-BR\",\"@id\":\"https:\/\/www.aladi.org\/pt\/#\/schema\/logo\/image\/\",\"url\":\"https:\/\/www.aladi.org\/wp-content\/uploads\/2025\/12\/Logo-ALADI.png\",\"contentUrl\":\"https:\/\/www.aladi.org\/wp-content\/uploads\/2025\/12\/Logo-ALADI.png\",\"width\":375,\"height\":235,\"caption\":\"ALADI\"},\"image\":{\"@id\":\"https:\/\/www.aladi.org\/pt\/#\/schema\/logo\/image\/\"},\"sameAs\":[\"https:\/\/es-la.facebook.com\/people\/ALADI\/100064606213084\/\",\"https:\/\/x.com\/ALADI_SG\",\"https:\/\/www.instagram.com\/aladi_sg\/?hl=es\",\"https:\/\/www.linkedin.com\/company\/aladi\/\",\"https:\/\/www.flickr.com\/photos\/aladi\/\",\"https:\/\/www.youtube.com\/channel\/UCrkJWOWHKF6igQmWE8Clnpg\"]}]}<\/script>\n<!-- \/ Yoast SEO plugin. -->","yoast_head_json":{"title":"Bol\u00edvia","robots":{"index":"index","follow":"follow","max-snippet":"max-snippet:-1","max-image-preview":"max-image-preview:large","max-video-preview":"max-video-preview:-1"},"og_locale":"pt_BR","og_type":"article","og_title":"Bol\u00edvia","og_url":"https:\/\/www.aladi.org\/pt\/paises-membros\/bolivia\/","og_site_name":"ALADI","article_publisher":"https:\/\/es-la.facebook.com\/people\/ALADI\/100064606213084\/","article_modified_time":"2025-11-10T13:44:47+00:00","twitter_card":"summary_large_image","twitter_site":"@ALADI_SG","twitter_misc":{"Est. reading time":"1 minute"},"schema":{"@context":"https:\/\/schema.org","@graph":[{"@type":"WebPage","@id":"https:\/\/www.aladi.org\/pt\/paises-membros\/bolivia\/","url":"https:\/\/www.aladi.org\/pt\/paises-membros\/bolivia\/","name":"Bolivia - ALADI","isPartOf":{"@id":"https:\/\/www.aladi.org\/#website"},"datePublished":"2023-05-29T13:35:45+00:00","dateModified":"2025-11-10T13:44:47+00:00","breadcrumb":{"@id":"https:\/\/www.aladi.org\/pt\/paises-membros\/bolivia\/#breadcrumb"},"inLanguage":"pt-BR","potentialAction":[{"@type":"ReadAction","target":["https:\/\/www.aladi.org\/pt\/paises-membros\/bolivia\/"]}]},{"@type":"BreadcrumbList","@id":"https:\/\/www.aladi.org\/pt\/paises-membros\/bolivia\/#breadcrumb","itemListElement":[{"@type":"ListItem","position":1,"name":"Home","item":"https:\/\/www.aladi.org\/"},{"@type":"ListItem","position":2,"name":"Pa\u00edses membros","item":"https:\/\/www.aladi.org\/paises-miembros\/"},{"@type":"ListItem","position":3,"name":"Bol\u00edvia"}]},{"@type":"WebSite","@id":"https:\/\/www.aladi.org\/pt\/#website","url":"https:\/\/www.aladi.org\/pt\/","name":"ALADI","description":"Asociaci\u00f3n Latinoamericana de Integraci\u00f3n","publisher":{"@id":"https:\/\/www.aladi.org\/pt\/#organization"},"potentialAction":[{"@type":"SearchAction","target":{"@type":"EntryPoint","urlTemplate":"https:\/\/www.aladi.org\/pt\/?s={search_term_string}"},"query-input":{"@type":"PropertyValueSpecification","valueRequired":true,"valueName":"search_term_string"}}],"inLanguage":"pt-BR"},{"@type":"Organization","@id":"https:\/\/www.aladi.org\/pt\/#organization","name":"ALADI","url":"https:\/\/www.aladi.org\/pt\/","logo":{"@type":"ImageObject","inLanguage":"pt-BR","@id":"https:\/\/www.aladi.org\/pt\/#\/schema\/logo\/image\/","url":"https:\/\/www.aladi.org\/wp-content\/uploads\/2025\/12\/Logo-ALADI.png","contentUrl":"https:\/\/www.aladi.org\/wp-content\/uploads\/2025\/12\/Logo-ALADI.png","width":375,"height":235,"caption":"ALADI"},"image":{"@id":"https:\/\/www.aladi.org\/pt\/#\/schema\/logo\/image\/"},"sameAs":["https:\/\/es-la.facebook.com\/people\/ALADI\/100064606213084\/","https:\/\/x.com\/ALADI_SG","https:\/\/www.instagram.com\/aladi_sg\/?hl=es","https:\/\/www.linkedin.com\/company\/aladi\/","https:\/\/www.flickr.com\/photos\/aladi\/","https:\/\/www.youtube.com\/channel\/UCrkJWOWHKF6igQmWE8Clnpg"]}]}},"jetpack_sharing_enabled":true,"_links":{"self":[{"href":"https:\/\/www.aladi.org\/pt\/wp-json\/wp\/v2\/pages\/2161","targetHints":{"allow":["GET"]}}],"collection":[{"href":"https:\/\/www.aladi.org\/pt\/wp-json\/wp\/v2\/pages"}],"about":[{"href":"https:\/\/www.aladi.org\/pt\/wp-json\/wp\/v2\/types\/page"}],"author":[{"embeddable":true,"href":"https:\/\/www.aladi.org\/pt\/wp-json\/wp\/v2\/users\/1"}],"replies":[{"embeddable":true,"href":"https:\/\/www.aladi.org\/pt\/wp-json\/wp\/v2\/comments?post=2161"}],"version-history":[{"count":25,"href":"https:\/\/www.aladi.org\/pt\/wp-json\/wp\/v2\/pages\/2161\/revisions"}],"predecessor-version":[{"id":9320,"href":"https:\/\/www.aladi.org\/pt\/wp-json\/wp\/v2\/pages\/2161\/revisions\/9320"}],"up":[{"embeddable":true,"href":"https:\/\/www.aladi.org\/pt\/wp-json\/wp\/v2\/pages\/1734"}],"wp:attachment":[{"href":"https:\/\/www.aladi.org\/pt\/wp-json\/wp\/v2\/media?parent=2161"}],"curies":[{"name":"wp","href":"https:\/\/api.w.org\/{rel}","templated":true}]}}