{"id":2064,"date":"2023-05-23T13:27:52","date_gmt":"2023-05-23T13:27:52","guid":{"rendered":"https:\/\/sitio.aladi.org\/?page_id=2064&#038;lang=es"},"modified":"2026-02-03T12:18:12","modified_gmt":"2026-02-03T12:18:12","slug":"sistema-de-apoyo-a-los-pmder","status":"publish","type":"page","link":"https:\/\/www.aladi.org\/pt\/sistema-de-apoio-aos-pmders\/","title":{"rendered":"Sistema de apoio aos PMDERs"},"content":{"rendered":"<p><img decoding=\"async\" src=\"\/wp-content\/uploads\/2023\/08\/sistemaApoyo1.jpg\" alt=\"\"><\/p>\n<h1>Sistema de Apoyo a los Pa\u00edses de Menor Desarrollo Econ\u00f3mico Relativo (PMDER)<\/h1>\n<div>\n<p><span style=\"font-weight: 400;\">La Asociaci\u00f3n Latinoamericana de Integraci\u00f3n (ALADI) ha definido tres categor\u00edas de pa\u00edses:<\/span><\/p>\n<\/div>\n<h1>Pa\u00edses de menor desarrollo econ\u00f3mico relativo (PMDER)<\/h1>\n<div>\n<p>Bolivia, Ecuador y Paraguay<\/p>\n<\/div>\n<h1>Pa\u00edses de desarrollo intermedio<\/h1>\n<div>\n<p>Integrado por Chile, Colombia, Cuba, Panam\u00e1, Per\u00fa, Uruguay y Venezuela.<\/p>\n<\/div>\n<h1>Otros pa\u00edses miembros<\/h1>\n<div>\n<p>Compuesto por Argentina, Brasil y M\u00e9xico.<\/p>\n<\/div>\n<hr>\n<div>\n<p>El cap\u00edtulo tercero del Tratado de Montevideo 1980 (TM80) establece la creaci\u00f3n del Sistema de Apoyo a los <strong>Pa\u00edses de Menor Desarrollo Econ\u00f3mico Relativo (PMDER)<\/strong>. Su objetivo es atender los desequilibrios existentes entre los pa\u00edses miembros de la ALADI, buscando ofrecer condiciones favorables que contribuyan a mejorar la productividad y la inserci\u00f3n de <strong>Bolivia, Ecuador y Paraguay<\/strong> en los mercados regionales.<\/p>\n<p>Con base en los principios de<strong> no reciprocidad <\/strong>y de<strong> cooperaci\u00f3n comunitaria<\/strong>, este sistema desarrolla acciones, pensadas de forma integral, que complementan las que llevan adelante los planes nacionales de cada PMDER. En algunos casos, tambi\u00e9n cuenta con la colaboraci\u00f3n de otros organismos internacionales.<\/p>\n<p>Para llevar a cabo sus cometidos, el Sistema de Apoyo a los PMDER se divide dos \u00e1reas clave: un \u00e1rea comercial (Sistema de preferencias) y un \u00e1rea de cooperaci\u00f3n (Programas especiales de cooperaci\u00f3n).<\/p>\n<p>A continuaci\u00f3n puedes seleccionar la informaci\u00f3n m\u00e1s relevante de los proyectos en gesti\u00f3n m\u00e1s recientes:<\/p>\n<\/div>\n<div>\n    <form method=\"GET\" action=\"#resultadosTabla\" class=\"form__custom-elemnts\">\n        \n\t\t\n\t\t<div class=\"custom-select-wrapper\" id=\"custom-country\" data-selected=\"\">\n\t\t\t<label for=\"pais\">Pa\u00eds:<\/label>\n\t\t\t<div class=\"custom-select-trigger\">Seleccionar pa\u00eds<\/div>\n\t\t\t<div class=\"custom-options\">\n\t\t\t\t\t\t\t\t\t<div class=\"custom-option\" data-value=\"Bolivia\">\n\t\t\t\t\t\t<span class=\"flag-icon flag-icon-bolivia\"><\/span>\n\t\t\t\t\t\tBolivia\t\t\t\t\t<\/div>\n\t\t\t\t\t\t\t\t\t<div class=\"custom-option\" data-value=\"Ecuador\">\n\t\t\t\t\t\t<span class=\"flag-icon flag-icon-ecuador\"><\/span>\n\t\t\t\t\t\tEcuador\t\t\t\t\t<\/div>\n\t\t\t\t\t\t\t\t\t<div class=\"custom-option\" data-value=\"Paraguay\">\n\t\t\t\t\t\t<span class=\"flag-icon flag-icon-paraguay\"><\/span>\n\t\t\t\t\t\tParaguay\t\t\t\t\t<\/div>\n\t\t\t\t\t\t\t\t\t<div class=\"custom-option\" data-value=\"PMDER\">\n\t\t\t\t\t\t<span class=\"flag-icon flag-icon-pmder\"><\/span>\n\t\t\t\t\t\tPMDER\t\t\t\t\t<\/div>\n\t\t\t\t\t\t\t<\/div>\n\t\t\t<input type=\"hidden\" name=\"pais\" value=\"\">\n\t\t<\/div>\n\n\n        \n\t<div style=\"margin-bottom: 15px;\">\n    \t<label for=\"tema\">Tema:<\/label>\n    \t<select name=\"tema\" id=\"tema\">\n        \t<option value=\"\">Todos<\/option>\n        \t            \t<option value=\"Apertura preservaci\u00f3n y acceso efectivo a mercados\" >\n                \tApertura preservaci\u00f3n y acceso efectivo a mercados            \t<\/option>\n        \t            \t<option value=\"Complementariedad y gesti\u00f3n econ\u00f3mica\" >\n                \tComplementariedad y gesti\u00f3n econ\u00f3mica            \t<\/option>\n        \t            \t<option value=\"Fortalecimiento Institucional\" >\n                \tFortalecimiento Institucional            \t<\/option>\n        \t            \t<option value=\"Mejoramiento del transporte y log\u00edstica\" >\n                \tMejoramiento del transporte y log\u00edstica            \t<\/option>\n        \t    \t<\/select>\n\t<\/div>\n\t\n\n        <div style=\"margin-bottom: 15px;\">\n            <label for=\"estado\">Estado del proyecto:<\/label>\n            <select name=\"estado\" id=\"estado\">\n\t\t<option value=\"\">Todos<\/option>\n\t\t<option value=\"1\" >An\u00e1lisis de T\u00e9rminos de Referencia<\/option>\n\t\t<option value=\"2\" >Identificaci\u00f3n de Expertos<\/option>\n\t\t<option value=\"3\" >Ejecuci\u00f3n de Actividades<\/option>\n\t\t<option value=\"4\" >Finalizado<\/option>\n\t\t<option value=\"5\" >Publicado<\/option>\n\t\t<option value=\"6\" >Cancelado<\/option>\n\t\t<option value=\"7\" >Postergado<\/option>\n\n            <\/select>\n        <\/div>\n\n        \n        <div style=\"margin-bottom: 15px;\">\n            <label for=\"tipoProyecto\">Tipo de proyecto:<\/label>\n            <select name=\"tipoProyecto\" id=\"tipoProyecto\">\n                <option value=\"\">Todos<\/option>\n                \t\t\t<option value=\"Consultor\u00eda\" >\n    \t\t\t\tConsultor\u00eda\t\t\t<\/option>\n\t\t\t\t\t<option value=\"Cooperaci\u00f3n Horizontal y Triangular\" >\n    \t\t\t\tCooperaci\u00f3n Horizontal y Triangular\t\t\t<\/option>\n\t\t            <\/select>\n        <\/div>\n\n        <button type=\"submit\" class=\"uk-button uk-button-secondary uk-align-right\">Buscar<\/button>\n    <\/form>\n\n<p><script>\ndocument.addEventListener(\"DOMContentLoaded\", function () {\n    const wrappers = document.querySelectorAll(\".custom-select-wrapper\");<\/p>\n<p>    wrappers.forEach(wrapper => {\n        const trigger = wrapper.querySelector(\".custom-select-trigger\");\n        const options = wrapper.querySelector(\".custom-options\");\n        const hiddenInput = wrapper.querySelector(\"input[type='hidden']\");\n        const selected = wrapper.dataset.selected;<\/p>\n<p>        if (selected) {\n            const match = wrapper.querySelector(`.custom-option[data-value=\"${selected}\"]`);\n            if (match) trigger.innerHTML = match.innerHTML;\n        }<\/p>\n<p>        trigger.addEventListener(\"click\", () => {\n            options.style.display = options.style.display === \"block\" ? \"none\" : \"block\";\n        });<\/p>\n<p>        options.querySelectorAll(\".custom-option\").forEach(opt => {\n            opt.addEventListener(\"click\", () => {\n                hiddenInput.value = opt.dataset.value;\n                trigger.innerHTML = opt.innerHTML;\n                options.style.display = \"none\";\n            });\n        });<\/p>\n<p>        document.addEventListener(\"click\", e => {\n            if (!wrapper.contains(e.target)) {\n                options.style.display = \"none\";\n            }\n        });\n    });\n});\n<\/script><\/p>\n<\/div>\n<p>\n    <a href=\"https:\/\/sitio.aladi.org\/?page_id=3020\">Sistema de Preferencias<\/a>\n<\/p>\n<p>\n    <a href=\"https:\/\/www.aladi.org\/?page_id=3022\">Programas Especiales de Cooperaci\u00f3n<\/a>\n<\/p>\n<p><!--more--><br \/>\n<!-- {\"type\":\"layout\",\"children\":[{\"name\":\"Sistema de Apoyo a los Pa\\u00edses de Menor Desarrollo Econ\\u00f3mico Relativo (PMDER)\",\"type\":\"section\",\"props\":{\"animation\":\"slide-left-small\",\"animation_delay\":\"200\",\"image_position\":\"top-center\",\"padding\":\"large\",\"padding_remove_bottom\":false,\"padding_remove_top\":true,\"style\":\"default\",\"title_breakpoint\":\"xl\",\"title_position\":\"top-left\",\"title_rotation\":\"left\",\"vertical_align\":\"\",\"width\":\"xlarge\"},\"children\":[{\"type\":\"row\",\"children\":[{\"type\":\"column\",\"props\":{\"image_position\":\"center-center\",\"position_sticky_breakpoint\":\"m\"},\"children\":[{\"type\":\"image\",\"props\":{\"css\":\".el-image {\\n    background-size: contain;\\n    min-width: 100%;\\n}\",\"image\":\"wp-content\\\/uploads\\\/2023\\\/08\\\/sistemaApoyo1.jpg\",\"image_svg_color\":\"emphasis\",\"margin\":\"default\"}}]}]},{\"type\":\"row\",\"props\":{\"width\":\"xlarge\"},\"children\":[{\"type\":\"column\",\"props\":{\"image_position\":\"center-center\",\"position_sticky_breakpoint\":\"m\"},\"children\":[{\"type\":\"breadcrumbs\",\"props\":{\"margin\":\"large\",\"margin_remove_top\":true,\"show_current\":true,\"show_home\":true}}]}]},{\"type\":\"row\",\"props\":{\"margin_remove_bottom\":false,\"width\":\"xlarge\"},\"children\":[{\"type\":\"column\",\"props\":{\"image_position\":\"center-center\",\"position_sticky_breakpoint\":\"m\",\"vertical_align\":\"middle\"},\"children\":[{\"type\":\"headline\",\"props\":{\"content\":\"Sistema de Apoyo a los Pa\\u00edses de Menor Desarrollo Econ\\u00f3mico Relativo (PMDER)\",\"content_pt_br\":\"Sistema de Apoio aos Pa\\u00edses de Menor Desenvolvimento Econ\\u00f4mico Relativo (PMDERs)\",\"margin\":\"remove-vertical\",\"margin_remove_top\":true,\"title_color\":\"secondary\",\"title_element\":\"h1\",\"title_style\":\"h1\"}},{\"type\":\"text\",\"props\":{\"column_breakpoint\":\"m\",\"content\":\"\n\n<p><span style=\\\"font-weight: 400;\\\">La Asociaci\\u00f3n Latinoamericana de Integraci\\u00f3n (ALADI) ha definido tres categor\\u00edas de pa\\u00edses:<\\\/span><\\\/p>\",\"content_pt_br\":\"\n\n<p><span style=\\\"font-weight: 400;\\\">A Associa\\u00e7\\u00e3o Latino-Americana de Integra\\u00e7\\u00e3o (ALADI) definiu tr\\u00eas categorias de pa\\u00edses:<\\\/span><\\\/p>\",\"margin\":\"default\"}},{\"type\":\"fragment\",\"children\":[{\"type\":\"row\",\"props\":{\"divider\":false,\"layout\":\"1-3,1-3,1-3\"},\"children\":[{\"type\":\"column\",\"props\":{\"image_position\":\"center-center\",\"position_sticky_breakpoint\":\"m\",\"width_medium\":\"1-3\"},\"children\":[{\"type\":\"headline\",\"props\":{\"content\":\"Pa\\u00edses de menor desarrollo econ\\u00f3mico relativo (PMDER)\",\"content_pt_br\":\"Pa\\u00edses de menor desenvolvimento econ\\u00f4mico relativo (PMDERs)\",\"margin_remove_bottom\":false,\"title_color\":\"secondary\",\"title_decoration\":\"bullet\",\"title_element\":\"h1\",\"title_style\":\"text-lead\"}},{\"type\":\"text\",\"props\":{\"column_breakpoint\":\"m\",\"content\":\"\n\n<p>Bolivia, Ecuador y Paraguay<\\\/p>\",\"content_pt_br\":\"\n\n<p>Bol\\u00edvia, Equador e Paraguai.<\\\/p>\",\"margin\":\"default\"}}]},{\"type\":\"column\",\"props\":{\"image_position\":\"center-center\",\"position_sticky_breakpoint\":\"m\",\"width_medium\":\"1-3\"},\"children\":[{\"type\":\"headline\",\"props\":{\"content\":\"Pa\\u00edses de desarrollo intermedio\",\"content_pt_br\":\"Pa\\u00edses de desenvolvimento intermedi\\u00e1rio\",\"title_color\":\"secondary\",\"title_decoration\":\"bullet\",\"title_element\":\"h1\",\"title_style\":\"text-lead\"}},{\"type\":\"text\",\"props\":{\"column_breakpoint\":\"m\",\"content\":\"\n\n<p>Integrado por Chile, Colombia, Cuba, Panam\\u00e1, Per\\u00fa, Uruguay y Venezuela.<\\\/p>\",\"content_pt_br\":\"\n\n<p>Chile, Col\\u00f4mbia, Cuba, Panam\\u00e1, Peru, Uruguai e Venezuela.<\\\/p>\",\"margin\":\"default\"}}]},{\"type\":\"column\",\"props\":{\"image_position\":\"center-center\",\"position_sticky_breakpoint\":\"m\",\"width_medium\":\"1-3\"},\"children\":[{\"type\":\"headline\",\"props\":{\"content\":\"Otros pa\\u00edses miembros\",\"content_pt_br\":\"Outros pa\\u00edses-membros\",\"title_color\":\"secondary\",\"title_decoration\":\"bullet\",\"title_element\":\"h1\",\"title_style\":\"text-lead\"}},{\"type\":\"text\",\"props\":{\"column_breakpoint\":\"m\",\"content\":\"\n\n<p>Compuesto por Argentina, Brasil y M\\u00e9xico.<\\\/p>\",\"content_pt_br\":\"\n\n<p>Argentina, Brasil e M\\u00e9xico.<\\\/p>\",\"margin\":\"default\"}}]}]}],\"props\":{\"margin\":\"default\"}},{\"type\":\"divider\",\"props\":{\"divider_element\":\"hr\",\"divider_style\":\"icon\"}},{\"type\":\"text\",\"props\":{\"column_breakpoint\":\"m\",\"content\":\"\n\n<p>El cap\\u00edtulo tercero del Tratado de Montevideo 1980 (TM80) establece la creaci\\u00f3n del Sistema de Apoyo a los <strong>Pa\\u00edses de Menor Desarrollo Econ\\u00f3mico Relativo (PMDER)<\\\/strong>. Su objetivo es atender los desequilibrios existentes entre los pa\\u00edses miembros de la ALADI, buscando ofrecer condiciones favorables que contribuyan a mejorar la productividad y la inserci\\u00f3n de <strong>Bolivia, Ecuador y Paraguay<\\\/strong> en los mercados regionales.<\\\/p>\\n\n\n<p>Con base en los principios de<strong> no reciprocidad <\\\/strong>y de<strong> cooperaci\\u00f3n comunitaria<\\\/strong>, este sistema desarrolla acciones, pensadas de forma integral, que complementan las que llevan adelante los planes nacionales de cada PMDER. En algunos casos, tambi\\u00e9n cuenta con la colaboraci\\u00f3n de otros organismos internacionales.<\\\/p>\\n\n\n<p>Para llevar a cabo sus cometidos, el Sistema de Apoyo a los PMDER se divide dos \\u00e1reas clave: un \\u00e1rea comercial (Sistema de preferencias) y un \\u00e1rea de cooperaci\\u00f3n (Programas especiales de cooperaci\\u00f3n).<\\\/p>\\n\n\n<p>A continuaci\\u00f3n puedes seleccionar la informaci\\u00f3n m\\u00e1s relevante de los proyectos en gesti\\u00f3n m\\u00e1s recientes:<\\\/p>\",\"content_pt_br\":\"\n\n<p>O cap\\u00edtulo terceiro do Tratado de Montevid\\u00e9u de 1980 (TM80) estabelece a cria\\u00e7\\u00e3o do Sistema de Apoio aos Pa\\u00edses de Menor Desenvolvimento Econ\\u00f4mico Relativo (PMDERs). Seu objetivo \\u00e9 atender aos desequil\\u00edbrios existentes entre os pa\\u00edses-membros da ALADI, buscando oferecer condi\\u00e7\\u00f5es favor\\u00e1veis que contribuam para melhorar a produtividade e a inser\\u00e7\\u00e3o de <strong>Bol\\u00edvia<\\\/strong>, <strong>Equador<\\\/strong> e <strong>Paraguai<\\\/strong> nos mercados regionais.<\\\/p>\\n\n\n<p>Com base nos princ\\u00edpios de <strong>n\\u00e3o reciprocidade<\\\/strong> e de <strong>coopera\\u00e7\\u00e3o comunit\\u00e1ria<\\\/strong>, esse sistema desenvolve a\\u00e7\\u00f5es, pensadas de forma integral, que complementam as efetuadas pelos planos nacionais de cada PMDER. Em alguns casos, tamb\\u00e9m conta com a colabora\\u00e7\\u00e3o de outros organismos internacionais. Para cumprir suas miss\\u00f5es, o Sistema de Apoio aos PMDERs \\u00e9 dividido em duas \\u00e1reas-chave: uma \\u00e1rea comercial (Sistema de prefer\\u00eancias) e uma \\u00e1rea de coopera\\u00e7\\u00e3o (Programas especiais de coopera\\u00e7\\u00e3o).<\\\/p>\\n\n\n<p>Os bot\\u00f5es abaixo proporcionam as informa\\u00e7\\u00f5es mais relevantes sobre os projetos mais recentes:<\\\/p>\",\"margin\":\"default\",\"margin_remove_top\":true}},{\"type\":\"html\",\"props\":{\"content\":\"[sistema_apoyo_pmder]\\n\\n<script>\\ndocument.addEventListener(\\\"DOMContentLoaded\\\", function () {\\n    const wrappers = document.querySelectorAll(\\\".custom-select-wrapper\\\");\\n\\n    wrappers.forEach(wrapper => {\\n        const trigger = wrapper.querySelector(\\\".custom-select-trigger\\\");\\n        const options = wrapper.querySelector(\\\".custom-options\\\");\\n        const hiddenInput = wrapper.querySelector(\\\"input[type='hidden']\\\");\\n        const selected = wrapper.dataset.selected;\\n\\n        if (selected) {\\n            const match = wrapper.querySelector(`.custom-option[data-value=\\\"${selected}\\\"]`);\\n            if (match) trigger.innerHTML = match.innerHTML;\\n        }\\n\\n        trigger.addEventListener(\\\"click\\\", () => {\\n            options.style.display = options.style.display === \\\"block\\\" ? \\\"none\\\" : \\\"block\\\";\\n        });\\n\\n        options.querySelectorAll(\\\".custom-option\\\").forEach(opt => {\\n            opt.addEventListener(\\\"click\\\", () => {\\n                hiddenInput.value = opt.dataset.value;\\n                trigger.innerHTML = opt.innerHTML;\\n                options.style.display = \\\"none\\\";\\n            });\\n        });\\n\\n        document.addEventListener(\\\"click\\\", e => {\\n            if (!wrapper.contains(e.target)) {\\n                options.style.display = \\\"none\\\";\\n            }\\n        });\\n    });\\n});\\n<\\\/script>\\n\",\"content_pt_br\":\"[sistema_apoyo_pmder]\"}}]}]}]},{\"type\":\"section\",\"props\":{\"image_position\":\"center-center\",\"style\":\"default\",\"title_breakpoint\":\"xl\",\"title_position\":\"top-left\",\"title_rotation\":\"left\",\"vertical_align\":\"middle\",\"width\":\"default\"},\"children\":[{\"type\":\"row\",\"props\":{\"alignment\":\"center\",\"layout\":\"1-2,1-2\"},\"children\":[{\"type\":\"column\",\"props\":{\"image_position\":\"center-center\",\"position_sticky_breakpoint\":\"m\",\"width_medium\":\"1-2\"},\"children\":[{\"type\":\"button\",\"props\":{\"grid_column_gap\":\"small\",\"grid_row_gap\":\"small\",\"margin\":\"default\",\"text_align\":\"center\"},\"children\":[{\"type\":\"button_item\",\"props\":{\"button_style\":\"default\",\"content\":\"Sistema de Preferencias\",\"content_pt_br\":\"Sistema de prefer\\u00eancias\",\"icon_align\":\"left\",\"link\":\"https:\\\/\\\/sitio.aladi.org\\\/?page_id=3020\"}}]}]},{\"type\":\"column\",\"props\":{\"image_position\":\"center-center\",\"position_sticky_breakpoint\":\"m\",\"width_medium\":\"1-2\"},\"children\":[{\"type\":\"button\",\"props\":{\"grid_column_gap\":\"small\",\"grid_row_gap\":\"small\",\"margin\":\"default\",\"text_align\":\"center\"},\"children\":[{\"type\":\"button_item\",\"props\":{\"button_style\":\"default\",\"content\":\"Programas Especiales de Cooperaci\\u00f3n\",\"content_pt_br\":\"Programas especiais de coopera\\u00e7\\u00e3o\",\"icon_align\":\"left\",\"link\":\"https:\\\/\\\/www.aladi.org\\\/?page_id=3022\"}}]}]}]}]}],\"version\":\"4.4.12\"} --><\/p>\n","protected":false},"excerpt":{"rendered":"<p>Sistema de Apoyo a los Pa\u00edses de Menor Desarrollo Econ\u00f3mico Relativo (PMDER) La Asociaci\u00f3n Latinoamericana de Integraci\u00f3n (ALADI) ha definido tres categor\u00edas de pa\u00edses: Pa\u00edses de menor desarrollo econ\u00f3mico relativo (PMDER) Bolivia, Ecuador y Paraguay Pa\u00edses de desarrollo intermedio Integrado por Chile, Colombia, Cuba, Panam\u00e1, Per\u00fa, Uruguay y Venezuela. Otros pa\u00edses miembros Compuesto por Argentina, [&hellip;]<\/p>\n","protected":false},"author":1,"featured_media":0,"parent":0,"menu_order":0,"comment_status":"closed","ping_status":"closed","template":"","meta":{"_acf_changed":false,"footnotes":""},"class_list":["post-2064","page","type-page","status-publish","hentry"],"acf":[],"yoast_head":"<!-- This site is optimized with the Yoast SEO plugin v26.5 - https:\/\/yoast.com\/wordpress\/plugins\/seo\/ -->\n<title>Sistema de apoio aos PMDERs<\/title>\n<meta name=\"robots\" content=\"index, follow, max-snippet:-1, max-image-preview:large, max-video-preview:-1\" \/>\n<meta property=\"og:locale\" content=\"pt_BR\" \/>\n<meta property=\"og:type\" content=\"article\" \/>\n<meta property=\"og:title\" content=\"Sistema de apoio aos PMDERs\" \/>\n<meta property=\"og:url\" content=\"https:\/\/www.aladi.org\/pt\/sistema-de-apoio-aos-pmders\/\" \/>\n<meta property=\"og:site_name\" content=\"ALADI\" \/>\n<meta property=\"article:publisher\" content=\"https:\/\/es-la.facebook.com\/people\/ALADI\/100064606213084\/\" \/>\n<meta property=\"article:modified_time\" content=\"2026-02-03T12:18:12+00:00\" \/>\n<meta name=\"twitter:card\" content=\"summary_large_image\" \/>\n<meta name=\"twitter:site\" content=\"@ALADI_SG\" \/>\n<meta name=\"twitter:label1\" content=\"Est. reading time\" \/>\n\t<meta name=\"twitter:data1\" content=\"1 minute\" \/>\n<script type=\"application\/ld+json\" class=\"yoast-schema-graph\">{\"@context\":\"https:\/\/schema.org\",\"@graph\":[{\"@type\":\"WebPage\",\"@id\":\"https:\/\/www.aladi.org\/pt\/sistema-de-apoio-aos-pmders\/\",\"url\":\"https:\/\/www.aladi.org\/pt\/sistema-de-apoio-aos-pmders\/\",\"name\":\"Sistema de apoyo a los PMDER - ALADI\",\"isPartOf\":{\"@id\":\"https:\/\/www.aladi.org\/#website\"},\"datePublished\":\"2023-05-23T13:27:52+00:00\",\"dateModified\":\"2026-02-03T12:18:12+00:00\",\"breadcrumb\":{\"@id\":\"https:\/\/www.aladi.org\/pt\/sistema-de-apoio-aos-pmders\/#breadcrumb\"},\"inLanguage\":\"pt-BR\",\"potentialAction\":[{\"@type\":\"ReadAction\",\"target\":[\"https:\/\/www.aladi.org\/pt\/sistema-de-apoio-aos-pmders\/\"]}]},{\"@type\":\"BreadcrumbList\",\"@id\":\"https:\/\/www.aladi.org\/pt\/sistema-de-apoio-aos-pmders\/#breadcrumb\",\"itemListElement\":[{\"@type\":\"ListItem\",\"position\":1,\"name\":\"Home\",\"item\":\"https:\/\/www.aladi.org\/\"},{\"@type\":\"ListItem\",\"position\":2,\"name\":\"Sistema de apoio aos PMDERs\"}]},{\"@type\":\"WebSite\",\"@id\":\"https:\/\/www.aladi.org\/pt\/#website\",\"url\":\"https:\/\/www.aladi.org\/pt\/\",\"name\":\"ALADI\",\"description\":\"Asociaci\u00f3n Latinoamericana de Integraci\u00f3n\",\"publisher\":{\"@id\":\"https:\/\/www.aladi.org\/pt\/#organization\"},\"potentialAction\":[{\"@type\":\"SearchAction\",\"target\":{\"@type\":\"EntryPoint\",\"urlTemplate\":\"https:\/\/www.aladi.org\/pt\/?s={search_term_string}\"},\"query-input\":{\"@type\":\"PropertyValueSpecification\",\"valueRequired\":true,\"valueName\":\"search_term_string\"}}],\"inLanguage\":\"pt-BR\"},{\"@type\":\"Organization\",\"@id\":\"https:\/\/www.aladi.org\/pt\/#organization\",\"name\":\"ALADI\",\"url\":\"https:\/\/www.aladi.org\/pt\/\",\"logo\":{\"@type\":\"ImageObject\",\"inLanguage\":\"pt-BR\",\"@id\":\"https:\/\/www.aladi.org\/pt\/#\/schema\/logo\/image\/\",\"url\":\"https:\/\/www.aladi.org\/wp-content\/uploads\/2025\/12\/Logo-ALADI.png\",\"contentUrl\":\"https:\/\/www.aladi.org\/wp-content\/uploads\/2025\/12\/Logo-ALADI.png\",\"width\":375,\"height\":235,\"caption\":\"ALADI\"},\"image\":{\"@id\":\"https:\/\/www.aladi.org\/pt\/#\/schema\/logo\/image\/\"},\"sameAs\":[\"https:\/\/es-la.facebook.com\/people\/ALADI\/100064606213084\/\",\"https:\/\/x.com\/ALADI_SG\",\"https:\/\/www.instagram.com\/aladi_sg\/?hl=es\",\"https:\/\/www.linkedin.com\/company\/aladi\/\",\"https:\/\/www.flickr.com\/photos\/aladi\/\",\"https:\/\/www.youtube.com\/channel\/UCrkJWOWHKF6igQmWE8Clnpg\"]}]}<\/script>\n<!-- \/ Yoast SEO plugin. -->","yoast_head_json":{"title":"Sistema de apoio aos PMDERs","robots":{"index":"index","follow":"follow","max-snippet":"max-snippet:-1","max-image-preview":"max-image-preview:large","max-video-preview":"max-video-preview:-1"},"og_locale":"pt_BR","og_type":"article","og_title":"Sistema de apoio aos PMDERs","og_url":"https:\/\/www.aladi.org\/pt\/sistema-de-apoio-aos-pmders\/","og_site_name":"ALADI","article_publisher":"https:\/\/es-la.facebook.com\/people\/ALADI\/100064606213084\/","article_modified_time":"2026-02-03T12:18:12+00:00","twitter_card":"summary_large_image","twitter_site":"@ALADI_SG","twitter_misc":{"Est. reading time":"1 minute"},"schema":{"@context":"https:\/\/schema.org","@graph":[{"@type":"WebPage","@id":"https:\/\/www.aladi.org\/pt\/sistema-de-apoio-aos-pmders\/","url":"https:\/\/www.aladi.org\/pt\/sistema-de-apoio-aos-pmders\/","name":"Sistema de apoyo a los PMDER - ALADI","isPartOf":{"@id":"https:\/\/www.aladi.org\/#website"},"datePublished":"2023-05-23T13:27:52+00:00","dateModified":"2026-02-03T12:18:12+00:00","breadcrumb":{"@id":"https:\/\/www.aladi.org\/pt\/sistema-de-apoio-aos-pmders\/#breadcrumb"},"inLanguage":"pt-BR","potentialAction":[{"@type":"ReadAction","target":["https:\/\/www.aladi.org\/pt\/sistema-de-apoio-aos-pmders\/"]}]},{"@type":"BreadcrumbList","@id":"https:\/\/www.aladi.org\/pt\/sistema-de-apoio-aos-pmders\/#breadcrumb","itemListElement":[{"@type":"ListItem","position":1,"name":"Home","item":"https:\/\/www.aladi.org\/"},{"@type":"ListItem","position":2,"name":"Sistema de apoio aos PMDERs"}]},{"@type":"WebSite","@id":"https:\/\/www.aladi.org\/pt\/#website","url":"https:\/\/www.aladi.org\/pt\/","name":"ALADI","description":"Asociaci\u00f3n Latinoamericana de Integraci\u00f3n","publisher":{"@id":"https:\/\/www.aladi.org\/pt\/#organization"},"potentialAction":[{"@type":"SearchAction","target":{"@type":"EntryPoint","urlTemplate":"https:\/\/www.aladi.org\/pt\/?s={search_term_string}"},"query-input":{"@type":"PropertyValueSpecification","valueRequired":true,"valueName":"search_term_string"}}],"inLanguage":"pt-BR"},{"@type":"Organization","@id":"https:\/\/www.aladi.org\/pt\/#organization","name":"ALADI","url":"https:\/\/www.aladi.org\/pt\/","logo":{"@type":"ImageObject","inLanguage":"pt-BR","@id":"https:\/\/www.aladi.org\/pt\/#\/schema\/logo\/image\/","url":"https:\/\/www.aladi.org\/wp-content\/uploads\/2025\/12\/Logo-ALADI.png","contentUrl":"https:\/\/www.aladi.org\/wp-content\/uploads\/2025\/12\/Logo-ALADI.png","width":375,"height":235,"caption":"ALADI"},"image":{"@id":"https:\/\/www.aladi.org\/pt\/#\/schema\/logo\/image\/"},"sameAs":["https:\/\/es-la.facebook.com\/people\/ALADI\/100064606213084\/","https:\/\/x.com\/ALADI_SG","https:\/\/www.instagram.com\/aladi_sg\/?hl=es","https:\/\/www.linkedin.com\/company\/aladi\/","https:\/\/www.flickr.com\/photos\/aladi\/","https:\/\/www.youtube.com\/channel\/UCrkJWOWHKF6igQmWE8Clnpg"]}]}},"jetpack_sharing_enabled":true,"_links":{"self":[{"href":"https:\/\/www.aladi.org\/pt\/wp-json\/wp\/v2\/pages\/2064","targetHints":{"allow":["GET"]}}],"collection":[{"href":"https:\/\/www.aladi.org\/pt\/wp-json\/wp\/v2\/pages"}],"about":[{"href":"https:\/\/www.aladi.org\/pt\/wp-json\/wp\/v2\/types\/page"}],"author":[{"embeddable":true,"href":"https:\/\/www.aladi.org\/pt\/wp-json\/wp\/v2\/users\/1"}],"replies":[{"embeddable":true,"href":"https:\/\/www.aladi.org\/pt\/wp-json\/wp\/v2\/comments?post=2064"}],"version-history":[{"count":62,"href":"https:\/\/www.aladi.org\/pt\/wp-json\/wp\/v2\/pages\/2064\/revisions"}],"predecessor-version":[{"id":9759,"href":"https:\/\/www.aladi.org\/pt\/wp-json\/wp\/v2\/pages\/2064\/revisions\/9759"}],"wp:attachment":[{"href":"https:\/\/www.aladi.org\/pt\/wp-json\/wp\/v2\/media?parent=2064"}],"curies":[{"name":"wp","href":"https:\/\/api.w.org\/{rel}","templated":true}]}}