{"id":2060,"date":"2023-05-23T13:27:20","date_gmt":"2023-05-23T13:27:20","guid":{"rendered":"https:\/\/sitio.aladi.org\/?page_id=2060&#038;lang=es"},"modified":"2025-07-23T19:30:16","modified_gmt":"2025-07-23T19:30:16","slug":"promocion-comercial","status":"publish","type":"page","link":"https:\/\/www.aladi.org\/pt\/promocao-do-comercio\/","title":{"rendered":" Promo\u00e7\u00e3o do Com\u00e9rcio"},"content":{"rendered":"<h1>Promoci\u00f3n del Comercio<\/h1>\n<div>\n<p><span style=\"font-weight: 400;\">La ALADI tiene un rol activo complementando los esfuerzos que los pa\u00edses miembros realizan en pos de la expansi\u00f3n y la diversificaci\u00f3n del comercio intrarregional, alentando una mayor participaci\u00f3n de las MIPYMES y un mejor aprovechamiento de los beneficios que otorgan los acuerdos en vigor suscritos al amparo del Tratado de Montevideo 1980.<\/span><\/p>\n<p><span style=\"font-weight: 400;\">En el marco de esta tarea, la Asociaci\u00f3n presta un conjunto de servicios a las empresas y trabaja de forma coordinada con las instituciones p\u00fablicas nacionales, subnacionales y subregionales y entidades privadas que apoyan la inserci\u00f3n de las empresas en el mercado regional.<\/span><\/p>\n<p>Conozca nuestras actividades de promoci\u00f3n comercial en <a href=\"https:\/\/pymesgrandesnegocios.org\/\">Pymes Latinas Grandes Negocios<\/a>.<\/p>\n<\/div>\n<div>Algunos de nuestros servicios y sus principales objetivos<\/div>\n<ul>\n<li>\n<p><img decoding=\"async\" src=\"\/wp-content\/uploads\/2023\/08\/RuedaNegocios.jpg\" alt=\"Rueda de negocios\"><\/p>\n<h3>Ruedas de Negocios<\/h3>\n<div>\n<ul>\n<li>Facilitar contactos empresariales, promover redes empresariales y ampliaci\u00f3n de los negocios<\/li>\n<li>Difundir las caracter\u00edsticas de la oferta y demanda regional<\/li>\n<li>Promocionar los beneficios otorgados en los acuerdos vigentes<\/li>\n<\/ul>\n<\/div>\n<p><a href=\"\/centro-de-negocios\/ruedas-de-negocios\/ruedas-de-aladi\/\">Ver m\u00e1s<\/a><\/p>\n<\/li>\n<li>\n<p><img decoding=\"async\" src=\"\/wp-content\/uploads\/2023\/08\/MisionesComerciales.jpg\" alt=\"Misiones Comerciales\"><\/p>\n<h3>Semanas de Conexi\u00f3n Empresarial<\/h3>\n<div>\n<ul>\n<li>Capacitar, informar y explorar oportunidades comerciales durante las semanas tem\u00e1ticas<\/li>\n<li>Registrar y entrar en contacto con diferentes comunidades empresariales regionales<\/li>\n<\/ul>\n<\/div>\n<p><a href=\"https:\/\/pymesgrandesnegocios.org\/centro-de-negocios\/semanas-y-otros-eventos\/\">Ver m\u00e1s<\/a><\/p>\n<\/li>\n<li>\n<p><img decoding=\"async\" src=\"\/wp-content\/uploads\/2023\/08\/RuedaNegocios.jpg\" alt=\"Herramientas de Inteligencia Comercial\"><\/p>\n<h3>Conexi\u00f3n Empresarial<\/h3>\n<div>\n<ul>\n<li>Facilitar la exploraci\u00f3n o selecci\u00f3n de mercados de destino y origen de exportaciones e importaciones,<\/li>\n<li>Contribuir en la b\u00fasqueda de contrapartes comerciales.<\/li>\n<\/ul>\n<\/div>\n<p><a href=\"\/PLGNJavaEnvironment\/servlet\/com.plgn.homecdn\">Ver m\u00e1s<\/a><\/p>\n<\/li>\n<li>\n<p><img decoding=\"async\" src=\"\/wp-content\/uploads\/2023\/08\/ServicioApoyo_asesoria-1.jpg\" alt=\"Mesa de Asesor\u00eda y Stand Institucional\"><\/p>\n<h3>Eventos de Pa\u00edses Miembros<\/h3>\n<div>\n<ul>\n<li>Participar en las diferentes actividades comerciales desarrolladas por los pa\u00edses miembros de la ALADI<\/li>\n<\/ul>\n<\/div>\n<p><a href=\"https:\/\/pymesgrandesnegocios.org\/centro-de-negocios\/otros-eventos\/\">Ver m\u00e1s<\/a><\/p>\n<\/li>\n<\/ul>\n<p><!--more--><br \/>\n<!-- {\"type\":\"layout\",\"children\":[{\"name\":\"Pa\\u00edses miembros\",\"type\":\"section\",\"props\":{\"animation\":\"slide-left-small\",\"animation_delay\":false,\"image_position\":\"top-center\",\"padding_remove_bottom\":false,\"padding_remove_top\":false,\"style\":\"default\",\"title_breakpoint\":\"xl\",\"title_position\":\"top-left\",\"title_rotation\":\"left\",\"vertical_align\":\"\",\"width\":\"xlarge\"},\"children\":[{\"type\":\"row\",\"props\":{\"width\":\"xlarge\"},\"children\":[{\"type\":\"column\",\"props\":{\"image_position\":\"center-center\",\"position_sticky_breakpoint\":\"m\"},\"children\":[{\"type\":\"breadcrumbs\",\"props\":{\"margin\":\"large\",\"margin_remove_top\":true,\"show_current\":true,\"show_home\":true}}]}]},{\"type\":\"row\",\"props\":{\"layout\":\"3-5,2-5\",\"width\":\"xlarge\"},\"children\":[{\"type\":\"column\",\"props\":{\"image_position\":\"center-center\",\"position_sticky_breakpoint\":\"m\",\"vertical_align\":\"middle\",\"width_medium\":\"3-5\"},\"children\":[{\"type\":\"headline\",\"props\":{\"content\":\"Promoci\\u00f3n del Comercio\",\"content_pt_br\":\"Promo\\u00e7\\u00e3o de Com\\u00e9rcio\",\"margin_remove_top\":true,\"maxwidth\":\"2xlarge\",\"title_color\":\"secondary\",\"title_element\":\"h1\",\"title_style\":\"h1\"}},{\"type\":\"headline\",\"props\":{\"content\":\"\",\"margin_remove_top\":true,\"maxwidth\":\"2xlarge\",\"title_color\":\"secondary\",\"title_element\":\"h1\",\"title_style\":\"h1\"}},{\"type\":\"text\",\"props\":{\"column_breakpoint\":\"m\",\"content\":\"\n\n<p><span style=\\\"font-weight: 400;\\\">La ALADI tiene un rol activo complementando los esfuerzos que los pa\\u00edses miembros realizan en pos de la expansi\\u00f3n y la diversificaci\\u00f3n del comercio intrarregional, alentando una mayor participaci\\u00f3n de las MIPYMES y un mejor aprovechamiento de los beneficios que otorgan los acuerdos en vigor suscritos al amparo del Tratado de Montevideo 1980.<\\\/span><\\\/p>\\n\n\n<p><span style=\\\"font-weight: 400;\\\">En el marco de esta tarea, la Asociaci\\u00f3n presta un conjunto de servicios a las empresas y trabaja de forma coordinada con las instituciones p\\u00fablicas nacionales, subnacionales y subregionales y entidades privadas que apoyan la inserci\\u00f3n de las empresas en el mercado regional.<\\\/span><\\\/p>\\n\n\n<p>Conozca nuestras actividades de promoci\\u00f3n comercial en <a href=\\\"https:\\\/\\\/pymesgrandesnegocios.org\\\/\\\">Pymes Latinas Grandes Negocios<\\\/a>.<\\\/p>\",\"content_pt_br\":\"\n\n<p><span style=\\\"font-weight: 400;\\\">A ALADI cumpre um ativo papel de complementa\\u00e7\\u00e3o dos esfor\\u00e7os empenhados pelos pa\\u00edses-membros para ampliar e diversificar o com\\u00e9rcio intrarregional. Nesse sentido, incentiva uma maior participa\\u00e7\\u00e3o das MPMEs e um melhor aproveitamento dos benef\\u00edcios concedidos<\\\/span><span style=\\\"font-weight: 400;\\\"> pelos acordos em vigor assinados ao amparo do Tratado de Montevid\\u00e9u 1980.<\\\/span><\\\/p>\\n\n\n<p><span style=\\\"font-weight: 400;\\\">Nesse \\u00e2mbito, a Associa\\u00e7\\u00e3o presta uma s\\u00e9rie de servi\\u00e7os \\u00e0s empresas e trabalha de forma coordenada com as institui\\u00e7\\u00f5es p\\u00fablicas nacionais, sub-nacionais e sub-regionais e com entidades privadas que apoiam a inser\\u00e7\\u00e3o das empresas no mercado regional.<\\\/span><\\\/p>\\n\n\n<p>Conhe\\u00e7a nossas atividades de promo\\u00e7\\u00e3o comercial em PMEs Latinas \\u00d3timos Neg\\u00f3cios.<\\\/p>\",\"margin\":\"default\"}}]},{\"type\":\"column\",\"props\":{\"image\":\"wp-content\\\/uploads\\\/2025\\\/07\\\/Promocion-del-comercio.png\",\"image_position\":\"center-center\",\"image_size\":\"cover\",\"padding\":\"xlarge\",\"position_sticky_breakpoint\":\"m\",\"width_medium\":\"2-5\"}}]},{\"type\":\"row\",\"children\":[{\"type\":\"column\",\"props\":{\"image_position\":\"center-center\",\"position_sticky_breakpoint\":\"m\"},\"children\":[{\"type\":\"headline\",\"props\":{\"block_align\":\"center\",\"content\":\"Algunos de nuestros servicios y sus principales objetivos\",\"content_pt_br\":\"Alguns de nossos servi\\u00e7os e seus principais objetivos\",\"margin\":\"medium\",\"margin_remove_bottom\":true,\"maxwidth_breakpoint\":\"m\",\"title_color\":\"secondary\",\"title_decoration\":\"bullet\",\"title_element\":\"div\",\"title_style\":\"h4\"}},{\"type\":\"grid\",\"props\":{\"container_padding_remove\":false,\"content_column_breakpoint\":\"m\",\"content_margin\":\"small\",\"css\":\".el-image{\\n    object-fit: cover;\\t\\n    width: 100%;}\\n\\n.el-link{\\n    text-align: right;}\",\"filter_align\":\"left\",\"filter_all\":true,\"filter_grid_breakpoint\":\"m\",\"filter_grid_width\":\"auto\",\"filter_position\":\"top\",\"filter_style\":\"tab\",\"grid_column_align\":false,\"grid_default\":\"1\",\"grid_medium\":\"3\",\"icon_width\":80,\"image_align\":\"top\",\"image_grid_breakpoint\":\"m\",\"image_grid_width\":\"1-2\",\"image_svg_color\":\"emphasis\",\"item_animation\":true,\"link_fullwidth\":true,\"link_size\":\"large\",\"link_style\":\"text\",\"link_target\":true,\"link_text\":\"Read more\",\"margin\":\"default\",\"meta_align\":\"below-title\",\"meta_element\":\"div\",\"meta_style\":\"text-meta\",\"panel_padding\":\"small\",\"show_content\":true,\"show_image\":true,\"show_link\":true,\"show_meta\":true,\"show_title\":true,\"title_align\":\"top\",\"title_color\":\"secondary\",\"title_element\":\"h3\",\"title_grid_breakpoint\":\"m\",\"title_grid_width\":\"1-2\",\"title_hover_style\":\"reset\",\"title_style\":\"h4\"},\"children\":[{\"type\":\"grid_item\",\"props\":{\"content\":\"\n\n<ul>\\n\n\n<li>Facilitar contactos empresariales, promover redes empresariales y ampliaci\\u00f3n de los negocios<\\\/li>\\n\n\n<li>Difundir las caracter\\u00edsticas de la oferta y demanda regional<\\\/li>\\n\n\n<li>Promocionar los beneficios otorgados en los acuerdos vigentes<\\\/li>\\n<\\\/ul>\",\"content_pt_br\":\"\n\n<ul>\\n\n\n<li><span style=\\\"font-weight: 400;\\\">Facilitar contatos empresariais, promover redes empresariais e ampliar os neg\\u00f3cios<\\\/span><\\\/li>\\n\n\n<li>Divulgar as caracter\\u00edsticas da oferta e da demanda regional<\\\/li>\\n\n\n<li>Promover os benef\\u00edcios outorgados nos acordos em vigor<\\\/li>\\n<\\\/ul>\",\"image\":\"wp-content\\\/uploads\\\/2023\\\/08\\\/RuedaNegocios.jpg\",\"image_alt\":\"Rueda de negocios\",\"link\":\"centro-de-negocios\\\/ruedas-de-negocios\\\/ruedas-de-aladi\\\/\",\"link_pt_br\":\"https:\\\/\\\/pymesgrandesnegocios.org\\\/pt\\\/centro-de-negocios-pt\\\/rodadas-de-negocios\\\/rodadas-da-aladi\\\/\",\"link_text\":\"Ver m\\u00e1s\",\"link_text_pt_br\":\"Ver mais\",\"panel_style\":\"card-default\",\"title\":\"Ruedas de Negocios\",\"title_pt_br\":\"Rodadas de neg\\u00f3cios\"}},{\"type\":\"grid_item\",\"props\":{\"content\":\"\n\n<ul>\\n\n\n<li>Capacitar, informar y explorar oportunidades comerciales durante las semanas tem\\u00e1ticas<\\\/li>\\n\n\n<li>Registrar y entrar en contacto con diferentes comunidades empresariales regionales<\\\/li>\\n<\\\/ul>\",\"content_pt_br\":\"\n\n<ul>\\n\n\n<li>Capacitar, informar e explorar oportunidades comerciais durante as semanas tem\\u00e1ticas<\\\/li>\\n\n\n<li>Registrar e entrar em contato com diferentes comunidades empresariais regionais<\\\/li>\\n<\\\/ul>\",\"image\":\"wp-content\\\/uploads\\\/2023\\\/08\\\/MisionesComerciales.jpg\",\"image_alt\":\"Misiones Comerciales\",\"link\":\"https:\\\/\\\/pymesgrandesnegocios.org\\\/centro-de-negocios\\\/semanas-y-otros-eventos\\\/\",\"link_pt_br\":\"https:\\\/\\\/pymesgrandesnegocios.org\\\/pt\\\/centro-de-negocios-pt\\\/semanas-e-outros-eventos\\\/semanas-de-conexao-empresarial\\\/\",\"link_text\":\"Ver m\\u00e1s\",\"link_text_pt_br\":\"Ver mais\",\"panel_style\":\"card-default\",\"title\":\"Semanas de Conexi\\u00f3n Empresarial\",\"title_pt_br\":\"Semanas de conex\\u00e3o empresarial\"}},{\"type\":\"grid_item\",\"props\":{\"content\":\"\n\n<ul>\\n\n\n<li>Facilitar la exploraci\\u00f3n o selecci\\u00f3n de mercados de destino y origen de exportaciones e importaciones,<\\\/li>\\n\n\n<li>Contribuir en la b\\u00fasqueda de contrapartes comerciales.<\\\/li>\\n<\\\/ul>\",\"content_pt_br\":\"\n\n<ul>\\n\n\n<li>Facilitar a explora\\u00e7\\u00e3o ou a sele\\u00e7\\u00e3o de mercados de destino e de origem de exporta\\u00e7\\u00f5es e importa\\u00e7\\u00f5es<\\\/li>\\n\n\n<li><span style=\\\"font-weight: 400;\\\">Contribuir para a busca de parceiros comerciais<\\\/span><\\\/li>\\n<\\\/ul>\",\"image\":\"wp-content\\\/uploads\\\/2023\\\/08\\\/RuedaNegocios.jpg\",\"image_alt\":\"Herramientas de Inteligencia Comercial\",\"link\":\"PLGNJavaEnvironment\\\/servlet\\\/com.plgn.homecdn\",\"link_pt_br\":\"https:\\\/\\\/pymesgrandesnegocios.aladi.org:8443\\\/PLGNJavaEnvironment\\\/servlet\\\/com.plgn.homecdn\",\"link_text\":\"Ver m\\u00e1s\",\"link_text_pt_br\":\"Ver mais\",\"panel_style\":\"card-default\",\"title\":\"Conexi\\u00f3n Empresarial\",\"title_pt_br\":\"Conex\\u00e3o empresarial\"}},{\"type\":\"grid_item\",\"props\":{\"content\":\"\n\n<ul>\\n\n\n<li>Participar en las diferentes actividades comerciales desarrolladas por los pa\\u00edses miembros de la ALADI<\\\/li>\\n<\\\/ul>\",\"content_pt_br\":\"\n\n<p>Participar das atividades comerciais desenvolvidas pelos pa\\u00edses-membros da ALADI<\\\/p>\",\"image\":\"wp-content\\\/uploads\\\/2023\\\/08\\\/ServicioApoyo_asesoria-1.jpg\",\"image_alt\":\"Mesa de Asesor\\u00eda y Stand Institucional\",\"link\":\"https:\\\/\\\/pymesgrandesnegocios.org\\\/centro-de-negocios\\\/otros-eventos\\\/\",\"link_pt_br\":\"https:\\\/\\\/pymesgrandesnegocios.org\\\/pt\\\/centro-de-negocios-pt\\\/outros-eventos\\\/\",\"link_text\":\"Ver m\\u00e1s\",\"link_text_pt_br\":\"Ver mais\",\"panel_style\":\"card-default\",\"title\":\"Eventos de Pa\\u00edses Miembros\",\"title_pt_br\":\"Eventos de pa\\u00edses-membros\"}}]}]}],\"props\":{\"margin\":\"large\"}}]}],\"version\":\"4.4.12\"} --><\/p>\n","protected":false},"excerpt":{"rendered":"<p>Promoci\u00f3n del Comercio La ALADI tiene un rol activo complementando los esfuerzos que los pa\u00edses miembros realizan en pos de la expansi\u00f3n y la diversificaci\u00f3n del comercio intrarregional, alentando una mayor participaci\u00f3n de las MIPYMES y un mejor aprovechamiento de los beneficios que otorgan los acuerdos en vigor suscritos al amparo del Tratado de Montevideo [&hellip;]<\/p>\n","protected":false},"author":1,"featured_media":0,"parent":0,"menu_order":0,"comment_status":"closed","ping_status":"closed","template":"","meta":{"_acf_changed":false,"footnotes":""},"class_list":["post-2060","page","type-page","status-publish","hentry"],"acf":[],"yoast_head":"<!-- This site is optimized with the Yoast SEO plugin v26.5 - https:\/\/yoast.com\/wordpress\/plugins\/seo\/ -->\n<title>Promo\u00e7\u00e3o do Com\u00e9rcio<\/title>\n<meta name=\"robots\" content=\"index, follow, max-snippet:-1, max-image-preview:large, max-video-preview:-1\" \/>\n<meta property=\"og:locale\" content=\"pt_BR\" \/>\n<meta property=\"og:type\" content=\"article\" \/>\n<meta property=\"og:title\" content=\"Promo\u00e7\u00e3o do Com\u00e9rcio\" \/>\n<meta property=\"og:url\" content=\"https:\/\/www.aladi.org\/pt\/promocao-do-comercio\/\" \/>\n<meta property=\"og:site_name\" content=\"ALADI\" \/>\n<meta property=\"article:publisher\" content=\"https:\/\/es-la.facebook.com\/people\/ALADI\/100064606213084\/\" \/>\n<meta property=\"article:modified_time\" content=\"2025-07-23T19:30:16+00:00\" \/>\n<meta name=\"twitter:card\" content=\"summary_large_image\" \/>\n<meta name=\"twitter:site\" content=\"@ALADI_SG\" \/>\n<meta name=\"twitter:label1\" content=\"Est. reading time\" \/>\n\t<meta name=\"twitter:data1\" content=\"1 minute\" \/>\n<script type=\"application\/ld+json\" class=\"yoast-schema-graph\">{\"@context\":\"https:\/\/schema.org\",\"@graph\":[{\"@type\":\"WebPage\",\"@id\":\"https:\/\/www.aladi.org\/pt\/promocao-do-comercio\/\",\"url\":\"https:\/\/www.aladi.org\/pt\/promocao-do-comercio\/\",\"name\":\"Promoci\u00f3n del Comercio - ALADI\",\"isPartOf\":{\"@id\":\"https:\/\/www.aladi.org\/#website\"},\"datePublished\":\"2023-05-23T13:27:20+00:00\",\"dateModified\":\"2025-07-23T19:30:16+00:00\",\"breadcrumb\":{\"@id\":\"https:\/\/www.aladi.org\/pt\/promocao-do-comercio\/#breadcrumb\"},\"inLanguage\":\"pt-BR\",\"potentialAction\":[{\"@type\":\"ReadAction\",\"target\":[\"https:\/\/www.aladi.org\/pt\/promocao-do-comercio\/\"]}]},{\"@type\":\"BreadcrumbList\",\"@id\":\"https:\/\/www.aladi.org\/pt\/promocao-do-comercio\/#breadcrumb\",\"itemListElement\":[{\"@type\":\"ListItem\",\"position\":1,\"name\":\"Home\",\"item\":\"https:\/\/www.aladi.org\/\"},{\"@type\":\"ListItem\",\"position\":2,\"name\":\"Promo\u00e7\u00e3o do Com\u00e9rcio\"}]},{\"@type\":\"WebSite\",\"@id\":\"https:\/\/www.aladi.org\/pt\/#website\",\"url\":\"https:\/\/www.aladi.org\/pt\/\",\"name\":\"ALADI\",\"description\":\"Asociaci\u00f3n Latinoamericana de Integraci\u00f3n\",\"publisher\":{\"@id\":\"https:\/\/www.aladi.org\/pt\/#organization\"},\"potentialAction\":[{\"@type\":\"SearchAction\",\"target\":{\"@type\":\"EntryPoint\",\"urlTemplate\":\"https:\/\/www.aladi.org\/pt\/?s={search_term_string}\"},\"query-input\":{\"@type\":\"PropertyValueSpecification\",\"valueRequired\":true,\"valueName\":\"search_term_string\"}}],\"inLanguage\":\"pt-BR\"},{\"@type\":\"Organization\",\"@id\":\"https:\/\/www.aladi.org\/pt\/#organization\",\"name\":\"ALADI\",\"url\":\"https:\/\/www.aladi.org\/pt\/\",\"logo\":{\"@type\":\"ImageObject\",\"inLanguage\":\"pt-BR\",\"@id\":\"https:\/\/www.aladi.org\/pt\/#\/schema\/logo\/image\/\",\"url\":\"https:\/\/www.aladi.org\/wp-content\/uploads\/2025\/12\/Logo-ALADI.png\",\"contentUrl\":\"https:\/\/www.aladi.org\/wp-content\/uploads\/2025\/12\/Logo-ALADI.png\",\"width\":375,\"height\":235,\"caption\":\"ALADI\"},\"image\":{\"@id\":\"https:\/\/www.aladi.org\/pt\/#\/schema\/logo\/image\/\"},\"sameAs\":[\"https:\/\/es-la.facebook.com\/people\/ALADI\/100064606213084\/\",\"https:\/\/x.com\/ALADI_SG\",\"https:\/\/www.instagram.com\/aladi_sg\/?hl=es\",\"https:\/\/www.linkedin.com\/company\/aladi\/\",\"https:\/\/www.flickr.com\/photos\/aladi\/\",\"https:\/\/www.youtube.com\/channel\/UCrkJWOWHKF6igQmWE8Clnpg\"]}]}<\/script>\n<!-- \/ Yoast SEO plugin. -->","yoast_head_json":{"title":"Promo\u00e7\u00e3o do Com\u00e9rcio","robots":{"index":"index","follow":"follow","max-snippet":"max-snippet:-1","max-image-preview":"max-image-preview:large","max-video-preview":"max-video-preview:-1"},"og_locale":"pt_BR","og_type":"article","og_title":"Promo\u00e7\u00e3o do Com\u00e9rcio","og_url":"https:\/\/www.aladi.org\/pt\/promocao-do-comercio\/","og_site_name":"ALADI","article_publisher":"https:\/\/es-la.facebook.com\/people\/ALADI\/100064606213084\/","article_modified_time":"2025-07-23T19:30:16+00:00","twitter_card":"summary_large_image","twitter_site":"@ALADI_SG","twitter_misc":{"Est. reading time":"1 minute"},"schema":{"@context":"https:\/\/schema.org","@graph":[{"@type":"WebPage","@id":"https:\/\/www.aladi.org\/pt\/promocao-do-comercio\/","url":"https:\/\/www.aladi.org\/pt\/promocao-do-comercio\/","name":"Promoci\u00f3n del Comercio - ALADI","isPartOf":{"@id":"https:\/\/www.aladi.org\/#website"},"datePublished":"2023-05-23T13:27:20+00:00","dateModified":"2025-07-23T19:30:16+00:00","breadcrumb":{"@id":"https:\/\/www.aladi.org\/pt\/promocao-do-comercio\/#breadcrumb"},"inLanguage":"pt-BR","potentialAction":[{"@type":"ReadAction","target":["https:\/\/www.aladi.org\/pt\/promocao-do-comercio\/"]}]},{"@type":"BreadcrumbList","@id":"https:\/\/www.aladi.org\/pt\/promocao-do-comercio\/#breadcrumb","itemListElement":[{"@type":"ListItem","position":1,"name":"Home","item":"https:\/\/www.aladi.org\/"},{"@type":"ListItem","position":2,"name":"Promo\u00e7\u00e3o do Com\u00e9rcio"}]},{"@type":"WebSite","@id":"https:\/\/www.aladi.org\/pt\/#website","url":"https:\/\/www.aladi.org\/pt\/","name":"ALADI","description":"Asociaci\u00f3n Latinoamericana de Integraci\u00f3n","publisher":{"@id":"https:\/\/www.aladi.org\/pt\/#organization"},"potentialAction":[{"@type":"SearchAction","target":{"@type":"EntryPoint","urlTemplate":"https:\/\/www.aladi.org\/pt\/?s={search_term_string}"},"query-input":{"@type":"PropertyValueSpecification","valueRequired":true,"valueName":"search_term_string"}}],"inLanguage":"pt-BR"},{"@type":"Organization","@id":"https:\/\/www.aladi.org\/pt\/#organization","name":"ALADI","url":"https:\/\/www.aladi.org\/pt\/","logo":{"@type":"ImageObject","inLanguage":"pt-BR","@id":"https:\/\/www.aladi.org\/pt\/#\/schema\/logo\/image\/","url":"https:\/\/www.aladi.org\/wp-content\/uploads\/2025\/12\/Logo-ALADI.png","contentUrl":"https:\/\/www.aladi.org\/wp-content\/uploads\/2025\/12\/Logo-ALADI.png","width":375,"height":235,"caption":"ALADI"},"image":{"@id":"https:\/\/www.aladi.org\/pt\/#\/schema\/logo\/image\/"},"sameAs":["https:\/\/es-la.facebook.com\/people\/ALADI\/100064606213084\/","https:\/\/x.com\/ALADI_SG","https:\/\/www.instagram.com\/aladi_sg\/?hl=es","https:\/\/www.linkedin.com\/company\/aladi\/","https:\/\/www.flickr.com\/photos\/aladi\/","https:\/\/www.youtube.com\/channel\/UCrkJWOWHKF6igQmWE8Clnpg"]}]}},"jetpack_sharing_enabled":true,"_links":{"self":[{"href":"https:\/\/www.aladi.org\/pt\/wp-json\/wp\/v2\/pages\/2060","targetHints":{"allow":["GET"]}}],"collection":[{"href":"https:\/\/www.aladi.org\/pt\/wp-json\/wp\/v2\/pages"}],"about":[{"href":"https:\/\/www.aladi.org\/pt\/wp-json\/wp\/v2\/types\/page"}],"author":[{"embeddable":true,"href":"https:\/\/www.aladi.org\/pt\/wp-json\/wp\/v2\/users\/1"}],"replies":[{"embeddable":true,"href":"https:\/\/www.aladi.org\/pt\/wp-json\/wp\/v2\/comments?post=2060"}],"version-history":[{"count":50,"href":"https:\/\/www.aladi.org\/pt\/wp-json\/wp\/v2\/pages\/2060\/revisions"}],"predecessor-version":[{"id":6757,"href":"https:\/\/www.aladi.org\/pt\/wp-json\/wp\/v2\/pages\/2060\/revisions\/6757"}],"wp:attachment":[{"href":"https:\/\/www.aladi.org\/pt\/wp-json\/wp\/v2\/media?parent=2060"}],"curies":[{"name":"wp","href":"https:\/\/api.w.org\/{rel}","templated":true}]}}