{"id":2058,"date":"2023-05-23T13:27:03","date_gmt":"2023-05-23T13:27:03","guid":{"rendered":"https:\/\/sitio.aladi.org\/?page_id=2058&#038;lang=es"},"modified":"2025-07-22T19:26:02","modified_gmt":"2025-07-22T19:26:02","slug":"infraestructura-y-logistica","status":"publish","type":"page","link":"https:\/\/www.aladi.org\/pt\/infraestructura-e-logistica\/","title":{"rendered":"Infraestructura e log\u00edstica"},"content":{"rendered":"<h1>Infraestructura y Log\u00edstica<\/h1>\n<div>\n<p><span>El transporte y la log\u00edstica son fundamentales para favorecer el crecimiento econ\u00f3mico, crear empleo y conectar a las personas con los servicios esenciales. Adem\u00e1s, se convierten en elementos fundamentales a lo largo de la cadena de suministro y son factores insustituibles que afectan costos y tiempos.<\/span><\/p>\n<p><span>En los \u00faltimos 40 a\u00f1os, el comercio mundial ha crecido en 1700% y casi todos los env\u00edos internacionales necesitaron emplear m\u00e1s de un tipo de transporte desde su punto de origen hasta su destino final.<\/span><\/p>\n<p><span>Impulsar la transformaci\u00f3n de los sectores de transporte y log\u00edstico a nivel regional, con el fin de incrementar la competitividad de los pa\u00edses de la regi\u00f3n en todo lo que tiene que ver con la movilizaci\u00f3n de mercanc\u00edas y servicios, es para los pa\u00edses de la ALADI, inaplazable<\/span><\/p>\n<p><span>Al respecto, la agenda de la Asociaci\u00f3n busca promover la transformaci\u00f3n hacia la digitalizaci\u00f3n del transporte, de los puertos y del desarrollo de la log\u00edstica, as\u00ed como coordinar esfuerzos para llevar a cabo iniciativas que promuevan la convergencia y cooperaci\u00f3n, entendiendo que la transformaci\u00f3n digital no es sin\u00f3nimo \u00fanicamente de adquirir herramientas tecnol\u00f3gicas, sino que implica una modernizaci\u00f3n de procesos e integraci\u00f3n de tecnolog\u00edas apropiadas para generar valor en la organizaci\u00f3n y optimizar los procesos.<\/span><\/p>\n<\/div>\n<p>\n    <a href=\"https:\/\/www.aladi.org\/?page_id=2455\">Log\u00edstica<\/a>\n<\/p>\n<p>\n    <a href=\"https:\/\/www.aladi.org\/?page_id=2453\">Transporte<\/a>\n<\/p>\n<p><!--more--><br \/>\n<!-- {\"type\":\"layout\",\"children\":[{\"name\":\"Pa\\u00edses miembros\",\"type\":\"section\",\"props\":{\"animation\":\"slide-left-small\",\"animation_delay\":false,\"image_position\":\"top-center\",\"padding_remove_bottom\":false,\"padding_remove_top\":false,\"style\":\"default\",\"title_breakpoint\":\"xl\",\"title_position\":\"top-left\",\"title_rotation\":\"left\",\"vertical_align\":\"\",\"width\":\"xlarge\"},\"children\":[{\"type\":\"row\",\"props\":{\"width\":\"xlarge\"},\"children\":[{\"type\":\"column\",\"props\":{\"image_position\":\"center-center\",\"position_sticky_breakpoint\":\"m\"},\"children\":[{\"type\":\"breadcrumbs\",\"props\":{\"margin\":\"large\",\"margin_remove_top\":true,\"show_current\":true,\"show_home\":true}}]}]},{\"type\":\"row\",\"props\":{\"layout\":\"3-5,2-5\",\"width\":\"xlarge\"},\"children\":[{\"type\":\"column\",\"props\":{\"image_position\":\"center-center\",\"position_sticky_breakpoint\":\"m\",\"vertical_align\":\"middle\",\"width_medium\":\"3-5\"},\"children\":[{\"type\":\"headline\",\"props\":{\"content\":\"Infraestructura y Log\\u00edstica\",\"content_pt_br\":\"Infraestrutura e log\\u00edstica\",\"margin_remove_top\":true,\"maxwidth\":\"2xlarge\",\"title_color\":\"secondary\",\"title_element\":\"h1\",\"title_style\":\"h1\"}},{\"type\":\"text\",\"props\":{\"column_breakpoint\":\"m\",\"content\":\"\n\n<p><span>El transporte y la log\\u00edstica son fundamentales para favorecer el crecimiento econ\\u00f3mico, crear empleo y conectar a las personas con los servicios esenciales. Adem\\u00e1s, se convierten en elementos fundamentales a lo largo de la cadena de suministro y son factores insustituibles que afectan costos y tiempos.<\\\/span><\\\/p>\\n\n\n<p><span>En los \\u00faltimos 40 a\\u00f1os, el comercio mundial ha crecido en 1700% y casi todos los env\\u00edos internacionales necesitaron emplear m\\u00e1s de un tipo de transporte desde su punto de origen hasta su destino final.<\\\/span><\\\/p>\\n\n\n<p><span>Impulsar la transformaci\\u00f3n de los sectores de transporte y log\\u00edstico a nivel regional, con el fin de incrementar la competitividad de los pa\\u00edses de la regi\\u00f3n en todo lo que tiene que ver con la movilizaci\\u00f3n de mercanc\\u00edas y servicios, es para los pa\\u00edses de la ALADI, inaplazable<\\\/span><\\\/p>\\n\n\n<p><span>Al respecto, la agenda de la Asociaci\\u00f3n busca promover la transformaci\\u00f3n hacia la digitalizaci\\u00f3n del transporte, de los puertos y del desarrollo de la log\\u00edstica, as\\u00ed como coordinar esfuerzos para llevar a cabo iniciativas que promuevan la convergencia y cooperaci\\u00f3n, entendiendo que la transformaci\\u00f3n digital no es sin\\u00f3nimo \\u00fanicamente de adquirir herramientas tecnol\\u00f3gicas, sino que implica una modernizaci\\u00f3n de procesos e integraci\\u00f3n de tecnolog\\u00edas apropiadas para generar valor en la organizaci\\u00f3n y optimizar los procesos.<\\\/span><\\\/p>\",\"content_pt_br\":\"\n\n<p>O transporte e a log\\u00edstica s\\u00e3o fundamentais para favorecer o crescimento econ\\u00f4mico, gerar emprego e conectar as pessoas a servi\\u00e7os essenciais. Ao longo da cadeia de suprimentos, s\\u00e3o imprescind\\u00edveis e constituem fatores insubstitu\\u00edveis que afetam custos e prazos.<\\\/p>\\n\n\n<p>Nos \\u00faltimos quarenta anos, o com\\u00e9rcio mundial cresceu em 1700%. Quase todas as remessas internacionais precisaram empregar mais de um modal de transporte desde seu ponto de origem at\\u00e9 seu destino final.<\\\/p>\\n\n\n<p>Para os pa\\u00edses da ALADI, alavancar a transforma\\u00e7\\u00e3o dos setores de transporte e log\\u00edstica na regi\\u00e3o \\u00e9 prioridade inadi\\u00e1vel, no intuito de aumentar a competitividade dos pa\\u00edses no que diz respeito \\u00e0 mobiliza\\u00e7\\u00e3o de mercadorias e servi\\u00e7os.<\\\/p>\\n\n\n<p>Nesse sentido, a agenda da Associa\\u00e7\\u00e3o busca promover a transforma\\u00e7\\u00e3o rumo \\u00e0 digitaliza\\u00e7\\u00e3o do transporte, dos portos e do desenvolvimento da log\\u00edstica. A pauta da ALADI procura ainda coordenar esfor\\u00e7os para levar adiante iniciativas que promovam a converg\\u00eancia e a coopera\\u00e7\\u00e3o, entendendo a transforma\\u00e7\\u00e3o digital n\\u00e3o apenas como uma aquisi\\u00e7\\u00e3o de ferramentas tecnol\\u00f3gicas, mas tamb\\u00e9m como a moderniza\\u00e7\\u00e3o de processos e a integra\\u00e7\\u00e3o de tecnologias apropriadas para gerar valor na organiza\\u00e7\\u00e3o e para otimizar os processos.<\\\/p>\",\"margin\":\"default\"}}]},{\"type\":\"column\",\"props\":{\"image\":\"wp-content\\\/uploads\\\/2025\\\/07\\\/Infraestructura-y-Logistica.png\",\"image_position\":\"center-center\",\"image_size\":\"cover\",\"order_first\":\"xs\",\"padding\":\"xlarge\",\"position_sticky_breakpoint\":\"m\",\"width_medium\":\"2-5\"}}]}]},{\"type\":\"section\",\"props\":{\"image_position\":\"center-center\",\"padding_remove_top\":true,\"style\":\"default\",\"title_breakpoint\":\"xl\",\"title_position\":\"top-left\",\"title_rotation\":\"left\",\"vertical_align\":\"middle\",\"width\":\"default\"},\"children\":[{\"type\":\"row\",\"props\":{\"layout\":\"1-2,1-2\"},\"children\":[{\"type\":\"column\",\"props\":{\"image_position\":\"center-center\",\"position_sticky_breakpoint\":\"m\",\"width_medium\":\"1-2\"},\"children\":[{\"type\":\"button\",\"props\":{\"grid_column_gap\":\"small\",\"grid_row_gap\":\"small\",\"margin\":\"default\",\"text_align\":\"center\"},\"children\":[{\"type\":\"button_item\",\"props\":{\"button_style\":\"default\",\"content\":\"Log\\u00edstica\",\"content_pt_br\":\"Log\\u00edstica\",\"icon_align\":\"left\",\"link\":\"https:\\\/\\\/sitio.aladi.org\\\/?page_id=2455\"}}]}]},{\"type\":\"column\",\"props\":{\"image_position\":\"center-center\",\"position_sticky_breakpoint\":\"m\",\"width_medium\":\"1-2\"},\"children\":[{\"type\":\"button\",\"props\":{\"grid_column_gap\":\"small\",\"grid_row_gap\":\"small\",\"margin\":\"default\",\"text_align\":\"center\"},\"children\":[{\"type\":\"button_item\",\"props\":{\"button_style\":\"default\",\"content\":\"Transporte\",\"content_pt_br\":\"Transporte\",\"icon_align\":\"left\",\"link\":\"https:\\\/\\\/sitio.aladi.org\\\/?page_id=2453\"}}]}]}]}]}],\"version\":\"4.4.12\"} --><\/p>\n","protected":false},"excerpt":{"rendered":"<p>Infraestructura y Log\u00edstica El transporte y la log\u00edstica son fundamentales para favorecer el crecimiento econ\u00f3mico, crear empleo y conectar a las personas con los servicios esenciales. Adem\u00e1s, se convierten en elementos fundamentales a lo largo de la cadena de suministro y son factores insustituibles que afectan costos y tiempos. En los \u00faltimos 40 a\u00f1os, el [&hellip;]<\/p>\n","protected":false},"author":1,"featured_media":0,"parent":0,"menu_order":0,"comment_status":"closed","ping_status":"closed","template":"","meta":{"_acf_changed":false,"footnotes":""},"class_list":["post-2058","page","type-page","status-publish","hentry"],"acf":[],"yoast_head":"<!-- This site is optimized with the Yoast SEO plugin v26.5 - https:\/\/yoast.com\/wordpress\/plugins\/seo\/ -->\n<title>Infraestructura e log\u00edstica<\/title>\n<meta name=\"robots\" content=\"index, follow, max-snippet:-1, max-image-preview:large, max-video-preview:-1\" \/>\n<meta property=\"og:locale\" content=\"pt_BR\" \/>\n<meta property=\"og:type\" content=\"article\" \/>\n<meta property=\"og:title\" content=\"Infraestructura e log\u00edstica\" \/>\n<meta property=\"og:url\" content=\"https:\/\/www.aladi.org\/pt\/infraestructura-e-logistica\/\" \/>\n<meta property=\"og:site_name\" content=\"ALADI\" \/>\n<meta property=\"article:publisher\" content=\"https:\/\/es-la.facebook.com\/people\/ALADI\/100064606213084\/\" \/>\n<meta property=\"article:modified_time\" content=\"2025-07-22T19:26:02+00:00\" \/>\n<meta name=\"twitter:card\" content=\"summary_large_image\" \/>\n<meta name=\"twitter:site\" content=\"@ALADI_SG\" \/>\n<meta name=\"twitter:label1\" content=\"Est. reading time\" \/>\n\t<meta name=\"twitter:data1\" content=\"1 minute\" \/>\n<script type=\"application\/ld+json\" class=\"yoast-schema-graph\">{\"@context\":\"https:\/\/schema.org\",\"@graph\":[{\"@type\":\"WebPage\",\"@id\":\"https:\/\/www.aladi.org\/pt\/infraestructura-e-logistica\/\",\"url\":\"https:\/\/www.aladi.org\/pt\/infraestructura-e-logistica\/\",\"name\":\"Infraestructura y log\u00edstica - ALADI\",\"isPartOf\":{\"@id\":\"https:\/\/www.aladi.org\/#website\"},\"datePublished\":\"2023-05-23T13:27:03+00:00\",\"dateModified\":\"2025-07-22T19:26:02+00:00\",\"breadcrumb\":{\"@id\":\"https:\/\/www.aladi.org\/pt\/infraestructura-e-logistica\/#breadcrumb\"},\"inLanguage\":\"pt-BR\",\"potentialAction\":[{\"@type\":\"ReadAction\",\"target\":[\"https:\/\/www.aladi.org\/pt\/infraestructura-e-logistica\/\"]}]},{\"@type\":\"BreadcrumbList\",\"@id\":\"https:\/\/www.aladi.org\/pt\/infraestructura-e-logistica\/#breadcrumb\",\"itemListElement\":[{\"@type\":\"ListItem\",\"position\":1,\"name\":\"Home\",\"item\":\"https:\/\/www.aladi.org\/\"},{\"@type\":\"ListItem\",\"position\":2,\"name\":\"Infraestructura e log\u00edstica\"}]},{\"@type\":\"WebSite\",\"@id\":\"https:\/\/www.aladi.org\/pt\/#website\",\"url\":\"https:\/\/www.aladi.org\/pt\/\",\"name\":\"ALADI\",\"description\":\"Asociaci\u00f3n Latinoamericana de Integraci\u00f3n\",\"publisher\":{\"@id\":\"https:\/\/www.aladi.org\/pt\/#organization\"},\"potentialAction\":[{\"@type\":\"SearchAction\",\"target\":{\"@type\":\"EntryPoint\",\"urlTemplate\":\"https:\/\/www.aladi.org\/pt\/?s={search_term_string}\"},\"query-input\":{\"@type\":\"PropertyValueSpecification\",\"valueRequired\":true,\"valueName\":\"search_term_string\"}}],\"inLanguage\":\"pt-BR\"},{\"@type\":\"Organization\",\"@id\":\"https:\/\/www.aladi.org\/pt\/#organization\",\"name\":\"ALADI\",\"url\":\"https:\/\/www.aladi.org\/pt\/\",\"logo\":{\"@type\":\"ImageObject\",\"inLanguage\":\"pt-BR\",\"@id\":\"https:\/\/www.aladi.org\/pt\/#\/schema\/logo\/image\/\",\"url\":\"https:\/\/www.aladi.org\/wp-content\/uploads\/2025\/12\/Logo-ALADI.png\",\"contentUrl\":\"https:\/\/www.aladi.org\/wp-content\/uploads\/2025\/12\/Logo-ALADI.png\",\"width\":375,\"height\":235,\"caption\":\"ALADI\"},\"image\":{\"@id\":\"https:\/\/www.aladi.org\/pt\/#\/schema\/logo\/image\/\"},\"sameAs\":[\"https:\/\/es-la.facebook.com\/people\/ALADI\/100064606213084\/\",\"https:\/\/x.com\/ALADI_SG\",\"https:\/\/www.instagram.com\/aladi_sg\/?hl=es\",\"https:\/\/www.linkedin.com\/company\/aladi\/\",\"https:\/\/www.flickr.com\/photos\/aladi\/\",\"https:\/\/www.youtube.com\/channel\/UCrkJWOWHKF6igQmWE8Clnpg\"]}]}<\/script>\n<!-- \/ Yoast SEO plugin. -->","yoast_head_json":{"title":"Infraestructura e log\u00edstica","robots":{"index":"index","follow":"follow","max-snippet":"max-snippet:-1","max-image-preview":"max-image-preview:large","max-video-preview":"max-video-preview:-1"},"og_locale":"pt_BR","og_type":"article","og_title":"Infraestructura e log\u00edstica","og_url":"https:\/\/www.aladi.org\/pt\/infraestructura-e-logistica\/","og_site_name":"ALADI","article_publisher":"https:\/\/es-la.facebook.com\/people\/ALADI\/100064606213084\/","article_modified_time":"2025-07-22T19:26:02+00:00","twitter_card":"summary_large_image","twitter_site":"@ALADI_SG","twitter_misc":{"Est. reading time":"1 minute"},"schema":{"@context":"https:\/\/schema.org","@graph":[{"@type":"WebPage","@id":"https:\/\/www.aladi.org\/pt\/infraestructura-e-logistica\/","url":"https:\/\/www.aladi.org\/pt\/infraestructura-e-logistica\/","name":"Infraestructura y log\u00edstica - ALADI","isPartOf":{"@id":"https:\/\/www.aladi.org\/#website"},"datePublished":"2023-05-23T13:27:03+00:00","dateModified":"2025-07-22T19:26:02+00:00","breadcrumb":{"@id":"https:\/\/www.aladi.org\/pt\/infraestructura-e-logistica\/#breadcrumb"},"inLanguage":"pt-BR","potentialAction":[{"@type":"ReadAction","target":["https:\/\/www.aladi.org\/pt\/infraestructura-e-logistica\/"]}]},{"@type":"BreadcrumbList","@id":"https:\/\/www.aladi.org\/pt\/infraestructura-e-logistica\/#breadcrumb","itemListElement":[{"@type":"ListItem","position":1,"name":"Home","item":"https:\/\/www.aladi.org\/"},{"@type":"ListItem","position":2,"name":"Infraestructura e log\u00edstica"}]},{"@type":"WebSite","@id":"https:\/\/www.aladi.org\/pt\/#website","url":"https:\/\/www.aladi.org\/pt\/","name":"ALADI","description":"Asociaci\u00f3n Latinoamericana de Integraci\u00f3n","publisher":{"@id":"https:\/\/www.aladi.org\/pt\/#organization"},"potentialAction":[{"@type":"SearchAction","target":{"@type":"EntryPoint","urlTemplate":"https:\/\/www.aladi.org\/pt\/?s={search_term_string}"},"query-input":{"@type":"PropertyValueSpecification","valueRequired":true,"valueName":"search_term_string"}}],"inLanguage":"pt-BR"},{"@type":"Organization","@id":"https:\/\/www.aladi.org\/pt\/#organization","name":"ALADI","url":"https:\/\/www.aladi.org\/pt\/","logo":{"@type":"ImageObject","inLanguage":"pt-BR","@id":"https:\/\/www.aladi.org\/pt\/#\/schema\/logo\/image\/","url":"https:\/\/www.aladi.org\/wp-content\/uploads\/2025\/12\/Logo-ALADI.png","contentUrl":"https:\/\/www.aladi.org\/wp-content\/uploads\/2025\/12\/Logo-ALADI.png","width":375,"height":235,"caption":"ALADI"},"image":{"@id":"https:\/\/www.aladi.org\/pt\/#\/schema\/logo\/image\/"},"sameAs":["https:\/\/es-la.facebook.com\/people\/ALADI\/100064606213084\/","https:\/\/x.com\/ALADI_SG","https:\/\/www.instagram.com\/aladi_sg\/?hl=es","https:\/\/www.linkedin.com\/company\/aladi\/","https:\/\/www.flickr.com\/photos\/aladi\/","https:\/\/www.youtube.com\/channel\/UCrkJWOWHKF6igQmWE8Clnpg"]}]}},"jetpack_sharing_enabled":true,"_links":{"self":[{"href":"https:\/\/www.aladi.org\/pt\/wp-json\/wp\/v2\/pages\/2058","targetHints":{"allow":["GET"]}}],"collection":[{"href":"https:\/\/www.aladi.org\/pt\/wp-json\/wp\/v2\/pages"}],"about":[{"href":"https:\/\/www.aladi.org\/pt\/wp-json\/wp\/v2\/types\/page"}],"author":[{"embeddable":true,"href":"https:\/\/www.aladi.org\/pt\/wp-json\/wp\/v2\/users\/1"}],"replies":[{"embeddable":true,"href":"https:\/\/www.aladi.org\/pt\/wp-json\/wp\/v2\/comments?post=2058"}],"version-history":[{"count":13,"href":"https:\/\/www.aladi.org\/pt\/wp-json\/wp\/v2\/pages\/2058\/revisions"}],"predecessor-version":[{"id":6751,"href":"https:\/\/www.aladi.org\/pt\/wp-json\/wp\/v2\/pages\/2058\/revisions\/6751"}],"wp:attachment":[{"href":"https:\/\/www.aladi.org\/pt\/wp-json\/wp\/v2\/media?parent=2058"}],"curies":[{"name":"wp","href":"https:\/\/api.w.org\/{rel}","templated":true}]}}