{"id":2052,"date":"2023-05-23T13:26:11","date_gmt":"2023-05-23T13:26:11","guid":{"rendered":"https:\/\/sitio.aladi.org\/?page_id=2052&#038;lang=es"},"modified":"2025-07-22T15:43:39","modified_gmt":"2025-07-22T15:43:39","slug":"agenda-digital","status":"publish","type":"page","link":"https:\/\/www.aladi.org\/pt\/agenda-digital\/","title":{"rendered":"Agenda Digital"},"content":{"rendered":"<h1>Agenda Digital<\/h1>\n<div>\n<p><span>Las Tecnolog\u00edas de la Informaci\u00f3n y Comunicaci\u00f3n (TIC) han demostrado ser un poderoso instrumento para el desarrollo econ\u00f3mico y social de los pa\u00edses, por lo que se reconoce la importancia de contar con una pol\u00edtica digital regional que permita generar sinergias, compartir conocimientos y fomentar la cooperaci\u00f3n entre ellos.<\/span><span>\u00a0<\/span><\/p>\n<p><span>La agenda digital de la ALADI est\u00e1 compuesta por un conjunto de iniciativas y de actividades, tendientes a promover e impulsar la transformaci\u00f3n y la convergencia digital entre los pa\u00edses, a fin de fortalecer la integraci\u00f3n regional, con miras a contribuir con el desarrollo econ\u00f3mico y social de los mismos.<\/span><\/p>\n<\/div>\n<p>\n    <a href=\"\/index.php?page_id=2451\">Certificado de Origen Digital<\/a>\n<\/p>\n<p>\n    <a href=\"\/?page_id=2325\">Firma Digital<\/a>\n<\/p>\n<p>\n    <a href=\"https:\/\/www.aladi.org\/?page_id=2327\">Comercio Electr\u00f3nico<\/a>\n<\/p>\n<p>\n    <a href=\"https:\/\/www.aladi.org\/?page_id=2329\">Econom\u00eda Digital<\/a>\n<\/p>\n<p><!--more--><br \/>\n<!-- {\"type\":\"layout\",\"children\":[{\"name\":\"Pa\\u00edses miembros\",\"type\":\"section\",\"props\":{\"animation\":\"slide-left-small\",\"animation_delay\":false,\"image_position\":\"top-center\",\"padding_remove_bottom\":false,\"padding_remove_top\":false,\"style\":\"default\",\"title_breakpoint\":\"xl\",\"title_position\":\"top-left\",\"title_rotation\":\"left\",\"vertical_align\":\"\",\"width\":\"xlarge\"},\"children\":[{\"type\":\"row\",\"props\":{\"width\":\"xlarge\"},\"children\":[{\"type\":\"column\",\"props\":{\"image_position\":\"center-center\",\"position_sticky_breakpoint\":\"m\"},\"children\":[{\"type\":\"breadcrumbs\",\"props\":{\"margin\":\"large\",\"margin_remove_top\":true,\"show_current\":true,\"show_home\":true}}]}]},{\"type\":\"row\",\"props\":{\"layout\":\"3-5,2-5\",\"width\":\"xlarge\"},\"children\":[{\"type\":\"column\",\"props\":{\"image_position\":\"center-center\",\"position_sticky_breakpoint\":\"m\",\"vertical_align\":\"middle\",\"width_medium\":\"3-5\"},\"children\":[{\"type\":\"headline\",\"props\":{\"content\":\"Agenda Digital\",\"content_pt_br\":\"Agenda digital\",\"margin_remove_top\":true,\"maxwidth\":\"2xlarge\",\"title_color\":\"secondary\",\"title_element\":\"h1\",\"title_style\":\"h1\"}},{\"type\":\"text\",\"props\":{\"column_breakpoint\":\"m\",\"content\":\"\n\n<p><span>Las Tecnolog\\u00edas de la Informaci\\u00f3n y Comunicaci\\u00f3n (TIC) han demostrado ser un poderoso instrumento para el desarrollo econ\\u00f3mico y social de los pa\\u00edses, por lo que se reconoce la importancia de contar con una pol\\u00edtica digital regional que permita generar sinergias, compartir conocimientos y fomentar la cooperaci\\u00f3n entre ellos.<\\\/span><span>\\u00a0<\\\/span><\\\/p>\\n\n\n<p><span>La agenda digital de la ALADI est\\u00e1 compuesta por un conjunto de iniciativas y de actividades, tendientes a promover e impulsar la transformaci\\u00f3n y la convergencia digital entre los pa\\u00edses, a fin de fortalecer la integraci\\u00f3n regional, con miras a contribuir con el desarrollo econ\\u00f3mico y social de los mismos.<\\\/span><\\\/p>\",\"content_pt_br\":\"\n\n<p>As Tecnologias da Informa\\u00e7\\u00e3o e Comunica\\u00e7\\u00e3o (TIC) t\\u00eam demonstrado ser um poderoso instrumento para o desenvolvimento econ\\u00f4mico e social dos pa\\u00edses. Nesse cen\\u00e1rio, \\u00e9 de vital import\\u00e2ncia contar com uma pol\\u00edtica digital regional que permita gerar sinergias, compartilhar conhecimentos e fomentar a coopera\\u00e7\\u00e3o entre os pa\\u00edses.<\\\/p>\\n\n\n<p>A agenda digital da ALADI \\u00e9 composta de um conjunto de iniciativas e atividades voltadas para a promo\\u00e7\\u00e3o e o alavancamento da transforma\\u00e7\\u00e3o e da converg\\u00eancia digital entre os pa\\u00edses, com o objetivo de fortalecer a integra\\u00e7\\u00e3o regional e de contribuir para o desenvolvimento econ\\u00f4mico e social das na\\u00e7\\u00f5es.<\\\/p>\",\"margin\":\"default\"}},{\"type\":\"button\",\"props\":{\"grid_column_gap\":\"small\",\"grid_row_gap\":\"small\",\"margin\":\"default\",\"text_align\":\"left\"},\"children\":[{\"type\":\"button_item\",\"props\":{\"button_style\":\"default\",\"content\":\"Certificado de Origen Digital\",\"content_pt_br\":\"Certificado de origem digital \",\"icon_align\":\"left\",\"link\":\"index.php?page_id=2451\",\"link_pt_br\":\"index.php?page_id=2451&lang=pt\"}}]},{\"type\":\"button\",\"props\":{\"grid_column_gap\":\"small\",\"grid_row_gap\":\"small\",\"margin\":\"default\",\"text_align\":\"left\"},\"children\":[{\"type\":\"button_item\",\"props\":{\"button_style\":\"default\",\"content\":\"Firma Digital\",\"content_pt_br\":\"Assinatura digital\",\"icon_align\":\"left\",\"link\":\"?page_id=2325\",\"link_pt_br\":\"?page_id=2325&lang=pt\"}}]},{\"type\":\"button\",\"props\":{\"grid_column_gap\":\"small\",\"grid_row_gap\":\"small\",\"margin\":\"default\",\"text_align\":\"left\"},\"children\":[{\"type\":\"button_item\",\"props\":{\"button_style\":\"default\",\"content\":\"Comercio Electr\\u00f3nico\",\"content_pt_br\":\"Com\\u00e9rcio eletr\\u00f4nico\",\"icon_align\":\"left\",\"link\":\"https:\\\/\\\/sitio.aladi.org\\\/?page_id=2327\",\"link_pt_br\":\"?page_id=2327&lang=pt\"}}]},{\"type\":\"button\",\"props\":{\"grid_column_gap\":\"small\",\"grid_row_gap\":\"small\",\"margin\":\"default\",\"text_align\":\"left\"},\"children\":[{\"type\":\"button_item\",\"props\":{\"button_style\":\"default\",\"content\":\"Econom\\u00eda Digital\",\"content_pt_br\":\"Economia digital\",\"icon_align\":\"left\",\"link\":\"https:\\\/\\\/sitio.aladi.org\\\/?page_id=2329\",\"link_pt_br\":\"?page_id=2329\"}}]}]},{\"type\":\"column\",\"props\":{\"image\":\"wp-content\\\/uploads\\\/2025\\\/07\\\/Agenda-digital-0.jpg\",\"image_position\":\"center-center\",\"image_size\":\"cover\",\"order_first\":\"xs\",\"padding\":\"xlarge\",\"position_sticky_breakpoint\":\"m\",\"width_medium\":\"2-5\"}}]}]}],\"version\":\"4.4.12\"} --><\/p>\n","protected":false},"excerpt":{"rendered":"<p>Agenda Digital Las Tecnolog\u00edas de la Informaci\u00f3n y Comunicaci\u00f3n (TIC) han demostrado ser un poderoso instrumento para el desarrollo econ\u00f3mico y social de los pa\u00edses, por lo que se reconoce la importancia de contar con una pol\u00edtica digital regional que permita generar sinergias, compartir conocimientos y fomentar la cooperaci\u00f3n entre ellos.\u00a0 La agenda digital de [&hellip;]<\/p>\n","protected":false},"author":1,"featured_media":0,"parent":0,"menu_order":0,"comment_status":"closed","ping_status":"closed","template":"","meta":{"_acf_changed":false,"footnotes":""},"class_list":["post-2052","page","type-page","status-publish","hentry"],"acf":[],"yoast_head":"<!-- This site is optimized with the Yoast SEO plugin v26.5 - https:\/\/yoast.com\/wordpress\/plugins\/seo\/ -->\n<title>Agenda Digital<\/title>\n<meta name=\"robots\" content=\"index, follow, max-snippet:-1, max-image-preview:large, max-video-preview:-1\" \/>\n<meta property=\"og:locale\" content=\"pt_BR\" \/>\n<meta property=\"og:type\" content=\"article\" \/>\n<meta property=\"og:title\" content=\"Agenda Digital\" \/>\n<meta property=\"og:url\" content=\"https:\/\/www.aladi.org\/pt\/agenda-digital\/\" \/>\n<meta property=\"og:site_name\" content=\"ALADI\" \/>\n<meta property=\"article:publisher\" content=\"https:\/\/es-la.facebook.com\/people\/ALADI\/100064606213084\/\" \/>\n<meta property=\"article:modified_time\" content=\"2025-07-22T15:43:39+00:00\" \/>\n<meta name=\"twitter:card\" content=\"summary_large_image\" \/>\n<meta name=\"twitter:site\" content=\"@ALADI_SG\" \/>\n<meta name=\"twitter:label1\" content=\"Est. reading time\" \/>\n\t<meta name=\"twitter:data1\" content=\"1 minute\" \/>\n<script type=\"application\/ld+json\" class=\"yoast-schema-graph\">{\"@context\":\"https:\/\/schema.org\",\"@graph\":[{\"@type\":\"WebPage\",\"@id\":\"https:\/\/www.aladi.org\/pt\/agenda-digital\/\",\"url\":\"https:\/\/www.aladi.org\/pt\/agenda-digital\/\",\"name\":\"Agenda Digital - ALADI\",\"isPartOf\":{\"@id\":\"https:\/\/www.aladi.org\/#website\"},\"datePublished\":\"2023-05-23T13:26:11+00:00\",\"dateModified\":\"2025-07-22T15:43:39+00:00\",\"breadcrumb\":{\"@id\":\"https:\/\/www.aladi.org\/pt\/agenda-digital\/#breadcrumb\"},\"inLanguage\":\"pt-BR\",\"potentialAction\":[{\"@type\":\"ReadAction\",\"target\":[\"https:\/\/www.aladi.org\/pt\/agenda-digital\/\"]}]},{\"@type\":\"BreadcrumbList\",\"@id\":\"https:\/\/www.aladi.org\/pt\/agenda-digital\/#breadcrumb\",\"itemListElement\":[{\"@type\":\"ListItem\",\"position\":1,\"name\":\"Home\",\"item\":\"https:\/\/www.aladi.org\/\"},{\"@type\":\"ListItem\",\"position\":2,\"name\":\"Agenda Digital\"}]},{\"@type\":\"WebSite\",\"@id\":\"https:\/\/www.aladi.org\/pt\/#website\",\"url\":\"https:\/\/www.aladi.org\/pt\/\",\"name\":\"ALADI\",\"description\":\"Asociaci\u00f3n Latinoamericana de Integraci\u00f3n\",\"publisher\":{\"@id\":\"https:\/\/www.aladi.org\/pt\/#organization\"},\"potentialAction\":[{\"@type\":\"SearchAction\",\"target\":{\"@type\":\"EntryPoint\",\"urlTemplate\":\"https:\/\/www.aladi.org\/pt\/?s={search_term_string}\"},\"query-input\":{\"@type\":\"PropertyValueSpecification\",\"valueRequired\":true,\"valueName\":\"search_term_string\"}}],\"inLanguage\":\"pt-BR\"},{\"@type\":\"Organization\",\"@id\":\"https:\/\/www.aladi.org\/pt\/#organization\",\"name\":\"ALADI\",\"url\":\"https:\/\/www.aladi.org\/pt\/\",\"logo\":{\"@type\":\"ImageObject\",\"inLanguage\":\"pt-BR\",\"@id\":\"https:\/\/www.aladi.org\/pt\/#\/schema\/logo\/image\/\",\"url\":\"https:\/\/www.aladi.org\/wp-content\/uploads\/2025\/12\/Logo-ALADI.png\",\"contentUrl\":\"https:\/\/www.aladi.org\/wp-content\/uploads\/2025\/12\/Logo-ALADI.png\",\"width\":375,\"height\":235,\"caption\":\"ALADI\"},\"image\":{\"@id\":\"https:\/\/www.aladi.org\/pt\/#\/schema\/logo\/image\/\"},\"sameAs\":[\"https:\/\/es-la.facebook.com\/people\/ALADI\/100064606213084\/\",\"https:\/\/x.com\/ALADI_SG\",\"https:\/\/www.instagram.com\/aladi_sg\/?hl=es\",\"https:\/\/www.linkedin.com\/company\/aladi\/\",\"https:\/\/www.flickr.com\/photos\/aladi\/\",\"https:\/\/www.youtube.com\/channel\/UCrkJWOWHKF6igQmWE8Clnpg\"]}]}<\/script>\n<!-- \/ Yoast SEO plugin. -->","yoast_head_json":{"title":"Agenda Digital","robots":{"index":"index","follow":"follow","max-snippet":"max-snippet:-1","max-image-preview":"max-image-preview:large","max-video-preview":"max-video-preview:-1"},"og_locale":"pt_BR","og_type":"article","og_title":"Agenda Digital","og_url":"https:\/\/www.aladi.org\/pt\/agenda-digital\/","og_site_name":"ALADI","article_publisher":"https:\/\/es-la.facebook.com\/people\/ALADI\/100064606213084\/","article_modified_time":"2025-07-22T15:43:39+00:00","twitter_card":"summary_large_image","twitter_site":"@ALADI_SG","twitter_misc":{"Est. reading time":"1 minute"},"schema":{"@context":"https:\/\/schema.org","@graph":[{"@type":"WebPage","@id":"https:\/\/www.aladi.org\/pt\/agenda-digital\/","url":"https:\/\/www.aladi.org\/pt\/agenda-digital\/","name":"Agenda Digital - ALADI","isPartOf":{"@id":"https:\/\/www.aladi.org\/#website"},"datePublished":"2023-05-23T13:26:11+00:00","dateModified":"2025-07-22T15:43:39+00:00","breadcrumb":{"@id":"https:\/\/www.aladi.org\/pt\/agenda-digital\/#breadcrumb"},"inLanguage":"pt-BR","potentialAction":[{"@type":"ReadAction","target":["https:\/\/www.aladi.org\/pt\/agenda-digital\/"]}]},{"@type":"BreadcrumbList","@id":"https:\/\/www.aladi.org\/pt\/agenda-digital\/#breadcrumb","itemListElement":[{"@type":"ListItem","position":1,"name":"Home","item":"https:\/\/www.aladi.org\/"},{"@type":"ListItem","position":2,"name":"Agenda Digital"}]},{"@type":"WebSite","@id":"https:\/\/www.aladi.org\/pt\/#website","url":"https:\/\/www.aladi.org\/pt\/","name":"ALADI","description":"Asociaci\u00f3n Latinoamericana de Integraci\u00f3n","publisher":{"@id":"https:\/\/www.aladi.org\/pt\/#organization"},"potentialAction":[{"@type":"SearchAction","target":{"@type":"EntryPoint","urlTemplate":"https:\/\/www.aladi.org\/pt\/?s={search_term_string}"},"query-input":{"@type":"PropertyValueSpecification","valueRequired":true,"valueName":"search_term_string"}}],"inLanguage":"pt-BR"},{"@type":"Organization","@id":"https:\/\/www.aladi.org\/pt\/#organization","name":"ALADI","url":"https:\/\/www.aladi.org\/pt\/","logo":{"@type":"ImageObject","inLanguage":"pt-BR","@id":"https:\/\/www.aladi.org\/pt\/#\/schema\/logo\/image\/","url":"https:\/\/www.aladi.org\/wp-content\/uploads\/2025\/12\/Logo-ALADI.png","contentUrl":"https:\/\/www.aladi.org\/wp-content\/uploads\/2025\/12\/Logo-ALADI.png","width":375,"height":235,"caption":"ALADI"},"image":{"@id":"https:\/\/www.aladi.org\/pt\/#\/schema\/logo\/image\/"},"sameAs":["https:\/\/es-la.facebook.com\/people\/ALADI\/100064606213084\/","https:\/\/x.com\/ALADI_SG","https:\/\/www.instagram.com\/aladi_sg\/?hl=es","https:\/\/www.linkedin.com\/company\/aladi\/","https:\/\/www.flickr.com\/photos\/aladi\/","https:\/\/www.youtube.com\/channel\/UCrkJWOWHKF6igQmWE8Clnpg"]}]}},"jetpack_sharing_enabled":true,"_links":{"self":[{"href":"https:\/\/www.aladi.org\/pt\/wp-json\/wp\/v2\/pages\/2052","targetHints":{"allow":["GET"]}}],"collection":[{"href":"https:\/\/www.aladi.org\/pt\/wp-json\/wp\/v2\/pages"}],"about":[{"href":"https:\/\/www.aladi.org\/pt\/wp-json\/wp\/v2\/types\/page"}],"author":[{"embeddable":true,"href":"https:\/\/www.aladi.org\/pt\/wp-json\/wp\/v2\/users\/1"}],"replies":[{"embeddable":true,"href":"https:\/\/www.aladi.org\/pt\/wp-json\/wp\/v2\/comments?post=2052"}],"version-history":[{"count":40,"href":"https:\/\/www.aladi.org\/pt\/wp-json\/wp\/v2\/pages\/2052\/revisions"}],"predecessor-version":[{"id":6747,"href":"https:\/\/www.aladi.org\/pt\/wp-json\/wp\/v2\/pages\/2052\/revisions\/6747"}],"wp:attachment":[{"href":"https:\/\/www.aladi.org\/pt\/wp-json\/wp\/v2\/media?parent=2052"}],"curies":[{"name":"wp","href":"https:\/\/api.w.org\/{rel}","templated":true}]}}