{"id":2043,"date":"2023-05-23T13:00:44","date_gmt":"2023-05-23T13:00:44","guid":{"rendered":"https:\/\/sitio.aladi.org\/?page_id=2043&#038;lang=es"},"modified":"2024-03-26T19:02:44","modified_gmt":"2024-03-26T19:02:44","slug":"salvaguardias","status":"publish","type":"page","link":"https:\/\/www.aladi.org\/pt\/salvaguardias\/","title":{"rendered":"Salvaguardias"},"content":{"rendered":"<p><img decoding=\"async\" src=\"\/wp-content\/uploads\/2023\/05\/Banner-paises.png\" alt=\"\"><\/p>\n<div>Comercio Exterior<\/div>\n<h1><strong>Salvaguardias<\/strong><\/h1>\n<h1>Antecedentes<\/h1>\n<div>\n<p><span>El 24 de setiembre de 2008, el Comit\u00e9 de Representantes aprob\u00f3 la Resoluci\u00f3n 336 adoptando el Mecanismo de Notificaci\u00f3n de Medidas de Salvaguardia.\u00a0<\/span><\/p>\n<\/div>\n<h1>Objetivo<\/h1>\n<div>\n<p>Que las medidas de salvaguardias que se aplican en el marco de los acuerdos negociados en la ALADI sean de conocimiento de todos los pa\u00edses de la regi\u00f3n con el prop\u00f3sito de advertirles en forma oportuna sobre los giros que pueden ir tomando las ventajas arancelarias pactadas en los mismos.\u00a0<\/p>\n<p>Para ello cuando un pa\u00eds miembro inicie un proceso de investigaci\u00f3n o aplique una medida de salvaguardia en el \u00e1mbito de los Acuerdos suscritos en el marco del Tratado de Montevideo 1980, deber\u00e1 comunicarlo en un plazo de 15 d\u00edas a la Secretar\u00eda General de la ALADI (SG). La SG es el \u00f3rgano encargado de centralizar esa informaci\u00f3n y garantizar que sea conocida en fecha y forma por todos los pa\u00edses miembros.<\/p>\n<p>Para cumplir con ello la SG registra en esta p\u00e1gina web las medidas de salvaguardias notificadas y publica los formularios correspondientes para facilitar la presentaci\u00f3n de la informaci\u00f3n.\u00a0<\/p>\n<\/div>\n<h1>Notificaciones<\/h1>\n<div>\n<p><span>El mecanismo dispone que las notificaciones se realicen en cada una de las etapas en las cuales se imponen las medidas de salvaguardia.\u00a0<\/span><br \/><span><\/span><\/p>\n<p><span>En ese sentido los pa\u00edses deber\u00e1n notificar la informaci\u00f3n relativa a la apertura de una investigaci\u00f3n sobre salvaguardia, pasando por la posible aplicaci\u00f3n de una salvaguardia provisional y finalmente, si la investigaci\u00f3n as\u00ed lo demuestra, podr\u00e1 desembocar en la adopci\u00f3n de medidas de salvaguardias de car\u00e1cter definitivo. Tambi\u00e9n se prev\u00e9 la posibilidad de notificar la modificaci\u00f3n o prorroga de una medida de salvaguardia existente.<\/span><\/p>\n<\/div>\n<h1>Informaci\u00f3n a presentar<\/h1>\n<div>\n<p><span>La informaci\u00f3n que se deber\u00e1 remitir a la Secretar\u00eda General incluir\u00e1 una descripci\u00f3n clara del producto sobre el cual se aplica la medida, incluso su clasificaci\u00f3n arancelaria, el trato arancelario vigente o sea el gravamen aplicado a terceros y el gravamen preferencial vigente correspondiente al acuerdo respectivo. Tambi\u00e9n se deber\u00e1 informar el pa\u00eds o pa\u00edses de origen que son objeto de la medida.\u00a0<\/span><\/p>\n<\/div>\n<h1>Formularios<\/h1>\n<div>\n<p>La informaci\u00f3n que deber\u00e1 remitir cada pa\u00eds ser\u00e1 en cada una de las instancias que se prev\u00e9 para las salvaguardias. Para ello se dispone de formularios correspondientes a cada una de esas instancias y donde el pa\u00eds informante deber\u00e1 incorporar los datos solicitados.<\/p>\n<p>Los formularios deber\u00e1n ser remitidos a la Secretar\u00eda General de la ALADI en un plazo de 15 d\u00edas de adoptada la medida de salvaguardia.\u00a0<\/p>\n<\/div>\n<p>\n    <a href=\"https:\/\/www.aladi.org\/?page_id=3573\">Ver Formularios<\/a>\n<\/p>\n<p><!--more--><br \/>\n<!-- {\"type\":\"layout\",\"children\":[{\"type\":\"section\",\"props\":{\"animation\":\"slide-left-small\",\"animation_delay\":\"200\",\"css\":\".el-section {\\n\\tmax-height:400px;\\n    overflow: hidden;\\n}\",\"image_position\":\"center-center\",\"image_size\":\"cover\",\"padding\":\"none\",\"style\":\"default\",\"title_breakpoint\":\"xl\",\"title_position\":\"top-left\",\"title_rotation\":\"left\",\"vertical_align\":\"middle\",\"width\":\"xlarge\"},\"children\":[{\"type\":\"row\",\"children\":[{\"type\":\"column\",\"props\":{\"image_position\":\"center-center\",\"position_sticky_breakpoint\":\"m\"},\"children\":[{\"type\":\"image\",\"props\":{\"css\":\".el-image {\\n    background-size: contain;\\n    min-width: 100%;\\n}\",\"image\":\"wp-content\\\/uploads\\\/2023\\\/05\\\/Banner-paises.png\",\"image_svg_color\":\"emphasis\",\"margin\":\"default\"}}]}]}],\"name\":\"Foto banner\"},{\"type\":\"section\",\"props\":{\"image_loading\":true,\"image_position\":\"top-center\",\"media_visibility\":\"m\",\"padding\":\"xsmall\",\"padding_remove_horizontal\":false,\"padding_remove_top\":false,\"style\":\"default\",\"title_breakpoint\":\"xl\",\"title_position\":\"top-left\",\"title_rotation\":\"left\",\"vertical_align\":\"middle\",\"width\":\"xlarge\"},\"children\":[{\"type\":\"row\",\"props\":{\"width\":\"xlarge\"},\"children\":[{\"type\":\"column\",\"props\":{\"image_position\":\"center-center\",\"position_sticky_breakpoint\":\"m\"},\"children\":[{\"type\":\"breadcrumbs\",\"props\":{\"margin\":\"remove-vertical\",\"margin_remove_top\":true,\"show_current\":true,\"show_home\":true}}]}]},{\"type\":\"row\",\"props\":{\"margin_remove_bottom\":false,\"width\":\"xlarge\"},\"children\":[{\"type\":\"column\",\"props\":{\"image_position\":\"center-center\",\"image_size\":\"cover\",\"padding\":\"none\",\"position_sticky_breakpoint\":\"m\",\"vertical_align\":\"middle\"},\"children\":[{\"type\":\"headline\",\"props\":{\"content\":\"Comercio Exterior\",\"link_style\":false,\"title_color\":\"primary\",\"title_element\":\"div\",\"title_style\":\"h6\"}},{\"type\":\"headline\",\"props\":{\"content\":\"<strong>Salvaguardias<\\\/strong>\",\"margin\":\"medium\",\"margin_remove_bottom\":false,\"margin_remove_top\":false,\"maxwidth\":\"xlarge\",\"text_align\":\"left\",\"text_align_fallback\":\"center\",\"title_color\":\"secondary\",\"title_element\":\"h1\",\"title_style\":\"h1\"}}]}]}],\"name\":\"T\\u00edtulos\"},{\"type\":\"section\",\"props\":{\"css\":\".el-section{\\n    margin-bottom: 50px;\\n\\t}\",\"image_position\":\"center-center\",\"padding\":\"small\",\"padding_remove_bottom\":false,\"padding_remove_top\":false,\"style\":\"default\",\"title_breakpoint\":\"xl\",\"title_position\":\"top-left\",\"title_rotation\":\"left\",\"vertical_align\":\"middle\",\"width\":\"xlarge\"},\"children\":[{\"type\":\"row\",\"props\":{\"column_gap\":\"large\",\"layout\":\"1-4,3-4\",\"margin\":\"large\",\"row_gap\":\"large\"},\"children\":[{\"type\":\"column\",\"props\":{\"image_position\":\"center-center\",\"position_sticky_breakpoint\":\"m\",\"style\":\"tile-muted\",\"width_medium\":\"1-4\"}},{\"type\":\"column\",\"props\":{\"image_position\":\"center-center\",\"position_sticky_breakpoint\":\"m\",\"width_medium\":\"3-4\"},\"children\":[{\"type\":\"headline\",\"props\":{\"content\":\"Antecedentes\",\"margin_remove_top\":false,\"maxwidth_breakpoint\":\"l\",\"text_align\":\"left\",\"text_align_fallback\":\"center\",\"title_color\":\"secondary\",\"title_decoration\":\"bullet\",\"title_element\":\"h1\",\"title_style\":\"h4\"}},{\"type\":\"text\",\"props\":{\"column_breakpoint\":\"m\",\"content\":\"\n\n<p><span>El 24 de setiembre de 2008, el Comit\\u00e9 de Representantes aprob\\u00f3 la Resoluci\\u00f3n 336 adoptando el Mecanismo de Notificaci\\u00f3n de Medidas de Salvaguardia.\\u00a0<\\\/span><\\\/p>\",\"margin\":\"default\"}},{\"type\":\"headline\",\"props\":{\"content\":\"Objetivo\",\"margin_remove_top\":false,\"maxwidth_breakpoint\":\"l\",\"text_align\":\"left\",\"text_align_fallback\":\"center\",\"title_color\":\"secondary\",\"title_decoration\":\"bullet\",\"title_element\":\"h1\",\"title_style\":\"h4\"}},{\"type\":\"text\",\"props\":{\"column_breakpoint\":\"m\",\"content\":\"\n\n<p>Que las medidas de salvaguardias que se aplican en el marco de los acuerdos negociados en la ALADI sean de conocimiento de todos los pa\\u00edses de la regi\\u00f3n con el prop\\u00f3sito de advertirles en forma oportuna sobre los giros que pueden ir tomando las ventajas arancelarias pactadas en los mismos.\\u00a0<\\\/p>\\n\n\n<p>Para ello cuando un pa\\u00eds miembro inicie un proceso de investigaci\\u00f3n o aplique una medida de salvaguardia en el \\u00e1mbito de los Acuerdos suscritos en el marco del Tratado de Montevideo 1980, deber\\u00e1 comunicarlo en un plazo de 15 d\\u00edas a la Secretar\\u00eda General de la ALADI (SG). La SG es el \\u00f3rgano encargado de centralizar esa informaci\\u00f3n y garantizar que sea conocida en fecha y forma por todos los pa\\u00edses miembros.<\\\/p>\\n\n\n<p>Para cumplir con ello la SG registra en esta p\\u00e1gina web las medidas de salvaguardias notificadas y publica los formularios correspondientes para facilitar la presentaci\\u00f3n de la informaci\\u00f3n.\\u00a0<\\\/p>\",\"margin\":\"default\"}},{\"type\":\"headline\",\"props\":{\"content\":\"Notificaciones\",\"margin_remove_top\":false,\"maxwidth_breakpoint\":\"l\",\"text_align\":\"left\",\"text_align_fallback\":\"center\",\"title_color\":\"secondary\",\"title_decoration\":\"bullet\",\"title_element\":\"h1\",\"title_style\":\"h4\"}},{\"type\":\"text\",\"props\":{\"column_breakpoint\":\"m\",\"content\":\"\n\n<p><span>El mecanismo dispone que las notificaciones se realicen en cada una de las etapas en las cuales se imponen las medidas de salvaguardia.\\u00a0<\\\/span><br \\\/><span><\\\/span><\\\/p>\\n\n\n<p><span>En ese sentido los pa\\u00edses deber\\u00e1n notificar la informaci\\u00f3n relativa a la apertura de una investigaci\\u00f3n sobre salvaguardia, pasando por la posible aplicaci\\u00f3n de una salvaguardia provisional y finalmente, si la investigaci\\u00f3n as\\u00ed lo demuestra, podr\\u00e1 desembocar en la adopci\\u00f3n de medidas de salvaguardias de car\\u00e1cter definitivo. Tambi\\u00e9n se prev\\u00e9 la posibilidad de notificar la modificaci\\u00f3n o prorroga de una medida de salvaguardia existente.<\\\/span><\\\/p>\",\"margin\":\"default\"}},{\"type\":\"headline\",\"props\":{\"content\":\"Informaci\\u00f3n a presentar\",\"margin_remove_top\":false,\"maxwidth_breakpoint\":\"l\",\"text_align\":\"left\",\"text_align_fallback\":\"center\",\"title_color\":\"secondary\",\"title_decoration\":\"bullet\",\"title_element\":\"h1\",\"title_style\":\"h4\"}},{\"type\":\"text\",\"props\":{\"column_breakpoint\":\"m\",\"content\":\"\n\n<p><span>La informaci\\u00f3n que se deber\\u00e1 remitir a la Secretar\\u00eda General incluir\\u00e1 una descripci\\u00f3n clara del producto sobre el cual se aplica la medida, incluso su clasificaci\\u00f3n arancelaria, el trato arancelario vigente o sea el gravamen aplicado a terceros y el gravamen preferencial vigente correspondiente al acuerdo respectivo. Tambi\\u00e9n se deber\\u00e1 informar el pa\\u00eds o pa\\u00edses de origen que son objeto de la medida.\\u00a0<\\\/span><\\\/p>\",\"margin\":\"default\"}},{\"type\":\"headline\",\"props\":{\"content\":\"Formularios\",\"margin_remove_top\":false,\"maxwidth_breakpoint\":\"l\",\"text_align\":\"left\",\"text_align_fallback\":\"center\",\"title_color\":\"secondary\",\"title_decoration\":\"bullet\",\"title_element\":\"h1\",\"title_style\":\"h4\"}},{\"type\":\"text\",\"props\":{\"column_breakpoint\":\"m\",\"content\":\"\n\n<p>La informaci\\u00f3n que deber\\u00e1 remitir cada pa\\u00eds ser\\u00e1 en cada una de las instancias que se prev\\u00e9 para las salvaguardias. Para ello se dispone de formularios correspondientes a cada una de esas instancias y donde el pa\\u00eds informante deber\\u00e1 incorporar los datos solicitados.<\\\/p>\\n\n\n<p>Los formularios deber\\u00e1n ser remitidos a la Secretar\\u00eda General de la ALADI en un plazo de 15 d\\u00edas de adoptada la medida de salvaguardia.\\u00a0<\\\/p>\",\"margin\":\"default\"}},{\"type\":\"button\",\"props\":{\"grid_column_gap\":\"small\",\"grid_row_gap\":\"small\",\"margin\":\"default\"},\"children\":[{\"type\":\"button_item\",\"props\":{\"button_style\":\"default\",\"content\":\"Ver Formularios\",\"icon_align\":\"left\",\"link\":\"https:\\\/\\\/sitio.aladi.org\\\/?page_id=3573\"}}]}]}]}],\"name\":\"Post\"}],\"version\":\"4.0.11\"} --><\/p>\n","protected":false},"excerpt":{"rendered":"<p>Comercio Exterior Salvaguardias Antecedentes El 24 de setiembre de 2008, el Comit\u00e9 de Representantes aprob\u00f3 la Resoluci\u00f3n 336 adoptando el Mecanismo de Notificaci\u00f3n de Medidas de Salvaguardia.\u00a0 Objetivo Que las medidas de salvaguardias que se aplican en el marco de los acuerdos negociados en la ALADI sean de conocimiento de todos los pa\u00edses de la [&hellip;]<\/p>\n","protected":false},"author":1,"featured_media":0,"parent":0,"menu_order":0,"comment_status":"closed","ping_status":"closed","template":"","meta":{"_acf_changed":false,"footnotes":""},"class_list":["post-2043","page","type-page","status-publish","hentry"],"acf":[],"yoast_head":"<!-- This site is optimized with the Yoast SEO plugin v26.5 - https:\/\/yoast.com\/wordpress\/plugins\/seo\/ -->\n<title>Salvaguardias<\/title>\n<meta name=\"description\" content=\"Comercio Exterior Salvaguardias Antecedentes El 24 de setiembre de 2008, el Comit\u00e9 de Representantes aprob\u00f3 la Resoluci\u00f3n 336 adoptando el Mecanismo de Notificaci\u00f3n de Medidas de Salvaguardia.\u00a0 Objetivo Que las medidas de salvaguardias que se aplican en el marco de los acuerdos negociados en la ALADI sean de conocimiento de todos los pa\u00edses de la&hellip;\" \/>\n<meta name=\"robots\" content=\"index, follow, max-snippet:-1, max-image-preview:large, max-video-preview:-1\" \/>\n<link rel=\"canonical\" href=\"http:\/\/Comercio%20Exterior%20Salvaguardias%20Antecedentes%20El%2024%20de%20setiembre%20de%202008,%20el%20Comit\u00e9%20de%20Representantes%20aprob\u00f3%20la%20Resoluci\u00f3n%20336%20adoptando%20el%20Mecanismo%20de%20Notificaci\u00f3n%20de%20Medidas%20de%20Salvaguardia.\u00a0%20Objetivo%20Que%20las%20medidas%20de%20salvaguardias%20que%20se%20aplican%20en%20el%20marco%20de%20los%20acuerdos%20negociados%20en%20la%20ALADI%20sean%20de%20conocimiento%20de%20todos%20los%20pa\u00edses%20de%20la&hellip;\" \/>\n<meta property=\"og:locale\" content=\"pt_BR\" \/>\n<meta property=\"og:type\" content=\"article\" \/>\n<meta property=\"og:title\" content=\"Salvaguardias\" \/>\n<meta property=\"og:description\" content=\"Comercio Exterior Salvaguardias Antecedentes El 24 de setiembre de 2008, el Comit\u00e9 de Representantes aprob\u00f3 la Resoluci\u00f3n 336 adoptando el Mecanismo de Notificaci\u00f3n de Medidas de Salvaguardia.\u00a0 Objetivo Que las medidas de salvaguardias que se aplican en el marco de los acuerdos negociados en la ALADI sean de conocimiento de todos los pa\u00edses de la&hellip;\" \/>\n<meta property=\"og:url\" content=\"https:\/\/www.aladi.org\/pt\/salvaguardias\/\" \/>\n<meta property=\"og:site_name\" content=\"ALADI\" \/>\n<meta property=\"article:publisher\" content=\"https:\/\/es-la.facebook.com\/people\/ALADI\/100064606213084\/\" \/>\n<meta property=\"article:modified_time\" content=\"2024-03-26T19:02:44+00:00\" \/>\n<meta name=\"twitter:card\" content=\"summary_large_image\" \/>\n<meta name=\"twitter:site\" content=\"@ALADI_SG\" \/>\n<meta name=\"twitter:label1\" content=\"Est. reading time\" \/>\n\t<meta name=\"twitter:data1\" content=\"2 minutes\" \/>\n<script type=\"application\/ld+json\" class=\"yoast-schema-graph\">{\"@context\":\"https:\/\/schema.org\",\"@graph\":[{\"@type\":\"WebPage\",\"@id\":\"https:\/\/www.aladi.org\/pt\/salvaguardias\/\",\"url\":\"https:\/\/www.aladi.org\/pt\/salvaguardias\/\",\"name\":\"Salvaguardias - ALADI\",\"isPartOf\":{\"@id\":\"https:\/\/www.aladi.org\/#website\"},\"datePublished\":\"2023-05-23T13:00:44+00:00\",\"dateModified\":\"2024-03-26T19:02:44+00:00\",\"breadcrumb\":{\"@id\":\"https:\/\/www.aladi.org\/pt\/salvaguardias\/#breadcrumb\"},\"inLanguage\":\"pt-BR\",\"potentialAction\":[{\"@type\":\"ReadAction\",\"target\":[\"https:\/\/www.aladi.org\/pt\/salvaguardias\/\"]}]},{\"@type\":\"BreadcrumbList\",\"@id\":\"https:\/\/www.aladi.org\/pt\/salvaguardias\/#breadcrumb\",\"itemListElement\":[{\"@type\":\"ListItem\",\"position\":1,\"name\":\"Home\",\"item\":\"https:\/\/www.aladi.org\/\"},{\"@type\":\"ListItem\",\"position\":2,\"name\":\"Salvaguardias\"}]},{\"@type\":\"WebSite\",\"@id\":\"https:\/\/www.aladi.org\/pt\/#website\",\"url\":\"https:\/\/www.aladi.org\/pt\/\",\"name\":\"ALADI\",\"description\":\"Asociaci\u00f3n Latinoamericana de Integraci\u00f3n\",\"publisher\":{\"@id\":\"https:\/\/www.aladi.org\/pt\/#organization\"},\"potentialAction\":[{\"@type\":\"SearchAction\",\"target\":{\"@type\":\"EntryPoint\",\"urlTemplate\":\"https:\/\/www.aladi.org\/pt\/?s={search_term_string}\"},\"query-input\":{\"@type\":\"PropertyValueSpecification\",\"valueRequired\":true,\"valueName\":\"search_term_string\"}}],\"inLanguage\":\"pt-BR\"},{\"@type\":\"Organization\",\"@id\":\"https:\/\/www.aladi.org\/pt\/#organization\",\"name\":\"ALADI\",\"url\":\"https:\/\/www.aladi.org\/pt\/\",\"logo\":{\"@type\":\"ImageObject\",\"inLanguage\":\"pt-BR\",\"@id\":\"https:\/\/www.aladi.org\/pt\/#\/schema\/logo\/image\/\",\"url\":\"https:\/\/www.aladi.org\/wp-content\/uploads\/2025\/12\/Logo-ALADI.png\",\"contentUrl\":\"https:\/\/www.aladi.org\/wp-content\/uploads\/2025\/12\/Logo-ALADI.png\",\"width\":375,\"height\":235,\"caption\":\"ALADI\"},\"image\":{\"@id\":\"https:\/\/www.aladi.org\/pt\/#\/schema\/logo\/image\/\"},\"sameAs\":[\"https:\/\/es-la.facebook.com\/people\/ALADI\/100064606213084\/\",\"https:\/\/x.com\/ALADI_SG\",\"https:\/\/www.instagram.com\/aladi_sg\/?hl=es\",\"https:\/\/www.linkedin.com\/company\/aladi\/\",\"https:\/\/www.flickr.com\/photos\/aladi\/\",\"https:\/\/www.youtube.com\/channel\/UCrkJWOWHKF6igQmWE8Clnpg\"]}]}<\/script>\n<!-- \/ Yoast SEO plugin. -->","yoast_head_json":{"title":"Salvaguardias","description":"Comercio Exterior Salvaguardias Antecedentes El 24 de setiembre de 2008, el Comit\u00e9 de Representantes aprob\u00f3 la Resoluci\u00f3n 336 adoptando el Mecanismo de Notificaci\u00f3n de Medidas de Salvaguardia.\u00a0 Objetivo Que las medidas de salvaguardias que se aplican en el marco de los acuerdos negociados en la ALADI sean de conocimiento de todos los pa\u00edses de la&hellip;","robots":{"index":"index","follow":"follow","max-snippet":"max-snippet:-1","max-image-preview":"max-image-preview:large","max-video-preview":"max-video-preview:-1"},"canonical":"Comercio Exterior Salvaguardias Antecedentes El 24 de setiembre de 2008, el Comit\u00e9 de Representantes aprob\u00f3 la Resoluci\u00f3n 336 adoptando el Mecanismo de Notificaci\u00f3n de Medidas de Salvaguardia.\u00a0 Objetivo Que las medidas de salvaguardias que se aplican en el marco de los acuerdos negociados en la ALADI sean de conocimiento de todos los pa\u00edses de la&hellip;","og_locale":"pt_BR","og_type":"article","og_title":"Salvaguardias","og_description":"Comercio Exterior Salvaguardias Antecedentes El 24 de setiembre de 2008, el Comit\u00e9 de Representantes aprob\u00f3 la Resoluci\u00f3n 336 adoptando el Mecanismo de Notificaci\u00f3n de Medidas de Salvaguardia.\u00a0 Objetivo Que las medidas de salvaguardias que se aplican en el marco de los acuerdos negociados en la ALADI sean de conocimiento de todos los pa\u00edses de la&hellip;","og_url":"https:\/\/www.aladi.org\/pt\/salvaguardias\/","og_site_name":"ALADI","article_publisher":"https:\/\/es-la.facebook.com\/people\/ALADI\/100064606213084\/","article_modified_time":"2024-03-26T19:02:44+00:00","twitter_card":"summary_large_image","twitter_site":"@ALADI_SG","twitter_misc":{"Est. reading time":"2 minutes"},"schema":{"@context":"https:\/\/schema.org","@graph":[{"@type":"WebPage","@id":"https:\/\/www.aladi.org\/pt\/salvaguardias\/","url":"https:\/\/www.aladi.org\/pt\/salvaguardias\/","name":"Salvaguardias - ALADI","isPartOf":{"@id":"https:\/\/www.aladi.org\/#website"},"datePublished":"2023-05-23T13:00:44+00:00","dateModified":"2024-03-26T19:02:44+00:00","breadcrumb":{"@id":"https:\/\/www.aladi.org\/pt\/salvaguardias\/#breadcrumb"},"inLanguage":"pt-BR","potentialAction":[{"@type":"ReadAction","target":["https:\/\/www.aladi.org\/pt\/salvaguardias\/"]}]},{"@type":"BreadcrumbList","@id":"https:\/\/www.aladi.org\/pt\/salvaguardias\/#breadcrumb","itemListElement":[{"@type":"ListItem","position":1,"name":"Home","item":"https:\/\/www.aladi.org\/"},{"@type":"ListItem","position":2,"name":"Salvaguardias"}]},{"@type":"WebSite","@id":"https:\/\/www.aladi.org\/pt\/#website","url":"https:\/\/www.aladi.org\/pt\/","name":"ALADI","description":"Asociaci\u00f3n Latinoamericana de Integraci\u00f3n","publisher":{"@id":"https:\/\/www.aladi.org\/pt\/#organization"},"potentialAction":[{"@type":"SearchAction","target":{"@type":"EntryPoint","urlTemplate":"https:\/\/www.aladi.org\/pt\/?s={search_term_string}"},"query-input":{"@type":"PropertyValueSpecification","valueRequired":true,"valueName":"search_term_string"}}],"inLanguage":"pt-BR"},{"@type":"Organization","@id":"https:\/\/www.aladi.org\/pt\/#organization","name":"ALADI","url":"https:\/\/www.aladi.org\/pt\/","logo":{"@type":"ImageObject","inLanguage":"pt-BR","@id":"https:\/\/www.aladi.org\/pt\/#\/schema\/logo\/image\/","url":"https:\/\/www.aladi.org\/wp-content\/uploads\/2025\/12\/Logo-ALADI.png","contentUrl":"https:\/\/www.aladi.org\/wp-content\/uploads\/2025\/12\/Logo-ALADI.png","width":375,"height":235,"caption":"ALADI"},"image":{"@id":"https:\/\/www.aladi.org\/pt\/#\/schema\/logo\/image\/"},"sameAs":["https:\/\/es-la.facebook.com\/people\/ALADI\/100064606213084\/","https:\/\/x.com\/ALADI_SG","https:\/\/www.instagram.com\/aladi_sg\/?hl=es","https:\/\/www.linkedin.com\/company\/aladi\/","https:\/\/www.flickr.com\/photos\/aladi\/","https:\/\/www.youtube.com\/channel\/UCrkJWOWHKF6igQmWE8Clnpg"]}]}},"jetpack_sharing_enabled":true,"_links":{"self":[{"href":"https:\/\/www.aladi.org\/pt\/wp-json\/wp\/v2\/pages\/2043","targetHints":{"allow":["GET"]}}],"collection":[{"href":"https:\/\/www.aladi.org\/pt\/wp-json\/wp\/v2\/pages"}],"about":[{"href":"https:\/\/www.aladi.org\/pt\/wp-json\/wp\/v2\/types\/page"}],"author":[{"embeddable":true,"href":"https:\/\/www.aladi.org\/pt\/wp-json\/wp\/v2\/users\/1"}],"replies":[{"embeddable":true,"href":"https:\/\/www.aladi.org\/pt\/wp-json\/wp\/v2\/comments?post=2043"}],"version-history":[{"count":3,"href":"https:\/\/www.aladi.org\/pt\/wp-json\/wp\/v2\/pages\/2043\/revisions"}],"predecessor-version":[{"id":3583,"href":"https:\/\/www.aladi.org\/pt\/wp-json\/wp\/v2\/pages\/2043\/revisions\/3583"}],"wp:attachment":[{"href":"https:\/\/www.aladi.org\/pt\/wp-json\/wp\/v2\/media?parent=2043"}],"curies":[{"name":"wp","href":"https:\/\/api.w.org\/{rel}","templated":true}]}}