{"id":1659,"date":"2023-05-03T18:47:02","date_gmt":"2023-05-03T18:47:02","guid":{"rendered":"https:\/\/sitio.aladi.org\/?page_id=1659&#038;lang=es"},"modified":"2025-09-18T19:34:50","modified_gmt":"2025-09-18T19:34:50","slug":"convenios-para-evitar-la-doble-imposicion","status":"publish","type":"page","link":"https:\/\/www.aladi.org\/pt\/convenios-para-evitar-a-dupla-tributacao\/","title":{"rendered":"Conv\u00eanios para evitar a dupla tributa\u00e7\u00e3o "},"content":{"rendered":"<p><img decoding=\"async\" src=\"\/wp-content\/uploads\/2025\/09\/Untitled-design-24.png\" alt=\"\"><\/p>\n<div><b>Convenios para evitar la doble imposici\u00f3n<\/b><\/div>\n<h1>\n<p><strong>Relevamiento de convenios para evitar la doble imposici\u00f3n (CDI) suscritos entre los pa\u00edses miembros de la ALADI<\/strong><\/p>\n<\/h1>\n<div>\n\n    <form method=\"get\" class=\"aladi-rg-form form__custom-elemnts\">\n        \n        <div class=\"custom-select-wrapper uk-width-1-1\" data-csid=\"cs_6a07334c81c5e\">\n            <label for=\"filtro\">Pa\u00eds:<\/label>\n\n                            <input type=\"hidden\" name=\"filtro\" value=\"\">\n\n                <button type=\"button\" class=\"custom-select-trigger\" aria-haspopup=\"listbox\" aria-expanded=\"false\">\n                    Seleccionar\u2026                <\/button>\n\n                <div class=\"custom-options\" role=\"listbox\" tabindex=\"-1\" hidden>\n                    <div class=\"custom-option is-active\" data-value=\"\">\n                        <span>Seleccionar\u2026<\/span>\n                    <\/div>\n                                            <div class=\"custom-option \"\n                             data-value=\"Argentina\">\n                            <span class=\"flag-icon flag-icon-argentina\"><\/span> <span>Argentina<\/span>                        <\/div>\n                                            <div class=\"custom-option \"\n                             data-value=\"Bolivia\">\n                            <span class=\"flag-icon flag-icon-bolivia\"><\/span> <span>Bolivia<\/span>                        <\/div>\n                                            <div class=\"custom-option \"\n                             data-value=\"Brasil\">\n                            <span class=\"flag-icon flag-icon-brasil\"><\/span> <span>Brasil<\/span>                        <\/div>\n                                            <div class=\"custom-option \"\n                             data-value=\"Chile\">\n                            <span class=\"flag-icon flag-icon-chile\"><\/span> <span>Chile<\/span>                        <\/div>\n                                            <div class=\"custom-option \"\n                             data-value=\"Colombia\">\n                            <span class=\"flag-icon flag-icon-colombia\"><\/span> <span>Colombia<\/span>                        <\/div>\n                                            <div class=\"custom-option \"\n                             data-value=\"Cuba\">\n                            <span class=\"flag-icon flag-icon-cuba\"><\/span> <span>Cuba<\/span>                        <\/div>\n                                            <div class=\"custom-option \"\n                             data-value=\"Ecuador\">\n                            <span class=\"flag-icon flag-icon-ecuador\"><\/span> <span>Ecuador<\/span>                        <\/div>\n                                            <div class=\"custom-option \"\n                             data-value=\"M\u00e9xico\">\n                            <span class=\"flag-icon flag-icon-mexico\"><\/span> <span>M\u00e9xico<\/span>                        <\/div>\n                                            <div class=\"custom-option \"\n                             data-value=\"Panam\u00e1\">\n                            <span class=\"flag-icon flag-icon-panama\"><\/span> <span>Panam\u00e1<\/span>                        <\/div>\n                                            <div class=\"custom-option \"\n                             data-value=\"Paraguay\">\n                            <span class=\"flag-icon flag-icon-paraguay\"><\/span> <span>Paraguay<\/span>                        <\/div>\n                                            <div class=\"custom-option \"\n                             data-value=\"Per\u00fa\">\n                            <span class=\"flag-icon flag-icon-peru\"><\/span> <span>Per\u00fa<\/span>                        <\/div>\n                                            <div class=\"custom-option \"\n                             data-value=\"Uruguay\">\n                            <span class=\"flag-icon flag-icon-uruguay\"><\/span> <span>Uruguay<\/span>                        <\/div>\n                                            <div class=\"custom-option \"\n                             data-value=\"Venezuela\">\n                            <span class=\"flag-icon flag-icon-venezuela\"><\/span> <span>Venezuela<\/span>                        <\/div>\n                                    <\/div>\n\n                <script>\n                (function(){\n                    var root = document.querySelector('.custom-select-wrapper[data-csid=\"cs_6a07334c81c5e\"]');\n                    if(!root) return;\n                    var form   = root.closest('form');\n                    var trigger= root.querySelector('.custom-select-trigger');\n                    var list   = root.querySelector('.custom-options');\n                    var hidden = root.querySelector('input[type=\"hidden\"][name=\"filtro\"]');\n\n                    function open(){ list.hidden=false; list.style.display='block'; trigger.setAttribute('aria-expanded','true'); }\n                    function close(){ list.hidden=true; list.style.display='none'; trigger.setAttribute('aria-expanded','false'); }\n                    function toggle(){ list.hidden ? open() : close(); }\n\n                    trigger.addEventListener('click', toggle);\n                    document.addEventListener('click', function(e){ if(!root.contains(e.target)) close(); });\n\n                    list.addEventListener('click', function(e){\n                        var opt = e.target.closest('.custom-option');\n                        if(!opt) return;\n                        list.querySelectorAll('.custom-option').forEach(function(n){ n.classList.remove('is-active'); });\n                        opt.classList.add('is-active');\n                        hidden.value = opt.getAttribute('data-value') || '';\n                        trigger.innerHTML = opt.innerHTML; \/\/ incluye TODAS las banderas + label\n                        close();\n                        if(form) form.submit();\n                    });\n\n                    \/\/ Accesibilidad b\u00e1sica\n                    trigger.addEventListener('keydown', function(e){\n                        if(e.key==='ArrowDown' || e.key==='Enter' || e.key===' '){ e.preventDefault(); open(); list.focus(); }\n                    });\n                    list.addEventListener('keydown', function(e){\n                        if(e.key==='Escape'){ e.preventDefault(); close(); trigger.focus(); }\n                    });\n                })();\n                <\/script>\n\n                    <\/div>\n    <\/form>\n\n    \n    <\/div>\n<hr>\n<h1>\n<p><strong>Doble Tributaci\u00f3n<\/strong><\/p>\n<\/h1>\n<div>\n<p><span><a href=\"https:\/\/repositorio.aladi.org\/bitstream\/handle\/20.500.12909\/24971\/202.pdf?sequence=1&amp;isAllowed=y\">\u201cAn\u00e1lisis comparativo de los modelos de convenios de Doble Tributaci\u00f3n en materia de comercio de servicios profesionales\u201d<\/a>  (ALADI\/SEC\/Estudio 202, Agosto 2012).<\/p>\n<p><\/span><\/p>\n<\/div>\n<p><!--more--><br \/>\n<!-- {\"type\":\"layout\",\"children\":[{\"name\":\"Foto banner\",\"type\":\"section\",\"props\":{\"animation\":\"slide-left-small\",\"animation_delay\":\"200\",\"css\":\".el-section {\\n\\tmax-height:400px;\\n    overflow: hidden;\\n}\",\"image_position\":\"center-center\",\"padding\":\"none\",\"style\":\"default\",\"title_breakpoint\":\"xl\",\"title_position\":\"top-left\",\"title_rotation\":\"left\",\"vertical_align\":\"\",\"width\":\"xlarge\"},\"children\":[{\"type\":\"row\",\"children\":[{\"type\":\"column\",\"props\":{\"image_position\":\"center-center\",\"image_size\":\"cover\",\"padding\":\"xlarge\",\"position_sticky_breakpoint\":\"m\"},\"children\":[{\"type\":\"image\",\"props\":{\"css\":\".el-image {\\n    background-size: contain;\\n    min-width: 100%;\\n}\",\"image\":\"wp-content\\\/uploads\\\/2025\\\/09\\\/Untitled-design-24.png\",\"image_pt_br\":\"wp-content\\\/uploads\\\/2025\\\/09\\\/Untitled-design-24.png\",\"image_svg_color\":\"emphasis\",\"margin\":\"default\"}}]}]}]},{\"type\":\"section\",\"props\":{\"image_position\":\"center-center\",\"padding\":\"xsmall\",\"style\":\"default\",\"title_breakpoint\":\"xl\",\"title_position\":\"top-left\",\"title_rotation\":\"left\",\"vertical_align\":\"\",\"width\":\"xlarge\"},\"children\":[{\"type\":\"row\",\"children\":[{\"type\":\"column\",\"props\":{\"image_position\":\"center-center\",\"position_sticky_breakpoint\":\"m\"},\"children\":[{\"type\":\"breadcrumbs\",\"props\":{\"show_current\":true,\"show_home\":true}}]}]},{\"type\":\"row\",\"children\":[{\"type\":\"column\",\"props\":{\"image_position\":\"center-center\",\"position_sticky_breakpoint\":\"m\"},\"children\":[{\"type\":\"headline\",\"props\":{\"content\":\"<b>Convenios para evitar la doble imposici\\u00f3n<\\\/b>\",\"content_pt_br\":\"<strong>Conv\\u00eanios para evitar a Dupla Tributa\\u00e7\\u00e3o<\\\/strong>\",\"title_color\":\"secondary\",\"title_element\":\"div\",\"title_style\":\"h1\"}}]}]}],\"name\":\"Titulo\"},{\"type\":\"section\",\"props\":{\"css\":\".el-section{\\n    margin-bottom: 50px;\\n\\t}\",\"image_position\":\"center-center\",\"padding\":\"small\",\"padding_remove_bottom\":false,\"style\":\"default\",\"title_breakpoint\":\"xl\",\"title_position\":\"top-left\",\"title_rotation\":\"left\",\"vertical_align\":\"\",\"width\":\"xlarge\"},\"children\":[{\"type\":\"row\",\"children\":[{\"type\":\"column\",\"props\":{\"image_position\":\"center-center\",\"position_sticky_breakpoint\":\"m\",\"style\":\"tile-muted\",\"width_medium\":\"1-4\"}},{\"type\":\"column\",\"props\":{\"image_position\":\"center-center\",\"position_sticky_breakpoint\":\"m\",\"vertical_align\":\"middle\",\"width_medium\":\"3-4\"},\"children\":[{\"type\":\"headline\",\"props\":{\"content\":\"\n\n<p><strong>Relevamiento de convenios para evitar la doble imposici\\u00f3n (CDI) suscritos entre los pa\\u00edses miembros de la ALADI<\\\/strong><\\\/p>\",\"content_pt_br\":\"Levantamento de Conv\\u00eanios para evitar a dupla tributa\\u00e7\\u00e3o assinados entre os pa\\u00edses-membros da ALADI\",\"title_color\":\"primary\",\"title_element\":\"h1\",\"title_style\":\"h3\"}},{\"type\":\"html\",\"props\":{\"content\":\"[render_generic endpoint=\\\"VConveniosAPI\\\" datasource=\\\"dobleimpo\\\" columns=\\\"Fuente_o_Pais_contraparte,Vigencia,Norma_Jur\\u00eddica,Link\\\" headers=\\\"Contraparte,Vigencia,Norma,Link\\\" filter_by=\\\"Pa\\u00eds\\\" per_page=\\\"20\\\"]\"}},{\"type\":\"divider\",\"props\":{\"divider_element\":\"hr\",\"divider_style\":\"icon\"}},{\"type\":\"headline\",\"props\":{\"content\":\"\n\n<p><strong>Doble Tributaci\\u00f3n<\\\/strong><\\\/p>\",\"content_pt_br\":\"Dupla Tributa\\u00e7\\u00e3o\",\"title_color\":\"primary\",\"title_element\":\"h1\",\"title_style\":\"h3\"}},{\"type\":\"text\",\"props\":{\"block_align\":\"center\",\"column_breakpoint\":\"m\",\"content\":\"\n\n<p><span><a href=\\\"https:\\\/\\\/repositorio.aladi.org\\\/bitstream\\\/handle\\\/20.500.12909\\\/24971\\\/202.pdf?sequence=1&amp;isAllowed=y\\\">\\u201cAn\\u00e1lisis comparativo de los modelos de convenios de Doble Tributaci\\u00f3n en materia de comercio de servicios profesionales\\u201d<\\\/a>  (ALADI\\\/SEC\\\/Estudio 202, Agosto 2012).<br \\\/><br \\\/><\\\/span><\\\/p>\",\"content_pt_br\":\"\n\n<p><span><a href=\\\"https:\\\/\\\/www2.aladi.org\\\/SitioALADI\\\/documentos\\\/SecretariaGeneral\\\/201.pdf\\\">An\\u00e1lise comparativa dos modelos de conv\\u00eanios de Dupla Tributa\\u00e7\\u00e3o em mat\\u00e9ria de com\\u00e9rcio de servi\\u00e7os profissionais<\\\/a><\\\/span><\\\/p>\",\"margin\":\"medium\",\"maxwidth_breakpoint\":\"m\"}}]}],\"props\":{\"column_gap\":\"large\",\"layout\":\"1-4,3-4\",\"margin\":\"large\",\"margin_remove_top\":false,\"row_gap\":\"large\"}}],\"name\":\"Post\"}],\"version\":\"4.4.12\"} --><\/p>\n","protected":false},"excerpt":{"rendered":"<p>Convenios para evitar la doble imposici\u00f3n Relevamiento de convenios para evitar la doble imposici\u00f3n (CDI) suscritos entre los pa\u00edses miembros de la ALADI Doble Tributaci\u00f3n \u201cAn\u00e1lisis comparativo de los modelos de convenios de Doble Tributaci\u00f3n en materia de comercio de servicios profesionales\u201d (ALADI\/SEC\/Estudio 202, Agosto 2012).<\/p>\n","protected":false},"author":1,"featured_media":0,"parent":0,"menu_order":0,"comment_status":"closed","ping_status":"closed","template":"","meta":{"_acf_changed":false,"footnotes":""},"class_list":["post-1659","page","type-page","status-publish","hentry"],"acf":[],"yoast_head":"<!-- This site is optimized with the Yoast SEO plugin v26.5 - https:\/\/yoast.com\/wordpress\/plugins\/seo\/ -->\n<title>Conv\u00eanios para evitar a dupla tributa\u00e7\u00e3o<\/title>\n<meta name=\"robots\" content=\"index, follow, max-snippet:-1, max-image-preview:large, max-video-preview:-1\" \/>\n<meta property=\"og:locale\" content=\"pt_BR\" \/>\n<meta property=\"og:type\" content=\"article\" \/>\n<meta property=\"og:title\" content=\"Conv\u00eanios para evitar a dupla tributa\u00e7\u00e3o\" \/>\n<meta property=\"og:url\" content=\"https:\/\/www.aladi.org\/pt\/convenios-para-evitar-a-dupla-tributacao\/\" \/>\n<meta property=\"og:site_name\" content=\"ALADI\" \/>\n<meta property=\"article:publisher\" content=\"https:\/\/es-la.facebook.com\/people\/ALADI\/100064606213084\/\" \/>\n<meta property=\"article:modified_time\" content=\"2025-09-18T19:34:50+00:00\" \/>\n<meta name=\"twitter:card\" content=\"summary_large_image\" \/>\n<meta name=\"twitter:site\" content=\"@ALADI_SG\" \/>\n<script type=\"application\/ld+json\" class=\"yoast-schema-graph\">{\"@context\":\"https:\/\/schema.org\",\"@graph\":[{\"@type\":\"WebPage\",\"@id\":\"https:\/\/www.aladi.org\/pt\/convenios-para-evitar-a-dupla-tributacao\/\",\"url\":\"https:\/\/www.aladi.org\/pt\/convenios-para-evitar-a-dupla-tributacao\/\",\"name\":\"Convenios para evitar la doble imposici\u00f3n - ALADI\",\"isPartOf\":{\"@id\":\"https:\/\/www.aladi.org\/#website\"},\"datePublished\":\"2023-05-03T18:47:02+00:00\",\"dateModified\":\"2025-09-18T19:34:50+00:00\",\"breadcrumb\":{\"@id\":\"https:\/\/www.aladi.org\/pt\/convenios-para-evitar-a-dupla-tributacao\/#breadcrumb\"},\"inLanguage\":\"pt-BR\",\"potentialAction\":[{\"@type\":\"ReadAction\",\"target\":[\"https:\/\/www.aladi.org\/pt\/convenios-para-evitar-a-dupla-tributacao\/\"]}]},{\"@type\":\"BreadcrumbList\",\"@id\":\"https:\/\/www.aladi.org\/pt\/convenios-para-evitar-a-dupla-tributacao\/#breadcrumb\",\"itemListElement\":[{\"@type\":\"ListItem\",\"position\":1,\"name\":\"Home\",\"item\":\"https:\/\/www.aladi.org\/\"},{\"@type\":\"ListItem\",\"position\":2,\"name\":\"Conv\u00eanios para evitar a dupla tributa\u00e7\u00e3o\"}]},{\"@type\":\"WebSite\",\"@id\":\"https:\/\/www.aladi.org\/pt\/#website\",\"url\":\"https:\/\/www.aladi.org\/pt\/\",\"name\":\"ALADI\",\"description\":\"Asociaci\u00f3n Latinoamericana de Integraci\u00f3n\",\"publisher\":{\"@id\":\"https:\/\/www.aladi.org\/pt\/#organization\"},\"potentialAction\":[{\"@type\":\"SearchAction\",\"target\":{\"@type\":\"EntryPoint\",\"urlTemplate\":\"https:\/\/www.aladi.org\/pt\/?s={search_term_string}\"},\"query-input\":{\"@type\":\"PropertyValueSpecification\",\"valueRequired\":true,\"valueName\":\"search_term_string\"}}],\"inLanguage\":\"pt-BR\"},{\"@type\":\"Organization\",\"@id\":\"https:\/\/www.aladi.org\/pt\/#organization\",\"name\":\"ALADI\",\"url\":\"https:\/\/www.aladi.org\/pt\/\",\"logo\":{\"@type\":\"ImageObject\",\"inLanguage\":\"pt-BR\",\"@id\":\"https:\/\/www.aladi.org\/pt\/#\/schema\/logo\/image\/\",\"url\":\"https:\/\/www.aladi.org\/wp-content\/uploads\/2025\/12\/Logo-ALADI.png\",\"contentUrl\":\"https:\/\/www.aladi.org\/wp-content\/uploads\/2025\/12\/Logo-ALADI.png\",\"width\":375,\"height\":235,\"caption\":\"ALADI\"},\"image\":{\"@id\":\"https:\/\/www.aladi.org\/pt\/#\/schema\/logo\/image\/\"},\"sameAs\":[\"https:\/\/es-la.facebook.com\/people\/ALADI\/100064606213084\/\",\"https:\/\/x.com\/ALADI_SG\",\"https:\/\/www.instagram.com\/aladi_sg\/?hl=es\",\"https:\/\/www.linkedin.com\/company\/aladi\/\",\"https:\/\/www.flickr.com\/photos\/aladi\/\",\"https:\/\/www.youtube.com\/channel\/UCrkJWOWHKF6igQmWE8Clnpg\"]}]}<\/script>\n<!-- \/ Yoast SEO plugin. -->","yoast_head_json":{"title":"Conv\u00eanios para evitar a dupla tributa\u00e7\u00e3o","robots":{"index":"index","follow":"follow","max-snippet":"max-snippet:-1","max-image-preview":"max-image-preview:large","max-video-preview":"max-video-preview:-1"},"og_locale":"pt_BR","og_type":"article","og_title":"Conv\u00eanios para evitar a dupla tributa\u00e7\u00e3o","og_url":"https:\/\/www.aladi.org\/pt\/convenios-para-evitar-a-dupla-tributacao\/","og_site_name":"ALADI","article_publisher":"https:\/\/es-la.facebook.com\/people\/ALADI\/100064606213084\/","article_modified_time":"2025-09-18T19:34:50+00:00","twitter_card":"summary_large_image","twitter_site":"@ALADI_SG","schema":{"@context":"https:\/\/schema.org","@graph":[{"@type":"WebPage","@id":"https:\/\/www.aladi.org\/pt\/convenios-para-evitar-a-dupla-tributacao\/","url":"https:\/\/www.aladi.org\/pt\/convenios-para-evitar-a-dupla-tributacao\/","name":"Convenios para evitar la doble imposici\u00f3n - ALADI","isPartOf":{"@id":"https:\/\/www.aladi.org\/#website"},"datePublished":"2023-05-03T18:47:02+00:00","dateModified":"2025-09-18T19:34:50+00:00","breadcrumb":{"@id":"https:\/\/www.aladi.org\/pt\/convenios-para-evitar-a-dupla-tributacao\/#breadcrumb"},"inLanguage":"pt-BR","potentialAction":[{"@type":"ReadAction","target":["https:\/\/www.aladi.org\/pt\/convenios-para-evitar-a-dupla-tributacao\/"]}]},{"@type":"BreadcrumbList","@id":"https:\/\/www.aladi.org\/pt\/convenios-para-evitar-a-dupla-tributacao\/#breadcrumb","itemListElement":[{"@type":"ListItem","position":1,"name":"Home","item":"https:\/\/www.aladi.org\/"},{"@type":"ListItem","position":2,"name":"Conv\u00eanios para evitar a dupla tributa\u00e7\u00e3o"}]},{"@type":"WebSite","@id":"https:\/\/www.aladi.org\/pt\/#website","url":"https:\/\/www.aladi.org\/pt\/","name":"ALADI","description":"Asociaci\u00f3n Latinoamericana de Integraci\u00f3n","publisher":{"@id":"https:\/\/www.aladi.org\/pt\/#organization"},"potentialAction":[{"@type":"SearchAction","target":{"@type":"EntryPoint","urlTemplate":"https:\/\/www.aladi.org\/pt\/?s={search_term_string}"},"query-input":{"@type":"PropertyValueSpecification","valueRequired":true,"valueName":"search_term_string"}}],"inLanguage":"pt-BR"},{"@type":"Organization","@id":"https:\/\/www.aladi.org\/pt\/#organization","name":"ALADI","url":"https:\/\/www.aladi.org\/pt\/","logo":{"@type":"ImageObject","inLanguage":"pt-BR","@id":"https:\/\/www.aladi.org\/pt\/#\/schema\/logo\/image\/","url":"https:\/\/www.aladi.org\/wp-content\/uploads\/2025\/12\/Logo-ALADI.png","contentUrl":"https:\/\/www.aladi.org\/wp-content\/uploads\/2025\/12\/Logo-ALADI.png","width":375,"height":235,"caption":"ALADI"},"image":{"@id":"https:\/\/www.aladi.org\/pt\/#\/schema\/logo\/image\/"},"sameAs":["https:\/\/es-la.facebook.com\/people\/ALADI\/100064606213084\/","https:\/\/x.com\/ALADI_SG","https:\/\/www.instagram.com\/aladi_sg\/?hl=es","https:\/\/www.linkedin.com\/company\/aladi\/","https:\/\/www.flickr.com\/photos\/aladi\/","https:\/\/www.youtube.com\/channel\/UCrkJWOWHKF6igQmWE8Clnpg"]}]}},"jetpack_sharing_enabled":true,"_links":{"self":[{"href":"https:\/\/www.aladi.org\/pt\/wp-json\/wp\/v2\/pages\/1659","targetHints":{"allow":["GET"]}}],"collection":[{"href":"https:\/\/www.aladi.org\/pt\/wp-json\/wp\/v2\/pages"}],"about":[{"href":"https:\/\/www.aladi.org\/pt\/wp-json\/wp\/v2\/types\/page"}],"author":[{"embeddable":true,"href":"https:\/\/www.aladi.org\/pt\/wp-json\/wp\/v2\/users\/1"}],"replies":[{"embeddable":true,"href":"https:\/\/www.aladi.org\/pt\/wp-json\/wp\/v2\/comments?post=1659"}],"version-history":[{"count":76,"href":"https:\/\/www.aladi.org\/pt\/wp-json\/wp\/v2\/pages\/1659\/revisions"}],"predecessor-version":[{"id":8805,"href":"https:\/\/www.aladi.org\/pt\/wp-json\/wp\/v2\/pages\/1659\/revisions\/8805"}],"wp:attachment":[{"href":"https:\/\/www.aladi.org\/pt\/wp-json\/wp\/v2\/media?parent=1659"}],"curies":[{"name":"wp","href":"https:\/\/api.w.org\/{rel}","templated":true}]}}