{"id":14750,"date":"2026-04-15T15:05:42","date_gmt":"2026-04-15T15:05:42","guid":{"rendered":"https:\/\/www.aladi.org\/?page_id=14750"},"modified":"2026-04-15T15:12:49","modified_gmt":"2026-04-15T15:12:49","slug":"arm-oea-peru","status":"publish","type":"page","link":"https:\/\/www.aladi.org\/pt\/facilitacao-de-comercio\/operador-economico-autorizado\/repositorio-arm-oea\/arm-oea-peru\/","title":{"rendered":"ARM - OEA - Per\u00fa"},"content":{"rendered":"<div>Repositorio de los Acuerdos de Reconocimiento Mutuo del Operador Econ\u00f3mico Autorizado (ARM-OEA)<\/div>\n<h1><strong>Per\u00fa<\/strong><\/h1>\n<div>\n<p>A la fecha se encuentran firmados los siguentes Acuerdos de Reconocimiento Mutuo (ARM):<\/p>\n<\/div>\n<ul>\n<li>\n<div>Per\u00fa \u2013 Corea del Sur<\/div>\n<\/li>\n<li>\n<div>Per\u00fa \u2013 Uruguay<\/div>\n<\/li>\n<li>\n<div>Per\u00fa \u2013 Alianza del Pac\u00edfico (M\u00e9xico, Colombia, Chile)<\/div>\n<\/li>\n<li>\n<div>Per\u00fa \u2013 EE.UU<\/div>\n<\/li>\n<li>\n<div>Per\u00fa \u2013 CAN (Colombia, Ecuador y Bolivia)<\/div>\n<\/li>\n<li>\n<div>Per\u00fa \u2013 Brasil<\/div>\n<\/li>\n<li>\n<div>MERCOSUR \u2013 Alianza del Pac\u00edfico<\/div>\n<\/li>\n<li>\n<div>Per\u00fa \u2013 Canad\u00e1<\/div>\n<\/li>\n<li>\n<div>ARM Regional (Argentina, Bolivia, Brasil, Chile, Colombia, Costa Rica, Guatemala, Paraguay, Rep\u00fablica Dominicana y Uruguay)<\/div>\n<\/li>\n<\/ul>\n<p>\n    <a href=\"https:\/\/oea.sunat.gob.pe\/SUNAT%20Y%20ADUANAS%20DE%20COREA%20SUSCRIBEN%20ACUERDO%20DE%20RECONOCIMIENTO%20MUTUO\/\">M\u00e1s informaci\u00f3n<\/a>\n<\/p>\n<p><!--more--><br \/>\n<!-- {\"type\":\"layout\",\"children\":[{\"type\":\"section\",\"props\":{\"image_loading\":true,\"image_position\":\"top-center\",\"media_visibility\":\"m\",\"padding\":\"small\",\"padding_remove_horizontal\":false,\"padding_remove_top\":false,\"style\":\"default\",\"title_breakpoint\":\"xl\",\"title_position\":\"top-left\",\"title_rotation\":\"left\",\"vertical_align\":\"\",\"width\":\"xlarge\"},\"children\":[{\"type\":\"row\",\"props\":{\"width\":\"xlarge\"},\"children\":[{\"type\":\"column\",\"props\":{\"image_position\":\"center-center\",\"position_sticky_breakpoint\":\"m\"},\"children\":[{\"type\":\"breadcrumbs\",\"props\":{\"margin\":\"remove-vertical\",\"margin_remove_top\":true,\"show_current\":true,\"show_home\":true}}]}]},{\"type\":\"row\",\"props\":{\"margin_remove_bottom\":false,\"width\":\"xlarge\"},\"children\":[{\"type\":\"column\",\"props\":{\"image_position\":\"center-center\",\"image_size\":\"cover\",\"padding\":\"none\",\"position_sticky_breakpoint\":\"m\",\"vertical_align\":\"middle\"},\"children\":[{\"type\":\"headline\",\"props\":{\"content\":\"Repositorio de los Acuerdos de Reconocimiento Mutuo del Operador Econ\\u00f3mico Autorizado (ARM-OEA)\",\"content_pt_br\":\"\n\n<p>Reposit\\u00f3rio dos Acordos de Reconhecimento M\\u00fatuo do Operador Econ\\u00f4mico Autorizado (ARM-OEA)<\\\/p>\",\"link_style\":false,\"title_color\":\"primary\",\"title_element\":\"div\",\"title_style\":\"h6\"}},{\"type\":\"headline\",\"props\":{\"content\":\"<strong>Per\\u00fa<\\\/strong>\",\"content_pt_br\":\"<strong>Peru<\\\/strong>\",\"margin\":\"medium\",\"margin_remove_bottom\":false,\"margin_remove_top\":false,\"maxwidth\":\"xlarge\",\"text_align\":\"left\",\"text_align_fallback\":\"center\",\"title_color\":\"secondary\",\"title_element\":\"h1\",\"title_style\":\"h1\"}},{\"type\":\"text\",\"props\":{\"column_breakpoint\":\"m\",\"content\":\"\n\n<p>A la fecha se encuentran firmados los siguentes Acuerdos de Reconocimiento Mutuo (ARM):<\\\/p>\",\"content_pt_br\":\"\n\n<p>At\\u00e9 a presente data est\\u00e3o assinados os seguintes Acordos de Reconhecimento M\\u00fatuo (ARM):<\\\/p>\",\"dropcap\":false,\"margin\":\"default\"}},{\"type\":\"list\",\"props\":{\"column_breakpoint\":\"m\",\"image_align\":\"left\",\"image_svg_color\":\"emphasis\",\"image_vertical_align\":true,\"list_element\":\"ul\",\"list_horizontal_separator\":\", \",\"list_marker\":\"disc\",\"list_type\":\"vertical\",\"show_image\":true,\"show_link\":true},\"children\":[{\"type\":\"list_item\",\"props\":{\"content\":\"Per\\u00fa \\u2013 Corea del Sur\",\"content_pt_br\":\"Peru \\u2013 Coreia do Sul\"}},{\"type\":\"list_item\",\"props\":{\"content\":\"Per\\u00fa \\u2013 Uruguay\",\"content_pt_br\":\"Peru\\u00a0\\u2013 Uruguai\"}},{\"type\":\"list_item\",\"props\":{\"content\":\"Per\\u00fa \\u2013 Alianza del Pac\\u00edfico (M\\u00e9xico, Colombia, Chile)\",\"content_pt_br\":\"Peru \\u2013 Alian\\u00e7a do Pac\\u00edfico (M\\u00e9xico, Col\\u00f4mbia, Chile)\"}},{\"type\":\"list_item\",\"props\":{\"content\":\"Per\\u00fa \\u2013 EE.UU\",\"content_pt_br\":\"Peru \\u2013 EUA\"}},{\"type\":\"list_item\",\"props\":{\"content\":\"Per\\u00fa \\u2013 CAN (Colombia, Ecuador y Bolivia)\",\"content_pt_br\":\"Peru \\u2013 CAN (Col\\u00f4mbia, Equador e Bol\\u00edvia)\"}},{\"type\":\"list_item\",\"props\":{\"content\":\"Per\\u00fa \\u2013 Brasil\",\"content_pt_br\":\"Peru \\u2013 Brasil\"}},{\"type\":\"list_item\",\"props\":{\"content\":\"MERCOSUR \\u2013 Alianza del Pac\\u00edfico\",\"content_pt_br\":\"Mercosul \\u2013 Alian\\u00e7a do Pac\\u00edfico\"}},{\"type\":\"list_item\",\"props\":{\"content\":\"Per\\u00fa \\u2013 Canad\\u00e1\",\"content_pt_br\":\"Peru \\u2013 Canad\\u00e1\"}},{\"type\":\"list_item\",\"props\":{\"content\":\"ARM Regional (Argentina, Bolivia, Brasil, Chile, Colombia, Costa Rica, Guatemala, Paraguay, Rep\\u00fablica Dominicana y Uruguay)\",\"content_pt_br\":\"Regional (Argentina, Bol\\u00edvia, Brasil, Chile, Col\\u00f4mbia, Costa Rica, Guatemala, Paraguai, Rep\\u00fablica Dominicana e Uruguai)\"}}]},{\"type\":\"button\",\"props\":{\"grid_column_gap\":\"small\",\"grid_row_gap\":\"small\",\"margin\":\"default\"},\"children\":[{\"type\":\"button_item\",\"props\":{\"button_style\":\"default\",\"content\":\"M\\u00e1s informaci\\u00f3n\",\"content_pt_br\":\"Mais informa\\u00e7\\u00f5es\",\"icon_align\":\"left\",\"link\":\"https:\\\/\\\/oea.sunat.gob.pe\\\/SUNAT%20Y%20ADUANAS%20DE%20COREA%20SUSCRIBEN%20ACUERDO%20DE%20RECONOCIMIENTO%20MUTUO\\\/\",\"link_target\":\"blank\"}}]}]}]}],\"name\":\"T\\u00edtulos\"}],\"version\":\"4.4.12\"} --><\/p>\n","protected":false},"excerpt":{"rendered":"<p>Repositorio de los Acuerdos de Reconocimiento Mutuo del Operador Econ\u00f3mico Autorizado (ARM-OEA) Per\u00fa A la fecha se encuentran firmados los siguentes Acuerdos de Reconocimiento Mutuo (ARM): Per\u00fa \u2013 Corea del Sur Per\u00fa \u2013 Uruguay Per\u00fa \u2013 Alianza del Pac\u00edfico (M\u00e9xico, Colombia, Chile) Per\u00fa \u2013 EE.UU Per\u00fa \u2013 CAN (Colombia, Ecuador y Bolivia) Per\u00fa \u2013 Brasil [&hellip;]<\/p>\n","protected":false},"author":2,"featured_media":0,"parent":14686,"menu_order":0,"comment_status":"closed","ping_status":"closed","template":"","meta":{"_acf_changed":false,"footnotes":""},"class_list":["post-14750","page","type-page","status-publish","hentry"],"acf":[],"yoast_head":"<!-- This site is optimized with the Yoast SEO plugin v26.5 - https:\/\/yoast.com\/wordpress\/plugins\/seo\/ -->\n<title>ARM - OEA - Per\u00fa<\/title>\n<meta name=\"description\" content=\"Repositorio de los Acuerdos de Reconocimiento Mutuo del Operador Econ\u00f3mico Autorizado (ARM-OEA) Per\u00fa A la fecha se encuentran firmados los siguentes Acuerdos de Reconocimiento Mutuo (ARM): Per\u00fa \u2013 Corea del Sur Per\u00fa \u2013 Uruguay Per\u00fa \u2013 Alianza del Pac\u00edfico (M\u00e9xico, Colombia, Chile) Per\u00fa \u2013 EE.UU Per\u00fa \u2013 CAN (Colombia, Ecuador y Bolivia) Per\u00fa \u2013 Brasil&hellip;\" \/>\n<meta name=\"robots\" content=\"index, follow, max-snippet:-1, max-image-preview:large, max-video-preview:-1\" \/>\n<link rel=\"canonical\" href=\"\" \/>\n<meta property=\"og:locale\" content=\"pt_BR\" \/>\n<meta property=\"og:type\" content=\"article\" \/>\n<meta property=\"og:title\" content=\"ARM - OEA - Per\u00fa\" \/>\n<meta property=\"og:description\" content=\"Repositorio de los Acuerdos de Reconocimiento Mutuo del Operador Econ\u00f3mico Autorizado (ARM-OEA) Per\u00fa A la fecha se encuentran firmados los siguentes Acuerdos de Reconocimiento Mutuo (ARM): Per\u00fa \u2013 Corea del Sur Per\u00fa \u2013 Uruguay Per\u00fa \u2013 Alianza del Pac\u00edfico (M\u00e9xico, Colombia, Chile) Per\u00fa \u2013 EE.UU Per\u00fa \u2013 CAN (Colombia, Ecuador y Bolivia) Per\u00fa \u2013 Brasil&hellip;\" \/>\n<meta property=\"og:url\" content=\"https:\/\/www.aladi.org\/pt\/facilitacao-de-comercio\/operador-economico-autorizado\/repositorio-arm-oea\/arm-oea-peru\/\" \/>\n<meta property=\"og:site_name\" content=\"ALADI\" \/>\n<meta property=\"article:publisher\" content=\"https:\/\/es-la.facebook.com\/people\/ALADI\/100064606213084\/\" \/>\n<meta property=\"article:modified_time\" content=\"2026-04-15T15:12:49+00:00\" \/>\n<meta name=\"twitter:card\" content=\"summary_large_image\" \/>\n<meta name=\"twitter:site\" content=\"@ALADI_SG\" \/>\n<meta name=\"twitter:label1\" content=\"Est. reading time\" \/>\n\t<meta name=\"twitter:data1\" content=\"1 minute\" \/>\n<script type=\"application\/ld+json\" class=\"yoast-schema-graph\">{\"@context\":\"https:\/\/schema.org\",\"@graph\":[{\"@type\":\"WebPage\",\"@id\":\"https:\/\/www.aladi.org\/pt\/facilitacao-de-comercio\/operador-economico-autorizado\/repositorio-arm-oea\/arm-oea-peru\/\",\"url\":\"https:\/\/www.aladi.org\/pt\/facilitacao-de-comercio\/operador-economico-autorizado\/repositorio-arm-oea\/arm-oea-peru\/\",\"name\":\"ARM - OEA - Per\u00fa - ALADI\",\"isPartOf\":{\"@id\":\"https:\/\/www.aladi.org\/#website\"},\"datePublished\":\"2026-04-15T15:05:42+00:00\",\"dateModified\":\"2026-04-15T15:12:49+00:00\",\"breadcrumb\":{\"@id\":\"https:\/\/www.aladi.org\/pt\/facilitacao-de-comercio\/operador-economico-autorizado\/repositorio-arm-oea\/arm-oea-peru\/#breadcrumb\"},\"inLanguage\":\"pt-BR\",\"potentialAction\":[{\"@type\":\"ReadAction\",\"target\":[\"https:\/\/www.aladi.org\/pt\/facilitacao-de-comercio\/operador-economico-autorizado\/repositorio-arm-oea\/arm-oea-peru\/\"]}]},{\"@type\":\"BreadcrumbList\",\"@id\":\"https:\/\/www.aladi.org\/pt\/facilitacao-de-comercio\/operador-economico-autorizado\/repositorio-arm-oea\/arm-oea-peru\/#breadcrumb\",\"itemListElement\":[{\"@type\":\"ListItem\",\"position\":1,\"name\":\"Home\",\"item\":\"https:\/\/www.aladi.org\/\"},{\"@type\":\"ListItem\",\"position\":2,\"name\":\"Facilita\u00e7\u00e3o de com\u00e9rcio\",\"item\":\"https:\/\/www.aladi.org\/facilitacion-del-comercio\/\"},{\"@type\":\"ListItem\",\"position\":3,\"name\":\"Operador Econ\u00f4mico Autorizado\",\"item\":\"https:\/\/www.aladi.org\/facilitacion-del-comercio\/operador-economico-autorizado\/\"},{\"@type\":\"ListItem\",\"position\":4,\"name\":\"Repositorio de Acuerdos de Reconocimiento Mutuo del Operador Econ\u00f3mico Autorizado (ARM-OEA)\",\"item\":\"https:\/\/www.aladi.org\/facilitacion-del-comercio\/operador-economico-autorizado\/repositorio-arm-oea\/\"},{\"@type\":\"ListItem\",\"position\":5,\"name\":\"ARM - OEA - Per\u00fa\"}]},{\"@type\":\"WebSite\",\"@id\":\"https:\/\/www.aladi.org\/pt\/#website\",\"url\":\"https:\/\/www.aladi.org\/pt\/\",\"name\":\"ALADI\",\"description\":\"Asociaci\u00f3n Latinoamericana de Integraci\u00f3n\",\"publisher\":{\"@id\":\"https:\/\/www.aladi.org\/pt\/#organization\"},\"potentialAction\":[{\"@type\":\"SearchAction\",\"target\":{\"@type\":\"EntryPoint\",\"urlTemplate\":\"https:\/\/www.aladi.org\/pt\/?s={search_term_string}\"},\"query-input\":{\"@type\":\"PropertyValueSpecification\",\"valueRequired\":true,\"valueName\":\"search_term_string\"}}],\"inLanguage\":\"pt-BR\"},{\"@type\":\"Organization\",\"@id\":\"https:\/\/www.aladi.org\/pt\/#organization\",\"name\":\"ALADI\",\"url\":\"https:\/\/www.aladi.org\/pt\/\",\"logo\":{\"@type\":\"ImageObject\",\"inLanguage\":\"pt-BR\",\"@id\":\"https:\/\/www.aladi.org\/pt\/#\/schema\/logo\/image\/\",\"url\":\"https:\/\/www.aladi.org\/wp-content\/uploads\/2025\/12\/Logo-ALADI.png\",\"contentUrl\":\"https:\/\/www.aladi.org\/wp-content\/uploads\/2025\/12\/Logo-ALADI.png\",\"width\":375,\"height\":235,\"caption\":\"ALADI\"},\"image\":{\"@id\":\"https:\/\/www.aladi.org\/pt\/#\/schema\/logo\/image\/\"},\"sameAs\":[\"https:\/\/es-la.facebook.com\/people\/ALADI\/100064606213084\/\",\"https:\/\/x.com\/ALADI_SG\",\"https:\/\/www.instagram.com\/aladi_sg\/?hl=es\",\"https:\/\/www.linkedin.com\/company\/aladi\/\",\"https:\/\/www.flickr.com\/photos\/aladi\/\",\"https:\/\/www.youtube.com\/channel\/UCrkJWOWHKF6igQmWE8Clnpg\"]}]}<\/script>\n<!-- \/ Yoast SEO plugin. -->","yoast_head_json":{"title":"ARM - OEA - Per\u00fa","description":"Repositorio de los Acuerdos de Reconocimiento Mutuo del Operador Econ\u00f3mico Autorizado (ARM-OEA) Per\u00fa A la fecha se encuentran firmados los siguentes Acuerdos de Reconocimiento Mutuo (ARM): Per\u00fa \u2013 Corea del Sur Per\u00fa \u2013 Uruguay Per\u00fa \u2013 Alianza del Pac\u00edfico (M\u00e9xico, Colombia, Chile) Per\u00fa \u2013 EE.UU Per\u00fa \u2013 CAN (Colombia, Ecuador y Bolivia) Per\u00fa \u2013 Brasil&hellip;","robots":{"index":"index","follow":"follow","max-snippet":"max-snippet:-1","max-image-preview":"max-image-preview:large","max-video-preview":"max-video-preview:-1"},"canonical":"Repositorio de los Acuerdos de Reconocimiento Mutuo del Operador Econ\u00f3mico Autorizado (ARM-OEA) Per\u00fa A la fecha se encuentran firmados los siguentes Acuerdos de Reconocimiento Mutuo (ARM): Per\u00fa \u2013 Corea del Sur Per\u00fa \u2013 Uruguay Per\u00fa \u2013 Alianza del Pac\u00edfico (M\u00e9xico, Colombia, Chile) Per\u00fa \u2013 EE.UU Per\u00fa \u2013 CAN (Colombia, Ecuador y Bolivia) Per\u00fa \u2013 Brasil&hellip;","og_locale":"pt_BR","og_type":"article","og_title":"ARM - OEA - Per\u00fa","og_description":"Repositorio de los Acuerdos de Reconocimiento Mutuo del Operador Econ\u00f3mico Autorizado (ARM-OEA) Per\u00fa A la fecha se encuentran firmados los siguentes Acuerdos de Reconocimiento Mutuo (ARM): Per\u00fa \u2013 Corea del Sur Per\u00fa \u2013 Uruguay Per\u00fa \u2013 Alianza del Pac\u00edfico (M\u00e9xico, Colombia, Chile) Per\u00fa \u2013 EE.UU Per\u00fa \u2013 CAN (Colombia, Ecuador y Bolivia) Per\u00fa \u2013 Brasil&hellip;","og_url":"https:\/\/www.aladi.org\/pt\/facilitacao-de-comercio\/operador-economico-autorizado\/repositorio-arm-oea\/arm-oea-peru\/","og_site_name":"ALADI","article_publisher":"https:\/\/es-la.facebook.com\/people\/ALADI\/100064606213084\/","article_modified_time":"2026-04-15T15:12:49+00:00","twitter_card":"summary_large_image","twitter_site":"@ALADI_SG","twitter_misc":{"Est. reading time":"1 minute"},"schema":{"@context":"https:\/\/schema.org","@graph":[{"@type":"WebPage","@id":"https:\/\/www.aladi.org\/pt\/facilitacao-de-comercio\/operador-economico-autorizado\/repositorio-arm-oea\/arm-oea-peru\/","url":"https:\/\/www.aladi.org\/pt\/facilitacao-de-comercio\/operador-economico-autorizado\/repositorio-arm-oea\/arm-oea-peru\/","name":"ARM - OEA - Per\u00fa - ALADI","isPartOf":{"@id":"https:\/\/www.aladi.org\/#website"},"datePublished":"2026-04-15T15:05:42+00:00","dateModified":"2026-04-15T15:12:49+00:00","breadcrumb":{"@id":"https:\/\/www.aladi.org\/pt\/facilitacao-de-comercio\/operador-economico-autorizado\/repositorio-arm-oea\/arm-oea-peru\/#breadcrumb"},"inLanguage":"pt-BR","potentialAction":[{"@type":"ReadAction","target":["https:\/\/www.aladi.org\/pt\/facilitacao-de-comercio\/operador-economico-autorizado\/repositorio-arm-oea\/arm-oea-peru\/"]}]},{"@type":"BreadcrumbList","@id":"https:\/\/www.aladi.org\/pt\/facilitacao-de-comercio\/operador-economico-autorizado\/repositorio-arm-oea\/arm-oea-peru\/#breadcrumb","itemListElement":[{"@type":"ListItem","position":1,"name":"Home","item":"https:\/\/www.aladi.org\/"},{"@type":"ListItem","position":2,"name":"Facilita\u00e7\u00e3o de com\u00e9rcio","item":"https:\/\/www.aladi.org\/facilitacion-del-comercio\/"},{"@type":"ListItem","position":3,"name":"Operador Econ\u00f4mico Autorizado","item":"https:\/\/www.aladi.org\/facilitacion-del-comercio\/operador-economico-autorizado\/"},{"@type":"ListItem","position":4,"name":"Repositorio de Acuerdos de Reconocimiento Mutuo del Operador Econ\u00f3mico Autorizado (ARM-OEA)","item":"https:\/\/www.aladi.org\/facilitacion-del-comercio\/operador-economico-autorizado\/repositorio-arm-oea\/"},{"@type":"ListItem","position":5,"name":"ARM - OEA - Per\u00fa"}]},{"@type":"WebSite","@id":"https:\/\/www.aladi.org\/pt\/#website","url":"https:\/\/www.aladi.org\/pt\/","name":"ALADI","description":"Asociaci\u00f3n Latinoamericana de Integraci\u00f3n","publisher":{"@id":"https:\/\/www.aladi.org\/pt\/#organization"},"potentialAction":[{"@type":"SearchAction","target":{"@type":"EntryPoint","urlTemplate":"https:\/\/www.aladi.org\/pt\/?s={search_term_string}"},"query-input":{"@type":"PropertyValueSpecification","valueRequired":true,"valueName":"search_term_string"}}],"inLanguage":"pt-BR"},{"@type":"Organization","@id":"https:\/\/www.aladi.org\/pt\/#organization","name":"ALADI","url":"https:\/\/www.aladi.org\/pt\/","logo":{"@type":"ImageObject","inLanguage":"pt-BR","@id":"https:\/\/www.aladi.org\/pt\/#\/schema\/logo\/image\/","url":"https:\/\/www.aladi.org\/wp-content\/uploads\/2025\/12\/Logo-ALADI.png","contentUrl":"https:\/\/www.aladi.org\/wp-content\/uploads\/2025\/12\/Logo-ALADI.png","width":375,"height":235,"caption":"ALADI"},"image":{"@id":"https:\/\/www.aladi.org\/pt\/#\/schema\/logo\/image\/"},"sameAs":["https:\/\/es-la.facebook.com\/people\/ALADI\/100064606213084\/","https:\/\/x.com\/ALADI_SG","https:\/\/www.instagram.com\/aladi_sg\/?hl=es","https:\/\/www.linkedin.com\/company\/aladi\/","https:\/\/www.flickr.com\/photos\/aladi\/","https:\/\/www.youtube.com\/channel\/UCrkJWOWHKF6igQmWE8Clnpg"]}]}},"jetpack_sharing_enabled":true,"_links":{"self":[{"href":"https:\/\/www.aladi.org\/pt\/wp-json\/wp\/v2\/pages\/14750","targetHints":{"allow":["GET"]}}],"collection":[{"href":"https:\/\/www.aladi.org\/pt\/wp-json\/wp\/v2\/pages"}],"about":[{"href":"https:\/\/www.aladi.org\/pt\/wp-json\/wp\/v2\/types\/page"}],"author":[{"embeddable":true,"href":"https:\/\/www.aladi.org\/pt\/wp-json\/wp\/v2\/users\/2"}],"replies":[{"embeddable":true,"href":"https:\/\/www.aladi.org\/pt\/wp-json\/wp\/v2\/comments?post=14750"}],"version-history":[{"count":13,"href":"https:\/\/www.aladi.org\/pt\/wp-json\/wp\/v2\/pages\/14750\/revisions"}],"predecessor-version":[{"id":14786,"href":"https:\/\/www.aladi.org\/pt\/wp-json\/wp\/v2\/pages\/14750\/revisions\/14786"}],"up":[{"embeddable":true,"href":"https:\/\/www.aladi.org\/pt\/wp-json\/wp\/v2\/pages\/14686"}],"wp:attachment":[{"href":"https:\/\/www.aladi.org\/pt\/wp-json\/wp\/v2\/media?parent=14750"}],"curies":[{"name":"wp","href":"https:\/\/api.w.org\/{rel}","templated":true}]}}