{"id":14739,"date":"2026-04-15T15:06:04","date_gmt":"2026-04-15T15:06:04","guid":{"rendered":"https:\/\/www.aladi.org\/?page_id=14739"},"modified":"2026-04-15T15:32:17","modified_gmt":"2026-04-15T15:32:17","slug":"arm-oea-paraguay","status":"publish","type":"page","link":"https:\/\/www.aladi.org\/pt\/facilitacao-de-comercio\/operador-economico-autorizado\/repositorio-arm-oea\/arm-oea-paraguay\/","title":{"rendered":"ARM - OEA - Paraguay"},"content":{"rendered":"<div>Repositorio de los Acuerdos de Reconocimiento Mutuo del Operador Econ\u00f3mico Autorizado (ARM-OEA)<\/div>\n<h1><strong>Paraguay<\/strong><\/h1>\n<div>\n<p>La Direcci\u00f3n Nacional de Ingresos Tributarios, Departamento OEA inform\u00f3 que Paraguay tiene actualmente firmado dos Acuerdos de Reconocimiento Mutuo (ARM):<\/p>\n<\/div>\n<ul>\n<li>\n<div><a href=\"https:\/\/www.abti.org.br\/anexos\/20191213_ARM_OEA_MERCOSUL.pdf\" target=\"_blank\" rel=\"noopener\">MERCOSUR<\/a> (Argentina, Brasil, Uruguay, Bolivia y Paraguay)<\/div>\n<\/li>\n<li>\n<div><a href=\"https:\/\/www2.aladi.org\/sitioAladi\/documentos\/facilitacionComercio\/ARM-OEA\/ARM%20Regional.pdf\" target=\"_blank\" rel=\"noopener\">ARM Regional<\/a> (Argentina, Brasil, Uruguay, Colombia, Bolivia, Chile, Per\u00fa, Guatemala, Rep\u00fablica Dominicana, Costa Rica y Paraguay)<\/div>\n<\/li>\n<\/ul>\n<p><!--more--><br \/>\n<!-- {\"type\":\"layout\",\"children\":[{\"type\":\"section\",\"props\":{\"image_loading\":true,\"image_position\":\"top-center\",\"media_visibility\":\"m\",\"padding\":\"small\",\"padding_remove_horizontal\":false,\"padding_remove_top\":false,\"style\":\"default\",\"title_breakpoint\":\"xl\",\"title_position\":\"top-left\",\"title_rotation\":\"left\",\"vertical_align\":\"\",\"width\":\"xlarge\"},\"children\":[{\"type\":\"row\",\"props\":{\"width\":\"xlarge\"},\"children\":[{\"type\":\"column\",\"props\":{\"image_position\":\"center-center\",\"position_sticky_breakpoint\":\"m\"},\"children\":[{\"type\":\"breadcrumbs\",\"props\":{\"margin\":\"remove-vertical\",\"margin_remove_top\":true,\"show_current\":true,\"show_home\":true}}]}]},{\"type\":\"row\",\"props\":{\"margin_remove_bottom\":false,\"width\":\"xlarge\"},\"children\":[{\"type\":\"column\",\"props\":{\"image_position\":\"center-center\",\"image_size\":\"cover\",\"padding\":\"none\",\"position_sticky_breakpoint\":\"m\",\"vertical_align\":\"middle\"},\"children\":[{\"type\":\"headline\",\"props\":{\"content\":\"Repositorio de los Acuerdos de Reconocimiento Mutuo del Operador Econ\\u00f3mico Autorizado (ARM-OEA)\",\"content_pt_br\":\"\n\n<p>Reposit\\u00f3rio dos Acordos de Reconhecimento M\\u00fatuo do Operador Econ\\u00f4mico Autorizado (ARM-OEA)<\\\/p>\",\"link_style\":false,\"title_color\":\"primary\",\"title_element\":\"div\",\"title_style\":\"h6\"}},{\"type\":\"headline\",\"props\":{\"content\":\"<strong>Paraguay<\\\/strong>\",\"content_pt_br\":\"<strong>Paraguai<\\\/strong>\",\"margin\":\"medium\",\"margin_remove_bottom\":false,\"margin_remove_top\":false,\"maxwidth\":\"xlarge\",\"text_align\":\"left\",\"text_align_fallback\":\"center\",\"title_color\":\"secondary\",\"title_element\":\"h1\",\"title_style\":\"h1\"}},{\"type\":\"text\",\"props\":{\"column_breakpoint\":\"m\",\"content\":\"\n\n<p>La Direcci\\u00f3n Nacional de Ingresos Tributarios, Departamento OEA inform\\u00f3 que Paraguay tiene actualmente firmado dos Acuerdos de Reconocimiento Mutuo (ARM):<\\\/p>\",\"content_pt_br\":\"\n\n<p>A Direcci\\u00f3n Nacional de Ingresos Tributarios, Departamento OEA, informou que o Paraguai tem atualmente assinados dois Acordos de Reconhecimento M\\u00fatuo (ARM):<\\\/p>\",\"dropcap\":false,\"margin\":\"default\"}},{\"type\":\"list\",\"props\":{\"column_breakpoint\":\"m\",\"image_align\":\"left\",\"image_svg_color\":\"emphasis\",\"image_vertical_align\":true,\"list_element\":\"ul\",\"list_horizontal_separator\":\", \",\"list_marker\":\"disc\",\"list_type\":\"vertical\",\"show_image\":true,\"show_link\":true},\"children\":[{\"type\":\"list_item\",\"props\":{\"content\":\"<a href=\\\"https:\\\/\\\/www.abti.org.br\\\/anexos\\\/20191213_ARM_OEA_MERCOSUL.pdf\\\" target=\\\"_blank\\\" rel=\\\"noopener\\\">MERCOSUR<\\\/a> (Argentina, Brasil, Uruguay, Bolivia y Paraguay)\",\"content_pt_br\":\"<a href=\\\"https:\\\/\\\/www.gov.br\\\/receitafederal\\\/pt-br\\\/assuntos\\\/aduana-e-comercio-exterior\\\/importacao-e-exportacao\\\/oea\\\/beneficios\\\/acordos-de-reconhecimento-mutuo\\\/arm-ja-assinados\\\/arm-mercosul\\\/arm-brasil-mercosul.pdf\\\" target=\\\"_blank\\\" rel=\\\"noopener\\\">MERCOSUL<\\\/a> (Argentina, Brasil, Uruguai, Bol\\u00edvia e Paraguai)\"}},{\"type\":\"list_item\",\"props\":{\"content\":\"<a href=\\\"https:\\\/\\\/www2.aladi.org\\\/sitioAladi\\\/documentos\\\/facilitacionComercio\\\/ARM-OEA\\\/ARM%20Regional.pdf\\\" target=\\\"_blank\\\" rel=\\\"noopener\\\">ARM Regional<\\\/a> (Argentina, Brasil, Uruguay, Colombia, Bolivia, Chile, Per\\u00fa, Guatemala, Rep\\u00fablica Dominicana, Costa Rica y Paraguay)\",\"content_pt_br\":\"<a href=\\\"https:\\\/\\\/www.gov.br\\\/receitafederal\\\/pt-br\\\/assuntos\\\/aduana-e-comercio-exterior\\\/importacao-e-exportacao\\\/oea\\\/beneficios\\\/acordos-de-reconhecimento-mutuo\\\/arm-ja-assinados\\\/arm-regional-1\\\/arm-regional-assinado-portugues.pdf\\\" target=\\\"_blank\\\" rel=\\\"noopener\\\">ARM Regional<\\\/a> (Argentina, Brasil, Uruguai, Col\\u00f4mbia, Bol\\u00edvia, Chile, Peru, Guatemala, Rep\\u00fablica Dominicana, Costa Rica e Paraguai)\"}}]}]}]}],\"name\":\"T\\u00edtulos\"}],\"version\":\"4.4.12\"} --><\/p>\n","protected":false},"excerpt":{"rendered":"<p>Repositorio de los Acuerdos de Reconocimiento Mutuo del Operador Econ\u00f3mico Autorizado (ARM-OEA) Paraguay La Direcci\u00f3n Nacional de Ingresos Tributarios, Departamento OEA inform\u00f3 que Paraguay tiene actualmente firmado dos Acuerdos de Reconocimiento Mutuo (ARM): MERCOSUR (Argentina, Brasil, Uruguay, Bolivia y Paraguay) ARM Regional (Argentina, Brasil, Uruguay, Colombia, Bolivia, Chile, Per\u00fa, Guatemala, Rep\u00fablica Dominicana, Costa Rica y [&hellip;]<\/p>\n","protected":false},"author":2,"featured_media":0,"parent":14686,"menu_order":0,"comment_status":"closed","ping_status":"closed","template":"","meta":{"_acf_changed":false,"footnotes":""},"class_list":["post-14739","page","type-page","status-publish","hentry"],"acf":[],"yoast_head":"<!-- This site is optimized with the Yoast SEO plugin v26.5 - https:\/\/yoast.com\/wordpress\/plugins\/seo\/ -->\n<title>ARM - OEA - Paraguay<\/title>\n<meta name=\"description\" content=\"Repositorio de los Acuerdos de Reconocimiento Mutuo del Operador Econ\u00f3mico Autorizado (ARM-OEA) Paraguay La Direcci\u00f3n Nacional de Ingresos Tributarios, Departamento OEA inform\u00f3 que Paraguay tiene actualmente firmado dos Acuerdos de Reconocimiento Mutuo (ARM): MERCOSUR (Argentina, Brasil, Uruguay, Bolivia y Paraguay) ARM Regional (Argentina, Brasil, Uruguay, Colombia, Bolivia, Chile, Per\u00fa, Guatemala, Rep\u00fablica Dominicana, Costa Rica y&hellip;\" \/>\n<meta name=\"robots\" content=\"index, follow, max-snippet:-1, max-image-preview:large, max-video-preview:-1\" \/>\n<link rel=\"canonical\" href=\"\" \/>\n<meta property=\"og:locale\" content=\"pt_BR\" \/>\n<meta property=\"og:type\" content=\"article\" \/>\n<meta property=\"og:title\" content=\"ARM - OEA - Paraguay\" \/>\n<meta property=\"og:description\" content=\"Repositorio de los Acuerdos de Reconocimiento Mutuo del Operador Econ\u00f3mico Autorizado (ARM-OEA) Paraguay La Direcci\u00f3n Nacional de Ingresos Tributarios, Departamento OEA inform\u00f3 que Paraguay tiene actualmente firmado dos Acuerdos de Reconocimiento Mutuo (ARM): MERCOSUR (Argentina, Brasil, Uruguay, Bolivia y Paraguay) ARM Regional (Argentina, Brasil, Uruguay, Colombia, Bolivia, Chile, Per\u00fa, Guatemala, Rep\u00fablica Dominicana, Costa Rica y&hellip;\" \/>\n<meta property=\"og:url\" content=\"https:\/\/www.aladi.org\/pt\/facilitacao-de-comercio\/operador-economico-autorizado\/repositorio-arm-oea\/arm-oea-paraguay\/\" \/>\n<meta property=\"og:site_name\" content=\"ALADI\" \/>\n<meta property=\"article:publisher\" content=\"https:\/\/es-la.facebook.com\/people\/ALADI\/100064606213084\/\" \/>\n<meta property=\"article:modified_time\" content=\"2026-04-15T15:32:17+00:00\" \/>\n<meta name=\"twitter:card\" content=\"summary_large_image\" \/>\n<meta name=\"twitter:site\" content=\"@ALADI_SG\" \/>\n<meta name=\"twitter:label1\" content=\"Est. reading time\" \/>\n\t<meta name=\"twitter:data1\" content=\"1 minute\" \/>\n<script type=\"application\/ld+json\" class=\"yoast-schema-graph\">{\"@context\":\"https:\/\/schema.org\",\"@graph\":[{\"@type\":\"WebPage\",\"@id\":\"https:\/\/www.aladi.org\/pt\/facilitacao-de-comercio\/operador-economico-autorizado\/repositorio-arm-oea\/arm-oea-paraguay\/\",\"url\":\"https:\/\/www.aladi.org\/pt\/facilitacao-de-comercio\/operador-economico-autorizado\/repositorio-arm-oea\/arm-oea-paraguay\/\",\"name\":\"ARM - OEA - Paraguay - ALADI\",\"isPartOf\":{\"@id\":\"https:\/\/www.aladi.org\/#website\"},\"datePublished\":\"2026-04-15T15:06:04+00:00\",\"dateModified\":\"2026-04-15T15:32:17+00:00\",\"breadcrumb\":{\"@id\":\"https:\/\/www.aladi.org\/pt\/facilitacao-de-comercio\/operador-economico-autorizado\/repositorio-arm-oea\/arm-oea-paraguay\/#breadcrumb\"},\"inLanguage\":\"pt-BR\",\"potentialAction\":[{\"@type\":\"ReadAction\",\"target\":[\"https:\/\/www.aladi.org\/pt\/facilitacao-de-comercio\/operador-economico-autorizado\/repositorio-arm-oea\/arm-oea-paraguay\/\"]}]},{\"@type\":\"BreadcrumbList\",\"@id\":\"https:\/\/www.aladi.org\/pt\/facilitacao-de-comercio\/operador-economico-autorizado\/repositorio-arm-oea\/arm-oea-paraguay\/#breadcrumb\",\"itemListElement\":[{\"@type\":\"ListItem\",\"position\":1,\"name\":\"Home\",\"item\":\"https:\/\/www.aladi.org\/\"},{\"@type\":\"ListItem\",\"position\":2,\"name\":\"Facilita\u00e7\u00e3o de com\u00e9rcio\",\"item\":\"https:\/\/www.aladi.org\/facilitacion-del-comercio\/\"},{\"@type\":\"ListItem\",\"position\":3,\"name\":\"Operador Econ\u00f4mico Autorizado\",\"item\":\"https:\/\/www.aladi.org\/facilitacion-del-comercio\/operador-economico-autorizado\/\"},{\"@type\":\"ListItem\",\"position\":4,\"name\":\"Repositorio de Acuerdos de Reconocimiento Mutuo del Operador Econ\u00f3mico Autorizado (ARM-OEA)\",\"item\":\"https:\/\/www.aladi.org\/facilitacion-del-comercio\/operador-economico-autorizado\/repositorio-arm-oea\/\"},{\"@type\":\"ListItem\",\"position\":5,\"name\":\"ARM - OEA - Paraguay\"}]},{\"@type\":\"WebSite\",\"@id\":\"https:\/\/www.aladi.org\/pt\/#website\",\"url\":\"https:\/\/www.aladi.org\/pt\/\",\"name\":\"ALADI\",\"description\":\"Asociaci\u00f3n Latinoamericana de Integraci\u00f3n\",\"publisher\":{\"@id\":\"https:\/\/www.aladi.org\/pt\/#organization\"},\"potentialAction\":[{\"@type\":\"SearchAction\",\"target\":{\"@type\":\"EntryPoint\",\"urlTemplate\":\"https:\/\/www.aladi.org\/pt\/?s={search_term_string}\"},\"query-input\":{\"@type\":\"PropertyValueSpecification\",\"valueRequired\":true,\"valueName\":\"search_term_string\"}}],\"inLanguage\":\"pt-BR\"},{\"@type\":\"Organization\",\"@id\":\"https:\/\/www.aladi.org\/pt\/#organization\",\"name\":\"ALADI\",\"url\":\"https:\/\/www.aladi.org\/pt\/\",\"logo\":{\"@type\":\"ImageObject\",\"inLanguage\":\"pt-BR\",\"@id\":\"https:\/\/www.aladi.org\/pt\/#\/schema\/logo\/image\/\",\"url\":\"https:\/\/www.aladi.org\/wp-content\/uploads\/2025\/12\/Logo-ALADI.png\",\"contentUrl\":\"https:\/\/www.aladi.org\/wp-content\/uploads\/2025\/12\/Logo-ALADI.png\",\"width\":375,\"height\":235,\"caption\":\"ALADI\"},\"image\":{\"@id\":\"https:\/\/www.aladi.org\/pt\/#\/schema\/logo\/image\/\"},\"sameAs\":[\"https:\/\/es-la.facebook.com\/people\/ALADI\/100064606213084\/\",\"https:\/\/x.com\/ALADI_SG\",\"https:\/\/www.instagram.com\/aladi_sg\/?hl=es\",\"https:\/\/www.linkedin.com\/company\/aladi\/\",\"https:\/\/www.flickr.com\/photos\/aladi\/\",\"https:\/\/www.youtube.com\/channel\/UCrkJWOWHKF6igQmWE8Clnpg\"]}]}<\/script>\n<!-- \/ Yoast SEO plugin. -->","yoast_head_json":{"title":"ARM - OEA - Paraguay","description":"Repositorio de los Acuerdos de Reconocimiento Mutuo del Operador Econ\u00f3mico Autorizado (ARM-OEA) Paraguay La Direcci\u00f3n Nacional de Ingresos Tributarios, Departamento OEA inform\u00f3 que Paraguay tiene actualmente firmado dos Acuerdos de Reconocimiento Mutuo (ARM): MERCOSUR (Argentina, Brasil, Uruguay, Bolivia y Paraguay) ARM Regional (Argentina, Brasil, Uruguay, Colombia, Bolivia, Chile, Per\u00fa, Guatemala, Rep\u00fablica Dominicana, Costa Rica y&hellip;","robots":{"index":"index","follow":"follow","max-snippet":"max-snippet:-1","max-image-preview":"max-image-preview:large","max-video-preview":"max-video-preview:-1"},"canonical":"Repositorio de los Acuerdos de Reconocimiento Mutuo del Operador Econ\u00f3mico Autorizado (ARM-OEA) Paraguay La Direcci\u00f3n Nacional de Ingresos Tributarios, Departamento OEA inform\u00f3 que Paraguay tiene actualmente firmado dos Acuerdos de Reconocimiento Mutuo (ARM): MERCOSUR (Argentina, Brasil, Uruguay, Bolivia y Paraguay) ARM Regional (Argentina, Brasil, Uruguay, Colombia, Bolivia, Chile, Per\u00fa, Guatemala, Rep\u00fablica Dominicana, Costa Rica y&hellip;","og_locale":"pt_BR","og_type":"article","og_title":"ARM - OEA - Paraguay","og_description":"Repositorio de los Acuerdos de Reconocimiento Mutuo del Operador Econ\u00f3mico Autorizado (ARM-OEA) Paraguay La Direcci\u00f3n Nacional de Ingresos Tributarios, Departamento OEA inform\u00f3 que Paraguay tiene actualmente firmado dos Acuerdos de Reconocimiento Mutuo (ARM): MERCOSUR (Argentina, Brasil, Uruguay, Bolivia y Paraguay) ARM Regional (Argentina, Brasil, Uruguay, Colombia, Bolivia, Chile, Per\u00fa, Guatemala, Rep\u00fablica Dominicana, Costa Rica y&hellip;","og_url":"https:\/\/www.aladi.org\/pt\/facilitacao-de-comercio\/operador-economico-autorizado\/repositorio-arm-oea\/arm-oea-paraguay\/","og_site_name":"ALADI","article_publisher":"https:\/\/es-la.facebook.com\/people\/ALADI\/100064606213084\/","article_modified_time":"2026-04-15T15:32:17+00:00","twitter_card":"summary_large_image","twitter_site":"@ALADI_SG","twitter_misc":{"Est. reading time":"1 minute"},"schema":{"@context":"https:\/\/schema.org","@graph":[{"@type":"WebPage","@id":"https:\/\/www.aladi.org\/pt\/facilitacao-de-comercio\/operador-economico-autorizado\/repositorio-arm-oea\/arm-oea-paraguay\/","url":"https:\/\/www.aladi.org\/pt\/facilitacao-de-comercio\/operador-economico-autorizado\/repositorio-arm-oea\/arm-oea-paraguay\/","name":"ARM - OEA - Paraguay - ALADI","isPartOf":{"@id":"https:\/\/www.aladi.org\/#website"},"datePublished":"2026-04-15T15:06:04+00:00","dateModified":"2026-04-15T15:32:17+00:00","breadcrumb":{"@id":"https:\/\/www.aladi.org\/pt\/facilitacao-de-comercio\/operador-economico-autorizado\/repositorio-arm-oea\/arm-oea-paraguay\/#breadcrumb"},"inLanguage":"pt-BR","potentialAction":[{"@type":"ReadAction","target":["https:\/\/www.aladi.org\/pt\/facilitacao-de-comercio\/operador-economico-autorizado\/repositorio-arm-oea\/arm-oea-paraguay\/"]}]},{"@type":"BreadcrumbList","@id":"https:\/\/www.aladi.org\/pt\/facilitacao-de-comercio\/operador-economico-autorizado\/repositorio-arm-oea\/arm-oea-paraguay\/#breadcrumb","itemListElement":[{"@type":"ListItem","position":1,"name":"Home","item":"https:\/\/www.aladi.org\/"},{"@type":"ListItem","position":2,"name":"Facilita\u00e7\u00e3o de com\u00e9rcio","item":"https:\/\/www.aladi.org\/facilitacion-del-comercio\/"},{"@type":"ListItem","position":3,"name":"Operador Econ\u00f4mico Autorizado","item":"https:\/\/www.aladi.org\/facilitacion-del-comercio\/operador-economico-autorizado\/"},{"@type":"ListItem","position":4,"name":"Repositorio de Acuerdos de Reconocimiento Mutuo del Operador Econ\u00f3mico Autorizado (ARM-OEA)","item":"https:\/\/www.aladi.org\/facilitacion-del-comercio\/operador-economico-autorizado\/repositorio-arm-oea\/"},{"@type":"ListItem","position":5,"name":"ARM - OEA - Paraguay"}]},{"@type":"WebSite","@id":"https:\/\/www.aladi.org\/pt\/#website","url":"https:\/\/www.aladi.org\/pt\/","name":"ALADI","description":"Asociaci\u00f3n Latinoamericana de Integraci\u00f3n","publisher":{"@id":"https:\/\/www.aladi.org\/pt\/#organization"},"potentialAction":[{"@type":"SearchAction","target":{"@type":"EntryPoint","urlTemplate":"https:\/\/www.aladi.org\/pt\/?s={search_term_string}"},"query-input":{"@type":"PropertyValueSpecification","valueRequired":true,"valueName":"search_term_string"}}],"inLanguage":"pt-BR"},{"@type":"Organization","@id":"https:\/\/www.aladi.org\/pt\/#organization","name":"ALADI","url":"https:\/\/www.aladi.org\/pt\/","logo":{"@type":"ImageObject","inLanguage":"pt-BR","@id":"https:\/\/www.aladi.org\/pt\/#\/schema\/logo\/image\/","url":"https:\/\/www.aladi.org\/wp-content\/uploads\/2025\/12\/Logo-ALADI.png","contentUrl":"https:\/\/www.aladi.org\/wp-content\/uploads\/2025\/12\/Logo-ALADI.png","width":375,"height":235,"caption":"ALADI"},"image":{"@id":"https:\/\/www.aladi.org\/pt\/#\/schema\/logo\/image\/"},"sameAs":["https:\/\/es-la.facebook.com\/people\/ALADI\/100064606213084\/","https:\/\/x.com\/ALADI_SG","https:\/\/www.instagram.com\/aladi_sg\/?hl=es","https:\/\/www.linkedin.com\/company\/aladi\/","https:\/\/www.flickr.com\/photos\/aladi\/","https:\/\/www.youtube.com\/channel\/UCrkJWOWHKF6igQmWE8Clnpg"]}]}},"jetpack_sharing_enabled":true,"_links":{"self":[{"href":"https:\/\/www.aladi.org\/pt\/wp-json\/wp\/v2\/pages\/14739","targetHints":{"allow":["GET"]}}],"collection":[{"href":"https:\/\/www.aladi.org\/pt\/wp-json\/wp\/v2\/pages"}],"about":[{"href":"https:\/\/www.aladi.org\/pt\/wp-json\/wp\/v2\/types\/page"}],"author":[{"embeddable":true,"href":"https:\/\/www.aladi.org\/pt\/wp-json\/wp\/v2\/users\/2"}],"replies":[{"embeddable":true,"href":"https:\/\/www.aladi.org\/pt\/wp-json\/wp\/v2\/comments?post=14739"}],"version-history":[{"count":11,"href":"https:\/\/www.aladi.org\/pt\/wp-json\/wp\/v2\/pages\/14739\/revisions"}],"predecessor-version":[{"id":14819,"href":"https:\/\/www.aladi.org\/pt\/wp-json\/wp\/v2\/pages\/14739\/revisions\/14819"}],"up":[{"embeddable":true,"href":"https:\/\/www.aladi.org\/pt\/wp-json\/wp\/v2\/pages\/14686"}],"wp:attachment":[{"href":"https:\/\/www.aladi.org\/pt\/wp-json\/wp\/v2\/media?parent=14739"}],"curies":[{"name":"wp","href":"https:\/\/api.w.org\/{rel}","templated":true}]}}