{"id":14732,"date":"2026-04-15T15:05:05","date_gmt":"2026-04-15T15:05:05","guid":{"rendered":"https:\/\/www.aladi.org\/?page_id=14732"},"modified":"2026-04-15T15:15:04","modified_gmt":"2026-04-15T15:15:04","slug":"arm-oea-mexico","status":"publish","type":"page","link":"https:\/\/www.aladi.org\/pt\/facilitacao-de-comercio\/operador-economico-autorizado\/repositorio-arm-oea\/arm-oea-mexico\/","title":{"rendered":"ARM - OEA - M\u00e9xico"},"content":{"rendered":"<div>Repositorio de los Acuerdos de Reconocimiento Mutuo del Operador Econ\u00f3mico Autorizado (ARM-OEA)<\/div>\n<h1><strong>M\u00e9xico<\/strong><\/h1>\n<div>\n<p>Se identifican los siguientes Acuerdos de Reconocimiento Mutuo (ARM) firmados:<\/p>\n<\/div>\n<ul>\n<li>\n<div>\n<p>M\u00e9xico &#8211; Corea del Sur<br \/>Firma del ARM: 11 marzo de 2014 en Ia Ciudad de M\u00e9xico.<\/p>\n<\/div>\n<\/li>\n<li>\n<div>\n<p>M\u00e9xico &#8211; Estados Unidos de America<br \/>Firma del ARM: 17 de octubre de 2014 en San Ysidro, California.<\/p>\n<\/div>\n<\/li>\n<li>\n<div>\n<p>M\u00e9xico &#8211; Canad\u00e1<br \/>Firma del ARM: 11 de mayo de 2016 en Canc\u00fan, M\u00e9xico.<\/p>\n<\/div>\n<\/li>\n<li>\n<div>\n<p>M\u00e9xico &#8211; Costa Rica<br \/>Firma del ARM: 17 de abril de 2018 en Los Cabos, M\u00e9xico.<\/p>\n<\/div>\n<\/li>\n<li>\n<div>\n<p>Alianza del Pac\u00edfico (Chile, Colombia, M\u00e9xico y Per\u00fa)<br \/>Firma del ARM: 21 de julio de 2018, en el marco de Ia Comisi\u00f3n de Libre Comercio, durante Ia XIII Cumbre Presidencial de Ia Alianza del Pac\u00edfico en Puerto Vallarta, M\u00e9xico.<\/p>\n<\/div>\n<\/li>\n<li>\n<div>\n<p>M\u00e9xico &#8211; Israel<br \/>Firma del ARM: 1 de abril de 2019 en Jerusal\u00e9n, Estado de Israel.<\/p>\n<\/div>\n<\/li>\n<li>\n<div>\n<p>M\u00e9xico &#8211; Hong Kong<br \/>Firma del ARM: Firmas cruzadas el 19 de marzo 2020 en M\u00e9xico y el 24 de diciembre de 2020 en Hong Kong.<\/p>\n<\/div>\n<\/li>\n<li>\n<div>\n<p>M\u00e9xico &#8211; Brasil<br \/>Firma del ARM: Firmas cruzadas el 7 de abril de 2021 en M\u00e9xico y el 5 de mayo de 2021 en Brasil.<\/p>\n<\/div>\n<\/li>\n<\/ul>\n<div>\n<p>(*) Los documentos de los Acuerdos se encuentran clasificados como informaci\u00f3n reservada.<\/p>\n<\/div>\n<p><!--more--><br \/>\n<!-- {\"type\":\"layout\",\"children\":[{\"type\":\"section\",\"props\":{\"image_loading\":true,\"image_position\":\"top-center\",\"media_visibility\":\"m\",\"padding\":\"small\",\"padding_remove_horizontal\":false,\"padding_remove_top\":false,\"style\":\"default\",\"title_breakpoint\":\"xl\",\"title_position\":\"top-left\",\"title_rotation\":\"left\",\"vertical_align\":\"\",\"width\":\"xlarge\"},\"children\":[{\"type\":\"row\",\"props\":{\"width\":\"xlarge\"},\"children\":[{\"type\":\"column\",\"props\":{\"image_position\":\"center-center\",\"position_sticky_breakpoint\":\"m\"},\"children\":[{\"type\":\"breadcrumbs\",\"props\":{\"margin\":\"remove-vertical\",\"margin_remove_top\":true,\"show_current\":true,\"show_home\":true}}]}]},{\"type\":\"row\",\"props\":{\"margin_remove_bottom\":false,\"width\":\"xlarge\"},\"children\":[{\"type\":\"column\",\"props\":{\"image_position\":\"center-center\",\"image_size\":\"cover\",\"padding\":\"none\",\"position_sticky_breakpoint\":\"m\",\"vertical_align\":\"middle\"},\"children\":[{\"type\":\"headline\",\"props\":{\"content\":\"Repositorio de los Acuerdos de Reconocimiento Mutuo del Operador Econ\\u00f3mico Autorizado (ARM-OEA)\",\"content_pt_br\":\"\n\n<p>Reposit\\u00f3rio dos Acordos de Reconhecimento M\\u00fatuo do Operador Econ\\u00f4mico Autorizado (ARM-OEA)<\\\/p>\",\"link_style\":false,\"title_color\":\"primary\",\"title_element\":\"div\",\"title_style\":\"h6\"}},{\"type\":\"headline\",\"props\":{\"content\":\"<strong>M\\u00e9xico<\\\/strong>\",\"content_pt_br\":\"<strong>M\\u00e9xico<\\\/strong>\",\"margin\":\"medium\",\"margin_remove_bottom\":false,\"margin_remove_top\":false,\"maxwidth\":\"xlarge\",\"text_align\":\"left\",\"text_align_fallback\":\"center\",\"title_color\":\"secondary\",\"title_element\":\"h1\",\"title_style\":\"h1\"}},{\"type\":\"text\",\"props\":{\"column_breakpoint\":\"m\",\"content\":\"\n\n<p>Se identifican los siguientes Acuerdos de Reconocimiento Mutuo (ARM) firmados:<\\\/p>\",\"content_pt_br\":\"\n\n<p>S\\u00e3o identificados os seguintes Acordos de Reconhecimento M\\u00fatuo (ARM) assinados:<\\\/p>\",\"dropcap\":false,\"margin\":\"default\"}},{\"type\":\"list\",\"props\":{\"column_breakpoint\":\"m\",\"image_align\":\"left\",\"image_svg_color\":\"emphasis\",\"image_vertical_align\":true,\"list_element\":\"ul\",\"list_horizontal_separator\":\", \",\"list_marker\":\"disc\",\"list_type\":\"vertical\",\"show_image\":true,\"show_link\":true},\"children\":[{\"type\":\"list_item\",\"props\":{\"content\":\"\n\n<p>M\\u00e9xico - Corea del Sur<br \\\/>Firma del ARM: 11 marzo de 2014 en Ia Ciudad de M\\u00e9xico.<\\\/p>\",\"content_pt_br\":\"\n\n<p>M\\u00e9xico - Coreia do Sul<br \\\/>Assinatura do ARM: 11 mar\\u00e7o de 2014 na Cidade do M\\u00e9xico.<\\\/p>\"}},{\"type\":\"list_item\",\"props\":{\"content\":\"\n\n<p>M\\u00e9xico - Estados Unidos de America<br \\\/>Firma del ARM: 17 de octubre de 2014 en San Ysidro, California.<\\\/p>\",\"content_pt_br\":\"\n\n<p>M\\u00e9xico - Estados Unidos da Am\\u00e9rica<br \\\/>Assinatura do ARM: 17 de outubro de 2014 em San Ysidro, Calif\\u00f3rnia.<\\\/p>\"}},{\"type\":\"list_item\",\"props\":{\"content\":\"\n\n<p>M\\u00e9xico - Canad\\u00e1<br \\\/>Firma del ARM: 11 de mayo de 2016 en Canc\\u00fan, M\\u00e9xico.<\\\/p>\",\"content_pt_br\":\"\n\n<p>M\\u00e9xico - Canad\\u00e1<br \\\/>Assinatura do ARM: 11 de maio de 2016, em Cancun, M\\u00e9xico.<\\\/p>\"}},{\"type\":\"list_item\",\"props\":{\"content\":\"\n\n<p>M\\u00e9xico - Costa Rica<br \\\/>Firma del ARM: 17 de abril de 2018 en Los Cabos, M\\u00e9xico.<\\\/p>\",\"content_pt_br\":\"\n\n<p>M\\u00e9xico - Costa Rica<br \\\/>Assinatura do ARM: 17 de abril de 2018 em Los Cabos, M\\u00e9xico.<\\\/p>\"}},{\"type\":\"list_item\",\"props\":{\"content\":\"\n\n<p>Alianza del Pac\\u00edfico (Chile, Colombia, M\\u00e9xico y Per\\u00fa)<br \\\/>Firma del ARM: 21 de julio de 2018, en el marco de Ia Comisi\\u00f3n de Libre Comercio, durante Ia XIII Cumbre Presidencial de Ia Alianza del Pac\\u00edfico en Puerto Vallarta, M\\u00e9xico.<\\\/p>\",\"content_pt_br\":\"\n\n<p>Alian\\u00e7a do Pac\\u00edfico (Chile, Col\\u00f4mbia, M\\u00e9xico e Peru)<br \\\/>Assinatura do ARM: 21 de julho de 2018, no \\u00e2mbito da Comiss\\u00e3o de Livre Com\\u00e9rcio, durante a XIII C\\u00fapula Presidencial da Alian\\u00e7a do Pacifico em Puerto Vallarta, M\\u00e9xico.<\\\/p>\"}},{\"type\":\"list_item\",\"props\":{\"content\":\"\n\n<p>M\\u00e9xico - Israel<br \\\/>Firma del ARM: 1 de abril de 2019 en Jerusal\\u00e9n, Estado de Israel.<\\\/p>\",\"content_pt_br\":\"\n\n<p>M\\u00e9xico - Israel<br \\\/>Assinatura do ARM: 01 de abril de 2019 em Jerusal\\u00e9m, Estado de Israel.<\\\/p>\"}},{\"type\":\"list_item\",\"props\":{\"content\":\"\n\n<p>M\\u00e9xico - Hong Kong<br \\\/>Firma del ARM: Firmas cruzadas el 19 de marzo 2020 en M\\u00e9xico y el 24 de diciembre de 2020 en Hong Kong.<\\\/p>\",\"content_pt_br\":\"\n\n<p>M\\u00e9xico - Hong Kong<br \\\/>Assinatura do ARM: Assinaturas cruzadas em 19 de mar\\u00e7o 2020 no M\\u00e9xico e em 24 de dezembro de 2020 em Hong Kong.<\\\/p>\"}},{\"type\":\"list_item\",\"props\":{\"content\":\"\n\n<p>M\\u00e9xico - Brasil<br \\\/>Firma del ARM: Firmas cruzadas el 7 de abril de 2021 en M\\u00e9xico y el 5 de mayo de 2021 en Brasil.<\\\/p>\",\"content_pt_br\":\"\n\n<p>M\\u00e9xico - Brasil<br \\\/>Assinatura do ARM: Assinaturas cruzadas em 07 de abril de 2021 no M\\u00e9xico e em 05 de maio de 2021 no Brasil<\\\/p>\"}}]},{\"type\":\"text\",\"props\":{\"column_breakpoint\":\"m\",\"content\":\"\n\n<p>(*) Los documentos de los Acuerdos se encuentran clasificados como informaci\\u00f3n reservada.<\\\/p>\",\"content_pt_br\":\"\n\n<p>(*) Os documentos dos Acordos encontram-se classificados como informa\\u00e7\\u00e3o reservada.<\\\/p>\",\"dropcap\":false,\"margin\":\"default\"}}]}]}],\"name\":\"T\\u00edtulos\"}],\"version\":\"4.4.12\"} --><\/p>\n","protected":false},"excerpt":{"rendered":"<p>Repositorio de los Acuerdos de Reconocimiento Mutuo del Operador Econ\u00f3mico Autorizado (ARM-OEA) M\u00e9xico Se identifican los siguientes Acuerdos de Reconocimiento Mutuo (ARM) firmados: M\u00e9xico &#8211; Corea del SurFirma del ARM: 11 marzo de 2014 en Ia Ciudad de M\u00e9xico. M\u00e9xico &#8211; Estados Unidos de AmericaFirma del ARM: 17 de octubre de 2014 en San Ysidro, [&hellip;]<\/p>\n","protected":false},"author":2,"featured_media":0,"parent":14686,"menu_order":0,"comment_status":"closed","ping_status":"closed","template":"","meta":{"_acf_changed":false,"footnotes":""},"class_list":["post-14732","page","type-page","status-publish","hentry"],"acf":[],"yoast_head":"<!-- This site is optimized with the Yoast SEO plugin v26.5 - https:\/\/yoast.com\/wordpress\/plugins\/seo\/ -->\n<title>ARM - OEA - M\u00e9xico<\/title>\n<meta name=\"description\" content=\"Repositorio de los Acuerdos de Reconocimiento Mutuo del Operador Econ\u00f3mico Autorizado (ARM-OEA) M\u00e9xico Se identifican los siguientes Acuerdos de Reconocimiento Mutuo (ARM) firmados: M\u00e9xico - Corea del SurFirma del ARM: 11 marzo de 2014 en Ia Ciudad de M\u00e9xico. M\u00e9xico - Estados Unidos de AmericaFirma del ARM: 17 de octubre de 2014 en San Ysidro,&hellip;\" \/>\n<meta name=\"robots\" content=\"index, follow, max-snippet:-1, max-image-preview:large, max-video-preview:-1\" \/>\n<link rel=\"canonical\" href=\"\" \/>\n<meta property=\"og:locale\" content=\"pt_BR\" \/>\n<meta property=\"og:type\" content=\"article\" \/>\n<meta property=\"og:title\" content=\"ARM - OEA - M\u00e9xico\" \/>\n<meta property=\"og:description\" content=\"Repositorio de los Acuerdos de Reconocimiento Mutuo del Operador Econ\u00f3mico Autorizado (ARM-OEA) M\u00e9xico Se identifican los siguientes Acuerdos de Reconocimiento Mutuo (ARM) firmados: M\u00e9xico - Corea del SurFirma del ARM: 11 marzo de 2014 en Ia Ciudad de M\u00e9xico. M\u00e9xico - Estados Unidos de AmericaFirma del ARM: 17 de octubre de 2014 en San Ysidro,&hellip;\" \/>\n<meta property=\"og:url\" content=\"https:\/\/www.aladi.org\/pt\/facilitacao-de-comercio\/operador-economico-autorizado\/repositorio-arm-oea\/arm-oea-mexico\/\" \/>\n<meta property=\"og:site_name\" content=\"ALADI\" \/>\n<meta property=\"article:publisher\" content=\"https:\/\/es-la.facebook.com\/people\/ALADI\/100064606213084\/\" \/>\n<meta property=\"article:modified_time\" content=\"2026-04-15T15:15:04+00:00\" \/>\n<meta name=\"twitter:card\" content=\"summary_large_image\" \/>\n<meta name=\"twitter:site\" content=\"@ALADI_SG\" \/>\n<meta name=\"twitter:label1\" content=\"Est. reading time\" \/>\n\t<meta name=\"twitter:data1\" content=\"1 minute\" \/>\n<script type=\"application\/ld+json\" class=\"yoast-schema-graph\">{\"@context\":\"https:\/\/schema.org\",\"@graph\":[{\"@type\":\"WebPage\",\"@id\":\"https:\/\/www.aladi.org\/pt\/facilitacao-de-comercio\/operador-economico-autorizado\/repositorio-arm-oea\/arm-oea-mexico\/\",\"url\":\"https:\/\/www.aladi.org\/pt\/facilitacao-de-comercio\/operador-economico-autorizado\/repositorio-arm-oea\/arm-oea-mexico\/\",\"name\":\"ARM - OEA - M\u00e9xico - ALADI\",\"isPartOf\":{\"@id\":\"https:\/\/www.aladi.org\/#website\"},\"datePublished\":\"2026-04-15T15:05:05+00:00\",\"dateModified\":\"2026-04-15T15:15:04+00:00\",\"breadcrumb\":{\"@id\":\"https:\/\/www.aladi.org\/pt\/facilitacao-de-comercio\/operador-economico-autorizado\/repositorio-arm-oea\/arm-oea-mexico\/#breadcrumb\"},\"inLanguage\":\"pt-BR\",\"potentialAction\":[{\"@type\":\"ReadAction\",\"target\":[\"https:\/\/www.aladi.org\/pt\/facilitacao-de-comercio\/operador-economico-autorizado\/repositorio-arm-oea\/arm-oea-mexico\/\"]}]},{\"@type\":\"BreadcrumbList\",\"@id\":\"https:\/\/www.aladi.org\/pt\/facilitacao-de-comercio\/operador-economico-autorizado\/repositorio-arm-oea\/arm-oea-mexico\/#breadcrumb\",\"itemListElement\":[{\"@type\":\"ListItem\",\"position\":1,\"name\":\"Home\",\"item\":\"https:\/\/www.aladi.org\/\"},{\"@type\":\"ListItem\",\"position\":2,\"name\":\"Facilita\u00e7\u00e3o de com\u00e9rcio\",\"item\":\"https:\/\/www.aladi.org\/facilitacion-del-comercio\/\"},{\"@type\":\"ListItem\",\"position\":3,\"name\":\"Operador Econ\u00f4mico Autorizado\",\"item\":\"https:\/\/www.aladi.org\/facilitacion-del-comercio\/operador-economico-autorizado\/\"},{\"@type\":\"ListItem\",\"position\":4,\"name\":\"Repositorio de Acuerdos de Reconocimiento Mutuo del Operador Econ\u00f3mico Autorizado (ARM-OEA)\",\"item\":\"https:\/\/www.aladi.org\/facilitacion-del-comercio\/operador-economico-autorizado\/repositorio-arm-oea\/\"},{\"@type\":\"ListItem\",\"position\":5,\"name\":\"ARM - OEA - M\u00e9xico\"}]},{\"@type\":\"WebSite\",\"@id\":\"https:\/\/www.aladi.org\/pt\/#website\",\"url\":\"https:\/\/www.aladi.org\/pt\/\",\"name\":\"ALADI\",\"description\":\"Asociaci\u00f3n Latinoamericana de Integraci\u00f3n\",\"publisher\":{\"@id\":\"https:\/\/www.aladi.org\/pt\/#organization\"},\"potentialAction\":[{\"@type\":\"SearchAction\",\"target\":{\"@type\":\"EntryPoint\",\"urlTemplate\":\"https:\/\/www.aladi.org\/pt\/?s={search_term_string}\"},\"query-input\":{\"@type\":\"PropertyValueSpecification\",\"valueRequired\":true,\"valueName\":\"search_term_string\"}}],\"inLanguage\":\"pt-BR\"},{\"@type\":\"Organization\",\"@id\":\"https:\/\/www.aladi.org\/pt\/#organization\",\"name\":\"ALADI\",\"url\":\"https:\/\/www.aladi.org\/pt\/\",\"logo\":{\"@type\":\"ImageObject\",\"inLanguage\":\"pt-BR\",\"@id\":\"https:\/\/www.aladi.org\/pt\/#\/schema\/logo\/image\/\",\"url\":\"https:\/\/www.aladi.org\/wp-content\/uploads\/2025\/12\/Logo-ALADI.png\",\"contentUrl\":\"https:\/\/www.aladi.org\/wp-content\/uploads\/2025\/12\/Logo-ALADI.png\",\"width\":375,\"height\":235,\"caption\":\"ALADI\"},\"image\":{\"@id\":\"https:\/\/www.aladi.org\/pt\/#\/schema\/logo\/image\/\"},\"sameAs\":[\"https:\/\/es-la.facebook.com\/people\/ALADI\/100064606213084\/\",\"https:\/\/x.com\/ALADI_SG\",\"https:\/\/www.instagram.com\/aladi_sg\/?hl=es\",\"https:\/\/www.linkedin.com\/company\/aladi\/\",\"https:\/\/www.flickr.com\/photos\/aladi\/\",\"https:\/\/www.youtube.com\/channel\/UCrkJWOWHKF6igQmWE8Clnpg\"]}]}<\/script>\n<!-- \/ Yoast SEO plugin. -->","yoast_head_json":{"title":"ARM - OEA - M\u00e9xico","description":"Repositorio de los Acuerdos de Reconocimiento Mutuo del Operador Econ\u00f3mico Autorizado (ARM-OEA) M\u00e9xico Se identifican los siguientes Acuerdos de Reconocimiento Mutuo (ARM) firmados: M\u00e9xico - Corea del SurFirma del ARM: 11 marzo de 2014 en Ia Ciudad de M\u00e9xico. M\u00e9xico - Estados Unidos de AmericaFirma del ARM: 17 de octubre de 2014 en San Ysidro,&hellip;","robots":{"index":"index","follow":"follow","max-snippet":"max-snippet:-1","max-image-preview":"max-image-preview:large","max-video-preview":"max-video-preview:-1"},"canonical":"Repositorio de los Acuerdos de Reconocimiento Mutuo del Operador Econ\u00f3mico Autorizado (ARM-OEA) M\u00e9xico Se identifican los siguientes Acuerdos de Reconocimiento Mutuo (ARM) firmados: M\u00e9xico - Corea del SurFirma del ARM: 11 marzo de 2014 en Ia Ciudad de M\u00e9xico. M\u00e9xico - Estados Unidos de AmericaFirma del ARM: 17 de octubre de 2014 en San Ysidro,&hellip;","og_locale":"pt_BR","og_type":"article","og_title":"ARM - OEA - M\u00e9xico","og_description":"Repositorio de los Acuerdos de Reconocimiento Mutuo del Operador Econ\u00f3mico Autorizado (ARM-OEA) M\u00e9xico Se identifican los siguientes Acuerdos de Reconocimiento Mutuo (ARM) firmados: M\u00e9xico - Corea del SurFirma del ARM: 11 marzo de 2014 en Ia Ciudad de M\u00e9xico. M\u00e9xico - Estados Unidos de AmericaFirma del ARM: 17 de octubre de 2014 en San Ysidro,&hellip;","og_url":"https:\/\/www.aladi.org\/pt\/facilitacao-de-comercio\/operador-economico-autorizado\/repositorio-arm-oea\/arm-oea-mexico\/","og_site_name":"ALADI","article_publisher":"https:\/\/es-la.facebook.com\/people\/ALADI\/100064606213084\/","article_modified_time":"2026-04-15T15:15:04+00:00","twitter_card":"summary_large_image","twitter_site":"@ALADI_SG","twitter_misc":{"Est. reading time":"1 minute"},"schema":{"@context":"https:\/\/schema.org","@graph":[{"@type":"WebPage","@id":"https:\/\/www.aladi.org\/pt\/facilitacao-de-comercio\/operador-economico-autorizado\/repositorio-arm-oea\/arm-oea-mexico\/","url":"https:\/\/www.aladi.org\/pt\/facilitacao-de-comercio\/operador-economico-autorizado\/repositorio-arm-oea\/arm-oea-mexico\/","name":"ARM - OEA - M\u00e9xico - ALADI","isPartOf":{"@id":"https:\/\/www.aladi.org\/#website"},"datePublished":"2026-04-15T15:05:05+00:00","dateModified":"2026-04-15T15:15:04+00:00","breadcrumb":{"@id":"https:\/\/www.aladi.org\/pt\/facilitacao-de-comercio\/operador-economico-autorizado\/repositorio-arm-oea\/arm-oea-mexico\/#breadcrumb"},"inLanguage":"pt-BR","potentialAction":[{"@type":"ReadAction","target":["https:\/\/www.aladi.org\/pt\/facilitacao-de-comercio\/operador-economico-autorizado\/repositorio-arm-oea\/arm-oea-mexico\/"]}]},{"@type":"BreadcrumbList","@id":"https:\/\/www.aladi.org\/pt\/facilitacao-de-comercio\/operador-economico-autorizado\/repositorio-arm-oea\/arm-oea-mexico\/#breadcrumb","itemListElement":[{"@type":"ListItem","position":1,"name":"Home","item":"https:\/\/www.aladi.org\/"},{"@type":"ListItem","position":2,"name":"Facilita\u00e7\u00e3o de com\u00e9rcio","item":"https:\/\/www.aladi.org\/facilitacion-del-comercio\/"},{"@type":"ListItem","position":3,"name":"Operador Econ\u00f4mico Autorizado","item":"https:\/\/www.aladi.org\/facilitacion-del-comercio\/operador-economico-autorizado\/"},{"@type":"ListItem","position":4,"name":"Repositorio de Acuerdos de Reconocimiento Mutuo del Operador Econ\u00f3mico Autorizado (ARM-OEA)","item":"https:\/\/www.aladi.org\/facilitacion-del-comercio\/operador-economico-autorizado\/repositorio-arm-oea\/"},{"@type":"ListItem","position":5,"name":"ARM - OEA - M\u00e9xico"}]},{"@type":"WebSite","@id":"https:\/\/www.aladi.org\/pt\/#website","url":"https:\/\/www.aladi.org\/pt\/","name":"ALADI","description":"Asociaci\u00f3n Latinoamericana de Integraci\u00f3n","publisher":{"@id":"https:\/\/www.aladi.org\/pt\/#organization"},"potentialAction":[{"@type":"SearchAction","target":{"@type":"EntryPoint","urlTemplate":"https:\/\/www.aladi.org\/pt\/?s={search_term_string}"},"query-input":{"@type":"PropertyValueSpecification","valueRequired":true,"valueName":"search_term_string"}}],"inLanguage":"pt-BR"},{"@type":"Organization","@id":"https:\/\/www.aladi.org\/pt\/#organization","name":"ALADI","url":"https:\/\/www.aladi.org\/pt\/","logo":{"@type":"ImageObject","inLanguage":"pt-BR","@id":"https:\/\/www.aladi.org\/pt\/#\/schema\/logo\/image\/","url":"https:\/\/www.aladi.org\/wp-content\/uploads\/2025\/12\/Logo-ALADI.png","contentUrl":"https:\/\/www.aladi.org\/wp-content\/uploads\/2025\/12\/Logo-ALADI.png","width":375,"height":235,"caption":"ALADI"},"image":{"@id":"https:\/\/www.aladi.org\/pt\/#\/schema\/logo\/image\/"},"sameAs":["https:\/\/es-la.facebook.com\/people\/ALADI\/100064606213084\/","https:\/\/x.com\/ALADI_SG","https:\/\/www.instagram.com\/aladi_sg\/?hl=es","https:\/\/www.linkedin.com\/company\/aladi\/","https:\/\/www.flickr.com\/photos\/aladi\/","https:\/\/www.youtube.com\/channel\/UCrkJWOWHKF6igQmWE8Clnpg"]}]}},"jetpack_sharing_enabled":true,"_links":{"self":[{"href":"https:\/\/www.aladi.org\/pt\/wp-json\/wp\/v2\/pages\/14732","targetHints":{"allow":["GET"]}}],"collection":[{"href":"https:\/\/www.aladi.org\/pt\/wp-json\/wp\/v2\/pages"}],"about":[{"href":"https:\/\/www.aladi.org\/pt\/wp-json\/wp\/v2\/types\/page"}],"author":[{"embeddable":true,"href":"https:\/\/www.aladi.org\/pt\/wp-json\/wp\/v2\/users\/2"}],"replies":[{"embeddable":true,"href":"https:\/\/www.aladi.org\/pt\/wp-json\/wp\/v2\/comments?post=14732"}],"version-history":[{"count":6,"href":"https:\/\/www.aladi.org\/pt\/wp-json\/wp\/v2\/pages\/14732\/revisions"}],"predecessor-version":[{"id":14768,"href":"https:\/\/www.aladi.org\/pt\/wp-json\/wp\/v2\/pages\/14732\/revisions\/14768"}],"up":[{"embeddable":true,"href":"https:\/\/www.aladi.org\/pt\/wp-json\/wp\/v2\/pages\/14686"}],"wp:attachment":[{"href":"https:\/\/www.aladi.org\/pt\/wp-json\/wp\/v2\/media?parent=14732"}],"curies":[{"name":"wp","href":"https:\/\/api.w.org\/{rel}","templated":true}]}}