{"id":14706,"date":"2026-04-15T15:04:59","date_gmt":"2026-04-15T15:04:59","guid":{"rendered":"https:\/\/www.aladi.org\/?page_id=14706"},"modified":"2026-04-15T15:32:08","modified_gmt":"2026-04-15T15:32:08","slug":"arm-oea-ecuador","status":"publish","type":"page","link":"https:\/\/www.aladi.org\/pt\/facilitacao-de-comercio\/operador-economico-autorizado\/repositorio-arm-oea\/arm-oea-ecuador\/","title":{"rendered":"ARM - OEA - Ecuador"},"content":{"rendered":"<div>\n<p>Repositorio de los Acuerdos de Reconocimiento Mutuo del Operador Econ\u00f3mico Autorizado (ARM-OEA)<\/p>\n<\/div>\n<h1><strong>Ecuador<\/strong><\/h1>\n<div>\n<p>Informaci\u00f3n proporcionada por el Ministerio de Producci\u00f3n, Comercio Exterior, Inversiones y Pesca del Ecuador sobre los Acuerdos de Reconocimiento Mutuo del Operador Econ\u00f3mico Autorizado suscriptos por este pa\u00eds.\u00a0<\/p>\n<\/div>\n<ul>\n<li>\n<div>24-mayo-2019: Acuerdo entre la Aduana Nacional del Estado Plurinacional de Bolivia, la Direcci\u00f3n de Impuestos y Aduanas Nacionales de la Rep\u00fablica de Colombia, el Servicio Nacional de Aduana de la Rep\u00fablica del Ecuador y la Superintendencia Nacional de Aduanas y de Administraci\u00f3n Tributaria de la Rep\u00fablica del Per\u00fa, Miembros de la Comunidad Andina, respecto al Reconocimiento Mutuo de sus respectivos Programas de Operador Econ\u00f3mico Autorizado;<\/div>\n<\/li>\n<li>\n<div>07-enero-2022: Arreglo ante la Superintendencia de Administraci\u00f3n Tributaria de la Rep\u00fablica de Guatemala y el Servicio Nacional de Aduana del Ecuador con respecto al Reconocimiento Mutuo de sus Respectivos Programas de Operador Econ\u00f3mico Autorizado;<\/div>\n<\/li>\n<li>\n<div>25-marzo-2022: Plan de acci\u00f3n entre la Autoridad Nacional de Aduanas de la Rep\u00fablica de Panam\u00e1 y el Servicio de Aduana del Ecuador, en relaci\u00f3n al arreglo de Reconocimiento Mutuo de los Programas Operador Econ\u00f3mico Autorizado;<\/div>\n<\/li>\n<li>\n<div>21-marzo-2023: Plan de Acci\u00f3n entre el Servicio Nacional de Aduana del Ecuador y la Direcci\u00f3n Nacional de Aduanas de la Rep\u00fablica Oriental del Uruguay, en relaci\u00f3n al arreglo de Reconocimiento Mutuo de los Programas Operador Econ\u00f3mico Autorizado;<\/div>\n<\/li>\n<li>\n<div>15-junio-2022: Aprobada la solicitud de Adhesi\u00f3n del Servicio Nacional de aduana del Ecuador al arreglo de Reconocimiento Mutuo de las Am\u00e9ricas (Argentina, Bolivia, Brasil, Chile, Colombia, Costa Rica, Guatemala, Paraguay, Per\u00fa, Rep\u00fablica Dominicana, Uruguay).<\/div>\n<\/li>\n<\/ul>\n<p><!--more--><br \/>\n<!-- {\"type\":\"layout\",\"children\":[{\"type\":\"section\",\"props\":{\"image_loading\":true,\"image_position\":\"top-center\",\"media_visibility\":\"m\",\"padding\":\"small\",\"padding_remove_horizontal\":false,\"padding_remove_top\":false,\"style\":\"default\",\"title_breakpoint\":\"xl\",\"title_position\":\"top-left\",\"title_rotation\":\"left\",\"vertical_align\":\"\",\"width\":\"xlarge\"},\"children\":[{\"type\":\"row\",\"props\":{\"width\":\"xlarge\"},\"children\":[{\"type\":\"column\",\"props\":{\"image_position\":\"center-center\",\"position_sticky_breakpoint\":\"m\"},\"children\":[{\"type\":\"breadcrumbs\",\"props\":{\"margin\":\"remove-vertical\",\"margin_remove_top\":true,\"show_current\":true,\"show_home\":true}}]}]},{\"type\":\"row\",\"props\":{\"margin_remove_bottom\":false,\"width\":\"xlarge\"},\"children\":[{\"type\":\"column\",\"props\":{\"image_position\":\"center-center\",\"image_size\":\"cover\",\"padding\":\"none\",\"position_sticky_breakpoint\":\"m\",\"vertical_align\":\"middle\"},\"children\":[{\"type\":\"headline\",\"props\":{\"content\":\"\n\n<p>Repositorio de los Acuerdos de Reconocimiento Mutuo del Operador Econ\\u00f3mico Autorizado (ARM-OEA)<\\\/p>\",\"content_pt_br\":\"\n\n<p>Reposit\\u00f3rio dos Acordos de Reconhecimento M\\u00fatuo do Operador Econ\\u00f4mico Autorizado (ARM-OEA)<\\\/p>\",\"link_style\":false,\"title_color\":\"primary\",\"title_element\":\"div\",\"title_style\":\"h6\"}},{\"type\":\"headline\",\"props\":{\"content\":\"<strong>Ecuador<\\\/strong>\",\"content_pt_br\":\"<strong>Equador<\\\/strong>\",\"margin\":\"medium\",\"margin_remove_bottom\":false,\"margin_remove_top\":false,\"maxwidth\":\"xlarge\",\"text_align\":\"left\",\"text_align_fallback\":\"center\",\"title_color\":\"secondary\",\"title_element\":\"h1\",\"title_style\":\"h1\"}},{\"type\":\"text\",\"props\":{\"column_breakpoint\":\"m\",\"content\":\"\n\n<p>Informaci\\u00f3n proporcionada por el Ministerio de Producci\\u00f3n, Comercio Exterior, Inversiones y Pesca del Ecuador sobre los Acuerdos de Reconocimiento Mutuo del Operador Econ\\u00f3mico Autorizado suscriptos por este pa\\u00eds.\\u00a0<\\\/p>\",\"content_pt_br\":\"\n\n<p>Informa\\u00e7\\u00f5es fornecidas pelo Ministerio de Producci\\u00f3n, Comercio Exterior, Inversiones y Pesca del Ecuador sobre os Acordos de Reconhecimento M\\u00fatuo do Operador Econ\\u00f4mico Autorizado assinados por este pa\\u00eds.<\\\/p>\",\"dropcap\":false,\"margin\":\"default\"}},{\"type\":\"list\",\"props\":{\"column_breakpoint\":\"m\",\"image_align\":\"left\",\"image_svg_color\":\"emphasis\",\"image_vertical_align\":true,\"list_element\":\"ul\",\"list_horizontal_separator\":\", \",\"list_marker\":\"disc\",\"list_type\":\"vertical\",\"show_image\":true,\"show_link\":true},\"children\":[{\"type\":\"list_item\",\"props\":{\"content\":\"24-mayo-2019: Acuerdo entre la Aduana Nacional del Estado Plurinacional de Bolivia, la Direcci\\u00f3n de Impuestos y Aduanas Nacionales de la Rep\\u00fablica de Colombia, el Servicio Nacional de Aduana de la Rep\\u00fablica del Ecuador y la Superintendencia Nacional de Aduanas y de Administraci\\u00f3n Tributaria de la Rep\\u00fablica del Per\\u00fa, Miembros de la Comunidad Andina, respecto al Reconocimiento Mutuo de sus respectivos Programas de Operador Econ\\u00f3mico Autorizado;\",\"content_pt_br\":\"24 de maio de 2019: Acordo entre a Aduana Nacional del Estado Plurinacional de Bolivia, a Direcci\\u00f3n de Impuestos y Aduanas Nacionales de la Rep\\u00fablica de Colombia, o Servicio Nacional de Aduana de la Rep\\u00fablica del Ecuador e a Superintendencia Nacional de Aduanas e de Administraci\\u00f3n Tributaria de la Rep\\u00fablica del Per\\u00fa, membros da Comunidade Andina, com respeito ao Reconhecimento M\\u00fatuo de seus respectivos Programas de Operador Econ\\u00f4mico Autorizado;\"}},{\"type\":\"list_item\",\"props\":{\"content\":\"07-enero-2022: Arreglo ante la Superintendencia de Administraci\\u00f3n Tributaria de la Rep\\u00fablica de Guatemala y el Servicio Nacional de Aduana del Ecuador con respecto al Reconocimiento Mutuo de sus Respectivos Programas de Operador Econ\\u00f3mico Autorizado;\",\"content_pt_br\":\"\n\n<p>07-janeiro-2022: Acordo junto \\u00e0 Superintendencia de Administraci\\u00f3n Tributaria de la Rep\\u00fablica de Guatemala e o Servicio Nacional de Aduana del Ecuador com respeito ao Reconhecimento M\\u00fatuo de seus Respectivos Programas de Operador Econ\\u00f4mico Autorizado;\\u00a0<\\\/p>\"}},{\"type\":\"list_item\",\"props\":{\"content\":\"25-marzo-2022: Plan de acci\\u00f3n entre la Autoridad Nacional de Aduanas de la Rep\\u00fablica de Panam\\u00e1 y el Servicio de Aduana del Ecuador, en relaci\\u00f3n al arreglo de Reconocimiento Mutuo de los Programas Operador Econ\\u00f3mico Autorizado;\",\"content_pt_br\":\"25-mar\\u00e7o-2022: Plano de a\\u00e7\\u00e3o entre a Autoridad Nacional de Aduanas de la Rep\\u00fablica de Panam\\u00e1 e o Servicio de Aduana del Ecuador, em rela\\u00e7\\u00e3o ao acordo de Reconhecimento M\\u00fatuo dos Programas Operador Econ\\u00f4mico Autorizado;\"}},{\"type\":\"list_item\",\"props\":{\"content\":\"21-marzo-2023: Plan de Acci\\u00f3n entre el Servicio Nacional de Aduana del Ecuador y la Direcci\\u00f3n Nacional de Aduanas de la Rep\\u00fablica Oriental del Uruguay, en relaci\\u00f3n al arreglo de Reconocimiento Mutuo de los Programas Operador Econ\\u00f3mico Autorizado;\",\"content_pt_br\":\"21-mar\\u00e7o-2023: Plano de A\\u00e7\\u00e3o entre o Servicio Nacional de Aduana del Ecuador e a Direcci\\u00f3n Nacional de Aduanas de la Rep\\u00fablica Oriental del Uruguay, em rela\\u00e7\\u00e3o ao acordo de Reconhecimento M\\u00fatuo dos Programas Operador Econ\\u00f4mico Autorizado;\"}},{\"type\":\"list_item\",\"props\":{\"content\":\"15-junio-2022: Aprobada la solicitud de Adhesi\\u00f3n del Servicio Nacional de aduana del Ecuador al arreglo de Reconocimiento Mutuo de las Am\\u00e9ricas (Argentina, Bolivia, Brasil, Chile, Colombia, Costa Rica, Guatemala, Paraguay, Per\\u00fa, Rep\\u00fablica Dominicana, Uruguay).\",\"content_pt_br\":\"15-junho-2022: Aprovada a solicita\\u00e7\\u00e3o de ades\\u00e3o do Servicio Nacional de Aduana del Ecuador ao acordo de Reconhecimento M\\u00fatuo das Am\\u00e9ricas (Argentina, Bol\\u00edvia, Brasil, Chile, Col\\u00f4mbia, Costa Rica, Guatemala, Paraguai, Peru, Rep\\u00fablica Dominicana, Uruguai).\"}}]}]}]}],\"name\":\"T\\u00edtulos\"}],\"version\":\"4.4.12\"} --><\/p>\n","protected":false},"excerpt":{"rendered":"<p>Repositorio de los Acuerdos de Reconocimiento Mutuo del Operador Econ\u00f3mico Autorizado (ARM-OEA) Ecuador Informaci\u00f3n proporcionada por el Ministerio de Producci\u00f3n, Comercio Exterior, Inversiones y Pesca del Ecuador sobre los Acuerdos de Reconocimiento Mutuo del Operador Econ\u00f3mico Autorizado suscriptos por este pa\u00eds.\u00a0 24-mayo-2019: Acuerdo entre la Aduana Nacional del Estado Plurinacional de Bolivia, la Direcci\u00f3n de [&hellip;]<\/p>\n","protected":false},"author":2,"featured_media":0,"parent":14686,"menu_order":0,"comment_status":"closed","ping_status":"closed","template":"","meta":{"_acf_changed":false,"footnotes":""},"class_list":["post-14706","page","type-page","status-publish","hentry"],"acf":[],"yoast_head":"<!-- This site is optimized with the Yoast SEO plugin v26.5 - https:\/\/yoast.com\/wordpress\/plugins\/seo\/ -->\n<title>ARM - OEA - Ecuador<\/title>\n<meta name=\"description\" content=\"Repositorio de los Acuerdos de Reconocimiento Mutuo del Operador Econ\u00f3mico Autorizado (ARM-OEA) Ecuador Informaci\u00f3n proporcionada por el Ministerio de Producci\u00f3n, Comercio Exterior, Inversiones y Pesca del Ecuador sobre los Acuerdos de Reconocimiento Mutuo del Operador Econ\u00f3mico Autorizado suscriptos por este pa\u00eds.\u00a0 24-mayo-2019: Acuerdo entre la Aduana Nacional del Estado Plurinacional de Bolivia, la Direcci\u00f3n de&hellip;\" \/>\n<meta name=\"robots\" content=\"index, follow, max-snippet:-1, max-image-preview:large, max-video-preview:-1\" \/>\n<link rel=\"canonical\" href=\"\" \/>\n<meta property=\"og:locale\" content=\"pt_BR\" \/>\n<meta property=\"og:type\" content=\"article\" \/>\n<meta property=\"og:title\" content=\"ARM - OEA - Ecuador\" \/>\n<meta property=\"og:description\" content=\"Repositorio de los Acuerdos de Reconocimiento Mutuo del Operador Econ\u00f3mico Autorizado (ARM-OEA) Ecuador Informaci\u00f3n proporcionada por el Ministerio de Producci\u00f3n, Comercio Exterior, Inversiones y Pesca del Ecuador sobre los Acuerdos de Reconocimiento Mutuo del Operador Econ\u00f3mico Autorizado suscriptos por este pa\u00eds.\u00a0 24-mayo-2019: Acuerdo entre la Aduana Nacional del Estado Plurinacional de Bolivia, la Direcci\u00f3n de&hellip;\" \/>\n<meta property=\"og:url\" content=\"https:\/\/www.aladi.org\/pt\/facilitacao-de-comercio\/operador-economico-autorizado\/repositorio-arm-oea\/arm-oea-ecuador\/\" \/>\n<meta property=\"og:site_name\" content=\"ALADI\" \/>\n<meta property=\"article:publisher\" content=\"https:\/\/es-la.facebook.com\/people\/ALADI\/100064606213084\/\" \/>\n<meta property=\"article:modified_time\" content=\"2026-04-15T15:32:08+00:00\" \/>\n<meta name=\"twitter:card\" content=\"summary_large_image\" \/>\n<meta name=\"twitter:site\" content=\"@ALADI_SG\" \/>\n<meta name=\"twitter:label1\" content=\"Est. reading time\" \/>\n\t<meta name=\"twitter:data1\" content=\"2 minutes\" \/>\n<script type=\"application\/ld+json\" class=\"yoast-schema-graph\">{\"@context\":\"https:\/\/schema.org\",\"@graph\":[{\"@type\":\"WebPage\",\"@id\":\"https:\/\/www.aladi.org\/pt\/facilitacao-de-comercio\/operador-economico-autorizado\/repositorio-arm-oea\/arm-oea-ecuador\/\",\"url\":\"https:\/\/www.aladi.org\/pt\/facilitacao-de-comercio\/operador-economico-autorizado\/repositorio-arm-oea\/arm-oea-ecuador\/\",\"name\":\"ARM - OEA - Ecuador - ALADI\",\"isPartOf\":{\"@id\":\"https:\/\/www.aladi.org\/#website\"},\"datePublished\":\"2026-04-15T15:04:59+00:00\",\"dateModified\":\"2026-04-15T15:32:08+00:00\",\"breadcrumb\":{\"@id\":\"https:\/\/www.aladi.org\/pt\/facilitacao-de-comercio\/operador-economico-autorizado\/repositorio-arm-oea\/arm-oea-ecuador\/#breadcrumb\"},\"inLanguage\":\"pt-BR\",\"potentialAction\":[{\"@type\":\"ReadAction\",\"target\":[\"https:\/\/www.aladi.org\/pt\/facilitacao-de-comercio\/operador-economico-autorizado\/repositorio-arm-oea\/arm-oea-ecuador\/\"]}]},{\"@type\":\"BreadcrumbList\",\"@id\":\"https:\/\/www.aladi.org\/pt\/facilitacao-de-comercio\/operador-economico-autorizado\/repositorio-arm-oea\/arm-oea-ecuador\/#breadcrumb\",\"itemListElement\":[{\"@type\":\"ListItem\",\"position\":1,\"name\":\"Home\",\"item\":\"https:\/\/www.aladi.org\/\"},{\"@type\":\"ListItem\",\"position\":2,\"name\":\"Facilita\u00e7\u00e3o de com\u00e9rcio\",\"item\":\"https:\/\/www.aladi.org\/facilitacion-del-comercio\/\"},{\"@type\":\"ListItem\",\"position\":3,\"name\":\"Operador Econ\u00f4mico Autorizado\",\"item\":\"https:\/\/www.aladi.org\/facilitacion-del-comercio\/operador-economico-autorizado\/\"},{\"@type\":\"ListItem\",\"position\":4,\"name\":\"Repositorio de Acuerdos de Reconocimiento Mutuo del Operador Econ\u00f3mico Autorizado (ARM-OEA)\",\"item\":\"https:\/\/www.aladi.org\/facilitacion-del-comercio\/operador-economico-autorizado\/repositorio-arm-oea\/\"},{\"@type\":\"ListItem\",\"position\":5,\"name\":\"ARM - OEA - Ecuador\"}]},{\"@type\":\"WebSite\",\"@id\":\"https:\/\/www.aladi.org\/pt\/#website\",\"url\":\"https:\/\/www.aladi.org\/pt\/\",\"name\":\"ALADI\",\"description\":\"Asociaci\u00f3n Latinoamericana de Integraci\u00f3n\",\"publisher\":{\"@id\":\"https:\/\/www.aladi.org\/pt\/#organization\"},\"potentialAction\":[{\"@type\":\"SearchAction\",\"target\":{\"@type\":\"EntryPoint\",\"urlTemplate\":\"https:\/\/www.aladi.org\/pt\/?s={search_term_string}\"},\"query-input\":{\"@type\":\"PropertyValueSpecification\",\"valueRequired\":true,\"valueName\":\"search_term_string\"}}],\"inLanguage\":\"pt-BR\"},{\"@type\":\"Organization\",\"@id\":\"https:\/\/www.aladi.org\/pt\/#organization\",\"name\":\"ALADI\",\"url\":\"https:\/\/www.aladi.org\/pt\/\",\"logo\":{\"@type\":\"ImageObject\",\"inLanguage\":\"pt-BR\",\"@id\":\"https:\/\/www.aladi.org\/pt\/#\/schema\/logo\/image\/\",\"url\":\"https:\/\/www.aladi.org\/wp-content\/uploads\/2025\/12\/Logo-ALADI.png\",\"contentUrl\":\"https:\/\/www.aladi.org\/wp-content\/uploads\/2025\/12\/Logo-ALADI.png\",\"width\":375,\"height\":235,\"caption\":\"ALADI\"},\"image\":{\"@id\":\"https:\/\/www.aladi.org\/pt\/#\/schema\/logo\/image\/\"},\"sameAs\":[\"https:\/\/es-la.facebook.com\/people\/ALADI\/100064606213084\/\",\"https:\/\/x.com\/ALADI_SG\",\"https:\/\/www.instagram.com\/aladi_sg\/?hl=es\",\"https:\/\/www.linkedin.com\/company\/aladi\/\",\"https:\/\/www.flickr.com\/photos\/aladi\/\",\"https:\/\/www.youtube.com\/channel\/UCrkJWOWHKF6igQmWE8Clnpg\"]}]}<\/script>\n<!-- \/ Yoast SEO plugin. -->","yoast_head_json":{"title":"ARM - OEA - Ecuador","description":"Repositorio de los Acuerdos de Reconocimiento Mutuo del Operador Econ\u00f3mico Autorizado (ARM-OEA) Ecuador Informaci\u00f3n proporcionada por el Ministerio de Producci\u00f3n, Comercio Exterior, Inversiones y Pesca del Ecuador sobre los Acuerdos de Reconocimiento Mutuo del Operador Econ\u00f3mico Autorizado suscriptos por este pa\u00eds.\u00a0 24-mayo-2019: Acuerdo entre la Aduana Nacional del Estado Plurinacional de Bolivia, la Direcci\u00f3n de&hellip;","robots":{"index":"index","follow":"follow","max-snippet":"max-snippet:-1","max-image-preview":"max-image-preview:large","max-video-preview":"max-video-preview:-1"},"canonical":"Repositorio de los Acuerdos de Reconocimiento Mutuo del Operador Econ\u00f3mico Autorizado (ARM-OEA) Ecuador Informaci\u00f3n proporcionada por el Ministerio de Producci\u00f3n, Comercio Exterior, Inversiones y Pesca del Ecuador sobre los Acuerdos de Reconocimiento Mutuo del Operador Econ\u00f3mico Autorizado suscriptos por este pa\u00eds.\u00a0 24-mayo-2019: Acuerdo entre la Aduana Nacional del Estado Plurinacional de Bolivia, la Direcci\u00f3n de&hellip;","og_locale":"pt_BR","og_type":"article","og_title":"ARM - OEA - Ecuador","og_description":"Repositorio de los Acuerdos de Reconocimiento Mutuo del Operador Econ\u00f3mico Autorizado (ARM-OEA) Ecuador Informaci\u00f3n proporcionada por el Ministerio de Producci\u00f3n, Comercio Exterior, Inversiones y Pesca del Ecuador sobre los Acuerdos de Reconocimiento Mutuo del Operador Econ\u00f3mico Autorizado suscriptos por este pa\u00eds.\u00a0 24-mayo-2019: Acuerdo entre la Aduana Nacional del Estado Plurinacional de Bolivia, la Direcci\u00f3n de&hellip;","og_url":"https:\/\/www.aladi.org\/pt\/facilitacao-de-comercio\/operador-economico-autorizado\/repositorio-arm-oea\/arm-oea-ecuador\/","og_site_name":"ALADI","article_publisher":"https:\/\/es-la.facebook.com\/people\/ALADI\/100064606213084\/","article_modified_time":"2026-04-15T15:32:08+00:00","twitter_card":"summary_large_image","twitter_site":"@ALADI_SG","twitter_misc":{"Est. reading time":"2 minutes"},"schema":{"@context":"https:\/\/schema.org","@graph":[{"@type":"WebPage","@id":"https:\/\/www.aladi.org\/pt\/facilitacao-de-comercio\/operador-economico-autorizado\/repositorio-arm-oea\/arm-oea-ecuador\/","url":"https:\/\/www.aladi.org\/pt\/facilitacao-de-comercio\/operador-economico-autorizado\/repositorio-arm-oea\/arm-oea-ecuador\/","name":"ARM - OEA - Ecuador - ALADI","isPartOf":{"@id":"https:\/\/www.aladi.org\/#website"},"datePublished":"2026-04-15T15:04:59+00:00","dateModified":"2026-04-15T15:32:08+00:00","breadcrumb":{"@id":"https:\/\/www.aladi.org\/pt\/facilitacao-de-comercio\/operador-economico-autorizado\/repositorio-arm-oea\/arm-oea-ecuador\/#breadcrumb"},"inLanguage":"pt-BR","potentialAction":[{"@type":"ReadAction","target":["https:\/\/www.aladi.org\/pt\/facilitacao-de-comercio\/operador-economico-autorizado\/repositorio-arm-oea\/arm-oea-ecuador\/"]}]},{"@type":"BreadcrumbList","@id":"https:\/\/www.aladi.org\/pt\/facilitacao-de-comercio\/operador-economico-autorizado\/repositorio-arm-oea\/arm-oea-ecuador\/#breadcrumb","itemListElement":[{"@type":"ListItem","position":1,"name":"Home","item":"https:\/\/www.aladi.org\/"},{"@type":"ListItem","position":2,"name":"Facilita\u00e7\u00e3o de com\u00e9rcio","item":"https:\/\/www.aladi.org\/facilitacion-del-comercio\/"},{"@type":"ListItem","position":3,"name":"Operador Econ\u00f4mico Autorizado","item":"https:\/\/www.aladi.org\/facilitacion-del-comercio\/operador-economico-autorizado\/"},{"@type":"ListItem","position":4,"name":"Repositorio de Acuerdos de Reconocimiento Mutuo del Operador Econ\u00f3mico Autorizado (ARM-OEA)","item":"https:\/\/www.aladi.org\/facilitacion-del-comercio\/operador-economico-autorizado\/repositorio-arm-oea\/"},{"@type":"ListItem","position":5,"name":"ARM - OEA - Ecuador"}]},{"@type":"WebSite","@id":"https:\/\/www.aladi.org\/pt\/#website","url":"https:\/\/www.aladi.org\/pt\/","name":"ALADI","description":"Asociaci\u00f3n Latinoamericana de Integraci\u00f3n","publisher":{"@id":"https:\/\/www.aladi.org\/pt\/#organization"},"potentialAction":[{"@type":"SearchAction","target":{"@type":"EntryPoint","urlTemplate":"https:\/\/www.aladi.org\/pt\/?s={search_term_string}"},"query-input":{"@type":"PropertyValueSpecification","valueRequired":true,"valueName":"search_term_string"}}],"inLanguage":"pt-BR"},{"@type":"Organization","@id":"https:\/\/www.aladi.org\/pt\/#organization","name":"ALADI","url":"https:\/\/www.aladi.org\/pt\/","logo":{"@type":"ImageObject","inLanguage":"pt-BR","@id":"https:\/\/www.aladi.org\/pt\/#\/schema\/logo\/image\/","url":"https:\/\/www.aladi.org\/wp-content\/uploads\/2025\/12\/Logo-ALADI.png","contentUrl":"https:\/\/www.aladi.org\/wp-content\/uploads\/2025\/12\/Logo-ALADI.png","width":375,"height":235,"caption":"ALADI"},"image":{"@id":"https:\/\/www.aladi.org\/pt\/#\/schema\/logo\/image\/"},"sameAs":["https:\/\/es-la.facebook.com\/people\/ALADI\/100064606213084\/","https:\/\/x.com\/ALADI_SG","https:\/\/www.instagram.com\/aladi_sg\/?hl=es","https:\/\/www.linkedin.com\/company\/aladi\/","https:\/\/www.flickr.com\/photos\/aladi\/","https:\/\/www.youtube.com\/channel\/UCrkJWOWHKF6igQmWE8Clnpg"]}]}},"jetpack_sharing_enabled":true,"_links":{"self":[{"href":"https:\/\/www.aladi.org\/pt\/wp-json\/wp\/v2\/pages\/14706","targetHints":{"allow":["GET"]}}],"collection":[{"href":"https:\/\/www.aladi.org\/pt\/wp-json\/wp\/v2\/pages"}],"about":[{"href":"https:\/\/www.aladi.org\/pt\/wp-json\/wp\/v2\/types\/page"}],"author":[{"embeddable":true,"href":"https:\/\/www.aladi.org\/pt\/wp-json\/wp\/v2\/users\/2"}],"replies":[{"embeddable":true,"href":"https:\/\/www.aladi.org\/pt\/wp-json\/wp\/v2\/comments?post=14706"}],"version-history":[{"count":7,"href":"https:\/\/www.aladi.org\/pt\/wp-json\/wp\/v2\/pages\/14706\/revisions"}],"predecessor-version":[{"id":14818,"href":"https:\/\/www.aladi.org\/pt\/wp-json\/wp\/v2\/pages\/14706\/revisions\/14818"}],"up":[{"embeddable":true,"href":"https:\/\/www.aladi.org\/pt\/wp-json\/wp\/v2\/pages\/14686"}],"wp:attachment":[{"href":"https:\/\/www.aladi.org\/pt\/wp-json\/wp\/v2\/media?parent=14706"}],"curies":[{"name":"wp","href":"https:\/\/api.w.org\/{rel}","templated":true}]}}